{"id":27876,"date":"2021-11-05T13:06:23","date_gmt":"2021-11-05T17:06:23","guid":{"rendered":"https:\/\/chemi-3.com\/product\/papier-hygienique-charmin-ultra-doux-2-epaisseurs-blanc-16-paquets-caisse-154-feuilles-paquet\/"},"modified":"2021-11-05T13:06:31","modified_gmt":"2021-11-05T17:06:31","slug":"papier-hygienique-charmin-ultra-doux-2-epaisseurs-blanc-16-paquets-caisse-154-feuilles-paquet","status":"publish","type":"product","link":"https:\/\/chemi-3.com\/fr\/product\/papier-hygienique-charmin-ultra-doux-2-epaisseurs-blanc-16-paquets-caisse-154-feuilles-paquet\/","title":{"rendered":"Papier hygi\u00e9nique charmin\u00ae ultra doux, 2 \u00e9paisseurs, blanc, 16 paquets\/caisse, 154 feuilles\/paquet"},"content":{"rendered":"<body><p>Le papier hygi\u00e9nique Charmin\u00ae Ultra doux de Procter &amp; Gamble Manufacturing Co a une conception sup\u00e9rieure de douceur \u00e0 2 \u00e9paisseurs qui est \u00e0 la fois absorbante et r\u00e9sistante. Les rouleaux de longue dur\u00e9e offrent une grande valeur ajout\u00e9e et sont id\u00e9aux pour l\u2019h\u00f4tellerie, les restaurants et autres entreprises. Ce produit est disponible en caisse de 16 paquets avec 154 feuilles par paquet.<br>\nUnit\u00e9 de mesure : <\/p>\n<\/body>","protected":false},"excerpt":{"rendered":"<p>Le papier hygi\u00e9nique Charmin\u00ae Ultra doux de Procter &amp; Gamble Manufacturing Co a une conception sup\u00e9rieure de douceur \u00e0 2 \u00e9paisseurs qui est \u00e0 la fois absorbante et r\u00e9sistante. Les rouleaux de longue dur\u00e9e offrent une grande valeur ajout\u00e9e et sont id\u00e9aux pour l\u2019h\u00f4tellerie, les restaurants et autres entreprises. Ce produit est disponible en caisse [&hellip;]<\/p>\n","protected":false},"featured_media":24215,"comment_status":"closed","ping_status":"open","template":"","meta":{"_et_pb_use_builder":"","_et_pb_old_content":"","_et_gb_content_width":""},"product_brand":[],"product_cat":[12525],"product_tag":[13617,13689,13691],"class_list":{"0":"post-27876","1":"product","2":"type-product","3":"status-publish","4":"has-post-thumbnail","6":"product_cat-papier-hygienique-standard","7":"product_tag-essuie-mains-papier-hygienique-et-lingettes","8":"product_tag-lingettes","9":"product_tag-papier-hygienique-standard","10":"pa_country-of-origin-united-states","11":"pa_is-hazardous-material-non","12":"pa_product-colour-blanc","14":"first","15":"instock","16":"taxable","17":"shipping-taxable","18":"purchasable","19":"product-type-simple"},"yoast_head":"<!-- This site is optimized with the Yoast SEO plugin v27.4 - https:\/\/yoast.com\/product\/yoast-seo-wordpress\/ -->\n<title>Papier hygi\u00e9nique charmin\u00ae ultra doux, 2 \u00e9paisseurs, blanc, 16 paquets\/caisse, 154 feuilles\/paquet &#8211; Chemi-3 Inc.<\/title>\n<meta name=\"robots\" content=\"index, follow, max-snippet:-1, max-image-preview:large, max-video-preview:-1\" \/>\n<link rel=\"canonical\" href=\"https:\/\/chemi-3.com\/fr\/product\/papier-hygienique-charmin-ultra-doux-2-epaisseurs-blanc-16-paquets-caisse-154-feuilles-paquet\/\" \/>\n<meta property=\"og:locale\" content=\"fr_CA\" \/>\n<meta property=\"og:type\" content=\"article\" \/>\n<meta property=\"og:title\" content=\"Papier hygi\u00e9nique charmin\u00ae ultra doux, 2 \u00e9paisseurs, blanc, 16 paquets\/caisse, 154 feuilles\/paquet &#8211; Chemi-3 Inc.\" \/>\n<meta property=\"og:description\" content=\"Le papier hygi\u00e9nique Charmin\u00ae Ultra doux de Procter &amp; Gamble Manufacturing Co a une conception sup\u00e9rieure de douceur \u00e0 2 \u00e9paisseurs qui est \u00e0 la fois absorbante et r\u00e9sistante. Les rouleaux de longue dur\u00e9e offrent une grande valeur ajout\u00e9e et sont id\u00e9aux pour l\u2019h\u00f4tellerie, les restaurants et autres entreprises. Ce produit est disponible en caisse [&hellip;]\" \/>\n<meta property=\"og:url\" content=\"https:\/\/chemi-3.com\/fr\/product\/papier-hygienique-charmin-ultra-doux-2-epaisseurs-blanc-16-paquets-caisse-154-feuilles-paquet\/\" \/>\n<meta property=\"og:site_name\" content=\"Chemi-3 Inc.\" \/>\n<meta property=\"article:publisher\" content=\"https:\/\/www.facebook.com\/chemi3inc\/\" \/>\n<meta property=\"article:modified_time\" content=\"2021-11-05T17:06:31+00:00\" \/>\n<meta property=\"og:image\" content=\"https:\/\/chemi-3.com\/wp-content\/uploads\/2021\/11\/16900834-20210811023451-1.jpg\" \/>\n\t<meta property=\"og:image:width\" content=\"655\" \/>\n\t<meta property=\"og:image:height\" content=\"900\" \/>\n\t<meta property=\"og:image:type\" content=\"image\/jpeg\" \/>\n<meta name=\"twitter:card\" content=\"summary_large_image\" \/>\n<meta name=\"twitter:site\" content=\"@chemi3inc\" \/>\n<script type=\"application\/ld+json\" class=\"yoast-schema-graph\">{\"@context\":\"https:\\\/\\\/schema.org\",\"@graph\":[{\"@type\":[\"WebPage\",\"ItemPage\"],\"@id\":\"https:\\\/\\\/chemi-3.com\\\/fr\\\/product\\\/papier-hygienique-charmin-ultra-doux-2-epaisseurs-blanc-16-paquets-caisse-154-feuilles-paquet\\\/\",\"url\":\"https:\\\/\\\/chemi-3.com\\\/fr\\\/product\\\/papier-hygienique-charmin-ultra-doux-2-epaisseurs-blanc-16-paquets-caisse-154-feuilles-paquet\\\/\",\"name\":\"Papier hygi\u00e9nique charmin\u00ae ultra doux, 2 \u00e9paisseurs, blanc, 16 paquets\\\/caisse, 154 feuilles\\\/paquet &#8211; Chemi-3 Inc.\",\"isPartOf\":{\"@id\":\"https:\\\/\\\/chemi-3.com\\\/fr\\\/#website\"},\"primaryImageOfPage\":{\"@id\":\"https:\\\/\\\/chemi-3.com\\\/fr\\\/product\\\/papier-hygienique-charmin-ultra-doux-2-epaisseurs-blanc-16-paquets-caisse-154-feuilles-paquet\\\/#primaryimage\"},\"image\":{\"@id\":\"https:\\\/\\\/chemi-3.com\\\/fr\\\/product\\\/papier-hygienique-charmin-ultra-doux-2-epaisseurs-blanc-16-paquets-caisse-154-feuilles-paquet\\\/#primaryimage\"},\"thumbnailUrl\":\"https:\\\/\\\/chemi-3.com\\\/wp-content\\\/uploads\\\/2021\\\/11\\\/16900834-20210811023451-1.jpg\",\"datePublished\":\"2021-11-05T17:06:23+00:00\",\"dateModified\":\"2021-11-05T17:06:31+00:00\",\"breadcrumb\":{\"@id\":\"https:\\\/\\\/chemi-3.com\\\/fr\\\/product\\\/papier-hygienique-charmin-ultra-doux-2-epaisseurs-blanc-16-paquets-caisse-154-feuilles-paquet\\\/#breadcrumb\"},\"inLanguage\":\"fr-CA\",\"potentialAction\":[{\"@type\":\"ReadAction\",\"target\":[\"https:\\\/\\\/chemi-3.com\\\/fr\\\/product\\\/papier-hygienique-charmin-ultra-doux-2-epaisseurs-blanc-16-paquets-caisse-154-feuilles-paquet\\\/\"]}]},{\"@type\":\"ImageObject\",\"inLanguage\":\"fr-CA\",\"@id\":\"https:\\\/\\\/chemi-3.com\\\/fr\\\/product\\\/papier-hygienique-charmin-ultra-doux-2-epaisseurs-blanc-16-paquets-caisse-154-feuilles-paquet\\\/#primaryimage\",\"url\":\"https:\\\/\\\/chemi-3.com\\\/wp-content\\\/uploads\\\/2021\\\/11\\\/16900834-20210811023451-1.jpg\",\"contentUrl\":\"https:\\\/\\\/chemi-3.com\\\/wp-content\\\/uploads\\\/2021\\\/11\\\/16900834-20210811023451-1.jpg\",\"width\":655,\"height\":900,\"caption\":\"Charmin\u00ae Ultra Soft Toilet Paper\"},{\"@type\":\"BreadcrumbList\",\"@id\":\"https:\\\/\\\/chemi-3.com\\\/fr\\\/product\\\/papier-hygienique-charmin-ultra-doux-2-epaisseurs-blanc-16-paquets-caisse-154-feuilles-paquet\\\/#breadcrumb\",\"itemListElement\":[{\"@type\":\"ListItem\",\"position\":1,\"name\":\"Home\",\"item\":\"https:\\\/\\\/chemi-3.com\\\/fr\\\/\"},{\"@type\":\"ListItem\",\"position\":2,\"name\":\"Produits\",\"item\":\"https:\\\/\\\/chemi-3.com\\\/fr\\\/shop\\\/\"},{\"@type\":\"ListItem\",\"position\":3,\"name\":\"Papier hygi\u00e9nique charmin\u00ae ultra doux, 2 \u00e9paisseurs, blanc, 16 paquets\\\/caisse, 154 feuilles\\\/paquet\"}]},{\"@type\":\"WebSite\",\"@id\":\"https:\\\/\\\/chemi-3.com\\\/fr\\\/#website\",\"url\":\"https:\\\/\\\/chemi-3.com\\\/fr\\\/\",\"name\":\"Chemi-3 Inc.\",\"description\":\"Montreal&#039;s premier distributor of janitorial, sanitary and commercial products.\",\"publisher\":{\"@id\":\"https:\\\/\\\/chemi-3.com\\\/fr\\\/#organization\"},\"potentialAction\":[{\"@type\":\"SearchAction\",\"target\":{\"@type\":\"EntryPoint\",\"urlTemplate\":\"https:\\\/\\\/chemi-3.com\\\/fr\\\/?s={search_term_string}\"},\"query-input\":{\"@type\":\"PropertyValueSpecification\",\"valueRequired\":true,\"valueName\":\"search_term_string\"}}],\"inLanguage\":\"fr-CA\"},{\"@type\":\"Organization\",\"@id\":\"https:\\\/\\\/chemi-3.com\\\/fr\\\/#organization\",\"name\":\"Chemi-3 Industries Inc.\",\"url\":\"https:\\\/\\\/chemi-3.com\\\/fr\\\/\",\"logo\":{\"@type\":\"ImageObject\",\"inLanguage\":\"fr-CA\",\"@id\":\"https:\\\/\\\/chemi-3.com\\\/fr\\\/#\\\/schema\\\/logo\\\/image\\\/\",\"url\":\"http:\\\/\\\/chemi-3.com\\\/wp-content\\\/uploads\\\/2021\\\/09\\\/Chemi3_logo_transparent_highres.png\",\"contentUrl\":\"http:\\\/\\\/chemi-3.com\\\/wp-content\\\/uploads\\\/2021\\\/09\\\/Chemi3_logo_transparent_highres.png\",\"width\":1000,\"height\":387,\"caption\":\"Chemi-3 Industries Inc.\"},\"image\":{\"@id\":\"https:\\\/\\\/chemi-3.com\\\/fr\\\/#\\\/schema\\\/logo\\\/image\\\/\"},\"sameAs\":[\"https:\\\/\\\/www.facebook.com\\\/chemi3inc\\\/\",\"https:\\\/\\\/x.com\\\/chemi3inc\",\"https:\\\/\\\/www.instagram.com\\\/chemi3inc\\\/\",\"https:\\\/\\\/www.linkedin.com\\\/company\\\/chemi3inc\"]}]}<\/script>\n<!-- \/ Yoast SEO plugin. -->","yoast_head_json":{"title":"Papier hygi\u00e9nique charmin\u00ae ultra doux, 2 \u00e9paisseurs, blanc, 16 paquets\/caisse, 154 feuilles\/paquet &#8211; Chemi-3 Inc.","robots":{"index":"index","follow":"follow","max-snippet":"max-snippet:-1","max-image-preview":"max-image-preview:large","max-video-preview":"max-video-preview:-1"},"canonical":"https:\/\/chemi-3.com\/fr\/product\/papier-hygienique-charmin-ultra-doux-2-epaisseurs-blanc-16-paquets-caisse-154-feuilles-paquet\/","og_locale":"fr_CA","og_type":"article","og_title":"Papier hygi\u00e9nique charmin\u00ae ultra doux, 2 \u00e9paisseurs, blanc, 16 paquets\/caisse, 154 feuilles\/paquet &#8211; Chemi-3 Inc.","og_description":"Le papier hygi\u00e9nique Charmin\u00ae Ultra doux de Procter &amp; Gamble Manufacturing Co a une conception sup\u00e9rieure de douceur \u00e0 2 \u00e9paisseurs qui est \u00e0 la fois absorbante et r\u00e9sistante. Les rouleaux de longue dur\u00e9e offrent une grande valeur ajout\u00e9e et sont id\u00e9aux pour l\u2019h\u00f4tellerie, les restaurants et autres entreprises. Ce produit est disponible en caisse [&hellip;]","og_url":"https:\/\/chemi-3.com\/fr\/product\/papier-hygienique-charmin-ultra-doux-2-epaisseurs-blanc-16-paquets-caisse-154-feuilles-paquet\/","og_site_name":"Chemi-3 Inc.","article_publisher":"https:\/\/www.facebook.com\/chemi3inc\/","article_modified_time":"2021-11-05T17:06:31+00:00","og_image":[{"width":655,"height":900,"url":"https:\/\/chemi-3.com\/wp-content\/uploads\/2021\/11\/16900834-20210811023451-1.jpg","type":"image\/jpeg"}],"twitter_card":"summary_large_image","twitter_site":"@chemi3inc","schema":{"@context":"https:\/\/schema.org","@graph":[{"@type":["WebPage","ItemPage"],"@id":"https:\/\/chemi-3.com\/fr\/product\/papier-hygienique-charmin-ultra-doux-2-epaisseurs-blanc-16-paquets-caisse-154-feuilles-paquet\/","url":"https:\/\/chemi-3.com\/fr\/product\/papier-hygienique-charmin-ultra-doux-2-epaisseurs-blanc-16-paquets-caisse-154-feuilles-paquet\/","name":"Papier hygi\u00e9nique charmin\u00ae ultra doux, 2 \u00e9paisseurs, blanc, 16 paquets\/caisse, 154 feuilles\/paquet &#8211; Chemi-3 Inc.","isPartOf":{"@id":"https:\/\/chemi-3.com\/fr\/#website"},"primaryImageOfPage":{"@id":"https:\/\/chemi-3.com\/fr\/product\/papier-hygienique-charmin-ultra-doux-2-epaisseurs-blanc-16-paquets-caisse-154-feuilles-paquet\/#primaryimage"},"image":{"@id":"https:\/\/chemi-3.com\/fr\/product\/papier-hygienique-charmin-ultra-doux-2-epaisseurs-blanc-16-paquets-caisse-154-feuilles-paquet\/#primaryimage"},"thumbnailUrl":"https:\/\/chemi-3.com\/wp-content\/uploads\/2021\/11\/16900834-20210811023451-1.jpg","datePublished":"2021-11-05T17:06:23+00:00","dateModified":"2021-11-05T17:06:31+00:00","breadcrumb":{"@id":"https:\/\/chemi-3.com\/fr\/product\/papier-hygienique-charmin-ultra-doux-2-epaisseurs-blanc-16-paquets-caisse-154-feuilles-paquet\/#breadcrumb"},"inLanguage":"fr-CA","potentialAction":[{"@type":"ReadAction","target":["https:\/\/chemi-3.com\/fr\/product\/papier-hygienique-charmin-ultra-doux-2-epaisseurs-blanc-16-paquets-caisse-154-feuilles-paquet\/"]}]},{"@type":"ImageObject","inLanguage":"fr-CA","@id":"https:\/\/chemi-3.com\/fr\/product\/papier-hygienique-charmin-ultra-doux-2-epaisseurs-blanc-16-paquets-caisse-154-feuilles-paquet\/#primaryimage","url":"https:\/\/chemi-3.com\/wp-content\/uploads\/2021\/11\/16900834-20210811023451-1.jpg","contentUrl":"https:\/\/chemi-3.com\/wp-content\/uploads\/2021\/11\/16900834-20210811023451-1.jpg","width":655,"height":900,"caption":"Charmin\u00ae Ultra Soft Toilet Paper"},{"@type":"BreadcrumbList","@id":"https:\/\/chemi-3.com\/fr\/product\/papier-hygienique-charmin-ultra-doux-2-epaisseurs-blanc-16-paquets-caisse-154-feuilles-paquet\/#breadcrumb","itemListElement":[{"@type":"ListItem","position":1,"name":"Home","item":"https:\/\/chemi-3.com\/fr\/"},{"@type":"ListItem","position":2,"name":"Produits","item":"https:\/\/chemi-3.com\/fr\/shop\/"},{"@type":"ListItem","position":3,"name":"Papier hygi\u00e9nique charmin\u00ae ultra doux, 2 \u00e9paisseurs, blanc, 16 paquets\/caisse, 154 feuilles\/paquet"}]},{"@type":"WebSite","@id":"https:\/\/chemi-3.com\/fr\/#website","url":"https:\/\/chemi-3.com\/fr\/","name":"Chemi-3 Inc.","description":"Montreal&#039;s premier distributor of janitorial, sanitary and commercial products.","publisher":{"@id":"https:\/\/chemi-3.com\/fr\/#organization"},"potentialAction":[{"@type":"SearchAction","target":{"@type":"EntryPoint","urlTemplate":"https:\/\/chemi-3.com\/fr\/?s={search_term_string}"},"query-input":{"@type":"PropertyValueSpecification","valueRequired":true,"valueName":"search_term_string"}}],"inLanguage":"fr-CA"},{"@type":"Organization","@id":"https:\/\/chemi-3.com\/fr\/#organization","name":"Chemi-3 Industries Inc.","url":"https:\/\/chemi-3.com\/fr\/","logo":{"@type":"ImageObject","inLanguage":"fr-CA","@id":"https:\/\/chemi-3.com\/fr\/#\/schema\/logo\/image\/","url":"http:\/\/chemi-3.com\/wp-content\/uploads\/2021\/09\/Chemi3_logo_transparent_highres.png","contentUrl":"http:\/\/chemi-3.com\/wp-content\/uploads\/2021\/09\/Chemi3_logo_transparent_highres.png","width":1000,"height":387,"caption":"Chemi-3 Industries Inc."},"image":{"@id":"https:\/\/chemi-3.com\/fr\/#\/schema\/logo\/image\/"},"sameAs":["https:\/\/www.facebook.com\/chemi3inc\/","https:\/\/x.com\/chemi3inc","https:\/\/www.instagram.com\/chemi3inc\/","https:\/\/www.linkedin.com\/company\/chemi3inc"]}]}},"_links":{"self":[{"href":"https:\/\/chemi-3.com\/fr\/wp-json\/wp\/v2\/product\/27876","targetHints":{"allow":["GET"]}}],"collection":[{"href":"https:\/\/chemi-3.com\/fr\/wp-json\/wp\/v2\/product"}],"about":[{"href":"https:\/\/chemi-3.com\/fr\/wp-json\/wp\/v2\/types\/product"}],"replies":[{"embeddable":true,"href":"https:\/\/chemi-3.com\/fr\/wp-json\/wp\/v2\/comments?post=27876"}],"wp:featuredmedia":[{"embeddable":true,"href":"https:\/\/chemi-3.com\/fr\/wp-json\/wp\/v2\/media\/24215"}],"wp:attachment":[{"href":"https:\/\/chemi-3.com\/fr\/wp-json\/wp\/v2\/media?parent=27876"}],"wp:term":[{"taxonomy":"product_brand","embeddable":true,"href":"https:\/\/chemi-3.com\/fr\/wp-json\/wp\/v2\/product_brand?post=27876"},{"taxonomy":"product_cat","embeddable":true,"href":"https:\/\/chemi-3.com\/fr\/wp-json\/wp\/v2\/product_cat?post=27876"},{"taxonomy":"product_tag","embeddable":true,"href":"https:\/\/chemi-3.com\/fr\/wp-json\/wp\/v2\/product_tag?post=27876"}],"curies":[{"name":"wp","href":"https:\/\/api.w.org\/{rel}","templated":true}]}}