{"id":27928,"date":"2021-11-05T13:06:50","date_gmt":"2021-11-05T17:06:50","guid":{"rendered":"https:\/\/chemi-3.com\/product\/rouleau-de-papier-hygienique-tork-advanced-grande-capacite-sans-mandrin-2-epaisseurs-blanc-1000-feuilles-rouleau-36-rouleaux-caisse\/"},"modified":"2021-11-05T13:06:55","modified_gmt":"2021-11-05T17:06:55","slug":"rouleau-de-papier-hygienique-tork-advanced-grande-capacite-sans-mandrin-2-epaisseurs-blanc-1000-feuilles-rouleau-36-rouleaux-caisse","status":"publish","type":"product","link":"https:\/\/chemi-3.com\/fr\/product\/rouleau-de-papier-hygienique-tork-advanced-grande-capacite-sans-mandrin-2-epaisseurs-blanc-1000-feuilles-rouleau-36-rouleaux-caisse\/","title":{"rendered":"Rouleau de papier hygi\u00e9nique tork\u00ae advanced grande capacit\u00e9 sans mandrin, 2 \u00e9paisseurs, blanc, 1000 feuilles\/rouleau, 36 rouleaux\/caisse"},"content":{"rendered":"<body><p>Le papier hygi\u00e9nique Tork\u00ae Advanced dont la grande capacit\u00e9 est deux fois sup\u00e9rieure, permet de r\u00e9duire la fr\u00e9quence d\u2019entretien des toilettes et le risque de manque de papier, pour une plus grande satisfaction des clients. Il assure une distribution hygi\u00e9nique tout en r\u00e9duisant les gaspillages et les frais d\u2019entretien. Ce papier hygi\u00e9nique est id\u00e9al pour les toilettes \u00e0 fr\u00e9quentation faible ou moyenne o\u00f9 la satisfaction des clients est primordiale. Le papier hygi\u00e9nique Tork\u00ae se d\u00e9sagr\u00e8ge rapidement, ce qui est id\u00e9al pour tous les syst\u00e8mes de plomberie. Tous les produits de papier hygi\u00e9nique Tork\u00ae ne pr\u00e9sentent aucun danger pour les syst\u00e8mes septiques.<br>\nUnit\u00e9 de mesure : 1\/CS\/36<\/p>\n<\/body>","protected":false},"excerpt":{"rendered":"<p>Le papier hygi\u00e9nique Tork\u00ae Advanced dont la grande capacit\u00e9 est deux fois sup\u00e9rieure, permet de r\u00e9duire la fr\u00e9quence d\u2019entretien des toilettes et le risque de manque de papier, pour une plus grande satisfaction des clients. Il assure une distribution hygi\u00e9nique tout en r\u00e9duisant les gaspillages et les frais d\u2019entretien. Ce papier hygi\u00e9nique est id\u00e9al pour [&hellip;]<\/p>\n","protected":false},"featured_media":24303,"comment_status":"closed","ping_status":"open","template":"","meta":{"_et_pb_use_builder":"","_et_pb_old_content":"","_et_gb_content_width":""},"product_brand":[],"product_cat":[12525],"product_tag":[13617,13689,13691],"class_list":{"0":"post-27928","1":"product","2":"type-product","3":"status-publish","4":"has-post-thumbnail","6":"product_cat-papier-hygienique-standard","7":"product_tag-essuie-mains-papier-hygienique-et-lingettes","8":"product_tag-lingettes","9":"product_tag-papier-hygienique-standard","10":"pa_approval-compliant-epa-fr","11":"pa_country-of-origin-united-states","12":"pa_environmental-status-ecologo-fr","13":"pa_is-hazardous-material-non","14":"pa_product-colour-blanc","15":"pa_product-material-recycled-paper-2","17":"first","18":"instock","19":"taxable","20":"shipping-taxable","21":"purchasable","22":"product-type-simple"},"yoast_head":"<!-- This site is optimized with the Yoast SEO plugin v27.5 - https:\/\/yoast.com\/product\/yoast-seo-wordpress\/ -->\n<title>Rouleau de papier hygi\u00e9nique tork\u00ae advanced grande capacit\u00e9 sans mandrin, 2 \u00e9paisseurs, blanc, 1000 feuilles\/rouleau, 36 rouleaux\/caisse &#8211; Chemi-3 Inc.<\/title>\n<meta name=\"robots\" content=\"index, follow, max-snippet:-1, max-image-preview:large, max-video-preview:-1\" \/>\n<link rel=\"canonical\" href=\"https:\/\/chemi-3.com\/fr\/product\/rouleau-de-papier-hygienique-tork-advanced-grande-capacite-sans-mandrin-2-epaisseurs-blanc-1000-feuilles-rouleau-36-rouleaux-caisse\/\" \/>\n<meta property=\"og:locale\" content=\"fr_CA\" \/>\n<meta property=\"og:type\" content=\"article\" \/>\n<meta property=\"og:title\" content=\"Rouleau de papier hygi\u00e9nique tork\u00ae advanced grande capacit\u00e9 sans mandrin, 2 \u00e9paisseurs, blanc, 1000 feuilles\/rouleau, 36 rouleaux\/caisse &#8211; Chemi-3 Inc.\" \/>\n<meta property=\"og:description\" content=\"Le papier hygi\u00e9nique Tork\u00ae Advanced dont la grande capacit\u00e9 est deux fois sup\u00e9rieure, permet de r\u00e9duire la fr\u00e9quence d\u2019entretien des toilettes et le risque de manque de papier, pour une plus grande satisfaction des clients. Il assure une distribution hygi\u00e9nique tout en r\u00e9duisant les gaspillages et les frais d\u2019entretien. Ce papier hygi\u00e9nique est id\u00e9al pour [&hellip;]\" \/>\n<meta property=\"og:url\" content=\"https:\/\/chemi-3.com\/fr\/product\/rouleau-de-papier-hygienique-tork-advanced-grande-capacite-sans-mandrin-2-epaisseurs-blanc-1000-feuilles-rouleau-36-rouleaux-caisse\/\" \/>\n<meta property=\"og:site_name\" content=\"Chemi-3 Inc.\" \/>\n<meta property=\"article:publisher\" content=\"https:\/\/www.facebook.com\/chemi3inc\/\" \/>\n<meta property=\"article:modified_time\" content=\"2021-11-05T17:06:55+00:00\" \/>\n<meta property=\"og:image\" content=\"https:\/\/chemi-3.com\/wp-content\/uploads\/2021\/11\/14100871-20210811023451-1.jpg\" \/>\n\t<meta property=\"og:image:width\" content=\"900\" \/>\n\t<meta property=\"og:image:height\" content=\"900\" \/>\n\t<meta property=\"og:image:type\" content=\"image\/jpeg\" \/>\n<meta name=\"twitter:card\" content=\"summary_large_image\" \/>\n<meta name=\"twitter:site\" content=\"@chemi3inc\" \/>\n<meta name=\"twitter:label1\" content=\"Estimation du temps de lecture\" \/>\n\t<meta name=\"twitter:data1\" content=\"1 minute\" \/>\n<script type=\"application\/ld+json\" class=\"yoast-schema-graph\">{\"@context\":\"https:\\\/\\\/schema.org\",\"@graph\":[{\"@type\":[\"WebPage\",\"ItemPage\"],\"@id\":\"https:\\\/\\\/chemi-3.com\\\/fr\\\/product\\\/rouleau-de-papier-hygienique-tork-advanced-grande-capacite-sans-mandrin-2-epaisseurs-blanc-1000-feuilles-rouleau-36-rouleaux-caisse\\\/\",\"url\":\"https:\\\/\\\/chemi-3.com\\\/fr\\\/product\\\/rouleau-de-papier-hygienique-tork-advanced-grande-capacite-sans-mandrin-2-epaisseurs-blanc-1000-feuilles-rouleau-36-rouleaux-caisse\\\/\",\"name\":\"Rouleau de papier hygi\u00e9nique tork\u00ae advanced grande capacit\u00e9 sans mandrin, 2 \u00e9paisseurs, blanc, 1000 feuilles\\\/rouleau, 36 rouleaux\\\/caisse &#8211; Chemi-3 Inc.\",\"isPartOf\":{\"@id\":\"https:\\\/\\\/chemi-3.com\\\/fr\\\/#website\"},\"primaryImageOfPage\":{\"@id\":\"https:\\\/\\\/chemi-3.com\\\/fr\\\/product\\\/rouleau-de-papier-hygienique-tork-advanced-grande-capacite-sans-mandrin-2-epaisseurs-blanc-1000-feuilles-rouleau-36-rouleaux-caisse\\\/#primaryimage\"},\"image\":{\"@id\":\"https:\\\/\\\/chemi-3.com\\\/fr\\\/product\\\/rouleau-de-papier-hygienique-tork-advanced-grande-capacite-sans-mandrin-2-epaisseurs-blanc-1000-feuilles-rouleau-36-rouleaux-caisse\\\/#primaryimage\"},\"thumbnailUrl\":\"https:\\\/\\\/chemi-3.com\\\/wp-content\\\/uploads\\\/2021\\\/11\\\/14100871-20210811023451-1.jpg\",\"datePublished\":\"2021-11-05T17:06:50+00:00\",\"dateModified\":\"2021-11-05T17:06:55+00:00\",\"breadcrumb\":{\"@id\":\"https:\\\/\\\/chemi-3.com\\\/fr\\\/product\\\/rouleau-de-papier-hygienique-tork-advanced-grande-capacite-sans-mandrin-2-epaisseurs-blanc-1000-feuilles-rouleau-36-rouleaux-caisse\\\/#breadcrumb\"},\"inLanguage\":\"fr-CA\",\"potentialAction\":[{\"@type\":\"ReadAction\",\"target\":[\"https:\\\/\\\/chemi-3.com\\\/fr\\\/product\\\/rouleau-de-papier-hygienique-tork-advanced-grande-capacite-sans-mandrin-2-epaisseurs-blanc-1000-feuilles-rouleau-36-rouleaux-caisse\\\/\"]}]},{\"@type\":\"ImageObject\",\"inLanguage\":\"fr-CA\",\"@id\":\"https:\\\/\\\/chemi-3.com\\\/fr\\\/product\\\/rouleau-de-papier-hygienique-tork-advanced-grande-capacite-sans-mandrin-2-epaisseurs-blanc-1000-feuilles-rouleau-36-rouleaux-caisse\\\/#primaryimage\",\"url\":\"https:\\\/\\\/chemi-3.com\\\/wp-content\\\/uploads\\\/2021\\\/11\\\/14100871-20210811023451-1.jpg\",\"contentUrl\":\"https:\\\/\\\/chemi-3.com\\\/wp-content\\\/uploads\\\/2021\\\/11\\\/14100871-20210811023451-1.jpg\",\"width\":900,\"height\":900,\"caption\":\"Tork\u00ae Advanced High Capacity Coreless Bath Tissue Roll\"},{\"@type\":\"BreadcrumbList\",\"@id\":\"https:\\\/\\\/chemi-3.com\\\/fr\\\/product\\\/rouleau-de-papier-hygienique-tork-advanced-grande-capacite-sans-mandrin-2-epaisseurs-blanc-1000-feuilles-rouleau-36-rouleaux-caisse\\\/#breadcrumb\",\"itemListElement\":[{\"@type\":\"ListItem\",\"position\":1,\"name\":\"Home\",\"item\":\"https:\\\/\\\/chemi-3.com\\\/fr\\\/\"},{\"@type\":\"ListItem\",\"position\":2,\"name\":\"Produits\",\"item\":\"https:\\\/\\\/chemi-3.com\\\/fr\\\/shop\\\/\"},{\"@type\":\"ListItem\",\"position\":3,\"name\":\"Rouleau de papier hygi\u00e9nique tork\u00ae advanced grande capacit\u00e9 sans mandrin, 2 \u00e9paisseurs, blanc, 1000 feuilles\\\/rouleau, 36 rouleaux\\\/caisse\"}]},{\"@type\":\"WebSite\",\"@id\":\"https:\\\/\\\/chemi-3.com\\\/fr\\\/#website\",\"url\":\"https:\\\/\\\/chemi-3.com\\\/fr\\\/\",\"name\":\"Chemi-3 Inc.\",\"description\":\"Montreal&#039;s premier distributor of janitorial, sanitary and commercial products.\",\"publisher\":{\"@id\":\"https:\\\/\\\/chemi-3.com\\\/fr\\\/#organization\"},\"potentialAction\":[{\"@type\":\"SearchAction\",\"target\":{\"@type\":\"EntryPoint\",\"urlTemplate\":\"https:\\\/\\\/chemi-3.com\\\/fr\\\/?s={search_term_string}\"},\"query-input\":{\"@type\":\"PropertyValueSpecification\",\"valueRequired\":true,\"valueName\":\"search_term_string\"}}],\"inLanguage\":\"fr-CA\"},{\"@type\":\"Organization\",\"@id\":\"https:\\\/\\\/chemi-3.com\\\/fr\\\/#organization\",\"name\":\"Chemi-3 Industries Inc.\",\"url\":\"https:\\\/\\\/chemi-3.com\\\/fr\\\/\",\"logo\":{\"@type\":\"ImageObject\",\"inLanguage\":\"fr-CA\",\"@id\":\"https:\\\/\\\/chemi-3.com\\\/fr\\\/#\\\/schema\\\/logo\\\/image\\\/\",\"url\":\"http:\\\/\\\/chemi-3.com\\\/wp-content\\\/uploads\\\/2021\\\/09\\\/Chemi3_logo_transparent_highres.png\",\"contentUrl\":\"http:\\\/\\\/chemi-3.com\\\/wp-content\\\/uploads\\\/2021\\\/09\\\/Chemi3_logo_transparent_highres.png\",\"width\":1000,\"height\":387,\"caption\":\"Chemi-3 Industries Inc.\"},\"image\":{\"@id\":\"https:\\\/\\\/chemi-3.com\\\/fr\\\/#\\\/schema\\\/logo\\\/image\\\/\"},\"sameAs\":[\"https:\\\/\\\/www.facebook.com\\\/chemi3inc\\\/\",\"https:\\\/\\\/x.com\\\/chemi3inc\",\"https:\\\/\\\/www.instagram.com\\\/chemi3inc\\\/\",\"https:\\\/\\\/www.linkedin.com\\\/company\\\/chemi3inc\"]}]}<\/script>\n<!-- \/ Yoast SEO plugin. -->","yoast_head_json":{"title":"Rouleau de papier hygi\u00e9nique tork\u00ae advanced grande capacit\u00e9 sans mandrin, 2 \u00e9paisseurs, blanc, 1000 feuilles\/rouleau, 36 rouleaux\/caisse &#8211; Chemi-3 Inc.","robots":{"index":"index","follow":"follow","max-snippet":"max-snippet:-1","max-image-preview":"max-image-preview:large","max-video-preview":"max-video-preview:-1"},"canonical":"https:\/\/chemi-3.com\/fr\/product\/rouleau-de-papier-hygienique-tork-advanced-grande-capacite-sans-mandrin-2-epaisseurs-blanc-1000-feuilles-rouleau-36-rouleaux-caisse\/","og_locale":"fr_CA","og_type":"article","og_title":"Rouleau de papier hygi\u00e9nique tork\u00ae advanced grande capacit\u00e9 sans mandrin, 2 \u00e9paisseurs, blanc, 1000 feuilles\/rouleau, 36 rouleaux\/caisse &#8211; Chemi-3 Inc.","og_description":"Le papier hygi\u00e9nique Tork\u00ae Advanced dont la grande capacit\u00e9 est deux fois sup\u00e9rieure, permet de r\u00e9duire la fr\u00e9quence d\u2019entretien des toilettes et le risque de manque de papier, pour une plus grande satisfaction des clients. Il assure une distribution hygi\u00e9nique tout en r\u00e9duisant les gaspillages et les frais d\u2019entretien. Ce papier hygi\u00e9nique est id\u00e9al pour [&hellip;]","og_url":"https:\/\/chemi-3.com\/fr\/product\/rouleau-de-papier-hygienique-tork-advanced-grande-capacite-sans-mandrin-2-epaisseurs-blanc-1000-feuilles-rouleau-36-rouleaux-caisse\/","og_site_name":"Chemi-3 Inc.","article_publisher":"https:\/\/www.facebook.com\/chemi3inc\/","article_modified_time":"2021-11-05T17:06:55+00:00","og_image":[{"width":900,"height":900,"url":"https:\/\/chemi-3.com\/wp-content\/uploads\/2021\/11\/14100871-20210811023451-1.jpg","type":"image\/jpeg"}],"twitter_card":"summary_large_image","twitter_site":"@chemi3inc","twitter_misc":{"Estimation du temps de lecture":"1 minute"},"schema":{"@context":"https:\/\/schema.org","@graph":[{"@type":["WebPage","ItemPage"],"@id":"https:\/\/chemi-3.com\/fr\/product\/rouleau-de-papier-hygienique-tork-advanced-grande-capacite-sans-mandrin-2-epaisseurs-blanc-1000-feuilles-rouleau-36-rouleaux-caisse\/","url":"https:\/\/chemi-3.com\/fr\/product\/rouleau-de-papier-hygienique-tork-advanced-grande-capacite-sans-mandrin-2-epaisseurs-blanc-1000-feuilles-rouleau-36-rouleaux-caisse\/","name":"Rouleau de papier hygi\u00e9nique tork\u00ae advanced grande capacit\u00e9 sans mandrin, 2 \u00e9paisseurs, blanc, 1000 feuilles\/rouleau, 36 rouleaux\/caisse &#8211; Chemi-3 Inc.","isPartOf":{"@id":"https:\/\/chemi-3.com\/fr\/#website"},"primaryImageOfPage":{"@id":"https:\/\/chemi-3.com\/fr\/product\/rouleau-de-papier-hygienique-tork-advanced-grande-capacite-sans-mandrin-2-epaisseurs-blanc-1000-feuilles-rouleau-36-rouleaux-caisse\/#primaryimage"},"image":{"@id":"https:\/\/chemi-3.com\/fr\/product\/rouleau-de-papier-hygienique-tork-advanced-grande-capacite-sans-mandrin-2-epaisseurs-blanc-1000-feuilles-rouleau-36-rouleaux-caisse\/#primaryimage"},"thumbnailUrl":"https:\/\/chemi-3.com\/wp-content\/uploads\/2021\/11\/14100871-20210811023451-1.jpg","datePublished":"2021-11-05T17:06:50+00:00","dateModified":"2021-11-05T17:06:55+00:00","breadcrumb":{"@id":"https:\/\/chemi-3.com\/fr\/product\/rouleau-de-papier-hygienique-tork-advanced-grande-capacite-sans-mandrin-2-epaisseurs-blanc-1000-feuilles-rouleau-36-rouleaux-caisse\/#breadcrumb"},"inLanguage":"fr-CA","potentialAction":[{"@type":"ReadAction","target":["https:\/\/chemi-3.com\/fr\/product\/rouleau-de-papier-hygienique-tork-advanced-grande-capacite-sans-mandrin-2-epaisseurs-blanc-1000-feuilles-rouleau-36-rouleaux-caisse\/"]}]},{"@type":"ImageObject","inLanguage":"fr-CA","@id":"https:\/\/chemi-3.com\/fr\/product\/rouleau-de-papier-hygienique-tork-advanced-grande-capacite-sans-mandrin-2-epaisseurs-blanc-1000-feuilles-rouleau-36-rouleaux-caisse\/#primaryimage","url":"https:\/\/chemi-3.com\/wp-content\/uploads\/2021\/11\/14100871-20210811023451-1.jpg","contentUrl":"https:\/\/chemi-3.com\/wp-content\/uploads\/2021\/11\/14100871-20210811023451-1.jpg","width":900,"height":900,"caption":"Tork\u00ae Advanced High Capacity Coreless Bath Tissue Roll"},{"@type":"BreadcrumbList","@id":"https:\/\/chemi-3.com\/fr\/product\/rouleau-de-papier-hygienique-tork-advanced-grande-capacite-sans-mandrin-2-epaisseurs-blanc-1000-feuilles-rouleau-36-rouleaux-caisse\/#breadcrumb","itemListElement":[{"@type":"ListItem","position":1,"name":"Home","item":"https:\/\/chemi-3.com\/fr\/"},{"@type":"ListItem","position":2,"name":"Produits","item":"https:\/\/chemi-3.com\/fr\/shop\/"},{"@type":"ListItem","position":3,"name":"Rouleau de papier hygi\u00e9nique tork\u00ae advanced grande capacit\u00e9 sans mandrin, 2 \u00e9paisseurs, blanc, 1000 feuilles\/rouleau, 36 rouleaux\/caisse"}]},{"@type":"WebSite","@id":"https:\/\/chemi-3.com\/fr\/#website","url":"https:\/\/chemi-3.com\/fr\/","name":"Chemi-3 Inc.","description":"Montreal&#039;s premier distributor of janitorial, sanitary and commercial products.","publisher":{"@id":"https:\/\/chemi-3.com\/fr\/#organization"},"potentialAction":[{"@type":"SearchAction","target":{"@type":"EntryPoint","urlTemplate":"https:\/\/chemi-3.com\/fr\/?s={search_term_string}"},"query-input":{"@type":"PropertyValueSpecification","valueRequired":true,"valueName":"search_term_string"}}],"inLanguage":"fr-CA"},{"@type":"Organization","@id":"https:\/\/chemi-3.com\/fr\/#organization","name":"Chemi-3 Industries Inc.","url":"https:\/\/chemi-3.com\/fr\/","logo":{"@type":"ImageObject","inLanguage":"fr-CA","@id":"https:\/\/chemi-3.com\/fr\/#\/schema\/logo\/image\/","url":"http:\/\/chemi-3.com\/wp-content\/uploads\/2021\/09\/Chemi3_logo_transparent_highres.png","contentUrl":"http:\/\/chemi-3.com\/wp-content\/uploads\/2021\/09\/Chemi3_logo_transparent_highres.png","width":1000,"height":387,"caption":"Chemi-3 Industries Inc."},"image":{"@id":"https:\/\/chemi-3.com\/fr\/#\/schema\/logo\/image\/"},"sameAs":["https:\/\/www.facebook.com\/chemi3inc\/","https:\/\/x.com\/chemi3inc","https:\/\/www.instagram.com\/chemi3inc\/","https:\/\/www.linkedin.com\/company\/chemi3inc"]}]}},"_links":{"self":[{"href":"https:\/\/chemi-3.com\/fr\/wp-json\/wp\/v2\/product\/27928","targetHints":{"allow":["GET"]}}],"collection":[{"href":"https:\/\/chemi-3.com\/fr\/wp-json\/wp\/v2\/product"}],"about":[{"href":"https:\/\/chemi-3.com\/fr\/wp-json\/wp\/v2\/types\/product"}],"replies":[{"embeddable":true,"href":"https:\/\/chemi-3.com\/fr\/wp-json\/wp\/v2\/comments?post=27928"}],"wp:featuredmedia":[{"embeddable":true,"href":"https:\/\/chemi-3.com\/fr\/wp-json\/wp\/v2\/media\/24303"}],"wp:attachment":[{"href":"https:\/\/chemi-3.com\/fr\/wp-json\/wp\/v2\/media?parent=27928"}],"wp:term":[{"taxonomy":"product_brand","embeddable":true,"href":"https:\/\/chemi-3.com\/fr\/wp-json\/wp\/v2\/product_brand?post=27928"},{"taxonomy":"product_cat","embeddable":true,"href":"https:\/\/chemi-3.com\/fr\/wp-json\/wp\/v2\/product_cat?post=27928"},{"taxonomy":"product_tag","embeddable":true,"href":"https:\/\/chemi-3.com\/fr\/wp-json\/wp\/v2\/product_tag?post=27928"}],"curies":[{"name":"wp","href":"https:\/\/api.w.org\/{rel}","templated":true}]}}