{"id":27930,"date":"2021-11-05T13:06:50","date_gmt":"2021-11-05T17:06:50","guid":{"rendered":"https:\/\/chemi-3.com\/product\/papier-hygienique-en-rouleau-tork-universal-av-opticore-blanc-1-epaisseur-1-755-feuilles-rl-36-rl-cs\/"},"modified":"2021-11-05T13:06:56","modified_gmt":"2021-11-05T17:06:56","slug":"papier-hygienique-en-rouleau-tork-universal-av-opticore-blanc-1-epaisseur-1-755-feuilles-rl-36-rl-cs","status":"publish","type":"product","link":"https:\/\/chemi-3.com\/fr\/product\/papier-hygienique-en-rouleau-tork-universal-av-opticore-blanc-1-epaisseur-1-755-feuilles-rl-36-rl-cs\/","title":{"rendered":"Papier hygi\u00e9nique en rouleau tork\u00ae universal av. opticore, blanc, 1\u00a0\u00e9paisseur, 1\u00a0755\u00a0feuilles\/rl, 36\u00a0rl\/cs"},"content":{"rendered":"<body><p>Le papier hygi\u00e9nique en rouleau Tork\u00ae Universal avec OptiCore\u00ae comporte une technologie brevet\u00e9e de mandrin en deux parties. Il offre une combinaison unique de capacit\u00e9, de r\u00e9duction du gaspillage et de qualit\u00e9. Ce papier \u00e0 une \u00e9paisseur est id\u00e9al pour les salles de toilettes \u00e0 grande circulation et son mandrin comportant 25\u00a0% de mat\u00e9riau est \u00e9cologique. Le papier contient des fibres recycl\u00e9es \u00e0 100\u00a0% et au moins 25\u00a0%% de d\u00e9chets de postconsommation.<br>\nUnit\u00e9 de mesure : <\/p>\n<\/body>","protected":false},"excerpt":{"rendered":"<p>Le papier hygi\u00e9nique en rouleau Tork\u00ae Universal avec OptiCore\u00ae comporte une technologie brevet\u00e9e de mandrin en deux parties. Il offre une combinaison unique de capacit\u00e9, de r\u00e9duction du gaspillage et de qualit\u00e9. Ce papier \u00e0 une \u00e9paisseur est id\u00e9al pour les salles de toilettes \u00e0 grande circulation et son mandrin comportant 25\u00a0% de mat\u00e9riau est [&hellip;]<\/p>\n","protected":false},"featured_media":24306,"comment_status":"closed","ping_status":"open","template":"","meta":{"_et_pb_use_builder":"","_et_pb_old_content":"","_et_gb_content_width":""},"product_brand":[],"product_cat":[12525],"product_tag":[13617,13689,13691],"class_list":{"0":"post-27930","1":"product","2":"type-product","3":"status-publish","4":"has-post-thumbnail","6":"product_cat-papier-hygienique-standard","7":"product_tag-essuie-mains-papier-hygienique-et-lingettes","8":"product_tag-lingettes","9":"product_tag-papier-hygienique-standard","10":"pa_country-of-origin-united-states","11":"pa_is-hazardous-material-non","12":"pa_product-colour-blanc","13":"pa_product-material-recycled-content-2","15":"first","16":"instock","17":"taxable","18":"shipping-taxable","19":"purchasable","20":"product-type-simple"},"yoast_head":"<!-- This site is optimized with the Yoast SEO plugin v27.5 - https:\/\/yoast.com\/product\/yoast-seo-wordpress\/ -->\n<title>Papier hygi\u00e9nique en rouleau tork\u00ae universal av. opticore, blanc, 1\u00a0\u00e9paisseur, 1\u00a0755\u00a0feuilles\/rl, 36\u00a0rl\/cs &#8211; Chemi-3 Inc.<\/title>\n<meta name=\"robots\" content=\"index, follow, max-snippet:-1, max-image-preview:large, max-video-preview:-1\" \/>\n<link rel=\"canonical\" href=\"https:\/\/chemi-3.com\/fr\/product\/papier-hygienique-en-rouleau-tork-universal-av-opticore-blanc-1-epaisseur-1-755-feuilles-rl-36-rl-cs\/\" \/>\n<meta property=\"og:locale\" content=\"fr_CA\" \/>\n<meta property=\"og:type\" content=\"article\" \/>\n<meta property=\"og:title\" content=\"Papier hygi\u00e9nique en rouleau tork\u00ae universal av. opticore, blanc, 1\u00a0\u00e9paisseur, 1\u00a0755\u00a0feuilles\/rl, 36\u00a0rl\/cs &#8211; Chemi-3 Inc.\" \/>\n<meta property=\"og:description\" content=\"Le papier hygi\u00e9nique en rouleau Tork\u00ae Universal avec OptiCore\u00ae comporte une technologie brevet\u00e9e de mandrin en deux parties. Il offre une combinaison unique de capacit\u00e9, de r\u00e9duction du gaspillage et de qualit\u00e9. Ce papier \u00e0 une \u00e9paisseur est id\u00e9al pour les salles de toilettes \u00e0 grande circulation et son mandrin comportant 25\u00a0% de mat\u00e9riau est [&hellip;]\" \/>\n<meta property=\"og:url\" content=\"https:\/\/chemi-3.com\/fr\/product\/papier-hygienique-en-rouleau-tork-universal-av-opticore-blanc-1-epaisseur-1-755-feuilles-rl-36-rl-cs\/\" \/>\n<meta property=\"og:site_name\" content=\"Chemi-3 Inc.\" \/>\n<meta property=\"article:publisher\" content=\"https:\/\/www.facebook.com\/chemi3inc\/\" \/>\n<meta property=\"article:modified_time\" content=\"2021-11-05T17:06:56+00:00\" \/>\n<meta property=\"og:image\" content=\"https:\/\/chemi-3.com\/wp-content\/uploads\/2021\/11\/14100386-20210904201749-1.jpg\" \/>\n\t<meta property=\"og:image:width\" content=\"900\" \/>\n\t<meta property=\"og:image:height\" content=\"900\" \/>\n\t<meta property=\"og:image:type\" content=\"image\/jpeg\" \/>\n<meta name=\"twitter:card\" content=\"summary_large_image\" \/>\n<meta name=\"twitter:site\" content=\"@chemi3inc\" \/>\n<script type=\"application\/ld+json\" class=\"yoast-schema-graph\">{\"@context\":\"https:\\\/\\\/schema.org\",\"@graph\":[{\"@type\":[\"WebPage\",\"ItemPage\"],\"@id\":\"https:\\\/\\\/chemi-3.com\\\/fr\\\/product\\\/papier-hygienique-en-rouleau-tork-universal-av-opticore-blanc-1-epaisseur-1-755-feuilles-rl-36-rl-cs\\\/\",\"url\":\"https:\\\/\\\/chemi-3.com\\\/fr\\\/product\\\/papier-hygienique-en-rouleau-tork-universal-av-opticore-blanc-1-epaisseur-1-755-feuilles-rl-36-rl-cs\\\/\",\"name\":\"Papier hygi\u00e9nique en rouleau tork\u00ae universal av. opticore, blanc, 1\u00a0\u00e9paisseur, 1\u00a0755\u00a0feuilles\\\/rl, 36\u00a0rl\\\/cs &#8211; Chemi-3 Inc.\",\"isPartOf\":{\"@id\":\"https:\\\/\\\/chemi-3.com\\\/fr\\\/#website\"},\"primaryImageOfPage\":{\"@id\":\"https:\\\/\\\/chemi-3.com\\\/fr\\\/product\\\/papier-hygienique-en-rouleau-tork-universal-av-opticore-blanc-1-epaisseur-1-755-feuilles-rl-36-rl-cs\\\/#primaryimage\"},\"image\":{\"@id\":\"https:\\\/\\\/chemi-3.com\\\/fr\\\/product\\\/papier-hygienique-en-rouleau-tork-universal-av-opticore-blanc-1-epaisseur-1-755-feuilles-rl-36-rl-cs\\\/#primaryimage\"},\"thumbnailUrl\":\"https:\\\/\\\/chemi-3.com\\\/wp-content\\\/uploads\\\/2021\\\/11\\\/14100386-20210904201749-1.jpg\",\"datePublished\":\"2021-11-05T17:06:50+00:00\",\"dateModified\":\"2021-11-05T17:06:56+00:00\",\"breadcrumb\":{\"@id\":\"https:\\\/\\\/chemi-3.com\\\/fr\\\/product\\\/papier-hygienique-en-rouleau-tork-universal-av-opticore-blanc-1-epaisseur-1-755-feuilles-rl-36-rl-cs\\\/#breadcrumb\"},\"inLanguage\":\"fr-CA\",\"potentialAction\":[{\"@type\":\"ReadAction\",\"target\":[\"https:\\\/\\\/chemi-3.com\\\/fr\\\/product\\\/papier-hygienique-en-rouleau-tork-universal-av-opticore-blanc-1-epaisseur-1-755-feuilles-rl-36-rl-cs\\\/\"]}]},{\"@type\":\"ImageObject\",\"inLanguage\":\"fr-CA\",\"@id\":\"https:\\\/\\\/chemi-3.com\\\/fr\\\/product\\\/papier-hygienique-en-rouleau-tork-universal-av-opticore-blanc-1-epaisseur-1-755-feuilles-rl-36-rl-cs\\\/#primaryimage\",\"url\":\"https:\\\/\\\/chemi-3.com\\\/wp-content\\\/uploads\\\/2021\\\/11\\\/14100386-20210904201749-1.jpg\",\"contentUrl\":\"https:\\\/\\\/chemi-3.com\\\/wp-content\\\/uploads\\\/2021\\\/11\\\/14100386-20210904201749-1.jpg\",\"width\":900,\"height\":900,\"caption\":\"Tork\u00ae Universal Bath Tissue Roll W\\\/ Opticore\u00ae\"},{\"@type\":\"BreadcrumbList\",\"@id\":\"https:\\\/\\\/chemi-3.com\\\/fr\\\/product\\\/papier-hygienique-en-rouleau-tork-universal-av-opticore-blanc-1-epaisseur-1-755-feuilles-rl-36-rl-cs\\\/#breadcrumb\",\"itemListElement\":[{\"@type\":\"ListItem\",\"position\":1,\"name\":\"Home\",\"item\":\"https:\\\/\\\/chemi-3.com\\\/fr\\\/\"},{\"@type\":\"ListItem\",\"position\":2,\"name\":\"Produits\",\"item\":\"https:\\\/\\\/chemi-3.com\\\/fr\\\/shop\\\/\"},{\"@type\":\"ListItem\",\"position\":3,\"name\":\"Papier hygi\u00e9nique en rouleau tork\u00ae universal av. opticore, blanc, 1\u00a0\u00e9paisseur, 1\u00a0755\u00a0feuilles\\\/rl, 36\u00a0rl\\\/cs\"}]},{\"@type\":\"WebSite\",\"@id\":\"https:\\\/\\\/chemi-3.com\\\/fr\\\/#website\",\"url\":\"https:\\\/\\\/chemi-3.com\\\/fr\\\/\",\"name\":\"Chemi-3 Inc.\",\"description\":\"Montreal&#039;s premier distributor of janitorial, sanitary and commercial products.\",\"publisher\":{\"@id\":\"https:\\\/\\\/chemi-3.com\\\/fr\\\/#organization\"},\"potentialAction\":[{\"@type\":\"SearchAction\",\"target\":{\"@type\":\"EntryPoint\",\"urlTemplate\":\"https:\\\/\\\/chemi-3.com\\\/fr\\\/?s={search_term_string}\"},\"query-input\":{\"@type\":\"PropertyValueSpecification\",\"valueRequired\":true,\"valueName\":\"search_term_string\"}}],\"inLanguage\":\"fr-CA\"},{\"@type\":\"Organization\",\"@id\":\"https:\\\/\\\/chemi-3.com\\\/fr\\\/#organization\",\"name\":\"Chemi-3 Industries Inc.\",\"url\":\"https:\\\/\\\/chemi-3.com\\\/fr\\\/\",\"logo\":{\"@type\":\"ImageObject\",\"inLanguage\":\"fr-CA\",\"@id\":\"https:\\\/\\\/chemi-3.com\\\/fr\\\/#\\\/schema\\\/logo\\\/image\\\/\",\"url\":\"http:\\\/\\\/chemi-3.com\\\/wp-content\\\/uploads\\\/2021\\\/09\\\/Chemi3_logo_transparent_highres.png\",\"contentUrl\":\"http:\\\/\\\/chemi-3.com\\\/wp-content\\\/uploads\\\/2021\\\/09\\\/Chemi3_logo_transparent_highres.png\",\"width\":1000,\"height\":387,\"caption\":\"Chemi-3 Industries Inc.\"},\"image\":{\"@id\":\"https:\\\/\\\/chemi-3.com\\\/fr\\\/#\\\/schema\\\/logo\\\/image\\\/\"},\"sameAs\":[\"https:\\\/\\\/www.facebook.com\\\/chemi3inc\\\/\",\"https:\\\/\\\/x.com\\\/chemi3inc\",\"https:\\\/\\\/www.instagram.com\\\/chemi3inc\\\/\",\"https:\\\/\\\/www.linkedin.com\\\/company\\\/chemi3inc\"]}]}<\/script>\n<!-- \/ Yoast SEO plugin. -->","yoast_head_json":{"title":"Papier hygi\u00e9nique en rouleau tork\u00ae universal av. opticore, blanc, 1\u00a0\u00e9paisseur, 1\u00a0755\u00a0feuilles\/rl, 36\u00a0rl\/cs &#8211; Chemi-3 Inc.","robots":{"index":"index","follow":"follow","max-snippet":"max-snippet:-1","max-image-preview":"max-image-preview:large","max-video-preview":"max-video-preview:-1"},"canonical":"https:\/\/chemi-3.com\/fr\/product\/papier-hygienique-en-rouleau-tork-universal-av-opticore-blanc-1-epaisseur-1-755-feuilles-rl-36-rl-cs\/","og_locale":"fr_CA","og_type":"article","og_title":"Papier hygi\u00e9nique en rouleau tork\u00ae universal av. opticore, blanc, 1\u00a0\u00e9paisseur, 1\u00a0755\u00a0feuilles\/rl, 36\u00a0rl\/cs &#8211; Chemi-3 Inc.","og_description":"Le papier hygi\u00e9nique en rouleau Tork\u00ae Universal avec OptiCore\u00ae comporte une technologie brevet\u00e9e de mandrin en deux parties. Il offre une combinaison unique de capacit\u00e9, de r\u00e9duction du gaspillage et de qualit\u00e9. Ce papier \u00e0 une \u00e9paisseur est id\u00e9al pour les salles de toilettes \u00e0 grande circulation et son mandrin comportant 25\u00a0% de mat\u00e9riau est [&hellip;]","og_url":"https:\/\/chemi-3.com\/fr\/product\/papier-hygienique-en-rouleau-tork-universal-av-opticore-blanc-1-epaisseur-1-755-feuilles-rl-36-rl-cs\/","og_site_name":"Chemi-3 Inc.","article_publisher":"https:\/\/www.facebook.com\/chemi3inc\/","article_modified_time":"2021-11-05T17:06:56+00:00","og_image":[{"width":900,"height":900,"url":"https:\/\/chemi-3.com\/wp-content\/uploads\/2021\/11\/14100386-20210904201749-1.jpg","type":"image\/jpeg"}],"twitter_card":"summary_large_image","twitter_site":"@chemi3inc","schema":{"@context":"https:\/\/schema.org","@graph":[{"@type":["WebPage","ItemPage"],"@id":"https:\/\/chemi-3.com\/fr\/product\/papier-hygienique-en-rouleau-tork-universal-av-opticore-blanc-1-epaisseur-1-755-feuilles-rl-36-rl-cs\/","url":"https:\/\/chemi-3.com\/fr\/product\/papier-hygienique-en-rouleau-tork-universal-av-opticore-blanc-1-epaisseur-1-755-feuilles-rl-36-rl-cs\/","name":"Papier hygi\u00e9nique en rouleau tork\u00ae universal av. opticore, blanc, 1\u00a0\u00e9paisseur, 1\u00a0755\u00a0feuilles\/rl, 36\u00a0rl\/cs &#8211; Chemi-3 Inc.","isPartOf":{"@id":"https:\/\/chemi-3.com\/fr\/#website"},"primaryImageOfPage":{"@id":"https:\/\/chemi-3.com\/fr\/product\/papier-hygienique-en-rouleau-tork-universal-av-opticore-blanc-1-epaisseur-1-755-feuilles-rl-36-rl-cs\/#primaryimage"},"image":{"@id":"https:\/\/chemi-3.com\/fr\/product\/papier-hygienique-en-rouleau-tork-universal-av-opticore-blanc-1-epaisseur-1-755-feuilles-rl-36-rl-cs\/#primaryimage"},"thumbnailUrl":"https:\/\/chemi-3.com\/wp-content\/uploads\/2021\/11\/14100386-20210904201749-1.jpg","datePublished":"2021-11-05T17:06:50+00:00","dateModified":"2021-11-05T17:06:56+00:00","breadcrumb":{"@id":"https:\/\/chemi-3.com\/fr\/product\/papier-hygienique-en-rouleau-tork-universal-av-opticore-blanc-1-epaisseur-1-755-feuilles-rl-36-rl-cs\/#breadcrumb"},"inLanguage":"fr-CA","potentialAction":[{"@type":"ReadAction","target":["https:\/\/chemi-3.com\/fr\/product\/papier-hygienique-en-rouleau-tork-universal-av-opticore-blanc-1-epaisseur-1-755-feuilles-rl-36-rl-cs\/"]}]},{"@type":"ImageObject","inLanguage":"fr-CA","@id":"https:\/\/chemi-3.com\/fr\/product\/papier-hygienique-en-rouleau-tork-universal-av-opticore-blanc-1-epaisseur-1-755-feuilles-rl-36-rl-cs\/#primaryimage","url":"https:\/\/chemi-3.com\/wp-content\/uploads\/2021\/11\/14100386-20210904201749-1.jpg","contentUrl":"https:\/\/chemi-3.com\/wp-content\/uploads\/2021\/11\/14100386-20210904201749-1.jpg","width":900,"height":900,"caption":"Tork\u00ae Universal Bath Tissue Roll W\/ Opticore\u00ae"},{"@type":"BreadcrumbList","@id":"https:\/\/chemi-3.com\/fr\/product\/papier-hygienique-en-rouleau-tork-universal-av-opticore-blanc-1-epaisseur-1-755-feuilles-rl-36-rl-cs\/#breadcrumb","itemListElement":[{"@type":"ListItem","position":1,"name":"Home","item":"https:\/\/chemi-3.com\/fr\/"},{"@type":"ListItem","position":2,"name":"Produits","item":"https:\/\/chemi-3.com\/fr\/shop\/"},{"@type":"ListItem","position":3,"name":"Papier hygi\u00e9nique en rouleau tork\u00ae universal av. opticore, blanc, 1\u00a0\u00e9paisseur, 1\u00a0755\u00a0feuilles\/rl, 36\u00a0rl\/cs"}]},{"@type":"WebSite","@id":"https:\/\/chemi-3.com\/fr\/#website","url":"https:\/\/chemi-3.com\/fr\/","name":"Chemi-3 Inc.","description":"Montreal&#039;s premier distributor of janitorial, sanitary and commercial products.","publisher":{"@id":"https:\/\/chemi-3.com\/fr\/#organization"},"potentialAction":[{"@type":"SearchAction","target":{"@type":"EntryPoint","urlTemplate":"https:\/\/chemi-3.com\/fr\/?s={search_term_string}"},"query-input":{"@type":"PropertyValueSpecification","valueRequired":true,"valueName":"search_term_string"}}],"inLanguage":"fr-CA"},{"@type":"Organization","@id":"https:\/\/chemi-3.com\/fr\/#organization","name":"Chemi-3 Industries Inc.","url":"https:\/\/chemi-3.com\/fr\/","logo":{"@type":"ImageObject","inLanguage":"fr-CA","@id":"https:\/\/chemi-3.com\/fr\/#\/schema\/logo\/image\/","url":"http:\/\/chemi-3.com\/wp-content\/uploads\/2021\/09\/Chemi3_logo_transparent_highres.png","contentUrl":"http:\/\/chemi-3.com\/wp-content\/uploads\/2021\/09\/Chemi3_logo_transparent_highres.png","width":1000,"height":387,"caption":"Chemi-3 Industries Inc."},"image":{"@id":"https:\/\/chemi-3.com\/fr\/#\/schema\/logo\/image\/"},"sameAs":["https:\/\/www.facebook.com\/chemi3inc\/","https:\/\/x.com\/chemi3inc","https:\/\/www.instagram.com\/chemi3inc\/","https:\/\/www.linkedin.com\/company\/chemi3inc"]}]}},"_links":{"self":[{"href":"https:\/\/chemi-3.com\/fr\/wp-json\/wp\/v2\/product\/27930","targetHints":{"allow":["GET"]}}],"collection":[{"href":"https:\/\/chemi-3.com\/fr\/wp-json\/wp\/v2\/product"}],"about":[{"href":"https:\/\/chemi-3.com\/fr\/wp-json\/wp\/v2\/types\/product"}],"replies":[{"embeddable":true,"href":"https:\/\/chemi-3.com\/fr\/wp-json\/wp\/v2\/comments?post=27930"}],"wp:featuredmedia":[{"embeddable":true,"href":"https:\/\/chemi-3.com\/fr\/wp-json\/wp\/v2\/media\/24306"}],"wp:attachment":[{"href":"https:\/\/chemi-3.com\/fr\/wp-json\/wp\/v2\/media?parent=27930"}],"wp:term":[{"taxonomy":"product_brand","embeddable":true,"href":"https:\/\/chemi-3.com\/fr\/wp-json\/wp\/v2\/product_brand?post=27930"},{"taxonomy":"product_cat","embeddable":true,"href":"https:\/\/chemi-3.com\/fr\/wp-json\/wp\/v2\/product_cat?post=27930"},{"taxonomy":"product_tag","embeddable":true,"href":"https:\/\/chemi-3.com\/fr\/wp-json\/wp\/v2\/product_tag?post=27930"}],"curies":[{"name":"wp","href":"https:\/\/api.w.org\/{rel}","templated":true}]}}