{"id":27957,"date":"2021-11-05T13:06:50","date_gmt":"2021-11-05T17:06:50","guid":{"rendered":"https:\/\/chemi-3.com\/product\/distributeur-de-papier-hygienique-tork-elevation-en-rouleau-double-sans-mandrin-blanc-1-distributeur-caisse\/"},"modified":"2021-11-05T13:07:06","modified_gmt":"2021-11-05T17:07:06","slug":"distributeur-de-papier-hygienique-tork-elevation-en-rouleau-double-sans-mandrin-blanc-1-distributeur-caisse","status":"publish","type":"product","link":"https:\/\/chemi-3.com\/fr\/product\/distributeur-de-papier-hygienique-tork-elevation-en-rouleau-double-sans-mandrin-blanc-1-distributeur-caisse\/","title":{"rendered":"Distributeur de papier hygi\u00e9nique tork\u00ae elevation en rouleau double sans mandrin, blanc, 1 distributeur\/caisse"},"content":{"rendered":"<body><p>Le distributeur de papier hygi\u00e9nique de grande capacit\u00e9 et sans mandrin Tork\u00ae est id\u00e9al pour les toilettes \u00e0 fr\u00e9quentation moyenne ou \u00e9lev\u00e9e, o\u00f9 la satisfaction des clients est primordiale. Il garantit une efficacit\u00e9 \u00e9lev\u00e9e et la disponibilit\u00e9 permanente de papier toilette pour les clients, car il contient jusqu\u2019\u00e0 cinq fois plus de papier que deux rouleaux de papier hygi\u00e9nique classiques. Des rouleaux sans mandrin pour moins de d\u00e9chets \u00e0 \u00e9liminer ; un porte-rouleau intelligent permet de consommer la totalit\u00e9 du rouleau pour minimiser les gaspillages ; un distributeur horizontal compact qui permet de gagner de l\u2019espace.<br>\nUnit\u00e9 de mesure : 1\/EA<\/p>\n<\/body>","protected":false},"excerpt":{"rendered":"<p>Le distributeur de papier hygi\u00e9nique de grande capacit\u00e9 et sans mandrin Tork\u00ae est id\u00e9al pour les toilettes \u00e0 fr\u00e9quentation moyenne ou \u00e9lev\u00e9e, o\u00f9 la satisfaction des clients est primordiale. Il garantit une efficacit\u00e9 \u00e9lev\u00e9e et la disponibilit\u00e9 permanente de papier toilette pour les clients, car il contient jusqu\u2019\u00e0 cinq fois plus de papier que deux [&hellip;]<\/p>\n","protected":false},"featured_media":24351,"comment_status":"closed","ping_status":"open","template":"","meta":{"_et_pb_use_builder":"","_et_pb_old_content":"","_et_gb_content_width":""},"product_brand":[],"product_cat":[12839],"product_tag":[13938,13617,13689,13691],"class_list":{"0":"post-27957","1":"product","2":"type-product","3":"status-publish","4":"has-post-thumbnail","6":"product_cat-distributrices-de-papier-hygienique-standard","7":"product_tag-distributrices-de-papier-hygienique-standard","8":"product_tag-essuie-mains-papier-hygienique-et-lingettes","9":"product_tag-lingettes","10":"product_tag-papier-hygienique-standard","11":"pa_country-of-origin-united-states","12":"pa_is-hazardous-material-non","13":"pa_product-colour-blanc","14":"pa_product-material-plsatic-2","16":"first","17":"instock","18":"taxable","19":"shipping-taxable","20":"purchasable","21":"product-type-simple"},"yoast_head":"<!-- This site is optimized with the Yoast SEO plugin v27.6 - https:\/\/yoast.com\/product\/yoast-seo-wordpress\/ -->\n<title>Distributeur de papier hygi\u00e9nique tork\u00ae elevation en rouleau double sans mandrin, blanc, 1 distributeur\/caisse &#8211; Chemi-3 Inc.<\/title>\n<meta name=\"robots\" content=\"index, follow, max-snippet:-1, max-image-preview:large, max-video-preview:-1\" \/>\n<link rel=\"canonical\" href=\"https:\/\/chemi-3.com\/fr\/product\/distributeur-de-papier-hygienique-tork-elevation-en-rouleau-double-sans-mandrin-blanc-1-distributeur-caisse\/\" \/>\n<meta property=\"og:locale\" content=\"fr_CA\" \/>\n<meta property=\"og:type\" content=\"article\" \/>\n<meta property=\"og:title\" content=\"Distributeur de papier hygi\u00e9nique tork\u00ae elevation en rouleau double sans mandrin, blanc, 1 distributeur\/caisse &#8211; Chemi-3 Inc.\" \/>\n<meta property=\"og:description\" content=\"Le distributeur de papier hygi\u00e9nique de grande capacit\u00e9 et sans mandrin Tork\u00ae est id\u00e9al pour les toilettes \u00e0 fr\u00e9quentation moyenne ou \u00e9lev\u00e9e, o\u00f9 la satisfaction des clients est primordiale. Il garantit une efficacit\u00e9 \u00e9lev\u00e9e et la disponibilit\u00e9 permanente de papier toilette pour les clients, car il contient jusqu\u2019\u00e0 cinq fois plus de papier que deux [&hellip;]\" \/>\n<meta property=\"og:url\" content=\"https:\/\/chemi-3.com\/fr\/product\/distributeur-de-papier-hygienique-tork-elevation-en-rouleau-double-sans-mandrin-blanc-1-distributeur-caisse\/\" \/>\n<meta property=\"og:site_name\" content=\"Chemi-3 Inc.\" \/>\n<meta property=\"article:publisher\" content=\"https:\/\/www.facebook.com\/chemi3inc\/\" \/>\n<meta property=\"article:modified_time\" content=\"2021-11-05T17:07:06+00:00\" \/>\n<meta property=\"og:image\" content=\"https:\/\/chemi-3.com\/wp-content\/uploads\/2021\/11\/14100660-1-20210811023451-1.jpg\" \/>\n\t<meta property=\"og:image:width\" content=\"900\" \/>\n\t<meta property=\"og:image:height\" content=\"900\" \/>\n\t<meta property=\"og:image:type\" content=\"image\/jpeg\" \/>\n<meta name=\"twitter:card\" content=\"summary_large_image\" \/>\n<meta name=\"twitter:site\" content=\"@chemi3inc\" \/>\n<meta name=\"twitter:label1\" content=\"Estimation du temps de lecture\" \/>\n\t<meta name=\"twitter:data1\" content=\"1 minute\" \/>\n<script type=\"application\/ld+json\" class=\"yoast-schema-graph\">{\"@context\":\"https:\\\/\\\/schema.org\",\"@graph\":[{\"@type\":[\"WebPage\",\"ItemPage\"],\"@id\":\"https:\\\/\\\/chemi-3.com\\\/fr\\\/product\\\/distributeur-de-papier-hygienique-tork-elevation-en-rouleau-double-sans-mandrin-blanc-1-distributeur-caisse\\\/\",\"url\":\"https:\\\/\\\/chemi-3.com\\\/fr\\\/product\\\/distributeur-de-papier-hygienique-tork-elevation-en-rouleau-double-sans-mandrin-blanc-1-distributeur-caisse\\\/\",\"name\":\"Distributeur de papier hygi\u00e9nique tork\u00ae elevation en rouleau double sans mandrin, blanc, 1 distributeur\\\/caisse &#8211; Chemi-3 Inc.\",\"isPartOf\":{\"@id\":\"https:\\\/\\\/chemi-3.com\\\/fr\\\/#website\"},\"primaryImageOfPage\":{\"@id\":\"https:\\\/\\\/chemi-3.com\\\/fr\\\/product\\\/distributeur-de-papier-hygienique-tork-elevation-en-rouleau-double-sans-mandrin-blanc-1-distributeur-caisse\\\/#primaryimage\"},\"image\":{\"@id\":\"https:\\\/\\\/chemi-3.com\\\/fr\\\/product\\\/distributeur-de-papier-hygienique-tork-elevation-en-rouleau-double-sans-mandrin-blanc-1-distributeur-caisse\\\/#primaryimage\"},\"thumbnailUrl\":\"https:\\\/\\\/chemi-3.com\\\/wp-content\\\/uploads\\\/2021\\\/11\\\/14100660-1-20210811023451-1.jpg\",\"datePublished\":\"2021-11-05T17:06:50+00:00\",\"dateModified\":\"2021-11-05T17:07:06+00:00\",\"breadcrumb\":{\"@id\":\"https:\\\/\\\/chemi-3.com\\\/fr\\\/product\\\/distributeur-de-papier-hygienique-tork-elevation-en-rouleau-double-sans-mandrin-blanc-1-distributeur-caisse\\\/#breadcrumb\"},\"inLanguage\":\"fr-CA\",\"potentialAction\":[{\"@type\":\"ReadAction\",\"target\":[\"https:\\\/\\\/chemi-3.com\\\/fr\\\/product\\\/distributeur-de-papier-hygienique-tork-elevation-en-rouleau-double-sans-mandrin-blanc-1-distributeur-caisse\\\/\"]}]},{\"@type\":\"ImageObject\",\"inLanguage\":\"fr-CA\",\"@id\":\"https:\\\/\\\/chemi-3.com\\\/fr\\\/product\\\/distributeur-de-papier-hygienique-tork-elevation-en-rouleau-double-sans-mandrin-blanc-1-distributeur-caisse\\\/#primaryimage\",\"url\":\"https:\\\/\\\/chemi-3.com\\\/wp-content\\\/uploads\\\/2021\\\/11\\\/14100660-1-20210811023451-1.jpg\",\"contentUrl\":\"https:\\\/\\\/chemi-3.com\\\/wp-content\\\/uploads\\\/2021\\\/11\\\/14100660-1-20210811023451-1.jpg\",\"width\":900,\"height\":900,\"caption\":\"Tork\u00ae Elevation Coreless Bath Tissue Dispenser\"},{\"@type\":\"BreadcrumbList\",\"@id\":\"https:\\\/\\\/chemi-3.com\\\/fr\\\/product\\\/distributeur-de-papier-hygienique-tork-elevation-en-rouleau-double-sans-mandrin-blanc-1-distributeur-caisse\\\/#breadcrumb\",\"itemListElement\":[{\"@type\":\"ListItem\",\"position\":1,\"name\":\"Home\",\"item\":\"https:\\\/\\\/chemi-3.com\\\/fr\\\/\"},{\"@type\":\"ListItem\",\"position\":2,\"name\":\"Produits\",\"item\":\"https:\\\/\\\/chemi-3.com\\\/fr\\\/shop\\\/\"},{\"@type\":\"ListItem\",\"position\":3,\"name\":\"Distributeur de papier hygi\u00e9nique tork\u00ae elevation en rouleau double sans mandrin, blanc, 1 distributeur\\\/caisse\"}]},{\"@type\":\"WebSite\",\"@id\":\"https:\\\/\\\/chemi-3.com\\\/fr\\\/#website\",\"url\":\"https:\\\/\\\/chemi-3.com\\\/fr\\\/\",\"name\":\"Chemi-3 Inc.\",\"description\":\"Montreal&#039;s premier distributor of janitorial, sanitary and commercial products.\",\"publisher\":{\"@id\":\"https:\\\/\\\/chemi-3.com\\\/fr\\\/#organization\"},\"potentialAction\":[{\"@type\":\"SearchAction\",\"target\":{\"@type\":\"EntryPoint\",\"urlTemplate\":\"https:\\\/\\\/chemi-3.com\\\/fr\\\/?s={search_term_string}\"},\"query-input\":{\"@type\":\"PropertyValueSpecification\",\"valueRequired\":true,\"valueName\":\"search_term_string\"}}],\"inLanguage\":\"fr-CA\"},{\"@type\":\"Organization\",\"@id\":\"https:\\\/\\\/chemi-3.com\\\/fr\\\/#organization\",\"name\":\"Chemi-3 Industries Inc.\",\"url\":\"https:\\\/\\\/chemi-3.com\\\/fr\\\/\",\"logo\":{\"@type\":\"ImageObject\",\"inLanguage\":\"fr-CA\",\"@id\":\"https:\\\/\\\/chemi-3.com\\\/fr\\\/#\\\/schema\\\/logo\\\/image\\\/\",\"url\":\"http:\\\/\\\/chemi-3.com\\\/wp-content\\\/uploads\\\/2021\\\/09\\\/Chemi3_logo_transparent_highres.png\",\"contentUrl\":\"http:\\\/\\\/chemi-3.com\\\/wp-content\\\/uploads\\\/2021\\\/09\\\/Chemi3_logo_transparent_highres.png\",\"width\":1000,\"height\":387,\"caption\":\"Chemi-3 Industries Inc.\"},\"image\":{\"@id\":\"https:\\\/\\\/chemi-3.com\\\/fr\\\/#\\\/schema\\\/logo\\\/image\\\/\"},\"sameAs\":[\"https:\\\/\\\/www.facebook.com\\\/chemi3inc\\\/\",\"https:\\\/\\\/x.com\\\/chemi3inc\",\"https:\\\/\\\/www.instagram.com\\\/chemi3inc\\\/\",\"https:\\\/\\\/www.linkedin.com\\\/company\\\/chemi3inc\"]}]}<\/script>\n<!-- \/ Yoast SEO plugin. -->","yoast_head_json":{"title":"Distributeur de papier hygi\u00e9nique tork\u00ae elevation en rouleau double sans mandrin, blanc, 1 distributeur\/caisse &#8211; Chemi-3 Inc.","robots":{"index":"index","follow":"follow","max-snippet":"max-snippet:-1","max-image-preview":"max-image-preview:large","max-video-preview":"max-video-preview:-1"},"canonical":"https:\/\/chemi-3.com\/fr\/product\/distributeur-de-papier-hygienique-tork-elevation-en-rouleau-double-sans-mandrin-blanc-1-distributeur-caisse\/","og_locale":"fr_CA","og_type":"article","og_title":"Distributeur de papier hygi\u00e9nique tork\u00ae elevation en rouleau double sans mandrin, blanc, 1 distributeur\/caisse &#8211; Chemi-3 Inc.","og_description":"Le distributeur de papier hygi\u00e9nique de grande capacit\u00e9 et sans mandrin Tork\u00ae est id\u00e9al pour les toilettes \u00e0 fr\u00e9quentation moyenne ou \u00e9lev\u00e9e, o\u00f9 la satisfaction des clients est primordiale. Il garantit une efficacit\u00e9 \u00e9lev\u00e9e et la disponibilit\u00e9 permanente de papier toilette pour les clients, car il contient jusqu\u2019\u00e0 cinq fois plus de papier que deux [&hellip;]","og_url":"https:\/\/chemi-3.com\/fr\/product\/distributeur-de-papier-hygienique-tork-elevation-en-rouleau-double-sans-mandrin-blanc-1-distributeur-caisse\/","og_site_name":"Chemi-3 Inc.","article_publisher":"https:\/\/www.facebook.com\/chemi3inc\/","article_modified_time":"2021-11-05T17:07:06+00:00","og_image":[{"width":900,"height":900,"url":"https:\/\/chemi-3.com\/wp-content\/uploads\/2021\/11\/14100660-1-20210811023451-1.jpg","type":"image\/jpeg"}],"twitter_card":"summary_large_image","twitter_site":"@chemi3inc","twitter_misc":{"Estimation du temps de lecture":"1 minute"},"schema":{"@context":"https:\/\/schema.org","@graph":[{"@type":["WebPage","ItemPage"],"@id":"https:\/\/chemi-3.com\/fr\/product\/distributeur-de-papier-hygienique-tork-elevation-en-rouleau-double-sans-mandrin-blanc-1-distributeur-caisse\/","url":"https:\/\/chemi-3.com\/fr\/product\/distributeur-de-papier-hygienique-tork-elevation-en-rouleau-double-sans-mandrin-blanc-1-distributeur-caisse\/","name":"Distributeur de papier hygi\u00e9nique tork\u00ae elevation en rouleau double sans mandrin, blanc, 1 distributeur\/caisse &#8211; Chemi-3 Inc.","isPartOf":{"@id":"https:\/\/chemi-3.com\/fr\/#website"},"primaryImageOfPage":{"@id":"https:\/\/chemi-3.com\/fr\/product\/distributeur-de-papier-hygienique-tork-elevation-en-rouleau-double-sans-mandrin-blanc-1-distributeur-caisse\/#primaryimage"},"image":{"@id":"https:\/\/chemi-3.com\/fr\/product\/distributeur-de-papier-hygienique-tork-elevation-en-rouleau-double-sans-mandrin-blanc-1-distributeur-caisse\/#primaryimage"},"thumbnailUrl":"https:\/\/chemi-3.com\/wp-content\/uploads\/2021\/11\/14100660-1-20210811023451-1.jpg","datePublished":"2021-11-05T17:06:50+00:00","dateModified":"2021-11-05T17:07:06+00:00","breadcrumb":{"@id":"https:\/\/chemi-3.com\/fr\/product\/distributeur-de-papier-hygienique-tork-elevation-en-rouleau-double-sans-mandrin-blanc-1-distributeur-caisse\/#breadcrumb"},"inLanguage":"fr-CA","potentialAction":[{"@type":"ReadAction","target":["https:\/\/chemi-3.com\/fr\/product\/distributeur-de-papier-hygienique-tork-elevation-en-rouleau-double-sans-mandrin-blanc-1-distributeur-caisse\/"]}]},{"@type":"ImageObject","inLanguage":"fr-CA","@id":"https:\/\/chemi-3.com\/fr\/product\/distributeur-de-papier-hygienique-tork-elevation-en-rouleau-double-sans-mandrin-blanc-1-distributeur-caisse\/#primaryimage","url":"https:\/\/chemi-3.com\/wp-content\/uploads\/2021\/11\/14100660-1-20210811023451-1.jpg","contentUrl":"https:\/\/chemi-3.com\/wp-content\/uploads\/2021\/11\/14100660-1-20210811023451-1.jpg","width":900,"height":900,"caption":"Tork\u00ae Elevation Coreless Bath Tissue Dispenser"},{"@type":"BreadcrumbList","@id":"https:\/\/chemi-3.com\/fr\/product\/distributeur-de-papier-hygienique-tork-elevation-en-rouleau-double-sans-mandrin-blanc-1-distributeur-caisse\/#breadcrumb","itemListElement":[{"@type":"ListItem","position":1,"name":"Home","item":"https:\/\/chemi-3.com\/fr\/"},{"@type":"ListItem","position":2,"name":"Produits","item":"https:\/\/chemi-3.com\/fr\/shop\/"},{"@type":"ListItem","position":3,"name":"Distributeur de papier hygi\u00e9nique tork\u00ae elevation en rouleau double sans mandrin, blanc, 1 distributeur\/caisse"}]},{"@type":"WebSite","@id":"https:\/\/chemi-3.com\/fr\/#website","url":"https:\/\/chemi-3.com\/fr\/","name":"Chemi-3 Inc.","description":"Montreal&#039;s premier distributor of janitorial, sanitary and commercial products.","publisher":{"@id":"https:\/\/chemi-3.com\/fr\/#organization"},"potentialAction":[{"@type":"SearchAction","target":{"@type":"EntryPoint","urlTemplate":"https:\/\/chemi-3.com\/fr\/?s={search_term_string}"},"query-input":{"@type":"PropertyValueSpecification","valueRequired":true,"valueName":"search_term_string"}}],"inLanguage":"fr-CA"},{"@type":"Organization","@id":"https:\/\/chemi-3.com\/fr\/#organization","name":"Chemi-3 Industries Inc.","url":"https:\/\/chemi-3.com\/fr\/","logo":{"@type":"ImageObject","inLanguage":"fr-CA","@id":"https:\/\/chemi-3.com\/fr\/#\/schema\/logo\/image\/","url":"http:\/\/chemi-3.com\/wp-content\/uploads\/2021\/09\/Chemi3_logo_transparent_highres.png","contentUrl":"http:\/\/chemi-3.com\/wp-content\/uploads\/2021\/09\/Chemi3_logo_transparent_highres.png","width":1000,"height":387,"caption":"Chemi-3 Industries Inc."},"image":{"@id":"https:\/\/chemi-3.com\/fr\/#\/schema\/logo\/image\/"},"sameAs":["https:\/\/www.facebook.com\/chemi3inc\/","https:\/\/x.com\/chemi3inc","https:\/\/www.instagram.com\/chemi3inc\/","https:\/\/www.linkedin.com\/company\/chemi3inc"]}]}},"_links":{"self":[{"href":"https:\/\/chemi-3.com\/fr\/wp-json\/wp\/v2\/product\/27957","targetHints":{"allow":["GET"]}}],"collection":[{"href":"https:\/\/chemi-3.com\/fr\/wp-json\/wp\/v2\/product"}],"about":[{"href":"https:\/\/chemi-3.com\/fr\/wp-json\/wp\/v2\/types\/product"}],"replies":[{"embeddable":true,"href":"https:\/\/chemi-3.com\/fr\/wp-json\/wp\/v2\/comments?post=27957"}],"wp:featuredmedia":[{"embeddable":true,"href":"https:\/\/chemi-3.com\/fr\/wp-json\/wp\/v2\/media\/24351"}],"wp:attachment":[{"href":"https:\/\/chemi-3.com\/fr\/wp-json\/wp\/v2\/media?parent=27957"}],"wp:term":[{"taxonomy":"product_brand","embeddable":true,"href":"https:\/\/chemi-3.com\/fr\/wp-json\/wp\/v2\/product_brand?post=27957"},{"taxonomy":"product_cat","embeddable":true,"href":"https:\/\/chemi-3.com\/fr\/wp-json\/wp\/v2\/product_cat?post=27957"},{"taxonomy":"product_tag","embeddable":true,"href":"https:\/\/chemi-3.com\/fr\/wp-json\/wp\/v2\/product_tag?post=27957"}],"curies":[{"name":"wp","href":"https:\/\/api.w.org\/{rel}","templated":true}]}}