{"id":27985,"date":"2021-11-05T13:07:17","date_gmt":"2021-11-05T17:07:17","guid":{"rendered":"https:\/\/chemi-3.com\/product\/distributeur-p-papier-hygienique-en-rouleau-jumbo-scott-essential-noir-fumee-vendu-comme-un-article-individuel\/"},"modified":"2021-11-05T13:07:20","modified_gmt":"2021-11-05T17:07:20","slug":"distributeur-p-papier-hygienique-en-rouleau-jumbo-scott-essential-noir-fumee-vendu-comme-un-article-individuel","status":"publish","type":"product","link":"https:\/\/chemi-3.com\/fr\/product\/distributeur-p-papier-hygienique-en-rouleau-jumbo-scott-essential-noir-fumee-vendu-comme-un-article-individuel\/","title":{"rendered":"Distributeur p. papier hygi\u00e9nique en rouleau jumbo scott\u00ae essential, noir fum\u00e9e, vendu comme un article individuel"},"content":{"rendered":"<body><p>Le distributeur pour papier hygi\u00e9nique en rouleau jumbo Kimberly-Clark ProfessionalMC Scott\u00ae Essential en noir offre des solutions se pointe pour maximiser la productivit\u00e9. Si vous \u00eates responsable d\u2019une salle de toilettes \u00e0 grande circulation, vous avez besoin d\u2019un distributeur de papier hygi\u00e9nique \u00e0 grande capacit\u00e9. Le distributeur de papier hygi\u00e9nique sans mandrin Scott\u00ae Pro est une excellente solution. Il contient plus que l\u2019\u00e9quivalent de six rouleaux commerciaux standard de papier hygi\u00e9nique et est con\u00e7u pour r\u00e9duire le gaspillage de fin de rouleau et le temps d\u2019entretien. Il est adapt\u00e9 \u00e0 un rouleau jumbo sans mandrin, donc il aide \u00e0 garder votre salle de toilettes respectueuse de l\u2019environnement. Le syst\u00e8me facile \u00e0 charger n\u2019a pas de porte, pas de cl\u00e9 et pas de mandrin \u00e0 jeter. Il a une empreinte plus petite que la plupart des autres distributeurs JRT standard et accepte les rouleaux JRT sans mandrin \u00e0 grande capacit\u00e9. Apr\u00e8s tout, vous avez autre chose \u00e0 faire que de vous soucier de recharger le papier hygi\u00e9nique! Ce produit a des dimensions de 14,25\u00a0po x 9,75\u00a0po x 6\u00a0po et est vendu comme un article individuel.<br>\nUnit\u00e9 de mesure : 1\/EA<\/p>\n<\/body>","protected":false},"excerpt":{"rendered":"<p>Le distributeur pour papier hygi\u00e9nique en rouleau jumbo Kimberly-Clark ProfessionalMC Scott\u00ae Essential en noir offre des solutions se pointe pour maximiser la productivit\u00e9. Si vous \u00eates responsable d\u2019une salle de toilettes \u00e0 grande circulation, vous avez besoin d\u2019un distributeur de papier hygi\u00e9nique \u00e0 grande capacit\u00e9. Le distributeur de papier hygi\u00e9nique sans mandrin Scott\u00ae Pro est [&hellip;]<\/p>\n","protected":false},"featured_media":24399,"comment_status":"closed","ping_status":"open","template":"","meta":{"_et_pb_use_builder":"","_et_pb_old_content":"","_et_gb_content_width":""},"product_brand":[],"product_cat":[12837],"product_tag":[13940,13617,13689,13696],"class_list":{"0":"post-27985","1":"product","2":"type-product","3":"status-publish","4":"has-post-thumbnail","6":"product_cat-distributrices-de-papier-hygienique-en-rouleaux-geants","7":"product_tag-distributrices-de-papier-hygienique-en-rouleaux-geants","8":"product_tag-essuie-mains-papier-hygienique-et-lingettes","9":"product_tag-lingettes","10":"product_tag-papier-hygienique-en-rouleaux-geants","11":"pa_approval-compliant-ada-fr","12":"pa_country-of-origin-united-states","13":"pa_is-hazardous-material-non","14":"pa_product-colour-fumee","15":"pa_product-material-plastique","17":"first","18":"instock","19":"taxable","20":"shipping-taxable","21":"purchasable","22":"product-type-simple"},"yoast_head":"<!-- This site is optimized with the Yoast SEO plugin v27.6 - https:\/\/yoast.com\/product\/yoast-seo-wordpress\/ -->\n<title>Distributeur p. papier hygi\u00e9nique en rouleau jumbo scott\u00ae essential, noir fum\u00e9e, vendu comme un article individuel &#8211; Chemi-3 Inc.<\/title>\n<meta name=\"robots\" content=\"index, follow, max-snippet:-1, max-image-preview:large, max-video-preview:-1\" \/>\n<link rel=\"canonical\" href=\"https:\/\/chemi-3.com\/fr\/product\/distributeur-p-papier-hygienique-en-rouleau-jumbo-scott-essential-noir-fumee-vendu-comme-un-article-individuel\/\" \/>\n<meta property=\"og:locale\" content=\"fr_CA\" \/>\n<meta property=\"og:type\" content=\"article\" \/>\n<meta property=\"og:title\" content=\"Distributeur p. papier hygi\u00e9nique en rouleau jumbo scott\u00ae essential, noir fum\u00e9e, vendu comme un article individuel &#8211; Chemi-3 Inc.\" \/>\n<meta property=\"og:description\" content=\"Le distributeur pour papier hygi\u00e9nique en rouleau jumbo Kimberly-Clark ProfessionalMC Scott\u00ae Essential en noir offre des solutions se pointe pour maximiser la productivit\u00e9. Si vous \u00eates responsable d\u2019une salle de toilettes \u00e0 grande circulation, vous avez besoin d\u2019un distributeur de papier hygi\u00e9nique \u00e0 grande capacit\u00e9. Le distributeur de papier hygi\u00e9nique sans mandrin Scott\u00ae Pro est [&hellip;]\" \/>\n<meta property=\"og:url\" content=\"https:\/\/chemi-3.com\/fr\/product\/distributeur-p-papier-hygienique-en-rouleau-jumbo-scott-essential-noir-fumee-vendu-comme-un-article-individuel\/\" \/>\n<meta property=\"og:site_name\" content=\"Chemi-3 Inc.\" \/>\n<meta property=\"article:publisher\" content=\"https:\/\/www.facebook.com\/chemi3inc\/\" \/>\n<meta property=\"article:modified_time\" content=\"2021-11-05T17:07:20+00:00\" \/>\n<meta property=\"og:image\" content=\"https:\/\/chemi-3.com\/wp-content\/uploads\/2021\/11\/15409602-09602-main-20210811023451-1.jpg\" \/>\n\t<meta property=\"og:image:width\" content=\"900\" \/>\n\t<meta property=\"og:image:height\" content=\"900\" \/>\n\t<meta property=\"og:image:type\" content=\"image\/jpeg\" \/>\n<meta name=\"twitter:card\" content=\"summary_large_image\" \/>\n<meta name=\"twitter:site\" content=\"@chemi3inc\" \/>\n<meta name=\"twitter:label1\" content=\"Estimation du temps de lecture\" \/>\n\t<meta name=\"twitter:data1\" content=\"1 minute\" \/>\n<script type=\"application\/ld+json\" class=\"yoast-schema-graph\">{\"@context\":\"https:\\\/\\\/schema.org\",\"@graph\":[{\"@type\":[\"WebPage\",\"ItemPage\"],\"@id\":\"https:\\\/\\\/chemi-3.com\\\/fr\\\/product\\\/distributeur-p-papier-hygienique-en-rouleau-jumbo-scott-essential-noir-fumee-vendu-comme-un-article-individuel\\\/\",\"url\":\"https:\\\/\\\/chemi-3.com\\\/fr\\\/product\\\/distributeur-p-papier-hygienique-en-rouleau-jumbo-scott-essential-noir-fumee-vendu-comme-un-article-individuel\\\/\",\"name\":\"Distributeur p. papier hygi\u00e9nique en rouleau jumbo scott\u00ae essential, noir fum\u00e9e, vendu comme un article individuel &#8211; Chemi-3 Inc.\",\"isPartOf\":{\"@id\":\"https:\\\/\\\/chemi-3.com\\\/fr\\\/#website\"},\"primaryImageOfPage\":{\"@id\":\"https:\\\/\\\/chemi-3.com\\\/fr\\\/product\\\/distributeur-p-papier-hygienique-en-rouleau-jumbo-scott-essential-noir-fumee-vendu-comme-un-article-individuel\\\/#primaryimage\"},\"image\":{\"@id\":\"https:\\\/\\\/chemi-3.com\\\/fr\\\/product\\\/distributeur-p-papier-hygienique-en-rouleau-jumbo-scott-essential-noir-fumee-vendu-comme-un-article-individuel\\\/#primaryimage\"},\"thumbnailUrl\":\"https:\\\/\\\/chemi-3.com\\\/wp-content\\\/uploads\\\/2021\\\/11\\\/15409602-09602-main-20210811023451-1.jpg\",\"datePublished\":\"2021-11-05T17:07:17+00:00\",\"dateModified\":\"2021-11-05T17:07:20+00:00\",\"breadcrumb\":{\"@id\":\"https:\\\/\\\/chemi-3.com\\\/fr\\\/product\\\/distributeur-p-papier-hygienique-en-rouleau-jumbo-scott-essential-noir-fumee-vendu-comme-un-article-individuel\\\/#breadcrumb\"},\"inLanguage\":\"fr-CA\",\"potentialAction\":[{\"@type\":\"ReadAction\",\"target\":[\"https:\\\/\\\/chemi-3.com\\\/fr\\\/product\\\/distributeur-p-papier-hygienique-en-rouleau-jumbo-scott-essential-noir-fumee-vendu-comme-un-article-individuel\\\/\"]}]},{\"@type\":\"ImageObject\",\"inLanguage\":\"fr-CA\",\"@id\":\"https:\\\/\\\/chemi-3.com\\\/fr\\\/product\\\/distributeur-p-papier-hygienique-en-rouleau-jumbo-scott-essential-noir-fumee-vendu-comme-un-article-individuel\\\/#primaryimage\",\"url\":\"https:\\\/\\\/chemi-3.com\\\/wp-content\\\/uploads\\\/2021\\\/11\\\/15409602-09602-main-20210811023451-1.jpg\",\"contentUrl\":\"https:\\\/\\\/chemi-3.com\\\/wp-content\\\/uploads\\\/2021\\\/11\\\/15409602-09602-main-20210811023451-1.jpg\",\"width\":900,\"height\":900,\"caption\":\"Scott\u00ae Essential Jumbo Roll Toilet Paper Dispenser\"},{\"@type\":\"BreadcrumbList\",\"@id\":\"https:\\\/\\\/chemi-3.com\\\/fr\\\/product\\\/distributeur-p-papier-hygienique-en-rouleau-jumbo-scott-essential-noir-fumee-vendu-comme-un-article-individuel\\\/#breadcrumb\",\"itemListElement\":[{\"@type\":\"ListItem\",\"position\":1,\"name\":\"Home\",\"item\":\"https:\\\/\\\/chemi-3.com\\\/fr\\\/\"},{\"@type\":\"ListItem\",\"position\":2,\"name\":\"Produits\",\"item\":\"https:\\\/\\\/chemi-3.com\\\/fr\\\/shop\\\/\"},{\"@type\":\"ListItem\",\"position\":3,\"name\":\"Distributeur p. papier hygi\u00e9nique en rouleau jumbo scott\u00ae essential, noir fum\u00e9e, vendu comme un article individuel\"}]},{\"@type\":\"WebSite\",\"@id\":\"https:\\\/\\\/chemi-3.com\\\/fr\\\/#website\",\"url\":\"https:\\\/\\\/chemi-3.com\\\/fr\\\/\",\"name\":\"Chemi-3 Inc.\",\"description\":\"Montreal&#039;s premier distributor of janitorial, sanitary and commercial products.\",\"publisher\":{\"@id\":\"https:\\\/\\\/chemi-3.com\\\/fr\\\/#organization\"},\"potentialAction\":[{\"@type\":\"SearchAction\",\"target\":{\"@type\":\"EntryPoint\",\"urlTemplate\":\"https:\\\/\\\/chemi-3.com\\\/fr\\\/?s={search_term_string}\"},\"query-input\":{\"@type\":\"PropertyValueSpecification\",\"valueRequired\":true,\"valueName\":\"search_term_string\"}}],\"inLanguage\":\"fr-CA\"},{\"@type\":\"Organization\",\"@id\":\"https:\\\/\\\/chemi-3.com\\\/fr\\\/#organization\",\"name\":\"Chemi-3 Industries Inc.\",\"url\":\"https:\\\/\\\/chemi-3.com\\\/fr\\\/\",\"logo\":{\"@type\":\"ImageObject\",\"inLanguage\":\"fr-CA\",\"@id\":\"https:\\\/\\\/chemi-3.com\\\/fr\\\/#\\\/schema\\\/logo\\\/image\\\/\",\"url\":\"http:\\\/\\\/chemi-3.com\\\/wp-content\\\/uploads\\\/2021\\\/09\\\/Chemi3_logo_transparent_highres.png\",\"contentUrl\":\"http:\\\/\\\/chemi-3.com\\\/wp-content\\\/uploads\\\/2021\\\/09\\\/Chemi3_logo_transparent_highres.png\",\"width\":1000,\"height\":387,\"caption\":\"Chemi-3 Industries Inc.\"},\"image\":{\"@id\":\"https:\\\/\\\/chemi-3.com\\\/fr\\\/#\\\/schema\\\/logo\\\/image\\\/\"},\"sameAs\":[\"https:\\\/\\\/www.facebook.com\\\/chemi3inc\\\/\",\"https:\\\/\\\/x.com\\\/chemi3inc\",\"https:\\\/\\\/www.instagram.com\\\/chemi3inc\\\/\",\"https:\\\/\\\/www.linkedin.com\\\/company\\\/chemi3inc\"]}]}<\/script>\n<!-- \/ Yoast SEO plugin. -->","yoast_head_json":{"title":"Distributeur p. papier hygi\u00e9nique en rouleau jumbo scott\u00ae essential, noir fum\u00e9e, vendu comme un article individuel &#8211; Chemi-3 Inc.","robots":{"index":"index","follow":"follow","max-snippet":"max-snippet:-1","max-image-preview":"max-image-preview:large","max-video-preview":"max-video-preview:-1"},"canonical":"https:\/\/chemi-3.com\/fr\/product\/distributeur-p-papier-hygienique-en-rouleau-jumbo-scott-essential-noir-fumee-vendu-comme-un-article-individuel\/","og_locale":"fr_CA","og_type":"article","og_title":"Distributeur p. papier hygi\u00e9nique en rouleau jumbo scott\u00ae essential, noir fum\u00e9e, vendu comme un article individuel &#8211; Chemi-3 Inc.","og_description":"Le distributeur pour papier hygi\u00e9nique en rouleau jumbo Kimberly-Clark ProfessionalMC Scott\u00ae Essential en noir offre des solutions se pointe pour maximiser la productivit\u00e9. Si vous \u00eates responsable d\u2019une salle de toilettes \u00e0 grande circulation, vous avez besoin d\u2019un distributeur de papier hygi\u00e9nique \u00e0 grande capacit\u00e9. Le distributeur de papier hygi\u00e9nique sans mandrin Scott\u00ae Pro est [&hellip;]","og_url":"https:\/\/chemi-3.com\/fr\/product\/distributeur-p-papier-hygienique-en-rouleau-jumbo-scott-essential-noir-fumee-vendu-comme-un-article-individuel\/","og_site_name":"Chemi-3 Inc.","article_publisher":"https:\/\/www.facebook.com\/chemi3inc\/","article_modified_time":"2021-11-05T17:07:20+00:00","og_image":[{"width":900,"height":900,"url":"https:\/\/chemi-3.com\/wp-content\/uploads\/2021\/11\/15409602-09602-main-20210811023451-1.jpg","type":"image\/jpeg"}],"twitter_card":"summary_large_image","twitter_site":"@chemi3inc","twitter_misc":{"Estimation du temps de lecture":"1 minute"},"schema":{"@context":"https:\/\/schema.org","@graph":[{"@type":["WebPage","ItemPage"],"@id":"https:\/\/chemi-3.com\/fr\/product\/distributeur-p-papier-hygienique-en-rouleau-jumbo-scott-essential-noir-fumee-vendu-comme-un-article-individuel\/","url":"https:\/\/chemi-3.com\/fr\/product\/distributeur-p-papier-hygienique-en-rouleau-jumbo-scott-essential-noir-fumee-vendu-comme-un-article-individuel\/","name":"Distributeur p. papier hygi\u00e9nique en rouleau jumbo scott\u00ae essential, noir fum\u00e9e, vendu comme un article individuel &#8211; Chemi-3 Inc.","isPartOf":{"@id":"https:\/\/chemi-3.com\/fr\/#website"},"primaryImageOfPage":{"@id":"https:\/\/chemi-3.com\/fr\/product\/distributeur-p-papier-hygienique-en-rouleau-jumbo-scott-essential-noir-fumee-vendu-comme-un-article-individuel\/#primaryimage"},"image":{"@id":"https:\/\/chemi-3.com\/fr\/product\/distributeur-p-papier-hygienique-en-rouleau-jumbo-scott-essential-noir-fumee-vendu-comme-un-article-individuel\/#primaryimage"},"thumbnailUrl":"https:\/\/chemi-3.com\/wp-content\/uploads\/2021\/11\/15409602-09602-main-20210811023451-1.jpg","datePublished":"2021-11-05T17:07:17+00:00","dateModified":"2021-11-05T17:07:20+00:00","breadcrumb":{"@id":"https:\/\/chemi-3.com\/fr\/product\/distributeur-p-papier-hygienique-en-rouleau-jumbo-scott-essential-noir-fumee-vendu-comme-un-article-individuel\/#breadcrumb"},"inLanguage":"fr-CA","potentialAction":[{"@type":"ReadAction","target":["https:\/\/chemi-3.com\/fr\/product\/distributeur-p-papier-hygienique-en-rouleau-jumbo-scott-essential-noir-fumee-vendu-comme-un-article-individuel\/"]}]},{"@type":"ImageObject","inLanguage":"fr-CA","@id":"https:\/\/chemi-3.com\/fr\/product\/distributeur-p-papier-hygienique-en-rouleau-jumbo-scott-essential-noir-fumee-vendu-comme-un-article-individuel\/#primaryimage","url":"https:\/\/chemi-3.com\/wp-content\/uploads\/2021\/11\/15409602-09602-main-20210811023451-1.jpg","contentUrl":"https:\/\/chemi-3.com\/wp-content\/uploads\/2021\/11\/15409602-09602-main-20210811023451-1.jpg","width":900,"height":900,"caption":"Scott\u00ae Essential Jumbo Roll Toilet Paper Dispenser"},{"@type":"BreadcrumbList","@id":"https:\/\/chemi-3.com\/fr\/product\/distributeur-p-papier-hygienique-en-rouleau-jumbo-scott-essential-noir-fumee-vendu-comme-un-article-individuel\/#breadcrumb","itemListElement":[{"@type":"ListItem","position":1,"name":"Home","item":"https:\/\/chemi-3.com\/fr\/"},{"@type":"ListItem","position":2,"name":"Produits","item":"https:\/\/chemi-3.com\/fr\/shop\/"},{"@type":"ListItem","position":3,"name":"Distributeur p. papier hygi\u00e9nique en rouleau jumbo scott\u00ae essential, noir fum\u00e9e, vendu comme un article individuel"}]},{"@type":"WebSite","@id":"https:\/\/chemi-3.com\/fr\/#website","url":"https:\/\/chemi-3.com\/fr\/","name":"Chemi-3 Inc.","description":"Montreal&#039;s premier distributor of janitorial, sanitary and commercial products.","publisher":{"@id":"https:\/\/chemi-3.com\/fr\/#organization"},"potentialAction":[{"@type":"SearchAction","target":{"@type":"EntryPoint","urlTemplate":"https:\/\/chemi-3.com\/fr\/?s={search_term_string}"},"query-input":{"@type":"PropertyValueSpecification","valueRequired":true,"valueName":"search_term_string"}}],"inLanguage":"fr-CA"},{"@type":"Organization","@id":"https:\/\/chemi-3.com\/fr\/#organization","name":"Chemi-3 Industries Inc.","url":"https:\/\/chemi-3.com\/fr\/","logo":{"@type":"ImageObject","inLanguage":"fr-CA","@id":"https:\/\/chemi-3.com\/fr\/#\/schema\/logo\/image\/","url":"http:\/\/chemi-3.com\/wp-content\/uploads\/2021\/09\/Chemi3_logo_transparent_highres.png","contentUrl":"http:\/\/chemi-3.com\/wp-content\/uploads\/2021\/09\/Chemi3_logo_transparent_highres.png","width":1000,"height":387,"caption":"Chemi-3 Industries Inc."},"image":{"@id":"https:\/\/chemi-3.com\/fr\/#\/schema\/logo\/image\/"},"sameAs":["https:\/\/www.facebook.com\/chemi3inc\/","https:\/\/x.com\/chemi3inc","https:\/\/www.instagram.com\/chemi3inc\/","https:\/\/www.linkedin.com\/company\/chemi3inc"]}]}},"_links":{"self":[{"href":"https:\/\/chemi-3.com\/fr\/wp-json\/wp\/v2\/product\/27985","targetHints":{"allow":["GET"]}}],"collection":[{"href":"https:\/\/chemi-3.com\/fr\/wp-json\/wp\/v2\/product"}],"about":[{"href":"https:\/\/chemi-3.com\/fr\/wp-json\/wp\/v2\/types\/product"}],"replies":[{"embeddable":true,"href":"https:\/\/chemi-3.com\/fr\/wp-json\/wp\/v2\/comments?post=27985"}],"wp:featuredmedia":[{"embeddable":true,"href":"https:\/\/chemi-3.com\/fr\/wp-json\/wp\/v2\/media\/24399"}],"wp:attachment":[{"href":"https:\/\/chemi-3.com\/fr\/wp-json\/wp\/v2\/media?parent=27985"}],"wp:term":[{"taxonomy":"product_brand","embeddable":true,"href":"https:\/\/chemi-3.com\/fr\/wp-json\/wp\/v2\/product_brand?post=27985"},{"taxonomy":"product_cat","embeddable":true,"href":"https:\/\/chemi-3.com\/fr\/wp-json\/wp\/v2\/product_cat?post=27985"},{"taxonomy":"product_tag","embeddable":true,"href":"https:\/\/chemi-3.com\/fr\/wp-json\/wp\/v2\/product_tag?post=27985"}],"curies":[{"name":"wp","href":"https:\/\/api.w.org\/{rel}","templated":true}]}}