{"id":28068,"date":"2021-11-05T13:07:17","date_gmt":"2021-11-05T17:07:17","guid":{"rendered":"https:\/\/chemi-3.com\/product\/rouleau-de-papier-hygienique-tork-universal-1-epaisseur-blanc-1000-feuilles-rouleau-48-rouleaux-caisse\/"},"modified":"2021-11-05T13:07:44","modified_gmt":"2021-11-05T17:07:44","slug":"rouleau-de-papier-hygienique-tork-universal-1-epaisseur-blanc-1000-feuilles-rouleau-48-rouleaux-caisse","status":"publish","type":"product","link":"https:\/\/chemi-3.com\/fr\/product\/rouleau-de-papier-hygienique-tork-universal-1-epaisseur-blanc-1000-feuilles-rouleau-48-rouleaux-caisse\/","title":{"rendered":"Rouleau de papier hygi\u00e9nique tork\u00ae universal, 1 \u00e9paisseur, blanc, 1000 feuilles\/rouleau 48 rouleaux\/caisse"},"content":{"rendered":"<body><p>Le papier hygi\u00e9nique Tork\u00ae Universal offre qualit\u00e9, rentabilit\u00e9 et performance. Les rouleaux Tork\u00ae qui durent plus longtemps, aident \u00e0 \u00e9liminer les interruptions de service et se d\u00e9sagr\u00e8gent rapidement, ce qui est id\u00e9al pour tous les syst\u00e8mes de plomberie. Ce papier hygi\u00e9nique est fabriqu\u00e9 \u00e0 partir de mat\u00e9riaux 100 % recycl\u00e9s, certifi\u00e9 ECOLOGO\u00ae et conforme \u00e0 l\u2019EPA.<br>\nUnit\u00e9 de mesure : <\/p>\n<\/body>","protected":false},"excerpt":{"rendered":"<p>Le papier hygi\u00e9nique Tork\u00ae Universal offre qualit\u00e9, rentabilit\u00e9 et performance. Les rouleaux Tork\u00ae qui durent plus longtemps, aident \u00e0 \u00e9liminer les interruptions de service et se d\u00e9sagr\u00e8gent rapidement, ce qui est id\u00e9al pour tous les syst\u00e8mes de plomberie. Ce papier hygi\u00e9nique est fabriqu\u00e9 \u00e0 partir de mat\u00e9riaux 100 % recycl\u00e9s, certifi\u00e9 ECOLOGO\u00ae et conforme \u00e0 [&hellip;]<\/p>\n","protected":false},"featured_media":24548,"comment_status":"closed","ping_status":"open","template":"","meta":{"_et_pb_use_builder":"","_et_pb_old_content":"","_et_gb_content_width":""},"product_brand":[],"product_cat":[12523],"product_tag":[13617,13689,13696],"class_list":{"0":"post-28068","1":"product","2":"type-product","3":"status-publish","4":"has-post-thumbnail","6":"product_cat-papier-hygienique-en-rouleaux-geants","7":"product_tag-essuie-mains-papier-hygienique-et-lingettes","8":"product_tag-lingettes","9":"product_tag-papier-hygienique-en-rouleaux-geants","10":"pa_country-of-origin-united-states","11":"pa_is-hazardous-material-non","12":"pa_product-colour-blanc","13":"pa_product-material-kraft-paper","15":"first","16":"instock","17":"taxable","18":"shipping-taxable","19":"purchasable","20":"product-type-simple"},"yoast_head":"<!-- This site is optimized with the Yoast SEO plugin v27.6 - https:\/\/yoast.com\/product\/yoast-seo-wordpress\/ -->\n<title>Rouleau de papier hygi\u00e9nique tork\u00ae universal, 1 \u00e9paisseur, blanc, 1000 feuilles\/rouleau 48 rouleaux\/caisse &#8211; Chemi-3 Inc.<\/title>\n<meta name=\"robots\" content=\"index, follow, max-snippet:-1, max-image-preview:large, max-video-preview:-1\" \/>\n<link rel=\"canonical\" href=\"https:\/\/chemi-3.com\/fr\/product\/rouleau-de-papier-hygienique-tork-universal-1-epaisseur-blanc-1000-feuilles-rouleau-48-rouleaux-caisse\/\" \/>\n<meta property=\"og:locale\" content=\"fr_CA\" \/>\n<meta property=\"og:type\" content=\"article\" \/>\n<meta property=\"og:title\" content=\"Rouleau de papier hygi\u00e9nique tork\u00ae universal, 1 \u00e9paisseur, blanc, 1000 feuilles\/rouleau 48 rouleaux\/caisse &#8211; Chemi-3 Inc.\" \/>\n<meta property=\"og:description\" content=\"Le papier hygi\u00e9nique Tork\u00ae Universal offre qualit\u00e9, rentabilit\u00e9 et performance. Les rouleaux Tork\u00ae qui durent plus longtemps, aident \u00e0 \u00e9liminer les interruptions de service et se d\u00e9sagr\u00e8gent rapidement, ce qui est id\u00e9al pour tous les syst\u00e8mes de plomberie. Ce papier hygi\u00e9nique est fabriqu\u00e9 \u00e0 partir de mat\u00e9riaux 100 % recycl\u00e9s, certifi\u00e9 ECOLOGO\u00ae et conforme \u00e0 [&hellip;]\" \/>\n<meta property=\"og:url\" content=\"https:\/\/chemi-3.com\/fr\/product\/rouleau-de-papier-hygienique-tork-universal-1-epaisseur-blanc-1000-feuilles-rouleau-48-rouleaux-caisse\/\" \/>\n<meta property=\"og:site_name\" content=\"Chemi-3 Inc.\" \/>\n<meta property=\"article:publisher\" content=\"https:\/\/www.facebook.com\/chemi3inc\/\" \/>\n<meta property=\"article:modified_time\" content=\"2021-11-05T17:07:44+00:00\" \/>\n<meta property=\"og:image\" content=\"https:\/\/chemi-3.com\/wp-content\/uploads\/2021\/11\/14101641-20210811023451-1.jpg\" \/>\n\t<meta property=\"og:image:width\" content=\"469\" \/>\n\t<meta property=\"og:image:height\" content=\"300\" \/>\n\t<meta property=\"og:image:type\" content=\"image\/jpeg\" \/>\n<meta name=\"twitter:card\" content=\"summary_large_image\" \/>\n<meta name=\"twitter:site\" content=\"@chemi3inc\" \/>\n<script type=\"application\/ld+json\" class=\"yoast-schema-graph\">{\"@context\":\"https:\\\/\\\/schema.org\",\"@graph\":[{\"@type\":[\"WebPage\",\"ItemPage\"],\"@id\":\"https:\\\/\\\/chemi-3.com\\\/fr\\\/product\\\/rouleau-de-papier-hygienique-tork-universal-1-epaisseur-blanc-1000-feuilles-rouleau-48-rouleaux-caisse\\\/\",\"url\":\"https:\\\/\\\/chemi-3.com\\\/fr\\\/product\\\/rouleau-de-papier-hygienique-tork-universal-1-epaisseur-blanc-1000-feuilles-rouleau-48-rouleaux-caisse\\\/\",\"name\":\"Rouleau de papier hygi\u00e9nique tork\u00ae universal, 1 \u00e9paisseur, blanc, 1000 feuilles\\\/rouleau 48 rouleaux\\\/caisse &#8211; Chemi-3 Inc.\",\"isPartOf\":{\"@id\":\"https:\\\/\\\/chemi-3.com\\\/fr\\\/#website\"},\"primaryImageOfPage\":{\"@id\":\"https:\\\/\\\/chemi-3.com\\\/fr\\\/product\\\/rouleau-de-papier-hygienique-tork-universal-1-epaisseur-blanc-1000-feuilles-rouleau-48-rouleaux-caisse\\\/#primaryimage\"},\"image\":{\"@id\":\"https:\\\/\\\/chemi-3.com\\\/fr\\\/product\\\/rouleau-de-papier-hygienique-tork-universal-1-epaisseur-blanc-1000-feuilles-rouleau-48-rouleaux-caisse\\\/#primaryimage\"},\"thumbnailUrl\":\"https:\\\/\\\/chemi-3.com\\\/wp-content\\\/uploads\\\/2021\\\/11\\\/14101641-20210811023451-1.jpg\",\"datePublished\":\"2021-11-05T17:07:17+00:00\",\"dateModified\":\"2021-11-05T17:07:44+00:00\",\"breadcrumb\":{\"@id\":\"https:\\\/\\\/chemi-3.com\\\/fr\\\/product\\\/rouleau-de-papier-hygienique-tork-universal-1-epaisseur-blanc-1000-feuilles-rouleau-48-rouleaux-caisse\\\/#breadcrumb\"},\"inLanguage\":\"fr-CA\",\"potentialAction\":[{\"@type\":\"ReadAction\",\"target\":[\"https:\\\/\\\/chemi-3.com\\\/fr\\\/product\\\/rouleau-de-papier-hygienique-tork-universal-1-epaisseur-blanc-1000-feuilles-rouleau-48-rouleaux-caisse\\\/\"]}]},{\"@type\":\"ImageObject\",\"inLanguage\":\"fr-CA\",\"@id\":\"https:\\\/\\\/chemi-3.com\\\/fr\\\/product\\\/rouleau-de-papier-hygienique-tork-universal-1-epaisseur-blanc-1000-feuilles-rouleau-48-rouleaux-caisse\\\/#primaryimage\",\"url\":\"https:\\\/\\\/chemi-3.com\\\/wp-content\\\/uploads\\\/2021\\\/11\\\/14101641-20210811023451-1.jpg\",\"contentUrl\":\"https:\\\/\\\/chemi-3.com\\\/wp-content\\\/uploads\\\/2021\\\/11\\\/14101641-20210811023451-1.jpg\",\"width\":469,\"height\":300,\"caption\":\"Tork\u00ae Universal Bath Tissue Roll\"},{\"@type\":\"BreadcrumbList\",\"@id\":\"https:\\\/\\\/chemi-3.com\\\/fr\\\/product\\\/rouleau-de-papier-hygienique-tork-universal-1-epaisseur-blanc-1000-feuilles-rouleau-48-rouleaux-caisse\\\/#breadcrumb\",\"itemListElement\":[{\"@type\":\"ListItem\",\"position\":1,\"name\":\"Home\",\"item\":\"https:\\\/\\\/chemi-3.com\\\/fr\\\/\"},{\"@type\":\"ListItem\",\"position\":2,\"name\":\"Produits\",\"item\":\"https:\\\/\\\/chemi-3.com\\\/fr\\\/shop\\\/\"},{\"@type\":\"ListItem\",\"position\":3,\"name\":\"Rouleau de papier hygi\u00e9nique tork\u00ae universal, 1 \u00e9paisseur, blanc, 1000 feuilles\\\/rouleau 48 rouleaux\\\/caisse\"}]},{\"@type\":\"WebSite\",\"@id\":\"https:\\\/\\\/chemi-3.com\\\/fr\\\/#website\",\"url\":\"https:\\\/\\\/chemi-3.com\\\/fr\\\/\",\"name\":\"Chemi-3 Inc.\",\"description\":\"Montreal&#039;s premier distributor of janitorial, sanitary and commercial products.\",\"publisher\":{\"@id\":\"https:\\\/\\\/chemi-3.com\\\/fr\\\/#organization\"},\"potentialAction\":[{\"@type\":\"SearchAction\",\"target\":{\"@type\":\"EntryPoint\",\"urlTemplate\":\"https:\\\/\\\/chemi-3.com\\\/fr\\\/?s={search_term_string}\"},\"query-input\":{\"@type\":\"PropertyValueSpecification\",\"valueRequired\":true,\"valueName\":\"search_term_string\"}}],\"inLanguage\":\"fr-CA\"},{\"@type\":\"Organization\",\"@id\":\"https:\\\/\\\/chemi-3.com\\\/fr\\\/#organization\",\"name\":\"Chemi-3 Industries Inc.\",\"url\":\"https:\\\/\\\/chemi-3.com\\\/fr\\\/\",\"logo\":{\"@type\":\"ImageObject\",\"inLanguage\":\"fr-CA\",\"@id\":\"https:\\\/\\\/chemi-3.com\\\/fr\\\/#\\\/schema\\\/logo\\\/image\\\/\",\"url\":\"http:\\\/\\\/chemi-3.com\\\/wp-content\\\/uploads\\\/2021\\\/09\\\/Chemi3_logo_transparent_highres.png\",\"contentUrl\":\"http:\\\/\\\/chemi-3.com\\\/wp-content\\\/uploads\\\/2021\\\/09\\\/Chemi3_logo_transparent_highres.png\",\"width\":1000,\"height\":387,\"caption\":\"Chemi-3 Industries Inc.\"},\"image\":{\"@id\":\"https:\\\/\\\/chemi-3.com\\\/fr\\\/#\\\/schema\\\/logo\\\/image\\\/\"},\"sameAs\":[\"https:\\\/\\\/www.facebook.com\\\/chemi3inc\\\/\",\"https:\\\/\\\/x.com\\\/chemi3inc\",\"https:\\\/\\\/www.instagram.com\\\/chemi3inc\\\/\",\"https:\\\/\\\/www.linkedin.com\\\/company\\\/chemi3inc\"]}]}<\/script>\n<!-- \/ Yoast SEO plugin. -->","yoast_head_json":{"title":"Rouleau de papier hygi\u00e9nique tork\u00ae universal, 1 \u00e9paisseur, blanc, 1000 feuilles\/rouleau 48 rouleaux\/caisse &#8211; Chemi-3 Inc.","robots":{"index":"index","follow":"follow","max-snippet":"max-snippet:-1","max-image-preview":"max-image-preview:large","max-video-preview":"max-video-preview:-1"},"canonical":"https:\/\/chemi-3.com\/fr\/product\/rouleau-de-papier-hygienique-tork-universal-1-epaisseur-blanc-1000-feuilles-rouleau-48-rouleaux-caisse\/","og_locale":"fr_CA","og_type":"article","og_title":"Rouleau de papier hygi\u00e9nique tork\u00ae universal, 1 \u00e9paisseur, blanc, 1000 feuilles\/rouleau 48 rouleaux\/caisse &#8211; Chemi-3 Inc.","og_description":"Le papier hygi\u00e9nique Tork\u00ae Universal offre qualit\u00e9, rentabilit\u00e9 et performance. Les rouleaux Tork\u00ae qui durent plus longtemps, aident \u00e0 \u00e9liminer les interruptions de service et se d\u00e9sagr\u00e8gent rapidement, ce qui est id\u00e9al pour tous les syst\u00e8mes de plomberie. Ce papier hygi\u00e9nique est fabriqu\u00e9 \u00e0 partir de mat\u00e9riaux 100 % recycl\u00e9s, certifi\u00e9 ECOLOGO\u00ae et conforme \u00e0 [&hellip;]","og_url":"https:\/\/chemi-3.com\/fr\/product\/rouleau-de-papier-hygienique-tork-universal-1-epaisseur-blanc-1000-feuilles-rouleau-48-rouleaux-caisse\/","og_site_name":"Chemi-3 Inc.","article_publisher":"https:\/\/www.facebook.com\/chemi3inc\/","article_modified_time":"2021-11-05T17:07:44+00:00","og_image":[{"width":469,"height":300,"url":"https:\/\/chemi-3.com\/wp-content\/uploads\/2021\/11\/14101641-20210811023451-1.jpg","type":"image\/jpeg"}],"twitter_card":"summary_large_image","twitter_site":"@chemi3inc","schema":{"@context":"https:\/\/schema.org","@graph":[{"@type":["WebPage","ItemPage"],"@id":"https:\/\/chemi-3.com\/fr\/product\/rouleau-de-papier-hygienique-tork-universal-1-epaisseur-blanc-1000-feuilles-rouleau-48-rouleaux-caisse\/","url":"https:\/\/chemi-3.com\/fr\/product\/rouleau-de-papier-hygienique-tork-universal-1-epaisseur-blanc-1000-feuilles-rouleau-48-rouleaux-caisse\/","name":"Rouleau de papier hygi\u00e9nique tork\u00ae universal, 1 \u00e9paisseur, blanc, 1000 feuilles\/rouleau 48 rouleaux\/caisse &#8211; Chemi-3 Inc.","isPartOf":{"@id":"https:\/\/chemi-3.com\/fr\/#website"},"primaryImageOfPage":{"@id":"https:\/\/chemi-3.com\/fr\/product\/rouleau-de-papier-hygienique-tork-universal-1-epaisseur-blanc-1000-feuilles-rouleau-48-rouleaux-caisse\/#primaryimage"},"image":{"@id":"https:\/\/chemi-3.com\/fr\/product\/rouleau-de-papier-hygienique-tork-universal-1-epaisseur-blanc-1000-feuilles-rouleau-48-rouleaux-caisse\/#primaryimage"},"thumbnailUrl":"https:\/\/chemi-3.com\/wp-content\/uploads\/2021\/11\/14101641-20210811023451-1.jpg","datePublished":"2021-11-05T17:07:17+00:00","dateModified":"2021-11-05T17:07:44+00:00","breadcrumb":{"@id":"https:\/\/chemi-3.com\/fr\/product\/rouleau-de-papier-hygienique-tork-universal-1-epaisseur-blanc-1000-feuilles-rouleau-48-rouleaux-caisse\/#breadcrumb"},"inLanguage":"fr-CA","potentialAction":[{"@type":"ReadAction","target":["https:\/\/chemi-3.com\/fr\/product\/rouleau-de-papier-hygienique-tork-universal-1-epaisseur-blanc-1000-feuilles-rouleau-48-rouleaux-caisse\/"]}]},{"@type":"ImageObject","inLanguage":"fr-CA","@id":"https:\/\/chemi-3.com\/fr\/product\/rouleau-de-papier-hygienique-tork-universal-1-epaisseur-blanc-1000-feuilles-rouleau-48-rouleaux-caisse\/#primaryimage","url":"https:\/\/chemi-3.com\/wp-content\/uploads\/2021\/11\/14101641-20210811023451-1.jpg","contentUrl":"https:\/\/chemi-3.com\/wp-content\/uploads\/2021\/11\/14101641-20210811023451-1.jpg","width":469,"height":300,"caption":"Tork\u00ae Universal Bath Tissue Roll"},{"@type":"BreadcrumbList","@id":"https:\/\/chemi-3.com\/fr\/product\/rouleau-de-papier-hygienique-tork-universal-1-epaisseur-blanc-1000-feuilles-rouleau-48-rouleaux-caisse\/#breadcrumb","itemListElement":[{"@type":"ListItem","position":1,"name":"Home","item":"https:\/\/chemi-3.com\/fr\/"},{"@type":"ListItem","position":2,"name":"Produits","item":"https:\/\/chemi-3.com\/fr\/shop\/"},{"@type":"ListItem","position":3,"name":"Rouleau de papier hygi\u00e9nique tork\u00ae universal, 1 \u00e9paisseur, blanc, 1000 feuilles\/rouleau 48 rouleaux\/caisse"}]},{"@type":"WebSite","@id":"https:\/\/chemi-3.com\/fr\/#website","url":"https:\/\/chemi-3.com\/fr\/","name":"Chemi-3 Inc.","description":"Montreal&#039;s premier distributor of janitorial, sanitary and commercial products.","publisher":{"@id":"https:\/\/chemi-3.com\/fr\/#organization"},"potentialAction":[{"@type":"SearchAction","target":{"@type":"EntryPoint","urlTemplate":"https:\/\/chemi-3.com\/fr\/?s={search_term_string}"},"query-input":{"@type":"PropertyValueSpecification","valueRequired":true,"valueName":"search_term_string"}}],"inLanguage":"fr-CA"},{"@type":"Organization","@id":"https:\/\/chemi-3.com\/fr\/#organization","name":"Chemi-3 Industries Inc.","url":"https:\/\/chemi-3.com\/fr\/","logo":{"@type":"ImageObject","inLanguage":"fr-CA","@id":"https:\/\/chemi-3.com\/fr\/#\/schema\/logo\/image\/","url":"http:\/\/chemi-3.com\/wp-content\/uploads\/2021\/09\/Chemi3_logo_transparent_highres.png","contentUrl":"http:\/\/chemi-3.com\/wp-content\/uploads\/2021\/09\/Chemi3_logo_transparent_highres.png","width":1000,"height":387,"caption":"Chemi-3 Industries Inc."},"image":{"@id":"https:\/\/chemi-3.com\/fr\/#\/schema\/logo\/image\/"},"sameAs":["https:\/\/www.facebook.com\/chemi3inc\/","https:\/\/x.com\/chemi3inc","https:\/\/www.instagram.com\/chemi3inc\/","https:\/\/www.linkedin.com\/company\/chemi3inc"]}]}},"_links":{"self":[{"href":"https:\/\/chemi-3.com\/fr\/wp-json\/wp\/v2\/product\/28068","targetHints":{"allow":["GET"]}}],"collection":[{"href":"https:\/\/chemi-3.com\/fr\/wp-json\/wp\/v2\/product"}],"about":[{"href":"https:\/\/chemi-3.com\/fr\/wp-json\/wp\/v2\/types\/product"}],"replies":[{"embeddable":true,"href":"https:\/\/chemi-3.com\/fr\/wp-json\/wp\/v2\/comments?post=28068"}],"wp:featuredmedia":[{"embeddable":true,"href":"https:\/\/chemi-3.com\/fr\/wp-json\/wp\/v2\/media\/24548"}],"wp:attachment":[{"href":"https:\/\/chemi-3.com\/fr\/wp-json\/wp\/v2\/media?parent=28068"}],"wp:term":[{"taxonomy":"product_brand","embeddable":true,"href":"https:\/\/chemi-3.com\/fr\/wp-json\/wp\/v2\/product_brand?post=28068"},{"taxonomy":"product_cat","embeddable":true,"href":"https:\/\/chemi-3.com\/fr\/wp-json\/wp\/v2\/product_cat?post=28068"},{"taxonomy":"product_tag","embeddable":true,"href":"https:\/\/chemi-3.com\/fr\/wp-json\/wp\/v2\/product_tag?post=28068"}],"curies":[{"name":"wp","href":"https:\/\/api.w.org\/{rel}","templated":true}]}}