{"id":28070,"date":"2021-11-05T13:07:17","date_gmt":"2021-11-05T17:07:17","guid":{"rendered":"https:\/\/chemi-3.com\/product\/papier-hygienique-en-rouleau-geant-universal-de-tork-j-a-2-epaisseurs-diametre-de-88-po\/"},"modified":"2021-11-05T13:07:45","modified_gmt":"2021-11-05T17:07:45","slug":"papier-hygienique-en-rouleau-geant-universal-de-tork-j-a-2-epaisseurs-diametre-de-88-po","status":"publish","type":"product","link":"https:\/\/chemi-3.com\/fr\/product\/papier-hygienique-en-rouleau-geant-universal-de-tork-j-a-2-epaisseurs-diametre-de-88-po\/","title":{"rendered":"Papier hygi\u00e9nique en rouleau g\u00e9ant universal de tork j, \u00e0 2 \u00e9paisseurs, diam\u00e8tre de 8,8 po"},"content":{"rendered":"<body><p>Le papier hygi\u00e9nique \u00e0 2 \u00e9paisseurs en rouleau g\u00e9ant Universal de Tork est synonyme de qualit\u00e9, \u00e9conomie et efficacit\u00e9. Fabriqu\u00e9 avec 100 % de fibres recycl\u00e9es sans colorant ni parfum ajout\u00e9, il contribue \u00e0 la protection de l\u2019environnement et cr\u00e9e une image positive. Sa capacit\u00e9 de d\u00e9sint\u00e9gration rapide en fait un choix id\u00e9al pour tous les syst\u00e8mes de plomberie. Son mandrin universel le rend compatible avec presque tous les distributeurs de papier hygi\u00e9nique format jumbo. La grande durabilit\u00e9 des rouleaux se traduit par moins de remplacements, moins d\u2019entretien et un meilleur contr\u00f4le du gaspillage de papier. Ce papier hygi\u00e9nique a \u00e9t\u00e9 con\u00e7u pour maximiser le rendement et la commodit\u00e9 tout en r\u00e9duisant les co\u00fbts. Les caisses \u00e0 petit volume utilisent environ 40 % moins d\u2019espace de stockage que les caisses de rouleaux classiques. Remplace TJ0922. Certifi\u00e9 \u00c9coLogo\u00ae.<br>\nUnit\u00e9 de mesure : <\/p>\n<\/body>","protected":false},"excerpt":{"rendered":"<p>Le papier hygi\u00e9nique \u00e0 2 \u00e9paisseurs en rouleau g\u00e9ant Universal de Tork est synonyme de qualit\u00e9, \u00e9conomie et efficacit\u00e9. Fabriqu\u00e9 avec 100 % de fibres recycl\u00e9es sans colorant ni parfum ajout\u00e9, il contribue \u00e0 la protection de l\u2019environnement et cr\u00e9e une image positive. Sa capacit\u00e9 de d\u00e9sint\u00e9gration rapide en fait un choix id\u00e9al pour tous [&hellip;]<\/p>\n","protected":false},"featured_media":24551,"comment_status":"closed","ping_status":"open","template":"","meta":{"_et_pb_use_builder":"","_et_pb_old_content":"","_et_gb_content_width":""},"product_brand":[],"product_cat":[12523],"product_tag":[13617,13689,13696],"class_list":{"0":"post-28070","1":"product","2":"type-product","3":"status-publish","4":"has-post-thumbnail","6":"product_cat-papier-hygienique-en-rouleaux-geants","7":"product_tag-essuie-mains-papier-hygienique-et-lingettes","8":"product_tag-lingettes","9":"product_tag-papier-hygienique-en-rouleaux-geants","10":"pa_country-of-origin-united-states","11":"pa_environmental-status-ecologo-fr","12":"pa_is-hazardous-material-non","13":"pa_product-colour-blanc","14":"pa_product-material-kraft-paper","16":"first","17":"instock","18":"taxable","19":"shipping-taxable","20":"purchasable","21":"product-type-simple"},"yoast_head":"<!-- This site is optimized with the Yoast SEO plugin v27.5 - https:\/\/yoast.com\/product\/yoast-seo-wordpress\/ -->\n<title>Papier hygi\u00e9nique en rouleau g\u00e9ant universal de tork j, \u00e0 2 \u00e9paisseurs, diam\u00e8tre de 8,8 po &#8211; Chemi-3 Inc.<\/title>\n<meta name=\"robots\" content=\"index, follow, max-snippet:-1, max-image-preview:large, max-video-preview:-1\" \/>\n<link rel=\"canonical\" href=\"https:\/\/chemi-3.com\/fr\/product\/papier-hygienique-en-rouleau-geant-universal-de-tork-j-a-2-epaisseurs-diametre-de-88-po\/\" \/>\n<meta property=\"og:locale\" content=\"fr_CA\" \/>\n<meta property=\"og:type\" content=\"article\" \/>\n<meta property=\"og:title\" content=\"Papier hygi\u00e9nique en rouleau g\u00e9ant universal de tork j, \u00e0 2 \u00e9paisseurs, diam\u00e8tre de 8,8 po &#8211; Chemi-3 Inc.\" \/>\n<meta property=\"og:description\" content=\"Le papier hygi\u00e9nique \u00e0 2 \u00e9paisseurs en rouleau g\u00e9ant Universal de Tork est synonyme de qualit\u00e9, \u00e9conomie et efficacit\u00e9. Fabriqu\u00e9 avec 100 % de fibres recycl\u00e9es sans colorant ni parfum ajout\u00e9, il contribue \u00e0 la protection de l\u2019environnement et cr\u00e9e une image positive. Sa capacit\u00e9 de d\u00e9sint\u00e9gration rapide en fait un choix id\u00e9al pour tous [&hellip;]\" \/>\n<meta property=\"og:url\" content=\"https:\/\/chemi-3.com\/fr\/product\/papier-hygienique-en-rouleau-geant-universal-de-tork-j-a-2-epaisseurs-diametre-de-88-po\/\" \/>\n<meta property=\"og:site_name\" content=\"Chemi-3 Inc.\" \/>\n<meta property=\"article:publisher\" content=\"https:\/\/www.facebook.com\/chemi3inc\/\" \/>\n<meta property=\"article:modified_time\" content=\"2021-11-05T17:07:45+00:00\" \/>\n<meta property=\"og:image\" content=\"https:\/\/chemi-3.com\/wp-content\/uploads\/2021\/11\/14100924-20210904201749-1.jpg\" \/>\n\t<meta property=\"og:image:width\" content=\"900\" \/>\n\t<meta property=\"og:image:height\" content=\"900\" \/>\n\t<meta property=\"og:image:type\" content=\"image\/jpeg\" \/>\n<meta name=\"twitter:card\" content=\"summary_large_image\" \/>\n<meta name=\"twitter:site\" content=\"@chemi3inc\" \/>\n<meta name=\"twitter:label1\" content=\"Estimation du temps de lecture\" \/>\n\t<meta name=\"twitter:data1\" content=\"1 minute\" \/>\n<script type=\"application\/ld+json\" class=\"yoast-schema-graph\">{\"@context\":\"https:\\\/\\\/schema.org\",\"@graph\":[{\"@type\":[\"WebPage\",\"ItemPage\"],\"@id\":\"https:\\\/\\\/chemi-3.com\\\/fr\\\/product\\\/papier-hygienique-en-rouleau-geant-universal-de-tork-j-a-2-epaisseurs-diametre-de-88-po\\\/\",\"url\":\"https:\\\/\\\/chemi-3.com\\\/fr\\\/product\\\/papier-hygienique-en-rouleau-geant-universal-de-tork-j-a-2-epaisseurs-diametre-de-88-po\\\/\",\"name\":\"Papier hygi\u00e9nique en rouleau g\u00e9ant universal de tork j, \u00e0 2 \u00e9paisseurs, diam\u00e8tre de 8,8 po &#8211; Chemi-3 Inc.\",\"isPartOf\":{\"@id\":\"https:\\\/\\\/chemi-3.com\\\/fr\\\/#website\"},\"primaryImageOfPage\":{\"@id\":\"https:\\\/\\\/chemi-3.com\\\/fr\\\/product\\\/papier-hygienique-en-rouleau-geant-universal-de-tork-j-a-2-epaisseurs-diametre-de-88-po\\\/#primaryimage\"},\"image\":{\"@id\":\"https:\\\/\\\/chemi-3.com\\\/fr\\\/product\\\/papier-hygienique-en-rouleau-geant-universal-de-tork-j-a-2-epaisseurs-diametre-de-88-po\\\/#primaryimage\"},\"thumbnailUrl\":\"https:\\\/\\\/chemi-3.com\\\/wp-content\\\/uploads\\\/2021\\\/11\\\/14100924-20210904201749-1.jpg\",\"datePublished\":\"2021-11-05T17:07:17+00:00\",\"dateModified\":\"2021-11-05T17:07:45+00:00\",\"breadcrumb\":{\"@id\":\"https:\\\/\\\/chemi-3.com\\\/fr\\\/product\\\/papier-hygienique-en-rouleau-geant-universal-de-tork-j-a-2-epaisseurs-diametre-de-88-po\\\/#breadcrumb\"},\"inLanguage\":\"fr-CA\",\"potentialAction\":[{\"@type\":\"ReadAction\",\"target\":[\"https:\\\/\\\/chemi-3.com\\\/fr\\\/product\\\/papier-hygienique-en-rouleau-geant-universal-de-tork-j-a-2-epaisseurs-diametre-de-88-po\\\/\"]}]},{\"@type\":\"ImageObject\",\"inLanguage\":\"fr-CA\",\"@id\":\"https:\\\/\\\/chemi-3.com\\\/fr\\\/product\\\/papier-hygienique-en-rouleau-geant-universal-de-tork-j-a-2-epaisseurs-diametre-de-88-po\\\/#primaryimage\",\"url\":\"https:\\\/\\\/chemi-3.com\\\/wp-content\\\/uploads\\\/2021\\\/11\\\/14100924-20210904201749-1.jpg\",\"contentUrl\":\"https:\\\/\\\/chemi-3.com\\\/wp-content\\\/uploads\\\/2021\\\/11\\\/14100924-20210904201749-1.jpg\",\"width\":900,\"height\":900,\"caption\":\"Tork\u00ae Universal Jumbo Bath Tissue Roll\"},{\"@type\":\"BreadcrumbList\",\"@id\":\"https:\\\/\\\/chemi-3.com\\\/fr\\\/product\\\/papier-hygienique-en-rouleau-geant-universal-de-tork-j-a-2-epaisseurs-diametre-de-88-po\\\/#breadcrumb\",\"itemListElement\":[{\"@type\":\"ListItem\",\"position\":1,\"name\":\"Home\",\"item\":\"https:\\\/\\\/chemi-3.com\\\/fr\\\/\"},{\"@type\":\"ListItem\",\"position\":2,\"name\":\"Produits\",\"item\":\"https:\\\/\\\/chemi-3.com\\\/fr\\\/shop\\\/\"},{\"@type\":\"ListItem\",\"position\":3,\"name\":\"Papier hygi\u00e9nique en rouleau g\u00e9ant universal de tork j, \u00e0 2 \u00e9paisseurs, diam\u00e8tre de 8,8 po\"}]},{\"@type\":\"WebSite\",\"@id\":\"https:\\\/\\\/chemi-3.com\\\/fr\\\/#website\",\"url\":\"https:\\\/\\\/chemi-3.com\\\/fr\\\/\",\"name\":\"Chemi-3 Inc.\",\"description\":\"Montreal&#039;s premier distributor of janitorial, sanitary and commercial products.\",\"publisher\":{\"@id\":\"https:\\\/\\\/chemi-3.com\\\/fr\\\/#organization\"},\"potentialAction\":[{\"@type\":\"SearchAction\",\"target\":{\"@type\":\"EntryPoint\",\"urlTemplate\":\"https:\\\/\\\/chemi-3.com\\\/fr\\\/?s={search_term_string}\"},\"query-input\":{\"@type\":\"PropertyValueSpecification\",\"valueRequired\":true,\"valueName\":\"search_term_string\"}}],\"inLanguage\":\"fr-CA\"},{\"@type\":\"Organization\",\"@id\":\"https:\\\/\\\/chemi-3.com\\\/fr\\\/#organization\",\"name\":\"Chemi-3 Industries Inc.\",\"url\":\"https:\\\/\\\/chemi-3.com\\\/fr\\\/\",\"logo\":{\"@type\":\"ImageObject\",\"inLanguage\":\"fr-CA\",\"@id\":\"https:\\\/\\\/chemi-3.com\\\/fr\\\/#\\\/schema\\\/logo\\\/image\\\/\",\"url\":\"http:\\\/\\\/chemi-3.com\\\/wp-content\\\/uploads\\\/2021\\\/09\\\/Chemi3_logo_transparent_highres.png\",\"contentUrl\":\"http:\\\/\\\/chemi-3.com\\\/wp-content\\\/uploads\\\/2021\\\/09\\\/Chemi3_logo_transparent_highres.png\",\"width\":1000,\"height\":387,\"caption\":\"Chemi-3 Industries Inc.\"},\"image\":{\"@id\":\"https:\\\/\\\/chemi-3.com\\\/fr\\\/#\\\/schema\\\/logo\\\/image\\\/\"},\"sameAs\":[\"https:\\\/\\\/www.facebook.com\\\/chemi3inc\\\/\",\"https:\\\/\\\/x.com\\\/chemi3inc\",\"https:\\\/\\\/www.instagram.com\\\/chemi3inc\\\/\",\"https:\\\/\\\/www.linkedin.com\\\/company\\\/chemi3inc\"]}]}<\/script>\n<!-- \/ Yoast SEO plugin. -->","yoast_head_json":{"title":"Papier hygi\u00e9nique en rouleau g\u00e9ant universal de tork j, \u00e0 2 \u00e9paisseurs, diam\u00e8tre de 8,8 po &#8211; Chemi-3 Inc.","robots":{"index":"index","follow":"follow","max-snippet":"max-snippet:-1","max-image-preview":"max-image-preview:large","max-video-preview":"max-video-preview:-1"},"canonical":"https:\/\/chemi-3.com\/fr\/product\/papier-hygienique-en-rouleau-geant-universal-de-tork-j-a-2-epaisseurs-diametre-de-88-po\/","og_locale":"fr_CA","og_type":"article","og_title":"Papier hygi\u00e9nique en rouleau g\u00e9ant universal de tork j, \u00e0 2 \u00e9paisseurs, diam\u00e8tre de 8,8 po &#8211; Chemi-3 Inc.","og_description":"Le papier hygi\u00e9nique \u00e0 2 \u00e9paisseurs en rouleau g\u00e9ant Universal de Tork est synonyme de qualit\u00e9, \u00e9conomie et efficacit\u00e9. Fabriqu\u00e9 avec 100 % de fibres recycl\u00e9es sans colorant ni parfum ajout\u00e9, il contribue \u00e0 la protection de l\u2019environnement et cr\u00e9e une image positive. Sa capacit\u00e9 de d\u00e9sint\u00e9gration rapide en fait un choix id\u00e9al pour tous [&hellip;]","og_url":"https:\/\/chemi-3.com\/fr\/product\/papier-hygienique-en-rouleau-geant-universal-de-tork-j-a-2-epaisseurs-diametre-de-88-po\/","og_site_name":"Chemi-3 Inc.","article_publisher":"https:\/\/www.facebook.com\/chemi3inc\/","article_modified_time":"2021-11-05T17:07:45+00:00","og_image":[{"width":900,"height":900,"url":"https:\/\/chemi-3.com\/wp-content\/uploads\/2021\/11\/14100924-20210904201749-1.jpg","type":"image\/jpeg"}],"twitter_card":"summary_large_image","twitter_site":"@chemi3inc","twitter_misc":{"Estimation du temps de lecture":"1 minute"},"schema":{"@context":"https:\/\/schema.org","@graph":[{"@type":["WebPage","ItemPage"],"@id":"https:\/\/chemi-3.com\/fr\/product\/papier-hygienique-en-rouleau-geant-universal-de-tork-j-a-2-epaisseurs-diametre-de-88-po\/","url":"https:\/\/chemi-3.com\/fr\/product\/papier-hygienique-en-rouleau-geant-universal-de-tork-j-a-2-epaisseurs-diametre-de-88-po\/","name":"Papier hygi\u00e9nique en rouleau g\u00e9ant universal de tork j, \u00e0 2 \u00e9paisseurs, diam\u00e8tre de 8,8 po &#8211; Chemi-3 Inc.","isPartOf":{"@id":"https:\/\/chemi-3.com\/fr\/#website"},"primaryImageOfPage":{"@id":"https:\/\/chemi-3.com\/fr\/product\/papier-hygienique-en-rouleau-geant-universal-de-tork-j-a-2-epaisseurs-diametre-de-88-po\/#primaryimage"},"image":{"@id":"https:\/\/chemi-3.com\/fr\/product\/papier-hygienique-en-rouleau-geant-universal-de-tork-j-a-2-epaisseurs-diametre-de-88-po\/#primaryimage"},"thumbnailUrl":"https:\/\/chemi-3.com\/wp-content\/uploads\/2021\/11\/14100924-20210904201749-1.jpg","datePublished":"2021-11-05T17:07:17+00:00","dateModified":"2021-11-05T17:07:45+00:00","breadcrumb":{"@id":"https:\/\/chemi-3.com\/fr\/product\/papier-hygienique-en-rouleau-geant-universal-de-tork-j-a-2-epaisseurs-diametre-de-88-po\/#breadcrumb"},"inLanguage":"fr-CA","potentialAction":[{"@type":"ReadAction","target":["https:\/\/chemi-3.com\/fr\/product\/papier-hygienique-en-rouleau-geant-universal-de-tork-j-a-2-epaisseurs-diametre-de-88-po\/"]}]},{"@type":"ImageObject","inLanguage":"fr-CA","@id":"https:\/\/chemi-3.com\/fr\/product\/papier-hygienique-en-rouleau-geant-universal-de-tork-j-a-2-epaisseurs-diametre-de-88-po\/#primaryimage","url":"https:\/\/chemi-3.com\/wp-content\/uploads\/2021\/11\/14100924-20210904201749-1.jpg","contentUrl":"https:\/\/chemi-3.com\/wp-content\/uploads\/2021\/11\/14100924-20210904201749-1.jpg","width":900,"height":900,"caption":"Tork\u00ae Universal Jumbo Bath Tissue Roll"},{"@type":"BreadcrumbList","@id":"https:\/\/chemi-3.com\/fr\/product\/papier-hygienique-en-rouleau-geant-universal-de-tork-j-a-2-epaisseurs-diametre-de-88-po\/#breadcrumb","itemListElement":[{"@type":"ListItem","position":1,"name":"Home","item":"https:\/\/chemi-3.com\/fr\/"},{"@type":"ListItem","position":2,"name":"Produits","item":"https:\/\/chemi-3.com\/fr\/shop\/"},{"@type":"ListItem","position":3,"name":"Papier hygi\u00e9nique en rouleau g\u00e9ant universal de tork j, \u00e0 2 \u00e9paisseurs, diam\u00e8tre de 8,8 po"}]},{"@type":"WebSite","@id":"https:\/\/chemi-3.com\/fr\/#website","url":"https:\/\/chemi-3.com\/fr\/","name":"Chemi-3 Inc.","description":"Montreal&#039;s premier distributor of janitorial, sanitary and commercial products.","publisher":{"@id":"https:\/\/chemi-3.com\/fr\/#organization"},"potentialAction":[{"@type":"SearchAction","target":{"@type":"EntryPoint","urlTemplate":"https:\/\/chemi-3.com\/fr\/?s={search_term_string}"},"query-input":{"@type":"PropertyValueSpecification","valueRequired":true,"valueName":"search_term_string"}}],"inLanguage":"fr-CA"},{"@type":"Organization","@id":"https:\/\/chemi-3.com\/fr\/#organization","name":"Chemi-3 Industries Inc.","url":"https:\/\/chemi-3.com\/fr\/","logo":{"@type":"ImageObject","inLanguage":"fr-CA","@id":"https:\/\/chemi-3.com\/fr\/#\/schema\/logo\/image\/","url":"http:\/\/chemi-3.com\/wp-content\/uploads\/2021\/09\/Chemi3_logo_transparent_highres.png","contentUrl":"http:\/\/chemi-3.com\/wp-content\/uploads\/2021\/09\/Chemi3_logo_transparent_highres.png","width":1000,"height":387,"caption":"Chemi-3 Industries Inc."},"image":{"@id":"https:\/\/chemi-3.com\/fr\/#\/schema\/logo\/image\/"},"sameAs":["https:\/\/www.facebook.com\/chemi3inc\/","https:\/\/x.com\/chemi3inc","https:\/\/www.instagram.com\/chemi3inc\/","https:\/\/www.linkedin.com\/company\/chemi3inc"]}]}},"_links":{"self":[{"href":"https:\/\/chemi-3.com\/fr\/wp-json\/wp\/v2\/product\/28070","targetHints":{"allow":["GET"]}}],"collection":[{"href":"https:\/\/chemi-3.com\/fr\/wp-json\/wp\/v2\/product"}],"about":[{"href":"https:\/\/chemi-3.com\/fr\/wp-json\/wp\/v2\/types\/product"}],"replies":[{"embeddable":true,"href":"https:\/\/chemi-3.com\/fr\/wp-json\/wp\/v2\/comments?post=28070"}],"wp:featuredmedia":[{"embeddable":true,"href":"https:\/\/chemi-3.com\/fr\/wp-json\/wp\/v2\/media\/24551"}],"wp:attachment":[{"href":"https:\/\/chemi-3.com\/fr\/wp-json\/wp\/v2\/media?parent=28070"}],"wp:term":[{"taxonomy":"product_brand","embeddable":true,"href":"https:\/\/chemi-3.com\/fr\/wp-json\/wp\/v2\/product_brand?post=28070"},{"taxonomy":"product_cat","embeddable":true,"href":"https:\/\/chemi-3.com\/fr\/wp-json\/wp\/v2\/product_cat?post=28070"},{"taxonomy":"product_tag","embeddable":true,"href":"https:\/\/chemi-3.com\/fr\/wp-json\/wp\/v2\/product_tag?post=28070"}],"curies":[{"name":"wp","href":"https:\/\/api.w.org\/{rel}","templated":true}]}}