{"id":28088,"date":"2021-11-05T13:07:49","date_gmt":"2021-11-05T17:07:49","guid":{"rendered":"https:\/\/chemi-3.com\/product\/distributeur-p-serviettes-pliees-scott-scottfold-gris-fumee-vendu-comme-un-article-individuel\/"},"modified":"2021-11-05T13:07:58","modified_gmt":"2021-11-05T17:07:58","slug":"distributeur-p-serviettes-pliees-scott-scottfold-gris-fumee-vendu-comme-un-article-individuel","status":"publish","type":"product","link":"https:\/\/chemi-3.com\/fr\/product\/distributeur-p-serviettes-pliees-scott-scottfold-gris-fumee-vendu-comme-un-article-individuel\/","title":{"rendered":"Distributeur p. serviettes pli\u00e9es scott\u00ae scottfold, gris fum\u00e9e, vendu comme un article individuel"},"content":{"rendered":"<body><p>Le distributeur de serviettes pli\u00e9es Kimberly-Clark CorporationMC Scott\u00ae ScottfoldMC avec fen\u00eatre est con\u00e7u pour l\u2019efficacit\u00e9 et l\u2019\u00e9conomie d\u2019espace. Son format compact convient aux espaces restreints et est con\u00e7u pour \u00eatre utilis\u00e9 avec les serviettes de papier Scottfold \u2013 des serviettes populaires connues pour leur garantie de \u00ab\u00a0distribution une \u00e0 la fois, \u00e0 chaque fois\u00a0\u00bb. Les serviettes compatibles de marques Kleenex\u00ae et Scott\u00ae Scottfold peuvent pratiquement \u00e9liminer le d\u00e9chirement pendant la distribution et, donc, le gaspillage. Le corps en plastique blanc r\u00e9siste aux dommages. Il poss\u00e8de des fermetures \u00e0 serrure \u00e0 cl\u00e9 et \u00e0 bouton-poussoir, ce qui facilite la recharge, et le couvercle blanc translucide permet de voir quand une recharge est n\u00e9cessaire. Si vous avez besoin d\u2019un distributeur efficace de serviettes de papier pour un environnement de d\u00e9tail, de commerce ou d\u2019affaires, le distributeur de serviettes Scottfold Compact est un excellent choix.  Il est id\u00e9al pour les environnements d\u2019hospitalit\u00e9, de d\u00e9tail et commerciaux o\u00f9 l\u2019espace est pr\u00e9cieux. Ce produit a des dimensions de 10,75\u00a0po x 9\u00a0po x 4,75\u00a0po et est vendu comme un article individuel.<br>\nUnit\u00e9 de mesure : 1\/EA<\/p>\n<\/body>","protected":false},"excerpt":{"rendered":"<p>Le distributeur de serviettes pli\u00e9es Kimberly-Clark CorporationMC Scott\u00ae ScottfoldMC avec fen\u00eatre est con\u00e7u pour l\u2019efficacit\u00e9 et l\u2019\u00e9conomie d\u2019espace. Son format compact convient aux espaces restreints et est con\u00e7u pour \u00eatre utilis\u00e9 avec les serviettes de papier Scottfold \u2013 des serviettes populaires connues pour leur garantie de \u00ab\u00a0distribution une \u00e0 la fois, \u00e0 chaque fois\u00a0\u00bb. Les [&hellip;]<\/p>\n","protected":false},"featured_media":24579,"comment_status":"closed","ping_status":"open","template":"","meta":{"_et_pb_use_builder":"","_et_pb_old_content":"","_et_gb_content_width":""},"product_brand":[],"product_cat":[12829],"product_tag":[13935,13693,13617,13689],"class_list":{"0":"post-28088","1":"product","2":"type-product","3":"status-publish","4":"has-post-thumbnail","6":"product_cat-distributrices-dessuie-mains-plies","7":"product_tag-distributrices-dessuie-mains-plies","8":"product_tag-essuie-mains-plies","9":"product_tag-essuie-mains-papier-hygienique-et-lingettes","10":"product_tag-lingettes","11":"pa_country-of-origin-united-states","12":"pa_is-hazardous-material-non","13":"pa_product-material-plastique","15":"first","16":"instock","17":"taxable","18":"shipping-taxable","19":"purchasable","20":"product-type-simple"},"yoast_head":"<!-- This site is optimized with the Yoast SEO plugin v27.5 - https:\/\/yoast.com\/product\/yoast-seo-wordpress\/ -->\n<title>Distributeur p. serviettes pli\u00e9es scott\u00ae scottfold, gris fum\u00e9e, vendu comme un article individuel &#8211; Chemi-3 Inc.<\/title>\n<meta name=\"robots\" content=\"index, follow, max-snippet:-1, max-image-preview:large, max-video-preview:-1\" \/>\n<link rel=\"canonical\" href=\"https:\/\/chemi-3.com\/fr\/product\/distributeur-p-serviettes-pliees-scott-scottfold-gris-fumee-vendu-comme-un-article-individuel\/\" \/>\n<meta property=\"og:locale\" content=\"fr_CA\" \/>\n<meta property=\"og:type\" content=\"article\" \/>\n<meta property=\"og:title\" content=\"Distributeur p. serviettes pli\u00e9es scott\u00ae scottfold, gris fum\u00e9e, vendu comme un article individuel &#8211; Chemi-3 Inc.\" \/>\n<meta property=\"og:description\" content=\"Le distributeur de serviettes pli\u00e9es Kimberly-Clark CorporationMC Scott\u00ae ScottfoldMC avec fen\u00eatre est con\u00e7u pour l\u2019efficacit\u00e9 et l\u2019\u00e9conomie d\u2019espace. Son format compact convient aux espaces restreints et est con\u00e7u pour \u00eatre utilis\u00e9 avec les serviettes de papier Scottfold \u2013 des serviettes populaires connues pour leur garantie de \u00ab\u00a0distribution une \u00e0 la fois, \u00e0 chaque fois\u00a0\u00bb. Les [&hellip;]\" \/>\n<meta property=\"og:url\" content=\"https:\/\/chemi-3.com\/fr\/product\/distributeur-p-serviettes-pliees-scott-scottfold-gris-fumee-vendu-comme-un-article-individuel\/\" \/>\n<meta property=\"og:site_name\" content=\"Chemi-3 Inc.\" \/>\n<meta property=\"article:publisher\" content=\"https:\/\/www.facebook.com\/chemi3inc\/\" \/>\n<meta property=\"article:modified_time\" content=\"2021-11-05T17:07:58+00:00\" \/>\n<meta property=\"og:image\" content=\"https:\/\/chemi-3.com\/wp-content\/uploads\/2021\/11\/15400415-09215-main-20210811023451-1.jpg\" \/>\n\t<meta property=\"og:image:width\" content=\"900\" \/>\n\t<meta property=\"og:image:height\" content=\"900\" \/>\n\t<meta property=\"og:image:type\" content=\"image\/jpeg\" \/>\n<meta name=\"twitter:card\" content=\"summary_large_image\" \/>\n<meta name=\"twitter:site\" content=\"@chemi3inc\" \/>\n<meta name=\"twitter:label1\" content=\"Estimation du temps de lecture\" \/>\n\t<meta name=\"twitter:data1\" content=\"1 minute\" \/>\n<script type=\"application\/ld+json\" class=\"yoast-schema-graph\">{\"@context\":\"https:\\\/\\\/schema.org\",\"@graph\":[{\"@type\":[\"WebPage\",\"ItemPage\"],\"@id\":\"https:\\\/\\\/chemi-3.com\\\/fr\\\/product\\\/distributeur-p-serviettes-pliees-scott-scottfold-gris-fumee-vendu-comme-un-article-individuel\\\/\",\"url\":\"https:\\\/\\\/chemi-3.com\\\/fr\\\/product\\\/distributeur-p-serviettes-pliees-scott-scottfold-gris-fumee-vendu-comme-un-article-individuel\\\/\",\"name\":\"Distributeur p. serviettes pli\u00e9es scott\u00ae scottfold, gris fum\u00e9e, vendu comme un article individuel &#8211; Chemi-3 Inc.\",\"isPartOf\":{\"@id\":\"https:\\\/\\\/chemi-3.com\\\/fr\\\/#website\"},\"primaryImageOfPage\":{\"@id\":\"https:\\\/\\\/chemi-3.com\\\/fr\\\/product\\\/distributeur-p-serviettes-pliees-scott-scottfold-gris-fumee-vendu-comme-un-article-individuel\\\/#primaryimage\"},\"image\":{\"@id\":\"https:\\\/\\\/chemi-3.com\\\/fr\\\/product\\\/distributeur-p-serviettes-pliees-scott-scottfold-gris-fumee-vendu-comme-un-article-individuel\\\/#primaryimage\"},\"thumbnailUrl\":\"https:\\\/\\\/chemi-3.com\\\/wp-content\\\/uploads\\\/2021\\\/11\\\/15400415-09215-main-20210811023451-1.jpg\",\"datePublished\":\"2021-11-05T17:07:49+00:00\",\"dateModified\":\"2021-11-05T17:07:58+00:00\",\"breadcrumb\":{\"@id\":\"https:\\\/\\\/chemi-3.com\\\/fr\\\/product\\\/distributeur-p-serviettes-pliees-scott-scottfold-gris-fumee-vendu-comme-un-article-individuel\\\/#breadcrumb\"},\"inLanguage\":\"fr-CA\",\"potentialAction\":[{\"@type\":\"ReadAction\",\"target\":[\"https:\\\/\\\/chemi-3.com\\\/fr\\\/product\\\/distributeur-p-serviettes-pliees-scott-scottfold-gris-fumee-vendu-comme-un-article-individuel\\\/\"]}]},{\"@type\":\"ImageObject\",\"inLanguage\":\"fr-CA\",\"@id\":\"https:\\\/\\\/chemi-3.com\\\/fr\\\/product\\\/distributeur-p-serviettes-pliees-scott-scottfold-gris-fumee-vendu-comme-un-article-individuel\\\/#primaryimage\",\"url\":\"https:\\\/\\\/chemi-3.com\\\/wp-content\\\/uploads\\\/2021\\\/11\\\/15400415-09215-main-20210811023451-1.jpg\",\"contentUrl\":\"https:\\\/\\\/chemi-3.com\\\/wp-content\\\/uploads\\\/2021\\\/11\\\/15400415-09215-main-20210811023451-1.jpg\",\"width\":900,\"height\":900,\"caption\":\"Scott\u00ae Scottfold\u2122 Folded Towel Dispenser\"},{\"@type\":\"BreadcrumbList\",\"@id\":\"https:\\\/\\\/chemi-3.com\\\/fr\\\/product\\\/distributeur-p-serviettes-pliees-scott-scottfold-gris-fumee-vendu-comme-un-article-individuel\\\/#breadcrumb\",\"itemListElement\":[{\"@type\":\"ListItem\",\"position\":1,\"name\":\"Home\",\"item\":\"https:\\\/\\\/chemi-3.com\\\/fr\\\/\"},{\"@type\":\"ListItem\",\"position\":2,\"name\":\"Produits\",\"item\":\"https:\\\/\\\/chemi-3.com\\\/fr\\\/shop\\\/\"},{\"@type\":\"ListItem\",\"position\":3,\"name\":\"Distributeur p. serviettes pli\u00e9es scott\u00ae scottfold, gris fum\u00e9e, vendu comme un article individuel\"}]},{\"@type\":\"WebSite\",\"@id\":\"https:\\\/\\\/chemi-3.com\\\/fr\\\/#website\",\"url\":\"https:\\\/\\\/chemi-3.com\\\/fr\\\/\",\"name\":\"Chemi-3 Inc.\",\"description\":\"Montreal&#039;s premier distributor of janitorial, sanitary and commercial products.\",\"publisher\":{\"@id\":\"https:\\\/\\\/chemi-3.com\\\/fr\\\/#organization\"},\"potentialAction\":[{\"@type\":\"SearchAction\",\"target\":{\"@type\":\"EntryPoint\",\"urlTemplate\":\"https:\\\/\\\/chemi-3.com\\\/fr\\\/?s={search_term_string}\"},\"query-input\":{\"@type\":\"PropertyValueSpecification\",\"valueRequired\":true,\"valueName\":\"search_term_string\"}}],\"inLanguage\":\"fr-CA\"},{\"@type\":\"Organization\",\"@id\":\"https:\\\/\\\/chemi-3.com\\\/fr\\\/#organization\",\"name\":\"Chemi-3 Industries Inc.\",\"url\":\"https:\\\/\\\/chemi-3.com\\\/fr\\\/\",\"logo\":{\"@type\":\"ImageObject\",\"inLanguage\":\"fr-CA\",\"@id\":\"https:\\\/\\\/chemi-3.com\\\/fr\\\/#\\\/schema\\\/logo\\\/image\\\/\",\"url\":\"http:\\\/\\\/chemi-3.com\\\/wp-content\\\/uploads\\\/2021\\\/09\\\/Chemi3_logo_transparent_highres.png\",\"contentUrl\":\"http:\\\/\\\/chemi-3.com\\\/wp-content\\\/uploads\\\/2021\\\/09\\\/Chemi3_logo_transparent_highres.png\",\"width\":1000,\"height\":387,\"caption\":\"Chemi-3 Industries Inc.\"},\"image\":{\"@id\":\"https:\\\/\\\/chemi-3.com\\\/fr\\\/#\\\/schema\\\/logo\\\/image\\\/\"},\"sameAs\":[\"https:\\\/\\\/www.facebook.com\\\/chemi3inc\\\/\",\"https:\\\/\\\/x.com\\\/chemi3inc\",\"https:\\\/\\\/www.instagram.com\\\/chemi3inc\\\/\",\"https:\\\/\\\/www.linkedin.com\\\/company\\\/chemi3inc\"]}]}<\/script>\n<!-- \/ Yoast SEO plugin. -->","yoast_head_json":{"title":"Distributeur p. serviettes pli\u00e9es scott\u00ae scottfold, gris fum\u00e9e, vendu comme un article individuel &#8211; Chemi-3 Inc.","robots":{"index":"index","follow":"follow","max-snippet":"max-snippet:-1","max-image-preview":"max-image-preview:large","max-video-preview":"max-video-preview:-1"},"canonical":"https:\/\/chemi-3.com\/fr\/product\/distributeur-p-serviettes-pliees-scott-scottfold-gris-fumee-vendu-comme-un-article-individuel\/","og_locale":"fr_CA","og_type":"article","og_title":"Distributeur p. serviettes pli\u00e9es scott\u00ae scottfold, gris fum\u00e9e, vendu comme un article individuel &#8211; Chemi-3 Inc.","og_description":"Le distributeur de serviettes pli\u00e9es Kimberly-Clark CorporationMC Scott\u00ae ScottfoldMC avec fen\u00eatre est con\u00e7u pour l\u2019efficacit\u00e9 et l\u2019\u00e9conomie d\u2019espace. Son format compact convient aux espaces restreints et est con\u00e7u pour \u00eatre utilis\u00e9 avec les serviettes de papier Scottfold \u2013 des serviettes populaires connues pour leur garantie de \u00ab\u00a0distribution une \u00e0 la fois, \u00e0 chaque fois\u00a0\u00bb. Les [&hellip;]","og_url":"https:\/\/chemi-3.com\/fr\/product\/distributeur-p-serviettes-pliees-scott-scottfold-gris-fumee-vendu-comme-un-article-individuel\/","og_site_name":"Chemi-3 Inc.","article_publisher":"https:\/\/www.facebook.com\/chemi3inc\/","article_modified_time":"2021-11-05T17:07:58+00:00","og_image":[{"width":900,"height":900,"url":"https:\/\/chemi-3.com\/wp-content\/uploads\/2021\/11\/15400415-09215-main-20210811023451-1.jpg","type":"image\/jpeg"}],"twitter_card":"summary_large_image","twitter_site":"@chemi3inc","twitter_misc":{"Estimation du temps de lecture":"1 minute"},"schema":{"@context":"https:\/\/schema.org","@graph":[{"@type":["WebPage","ItemPage"],"@id":"https:\/\/chemi-3.com\/fr\/product\/distributeur-p-serviettes-pliees-scott-scottfold-gris-fumee-vendu-comme-un-article-individuel\/","url":"https:\/\/chemi-3.com\/fr\/product\/distributeur-p-serviettes-pliees-scott-scottfold-gris-fumee-vendu-comme-un-article-individuel\/","name":"Distributeur p. serviettes pli\u00e9es scott\u00ae scottfold, gris fum\u00e9e, vendu comme un article individuel &#8211; Chemi-3 Inc.","isPartOf":{"@id":"https:\/\/chemi-3.com\/fr\/#website"},"primaryImageOfPage":{"@id":"https:\/\/chemi-3.com\/fr\/product\/distributeur-p-serviettes-pliees-scott-scottfold-gris-fumee-vendu-comme-un-article-individuel\/#primaryimage"},"image":{"@id":"https:\/\/chemi-3.com\/fr\/product\/distributeur-p-serviettes-pliees-scott-scottfold-gris-fumee-vendu-comme-un-article-individuel\/#primaryimage"},"thumbnailUrl":"https:\/\/chemi-3.com\/wp-content\/uploads\/2021\/11\/15400415-09215-main-20210811023451-1.jpg","datePublished":"2021-11-05T17:07:49+00:00","dateModified":"2021-11-05T17:07:58+00:00","breadcrumb":{"@id":"https:\/\/chemi-3.com\/fr\/product\/distributeur-p-serviettes-pliees-scott-scottfold-gris-fumee-vendu-comme-un-article-individuel\/#breadcrumb"},"inLanguage":"fr-CA","potentialAction":[{"@type":"ReadAction","target":["https:\/\/chemi-3.com\/fr\/product\/distributeur-p-serviettes-pliees-scott-scottfold-gris-fumee-vendu-comme-un-article-individuel\/"]}]},{"@type":"ImageObject","inLanguage":"fr-CA","@id":"https:\/\/chemi-3.com\/fr\/product\/distributeur-p-serviettes-pliees-scott-scottfold-gris-fumee-vendu-comme-un-article-individuel\/#primaryimage","url":"https:\/\/chemi-3.com\/wp-content\/uploads\/2021\/11\/15400415-09215-main-20210811023451-1.jpg","contentUrl":"https:\/\/chemi-3.com\/wp-content\/uploads\/2021\/11\/15400415-09215-main-20210811023451-1.jpg","width":900,"height":900,"caption":"Scott\u00ae Scottfold\u2122 Folded Towel Dispenser"},{"@type":"BreadcrumbList","@id":"https:\/\/chemi-3.com\/fr\/product\/distributeur-p-serviettes-pliees-scott-scottfold-gris-fumee-vendu-comme-un-article-individuel\/#breadcrumb","itemListElement":[{"@type":"ListItem","position":1,"name":"Home","item":"https:\/\/chemi-3.com\/fr\/"},{"@type":"ListItem","position":2,"name":"Produits","item":"https:\/\/chemi-3.com\/fr\/shop\/"},{"@type":"ListItem","position":3,"name":"Distributeur p. serviettes pli\u00e9es scott\u00ae scottfold, gris fum\u00e9e, vendu comme un article individuel"}]},{"@type":"WebSite","@id":"https:\/\/chemi-3.com\/fr\/#website","url":"https:\/\/chemi-3.com\/fr\/","name":"Chemi-3 Inc.","description":"Montreal&#039;s premier distributor of janitorial, sanitary and commercial products.","publisher":{"@id":"https:\/\/chemi-3.com\/fr\/#organization"},"potentialAction":[{"@type":"SearchAction","target":{"@type":"EntryPoint","urlTemplate":"https:\/\/chemi-3.com\/fr\/?s={search_term_string}"},"query-input":{"@type":"PropertyValueSpecification","valueRequired":true,"valueName":"search_term_string"}}],"inLanguage":"fr-CA"},{"@type":"Organization","@id":"https:\/\/chemi-3.com\/fr\/#organization","name":"Chemi-3 Industries Inc.","url":"https:\/\/chemi-3.com\/fr\/","logo":{"@type":"ImageObject","inLanguage":"fr-CA","@id":"https:\/\/chemi-3.com\/fr\/#\/schema\/logo\/image\/","url":"http:\/\/chemi-3.com\/wp-content\/uploads\/2021\/09\/Chemi3_logo_transparent_highres.png","contentUrl":"http:\/\/chemi-3.com\/wp-content\/uploads\/2021\/09\/Chemi3_logo_transparent_highres.png","width":1000,"height":387,"caption":"Chemi-3 Industries Inc."},"image":{"@id":"https:\/\/chemi-3.com\/fr\/#\/schema\/logo\/image\/"},"sameAs":["https:\/\/www.facebook.com\/chemi3inc\/","https:\/\/x.com\/chemi3inc","https:\/\/www.instagram.com\/chemi3inc\/","https:\/\/www.linkedin.com\/company\/chemi3inc"]}]}},"_links":{"self":[{"href":"https:\/\/chemi-3.com\/fr\/wp-json\/wp\/v2\/product\/28088","targetHints":{"allow":["GET"]}}],"collection":[{"href":"https:\/\/chemi-3.com\/fr\/wp-json\/wp\/v2\/product"}],"about":[{"href":"https:\/\/chemi-3.com\/fr\/wp-json\/wp\/v2\/types\/product"}],"replies":[{"embeddable":true,"href":"https:\/\/chemi-3.com\/fr\/wp-json\/wp\/v2\/comments?post=28088"}],"wp:featuredmedia":[{"embeddable":true,"href":"https:\/\/chemi-3.com\/fr\/wp-json\/wp\/v2\/media\/24579"}],"wp:attachment":[{"href":"https:\/\/chemi-3.com\/fr\/wp-json\/wp\/v2\/media?parent=28088"}],"wp:term":[{"taxonomy":"product_brand","embeddable":true,"href":"https:\/\/chemi-3.com\/fr\/wp-json\/wp\/v2\/product_brand?post=28088"},{"taxonomy":"product_cat","embeddable":true,"href":"https:\/\/chemi-3.com\/fr\/wp-json\/wp\/v2\/product_cat?post=28088"},{"taxonomy":"product_tag","embeddable":true,"href":"https:\/\/chemi-3.com\/fr\/wp-json\/wp\/v2\/product_tag?post=28088"}],"curies":[{"name":"wp","href":"https:\/\/api.w.org\/{rel}","templated":true}]}}