{"id":28105,"date":"2021-11-05T13:07:49","date_gmt":"2021-11-05T17:07:49","guid":{"rendered":"https:\/\/chemi-3.com\/product\/cadre-et-receptacle-a-dechets-encastre-tork-p-systeme-de-serviettes-en-rouleau-tork-matic-inox-1-cs\/"},"modified":"2021-11-05T13:08:03","modified_gmt":"2021-11-05T17:08:03","slug":"cadre-et-receptacle-a-dechets-encastre-tork-p-systeme-de-serviettes-en-rouleau-tork-matic-inox-1-cs","status":"publish","type":"product","link":"https:\/\/chemi-3.com\/fr\/product\/cadre-et-receptacle-a-dechets-encastre-tork-p-systeme-de-serviettes-en-rouleau-tork-matic-inox-1-cs\/","title":{"rendered":"Cadre et r\u00e9ceptacle \u00e0 d\u00e9chets encastr\u00e9 tork\u00ae p, syst\u00e8me de serviettes en rouleau tork\u00ae matic\u00ae, inox, 1\/cs"},"content":{"rendered":"<body><p>Le cadre et r\u00e9ceptacle \u00e0 d\u00e9chets encastr\u00e9 en inox Tork\u00ae offre une solution \u00e9l\u00e9gante aux clients qui d\u00e9sirent semi-encastrer le syst\u00e8me de serviettes en rouleau Tork\u00ae Matic\u00ae ou Tork\u00ae Matic\u00ae \u00e0 capteur intuitif et design Image. Le r\u00e9ceptacle peut \u00eatre mont\u00e9 dans le mur peu en saillie, mais avec toute sa capacit\u00e9 et son confort. De plus, l\u2019accessoire encastr\u00e9 lib\u00e8re de l\u2019espace de plancher et simplifie l\u2019entretien et le nettoyage. Cet appareil est un cadre encastr\u00e9 de 4\u00a0po sur toute sa hauteur avec r\u00e9ceptacle \u00e0 d\u00e9chets amovible en inox d\u2019\u00e9paisseur 22 verrouill\u00e9 au cadre par une serrure \u00e0 gorge.<br>\nUnit\u00e9 de mesure : 1\/EA<\/p>\n<\/body>","protected":false},"excerpt":{"rendered":"<p>Le cadre et r\u00e9ceptacle \u00e0 d\u00e9chets encastr\u00e9 en inox Tork\u00ae offre une solution \u00e9l\u00e9gante aux clients qui d\u00e9sirent semi-encastrer le syst\u00e8me de serviettes en rouleau Tork\u00ae Matic\u00ae ou Tork\u00ae Matic\u00ae \u00e0 capteur intuitif et design Image. Le r\u00e9ceptacle peut \u00eatre mont\u00e9 dans le mur peu en saillie, mais avec toute sa capacit\u00e9 et son confort. [&hellip;]<\/p>\n","protected":false},"featured_media":24610,"comment_status":"closed","ping_status":"open","template":"","meta":{"_et_pb_use_builder":"","_et_pb_old_content":"","_et_gb_content_width":""},"product_brand":[],"product_cat":[12829],"product_tag":[13935,13693,13617,13689],"class_list":{"0":"post-28105","1":"product","2":"type-product","3":"status-publish","4":"has-post-thumbnail","6":"product_cat-distributrices-dessuie-mains-plies","7":"product_tag-distributrices-dessuie-mains-plies","8":"product_tag-essuie-mains-plies","9":"product_tag-essuie-mains-papier-hygienique-et-lingettes","10":"product_tag-lingettes","11":"pa_country-of-origin-united-states","12":"pa_is-hazardous-material-non","13":"pa_product-colour-argent","14":"pa_product-material-stainless-steel-2","16":"first","17":"instock","18":"taxable","19":"shipping-taxable","20":"purchasable","21":"product-type-simple"},"yoast_head":"<!-- This site is optimized with the Yoast SEO plugin v27.5 - https:\/\/yoast.com\/product\/yoast-seo-wordpress\/ -->\n<title>Cadre et r\u00e9ceptacle \u00e0 d\u00e9chets encastr\u00e9 tork\u00ae p, syst\u00e8me de serviettes en rouleau tork\u00ae matic\u00ae, inox, 1\/cs &#8211; Chemi-3 Inc.<\/title>\n<meta name=\"robots\" content=\"index, follow, max-snippet:-1, max-image-preview:large, max-video-preview:-1\" \/>\n<link rel=\"canonical\" href=\"https:\/\/chemi-3.com\/fr\/product\/cadre-et-receptacle-a-dechets-encastre-tork-p-systeme-de-serviettes-en-rouleau-tork-matic-inox-1-cs\/\" \/>\n<meta property=\"og:locale\" content=\"fr_CA\" \/>\n<meta property=\"og:type\" content=\"article\" \/>\n<meta property=\"og:title\" content=\"Cadre et r\u00e9ceptacle \u00e0 d\u00e9chets encastr\u00e9 tork\u00ae p, syst\u00e8me de serviettes en rouleau tork\u00ae matic\u00ae, inox, 1\/cs &#8211; Chemi-3 Inc.\" \/>\n<meta property=\"og:description\" content=\"Le cadre et r\u00e9ceptacle \u00e0 d\u00e9chets encastr\u00e9 en inox Tork\u00ae offre une solution \u00e9l\u00e9gante aux clients qui d\u00e9sirent semi-encastrer le syst\u00e8me de serviettes en rouleau Tork\u00ae Matic\u00ae ou Tork\u00ae Matic\u00ae \u00e0 capteur intuitif et design Image. Le r\u00e9ceptacle peut \u00eatre mont\u00e9 dans le mur peu en saillie, mais avec toute sa capacit\u00e9 et son confort. [&hellip;]\" \/>\n<meta property=\"og:url\" content=\"https:\/\/chemi-3.com\/fr\/product\/cadre-et-receptacle-a-dechets-encastre-tork-p-systeme-de-serviettes-en-rouleau-tork-matic-inox-1-cs\/\" \/>\n<meta property=\"og:site_name\" content=\"Chemi-3 Inc.\" \/>\n<meta property=\"article:publisher\" content=\"https:\/\/www.facebook.com\/chemi3inc\/\" \/>\n<meta property=\"article:modified_time\" content=\"2021-11-05T17:08:03+00:00\" \/>\n<meta property=\"og:image\" content=\"https:\/\/chemi-3.com\/wp-content\/uploads\/2021\/11\/14100470-20210811023451-1.jpg\" \/>\n\t<meta property=\"og:image:width\" content=\"491\" \/>\n\t<meta property=\"og:image:height\" content=\"900\" \/>\n\t<meta property=\"og:image:type\" content=\"image\/jpeg\" \/>\n<meta name=\"twitter:card\" content=\"summary_large_image\" \/>\n<meta name=\"twitter:site\" content=\"@chemi3inc\" \/>\n<meta name=\"twitter:label1\" content=\"Estimation du temps de lecture\" \/>\n\t<meta name=\"twitter:data1\" content=\"1 minute\" \/>\n<script type=\"application\/ld+json\" class=\"yoast-schema-graph\">{\"@context\":\"https:\\\/\\\/schema.org\",\"@graph\":[{\"@type\":[\"WebPage\",\"ItemPage\"],\"@id\":\"https:\\\/\\\/chemi-3.com\\\/fr\\\/product\\\/cadre-et-receptacle-a-dechets-encastre-tork-p-systeme-de-serviettes-en-rouleau-tork-matic-inox-1-cs\\\/\",\"url\":\"https:\\\/\\\/chemi-3.com\\\/fr\\\/product\\\/cadre-et-receptacle-a-dechets-encastre-tork-p-systeme-de-serviettes-en-rouleau-tork-matic-inox-1-cs\\\/\",\"name\":\"Cadre et r\u00e9ceptacle \u00e0 d\u00e9chets encastr\u00e9 tork\u00ae p, syst\u00e8me de serviettes en rouleau tork\u00ae matic\u00ae, inox, 1\\\/cs &#8211; Chemi-3 Inc.\",\"isPartOf\":{\"@id\":\"https:\\\/\\\/chemi-3.com\\\/fr\\\/#website\"},\"primaryImageOfPage\":{\"@id\":\"https:\\\/\\\/chemi-3.com\\\/fr\\\/product\\\/cadre-et-receptacle-a-dechets-encastre-tork-p-systeme-de-serviettes-en-rouleau-tork-matic-inox-1-cs\\\/#primaryimage\"},\"image\":{\"@id\":\"https:\\\/\\\/chemi-3.com\\\/fr\\\/product\\\/cadre-et-receptacle-a-dechets-encastre-tork-p-systeme-de-serviettes-en-rouleau-tork-matic-inox-1-cs\\\/#primaryimage\"},\"thumbnailUrl\":\"https:\\\/\\\/chemi-3.com\\\/wp-content\\\/uploads\\\/2021\\\/11\\\/14100470-20210811023451-1.jpg\",\"datePublished\":\"2021-11-05T17:07:49+00:00\",\"dateModified\":\"2021-11-05T17:08:03+00:00\",\"breadcrumb\":{\"@id\":\"https:\\\/\\\/chemi-3.com\\\/fr\\\/product\\\/cadre-et-receptacle-a-dechets-encastre-tork-p-systeme-de-serviettes-en-rouleau-tork-matic-inox-1-cs\\\/#breadcrumb\"},\"inLanguage\":\"fr-CA\",\"potentialAction\":[{\"@type\":\"ReadAction\",\"target\":[\"https:\\\/\\\/chemi-3.com\\\/fr\\\/product\\\/cadre-et-receptacle-a-dechets-encastre-tork-p-systeme-de-serviettes-en-rouleau-tork-matic-inox-1-cs\\\/\"]}]},{\"@type\":\"ImageObject\",\"inLanguage\":\"fr-CA\",\"@id\":\"https:\\\/\\\/chemi-3.com\\\/fr\\\/product\\\/cadre-et-receptacle-a-dechets-encastre-tork-p-systeme-de-serviettes-en-rouleau-tork-matic-inox-1-cs\\\/#primaryimage\",\"url\":\"https:\\\/\\\/chemi-3.com\\\/wp-content\\\/uploads\\\/2021\\\/11\\\/14100470-20210811023451-1.jpg\",\"contentUrl\":\"https:\\\/\\\/chemi-3.com\\\/wp-content\\\/uploads\\\/2021\\\/11\\\/14100470-20210811023451-1.jpg\",\"width\":491,\"height\":900,\"caption\":\"Stainless Steel\"},{\"@type\":\"BreadcrumbList\",\"@id\":\"https:\\\/\\\/chemi-3.com\\\/fr\\\/product\\\/cadre-et-receptacle-a-dechets-encastre-tork-p-systeme-de-serviettes-en-rouleau-tork-matic-inox-1-cs\\\/#breadcrumb\",\"itemListElement\":[{\"@type\":\"ListItem\",\"position\":1,\"name\":\"Home\",\"item\":\"https:\\\/\\\/chemi-3.com\\\/fr\\\/\"},{\"@type\":\"ListItem\",\"position\":2,\"name\":\"Produits\",\"item\":\"https:\\\/\\\/chemi-3.com\\\/fr\\\/shop\\\/\"},{\"@type\":\"ListItem\",\"position\":3,\"name\":\"Cadre et r\u00e9ceptacle \u00e0 d\u00e9chets encastr\u00e9 tork\u00ae p, syst\u00e8me de serviettes en rouleau tork\u00ae matic\u00ae, inox, 1\\\/cs\"}]},{\"@type\":\"WebSite\",\"@id\":\"https:\\\/\\\/chemi-3.com\\\/fr\\\/#website\",\"url\":\"https:\\\/\\\/chemi-3.com\\\/fr\\\/\",\"name\":\"Chemi-3 Inc.\",\"description\":\"Montreal&#039;s premier distributor of janitorial, sanitary and commercial products.\",\"publisher\":{\"@id\":\"https:\\\/\\\/chemi-3.com\\\/fr\\\/#organization\"},\"potentialAction\":[{\"@type\":\"SearchAction\",\"target\":{\"@type\":\"EntryPoint\",\"urlTemplate\":\"https:\\\/\\\/chemi-3.com\\\/fr\\\/?s={search_term_string}\"},\"query-input\":{\"@type\":\"PropertyValueSpecification\",\"valueRequired\":true,\"valueName\":\"search_term_string\"}}],\"inLanguage\":\"fr-CA\"},{\"@type\":\"Organization\",\"@id\":\"https:\\\/\\\/chemi-3.com\\\/fr\\\/#organization\",\"name\":\"Chemi-3 Industries Inc.\",\"url\":\"https:\\\/\\\/chemi-3.com\\\/fr\\\/\",\"logo\":{\"@type\":\"ImageObject\",\"inLanguage\":\"fr-CA\",\"@id\":\"https:\\\/\\\/chemi-3.com\\\/fr\\\/#\\\/schema\\\/logo\\\/image\\\/\",\"url\":\"http:\\\/\\\/chemi-3.com\\\/wp-content\\\/uploads\\\/2021\\\/09\\\/Chemi3_logo_transparent_highres.png\",\"contentUrl\":\"http:\\\/\\\/chemi-3.com\\\/wp-content\\\/uploads\\\/2021\\\/09\\\/Chemi3_logo_transparent_highres.png\",\"width\":1000,\"height\":387,\"caption\":\"Chemi-3 Industries Inc.\"},\"image\":{\"@id\":\"https:\\\/\\\/chemi-3.com\\\/fr\\\/#\\\/schema\\\/logo\\\/image\\\/\"},\"sameAs\":[\"https:\\\/\\\/www.facebook.com\\\/chemi3inc\\\/\",\"https:\\\/\\\/x.com\\\/chemi3inc\",\"https:\\\/\\\/www.instagram.com\\\/chemi3inc\\\/\",\"https:\\\/\\\/www.linkedin.com\\\/company\\\/chemi3inc\"]}]}<\/script>\n<!-- \/ Yoast SEO plugin. -->","yoast_head_json":{"title":"Cadre et r\u00e9ceptacle \u00e0 d\u00e9chets encastr\u00e9 tork\u00ae p, syst\u00e8me de serviettes en rouleau tork\u00ae matic\u00ae, inox, 1\/cs &#8211; Chemi-3 Inc.","robots":{"index":"index","follow":"follow","max-snippet":"max-snippet:-1","max-image-preview":"max-image-preview:large","max-video-preview":"max-video-preview:-1"},"canonical":"https:\/\/chemi-3.com\/fr\/product\/cadre-et-receptacle-a-dechets-encastre-tork-p-systeme-de-serviettes-en-rouleau-tork-matic-inox-1-cs\/","og_locale":"fr_CA","og_type":"article","og_title":"Cadre et r\u00e9ceptacle \u00e0 d\u00e9chets encastr\u00e9 tork\u00ae p, syst\u00e8me de serviettes en rouleau tork\u00ae matic\u00ae, inox, 1\/cs &#8211; Chemi-3 Inc.","og_description":"Le cadre et r\u00e9ceptacle \u00e0 d\u00e9chets encastr\u00e9 en inox Tork\u00ae offre une solution \u00e9l\u00e9gante aux clients qui d\u00e9sirent semi-encastrer le syst\u00e8me de serviettes en rouleau Tork\u00ae Matic\u00ae ou Tork\u00ae Matic\u00ae \u00e0 capteur intuitif et design Image. Le r\u00e9ceptacle peut \u00eatre mont\u00e9 dans le mur peu en saillie, mais avec toute sa capacit\u00e9 et son confort. [&hellip;]","og_url":"https:\/\/chemi-3.com\/fr\/product\/cadre-et-receptacle-a-dechets-encastre-tork-p-systeme-de-serviettes-en-rouleau-tork-matic-inox-1-cs\/","og_site_name":"Chemi-3 Inc.","article_publisher":"https:\/\/www.facebook.com\/chemi3inc\/","article_modified_time":"2021-11-05T17:08:03+00:00","og_image":[{"width":491,"height":900,"url":"https:\/\/chemi-3.com\/wp-content\/uploads\/2021\/11\/14100470-20210811023451-1.jpg","type":"image\/jpeg"}],"twitter_card":"summary_large_image","twitter_site":"@chemi3inc","twitter_misc":{"Estimation du temps de lecture":"1 minute"},"schema":{"@context":"https:\/\/schema.org","@graph":[{"@type":["WebPage","ItemPage"],"@id":"https:\/\/chemi-3.com\/fr\/product\/cadre-et-receptacle-a-dechets-encastre-tork-p-systeme-de-serviettes-en-rouleau-tork-matic-inox-1-cs\/","url":"https:\/\/chemi-3.com\/fr\/product\/cadre-et-receptacle-a-dechets-encastre-tork-p-systeme-de-serviettes-en-rouleau-tork-matic-inox-1-cs\/","name":"Cadre et r\u00e9ceptacle \u00e0 d\u00e9chets encastr\u00e9 tork\u00ae p, syst\u00e8me de serviettes en rouleau tork\u00ae matic\u00ae, inox, 1\/cs &#8211; Chemi-3 Inc.","isPartOf":{"@id":"https:\/\/chemi-3.com\/fr\/#website"},"primaryImageOfPage":{"@id":"https:\/\/chemi-3.com\/fr\/product\/cadre-et-receptacle-a-dechets-encastre-tork-p-systeme-de-serviettes-en-rouleau-tork-matic-inox-1-cs\/#primaryimage"},"image":{"@id":"https:\/\/chemi-3.com\/fr\/product\/cadre-et-receptacle-a-dechets-encastre-tork-p-systeme-de-serviettes-en-rouleau-tork-matic-inox-1-cs\/#primaryimage"},"thumbnailUrl":"https:\/\/chemi-3.com\/wp-content\/uploads\/2021\/11\/14100470-20210811023451-1.jpg","datePublished":"2021-11-05T17:07:49+00:00","dateModified":"2021-11-05T17:08:03+00:00","breadcrumb":{"@id":"https:\/\/chemi-3.com\/fr\/product\/cadre-et-receptacle-a-dechets-encastre-tork-p-systeme-de-serviettes-en-rouleau-tork-matic-inox-1-cs\/#breadcrumb"},"inLanguage":"fr-CA","potentialAction":[{"@type":"ReadAction","target":["https:\/\/chemi-3.com\/fr\/product\/cadre-et-receptacle-a-dechets-encastre-tork-p-systeme-de-serviettes-en-rouleau-tork-matic-inox-1-cs\/"]}]},{"@type":"ImageObject","inLanguage":"fr-CA","@id":"https:\/\/chemi-3.com\/fr\/product\/cadre-et-receptacle-a-dechets-encastre-tork-p-systeme-de-serviettes-en-rouleau-tork-matic-inox-1-cs\/#primaryimage","url":"https:\/\/chemi-3.com\/wp-content\/uploads\/2021\/11\/14100470-20210811023451-1.jpg","contentUrl":"https:\/\/chemi-3.com\/wp-content\/uploads\/2021\/11\/14100470-20210811023451-1.jpg","width":491,"height":900,"caption":"Stainless Steel"},{"@type":"BreadcrumbList","@id":"https:\/\/chemi-3.com\/fr\/product\/cadre-et-receptacle-a-dechets-encastre-tork-p-systeme-de-serviettes-en-rouleau-tork-matic-inox-1-cs\/#breadcrumb","itemListElement":[{"@type":"ListItem","position":1,"name":"Home","item":"https:\/\/chemi-3.com\/fr\/"},{"@type":"ListItem","position":2,"name":"Produits","item":"https:\/\/chemi-3.com\/fr\/shop\/"},{"@type":"ListItem","position":3,"name":"Cadre et r\u00e9ceptacle \u00e0 d\u00e9chets encastr\u00e9 tork\u00ae p, syst\u00e8me de serviettes en rouleau tork\u00ae matic\u00ae, inox, 1\/cs"}]},{"@type":"WebSite","@id":"https:\/\/chemi-3.com\/fr\/#website","url":"https:\/\/chemi-3.com\/fr\/","name":"Chemi-3 Inc.","description":"Montreal&#039;s premier distributor of janitorial, sanitary and commercial products.","publisher":{"@id":"https:\/\/chemi-3.com\/fr\/#organization"},"potentialAction":[{"@type":"SearchAction","target":{"@type":"EntryPoint","urlTemplate":"https:\/\/chemi-3.com\/fr\/?s={search_term_string}"},"query-input":{"@type":"PropertyValueSpecification","valueRequired":true,"valueName":"search_term_string"}}],"inLanguage":"fr-CA"},{"@type":"Organization","@id":"https:\/\/chemi-3.com\/fr\/#organization","name":"Chemi-3 Industries Inc.","url":"https:\/\/chemi-3.com\/fr\/","logo":{"@type":"ImageObject","inLanguage":"fr-CA","@id":"https:\/\/chemi-3.com\/fr\/#\/schema\/logo\/image\/","url":"http:\/\/chemi-3.com\/wp-content\/uploads\/2021\/09\/Chemi3_logo_transparent_highres.png","contentUrl":"http:\/\/chemi-3.com\/wp-content\/uploads\/2021\/09\/Chemi3_logo_transparent_highres.png","width":1000,"height":387,"caption":"Chemi-3 Industries Inc."},"image":{"@id":"https:\/\/chemi-3.com\/fr\/#\/schema\/logo\/image\/"},"sameAs":["https:\/\/www.facebook.com\/chemi3inc\/","https:\/\/x.com\/chemi3inc","https:\/\/www.instagram.com\/chemi3inc\/","https:\/\/www.linkedin.com\/company\/chemi3inc"]}]}},"_links":{"self":[{"href":"https:\/\/chemi-3.com\/fr\/wp-json\/wp\/v2\/product\/28105","targetHints":{"allow":["GET"]}}],"collection":[{"href":"https:\/\/chemi-3.com\/fr\/wp-json\/wp\/v2\/product"}],"about":[{"href":"https:\/\/chemi-3.com\/fr\/wp-json\/wp\/v2\/types\/product"}],"replies":[{"embeddable":true,"href":"https:\/\/chemi-3.com\/fr\/wp-json\/wp\/v2\/comments?post=28105"}],"wp:featuredmedia":[{"embeddable":true,"href":"https:\/\/chemi-3.com\/fr\/wp-json\/wp\/v2\/media\/24610"}],"wp:attachment":[{"href":"https:\/\/chemi-3.com\/fr\/wp-json\/wp\/v2\/media?parent=28105"}],"wp:term":[{"taxonomy":"product_brand","embeddable":true,"href":"https:\/\/chemi-3.com\/fr\/wp-json\/wp\/v2\/product_brand?post=28105"},{"taxonomy":"product_cat","embeddable":true,"href":"https:\/\/chemi-3.com\/fr\/wp-json\/wp\/v2\/product_cat?post=28105"},{"taxonomy":"product_tag","embeddable":true,"href":"https:\/\/chemi-3.com\/fr\/wp-json\/wp\/v2\/product_tag?post=28105"}],"curies":[{"name":"wp","href":"https:\/\/api.w.org\/{rel}","templated":true}]}}