{"id":28118,"date":"2021-11-05T13:07:49","date_gmt":"2021-11-05T17:07:49","guid":{"rendered":"https:\/\/chemi-3.com\/product\/serviettes-de-papier-pliees-kleenex-premium-13253-avec-pochettes-absorbantes-a-sechage-rapide-blanches-25-paquets-caisse-120-serviettes-pliees-en-3-paquet-3-000-serviettes-caisse\/"},"modified":"2021-11-05T13:08:09","modified_gmt":"2021-11-05T17:08:09","slug":"serviettes-de-papier-pliees-kleenex-premium-13253-avec-pochettes-absorbantes-a-sechage-rapide-blanches-25-paquets-caisse-120-serviettes-pliees-en-3-paquet-3-000-serviettes-caisse","status":"publish","type":"product","link":"https:\/\/chemi-3.com\/fr\/product\/serviettes-de-papier-pliees-kleenex-premium-13253-avec-pochettes-absorbantes-a-sechage-rapide-blanches-25-paquets-caisse-120-serviettes-pliees-en-3-paquet-3-000-serviettes-caisse\/","title":{"rendered":"Serviettes de papier pli\u00e9es kleenex premium (13253) avec pochettes absorbantes \u00e0 s\u00e9chage rapide, blanches, 25 paquets \/ caisse, 120 serviettes pli\u00e9es en 3 \/ paquet, 3 000 serviettes \/ caisse"},"content":{"rendered":"<body><p>Make wasted paper towels a thing of the past with premium Kleenex Premium Folded Paper Towels. Their unique fold is designed for true one-at-a-time dispensing, every time. They reduce tabbing, tearing and multiple dispensing, which results in less waste \u2013 always good for your business\u2019 bottom line. Plus, they unfold as they dispense, so your guests will know they\u2019re big enough to get the drying job done \u2013 with just one commercial paper towel. Kleenex Premium Folded Bulk Paper Towels feature superior Absorbency Pockets with fast-drying ridges for excellent absorbency and performance. These smartly designed paper towels fit with most universal folded towel dispensers. They are an excellent value, with a guarantee to be cost neutral (versus C-fold towels). Kleenex\u00ae Premium folded towels are a smart, first-class choice for your business!.  3,000 paper towels per case; 120 towels per pack; 25 packs per case. Premium Kleenex folded paper towels feature a patented fold that creates 2-ply thickness and eliminates tearing and tabbing, so your guests and employees will waste less. The white paper disposable hand towels feature exclusive Absorbency Pockets for better absorbency<br>\nUnit\u00e9 de mesure : <\/p>\n<\/body>","protected":false},"excerpt":{"rendered":"<p>Make wasted paper towels a thing of the past with premium Kleenex Premium Folded Paper Towels. Their unique fold is designed for true one-at-a-time dispensing, every time. They reduce tabbing, tearing and multiple dispensing, which results in less waste \u2013 always good for your business\u2019 bottom line. Plus, they unfold as they dispense, so your [&hellip;]<\/p>\n","protected":false},"featured_media":24630,"comment_status":"closed","ping_status":"open","template":"","meta":{"_et_pb_use_builder":"","_et_pb_old_content":"","_et_gb_content_width":""},"product_brand":[],"product_cat":[12830],"product_tag":[13693,13617,13689,13941],"class_list":{"0":"post-28118","1":"product","2":"type-product","3":"status-publish","4":"has-post-thumbnail","6":"product_cat-serviettes-a-plis-multiples","7":"product_tag-essuie-mains-plies","8":"product_tag-essuie-mains-papier-hygienique-et-lingettes","9":"product_tag-lingettes","10":"product_tag-serviettes-a-plis-multiples","11":"pa_country-of-origin-united-states","12":"pa_is-hazardous-material-non","13":"pa_product-colour-blanc","14":"pa_product-material-kraft-paper","16":"first","17":"instock","18":"taxable","19":"shipping-taxable","20":"purchasable","21":"product-type-simple"},"yoast_head":"<!-- This site is optimized with the Yoast SEO plugin v27.6 - https:\/\/yoast.com\/product\/yoast-seo-wordpress\/ -->\n<title>Serviettes de papier pli\u00e9es kleenex premium (13253) avec pochettes absorbantes \u00e0 s\u00e9chage rapide, blanches, 25 paquets \/ caisse, 120 serviettes pli\u00e9es en 3 \/ paquet, 3 000 serviettes \/ caisse &#8211; Chemi-3 Inc.<\/title>\n<meta name=\"robots\" content=\"index, follow, max-snippet:-1, max-image-preview:large, max-video-preview:-1\" \/>\n<link rel=\"canonical\" href=\"https:\/\/chemi-3.com\/fr\/product\/serviettes-de-papier-pliees-kleenex-premium-13253-avec-pochettes-absorbantes-a-sechage-rapide-blanches-25-paquets-caisse-120-serviettes-pliees-en-3-paquet-3-000-serviettes-caisse\/\" \/>\n<meta property=\"og:locale\" content=\"fr_CA\" \/>\n<meta property=\"og:type\" content=\"article\" \/>\n<meta property=\"og:title\" content=\"Serviettes de papier pli\u00e9es kleenex premium (13253) avec pochettes absorbantes \u00e0 s\u00e9chage rapide, blanches, 25 paquets \/ caisse, 120 serviettes pli\u00e9es en 3 \/ paquet, 3 000 serviettes \/ caisse &#8211; Chemi-3 Inc.\" \/>\n<meta property=\"og:description\" content=\"Make wasted paper towels a thing of the past with premium Kleenex Premium Folded Paper Towels. Their unique fold is designed for true one-at-a-time dispensing, every time. They reduce tabbing, tearing and multiple dispensing, which results in less waste \u2013 always good for your business\u2019 bottom line. Plus, they unfold as they dispense, so your [&hellip;]\" \/>\n<meta property=\"og:url\" content=\"https:\/\/chemi-3.com\/fr\/product\/serviettes-de-papier-pliees-kleenex-premium-13253-avec-pochettes-absorbantes-a-sechage-rapide-blanches-25-paquets-caisse-120-serviettes-pliees-en-3-paquet-3-000-serviettes-caisse\/\" \/>\n<meta property=\"og:site_name\" content=\"Chemi-3 Inc.\" \/>\n<meta property=\"article:publisher\" content=\"https:\/\/www.facebook.com\/chemi3inc\/\" \/>\n<meta property=\"article:modified_time\" content=\"2021-11-05T17:08:09+00:00\" \/>\n<meta property=\"og:image\" content=\"https:\/\/chemi-3.com\/wp-content\/uploads\/2021\/11\/15403253-13253-main-20210902030407-1.jpg\" \/>\n\t<meta property=\"og:image:width\" content=\"900\" \/>\n\t<meta property=\"og:image:height\" content=\"900\" \/>\n\t<meta property=\"og:image:type\" content=\"image\/jpeg\" \/>\n<meta name=\"twitter:card\" content=\"summary_large_image\" \/>\n<meta name=\"twitter:site\" content=\"@chemi3inc\" \/>\n<meta name=\"twitter:label1\" content=\"Estimation du temps de lecture\" \/>\n\t<meta name=\"twitter:data1\" content=\"1 minute\" \/>\n<script type=\"application\/ld+json\" class=\"yoast-schema-graph\">{\"@context\":\"https:\\\/\\\/schema.org\",\"@graph\":[{\"@type\":[\"WebPage\",\"ItemPage\"],\"@id\":\"https:\\\/\\\/chemi-3.com\\\/fr\\\/product\\\/serviettes-de-papier-pliees-kleenex-premium-13253-avec-pochettes-absorbantes-a-sechage-rapide-blanches-25-paquets-caisse-120-serviettes-pliees-en-3-paquet-3-000-serviettes-caisse\\\/\",\"url\":\"https:\\\/\\\/chemi-3.com\\\/fr\\\/product\\\/serviettes-de-papier-pliees-kleenex-premium-13253-avec-pochettes-absorbantes-a-sechage-rapide-blanches-25-paquets-caisse-120-serviettes-pliees-en-3-paquet-3-000-serviettes-caisse\\\/\",\"name\":\"Serviettes de papier pli\u00e9es kleenex premium (13253) avec pochettes absorbantes \u00e0 s\u00e9chage rapide, blanches, 25 paquets \\\/ caisse, 120 serviettes pli\u00e9es en 3 \\\/ paquet, 3 000 serviettes \\\/ caisse &#8211; Chemi-3 Inc.\",\"isPartOf\":{\"@id\":\"https:\\\/\\\/chemi-3.com\\\/fr\\\/#website\"},\"primaryImageOfPage\":{\"@id\":\"https:\\\/\\\/chemi-3.com\\\/fr\\\/product\\\/serviettes-de-papier-pliees-kleenex-premium-13253-avec-pochettes-absorbantes-a-sechage-rapide-blanches-25-paquets-caisse-120-serviettes-pliees-en-3-paquet-3-000-serviettes-caisse\\\/#primaryimage\"},\"image\":{\"@id\":\"https:\\\/\\\/chemi-3.com\\\/fr\\\/product\\\/serviettes-de-papier-pliees-kleenex-premium-13253-avec-pochettes-absorbantes-a-sechage-rapide-blanches-25-paquets-caisse-120-serviettes-pliees-en-3-paquet-3-000-serviettes-caisse\\\/#primaryimage\"},\"thumbnailUrl\":\"https:\\\/\\\/chemi-3.com\\\/wp-content\\\/uploads\\\/2021\\\/11\\\/15403253-13253-main-20210902030407-1.jpg\",\"datePublished\":\"2021-11-05T17:07:49+00:00\",\"dateModified\":\"2021-11-05T17:08:09+00:00\",\"breadcrumb\":{\"@id\":\"https:\\\/\\\/chemi-3.com\\\/fr\\\/product\\\/serviettes-de-papier-pliees-kleenex-premium-13253-avec-pochettes-absorbantes-a-sechage-rapide-blanches-25-paquets-caisse-120-serviettes-pliees-en-3-paquet-3-000-serviettes-caisse\\\/#breadcrumb\"},\"inLanguage\":\"fr-CA\",\"potentialAction\":[{\"@type\":\"ReadAction\",\"target\":[\"https:\\\/\\\/chemi-3.com\\\/fr\\\/product\\\/serviettes-de-papier-pliees-kleenex-premium-13253-avec-pochettes-absorbantes-a-sechage-rapide-blanches-25-paquets-caisse-120-serviettes-pliees-en-3-paquet-3-000-serviettes-caisse\\\/\"]}]},{\"@type\":\"ImageObject\",\"inLanguage\":\"fr-CA\",\"@id\":\"https:\\\/\\\/chemi-3.com\\\/fr\\\/product\\\/serviettes-de-papier-pliees-kleenex-premium-13253-avec-pochettes-absorbantes-a-sechage-rapide-blanches-25-paquets-caisse-120-serviettes-pliees-en-3-paquet-3-000-serviettes-caisse\\\/#primaryimage\",\"url\":\"https:\\\/\\\/chemi-3.com\\\/wp-content\\\/uploads\\\/2021\\\/11\\\/15403253-13253-main-20210902030407-1.jpg\",\"contentUrl\":\"https:\\\/\\\/chemi-3.com\\\/wp-content\\\/uploads\\\/2021\\\/11\\\/15403253-13253-main-20210902030407-1.jpg\",\"width\":900,\"height\":900,\"caption\":\"Kleenex Premium Folded Paper Towels (13253) With Fast-Drying Absorbency Pockets\"},{\"@type\":\"BreadcrumbList\",\"@id\":\"https:\\\/\\\/chemi-3.com\\\/fr\\\/product\\\/serviettes-de-papier-pliees-kleenex-premium-13253-avec-pochettes-absorbantes-a-sechage-rapide-blanches-25-paquets-caisse-120-serviettes-pliees-en-3-paquet-3-000-serviettes-caisse\\\/#breadcrumb\",\"itemListElement\":[{\"@type\":\"ListItem\",\"position\":1,\"name\":\"Home\",\"item\":\"https:\\\/\\\/chemi-3.com\\\/fr\\\/\"},{\"@type\":\"ListItem\",\"position\":2,\"name\":\"Produits\",\"item\":\"https:\\\/\\\/chemi-3.com\\\/fr\\\/shop\\\/\"},{\"@type\":\"ListItem\",\"position\":3,\"name\":\"Serviettes de papier pli\u00e9es kleenex premium (13253) avec pochettes absorbantes \u00e0 s\u00e9chage rapide, blanches, 25 paquets \\\/ caisse, 120 serviettes pli\u00e9es en 3 \\\/ paquet, 3 000 serviettes \\\/ caisse\"}]},{\"@type\":\"WebSite\",\"@id\":\"https:\\\/\\\/chemi-3.com\\\/fr\\\/#website\",\"url\":\"https:\\\/\\\/chemi-3.com\\\/fr\\\/\",\"name\":\"Chemi-3 Inc.\",\"description\":\"Montreal&#039;s premier distributor of janitorial, sanitary and commercial products.\",\"publisher\":{\"@id\":\"https:\\\/\\\/chemi-3.com\\\/fr\\\/#organization\"},\"potentialAction\":[{\"@type\":\"SearchAction\",\"target\":{\"@type\":\"EntryPoint\",\"urlTemplate\":\"https:\\\/\\\/chemi-3.com\\\/fr\\\/?s={search_term_string}\"},\"query-input\":{\"@type\":\"PropertyValueSpecification\",\"valueRequired\":true,\"valueName\":\"search_term_string\"}}],\"inLanguage\":\"fr-CA\"},{\"@type\":\"Organization\",\"@id\":\"https:\\\/\\\/chemi-3.com\\\/fr\\\/#organization\",\"name\":\"Chemi-3 Industries Inc.\",\"url\":\"https:\\\/\\\/chemi-3.com\\\/fr\\\/\",\"logo\":{\"@type\":\"ImageObject\",\"inLanguage\":\"fr-CA\",\"@id\":\"https:\\\/\\\/chemi-3.com\\\/fr\\\/#\\\/schema\\\/logo\\\/image\\\/\",\"url\":\"http:\\\/\\\/chemi-3.com\\\/wp-content\\\/uploads\\\/2021\\\/09\\\/Chemi3_logo_transparent_highres.png\",\"contentUrl\":\"http:\\\/\\\/chemi-3.com\\\/wp-content\\\/uploads\\\/2021\\\/09\\\/Chemi3_logo_transparent_highres.png\",\"width\":1000,\"height\":387,\"caption\":\"Chemi-3 Industries Inc.\"},\"image\":{\"@id\":\"https:\\\/\\\/chemi-3.com\\\/fr\\\/#\\\/schema\\\/logo\\\/image\\\/\"},\"sameAs\":[\"https:\\\/\\\/www.facebook.com\\\/chemi3inc\\\/\",\"https:\\\/\\\/x.com\\\/chemi3inc\",\"https:\\\/\\\/www.instagram.com\\\/chemi3inc\\\/\",\"https:\\\/\\\/www.linkedin.com\\\/company\\\/chemi3inc\"]}]}<\/script>\n<!-- \/ Yoast SEO plugin. -->","yoast_head_json":{"title":"Serviettes de papier pli\u00e9es kleenex premium (13253) avec pochettes absorbantes \u00e0 s\u00e9chage rapide, blanches, 25 paquets \/ caisse, 120 serviettes pli\u00e9es en 3 \/ paquet, 3 000 serviettes \/ caisse &#8211; Chemi-3 Inc.","robots":{"index":"index","follow":"follow","max-snippet":"max-snippet:-1","max-image-preview":"max-image-preview:large","max-video-preview":"max-video-preview:-1"},"canonical":"https:\/\/chemi-3.com\/fr\/product\/serviettes-de-papier-pliees-kleenex-premium-13253-avec-pochettes-absorbantes-a-sechage-rapide-blanches-25-paquets-caisse-120-serviettes-pliees-en-3-paquet-3-000-serviettes-caisse\/","og_locale":"fr_CA","og_type":"article","og_title":"Serviettes de papier pli\u00e9es kleenex premium (13253) avec pochettes absorbantes \u00e0 s\u00e9chage rapide, blanches, 25 paquets \/ caisse, 120 serviettes pli\u00e9es en 3 \/ paquet, 3 000 serviettes \/ caisse &#8211; Chemi-3 Inc.","og_description":"Make wasted paper towels a thing of the past with premium Kleenex Premium Folded Paper Towels. Their unique fold is designed for true one-at-a-time dispensing, every time. They reduce tabbing, tearing and multiple dispensing, which results in less waste \u2013 always good for your business\u2019 bottom line. Plus, they unfold as they dispense, so your [&hellip;]","og_url":"https:\/\/chemi-3.com\/fr\/product\/serviettes-de-papier-pliees-kleenex-premium-13253-avec-pochettes-absorbantes-a-sechage-rapide-blanches-25-paquets-caisse-120-serviettes-pliees-en-3-paquet-3-000-serviettes-caisse\/","og_site_name":"Chemi-3 Inc.","article_publisher":"https:\/\/www.facebook.com\/chemi3inc\/","article_modified_time":"2021-11-05T17:08:09+00:00","og_image":[{"width":900,"height":900,"url":"https:\/\/chemi-3.com\/wp-content\/uploads\/2021\/11\/15403253-13253-main-20210902030407-1.jpg","type":"image\/jpeg"}],"twitter_card":"summary_large_image","twitter_site":"@chemi3inc","twitter_misc":{"Estimation du temps de lecture":"1 minute"},"schema":{"@context":"https:\/\/schema.org","@graph":[{"@type":["WebPage","ItemPage"],"@id":"https:\/\/chemi-3.com\/fr\/product\/serviettes-de-papier-pliees-kleenex-premium-13253-avec-pochettes-absorbantes-a-sechage-rapide-blanches-25-paquets-caisse-120-serviettes-pliees-en-3-paquet-3-000-serviettes-caisse\/","url":"https:\/\/chemi-3.com\/fr\/product\/serviettes-de-papier-pliees-kleenex-premium-13253-avec-pochettes-absorbantes-a-sechage-rapide-blanches-25-paquets-caisse-120-serviettes-pliees-en-3-paquet-3-000-serviettes-caisse\/","name":"Serviettes de papier pli\u00e9es kleenex premium (13253) avec pochettes absorbantes \u00e0 s\u00e9chage rapide, blanches, 25 paquets \/ caisse, 120 serviettes pli\u00e9es en 3 \/ paquet, 3 000 serviettes \/ caisse &#8211; Chemi-3 Inc.","isPartOf":{"@id":"https:\/\/chemi-3.com\/fr\/#website"},"primaryImageOfPage":{"@id":"https:\/\/chemi-3.com\/fr\/product\/serviettes-de-papier-pliees-kleenex-premium-13253-avec-pochettes-absorbantes-a-sechage-rapide-blanches-25-paquets-caisse-120-serviettes-pliees-en-3-paquet-3-000-serviettes-caisse\/#primaryimage"},"image":{"@id":"https:\/\/chemi-3.com\/fr\/product\/serviettes-de-papier-pliees-kleenex-premium-13253-avec-pochettes-absorbantes-a-sechage-rapide-blanches-25-paquets-caisse-120-serviettes-pliees-en-3-paquet-3-000-serviettes-caisse\/#primaryimage"},"thumbnailUrl":"https:\/\/chemi-3.com\/wp-content\/uploads\/2021\/11\/15403253-13253-main-20210902030407-1.jpg","datePublished":"2021-11-05T17:07:49+00:00","dateModified":"2021-11-05T17:08:09+00:00","breadcrumb":{"@id":"https:\/\/chemi-3.com\/fr\/product\/serviettes-de-papier-pliees-kleenex-premium-13253-avec-pochettes-absorbantes-a-sechage-rapide-blanches-25-paquets-caisse-120-serviettes-pliees-en-3-paquet-3-000-serviettes-caisse\/#breadcrumb"},"inLanguage":"fr-CA","potentialAction":[{"@type":"ReadAction","target":["https:\/\/chemi-3.com\/fr\/product\/serviettes-de-papier-pliees-kleenex-premium-13253-avec-pochettes-absorbantes-a-sechage-rapide-blanches-25-paquets-caisse-120-serviettes-pliees-en-3-paquet-3-000-serviettes-caisse\/"]}]},{"@type":"ImageObject","inLanguage":"fr-CA","@id":"https:\/\/chemi-3.com\/fr\/product\/serviettes-de-papier-pliees-kleenex-premium-13253-avec-pochettes-absorbantes-a-sechage-rapide-blanches-25-paquets-caisse-120-serviettes-pliees-en-3-paquet-3-000-serviettes-caisse\/#primaryimage","url":"https:\/\/chemi-3.com\/wp-content\/uploads\/2021\/11\/15403253-13253-main-20210902030407-1.jpg","contentUrl":"https:\/\/chemi-3.com\/wp-content\/uploads\/2021\/11\/15403253-13253-main-20210902030407-1.jpg","width":900,"height":900,"caption":"Kleenex Premium Folded Paper Towels (13253) With Fast-Drying Absorbency Pockets"},{"@type":"BreadcrumbList","@id":"https:\/\/chemi-3.com\/fr\/product\/serviettes-de-papier-pliees-kleenex-premium-13253-avec-pochettes-absorbantes-a-sechage-rapide-blanches-25-paquets-caisse-120-serviettes-pliees-en-3-paquet-3-000-serviettes-caisse\/#breadcrumb","itemListElement":[{"@type":"ListItem","position":1,"name":"Home","item":"https:\/\/chemi-3.com\/fr\/"},{"@type":"ListItem","position":2,"name":"Produits","item":"https:\/\/chemi-3.com\/fr\/shop\/"},{"@type":"ListItem","position":3,"name":"Serviettes de papier pli\u00e9es kleenex premium (13253) avec pochettes absorbantes \u00e0 s\u00e9chage rapide, blanches, 25 paquets \/ caisse, 120 serviettes pli\u00e9es en 3 \/ paquet, 3 000 serviettes \/ caisse"}]},{"@type":"WebSite","@id":"https:\/\/chemi-3.com\/fr\/#website","url":"https:\/\/chemi-3.com\/fr\/","name":"Chemi-3 Inc.","description":"Montreal&#039;s premier distributor of janitorial, sanitary and commercial products.","publisher":{"@id":"https:\/\/chemi-3.com\/fr\/#organization"},"potentialAction":[{"@type":"SearchAction","target":{"@type":"EntryPoint","urlTemplate":"https:\/\/chemi-3.com\/fr\/?s={search_term_string}"},"query-input":{"@type":"PropertyValueSpecification","valueRequired":true,"valueName":"search_term_string"}}],"inLanguage":"fr-CA"},{"@type":"Organization","@id":"https:\/\/chemi-3.com\/fr\/#organization","name":"Chemi-3 Industries Inc.","url":"https:\/\/chemi-3.com\/fr\/","logo":{"@type":"ImageObject","inLanguage":"fr-CA","@id":"https:\/\/chemi-3.com\/fr\/#\/schema\/logo\/image\/","url":"http:\/\/chemi-3.com\/wp-content\/uploads\/2021\/09\/Chemi3_logo_transparent_highres.png","contentUrl":"http:\/\/chemi-3.com\/wp-content\/uploads\/2021\/09\/Chemi3_logo_transparent_highres.png","width":1000,"height":387,"caption":"Chemi-3 Industries Inc."},"image":{"@id":"https:\/\/chemi-3.com\/fr\/#\/schema\/logo\/image\/"},"sameAs":["https:\/\/www.facebook.com\/chemi3inc\/","https:\/\/x.com\/chemi3inc","https:\/\/www.instagram.com\/chemi3inc\/","https:\/\/www.linkedin.com\/company\/chemi3inc"]}]}},"_links":{"self":[{"href":"https:\/\/chemi-3.com\/fr\/wp-json\/wp\/v2\/product\/28118","targetHints":{"allow":["GET"]}}],"collection":[{"href":"https:\/\/chemi-3.com\/fr\/wp-json\/wp\/v2\/product"}],"about":[{"href":"https:\/\/chemi-3.com\/fr\/wp-json\/wp\/v2\/types\/product"}],"replies":[{"embeddable":true,"href":"https:\/\/chemi-3.com\/fr\/wp-json\/wp\/v2\/comments?post=28118"}],"wp:featuredmedia":[{"embeddable":true,"href":"https:\/\/chemi-3.com\/fr\/wp-json\/wp\/v2\/media\/24630"}],"wp:attachment":[{"href":"https:\/\/chemi-3.com\/fr\/wp-json\/wp\/v2\/media?parent=28118"}],"wp:term":[{"taxonomy":"product_brand","embeddable":true,"href":"https:\/\/chemi-3.com\/fr\/wp-json\/wp\/v2\/product_brand?post=28118"},{"taxonomy":"product_cat","embeddable":true,"href":"https:\/\/chemi-3.com\/fr\/wp-json\/wp\/v2\/product_cat?post=28118"},{"taxonomy":"product_tag","embeddable":true,"href":"https:\/\/chemi-3.com\/fr\/wp-json\/wp\/v2\/product_tag?post=28118"}],"curies":[{"name":"wp","href":"https:\/\/api.w.org\/{rel}","templated":true}]}}