{"id":28124,"date":"2021-11-05T13:07:49","date_gmt":"2021-11-05T17:07:49","guid":{"rendered":"https:\/\/chemi-3.com\/product\/essuie-mains-a-plis-multiples-scott\/"},"modified":"2021-11-05T13:08:11","modified_gmt":"2021-11-05T17:08:11","slug":"essuie-mains-a-plis-multiples-scott","status":"publish","type":"product","link":"https:\/\/chemi-3.com\/fr\/product\/essuie-mains-a-plis-multiples-scott\/","title":{"rendered":"Essuie-mains \u00e0 plis multiples scott*"},"content":{"rendered":"<body><p>Que vous ayez besoin d\u2019essuie-mains commerciaux pour la cuisine ou les toilettes de votre bureau, les essuie-mains Scott \u00e0 plis multiples sont un choix excellent et \u00e9conomique aussi. Les paquets de 250 unit\u00e9s (16 paquets par caisse) contiennent des essuie-mains commerciaux dot\u00e9s de la technologie Pochettes absorbantes\u2122 capable d\u00b4absorber rapidement beaucoup d\u2019eau et d\u00b4offrir un s\u00e9chage sup\u00e9rieur des mains. Ils sont con\u00e7us pour r\u00e9duire les d\u00e9chets dans votre bureau ou votre entreprise, car ils s\u2019int\u00e8grent dans n\u2019importe quel distributeur universel pour essuie-mains \u00e0 trois ou plusieurs plis, ce qui permet de contr\u00f4ler la surutilisation. Fabriqu\u00e9s avec 40 % de d\u00e9chets postconsommation et 60 % de fibres recycl\u00e9es, r\u00e9pondant aux normes de l\u2019EPA et \u00e9tant certifi\u00e9s FSC\u00ae et \u00c9coLogo, vous savez que les essuie-mains pli\u00e9s Scott sont un excellent choix. Avec les produits de la marque Scott de Kimberly-Clark Professional vous pouvez obtenir la qualit\u00e9 et les performances sur lesquelles vous comptez tout en respectant votre budget. En fait, ces produits peuvent r\u00e9ellement vous aider \u00e0 r\u00e9duire le temps et les co\u00fbts d\u00b4entretien gr\u00e2ce \u00e0 des innovations comme les syst\u00e8mes de distribution sans contact \u00e0 haute capacit\u00e9. La marque Scott est connue pour sa qualit\u00e9 constante \u00e0 un prix abordable. Si l\u2019aspect pratique et la valeur sont vos principaux crit\u00e8res pour les produits de toilette professionnels, faites confiance \u00e0 la marque Scott.<br>\nUnit\u00e9 de mesure : <\/p>\n<\/body>","protected":false},"excerpt":{"rendered":"<p>Que vous ayez besoin d\u2019essuie-mains commerciaux pour la cuisine ou les toilettes de votre bureau, les essuie-mains Scott \u00e0 plis multiples sont un choix excellent et \u00e9conomique aussi. Les paquets de 250 unit\u00e9s (16 paquets par caisse) contiennent des essuie-mains commerciaux dot\u00e9s de la technologie Pochettes absorbantes\u2122 capable d\u00b4absorber rapidement beaucoup d\u2019eau et d\u00b4offrir un [&hellip;]<\/p>\n","protected":false},"featured_media":24641,"comment_status":"closed","ping_status":"open","template":"","meta":{"_et_pb_use_builder":"","_et_pb_old_content":"","_et_gb_content_width":""},"product_brand":[],"product_cat":[12830],"product_tag":[13693,13617,13689,13941],"class_list":{"0":"post-28124","1":"product","2":"type-product","3":"status-publish","4":"has-post-thumbnail","6":"product_cat-serviettes-a-plis-multiples","7":"product_tag-essuie-mains-plies","8":"product_tag-essuie-mains-papier-hygienique-et-lingettes","9":"product_tag-lingettes","10":"product_tag-serviettes-a-plis-multiples","11":"pa_country-of-origin-united-states","12":"pa_is-hazardous-material-non","13":"pa_product-colour-blanc","14":"pa_product-material-kraft-paper","16":"first","17":"instock","18":"taxable","19":"shipping-taxable","20":"purchasable","21":"product-type-simple"},"yoast_head":"<!-- This site is optimized with the Yoast SEO plugin v27.5 - https:\/\/yoast.com\/product\/yoast-seo-wordpress\/ -->\n<title>Essuie-mains \u00e0 plis multiples scott* &#8211; Chemi-3 Inc.<\/title>\n<meta name=\"robots\" content=\"index, follow, max-snippet:-1, max-image-preview:large, max-video-preview:-1\" \/>\n<link rel=\"canonical\" href=\"https:\/\/chemi-3.com\/fr\/product\/essuie-mains-a-plis-multiples-scott\/\" \/>\n<meta property=\"og:locale\" content=\"fr_CA\" \/>\n<meta property=\"og:type\" content=\"article\" \/>\n<meta property=\"og:title\" content=\"Essuie-mains \u00e0 plis multiples scott* &#8211; Chemi-3 Inc.\" \/>\n<meta property=\"og:description\" content=\"Que vous ayez besoin d\u2019essuie-mains commerciaux pour la cuisine ou les toilettes de votre bureau, les essuie-mains Scott \u00e0 plis multiples sont un choix excellent et \u00e9conomique aussi. Les paquets de 250 unit\u00e9s (16 paquets par caisse) contiennent des essuie-mains commerciaux dot\u00e9s de la technologie Pochettes absorbantes\u2122 capable d\u00b4absorber rapidement beaucoup d\u2019eau et d\u00b4offrir un [&hellip;]\" \/>\n<meta property=\"og:url\" content=\"https:\/\/chemi-3.com\/fr\/product\/essuie-mains-a-plis-multiples-scott\/\" \/>\n<meta property=\"og:site_name\" content=\"Chemi-3 Inc.\" \/>\n<meta property=\"article:publisher\" content=\"https:\/\/www.facebook.com\/chemi3inc\/\" \/>\n<meta property=\"article:modified_time\" content=\"2021-11-05T17:08:11+00:00\" \/>\n<meta property=\"og:image\" content=\"https:\/\/chemi-3.com\/wp-content\/uploads\/2021\/11\/15400450-01804-main-20210904201749-1.jpg\" \/>\n\t<meta property=\"og:image:width\" content=\"900\" \/>\n\t<meta property=\"og:image:height\" content=\"900\" \/>\n\t<meta property=\"og:image:type\" content=\"image\/jpeg\" \/>\n<meta name=\"twitter:card\" content=\"summary_large_image\" \/>\n<meta name=\"twitter:site\" content=\"@chemi3inc\" \/>\n<meta name=\"twitter:label1\" content=\"Estimation du temps de lecture\" \/>\n\t<meta name=\"twitter:data1\" content=\"1 minute\" \/>\n<script type=\"application\/ld+json\" class=\"yoast-schema-graph\">{\"@context\":\"https:\\\/\\\/schema.org\",\"@graph\":[{\"@type\":[\"WebPage\",\"ItemPage\"],\"@id\":\"https:\\\/\\\/chemi-3.com\\\/fr\\\/product\\\/essuie-mains-a-plis-multiples-scott\\\/\",\"url\":\"https:\\\/\\\/chemi-3.com\\\/fr\\\/product\\\/essuie-mains-a-plis-multiples-scott\\\/\",\"name\":\"Essuie-mains \u00e0 plis multiples scott* &#8211; Chemi-3 Inc.\",\"isPartOf\":{\"@id\":\"https:\\\/\\\/chemi-3.com\\\/fr\\\/#website\"},\"primaryImageOfPage\":{\"@id\":\"https:\\\/\\\/chemi-3.com\\\/fr\\\/product\\\/essuie-mains-a-plis-multiples-scott\\\/#primaryimage\"},\"image\":{\"@id\":\"https:\\\/\\\/chemi-3.com\\\/fr\\\/product\\\/essuie-mains-a-plis-multiples-scott\\\/#primaryimage\"},\"thumbnailUrl\":\"https:\\\/\\\/chemi-3.com\\\/wp-content\\\/uploads\\\/2021\\\/11\\\/15400450-01804-main-20210904201749-1.jpg\",\"datePublished\":\"2021-11-05T17:07:49+00:00\",\"dateModified\":\"2021-11-05T17:08:11+00:00\",\"breadcrumb\":{\"@id\":\"https:\\\/\\\/chemi-3.com\\\/fr\\\/product\\\/essuie-mains-a-plis-multiples-scott\\\/#breadcrumb\"},\"inLanguage\":\"fr-CA\",\"potentialAction\":[{\"@type\":\"ReadAction\",\"target\":[\"https:\\\/\\\/chemi-3.com\\\/fr\\\/product\\\/essuie-mains-a-plis-multiples-scott\\\/\"]}]},{\"@type\":\"ImageObject\",\"inLanguage\":\"fr-CA\",\"@id\":\"https:\\\/\\\/chemi-3.com\\\/fr\\\/product\\\/essuie-mains-a-plis-multiples-scott\\\/#primaryimage\",\"url\":\"https:\\\/\\\/chemi-3.com\\\/wp-content\\\/uploads\\\/2021\\\/11\\\/15400450-01804-main-20210904201749-1.jpg\",\"contentUrl\":\"https:\\\/\\\/chemi-3.com\\\/wp-content\\\/uploads\\\/2021\\\/11\\\/15400450-01804-main-20210904201749-1.jpg\",\"width\":900,\"height\":900,\"caption\":\"Scott\u00ae Essential Folded Towel\"},{\"@type\":\"BreadcrumbList\",\"@id\":\"https:\\\/\\\/chemi-3.com\\\/fr\\\/product\\\/essuie-mains-a-plis-multiples-scott\\\/#breadcrumb\",\"itemListElement\":[{\"@type\":\"ListItem\",\"position\":1,\"name\":\"Home\",\"item\":\"https:\\\/\\\/chemi-3.com\\\/fr\\\/\"},{\"@type\":\"ListItem\",\"position\":2,\"name\":\"Produits\",\"item\":\"https:\\\/\\\/chemi-3.com\\\/fr\\\/shop\\\/\"},{\"@type\":\"ListItem\",\"position\":3,\"name\":\"Essuie-mains \u00e0 plis multiples scott*\"}]},{\"@type\":\"WebSite\",\"@id\":\"https:\\\/\\\/chemi-3.com\\\/fr\\\/#website\",\"url\":\"https:\\\/\\\/chemi-3.com\\\/fr\\\/\",\"name\":\"Chemi-3 Inc.\",\"description\":\"Montreal&#039;s premier distributor of janitorial, sanitary and commercial products.\",\"publisher\":{\"@id\":\"https:\\\/\\\/chemi-3.com\\\/fr\\\/#organization\"},\"potentialAction\":[{\"@type\":\"SearchAction\",\"target\":{\"@type\":\"EntryPoint\",\"urlTemplate\":\"https:\\\/\\\/chemi-3.com\\\/fr\\\/?s={search_term_string}\"},\"query-input\":{\"@type\":\"PropertyValueSpecification\",\"valueRequired\":true,\"valueName\":\"search_term_string\"}}],\"inLanguage\":\"fr-CA\"},{\"@type\":\"Organization\",\"@id\":\"https:\\\/\\\/chemi-3.com\\\/fr\\\/#organization\",\"name\":\"Chemi-3 Industries Inc.\",\"url\":\"https:\\\/\\\/chemi-3.com\\\/fr\\\/\",\"logo\":{\"@type\":\"ImageObject\",\"inLanguage\":\"fr-CA\",\"@id\":\"https:\\\/\\\/chemi-3.com\\\/fr\\\/#\\\/schema\\\/logo\\\/image\\\/\",\"url\":\"http:\\\/\\\/chemi-3.com\\\/wp-content\\\/uploads\\\/2021\\\/09\\\/Chemi3_logo_transparent_highres.png\",\"contentUrl\":\"http:\\\/\\\/chemi-3.com\\\/wp-content\\\/uploads\\\/2021\\\/09\\\/Chemi3_logo_transparent_highres.png\",\"width\":1000,\"height\":387,\"caption\":\"Chemi-3 Industries Inc.\"},\"image\":{\"@id\":\"https:\\\/\\\/chemi-3.com\\\/fr\\\/#\\\/schema\\\/logo\\\/image\\\/\"},\"sameAs\":[\"https:\\\/\\\/www.facebook.com\\\/chemi3inc\\\/\",\"https:\\\/\\\/x.com\\\/chemi3inc\",\"https:\\\/\\\/www.instagram.com\\\/chemi3inc\\\/\",\"https:\\\/\\\/www.linkedin.com\\\/company\\\/chemi3inc\"]}]}<\/script>\n<!-- \/ Yoast SEO plugin. -->","yoast_head_json":{"title":"Essuie-mains \u00e0 plis multiples scott* &#8211; Chemi-3 Inc.","robots":{"index":"index","follow":"follow","max-snippet":"max-snippet:-1","max-image-preview":"max-image-preview:large","max-video-preview":"max-video-preview:-1"},"canonical":"https:\/\/chemi-3.com\/fr\/product\/essuie-mains-a-plis-multiples-scott\/","og_locale":"fr_CA","og_type":"article","og_title":"Essuie-mains \u00e0 plis multiples scott* &#8211; Chemi-3 Inc.","og_description":"Que vous ayez besoin d\u2019essuie-mains commerciaux pour la cuisine ou les toilettes de votre bureau, les essuie-mains Scott \u00e0 plis multiples sont un choix excellent et \u00e9conomique aussi. Les paquets de 250 unit\u00e9s (16 paquets par caisse) contiennent des essuie-mains commerciaux dot\u00e9s de la technologie Pochettes absorbantes\u2122 capable d\u00b4absorber rapidement beaucoup d\u2019eau et d\u00b4offrir un [&hellip;]","og_url":"https:\/\/chemi-3.com\/fr\/product\/essuie-mains-a-plis-multiples-scott\/","og_site_name":"Chemi-3 Inc.","article_publisher":"https:\/\/www.facebook.com\/chemi3inc\/","article_modified_time":"2021-11-05T17:08:11+00:00","og_image":[{"width":900,"height":900,"url":"https:\/\/chemi-3.com\/wp-content\/uploads\/2021\/11\/15400450-01804-main-20210904201749-1.jpg","type":"image\/jpeg"}],"twitter_card":"summary_large_image","twitter_site":"@chemi3inc","twitter_misc":{"Estimation du temps de lecture":"1 minute"},"schema":{"@context":"https:\/\/schema.org","@graph":[{"@type":["WebPage","ItemPage"],"@id":"https:\/\/chemi-3.com\/fr\/product\/essuie-mains-a-plis-multiples-scott\/","url":"https:\/\/chemi-3.com\/fr\/product\/essuie-mains-a-plis-multiples-scott\/","name":"Essuie-mains \u00e0 plis multiples scott* &#8211; Chemi-3 Inc.","isPartOf":{"@id":"https:\/\/chemi-3.com\/fr\/#website"},"primaryImageOfPage":{"@id":"https:\/\/chemi-3.com\/fr\/product\/essuie-mains-a-plis-multiples-scott\/#primaryimage"},"image":{"@id":"https:\/\/chemi-3.com\/fr\/product\/essuie-mains-a-plis-multiples-scott\/#primaryimage"},"thumbnailUrl":"https:\/\/chemi-3.com\/wp-content\/uploads\/2021\/11\/15400450-01804-main-20210904201749-1.jpg","datePublished":"2021-11-05T17:07:49+00:00","dateModified":"2021-11-05T17:08:11+00:00","breadcrumb":{"@id":"https:\/\/chemi-3.com\/fr\/product\/essuie-mains-a-plis-multiples-scott\/#breadcrumb"},"inLanguage":"fr-CA","potentialAction":[{"@type":"ReadAction","target":["https:\/\/chemi-3.com\/fr\/product\/essuie-mains-a-plis-multiples-scott\/"]}]},{"@type":"ImageObject","inLanguage":"fr-CA","@id":"https:\/\/chemi-3.com\/fr\/product\/essuie-mains-a-plis-multiples-scott\/#primaryimage","url":"https:\/\/chemi-3.com\/wp-content\/uploads\/2021\/11\/15400450-01804-main-20210904201749-1.jpg","contentUrl":"https:\/\/chemi-3.com\/wp-content\/uploads\/2021\/11\/15400450-01804-main-20210904201749-1.jpg","width":900,"height":900,"caption":"Scott\u00ae Essential Folded Towel"},{"@type":"BreadcrumbList","@id":"https:\/\/chemi-3.com\/fr\/product\/essuie-mains-a-plis-multiples-scott\/#breadcrumb","itemListElement":[{"@type":"ListItem","position":1,"name":"Home","item":"https:\/\/chemi-3.com\/fr\/"},{"@type":"ListItem","position":2,"name":"Produits","item":"https:\/\/chemi-3.com\/fr\/shop\/"},{"@type":"ListItem","position":3,"name":"Essuie-mains \u00e0 plis multiples scott*"}]},{"@type":"WebSite","@id":"https:\/\/chemi-3.com\/fr\/#website","url":"https:\/\/chemi-3.com\/fr\/","name":"Chemi-3 Inc.","description":"Montreal&#039;s premier distributor of janitorial, sanitary and commercial products.","publisher":{"@id":"https:\/\/chemi-3.com\/fr\/#organization"},"potentialAction":[{"@type":"SearchAction","target":{"@type":"EntryPoint","urlTemplate":"https:\/\/chemi-3.com\/fr\/?s={search_term_string}"},"query-input":{"@type":"PropertyValueSpecification","valueRequired":true,"valueName":"search_term_string"}}],"inLanguage":"fr-CA"},{"@type":"Organization","@id":"https:\/\/chemi-3.com\/fr\/#organization","name":"Chemi-3 Industries Inc.","url":"https:\/\/chemi-3.com\/fr\/","logo":{"@type":"ImageObject","inLanguage":"fr-CA","@id":"https:\/\/chemi-3.com\/fr\/#\/schema\/logo\/image\/","url":"http:\/\/chemi-3.com\/wp-content\/uploads\/2021\/09\/Chemi3_logo_transparent_highres.png","contentUrl":"http:\/\/chemi-3.com\/wp-content\/uploads\/2021\/09\/Chemi3_logo_transparent_highres.png","width":1000,"height":387,"caption":"Chemi-3 Industries Inc."},"image":{"@id":"https:\/\/chemi-3.com\/fr\/#\/schema\/logo\/image\/"},"sameAs":["https:\/\/www.facebook.com\/chemi3inc\/","https:\/\/x.com\/chemi3inc","https:\/\/www.instagram.com\/chemi3inc\/","https:\/\/www.linkedin.com\/company\/chemi3inc"]}]}},"_links":{"self":[{"href":"https:\/\/chemi-3.com\/fr\/wp-json\/wp\/v2\/product\/28124","targetHints":{"allow":["GET"]}}],"collection":[{"href":"https:\/\/chemi-3.com\/fr\/wp-json\/wp\/v2\/product"}],"about":[{"href":"https:\/\/chemi-3.com\/fr\/wp-json\/wp\/v2\/types\/product"}],"replies":[{"embeddable":true,"href":"https:\/\/chemi-3.com\/fr\/wp-json\/wp\/v2\/comments?post=28124"}],"wp:featuredmedia":[{"embeddable":true,"href":"https:\/\/chemi-3.com\/fr\/wp-json\/wp\/v2\/media\/24641"}],"wp:attachment":[{"href":"https:\/\/chemi-3.com\/fr\/wp-json\/wp\/v2\/media?parent=28124"}],"wp:term":[{"taxonomy":"product_brand","embeddable":true,"href":"https:\/\/chemi-3.com\/fr\/wp-json\/wp\/v2\/product_brand?post=28124"},{"taxonomy":"product_cat","embeddable":true,"href":"https:\/\/chemi-3.com\/fr\/wp-json\/wp\/v2\/product_cat?post=28124"},{"taxonomy":"product_tag","embeddable":true,"href":"https:\/\/chemi-3.com\/fr\/wp-json\/wp\/v2\/product_tag?post=28124"}],"curies":[{"name":"wp","href":"https:\/\/api.w.org\/{rel}","templated":true}]}}