{"id":28134,"date":"2021-11-05T13:08:16","date_gmt":"2021-11-05T17:08:16","guid":{"rendered":"https:\/\/chemi-3.com\/product\/essuie-mains-a-plis-multiples-universal-de-tork-naturel-250-feuilles\/"},"modified":"2021-11-05T13:08:17","modified_gmt":"2021-11-05T17:08:17","slug":"essuie-mains-a-plis-multiples-universal-de-tork-naturel-250-feuilles","status":"publish","type":"product","link":"https:\/\/chemi-3.com\/fr\/product\/essuie-mains-a-plis-multiples-universal-de-tork-naturel-250-feuilles\/","title":{"rendered":"Essuie-mains \u00e0 plis multiples universal de tork, naturel, 250 feuilles"},"content":{"rendered":"<body><p>Les essuie-mains \u00e0 plis multiples \u00e0 3 panneaux Universal de Tork offrent la bonne combinaison d\u2019efficacit\u00e9 et d\u2019\u00e9conomie. La texture en relief am\u00e9liore la sensation dans les mains et la performance maximale. Le concept plis multiples offre qualit\u00e9 et valeur pour les salles de pause \u00e0 fort achalandage. Id\u00e9al pour les toilettes \u00e0 fr\u00e9quentation moyenne. Il permet de consommer moins de serviettes, ce qui entra\u00eene une r\u00e9duction \u00e0 la source, un gain d\u2019espace de stockage et une diminution des co\u00fbts globaux. Haute r\u00e9sistance \u00e0 l\u2019humidit\u00e9 con\u00e7ue pour satisfaire vos utilisateurs les plus exigeants. L\u2019absorption rapide permet de contr\u00f4ler l\u2019utilisation, ce qui vous permet de r\u00e9duire les d\u00e9chets et le temps consacr\u00e9 \u00e0 l\u2019entretien. Le service d\u2019essuie-mains \u00ab sans contact \u00bb garantit l\u2019hygi\u00e8ne. Les essuie-mains sont fabriqu\u00e9es \u00e0 partir de fibres recycl\u00e9es \u00e0 100 % et d\u2019un minimum de 50 % de fibres postconsommation, ce qui pr\u00e9sente des avantages pour l\u2019environnement et contribue \u00e0 la cr\u00e9ation d\u2019une image positive. Certifi\u00e9 \u00c9coLogo et Green Seal. Conforme \u00e0 l\u2019EPA. Compostable. V\u00e9rifi\u00e9 par un organisme de v\u00e9rification ind\u00e9pendant. \u00c0 utiliser avec le distributeur d\u2019essuie-mains pli\u00e9s en C\/\u00e0 plis multiples Universal de Tork 73TR.<br>\nUnit\u00e9 de mesure : <\/p>\n<\/body>","protected":false},"excerpt":{"rendered":"<p>Les essuie-mains \u00e0 plis multiples \u00e0 3 panneaux Universal de Tork offrent la bonne combinaison d\u2019efficacit\u00e9 et d\u2019\u00e9conomie. La texture en relief am\u00e9liore la sensation dans les mains et la performance maximale. Le concept plis multiples offre qualit\u00e9 et valeur pour les salles de pause \u00e0 fort achalandage. Id\u00e9al pour les toilettes \u00e0 fr\u00e9quentation moyenne. [&hellip;]<\/p>\n","protected":false},"featured_media":24658,"comment_status":"closed","ping_status":"open","template":"","meta":{"_et_pb_use_builder":"","_et_pb_old_content":"","_et_gb_content_width":""},"product_brand":[],"product_cat":[12830],"product_tag":[13693,13617,13689,13941],"class_list":{"0":"post-28134","1":"product","2":"type-product","3":"status-publish","4":"has-post-thumbnail","6":"product_cat-serviettes-a-plis-multiples","7":"product_tag-essuie-mains-plies","8":"product_tag-essuie-mains-papier-hygienique-et-lingettes","9":"product_tag-lingettes","10":"product_tag-serviettes-a-plis-multiples","11":"pa_country-of-origin-united-states","12":"pa_is-hazardous-material-non","13":"pa_product-colour-naturelle","14":"pa_product-material-kraft-paper","16":"first","17":"instock","18":"taxable","19":"shipping-taxable","20":"purchasable","21":"product-type-simple"},"yoast_head":"<!-- This site is optimized with the Yoast SEO plugin v27.6 - https:\/\/yoast.com\/product\/yoast-seo-wordpress\/ -->\n<title>Essuie-mains \u00e0 plis multiples universal de tork, naturel, 250 feuilles &#8211; Chemi-3 Inc.<\/title>\n<meta name=\"robots\" content=\"index, follow, max-snippet:-1, max-image-preview:large, max-video-preview:-1\" \/>\n<link rel=\"canonical\" href=\"https:\/\/chemi-3.com\/fr\/product\/essuie-mains-a-plis-multiples-universal-de-tork-naturel-250-feuilles\/\" \/>\n<meta property=\"og:locale\" content=\"fr_CA\" \/>\n<meta property=\"og:type\" content=\"article\" \/>\n<meta property=\"og:title\" content=\"Essuie-mains \u00e0 plis multiples universal de tork, naturel, 250 feuilles &#8211; Chemi-3 Inc.\" \/>\n<meta property=\"og:description\" content=\"Les essuie-mains \u00e0 plis multiples \u00e0 3 panneaux Universal de Tork offrent la bonne combinaison d\u2019efficacit\u00e9 et d\u2019\u00e9conomie. La texture en relief am\u00e9liore la sensation dans les mains et la performance maximale. Le concept plis multiples offre qualit\u00e9 et valeur pour les salles de pause \u00e0 fort achalandage. Id\u00e9al pour les toilettes \u00e0 fr\u00e9quentation moyenne. [&hellip;]\" \/>\n<meta property=\"og:url\" content=\"https:\/\/chemi-3.com\/fr\/product\/essuie-mains-a-plis-multiples-universal-de-tork-naturel-250-feuilles\/\" \/>\n<meta property=\"og:site_name\" content=\"Chemi-3 Inc.\" \/>\n<meta property=\"article:publisher\" content=\"https:\/\/www.facebook.com\/chemi3inc\/\" \/>\n<meta property=\"article:modified_time\" content=\"2021-11-05T17:08:17+00:00\" \/>\n<meta property=\"og:image\" content=\"https:\/\/chemi-3.com\/wp-content\/uploads\/2021\/11\/14100520-20210904201749-1.jpg\" \/>\n\t<meta property=\"og:image:width\" content=\"900\" \/>\n\t<meta property=\"og:image:height\" content=\"900\" \/>\n\t<meta property=\"og:image:type\" content=\"image\/jpeg\" \/>\n<meta name=\"twitter:card\" content=\"summary_large_image\" \/>\n<meta name=\"twitter:site\" content=\"@chemi3inc\" \/>\n<meta name=\"twitter:label1\" content=\"Estimation du temps de lecture\" \/>\n\t<meta name=\"twitter:data1\" content=\"1 minute\" \/>\n<script type=\"application\/ld+json\" class=\"yoast-schema-graph\">{\"@context\":\"https:\\\/\\\/schema.org\",\"@graph\":[{\"@type\":[\"WebPage\",\"ItemPage\"],\"@id\":\"https:\\\/\\\/chemi-3.com\\\/fr\\\/product\\\/essuie-mains-a-plis-multiples-universal-de-tork-naturel-250-feuilles\\\/\",\"url\":\"https:\\\/\\\/chemi-3.com\\\/fr\\\/product\\\/essuie-mains-a-plis-multiples-universal-de-tork-naturel-250-feuilles\\\/\",\"name\":\"Essuie-mains \u00e0 plis multiples universal de tork, naturel, 250 feuilles &#8211; Chemi-3 Inc.\",\"isPartOf\":{\"@id\":\"https:\\\/\\\/chemi-3.com\\\/fr\\\/#website\"},\"primaryImageOfPage\":{\"@id\":\"https:\\\/\\\/chemi-3.com\\\/fr\\\/product\\\/essuie-mains-a-plis-multiples-universal-de-tork-naturel-250-feuilles\\\/#primaryimage\"},\"image\":{\"@id\":\"https:\\\/\\\/chemi-3.com\\\/fr\\\/product\\\/essuie-mains-a-plis-multiples-universal-de-tork-naturel-250-feuilles\\\/#primaryimage\"},\"thumbnailUrl\":\"https:\\\/\\\/chemi-3.com\\\/wp-content\\\/uploads\\\/2021\\\/11\\\/14100520-20210904201749-1.jpg\",\"datePublished\":\"2021-11-05T17:08:16+00:00\",\"dateModified\":\"2021-11-05T17:08:17+00:00\",\"breadcrumb\":{\"@id\":\"https:\\\/\\\/chemi-3.com\\\/fr\\\/product\\\/essuie-mains-a-plis-multiples-universal-de-tork-naturel-250-feuilles\\\/#breadcrumb\"},\"inLanguage\":\"fr-CA\",\"potentialAction\":[{\"@type\":\"ReadAction\",\"target\":[\"https:\\\/\\\/chemi-3.com\\\/fr\\\/product\\\/essuie-mains-a-plis-multiples-universal-de-tork-naturel-250-feuilles\\\/\"]}]},{\"@type\":\"ImageObject\",\"inLanguage\":\"fr-CA\",\"@id\":\"https:\\\/\\\/chemi-3.com\\\/fr\\\/product\\\/essuie-mains-a-plis-multiples-universal-de-tork-naturel-250-feuilles\\\/#primaryimage\",\"url\":\"https:\\\/\\\/chemi-3.com\\\/wp-content\\\/uploads\\\/2021\\\/11\\\/14100520-20210904201749-1.jpg\",\"contentUrl\":\"https:\\\/\\\/chemi-3.com\\\/wp-content\\\/uploads\\\/2021\\\/11\\\/14100520-20210904201749-1.jpg\",\"width\":900,\"height\":900,\"caption\":\"Tork\u00ae Universal Multifold Hand Towel\"},{\"@type\":\"BreadcrumbList\",\"@id\":\"https:\\\/\\\/chemi-3.com\\\/fr\\\/product\\\/essuie-mains-a-plis-multiples-universal-de-tork-naturel-250-feuilles\\\/#breadcrumb\",\"itemListElement\":[{\"@type\":\"ListItem\",\"position\":1,\"name\":\"Home\",\"item\":\"https:\\\/\\\/chemi-3.com\\\/fr\\\/\"},{\"@type\":\"ListItem\",\"position\":2,\"name\":\"Produits\",\"item\":\"https:\\\/\\\/chemi-3.com\\\/fr\\\/shop\\\/\"},{\"@type\":\"ListItem\",\"position\":3,\"name\":\"Essuie-mains \u00e0 plis multiples universal de tork, naturel, 250 feuilles\"}]},{\"@type\":\"WebSite\",\"@id\":\"https:\\\/\\\/chemi-3.com\\\/fr\\\/#website\",\"url\":\"https:\\\/\\\/chemi-3.com\\\/fr\\\/\",\"name\":\"Chemi-3 Inc.\",\"description\":\"Montreal&#039;s premier distributor of janitorial, sanitary and commercial products.\",\"publisher\":{\"@id\":\"https:\\\/\\\/chemi-3.com\\\/fr\\\/#organization\"},\"potentialAction\":[{\"@type\":\"SearchAction\",\"target\":{\"@type\":\"EntryPoint\",\"urlTemplate\":\"https:\\\/\\\/chemi-3.com\\\/fr\\\/?s={search_term_string}\"},\"query-input\":{\"@type\":\"PropertyValueSpecification\",\"valueRequired\":true,\"valueName\":\"search_term_string\"}}],\"inLanguage\":\"fr-CA\"},{\"@type\":\"Organization\",\"@id\":\"https:\\\/\\\/chemi-3.com\\\/fr\\\/#organization\",\"name\":\"Chemi-3 Industries Inc.\",\"url\":\"https:\\\/\\\/chemi-3.com\\\/fr\\\/\",\"logo\":{\"@type\":\"ImageObject\",\"inLanguage\":\"fr-CA\",\"@id\":\"https:\\\/\\\/chemi-3.com\\\/fr\\\/#\\\/schema\\\/logo\\\/image\\\/\",\"url\":\"http:\\\/\\\/chemi-3.com\\\/wp-content\\\/uploads\\\/2021\\\/09\\\/Chemi3_logo_transparent_highres.png\",\"contentUrl\":\"http:\\\/\\\/chemi-3.com\\\/wp-content\\\/uploads\\\/2021\\\/09\\\/Chemi3_logo_transparent_highres.png\",\"width\":1000,\"height\":387,\"caption\":\"Chemi-3 Industries Inc.\"},\"image\":{\"@id\":\"https:\\\/\\\/chemi-3.com\\\/fr\\\/#\\\/schema\\\/logo\\\/image\\\/\"},\"sameAs\":[\"https:\\\/\\\/www.facebook.com\\\/chemi3inc\\\/\",\"https:\\\/\\\/x.com\\\/chemi3inc\",\"https:\\\/\\\/www.instagram.com\\\/chemi3inc\\\/\",\"https:\\\/\\\/www.linkedin.com\\\/company\\\/chemi3inc\"]}]}<\/script>\n<!-- \/ Yoast SEO plugin. -->","yoast_head_json":{"title":"Essuie-mains \u00e0 plis multiples universal de tork, naturel, 250 feuilles &#8211; Chemi-3 Inc.","robots":{"index":"index","follow":"follow","max-snippet":"max-snippet:-1","max-image-preview":"max-image-preview:large","max-video-preview":"max-video-preview:-1"},"canonical":"https:\/\/chemi-3.com\/fr\/product\/essuie-mains-a-plis-multiples-universal-de-tork-naturel-250-feuilles\/","og_locale":"fr_CA","og_type":"article","og_title":"Essuie-mains \u00e0 plis multiples universal de tork, naturel, 250 feuilles &#8211; Chemi-3 Inc.","og_description":"Les essuie-mains \u00e0 plis multiples \u00e0 3 panneaux Universal de Tork offrent la bonne combinaison d\u2019efficacit\u00e9 et d\u2019\u00e9conomie. La texture en relief am\u00e9liore la sensation dans les mains et la performance maximale. Le concept plis multiples offre qualit\u00e9 et valeur pour les salles de pause \u00e0 fort achalandage. Id\u00e9al pour les toilettes \u00e0 fr\u00e9quentation moyenne. [&hellip;]","og_url":"https:\/\/chemi-3.com\/fr\/product\/essuie-mains-a-plis-multiples-universal-de-tork-naturel-250-feuilles\/","og_site_name":"Chemi-3 Inc.","article_publisher":"https:\/\/www.facebook.com\/chemi3inc\/","article_modified_time":"2021-11-05T17:08:17+00:00","og_image":[{"width":900,"height":900,"url":"https:\/\/chemi-3.com\/wp-content\/uploads\/2021\/11\/14100520-20210904201749-1.jpg","type":"image\/jpeg"}],"twitter_card":"summary_large_image","twitter_site":"@chemi3inc","twitter_misc":{"Estimation du temps de lecture":"1 minute"},"schema":{"@context":"https:\/\/schema.org","@graph":[{"@type":["WebPage","ItemPage"],"@id":"https:\/\/chemi-3.com\/fr\/product\/essuie-mains-a-plis-multiples-universal-de-tork-naturel-250-feuilles\/","url":"https:\/\/chemi-3.com\/fr\/product\/essuie-mains-a-plis-multiples-universal-de-tork-naturel-250-feuilles\/","name":"Essuie-mains \u00e0 plis multiples universal de tork, naturel, 250 feuilles &#8211; Chemi-3 Inc.","isPartOf":{"@id":"https:\/\/chemi-3.com\/fr\/#website"},"primaryImageOfPage":{"@id":"https:\/\/chemi-3.com\/fr\/product\/essuie-mains-a-plis-multiples-universal-de-tork-naturel-250-feuilles\/#primaryimage"},"image":{"@id":"https:\/\/chemi-3.com\/fr\/product\/essuie-mains-a-plis-multiples-universal-de-tork-naturel-250-feuilles\/#primaryimage"},"thumbnailUrl":"https:\/\/chemi-3.com\/wp-content\/uploads\/2021\/11\/14100520-20210904201749-1.jpg","datePublished":"2021-11-05T17:08:16+00:00","dateModified":"2021-11-05T17:08:17+00:00","breadcrumb":{"@id":"https:\/\/chemi-3.com\/fr\/product\/essuie-mains-a-plis-multiples-universal-de-tork-naturel-250-feuilles\/#breadcrumb"},"inLanguage":"fr-CA","potentialAction":[{"@type":"ReadAction","target":["https:\/\/chemi-3.com\/fr\/product\/essuie-mains-a-plis-multiples-universal-de-tork-naturel-250-feuilles\/"]}]},{"@type":"ImageObject","inLanguage":"fr-CA","@id":"https:\/\/chemi-3.com\/fr\/product\/essuie-mains-a-plis-multiples-universal-de-tork-naturel-250-feuilles\/#primaryimage","url":"https:\/\/chemi-3.com\/wp-content\/uploads\/2021\/11\/14100520-20210904201749-1.jpg","contentUrl":"https:\/\/chemi-3.com\/wp-content\/uploads\/2021\/11\/14100520-20210904201749-1.jpg","width":900,"height":900,"caption":"Tork\u00ae Universal Multifold Hand Towel"},{"@type":"BreadcrumbList","@id":"https:\/\/chemi-3.com\/fr\/product\/essuie-mains-a-plis-multiples-universal-de-tork-naturel-250-feuilles\/#breadcrumb","itemListElement":[{"@type":"ListItem","position":1,"name":"Home","item":"https:\/\/chemi-3.com\/fr\/"},{"@type":"ListItem","position":2,"name":"Produits","item":"https:\/\/chemi-3.com\/fr\/shop\/"},{"@type":"ListItem","position":3,"name":"Essuie-mains \u00e0 plis multiples universal de tork, naturel, 250 feuilles"}]},{"@type":"WebSite","@id":"https:\/\/chemi-3.com\/fr\/#website","url":"https:\/\/chemi-3.com\/fr\/","name":"Chemi-3 Inc.","description":"Montreal&#039;s premier distributor of janitorial, sanitary and commercial products.","publisher":{"@id":"https:\/\/chemi-3.com\/fr\/#organization"},"potentialAction":[{"@type":"SearchAction","target":{"@type":"EntryPoint","urlTemplate":"https:\/\/chemi-3.com\/fr\/?s={search_term_string}"},"query-input":{"@type":"PropertyValueSpecification","valueRequired":true,"valueName":"search_term_string"}}],"inLanguage":"fr-CA"},{"@type":"Organization","@id":"https:\/\/chemi-3.com\/fr\/#organization","name":"Chemi-3 Industries Inc.","url":"https:\/\/chemi-3.com\/fr\/","logo":{"@type":"ImageObject","inLanguage":"fr-CA","@id":"https:\/\/chemi-3.com\/fr\/#\/schema\/logo\/image\/","url":"http:\/\/chemi-3.com\/wp-content\/uploads\/2021\/09\/Chemi3_logo_transparent_highres.png","contentUrl":"http:\/\/chemi-3.com\/wp-content\/uploads\/2021\/09\/Chemi3_logo_transparent_highres.png","width":1000,"height":387,"caption":"Chemi-3 Industries Inc."},"image":{"@id":"https:\/\/chemi-3.com\/fr\/#\/schema\/logo\/image\/"},"sameAs":["https:\/\/www.facebook.com\/chemi3inc\/","https:\/\/x.com\/chemi3inc","https:\/\/www.instagram.com\/chemi3inc\/","https:\/\/www.linkedin.com\/company\/chemi3inc"]}]}},"_links":{"self":[{"href":"https:\/\/chemi-3.com\/fr\/wp-json\/wp\/v2\/product\/28134","targetHints":{"allow":["GET"]}}],"collection":[{"href":"https:\/\/chemi-3.com\/fr\/wp-json\/wp\/v2\/product"}],"about":[{"href":"https:\/\/chemi-3.com\/fr\/wp-json\/wp\/v2\/types\/product"}],"replies":[{"embeddable":true,"href":"https:\/\/chemi-3.com\/fr\/wp-json\/wp\/v2\/comments?post=28134"}],"wp:featuredmedia":[{"embeddable":true,"href":"https:\/\/chemi-3.com\/fr\/wp-json\/wp\/v2\/media\/24658"}],"wp:attachment":[{"href":"https:\/\/chemi-3.com\/fr\/wp-json\/wp\/v2\/media?parent=28134"}],"wp:term":[{"taxonomy":"product_brand","embeddable":true,"href":"https:\/\/chemi-3.com\/fr\/wp-json\/wp\/v2\/product_brand?post=28134"},{"taxonomy":"product_cat","embeddable":true,"href":"https:\/\/chemi-3.com\/fr\/wp-json\/wp\/v2\/product_cat?post=28134"},{"taxonomy":"product_tag","embeddable":true,"href":"https:\/\/chemi-3.com\/fr\/wp-json\/wp\/v2\/product_tag?post=28134"}],"curies":[{"name":"wp","href":"https:\/\/api.w.org\/{rel}","templated":true}]}}