{"id":28138,"date":"2021-11-05T13:08:16","date_gmt":"2021-11-05T17:08:16","guid":{"rendered":"https:\/\/chemi-3.com\/product\/essuie-mains-a-plis-multiples-extra-doux-tork-xpress\/"},"modified":"2021-11-05T13:08:20","modified_gmt":"2021-11-05T17:08:20","slug":"essuie-mains-a-plis-multiples-extra-doux-tork-xpress","status":"publish","type":"product","link":"https:\/\/chemi-3.com\/fr\/product\/essuie-mains-a-plis-multiples-extra-doux-tork-xpress\/","title":{"rendered":"Essuie-mains \u00e0 plis multiples extra-doux tork xpress\u00ae"},"content":{"rendered":"<body><p>Offrez \u00e0 vos clients un s\u00e9chage des mains et un confort sup\u00e9rieurs avec les grands essuie-mains \u00e0 plis multiples extra doux Premium Tork Xpress\u00ae. Ils sont doux pour les mains et procurent une sensation de haute qualit\u00e9. Ces essuie-mains conviennent au distributeur d\u2019essuie-mains \u00e0 plis multiples Tork Xpress\u00ae pour les toilettes \u00e0 fr\u00e9quentation moyenne. Il s\u2019adapte aux petits espaces, offrant confort et hygi\u00e8ne \u00e0 la fois.Attrayante d\u00e9coration imprim\u00e9e de la feuille Tork, con\u00e7ue pour faire excellente impression. Grands essuie-mains doux procurant une sensation de qualit\u00e9 sup\u00e9rieure qui laisse une impression durable. QuickDry\u2122 \u2013 notre papier le plus r\u00e9sistant et le plus absorbant, pour un s\u00e9chage plus efficace et moins de gaspillage. Distribution d\u2019une feuille \u00e0 la fois pour une consommation r\u00e9duite et une meilleure hygi\u00e8ne.<br>\nUnit\u00e9 de mesure : <\/p>\n<\/body>","protected":false},"excerpt":{"rendered":"<p>Offrez \u00e0 vos clients un s\u00e9chage des mains et un confort sup\u00e9rieurs avec les grands essuie-mains \u00e0 plis multiples extra doux Premium Tork Xpress\u00ae. Ils sont doux pour les mains et procurent une sensation de haute qualit\u00e9. Ces essuie-mains conviennent au distributeur d\u2019essuie-mains \u00e0 plis multiples Tork Xpress\u00ae pour les toilettes \u00e0 fr\u00e9quentation moyenne. Il [&hellip;]<\/p>\n","protected":false},"featured_media":24664,"comment_status":"closed","ping_status":"open","template":"","meta":{"_et_pb_use_builder":"","_et_pb_old_content":"","_et_gb_content_width":""},"product_brand":[],"product_cat":[12830],"product_tag":[13693,13617,13689,13941],"class_list":{"0":"post-28138","1":"product","2":"type-product","3":"status-publish","4":"has-post-thumbnail","6":"product_cat-serviettes-a-plis-multiples","7":"product_tag-essuie-mains-plies","8":"product_tag-essuie-mains-papier-hygienique-et-lingettes","9":"product_tag-lingettes","10":"product_tag-serviettes-a-plis-multiples","11":"pa_country-of-origin-united-states","12":"pa_is-hazardous-material-non","13":"pa_product-colour-blanc","14":"pa_product-material-kraft-paper","16":"first","17":"instock","18":"taxable","19":"shipping-taxable","20":"purchasable","21":"product-type-simple"},"yoast_head":"<!-- This site is optimized with the Yoast SEO plugin v27.5 - https:\/\/yoast.com\/product\/yoast-seo-wordpress\/ -->\n<title>Essuie-mains \u00e0 plis multiples extra-doux tork xpress\u00ae &#8211; Chemi-3 Inc.<\/title>\n<meta name=\"robots\" content=\"index, follow, max-snippet:-1, max-image-preview:large, max-video-preview:-1\" \/>\n<link rel=\"canonical\" href=\"https:\/\/chemi-3.com\/fr\/product\/essuie-mains-a-plis-multiples-extra-doux-tork-xpress\/\" \/>\n<meta property=\"og:locale\" content=\"fr_CA\" \/>\n<meta property=\"og:type\" content=\"article\" \/>\n<meta property=\"og:title\" content=\"Essuie-mains \u00e0 plis multiples extra-doux tork xpress\u00ae &#8211; Chemi-3 Inc.\" \/>\n<meta property=\"og:description\" content=\"Offrez \u00e0 vos clients un s\u00e9chage des mains et un confort sup\u00e9rieurs avec les grands essuie-mains \u00e0 plis multiples extra doux Premium Tork Xpress\u00ae. Ils sont doux pour les mains et procurent une sensation de haute qualit\u00e9. Ces essuie-mains conviennent au distributeur d\u2019essuie-mains \u00e0 plis multiples Tork Xpress\u00ae pour les toilettes \u00e0 fr\u00e9quentation moyenne. Il [&hellip;]\" \/>\n<meta property=\"og:url\" content=\"https:\/\/chemi-3.com\/fr\/product\/essuie-mains-a-plis-multiples-extra-doux-tork-xpress\/\" \/>\n<meta property=\"og:site_name\" content=\"Chemi-3 Inc.\" \/>\n<meta property=\"article:publisher\" content=\"https:\/\/www.facebook.com\/chemi3inc\/\" \/>\n<meta property=\"article:modified_time\" content=\"2021-11-05T17:08:20+00:00\" \/>\n<meta property=\"og:image\" content=\"https:\/\/chemi-3.com\/wp-content\/uploads\/2021\/11\/14102297-20210904201749-1.jpg\" \/>\n\t<meta property=\"og:image:width\" content=\"900\" \/>\n\t<meta property=\"og:image:height\" content=\"900\" \/>\n\t<meta property=\"og:image:type\" content=\"image\/jpeg\" \/>\n<meta name=\"twitter:card\" content=\"summary_large_image\" \/>\n<meta name=\"twitter:site\" content=\"@chemi3inc\" \/>\n<meta name=\"twitter:label1\" content=\"Estimation du temps de lecture\" \/>\n\t<meta name=\"twitter:data1\" content=\"1 minute\" \/>\n<script type=\"application\/ld+json\" class=\"yoast-schema-graph\">{\"@context\":\"https:\\\/\\\/schema.org\",\"@graph\":[{\"@type\":[\"WebPage\",\"ItemPage\"],\"@id\":\"https:\\\/\\\/chemi-3.com\\\/fr\\\/product\\\/essuie-mains-a-plis-multiples-extra-doux-tork-xpress\\\/\",\"url\":\"https:\\\/\\\/chemi-3.com\\\/fr\\\/product\\\/essuie-mains-a-plis-multiples-extra-doux-tork-xpress\\\/\",\"name\":\"Essuie-mains \u00e0 plis multiples extra-doux tork xpress\u00ae &#8211; Chemi-3 Inc.\",\"isPartOf\":{\"@id\":\"https:\\\/\\\/chemi-3.com\\\/fr\\\/#website\"},\"primaryImageOfPage\":{\"@id\":\"https:\\\/\\\/chemi-3.com\\\/fr\\\/product\\\/essuie-mains-a-plis-multiples-extra-doux-tork-xpress\\\/#primaryimage\"},\"image\":{\"@id\":\"https:\\\/\\\/chemi-3.com\\\/fr\\\/product\\\/essuie-mains-a-plis-multiples-extra-doux-tork-xpress\\\/#primaryimage\"},\"thumbnailUrl\":\"https:\\\/\\\/chemi-3.com\\\/wp-content\\\/uploads\\\/2021\\\/11\\\/14102297-20210904201749-1.jpg\",\"datePublished\":\"2021-11-05T17:08:16+00:00\",\"dateModified\":\"2021-11-05T17:08:20+00:00\",\"breadcrumb\":{\"@id\":\"https:\\\/\\\/chemi-3.com\\\/fr\\\/product\\\/essuie-mains-a-plis-multiples-extra-doux-tork-xpress\\\/#breadcrumb\"},\"inLanguage\":\"fr-CA\",\"potentialAction\":[{\"@type\":\"ReadAction\",\"target\":[\"https:\\\/\\\/chemi-3.com\\\/fr\\\/product\\\/essuie-mains-a-plis-multiples-extra-doux-tork-xpress\\\/\"]}]},{\"@type\":\"ImageObject\",\"inLanguage\":\"fr-CA\",\"@id\":\"https:\\\/\\\/chemi-3.com\\\/fr\\\/product\\\/essuie-mains-a-plis-multiples-extra-doux-tork-xpress\\\/#primaryimage\",\"url\":\"https:\\\/\\\/chemi-3.com\\\/wp-content\\\/uploads\\\/2021\\\/11\\\/14102297-20210904201749-1.jpg\",\"contentUrl\":\"https:\\\/\\\/chemi-3.com\\\/wp-content\\\/uploads\\\/2021\\\/11\\\/14102297-20210904201749-1.jpg\",\"width\":900,\"height\":900,\"caption\":\"Tork\u00ae Xpress\u00ae Extra Soft Multifold Hand Towel\"},{\"@type\":\"BreadcrumbList\",\"@id\":\"https:\\\/\\\/chemi-3.com\\\/fr\\\/product\\\/essuie-mains-a-plis-multiples-extra-doux-tork-xpress\\\/#breadcrumb\",\"itemListElement\":[{\"@type\":\"ListItem\",\"position\":1,\"name\":\"Home\",\"item\":\"https:\\\/\\\/chemi-3.com\\\/fr\\\/\"},{\"@type\":\"ListItem\",\"position\":2,\"name\":\"Produits\",\"item\":\"https:\\\/\\\/chemi-3.com\\\/fr\\\/shop\\\/\"},{\"@type\":\"ListItem\",\"position\":3,\"name\":\"Essuie-mains \u00e0 plis multiples extra-doux tork xpress\u00ae\"}]},{\"@type\":\"WebSite\",\"@id\":\"https:\\\/\\\/chemi-3.com\\\/fr\\\/#website\",\"url\":\"https:\\\/\\\/chemi-3.com\\\/fr\\\/\",\"name\":\"Chemi-3 Inc.\",\"description\":\"Montreal&#039;s premier distributor of janitorial, sanitary and commercial products.\",\"publisher\":{\"@id\":\"https:\\\/\\\/chemi-3.com\\\/fr\\\/#organization\"},\"potentialAction\":[{\"@type\":\"SearchAction\",\"target\":{\"@type\":\"EntryPoint\",\"urlTemplate\":\"https:\\\/\\\/chemi-3.com\\\/fr\\\/?s={search_term_string}\"},\"query-input\":{\"@type\":\"PropertyValueSpecification\",\"valueRequired\":true,\"valueName\":\"search_term_string\"}}],\"inLanguage\":\"fr-CA\"},{\"@type\":\"Organization\",\"@id\":\"https:\\\/\\\/chemi-3.com\\\/fr\\\/#organization\",\"name\":\"Chemi-3 Industries Inc.\",\"url\":\"https:\\\/\\\/chemi-3.com\\\/fr\\\/\",\"logo\":{\"@type\":\"ImageObject\",\"inLanguage\":\"fr-CA\",\"@id\":\"https:\\\/\\\/chemi-3.com\\\/fr\\\/#\\\/schema\\\/logo\\\/image\\\/\",\"url\":\"http:\\\/\\\/chemi-3.com\\\/wp-content\\\/uploads\\\/2021\\\/09\\\/Chemi3_logo_transparent_highres.png\",\"contentUrl\":\"http:\\\/\\\/chemi-3.com\\\/wp-content\\\/uploads\\\/2021\\\/09\\\/Chemi3_logo_transparent_highres.png\",\"width\":1000,\"height\":387,\"caption\":\"Chemi-3 Industries Inc.\"},\"image\":{\"@id\":\"https:\\\/\\\/chemi-3.com\\\/fr\\\/#\\\/schema\\\/logo\\\/image\\\/\"},\"sameAs\":[\"https:\\\/\\\/www.facebook.com\\\/chemi3inc\\\/\",\"https:\\\/\\\/x.com\\\/chemi3inc\",\"https:\\\/\\\/www.instagram.com\\\/chemi3inc\\\/\",\"https:\\\/\\\/www.linkedin.com\\\/company\\\/chemi3inc\"]}]}<\/script>\n<!-- \/ Yoast SEO plugin. -->","yoast_head_json":{"title":"Essuie-mains \u00e0 plis multiples extra-doux tork xpress\u00ae &#8211; Chemi-3 Inc.","robots":{"index":"index","follow":"follow","max-snippet":"max-snippet:-1","max-image-preview":"max-image-preview:large","max-video-preview":"max-video-preview:-1"},"canonical":"https:\/\/chemi-3.com\/fr\/product\/essuie-mains-a-plis-multiples-extra-doux-tork-xpress\/","og_locale":"fr_CA","og_type":"article","og_title":"Essuie-mains \u00e0 plis multiples extra-doux tork xpress\u00ae &#8211; Chemi-3 Inc.","og_description":"Offrez \u00e0 vos clients un s\u00e9chage des mains et un confort sup\u00e9rieurs avec les grands essuie-mains \u00e0 plis multiples extra doux Premium Tork Xpress\u00ae. Ils sont doux pour les mains et procurent une sensation de haute qualit\u00e9. Ces essuie-mains conviennent au distributeur d\u2019essuie-mains \u00e0 plis multiples Tork Xpress\u00ae pour les toilettes \u00e0 fr\u00e9quentation moyenne. Il [&hellip;]","og_url":"https:\/\/chemi-3.com\/fr\/product\/essuie-mains-a-plis-multiples-extra-doux-tork-xpress\/","og_site_name":"Chemi-3 Inc.","article_publisher":"https:\/\/www.facebook.com\/chemi3inc\/","article_modified_time":"2021-11-05T17:08:20+00:00","og_image":[{"width":900,"height":900,"url":"https:\/\/chemi-3.com\/wp-content\/uploads\/2021\/11\/14102297-20210904201749-1.jpg","type":"image\/jpeg"}],"twitter_card":"summary_large_image","twitter_site":"@chemi3inc","twitter_misc":{"Estimation du temps de lecture":"1 minute"},"schema":{"@context":"https:\/\/schema.org","@graph":[{"@type":["WebPage","ItemPage"],"@id":"https:\/\/chemi-3.com\/fr\/product\/essuie-mains-a-plis-multiples-extra-doux-tork-xpress\/","url":"https:\/\/chemi-3.com\/fr\/product\/essuie-mains-a-plis-multiples-extra-doux-tork-xpress\/","name":"Essuie-mains \u00e0 plis multiples extra-doux tork xpress\u00ae &#8211; Chemi-3 Inc.","isPartOf":{"@id":"https:\/\/chemi-3.com\/fr\/#website"},"primaryImageOfPage":{"@id":"https:\/\/chemi-3.com\/fr\/product\/essuie-mains-a-plis-multiples-extra-doux-tork-xpress\/#primaryimage"},"image":{"@id":"https:\/\/chemi-3.com\/fr\/product\/essuie-mains-a-plis-multiples-extra-doux-tork-xpress\/#primaryimage"},"thumbnailUrl":"https:\/\/chemi-3.com\/wp-content\/uploads\/2021\/11\/14102297-20210904201749-1.jpg","datePublished":"2021-11-05T17:08:16+00:00","dateModified":"2021-11-05T17:08:20+00:00","breadcrumb":{"@id":"https:\/\/chemi-3.com\/fr\/product\/essuie-mains-a-plis-multiples-extra-doux-tork-xpress\/#breadcrumb"},"inLanguage":"fr-CA","potentialAction":[{"@type":"ReadAction","target":["https:\/\/chemi-3.com\/fr\/product\/essuie-mains-a-plis-multiples-extra-doux-tork-xpress\/"]}]},{"@type":"ImageObject","inLanguage":"fr-CA","@id":"https:\/\/chemi-3.com\/fr\/product\/essuie-mains-a-plis-multiples-extra-doux-tork-xpress\/#primaryimage","url":"https:\/\/chemi-3.com\/wp-content\/uploads\/2021\/11\/14102297-20210904201749-1.jpg","contentUrl":"https:\/\/chemi-3.com\/wp-content\/uploads\/2021\/11\/14102297-20210904201749-1.jpg","width":900,"height":900,"caption":"Tork\u00ae Xpress\u00ae Extra Soft Multifold Hand Towel"},{"@type":"BreadcrumbList","@id":"https:\/\/chemi-3.com\/fr\/product\/essuie-mains-a-plis-multiples-extra-doux-tork-xpress\/#breadcrumb","itemListElement":[{"@type":"ListItem","position":1,"name":"Home","item":"https:\/\/chemi-3.com\/fr\/"},{"@type":"ListItem","position":2,"name":"Produits","item":"https:\/\/chemi-3.com\/fr\/shop\/"},{"@type":"ListItem","position":3,"name":"Essuie-mains \u00e0 plis multiples extra-doux tork xpress\u00ae"}]},{"@type":"WebSite","@id":"https:\/\/chemi-3.com\/fr\/#website","url":"https:\/\/chemi-3.com\/fr\/","name":"Chemi-3 Inc.","description":"Montreal&#039;s premier distributor of janitorial, sanitary and commercial products.","publisher":{"@id":"https:\/\/chemi-3.com\/fr\/#organization"},"potentialAction":[{"@type":"SearchAction","target":{"@type":"EntryPoint","urlTemplate":"https:\/\/chemi-3.com\/fr\/?s={search_term_string}"},"query-input":{"@type":"PropertyValueSpecification","valueRequired":true,"valueName":"search_term_string"}}],"inLanguage":"fr-CA"},{"@type":"Organization","@id":"https:\/\/chemi-3.com\/fr\/#organization","name":"Chemi-3 Industries Inc.","url":"https:\/\/chemi-3.com\/fr\/","logo":{"@type":"ImageObject","inLanguage":"fr-CA","@id":"https:\/\/chemi-3.com\/fr\/#\/schema\/logo\/image\/","url":"http:\/\/chemi-3.com\/wp-content\/uploads\/2021\/09\/Chemi3_logo_transparent_highres.png","contentUrl":"http:\/\/chemi-3.com\/wp-content\/uploads\/2021\/09\/Chemi3_logo_transparent_highres.png","width":1000,"height":387,"caption":"Chemi-3 Industries Inc."},"image":{"@id":"https:\/\/chemi-3.com\/fr\/#\/schema\/logo\/image\/"},"sameAs":["https:\/\/www.facebook.com\/chemi3inc\/","https:\/\/x.com\/chemi3inc","https:\/\/www.instagram.com\/chemi3inc\/","https:\/\/www.linkedin.com\/company\/chemi3inc"]}]}},"_links":{"self":[{"href":"https:\/\/chemi-3.com\/fr\/wp-json\/wp\/v2\/product\/28138","targetHints":{"allow":["GET"]}}],"collection":[{"href":"https:\/\/chemi-3.com\/fr\/wp-json\/wp\/v2\/product"}],"about":[{"href":"https:\/\/chemi-3.com\/fr\/wp-json\/wp\/v2\/types\/product"}],"replies":[{"embeddable":true,"href":"https:\/\/chemi-3.com\/fr\/wp-json\/wp\/v2\/comments?post=28138"}],"wp:featuredmedia":[{"embeddable":true,"href":"https:\/\/chemi-3.com\/fr\/wp-json\/wp\/v2\/media\/24664"}],"wp:attachment":[{"href":"https:\/\/chemi-3.com\/fr\/wp-json\/wp\/v2\/media?parent=28138"}],"wp:term":[{"taxonomy":"product_brand","embeddable":true,"href":"https:\/\/chemi-3.com\/fr\/wp-json\/wp\/v2\/product_brand?post=28138"},{"taxonomy":"product_cat","embeddable":true,"href":"https:\/\/chemi-3.com\/fr\/wp-json\/wp\/v2\/product_cat?post=28138"},{"taxonomy":"product_tag","embeddable":true,"href":"https:\/\/chemi-3.com\/fr\/wp-json\/wp\/v2\/product_tag?post=28138"}],"curies":[{"name":"wp","href":"https:\/\/api.w.org\/{rel}","templated":true}]}}