{"id":28199,"date":"2021-11-05T13:08:16","date_gmt":"2021-11-05T17:08:16","guid":{"rendered":"https:\/\/chemi-3.com\/product\/papier-mouchoir-a-2-epaisseurs-white-swan\/"},"modified":"2021-11-05T13:08:41","modified_gmt":"2021-11-05T17:08:41","slug":"papier-mouchoir-a-2-epaisseurs-white-swan","status":"publish","type":"product","link":"https:\/\/chemi-3.com\/fr\/product\/papier-mouchoir-a-2-epaisseurs-white-swan\/","title":{"rendered":"Papier-mouchoir \u00e0 2 \u00e9paisseurs white swan\u00ae"},"content":{"rendered":"<body><p>Tout le confort de notre papier-mouchoir \u00e0 2 \u00e9paisseurs pr\u00e9sent\u00e9 dans notre emballage plat qui se glisse facilement dans les distributeurs encastr\u00e9s ou de comptoir. La fen\u00eatre de distribution \u00e0 d\u00e9bit libre permet de distribuer en douceur un mouchoir \u00e0 la fois et prot\u00e8ge de la poussi\u00e8re et du risque de contamination crois\u00e9e.<br>\nUnit\u00e9 de mesure : 1\/CS\/30<\/p>\n<\/body>","protected":false},"excerpt":{"rendered":"<p>Tout le confort de notre papier-mouchoir \u00e0 2 \u00e9paisseurs pr\u00e9sent\u00e9 dans notre emballage plat qui se glisse facilement dans les distributeurs encastr\u00e9s ou de comptoir. La fen\u00eatre de distribution \u00e0 d\u00e9bit libre permet de distribuer en douceur un mouchoir \u00e0 la fois et prot\u00e8ge de la poussi\u00e8re et du risque de contamination crois\u00e9e. Unit\u00e9 de [&hellip;]<\/p>\n","protected":false},"featured_media":24768,"comment_status":"closed","ping_status":"open","template":"","meta":{"_et_pb_use_builder":"","_et_pb_old_content":"","_et_gb_content_width":""},"product_brand":[],"product_cat":[12520],"product_tag":[13617,13689,13694],"class_list":{"0":"post-28199","1":"product","2":"type-product","3":"status-publish","4":"has-post-thumbnail","6":"product_cat-papier-mouchoir","7":"product_tag-essuie-mains-papier-hygienique-et-lingettes","8":"product_tag-lingettes","9":"product_tag-papier-mouchoir","10":"pa_country-of-origin-canada-fr","11":"pa_environmental-status-recyclable-fr","12":"pa_is-hazardous-material-non","13":"pa_product-colour-blanc","15":"first","16":"instock","17":"taxable","18":"shipping-taxable","19":"purchasable","20":"product-type-simple"},"yoast_head":"<!-- This site is optimized with the Yoast SEO plugin v27.4 - https:\/\/yoast.com\/product\/yoast-seo-wordpress\/ -->\n<title>Papier-mouchoir \u00e0 2 \u00e9paisseurs white swan\u00ae &#8211; Chemi-3 Inc.<\/title>\n<meta name=\"robots\" content=\"index, follow, max-snippet:-1, max-image-preview:large, max-video-preview:-1\" \/>\n<link rel=\"canonical\" href=\"https:\/\/chemi-3.com\/fr\/product\/papier-mouchoir-a-2-epaisseurs-white-swan\/\" \/>\n<meta property=\"og:locale\" content=\"fr_CA\" \/>\n<meta property=\"og:type\" content=\"article\" \/>\n<meta property=\"og:title\" content=\"Papier-mouchoir \u00e0 2 \u00e9paisseurs white swan\u00ae &#8211; Chemi-3 Inc.\" \/>\n<meta property=\"og:description\" content=\"Tout le confort de notre papier-mouchoir \u00e0 2 \u00e9paisseurs pr\u00e9sent\u00e9 dans notre emballage plat qui se glisse facilement dans les distributeurs encastr\u00e9s ou de comptoir. La fen\u00eatre de distribution \u00e0 d\u00e9bit libre permet de distribuer en douceur un mouchoir \u00e0 la fois et prot\u00e8ge de la poussi\u00e8re et du risque de contamination crois\u00e9e. Unit\u00e9 de [&hellip;]\" \/>\n<meta property=\"og:url\" content=\"https:\/\/chemi-3.com\/fr\/product\/papier-mouchoir-a-2-epaisseurs-white-swan\/\" \/>\n<meta property=\"og:site_name\" content=\"Chemi-3 Inc.\" \/>\n<meta property=\"article:publisher\" content=\"https:\/\/www.facebook.com\/chemi3inc\/\" \/>\n<meta property=\"article:modified_time\" content=\"2021-11-05T17:08:41+00:00\" \/>\n<meta property=\"og:image\" content=\"https:\/\/chemi-3.com\/wp-content\/uploads\/2021\/11\/17900071-20210811023451-1.jpg\" \/>\n\t<meta property=\"og:image:width\" content=\"600\" \/>\n\t<meta property=\"og:image:height\" content=\"403\" \/>\n\t<meta property=\"og:image:type\" content=\"image\/jpeg\" \/>\n<meta name=\"twitter:card\" content=\"summary_large_image\" \/>\n<meta name=\"twitter:site\" content=\"@chemi3inc\" \/>\n<script type=\"application\/ld+json\" class=\"yoast-schema-graph\">{\"@context\":\"https:\\\/\\\/schema.org\",\"@graph\":[{\"@type\":[\"WebPage\",\"ItemPage\"],\"@id\":\"https:\\\/\\\/chemi-3.com\\\/fr\\\/product\\\/papier-mouchoir-a-2-epaisseurs-white-swan\\\/\",\"url\":\"https:\\\/\\\/chemi-3.com\\\/fr\\\/product\\\/papier-mouchoir-a-2-epaisseurs-white-swan\\\/\",\"name\":\"Papier-mouchoir \u00e0 2 \u00e9paisseurs white swan\u00ae &#8211; Chemi-3 Inc.\",\"isPartOf\":{\"@id\":\"https:\\\/\\\/chemi-3.com\\\/fr\\\/#website\"},\"primaryImageOfPage\":{\"@id\":\"https:\\\/\\\/chemi-3.com\\\/fr\\\/product\\\/papier-mouchoir-a-2-epaisseurs-white-swan\\\/#primaryimage\"},\"image\":{\"@id\":\"https:\\\/\\\/chemi-3.com\\\/fr\\\/product\\\/papier-mouchoir-a-2-epaisseurs-white-swan\\\/#primaryimage\"},\"thumbnailUrl\":\"https:\\\/\\\/chemi-3.com\\\/wp-content\\\/uploads\\\/2021\\\/11\\\/17900071-20210811023451-1.jpg\",\"datePublished\":\"2021-11-05T17:08:16+00:00\",\"dateModified\":\"2021-11-05T17:08:41+00:00\",\"breadcrumb\":{\"@id\":\"https:\\\/\\\/chemi-3.com\\\/fr\\\/product\\\/papier-mouchoir-a-2-epaisseurs-white-swan\\\/#breadcrumb\"},\"inLanguage\":\"fr-CA\",\"potentialAction\":[{\"@type\":\"ReadAction\",\"target\":[\"https:\\\/\\\/chemi-3.com\\\/fr\\\/product\\\/papier-mouchoir-a-2-epaisseurs-white-swan\\\/\"]}]},{\"@type\":\"ImageObject\",\"inLanguage\":\"fr-CA\",\"@id\":\"https:\\\/\\\/chemi-3.com\\\/fr\\\/product\\\/papier-mouchoir-a-2-epaisseurs-white-swan\\\/#primaryimage\",\"url\":\"https:\\\/\\\/chemi-3.com\\\/wp-content\\\/uploads\\\/2021\\\/11\\\/17900071-20210811023451-1.jpg\",\"contentUrl\":\"https:\\\/\\\/chemi-3.com\\\/wp-content\\\/uploads\\\/2021\\\/11\\\/17900071-20210811023451-1.jpg\",\"width\":600,\"height\":403,\"caption\":\"White Swan\u00ae Facial Tissue\"},{\"@type\":\"BreadcrumbList\",\"@id\":\"https:\\\/\\\/chemi-3.com\\\/fr\\\/product\\\/papier-mouchoir-a-2-epaisseurs-white-swan\\\/#breadcrumb\",\"itemListElement\":[{\"@type\":\"ListItem\",\"position\":1,\"name\":\"Home\",\"item\":\"https:\\\/\\\/chemi-3.com\\\/fr\\\/\"},{\"@type\":\"ListItem\",\"position\":2,\"name\":\"Produits\",\"item\":\"https:\\\/\\\/chemi-3.com\\\/fr\\\/shop\\\/\"},{\"@type\":\"ListItem\",\"position\":3,\"name\":\"Papier-mouchoir \u00e0 2 \u00e9paisseurs white swan\u00ae\"}]},{\"@type\":\"WebSite\",\"@id\":\"https:\\\/\\\/chemi-3.com\\\/fr\\\/#website\",\"url\":\"https:\\\/\\\/chemi-3.com\\\/fr\\\/\",\"name\":\"Chemi-3 Inc.\",\"description\":\"Montreal&#039;s premier distributor of janitorial, sanitary and commercial products.\",\"publisher\":{\"@id\":\"https:\\\/\\\/chemi-3.com\\\/fr\\\/#organization\"},\"potentialAction\":[{\"@type\":\"SearchAction\",\"target\":{\"@type\":\"EntryPoint\",\"urlTemplate\":\"https:\\\/\\\/chemi-3.com\\\/fr\\\/?s={search_term_string}\"},\"query-input\":{\"@type\":\"PropertyValueSpecification\",\"valueRequired\":true,\"valueName\":\"search_term_string\"}}],\"inLanguage\":\"fr-CA\"},{\"@type\":\"Organization\",\"@id\":\"https:\\\/\\\/chemi-3.com\\\/fr\\\/#organization\",\"name\":\"Chemi-3 Industries Inc.\",\"url\":\"https:\\\/\\\/chemi-3.com\\\/fr\\\/\",\"logo\":{\"@type\":\"ImageObject\",\"inLanguage\":\"fr-CA\",\"@id\":\"https:\\\/\\\/chemi-3.com\\\/fr\\\/#\\\/schema\\\/logo\\\/image\\\/\",\"url\":\"http:\\\/\\\/chemi-3.com\\\/wp-content\\\/uploads\\\/2021\\\/09\\\/Chemi3_logo_transparent_highres.png\",\"contentUrl\":\"http:\\\/\\\/chemi-3.com\\\/wp-content\\\/uploads\\\/2021\\\/09\\\/Chemi3_logo_transparent_highres.png\",\"width\":1000,\"height\":387,\"caption\":\"Chemi-3 Industries Inc.\"},\"image\":{\"@id\":\"https:\\\/\\\/chemi-3.com\\\/fr\\\/#\\\/schema\\\/logo\\\/image\\\/\"},\"sameAs\":[\"https:\\\/\\\/www.facebook.com\\\/chemi3inc\\\/\",\"https:\\\/\\\/x.com\\\/chemi3inc\",\"https:\\\/\\\/www.instagram.com\\\/chemi3inc\\\/\",\"https:\\\/\\\/www.linkedin.com\\\/company\\\/chemi3inc\"]}]}<\/script>\n<!-- \/ Yoast SEO plugin. -->","yoast_head_json":{"title":"Papier-mouchoir \u00e0 2 \u00e9paisseurs white swan\u00ae &#8211; Chemi-3 Inc.","robots":{"index":"index","follow":"follow","max-snippet":"max-snippet:-1","max-image-preview":"max-image-preview:large","max-video-preview":"max-video-preview:-1"},"canonical":"https:\/\/chemi-3.com\/fr\/product\/papier-mouchoir-a-2-epaisseurs-white-swan\/","og_locale":"fr_CA","og_type":"article","og_title":"Papier-mouchoir \u00e0 2 \u00e9paisseurs white swan\u00ae &#8211; Chemi-3 Inc.","og_description":"Tout le confort de notre papier-mouchoir \u00e0 2 \u00e9paisseurs pr\u00e9sent\u00e9 dans notre emballage plat qui se glisse facilement dans les distributeurs encastr\u00e9s ou de comptoir. La fen\u00eatre de distribution \u00e0 d\u00e9bit libre permet de distribuer en douceur un mouchoir \u00e0 la fois et prot\u00e8ge de la poussi\u00e8re et du risque de contamination crois\u00e9e. Unit\u00e9 de [&hellip;]","og_url":"https:\/\/chemi-3.com\/fr\/product\/papier-mouchoir-a-2-epaisseurs-white-swan\/","og_site_name":"Chemi-3 Inc.","article_publisher":"https:\/\/www.facebook.com\/chemi3inc\/","article_modified_time":"2021-11-05T17:08:41+00:00","og_image":[{"width":600,"height":403,"url":"https:\/\/chemi-3.com\/wp-content\/uploads\/2021\/11\/17900071-20210811023451-1.jpg","type":"image\/jpeg"}],"twitter_card":"summary_large_image","twitter_site":"@chemi3inc","schema":{"@context":"https:\/\/schema.org","@graph":[{"@type":["WebPage","ItemPage"],"@id":"https:\/\/chemi-3.com\/fr\/product\/papier-mouchoir-a-2-epaisseurs-white-swan\/","url":"https:\/\/chemi-3.com\/fr\/product\/papier-mouchoir-a-2-epaisseurs-white-swan\/","name":"Papier-mouchoir \u00e0 2 \u00e9paisseurs white swan\u00ae &#8211; Chemi-3 Inc.","isPartOf":{"@id":"https:\/\/chemi-3.com\/fr\/#website"},"primaryImageOfPage":{"@id":"https:\/\/chemi-3.com\/fr\/product\/papier-mouchoir-a-2-epaisseurs-white-swan\/#primaryimage"},"image":{"@id":"https:\/\/chemi-3.com\/fr\/product\/papier-mouchoir-a-2-epaisseurs-white-swan\/#primaryimage"},"thumbnailUrl":"https:\/\/chemi-3.com\/wp-content\/uploads\/2021\/11\/17900071-20210811023451-1.jpg","datePublished":"2021-11-05T17:08:16+00:00","dateModified":"2021-11-05T17:08:41+00:00","breadcrumb":{"@id":"https:\/\/chemi-3.com\/fr\/product\/papier-mouchoir-a-2-epaisseurs-white-swan\/#breadcrumb"},"inLanguage":"fr-CA","potentialAction":[{"@type":"ReadAction","target":["https:\/\/chemi-3.com\/fr\/product\/papier-mouchoir-a-2-epaisseurs-white-swan\/"]}]},{"@type":"ImageObject","inLanguage":"fr-CA","@id":"https:\/\/chemi-3.com\/fr\/product\/papier-mouchoir-a-2-epaisseurs-white-swan\/#primaryimage","url":"https:\/\/chemi-3.com\/wp-content\/uploads\/2021\/11\/17900071-20210811023451-1.jpg","contentUrl":"https:\/\/chemi-3.com\/wp-content\/uploads\/2021\/11\/17900071-20210811023451-1.jpg","width":600,"height":403,"caption":"White Swan\u00ae Facial Tissue"},{"@type":"BreadcrumbList","@id":"https:\/\/chemi-3.com\/fr\/product\/papier-mouchoir-a-2-epaisseurs-white-swan\/#breadcrumb","itemListElement":[{"@type":"ListItem","position":1,"name":"Home","item":"https:\/\/chemi-3.com\/fr\/"},{"@type":"ListItem","position":2,"name":"Produits","item":"https:\/\/chemi-3.com\/fr\/shop\/"},{"@type":"ListItem","position":3,"name":"Papier-mouchoir \u00e0 2 \u00e9paisseurs white swan\u00ae"}]},{"@type":"WebSite","@id":"https:\/\/chemi-3.com\/fr\/#website","url":"https:\/\/chemi-3.com\/fr\/","name":"Chemi-3 Inc.","description":"Montreal&#039;s premier distributor of janitorial, sanitary and commercial products.","publisher":{"@id":"https:\/\/chemi-3.com\/fr\/#organization"},"potentialAction":[{"@type":"SearchAction","target":{"@type":"EntryPoint","urlTemplate":"https:\/\/chemi-3.com\/fr\/?s={search_term_string}"},"query-input":{"@type":"PropertyValueSpecification","valueRequired":true,"valueName":"search_term_string"}}],"inLanguage":"fr-CA"},{"@type":"Organization","@id":"https:\/\/chemi-3.com\/fr\/#organization","name":"Chemi-3 Industries Inc.","url":"https:\/\/chemi-3.com\/fr\/","logo":{"@type":"ImageObject","inLanguage":"fr-CA","@id":"https:\/\/chemi-3.com\/fr\/#\/schema\/logo\/image\/","url":"http:\/\/chemi-3.com\/wp-content\/uploads\/2021\/09\/Chemi3_logo_transparent_highres.png","contentUrl":"http:\/\/chemi-3.com\/wp-content\/uploads\/2021\/09\/Chemi3_logo_transparent_highres.png","width":1000,"height":387,"caption":"Chemi-3 Industries Inc."},"image":{"@id":"https:\/\/chemi-3.com\/fr\/#\/schema\/logo\/image\/"},"sameAs":["https:\/\/www.facebook.com\/chemi3inc\/","https:\/\/x.com\/chemi3inc","https:\/\/www.instagram.com\/chemi3inc\/","https:\/\/www.linkedin.com\/company\/chemi3inc"]}]}},"_links":{"self":[{"href":"https:\/\/chemi-3.com\/fr\/wp-json\/wp\/v2\/product\/28199","targetHints":{"allow":["GET"]}}],"collection":[{"href":"https:\/\/chemi-3.com\/fr\/wp-json\/wp\/v2\/product"}],"about":[{"href":"https:\/\/chemi-3.com\/fr\/wp-json\/wp\/v2\/types\/product"}],"replies":[{"embeddable":true,"href":"https:\/\/chemi-3.com\/fr\/wp-json\/wp\/v2\/comments?post=28199"}],"wp:featuredmedia":[{"embeddable":true,"href":"https:\/\/chemi-3.com\/fr\/wp-json\/wp\/v2\/media\/24768"}],"wp:attachment":[{"href":"https:\/\/chemi-3.com\/fr\/wp-json\/wp\/v2\/media?parent=28199"}],"wp:term":[{"taxonomy":"product_brand","embeddable":true,"href":"https:\/\/chemi-3.com\/fr\/wp-json\/wp\/v2\/product_brand?post=28199"},{"taxonomy":"product_cat","embeddable":true,"href":"https:\/\/chemi-3.com\/fr\/wp-json\/wp\/v2\/product_cat?post=28199"},{"taxonomy":"product_tag","embeddable":true,"href":"https:\/\/chemi-3.com\/fr\/wp-json\/wp\/v2\/product_tag?post=28199"}],"curies":[{"name":"wp","href":"https:\/\/api.w.org\/{rel}","templated":true}]}}