{"id":28243,"date":"2021-11-05T13:08:45","date_gmt":"2021-11-05T17:08:45","guid":{"rendered":"https:\/\/chemi-3.com\/product\/dissolvant-de-gomme-a-macher-65-oz\/"},"modified":"2021-11-05T13:09:04","modified_gmt":"2021-11-05T17:09:04","slug":"dissolvant-de-gomme-a-macher-65-oz","status":"publish","type":"product","link":"https:\/\/chemi-3.com\/fr\/product\/dissolvant-de-gomme-a-macher-65-oz\/","title":{"rendered":"Dissolvant de gomme \u00e0 m\u00e2cher, 6,5 oz"},"content":{"rendered":"<body><p>Ce produit a pour effet de rendre la p\u00e9nible t\u00e2che d\u2019enlever la gomme \u00e0 m\u00e2cher, la cire de chandelle, le mastic et les autres substances gommeuses rapide et facile. L\u2019action \u2018g\u00e9lifiante\u2019 permet en fait de durcir la gomme et de suffisamment l\u2019\u00e9mietter pour la d\u00e9loger de tapis, de tissus ou des surfaces dures, telles que les dessus de bureau. Ne tache pas et ne laisse aucun r\u00e9sidu de produit chimique. NOTA : \u00c9viter de vaporiser ce produit sur la peau puisqu\u2019il y a risque d\u2019engelure. <\/p>\n<p>Ce produit a pour effet de rendre la p\u00e9nible t\u00e2che d\u2019enlever la gomme \u00e0 m\u00e2cher, la cire de chandelle, le mastic et les autres substances gommeuses rapide et facile. L\u2019action \u2018g\u00e9lifiante\u2019 permet en fait de durcir la gomme et de suffisamment l\u2019\u00e9mietter pour la d\u00e9loger de tapis, de tissus ou des surfaces dures, telles que les dessus de bureau. Ne tache pas et ne laisse aucun r\u00e9sidu de produit chimique. NOTA : \u00c9viter de vaporiser ce produit sur la peau puisqu\u2019il y a risque d\u2019engelure.<br>\nUnit\u00e9 de mesure : 12\/6.5-OZ<\/p>\n<\/body>","protected":false},"excerpt":{"rendered":"<p>Ce produit a pour effet de rendre la p\u00e9nible t\u00e2che d\u2019enlever la gomme \u00e0 m\u00e2cher, la cire de chandelle, le mastic et les autres substances gommeuses rapide et facile. L\u2019action \u2018g\u00e9lifiante\u2019 permet en fait de durcir la gomme et de suffisamment l\u2019\u00e9mietter pour la d\u00e9loger de tapis, de tissus ou des surfaces dures, telles que [&hellip;]<\/p>\n","protected":false},"featured_media":24838,"comment_status":"closed","ping_status":"open","template":"","meta":{"_et_pb_use_builder":"","_et_pb_old_content":"","_et_gb_content_width":""},"product_brand":[],"product_cat":[12694],"product_tag":[13695,13937,13618],"class_list":{"0":"post-28243","1":"product","2":"type-product","3":"status-publish","4":"has-post-thumbnail","6":"product_cat-nettoyants-tout-usage","7":"product_tag-nettoyants","8":"product_tag-nettoyants-tout-usage","9":"product_tag-produits-chimiques","10":"pa_is-hazardous-material-oui","12":"first","13":"instock","14":"taxable","15":"shipping-taxable","16":"purchasable","17":"product-type-simple"},"yoast_head":"<!-- This site is optimized with the Yoast SEO plugin v27.4 - https:\/\/yoast.com\/product\/yoast-seo-wordpress\/ -->\n<title>Dissolvant de gomme \u00e0 m\u00e2cher, 6,5 oz &#8211; Chemi-3 Inc.<\/title>\n<meta name=\"robots\" content=\"index, follow, max-snippet:-1, max-image-preview:large, max-video-preview:-1\" \/>\n<link rel=\"canonical\" href=\"https:\/\/chemi-3.com\/fr\/product\/dissolvant-de-gomme-a-macher-65-oz\/\" \/>\n<meta property=\"og:locale\" content=\"fr_CA\" \/>\n<meta property=\"og:type\" content=\"article\" \/>\n<meta property=\"og:title\" content=\"Dissolvant de gomme \u00e0 m\u00e2cher, 6,5 oz &#8211; Chemi-3 Inc.\" \/>\n<meta property=\"og:description\" content=\"Ce produit a pour effet de rendre la p\u00e9nible t\u00e2che d\u2019enlever la gomme \u00e0 m\u00e2cher, la cire de chandelle, le mastic et les autres substances gommeuses rapide et facile. L\u2019action \u2018g\u00e9lifiante\u2019 permet en fait de durcir la gomme et de suffisamment l\u2019\u00e9mietter pour la d\u00e9loger de tapis, de tissus ou des surfaces dures, telles que [&hellip;]\" \/>\n<meta property=\"og:url\" content=\"https:\/\/chemi-3.com\/fr\/product\/dissolvant-de-gomme-a-macher-65-oz\/\" \/>\n<meta property=\"og:site_name\" content=\"Chemi-3 Inc.\" \/>\n<meta property=\"article:publisher\" content=\"https:\/\/www.facebook.com\/chemi3inc\/\" \/>\n<meta property=\"article:modified_time\" content=\"2021-11-05T17:09:04+00:00\" \/>\n<meta property=\"og:image\" content=\"https:\/\/chemi-3.com\/wp-content\/uploads\/2021\/11\/79420009-1.jpg\" \/>\n\t<meta property=\"og:image:width\" content=\"150\" \/>\n\t<meta property=\"og:image:height\" content=\"390\" \/>\n\t<meta property=\"og:image:type\" content=\"image\/jpeg\" \/>\n<meta name=\"twitter:card\" content=\"summary_large_image\" \/>\n<meta name=\"twitter:site\" content=\"@chemi3inc\" \/>\n<meta name=\"twitter:label1\" content=\"Estimation du temps de lecture\" \/>\n\t<meta name=\"twitter:data1\" content=\"1 minute\" \/>\n<script type=\"application\/ld+json\" class=\"yoast-schema-graph\">{\"@context\":\"https:\\\/\\\/schema.org\",\"@graph\":[{\"@type\":[\"WebPage\",\"ItemPage\"],\"@id\":\"https:\\\/\\\/chemi-3.com\\\/fr\\\/product\\\/dissolvant-de-gomme-a-macher-65-oz\\\/\",\"url\":\"https:\\\/\\\/chemi-3.com\\\/fr\\\/product\\\/dissolvant-de-gomme-a-macher-65-oz\\\/\",\"name\":\"Dissolvant de gomme \u00e0 m\u00e2cher, 6,5 oz &#8211; Chemi-3 Inc.\",\"isPartOf\":{\"@id\":\"https:\\\/\\\/chemi-3.com\\\/fr\\\/#website\"},\"primaryImageOfPage\":{\"@id\":\"https:\\\/\\\/chemi-3.com\\\/fr\\\/product\\\/dissolvant-de-gomme-a-macher-65-oz\\\/#primaryimage\"},\"image\":{\"@id\":\"https:\\\/\\\/chemi-3.com\\\/fr\\\/product\\\/dissolvant-de-gomme-a-macher-65-oz\\\/#primaryimage\"},\"thumbnailUrl\":\"https:\\\/\\\/chemi-3.com\\\/wp-content\\\/uploads\\\/2021\\\/11\\\/79420009-1.jpg\",\"datePublished\":\"2021-11-05T17:08:45+00:00\",\"dateModified\":\"2021-11-05T17:09:04+00:00\",\"breadcrumb\":{\"@id\":\"https:\\\/\\\/chemi-3.com\\\/fr\\\/product\\\/dissolvant-de-gomme-a-macher-65-oz\\\/#breadcrumb\"},\"inLanguage\":\"fr-CA\",\"potentialAction\":[{\"@type\":\"ReadAction\",\"target\":[\"https:\\\/\\\/chemi-3.com\\\/fr\\\/product\\\/dissolvant-de-gomme-a-macher-65-oz\\\/\"]}]},{\"@type\":\"ImageObject\",\"inLanguage\":\"fr-CA\",\"@id\":\"https:\\\/\\\/chemi-3.com\\\/fr\\\/product\\\/dissolvant-de-gomme-a-macher-65-oz\\\/#primaryimage\",\"url\":\"https:\\\/\\\/chemi-3.com\\\/wp-content\\\/uploads\\\/2021\\\/11\\\/79420009-1.jpg\",\"contentUrl\":\"https:\\\/\\\/chemi-3.com\\\/wp-content\\\/uploads\\\/2021\\\/11\\\/79420009-1.jpg\",\"width\":150,\"height\":390,\"caption\":\"Chewing Gum Remover\"},{\"@type\":\"BreadcrumbList\",\"@id\":\"https:\\\/\\\/chemi-3.com\\\/fr\\\/product\\\/dissolvant-de-gomme-a-macher-65-oz\\\/#breadcrumb\",\"itemListElement\":[{\"@type\":\"ListItem\",\"position\":1,\"name\":\"Home\",\"item\":\"https:\\\/\\\/chemi-3.com\\\/fr\\\/\"},{\"@type\":\"ListItem\",\"position\":2,\"name\":\"Produits\",\"item\":\"https:\\\/\\\/chemi-3.com\\\/fr\\\/shop\\\/\"},{\"@type\":\"ListItem\",\"position\":3,\"name\":\"Dissolvant de gomme \u00e0 m\u00e2cher, 6,5 oz\"}]},{\"@type\":\"WebSite\",\"@id\":\"https:\\\/\\\/chemi-3.com\\\/fr\\\/#website\",\"url\":\"https:\\\/\\\/chemi-3.com\\\/fr\\\/\",\"name\":\"Chemi-3 Inc.\",\"description\":\"Montreal&#039;s premier distributor of janitorial, sanitary and commercial products.\",\"publisher\":{\"@id\":\"https:\\\/\\\/chemi-3.com\\\/fr\\\/#organization\"},\"potentialAction\":[{\"@type\":\"SearchAction\",\"target\":{\"@type\":\"EntryPoint\",\"urlTemplate\":\"https:\\\/\\\/chemi-3.com\\\/fr\\\/?s={search_term_string}\"},\"query-input\":{\"@type\":\"PropertyValueSpecification\",\"valueRequired\":true,\"valueName\":\"search_term_string\"}}],\"inLanguage\":\"fr-CA\"},{\"@type\":\"Organization\",\"@id\":\"https:\\\/\\\/chemi-3.com\\\/fr\\\/#organization\",\"name\":\"Chemi-3 Industries Inc.\",\"url\":\"https:\\\/\\\/chemi-3.com\\\/fr\\\/\",\"logo\":{\"@type\":\"ImageObject\",\"inLanguage\":\"fr-CA\",\"@id\":\"https:\\\/\\\/chemi-3.com\\\/fr\\\/#\\\/schema\\\/logo\\\/image\\\/\",\"url\":\"http:\\\/\\\/chemi-3.com\\\/wp-content\\\/uploads\\\/2021\\\/09\\\/Chemi3_logo_transparent_highres.png\",\"contentUrl\":\"http:\\\/\\\/chemi-3.com\\\/wp-content\\\/uploads\\\/2021\\\/09\\\/Chemi3_logo_transparent_highres.png\",\"width\":1000,\"height\":387,\"caption\":\"Chemi-3 Industries Inc.\"},\"image\":{\"@id\":\"https:\\\/\\\/chemi-3.com\\\/fr\\\/#\\\/schema\\\/logo\\\/image\\\/\"},\"sameAs\":[\"https:\\\/\\\/www.facebook.com\\\/chemi3inc\\\/\",\"https:\\\/\\\/x.com\\\/chemi3inc\",\"https:\\\/\\\/www.instagram.com\\\/chemi3inc\\\/\",\"https:\\\/\\\/www.linkedin.com\\\/company\\\/chemi3inc\"]}]}<\/script>\n<!-- \/ Yoast SEO plugin. -->","yoast_head_json":{"title":"Dissolvant de gomme \u00e0 m\u00e2cher, 6,5 oz &#8211; Chemi-3 Inc.","robots":{"index":"index","follow":"follow","max-snippet":"max-snippet:-1","max-image-preview":"max-image-preview:large","max-video-preview":"max-video-preview:-1"},"canonical":"https:\/\/chemi-3.com\/fr\/product\/dissolvant-de-gomme-a-macher-65-oz\/","og_locale":"fr_CA","og_type":"article","og_title":"Dissolvant de gomme \u00e0 m\u00e2cher, 6,5 oz &#8211; Chemi-3 Inc.","og_description":"Ce produit a pour effet de rendre la p\u00e9nible t\u00e2che d\u2019enlever la gomme \u00e0 m\u00e2cher, la cire de chandelle, le mastic et les autres substances gommeuses rapide et facile. L\u2019action \u2018g\u00e9lifiante\u2019 permet en fait de durcir la gomme et de suffisamment l\u2019\u00e9mietter pour la d\u00e9loger de tapis, de tissus ou des surfaces dures, telles que [&hellip;]","og_url":"https:\/\/chemi-3.com\/fr\/product\/dissolvant-de-gomme-a-macher-65-oz\/","og_site_name":"Chemi-3 Inc.","article_publisher":"https:\/\/www.facebook.com\/chemi3inc\/","article_modified_time":"2021-11-05T17:09:04+00:00","og_image":[{"width":150,"height":390,"url":"https:\/\/chemi-3.com\/wp-content\/uploads\/2021\/11\/79420009-1.jpg","type":"image\/jpeg"}],"twitter_card":"summary_large_image","twitter_site":"@chemi3inc","twitter_misc":{"Estimation du temps de lecture":"1 minute"},"schema":{"@context":"https:\/\/schema.org","@graph":[{"@type":["WebPage","ItemPage"],"@id":"https:\/\/chemi-3.com\/fr\/product\/dissolvant-de-gomme-a-macher-65-oz\/","url":"https:\/\/chemi-3.com\/fr\/product\/dissolvant-de-gomme-a-macher-65-oz\/","name":"Dissolvant de gomme \u00e0 m\u00e2cher, 6,5 oz &#8211; Chemi-3 Inc.","isPartOf":{"@id":"https:\/\/chemi-3.com\/fr\/#website"},"primaryImageOfPage":{"@id":"https:\/\/chemi-3.com\/fr\/product\/dissolvant-de-gomme-a-macher-65-oz\/#primaryimage"},"image":{"@id":"https:\/\/chemi-3.com\/fr\/product\/dissolvant-de-gomme-a-macher-65-oz\/#primaryimage"},"thumbnailUrl":"https:\/\/chemi-3.com\/wp-content\/uploads\/2021\/11\/79420009-1.jpg","datePublished":"2021-11-05T17:08:45+00:00","dateModified":"2021-11-05T17:09:04+00:00","breadcrumb":{"@id":"https:\/\/chemi-3.com\/fr\/product\/dissolvant-de-gomme-a-macher-65-oz\/#breadcrumb"},"inLanguage":"fr-CA","potentialAction":[{"@type":"ReadAction","target":["https:\/\/chemi-3.com\/fr\/product\/dissolvant-de-gomme-a-macher-65-oz\/"]}]},{"@type":"ImageObject","inLanguage":"fr-CA","@id":"https:\/\/chemi-3.com\/fr\/product\/dissolvant-de-gomme-a-macher-65-oz\/#primaryimage","url":"https:\/\/chemi-3.com\/wp-content\/uploads\/2021\/11\/79420009-1.jpg","contentUrl":"https:\/\/chemi-3.com\/wp-content\/uploads\/2021\/11\/79420009-1.jpg","width":150,"height":390,"caption":"Chewing Gum Remover"},{"@type":"BreadcrumbList","@id":"https:\/\/chemi-3.com\/fr\/product\/dissolvant-de-gomme-a-macher-65-oz\/#breadcrumb","itemListElement":[{"@type":"ListItem","position":1,"name":"Home","item":"https:\/\/chemi-3.com\/fr\/"},{"@type":"ListItem","position":2,"name":"Produits","item":"https:\/\/chemi-3.com\/fr\/shop\/"},{"@type":"ListItem","position":3,"name":"Dissolvant de gomme \u00e0 m\u00e2cher, 6,5 oz"}]},{"@type":"WebSite","@id":"https:\/\/chemi-3.com\/fr\/#website","url":"https:\/\/chemi-3.com\/fr\/","name":"Chemi-3 Inc.","description":"Montreal&#039;s premier distributor of janitorial, sanitary and commercial products.","publisher":{"@id":"https:\/\/chemi-3.com\/fr\/#organization"},"potentialAction":[{"@type":"SearchAction","target":{"@type":"EntryPoint","urlTemplate":"https:\/\/chemi-3.com\/fr\/?s={search_term_string}"},"query-input":{"@type":"PropertyValueSpecification","valueRequired":true,"valueName":"search_term_string"}}],"inLanguage":"fr-CA"},{"@type":"Organization","@id":"https:\/\/chemi-3.com\/fr\/#organization","name":"Chemi-3 Industries Inc.","url":"https:\/\/chemi-3.com\/fr\/","logo":{"@type":"ImageObject","inLanguage":"fr-CA","@id":"https:\/\/chemi-3.com\/fr\/#\/schema\/logo\/image\/","url":"http:\/\/chemi-3.com\/wp-content\/uploads\/2021\/09\/Chemi3_logo_transparent_highres.png","contentUrl":"http:\/\/chemi-3.com\/wp-content\/uploads\/2021\/09\/Chemi3_logo_transparent_highres.png","width":1000,"height":387,"caption":"Chemi-3 Industries Inc."},"image":{"@id":"https:\/\/chemi-3.com\/fr\/#\/schema\/logo\/image\/"},"sameAs":["https:\/\/www.facebook.com\/chemi3inc\/","https:\/\/x.com\/chemi3inc","https:\/\/www.instagram.com\/chemi3inc\/","https:\/\/www.linkedin.com\/company\/chemi3inc"]}]}},"_links":{"self":[{"href":"https:\/\/chemi-3.com\/fr\/wp-json\/wp\/v2\/product\/28243","targetHints":{"allow":["GET"]}}],"collection":[{"href":"https:\/\/chemi-3.com\/fr\/wp-json\/wp\/v2\/product"}],"about":[{"href":"https:\/\/chemi-3.com\/fr\/wp-json\/wp\/v2\/types\/product"}],"replies":[{"embeddable":true,"href":"https:\/\/chemi-3.com\/fr\/wp-json\/wp\/v2\/comments?post=28243"}],"wp:featuredmedia":[{"embeddable":true,"href":"https:\/\/chemi-3.com\/fr\/wp-json\/wp\/v2\/media\/24838"}],"wp:attachment":[{"href":"https:\/\/chemi-3.com\/fr\/wp-json\/wp\/v2\/media?parent=28243"}],"wp:term":[{"taxonomy":"product_brand","embeddable":true,"href":"https:\/\/chemi-3.com\/fr\/wp-json\/wp\/v2\/product_brand?post=28243"},{"taxonomy":"product_cat","embeddable":true,"href":"https:\/\/chemi-3.com\/fr\/wp-json\/wp\/v2\/product_cat?post=28243"},{"taxonomy":"product_tag","embeddable":true,"href":"https:\/\/chemi-3.com\/fr\/wp-json\/wp\/v2\/product_tag?post=28243"}],"curies":[{"name":"wp","href":"https:\/\/api.w.org\/{rel}","templated":true}]}}