{"id":28249,"date":"2021-11-05T13:08:45","date_gmt":"2021-11-05T17:08:45","guid":{"rendered":"https:\/\/chemi-3.com\/product\/scjp-windex-nettoyant-moussant-pour-vitres\/"},"modified":"2021-11-05T13:09:07","modified_gmt":"2021-11-05T17:09:07","slug":"scjp-windex-nettoyant-moussant-pour-vitres","status":"publish","type":"product","link":"https:\/\/chemi-3.com\/fr\/product\/scjp-windex-nettoyant-moussant-pour-vitres\/","title":{"rendered":"Scjp windex\u00ae nettoyant moussant pour vitres"},"content":{"rendered":"<body><p>Pour un \u00e9clat sans trace! Un nettoyant polyvalent qui reste l\u00e0 o\u00f9 vous le vaporisez pour toutes les surfaces difficiles \u00e0 atteindre. Son bouton de vaporisation large et confortable est facile \u00e0 utiliser. Windex Nettoyant moussant pour vitres de SC Johnson Professional nettoie et fait reluire les vitres, les miroirs et bien plus encore!<\/p>\n<p>Pour un \u00e9clat sans trace! Un nettoyant polyvalent qui reste l\u00e0 o\u00f9 vous le vaporisez pour toutes les surfaces difficiles \u00e0 atteindre. Son bouton de vaporisation large et confortable est facile \u00e0 utiliser. Windex Nettoyant moussant pour vitres de SC Johnson Professional nettoie et fait reluire les vitres, les miroirs et bien plus encore!<br>\nUnit\u00e9 de mesure : 12\/19.7-OZ<\/p>\n<\/body>","protected":false},"excerpt":{"rendered":"<p>Pour un \u00e9clat sans trace! Un nettoyant polyvalent qui reste l\u00e0 o\u00f9 vous le vaporisez pour toutes les surfaces difficiles \u00e0 atteindre. Son bouton de vaporisation large et confortable est facile \u00e0 utiliser. Windex Nettoyant moussant pour vitres de SC Johnson Professional nettoie et fait reluire les vitres, les miroirs et bien plus encore! Pour [&hellip;]<\/p>\n","protected":false},"featured_media":24847,"comment_status":"closed","ping_status":"open","template":"","meta":{"_et_pb_use_builder":"","_et_pb_old_content":"","_et_gb_content_width":""},"product_brand":[],"product_cat":[12702],"product_tag":[13695,13943,13618],"class_list":{"0":"post-28249","1":"product","2":"type-product","3":"status-publish","4":"has-post-thumbnail","6":"product_cat-nettoyants-pour-vitres","7":"product_tag-nettoyants","8":"product_tag-nettoyants-pour-vitres","9":"product_tag-produits-chimiques","10":"pa_country-of-origin-united-states","11":"pa_environmental-status-recyclable-fr","12":"pa_is-hazardous-material-oui","13":"pa_product-material-foam-2","15":"first","16":"instock","17":"taxable","18":"shipping-taxable","19":"purchasable","20":"product-type-simple"},"yoast_head":"<!-- This site is optimized with the Yoast SEO plugin v27.4 - https:\/\/yoast.com\/product\/yoast-seo-wordpress\/ -->\n<title>Scjp windex\u00ae nettoyant moussant pour vitres &#8211; Chemi-3 Inc.<\/title>\n<meta name=\"robots\" content=\"index, follow, max-snippet:-1, max-image-preview:large, max-video-preview:-1\" \/>\n<link rel=\"canonical\" href=\"https:\/\/chemi-3.com\/fr\/product\/scjp-windex-nettoyant-moussant-pour-vitres\/\" \/>\n<meta property=\"og:locale\" content=\"fr_CA\" \/>\n<meta property=\"og:type\" content=\"article\" \/>\n<meta property=\"og:title\" content=\"Scjp windex\u00ae nettoyant moussant pour vitres &#8211; Chemi-3 Inc.\" \/>\n<meta property=\"og:description\" content=\"Pour un \u00e9clat sans trace! Un nettoyant polyvalent qui reste l\u00e0 o\u00f9 vous le vaporisez pour toutes les surfaces difficiles \u00e0 atteindre. Son bouton de vaporisation large et confortable est facile \u00e0 utiliser. Windex Nettoyant moussant pour vitres de SC Johnson Professional nettoie et fait reluire les vitres, les miroirs et bien plus encore! Pour [&hellip;]\" \/>\n<meta property=\"og:url\" content=\"https:\/\/chemi-3.com\/fr\/product\/scjp-windex-nettoyant-moussant-pour-vitres\/\" \/>\n<meta property=\"og:site_name\" content=\"Chemi-3 Inc.\" \/>\n<meta property=\"article:publisher\" content=\"https:\/\/www.facebook.com\/chemi3inc\/\" \/>\n<meta property=\"article:modified_time\" content=\"2021-11-05T17:09:07+00:00\" \/>\n<meta property=\"og:image\" content=\"https:\/\/chemi-3.com\/wp-content\/uploads\/2021\/11\/31600114-20210515022538-1.jpg\" \/>\n\t<meta property=\"og:image:width\" content=\"900\" \/>\n\t<meta property=\"og:image:height\" content=\"900\" \/>\n\t<meta property=\"og:image:type\" content=\"image\/jpeg\" \/>\n<meta name=\"twitter:card\" content=\"summary_large_image\" \/>\n<meta name=\"twitter:site\" content=\"@chemi3inc\" \/>\n<meta name=\"twitter:label1\" content=\"Estimation du temps de lecture\" \/>\n\t<meta name=\"twitter:data1\" content=\"1 minute\" \/>\n<script type=\"application\/ld+json\" class=\"yoast-schema-graph\">{\"@context\":\"https:\\\/\\\/schema.org\",\"@graph\":[{\"@type\":[\"WebPage\",\"ItemPage\"],\"@id\":\"https:\\\/\\\/chemi-3.com\\\/fr\\\/product\\\/scjp-windex-nettoyant-moussant-pour-vitres\\\/\",\"url\":\"https:\\\/\\\/chemi-3.com\\\/fr\\\/product\\\/scjp-windex-nettoyant-moussant-pour-vitres\\\/\",\"name\":\"Scjp windex\u00ae nettoyant moussant pour vitres &#8211; Chemi-3 Inc.\",\"isPartOf\":{\"@id\":\"https:\\\/\\\/chemi-3.com\\\/fr\\\/#website\"},\"primaryImageOfPage\":{\"@id\":\"https:\\\/\\\/chemi-3.com\\\/fr\\\/product\\\/scjp-windex-nettoyant-moussant-pour-vitres\\\/#primaryimage\"},\"image\":{\"@id\":\"https:\\\/\\\/chemi-3.com\\\/fr\\\/product\\\/scjp-windex-nettoyant-moussant-pour-vitres\\\/#primaryimage\"},\"thumbnailUrl\":\"https:\\\/\\\/chemi-3.com\\\/wp-content\\\/uploads\\\/2021\\\/11\\\/31600114-20210515022538-1.jpg\",\"datePublished\":\"2021-11-05T17:08:45+00:00\",\"dateModified\":\"2021-11-05T17:09:07+00:00\",\"breadcrumb\":{\"@id\":\"https:\\\/\\\/chemi-3.com\\\/fr\\\/product\\\/scjp-windex-nettoyant-moussant-pour-vitres\\\/#breadcrumb\"},\"inLanguage\":\"fr-CA\",\"potentialAction\":[{\"@type\":\"ReadAction\",\"target\":[\"https:\\\/\\\/chemi-3.com\\\/fr\\\/product\\\/scjp-windex-nettoyant-moussant-pour-vitres\\\/\"]}]},{\"@type\":\"ImageObject\",\"inLanguage\":\"fr-CA\",\"@id\":\"https:\\\/\\\/chemi-3.com\\\/fr\\\/product\\\/scjp-windex-nettoyant-moussant-pour-vitres\\\/#primaryimage\",\"url\":\"https:\\\/\\\/chemi-3.com\\\/wp-content\\\/uploads\\\/2021\\\/11\\\/31600114-20210515022538-1.jpg\",\"contentUrl\":\"https:\\\/\\\/chemi-3.com\\\/wp-content\\\/uploads\\\/2021\\\/11\\\/31600114-20210515022538-1.jpg\",\"width\":900,\"height\":900,\"caption\":\"Windex\u00ae Foaming Glass Cleaner Aerosol\"},{\"@type\":\"BreadcrumbList\",\"@id\":\"https:\\\/\\\/chemi-3.com\\\/fr\\\/product\\\/scjp-windex-nettoyant-moussant-pour-vitres\\\/#breadcrumb\",\"itemListElement\":[{\"@type\":\"ListItem\",\"position\":1,\"name\":\"Home\",\"item\":\"https:\\\/\\\/chemi-3.com\\\/fr\\\/\"},{\"@type\":\"ListItem\",\"position\":2,\"name\":\"Produits\",\"item\":\"https:\\\/\\\/chemi-3.com\\\/fr\\\/shop\\\/\"},{\"@type\":\"ListItem\",\"position\":3,\"name\":\"Scjp windex\u00ae nettoyant moussant pour vitres\"}]},{\"@type\":\"WebSite\",\"@id\":\"https:\\\/\\\/chemi-3.com\\\/fr\\\/#website\",\"url\":\"https:\\\/\\\/chemi-3.com\\\/fr\\\/\",\"name\":\"Chemi-3 Inc.\",\"description\":\"Montreal&#039;s premier distributor of janitorial, sanitary and commercial products.\",\"publisher\":{\"@id\":\"https:\\\/\\\/chemi-3.com\\\/fr\\\/#organization\"},\"potentialAction\":[{\"@type\":\"SearchAction\",\"target\":{\"@type\":\"EntryPoint\",\"urlTemplate\":\"https:\\\/\\\/chemi-3.com\\\/fr\\\/?s={search_term_string}\"},\"query-input\":{\"@type\":\"PropertyValueSpecification\",\"valueRequired\":true,\"valueName\":\"search_term_string\"}}],\"inLanguage\":\"fr-CA\"},{\"@type\":\"Organization\",\"@id\":\"https:\\\/\\\/chemi-3.com\\\/fr\\\/#organization\",\"name\":\"Chemi-3 Industries Inc.\",\"url\":\"https:\\\/\\\/chemi-3.com\\\/fr\\\/\",\"logo\":{\"@type\":\"ImageObject\",\"inLanguage\":\"fr-CA\",\"@id\":\"https:\\\/\\\/chemi-3.com\\\/fr\\\/#\\\/schema\\\/logo\\\/image\\\/\",\"url\":\"http:\\\/\\\/chemi-3.com\\\/wp-content\\\/uploads\\\/2021\\\/09\\\/Chemi3_logo_transparent_highres.png\",\"contentUrl\":\"http:\\\/\\\/chemi-3.com\\\/wp-content\\\/uploads\\\/2021\\\/09\\\/Chemi3_logo_transparent_highres.png\",\"width\":1000,\"height\":387,\"caption\":\"Chemi-3 Industries Inc.\"},\"image\":{\"@id\":\"https:\\\/\\\/chemi-3.com\\\/fr\\\/#\\\/schema\\\/logo\\\/image\\\/\"},\"sameAs\":[\"https:\\\/\\\/www.facebook.com\\\/chemi3inc\\\/\",\"https:\\\/\\\/x.com\\\/chemi3inc\",\"https:\\\/\\\/www.instagram.com\\\/chemi3inc\\\/\",\"https:\\\/\\\/www.linkedin.com\\\/company\\\/chemi3inc\"]}]}<\/script>\n<!-- \/ Yoast SEO plugin. -->","yoast_head_json":{"title":"Scjp windex\u00ae nettoyant moussant pour vitres &#8211; Chemi-3 Inc.","robots":{"index":"index","follow":"follow","max-snippet":"max-snippet:-1","max-image-preview":"max-image-preview:large","max-video-preview":"max-video-preview:-1"},"canonical":"https:\/\/chemi-3.com\/fr\/product\/scjp-windex-nettoyant-moussant-pour-vitres\/","og_locale":"fr_CA","og_type":"article","og_title":"Scjp windex\u00ae nettoyant moussant pour vitres &#8211; Chemi-3 Inc.","og_description":"Pour un \u00e9clat sans trace! Un nettoyant polyvalent qui reste l\u00e0 o\u00f9 vous le vaporisez pour toutes les surfaces difficiles \u00e0 atteindre. Son bouton de vaporisation large et confortable est facile \u00e0 utiliser. Windex Nettoyant moussant pour vitres de SC Johnson Professional nettoie et fait reluire les vitres, les miroirs et bien plus encore! Pour [&hellip;]","og_url":"https:\/\/chemi-3.com\/fr\/product\/scjp-windex-nettoyant-moussant-pour-vitres\/","og_site_name":"Chemi-3 Inc.","article_publisher":"https:\/\/www.facebook.com\/chemi3inc\/","article_modified_time":"2021-11-05T17:09:07+00:00","og_image":[{"width":900,"height":900,"url":"https:\/\/chemi-3.com\/wp-content\/uploads\/2021\/11\/31600114-20210515022538-1.jpg","type":"image\/jpeg"}],"twitter_card":"summary_large_image","twitter_site":"@chemi3inc","twitter_misc":{"Estimation du temps de lecture":"1 minute"},"schema":{"@context":"https:\/\/schema.org","@graph":[{"@type":["WebPage","ItemPage"],"@id":"https:\/\/chemi-3.com\/fr\/product\/scjp-windex-nettoyant-moussant-pour-vitres\/","url":"https:\/\/chemi-3.com\/fr\/product\/scjp-windex-nettoyant-moussant-pour-vitres\/","name":"Scjp windex\u00ae nettoyant moussant pour vitres &#8211; Chemi-3 Inc.","isPartOf":{"@id":"https:\/\/chemi-3.com\/fr\/#website"},"primaryImageOfPage":{"@id":"https:\/\/chemi-3.com\/fr\/product\/scjp-windex-nettoyant-moussant-pour-vitres\/#primaryimage"},"image":{"@id":"https:\/\/chemi-3.com\/fr\/product\/scjp-windex-nettoyant-moussant-pour-vitres\/#primaryimage"},"thumbnailUrl":"https:\/\/chemi-3.com\/wp-content\/uploads\/2021\/11\/31600114-20210515022538-1.jpg","datePublished":"2021-11-05T17:08:45+00:00","dateModified":"2021-11-05T17:09:07+00:00","breadcrumb":{"@id":"https:\/\/chemi-3.com\/fr\/product\/scjp-windex-nettoyant-moussant-pour-vitres\/#breadcrumb"},"inLanguage":"fr-CA","potentialAction":[{"@type":"ReadAction","target":["https:\/\/chemi-3.com\/fr\/product\/scjp-windex-nettoyant-moussant-pour-vitres\/"]}]},{"@type":"ImageObject","inLanguage":"fr-CA","@id":"https:\/\/chemi-3.com\/fr\/product\/scjp-windex-nettoyant-moussant-pour-vitres\/#primaryimage","url":"https:\/\/chemi-3.com\/wp-content\/uploads\/2021\/11\/31600114-20210515022538-1.jpg","contentUrl":"https:\/\/chemi-3.com\/wp-content\/uploads\/2021\/11\/31600114-20210515022538-1.jpg","width":900,"height":900,"caption":"Windex\u00ae Foaming Glass Cleaner Aerosol"},{"@type":"BreadcrumbList","@id":"https:\/\/chemi-3.com\/fr\/product\/scjp-windex-nettoyant-moussant-pour-vitres\/#breadcrumb","itemListElement":[{"@type":"ListItem","position":1,"name":"Home","item":"https:\/\/chemi-3.com\/fr\/"},{"@type":"ListItem","position":2,"name":"Produits","item":"https:\/\/chemi-3.com\/fr\/shop\/"},{"@type":"ListItem","position":3,"name":"Scjp windex\u00ae nettoyant moussant pour vitres"}]},{"@type":"WebSite","@id":"https:\/\/chemi-3.com\/fr\/#website","url":"https:\/\/chemi-3.com\/fr\/","name":"Chemi-3 Inc.","description":"Montreal&#039;s premier distributor of janitorial, sanitary and commercial products.","publisher":{"@id":"https:\/\/chemi-3.com\/fr\/#organization"},"potentialAction":[{"@type":"SearchAction","target":{"@type":"EntryPoint","urlTemplate":"https:\/\/chemi-3.com\/fr\/?s={search_term_string}"},"query-input":{"@type":"PropertyValueSpecification","valueRequired":true,"valueName":"search_term_string"}}],"inLanguage":"fr-CA"},{"@type":"Organization","@id":"https:\/\/chemi-3.com\/fr\/#organization","name":"Chemi-3 Industries Inc.","url":"https:\/\/chemi-3.com\/fr\/","logo":{"@type":"ImageObject","inLanguage":"fr-CA","@id":"https:\/\/chemi-3.com\/fr\/#\/schema\/logo\/image\/","url":"http:\/\/chemi-3.com\/wp-content\/uploads\/2021\/09\/Chemi3_logo_transparent_highres.png","contentUrl":"http:\/\/chemi-3.com\/wp-content\/uploads\/2021\/09\/Chemi3_logo_transparent_highres.png","width":1000,"height":387,"caption":"Chemi-3 Industries Inc."},"image":{"@id":"https:\/\/chemi-3.com\/fr\/#\/schema\/logo\/image\/"},"sameAs":["https:\/\/www.facebook.com\/chemi3inc\/","https:\/\/x.com\/chemi3inc","https:\/\/www.instagram.com\/chemi3inc\/","https:\/\/www.linkedin.com\/company\/chemi3inc"]}]}},"_links":{"self":[{"href":"https:\/\/chemi-3.com\/fr\/wp-json\/wp\/v2\/product\/28249","targetHints":{"allow":["GET"]}}],"collection":[{"href":"https:\/\/chemi-3.com\/fr\/wp-json\/wp\/v2\/product"}],"about":[{"href":"https:\/\/chemi-3.com\/fr\/wp-json\/wp\/v2\/types\/product"}],"replies":[{"embeddable":true,"href":"https:\/\/chemi-3.com\/fr\/wp-json\/wp\/v2\/comments?post=28249"}],"wp:featuredmedia":[{"embeddable":true,"href":"https:\/\/chemi-3.com\/fr\/wp-json\/wp\/v2\/media\/24847"}],"wp:attachment":[{"href":"https:\/\/chemi-3.com\/fr\/wp-json\/wp\/v2\/media?parent=28249"}],"wp:term":[{"taxonomy":"product_brand","embeddable":true,"href":"https:\/\/chemi-3.com\/fr\/wp-json\/wp\/v2\/product_brand?post=28249"},{"taxonomy":"product_cat","embeddable":true,"href":"https:\/\/chemi-3.com\/fr\/wp-json\/wp\/v2\/product_cat?post=28249"},{"taxonomy":"product_tag","embeddable":true,"href":"https:\/\/chemi-3.com\/fr\/wp-json\/wp\/v2\/product_tag?post=28249"}],"curies":[{"name":"wp","href":"https:\/\/api.w.org\/{rel}","templated":true}]}}