{"id":28289,"date":"2021-11-05T13:09:10","date_gmt":"2021-11-05T17:09:10","guid":{"rendered":"https:\/\/chemi-3.com\/product\/m-net-desinfectant-liquide-multi-surfaces-agrumes-dete-378-litres\/"},"modified":"2021-11-05T13:09:29","modified_gmt":"2021-11-05T17:09:29","slug":"m-net-desinfectant-liquide-multi-surfaces-agrumes-dete-378-litres","status":"publish","type":"product","link":"https:\/\/chemi-3.com\/fr\/product\/m-net-desinfectant-liquide-multi-surfaces-agrumes-dete-378-litres\/","title":{"rendered":"M. net \u2013 d\u00e9sinfectant liquide multi-surfaces, agrumes d\u2019\u00e9t\u00e9 \u2013 3,78 litres"},"content":{"rendered":"<body><p>Nettoyez en profondeur toute votre maison avec le d\u00e9sinfectant liquide multi-surfaces M. Net. Il d\u00e9loge facilement la salet\u00e9 et tue 99,9 % des bact\u00e9ries**. Utilisez-le pour nettoyer la toilette, le bain et le plancher. Il est particuli\u00e8rement efficace dans les zones probl\u00e9matiques telles que les endroits r\u00e9serv\u00e9s aux animaux ou les emplacements de poubelles \u00e0 couches. \u00c0 l\u2019ext\u00e9rieur, essayez-le sur les poubelles et encore plus. Avec le d\u00e9sinfectant liquide multi-surfaces M. Net, le nettoyage se fait rapidement. Vous pourrez vous d\u00e9tendre en sachant que votre espace familial est propre et d\u00e9sinfect\u00e9. (**Toujours lire et suivre le mode d\u2019emploi sur l\u2019\u00e9tiquette pour l\u2019utilisation du d\u00e9sinfectant.)<br>\nUnit\u00e9 de mesure : 4\/3.78-L<\/p>\n<\/body>","protected":false},"excerpt":{"rendered":"<p>Nettoyez en profondeur toute votre maison avec le d\u00e9sinfectant liquide multi-surfaces M. Net. Il d\u00e9loge facilement la salet\u00e9 et tue 99,9 % des bact\u00e9ries**. Utilisez-le pour nettoyer la toilette, le bain et le plancher. Il est particuli\u00e8rement efficace dans les zones probl\u00e9matiques telles que les endroits r\u00e9serv\u00e9s aux animaux ou les emplacements de poubelles \u00e0 [&hellip;]<\/p>\n","protected":false},"featured_media":24908,"comment_status":"closed","ping_status":"open","template":"","meta":{"_et_pb_use_builder":"","_et_pb_old_content":"","_et_gb_content_width":""},"product_brand":[],"product_cat":[12694],"product_tag":[13695,13937,13618],"class_list":{"0":"post-28289","1":"product","2":"type-product","3":"status-publish","4":"has-post-thumbnail","6":"product_cat-nettoyants-tout-usage","7":"product_tag-nettoyants","8":"product_tag-nettoyants-tout-usage","9":"product_tag-produits-chimiques","10":"pa_country-of-origin-united-states","11":"pa_is-hazardous-material-non","12":"pa_product-colour-jaune","13":"pa_product-material-liquid-2","15":"first","16":"instock","17":"taxable","18":"shipping-taxable","19":"purchasable","20":"product-type-simple"},"yoast_head":"<!-- This site is optimized with the Yoast SEO plugin v27.4 - https:\/\/yoast.com\/product\/yoast-seo-wordpress\/ -->\n<title>M. net \u2013 d\u00e9sinfectant liquide multi-surfaces, agrumes d\u2019\u00e9t\u00e9 \u2013 3,78 litres &#8211; Chemi-3 Inc.<\/title>\n<meta name=\"robots\" content=\"index, follow, max-snippet:-1, max-image-preview:large, max-video-preview:-1\" \/>\n<link rel=\"canonical\" href=\"https:\/\/chemi-3.com\/fr\/product\/m-net-desinfectant-liquide-multi-surfaces-agrumes-dete-378-litres\/\" \/>\n<meta property=\"og:locale\" content=\"fr_CA\" \/>\n<meta property=\"og:type\" content=\"article\" \/>\n<meta property=\"og:title\" content=\"M. net \u2013 d\u00e9sinfectant liquide multi-surfaces, agrumes d\u2019\u00e9t\u00e9 \u2013 3,78 litres &#8211; Chemi-3 Inc.\" \/>\n<meta property=\"og:description\" content=\"Nettoyez en profondeur toute votre maison avec le d\u00e9sinfectant liquide multi-surfaces M. Net. Il d\u00e9loge facilement la salet\u00e9 et tue 99,9 % des bact\u00e9ries**. Utilisez-le pour nettoyer la toilette, le bain et le plancher. Il est particuli\u00e8rement efficace dans les zones probl\u00e9matiques telles que les endroits r\u00e9serv\u00e9s aux animaux ou les emplacements de poubelles \u00e0 [&hellip;]\" \/>\n<meta property=\"og:url\" content=\"https:\/\/chemi-3.com\/fr\/product\/m-net-desinfectant-liquide-multi-surfaces-agrumes-dete-378-litres\/\" \/>\n<meta property=\"og:site_name\" content=\"Chemi-3 Inc.\" \/>\n<meta property=\"article:publisher\" content=\"https:\/\/www.facebook.com\/chemi3inc\/\" \/>\n<meta property=\"article:modified_time\" content=\"2021-11-05T17:09:29+00:00\" \/>\n<meta property=\"og:image\" content=\"https:\/\/chemi-3.com\/wp-content\/uploads\/2021\/11\/16901504-20210505082553-1.jpg\" \/>\n\t<meta property=\"og:image:width\" content=\"900\" \/>\n\t<meta property=\"og:image:height\" content=\"900\" \/>\n\t<meta property=\"og:image:type\" content=\"image\/jpeg\" \/>\n<meta name=\"twitter:card\" content=\"summary_large_image\" \/>\n<meta name=\"twitter:site\" content=\"@chemi3inc\" \/>\n<meta name=\"twitter:label1\" content=\"Estimation du temps de lecture\" \/>\n\t<meta name=\"twitter:data1\" content=\"1 minute\" \/>\n<script type=\"application\/ld+json\" class=\"yoast-schema-graph\">{\"@context\":\"https:\\\/\\\/schema.org\",\"@graph\":[{\"@type\":[\"WebPage\",\"ItemPage\"],\"@id\":\"https:\\\/\\\/chemi-3.com\\\/fr\\\/product\\\/m-net-desinfectant-liquide-multi-surfaces-agrumes-dete-378-litres\\\/\",\"url\":\"https:\\\/\\\/chemi-3.com\\\/fr\\\/product\\\/m-net-desinfectant-liquide-multi-surfaces-agrumes-dete-378-litres\\\/\",\"name\":\"M. net \u2013 d\u00e9sinfectant liquide multi-surfaces, agrumes d\u2019\u00e9t\u00e9 \u2013 3,78 litres &#8211; Chemi-3 Inc.\",\"isPartOf\":{\"@id\":\"https:\\\/\\\/chemi-3.com\\\/fr\\\/#website\"},\"primaryImageOfPage\":{\"@id\":\"https:\\\/\\\/chemi-3.com\\\/fr\\\/product\\\/m-net-desinfectant-liquide-multi-surfaces-agrumes-dete-378-litres\\\/#primaryimage\"},\"image\":{\"@id\":\"https:\\\/\\\/chemi-3.com\\\/fr\\\/product\\\/m-net-desinfectant-liquide-multi-surfaces-agrumes-dete-378-litres\\\/#primaryimage\"},\"thumbnailUrl\":\"https:\\\/\\\/chemi-3.com\\\/wp-content\\\/uploads\\\/2021\\\/11\\\/16901504-20210505082553-1.jpg\",\"datePublished\":\"2021-11-05T17:09:10+00:00\",\"dateModified\":\"2021-11-05T17:09:29+00:00\",\"breadcrumb\":{\"@id\":\"https:\\\/\\\/chemi-3.com\\\/fr\\\/product\\\/m-net-desinfectant-liquide-multi-surfaces-agrumes-dete-378-litres\\\/#breadcrumb\"},\"inLanguage\":\"fr-CA\",\"potentialAction\":[{\"@type\":\"ReadAction\",\"target\":[\"https:\\\/\\\/chemi-3.com\\\/fr\\\/product\\\/m-net-desinfectant-liquide-multi-surfaces-agrumes-dete-378-litres\\\/\"]}]},{\"@type\":\"ImageObject\",\"inLanguage\":\"fr-CA\",\"@id\":\"https:\\\/\\\/chemi-3.com\\\/fr\\\/product\\\/m-net-desinfectant-liquide-multi-surfaces-agrumes-dete-378-litres\\\/#primaryimage\",\"url\":\"https:\\\/\\\/chemi-3.com\\\/wp-content\\\/uploads\\\/2021\\\/11\\\/16901504-20210505082553-1.jpg\",\"contentUrl\":\"https:\\\/\\\/chemi-3.com\\\/wp-content\\\/uploads\\\/2021\\\/11\\\/16901504-20210505082553-1.jpg\",\"width\":900,\"height\":900,\"caption\":\"Mr. Clean\u00ae Antibacterial Liquid\"},{\"@type\":\"BreadcrumbList\",\"@id\":\"https:\\\/\\\/chemi-3.com\\\/fr\\\/product\\\/m-net-desinfectant-liquide-multi-surfaces-agrumes-dete-378-litres\\\/#breadcrumb\",\"itemListElement\":[{\"@type\":\"ListItem\",\"position\":1,\"name\":\"Home\",\"item\":\"https:\\\/\\\/chemi-3.com\\\/fr\\\/\"},{\"@type\":\"ListItem\",\"position\":2,\"name\":\"Produits\",\"item\":\"https:\\\/\\\/chemi-3.com\\\/fr\\\/shop\\\/\"},{\"@type\":\"ListItem\",\"position\":3,\"name\":\"M. net \u2013 d\u00e9sinfectant liquide multi-surfaces, agrumes d\u2019\u00e9t\u00e9 \u2013 3,78 litres\"}]},{\"@type\":\"WebSite\",\"@id\":\"https:\\\/\\\/chemi-3.com\\\/fr\\\/#website\",\"url\":\"https:\\\/\\\/chemi-3.com\\\/fr\\\/\",\"name\":\"Chemi-3 Inc.\",\"description\":\"Montreal&#039;s premier distributor of janitorial, sanitary and commercial products.\",\"publisher\":{\"@id\":\"https:\\\/\\\/chemi-3.com\\\/fr\\\/#organization\"},\"potentialAction\":[{\"@type\":\"SearchAction\",\"target\":{\"@type\":\"EntryPoint\",\"urlTemplate\":\"https:\\\/\\\/chemi-3.com\\\/fr\\\/?s={search_term_string}\"},\"query-input\":{\"@type\":\"PropertyValueSpecification\",\"valueRequired\":true,\"valueName\":\"search_term_string\"}}],\"inLanguage\":\"fr-CA\"},{\"@type\":\"Organization\",\"@id\":\"https:\\\/\\\/chemi-3.com\\\/fr\\\/#organization\",\"name\":\"Chemi-3 Industries Inc.\",\"url\":\"https:\\\/\\\/chemi-3.com\\\/fr\\\/\",\"logo\":{\"@type\":\"ImageObject\",\"inLanguage\":\"fr-CA\",\"@id\":\"https:\\\/\\\/chemi-3.com\\\/fr\\\/#\\\/schema\\\/logo\\\/image\\\/\",\"url\":\"http:\\\/\\\/chemi-3.com\\\/wp-content\\\/uploads\\\/2021\\\/09\\\/Chemi3_logo_transparent_highres.png\",\"contentUrl\":\"http:\\\/\\\/chemi-3.com\\\/wp-content\\\/uploads\\\/2021\\\/09\\\/Chemi3_logo_transparent_highres.png\",\"width\":1000,\"height\":387,\"caption\":\"Chemi-3 Industries Inc.\"},\"image\":{\"@id\":\"https:\\\/\\\/chemi-3.com\\\/fr\\\/#\\\/schema\\\/logo\\\/image\\\/\"},\"sameAs\":[\"https:\\\/\\\/www.facebook.com\\\/chemi3inc\\\/\",\"https:\\\/\\\/x.com\\\/chemi3inc\",\"https:\\\/\\\/www.instagram.com\\\/chemi3inc\\\/\",\"https:\\\/\\\/www.linkedin.com\\\/company\\\/chemi3inc\"]}]}<\/script>\n<!-- \/ Yoast SEO plugin. -->","yoast_head_json":{"title":"M. net \u2013 d\u00e9sinfectant liquide multi-surfaces, agrumes d\u2019\u00e9t\u00e9 \u2013 3,78 litres &#8211; Chemi-3 Inc.","robots":{"index":"index","follow":"follow","max-snippet":"max-snippet:-1","max-image-preview":"max-image-preview:large","max-video-preview":"max-video-preview:-1"},"canonical":"https:\/\/chemi-3.com\/fr\/product\/m-net-desinfectant-liquide-multi-surfaces-agrumes-dete-378-litres\/","og_locale":"fr_CA","og_type":"article","og_title":"M. net \u2013 d\u00e9sinfectant liquide multi-surfaces, agrumes d\u2019\u00e9t\u00e9 \u2013 3,78 litres &#8211; Chemi-3 Inc.","og_description":"Nettoyez en profondeur toute votre maison avec le d\u00e9sinfectant liquide multi-surfaces M. Net. Il d\u00e9loge facilement la salet\u00e9 et tue 99,9 % des bact\u00e9ries**. Utilisez-le pour nettoyer la toilette, le bain et le plancher. Il est particuli\u00e8rement efficace dans les zones probl\u00e9matiques telles que les endroits r\u00e9serv\u00e9s aux animaux ou les emplacements de poubelles \u00e0 [&hellip;]","og_url":"https:\/\/chemi-3.com\/fr\/product\/m-net-desinfectant-liquide-multi-surfaces-agrumes-dete-378-litres\/","og_site_name":"Chemi-3 Inc.","article_publisher":"https:\/\/www.facebook.com\/chemi3inc\/","article_modified_time":"2021-11-05T17:09:29+00:00","og_image":[{"width":900,"height":900,"url":"https:\/\/chemi-3.com\/wp-content\/uploads\/2021\/11\/16901504-20210505082553-1.jpg","type":"image\/jpeg"}],"twitter_card":"summary_large_image","twitter_site":"@chemi3inc","twitter_misc":{"Estimation du temps de lecture":"1 minute"},"schema":{"@context":"https:\/\/schema.org","@graph":[{"@type":["WebPage","ItemPage"],"@id":"https:\/\/chemi-3.com\/fr\/product\/m-net-desinfectant-liquide-multi-surfaces-agrumes-dete-378-litres\/","url":"https:\/\/chemi-3.com\/fr\/product\/m-net-desinfectant-liquide-multi-surfaces-agrumes-dete-378-litres\/","name":"M. net \u2013 d\u00e9sinfectant liquide multi-surfaces, agrumes d\u2019\u00e9t\u00e9 \u2013 3,78 litres &#8211; Chemi-3 Inc.","isPartOf":{"@id":"https:\/\/chemi-3.com\/fr\/#website"},"primaryImageOfPage":{"@id":"https:\/\/chemi-3.com\/fr\/product\/m-net-desinfectant-liquide-multi-surfaces-agrumes-dete-378-litres\/#primaryimage"},"image":{"@id":"https:\/\/chemi-3.com\/fr\/product\/m-net-desinfectant-liquide-multi-surfaces-agrumes-dete-378-litres\/#primaryimage"},"thumbnailUrl":"https:\/\/chemi-3.com\/wp-content\/uploads\/2021\/11\/16901504-20210505082553-1.jpg","datePublished":"2021-11-05T17:09:10+00:00","dateModified":"2021-11-05T17:09:29+00:00","breadcrumb":{"@id":"https:\/\/chemi-3.com\/fr\/product\/m-net-desinfectant-liquide-multi-surfaces-agrumes-dete-378-litres\/#breadcrumb"},"inLanguage":"fr-CA","potentialAction":[{"@type":"ReadAction","target":["https:\/\/chemi-3.com\/fr\/product\/m-net-desinfectant-liquide-multi-surfaces-agrumes-dete-378-litres\/"]}]},{"@type":"ImageObject","inLanguage":"fr-CA","@id":"https:\/\/chemi-3.com\/fr\/product\/m-net-desinfectant-liquide-multi-surfaces-agrumes-dete-378-litres\/#primaryimage","url":"https:\/\/chemi-3.com\/wp-content\/uploads\/2021\/11\/16901504-20210505082553-1.jpg","contentUrl":"https:\/\/chemi-3.com\/wp-content\/uploads\/2021\/11\/16901504-20210505082553-1.jpg","width":900,"height":900,"caption":"Mr. Clean\u00ae Antibacterial Liquid"},{"@type":"BreadcrumbList","@id":"https:\/\/chemi-3.com\/fr\/product\/m-net-desinfectant-liquide-multi-surfaces-agrumes-dete-378-litres\/#breadcrumb","itemListElement":[{"@type":"ListItem","position":1,"name":"Home","item":"https:\/\/chemi-3.com\/fr\/"},{"@type":"ListItem","position":2,"name":"Produits","item":"https:\/\/chemi-3.com\/fr\/shop\/"},{"@type":"ListItem","position":3,"name":"M. net \u2013 d\u00e9sinfectant liquide multi-surfaces, agrumes d\u2019\u00e9t\u00e9 \u2013 3,78 litres"}]},{"@type":"WebSite","@id":"https:\/\/chemi-3.com\/fr\/#website","url":"https:\/\/chemi-3.com\/fr\/","name":"Chemi-3 Inc.","description":"Montreal&#039;s premier distributor of janitorial, sanitary and commercial products.","publisher":{"@id":"https:\/\/chemi-3.com\/fr\/#organization"},"potentialAction":[{"@type":"SearchAction","target":{"@type":"EntryPoint","urlTemplate":"https:\/\/chemi-3.com\/fr\/?s={search_term_string}"},"query-input":{"@type":"PropertyValueSpecification","valueRequired":true,"valueName":"search_term_string"}}],"inLanguage":"fr-CA"},{"@type":"Organization","@id":"https:\/\/chemi-3.com\/fr\/#organization","name":"Chemi-3 Industries Inc.","url":"https:\/\/chemi-3.com\/fr\/","logo":{"@type":"ImageObject","inLanguage":"fr-CA","@id":"https:\/\/chemi-3.com\/fr\/#\/schema\/logo\/image\/","url":"http:\/\/chemi-3.com\/wp-content\/uploads\/2021\/09\/Chemi3_logo_transparent_highres.png","contentUrl":"http:\/\/chemi-3.com\/wp-content\/uploads\/2021\/09\/Chemi3_logo_transparent_highres.png","width":1000,"height":387,"caption":"Chemi-3 Industries Inc."},"image":{"@id":"https:\/\/chemi-3.com\/fr\/#\/schema\/logo\/image\/"},"sameAs":["https:\/\/www.facebook.com\/chemi3inc\/","https:\/\/x.com\/chemi3inc","https:\/\/www.instagram.com\/chemi3inc\/","https:\/\/www.linkedin.com\/company\/chemi3inc"]}]}},"_links":{"self":[{"href":"https:\/\/chemi-3.com\/fr\/wp-json\/wp\/v2\/product\/28289","targetHints":{"allow":["GET"]}}],"collection":[{"href":"https:\/\/chemi-3.com\/fr\/wp-json\/wp\/v2\/product"}],"about":[{"href":"https:\/\/chemi-3.com\/fr\/wp-json\/wp\/v2\/types\/product"}],"replies":[{"embeddable":true,"href":"https:\/\/chemi-3.com\/fr\/wp-json\/wp\/v2\/comments?post=28289"}],"wp:featuredmedia":[{"embeddable":true,"href":"https:\/\/chemi-3.com\/fr\/wp-json\/wp\/v2\/media\/24908"}],"wp:attachment":[{"href":"https:\/\/chemi-3.com\/fr\/wp-json\/wp\/v2\/media?parent=28289"}],"wp:term":[{"taxonomy":"product_brand","embeddable":true,"href":"https:\/\/chemi-3.com\/fr\/wp-json\/wp\/v2\/product_brand?post=28289"},{"taxonomy":"product_cat","embeddable":true,"href":"https:\/\/chemi-3.com\/fr\/wp-json\/wp\/v2\/product_cat?post=28289"},{"taxonomy":"product_tag","embeddable":true,"href":"https:\/\/chemi-3.com\/fr\/wp-json\/wp\/v2\/product_tag?post=28289"}],"curies":[{"name":"wp","href":"https:\/\/api.w.org\/{rel}","templated":true}]}}