{"id":28336,"date":"2021-11-05T13:09:56","date_gmt":"2021-11-05T17:09:56","guid":{"rendered":"https:\/\/chemi-3.com\/product\/nettoyant-a-vitres-et-desinfectant-tout-usage-en-aerosol-spic-and-span-945-ml\/"},"modified":"2021-11-05T13:10:02","modified_gmt":"2021-11-05T17:10:02","slug":"nettoyant-a-vitres-et-desinfectant-tout-usage-en-aerosol-spic-and-span-945-ml","status":"publish","type":"product","link":"https:\/\/chemi-3.com\/fr\/product\/nettoyant-a-vitres-et-desinfectant-tout-usage-en-aerosol-spic-and-span-945-ml\/","title":{"rendered":"Nettoyant \u00e0 vitres et d\u00e9sinfectant tout usage en a\u00e9rosol spic and span\u00ae, 945 ml"},"content":{"rendered":"<body><p>Le nettoyant tout usage en vaporisateur et le nettoyant pour vitres Spic and Span vous font \u00e9conomiser du temps et de l\u2019argent en exploitant la puissance d\u2019un nettoyant polyvalent de calibre professionnel, d\u2019un nettoyant pour vitres d\u2019une brillance \u00e9clatante et d\u2019un d\u00e9sinfectant homologu\u00e9 par Sant\u00e9 Canada pour usage en milieu hospitalier lorsqu\u2019il est utilis\u00e9 selon les instructions de l\u2019\u00e9tiquette. Il figure sur la liste de Sant\u00e9 Canada des d\u00e9sinfectants pour surfaces dures susceptibles d\u2019\u00eatre efficaces et peut \u00eatre utilis\u00e9 contre le SRAS-CoV-2, le coronavirus qui cause la COVID-19, lorsqu\u2019il est utilis\u00e9 comme d\u00e9sinfectant conform\u00e9ment au mode d\u2019emploi sur des surfaces dures non poreuses.<br>\nUnit\u00e9 de mesure : 8\/945ML<\/p>\n<\/body>","protected":false},"excerpt":{"rendered":"<p>Le nettoyant tout usage en vaporisateur et le nettoyant pour vitres Spic and Span vous font \u00e9conomiser du temps et de l\u2019argent en exploitant la puissance d\u2019un nettoyant polyvalent de calibre professionnel, d\u2019un nettoyant pour vitres d\u2019une brillance \u00e9clatante et d\u2019un d\u00e9sinfectant homologu\u00e9 par Sant\u00e9 Canada pour usage en milieu hospitalier lorsqu\u2019il est utilis\u00e9 selon [&hellip;]<\/p>\n","protected":false},"featured_media":24975,"comment_status":"closed","ping_status":"open","template":"","meta":{"_et_pb_use_builder":"","_et_pb_old_content":"","_et_gb_content_width":""},"product_brand":[],"product_cat":[12702],"product_tag":[13695,13943,13618],"class_list":{"0":"post-28336","1":"product","2":"type-product","3":"status-publish","4":"has-post-thumbnail","6":"product_cat-nettoyants-pour-vitres","7":"product_tag-nettoyants","8":"product_tag-nettoyants-pour-vitres","9":"product_tag-produits-chimiques","10":"pa_country-of-origin-united-states","11":"pa_is-hazardous-material-non","12":"pa_product-colour-bleu","14":"first","15":"instock","16":"taxable","17":"shipping-taxable","18":"purchasable","19":"product-type-simple"},"yoast_head":"<!-- This site is optimized with the Yoast SEO plugin v27.5 - https:\/\/yoast.com\/product\/yoast-seo-wordpress\/ -->\n<title>Nettoyant \u00e0 vitres et d\u00e9sinfectant tout usage en a\u00e9rosol spic and span\u00ae, 945 ml &#8211; Chemi-3 Inc.<\/title>\n<meta name=\"robots\" content=\"index, follow, max-snippet:-1, max-image-preview:large, max-video-preview:-1\" \/>\n<link rel=\"canonical\" href=\"https:\/\/chemi-3.com\/fr\/product\/nettoyant-a-vitres-et-desinfectant-tout-usage-en-aerosol-spic-and-span-945-ml\/\" \/>\n<meta property=\"og:locale\" content=\"fr_CA\" \/>\n<meta property=\"og:type\" content=\"article\" \/>\n<meta property=\"og:title\" content=\"Nettoyant \u00e0 vitres et d\u00e9sinfectant tout usage en a\u00e9rosol spic and span\u00ae, 945 ml &#8211; Chemi-3 Inc.\" \/>\n<meta property=\"og:description\" content=\"Le nettoyant tout usage en vaporisateur et le nettoyant pour vitres Spic and Span vous font \u00e9conomiser du temps et de l\u2019argent en exploitant la puissance d\u2019un nettoyant polyvalent de calibre professionnel, d\u2019un nettoyant pour vitres d\u2019une brillance \u00e9clatante et d\u2019un d\u00e9sinfectant homologu\u00e9 par Sant\u00e9 Canada pour usage en milieu hospitalier lorsqu\u2019il est utilis\u00e9 selon [&hellip;]\" \/>\n<meta property=\"og:url\" content=\"https:\/\/chemi-3.com\/fr\/product\/nettoyant-a-vitres-et-desinfectant-tout-usage-en-aerosol-spic-and-span-945-ml\/\" \/>\n<meta property=\"og:site_name\" content=\"Chemi-3 Inc.\" \/>\n<meta property=\"article:publisher\" content=\"https:\/\/www.facebook.com\/chemi3inc\/\" \/>\n<meta property=\"article:modified_time\" content=\"2021-11-05T17:10:02+00:00\" \/>\n<meta property=\"og:image\" content=\"https:\/\/chemi-3.com\/wp-content\/uploads\/2021\/11\/16900523-20210421011345-1.jpg\" \/>\n\t<meta property=\"og:image:width\" content=\"850\" \/>\n\t<meta property=\"og:image:height\" content=\"850\" \/>\n\t<meta property=\"og:image:type\" content=\"image\/jpeg\" \/>\n<meta name=\"twitter:card\" content=\"summary_large_image\" \/>\n<meta name=\"twitter:site\" content=\"@chemi3inc\" \/>\n<meta name=\"twitter:label1\" content=\"Estimation du temps de lecture\" \/>\n\t<meta name=\"twitter:data1\" content=\"1 minute\" \/>\n<script type=\"application\/ld+json\" class=\"yoast-schema-graph\">{\"@context\":\"https:\\\/\\\/schema.org\",\"@graph\":[{\"@type\":[\"WebPage\",\"ItemPage\"],\"@id\":\"https:\\\/\\\/chemi-3.com\\\/fr\\\/product\\\/nettoyant-a-vitres-et-desinfectant-tout-usage-en-aerosol-spic-and-span-945-ml\\\/\",\"url\":\"https:\\\/\\\/chemi-3.com\\\/fr\\\/product\\\/nettoyant-a-vitres-et-desinfectant-tout-usage-en-aerosol-spic-and-span-945-ml\\\/\",\"name\":\"Nettoyant \u00e0 vitres et d\u00e9sinfectant tout usage en a\u00e9rosol spic and span\u00ae, 945 ml &#8211; Chemi-3 Inc.\",\"isPartOf\":{\"@id\":\"https:\\\/\\\/chemi-3.com\\\/fr\\\/#website\"},\"primaryImageOfPage\":{\"@id\":\"https:\\\/\\\/chemi-3.com\\\/fr\\\/product\\\/nettoyant-a-vitres-et-desinfectant-tout-usage-en-aerosol-spic-and-span-945-ml\\\/#primaryimage\"},\"image\":{\"@id\":\"https:\\\/\\\/chemi-3.com\\\/fr\\\/product\\\/nettoyant-a-vitres-et-desinfectant-tout-usage-en-aerosol-spic-and-span-945-ml\\\/#primaryimage\"},\"thumbnailUrl\":\"https:\\\/\\\/chemi-3.com\\\/wp-content\\\/uploads\\\/2021\\\/11\\\/16900523-20210421011345-1.jpg\",\"datePublished\":\"2021-11-05T17:09:56+00:00\",\"dateModified\":\"2021-11-05T17:10:02+00:00\",\"breadcrumb\":{\"@id\":\"https:\\\/\\\/chemi-3.com\\\/fr\\\/product\\\/nettoyant-a-vitres-et-desinfectant-tout-usage-en-aerosol-spic-and-span-945-ml\\\/#breadcrumb\"},\"inLanguage\":\"fr-CA\",\"potentialAction\":[{\"@type\":\"ReadAction\",\"target\":[\"https:\\\/\\\/chemi-3.com\\\/fr\\\/product\\\/nettoyant-a-vitres-et-desinfectant-tout-usage-en-aerosol-spic-and-span-945-ml\\\/\"]}]},{\"@type\":\"ImageObject\",\"inLanguage\":\"fr-CA\",\"@id\":\"https:\\\/\\\/chemi-3.com\\\/fr\\\/product\\\/nettoyant-a-vitres-et-desinfectant-tout-usage-en-aerosol-spic-and-span-945-ml\\\/#primaryimage\",\"url\":\"https:\\\/\\\/chemi-3.com\\\/wp-content\\\/uploads\\\/2021\\\/11\\\/16900523-20210421011345-1.jpg\",\"contentUrl\":\"https:\\\/\\\/chemi-3.com\\\/wp-content\\\/uploads\\\/2021\\\/11\\\/16900523-20210421011345-1.jpg\",\"width\":850,\"height\":850,\"caption\":\"Spic And Span\u00ae Glass Cleaner 945Ml\"},{\"@type\":\"BreadcrumbList\",\"@id\":\"https:\\\/\\\/chemi-3.com\\\/fr\\\/product\\\/nettoyant-a-vitres-et-desinfectant-tout-usage-en-aerosol-spic-and-span-945-ml\\\/#breadcrumb\",\"itemListElement\":[{\"@type\":\"ListItem\",\"position\":1,\"name\":\"Home\",\"item\":\"https:\\\/\\\/chemi-3.com\\\/fr\\\/\"},{\"@type\":\"ListItem\",\"position\":2,\"name\":\"Produits\",\"item\":\"https:\\\/\\\/chemi-3.com\\\/fr\\\/shop\\\/\"},{\"@type\":\"ListItem\",\"position\":3,\"name\":\"Nettoyant \u00e0 vitres et d\u00e9sinfectant tout usage en a\u00e9rosol spic and span\u00ae, 945 ml\"}]},{\"@type\":\"WebSite\",\"@id\":\"https:\\\/\\\/chemi-3.com\\\/fr\\\/#website\",\"url\":\"https:\\\/\\\/chemi-3.com\\\/fr\\\/\",\"name\":\"Chemi-3 Inc.\",\"description\":\"Montreal&#039;s premier distributor of janitorial, sanitary and commercial products.\",\"publisher\":{\"@id\":\"https:\\\/\\\/chemi-3.com\\\/fr\\\/#organization\"},\"potentialAction\":[{\"@type\":\"SearchAction\",\"target\":{\"@type\":\"EntryPoint\",\"urlTemplate\":\"https:\\\/\\\/chemi-3.com\\\/fr\\\/?s={search_term_string}\"},\"query-input\":{\"@type\":\"PropertyValueSpecification\",\"valueRequired\":true,\"valueName\":\"search_term_string\"}}],\"inLanguage\":\"fr-CA\"},{\"@type\":\"Organization\",\"@id\":\"https:\\\/\\\/chemi-3.com\\\/fr\\\/#organization\",\"name\":\"Chemi-3 Industries Inc.\",\"url\":\"https:\\\/\\\/chemi-3.com\\\/fr\\\/\",\"logo\":{\"@type\":\"ImageObject\",\"inLanguage\":\"fr-CA\",\"@id\":\"https:\\\/\\\/chemi-3.com\\\/fr\\\/#\\\/schema\\\/logo\\\/image\\\/\",\"url\":\"http:\\\/\\\/chemi-3.com\\\/wp-content\\\/uploads\\\/2021\\\/09\\\/Chemi3_logo_transparent_highres.png\",\"contentUrl\":\"http:\\\/\\\/chemi-3.com\\\/wp-content\\\/uploads\\\/2021\\\/09\\\/Chemi3_logo_transparent_highres.png\",\"width\":1000,\"height\":387,\"caption\":\"Chemi-3 Industries Inc.\"},\"image\":{\"@id\":\"https:\\\/\\\/chemi-3.com\\\/fr\\\/#\\\/schema\\\/logo\\\/image\\\/\"},\"sameAs\":[\"https:\\\/\\\/www.facebook.com\\\/chemi3inc\\\/\",\"https:\\\/\\\/x.com\\\/chemi3inc\",\"https:\\\/\\\/www.instagram.com\\\/chemi3inc\\\/\",\"https:\\\/\\\/www.linkedin.com\\\/company\\\/chemi3inc\"]}]}<\/script>\n<!-- \/ Yoast SEO plugin. -->","yoast_head_json":{"title":"Nettoyant \u00e0 vitres et d\u00e9sinfectant tout usage en a\u00e9rosol spic and span\u00ae, 945 ml &#8211; Chemi-3 Inc.","robots":{"index":"index","follow":"follow","max-snippet":"max-snippet:-1","max-image-preview":"max-image-preview:large","max-video-preview":"max-video-preview:-1"},"canonical":"https:\/\/chemi-3.com\/fr\/product\/nettoyant-a-vitres-et-desinfectant-tout-usage-en-aerosol-spic-and-span-945-ml\/","og_locale":"fr_CA","og_type":"article","og_title":"Nettoyant \u00e0 vitres et d\u00e9sinfectant tout usage en a\u00e9rosol spic and span\u00ae, 945 ml &#8211; Chemi-3 Inc.","og_description":"Le nettoyant tout usage en vaporisateur et le nettoyant pour vitres Spic and Span vous font \u00e9conomiser du temps et de l\u2019argent en exploitant la puissance d\u2019un nettoyant polyvalent de calibre professionnel, d\u2019un nettoyant pour vitres d\u2019une brillance \u00e9clatante et d\u2019un d\u00e9sinfectant homologu\u00e9 par Sant\u00e9 Canada pour usage en milieu hospitalier lorsqu\u2019il est utilis\u00e9 selon [&hellip;]","og_url":"https:\/\/chemi-3.com\/fr\/product\/nettoyant-a-vitres-et-desinfectant-tout-usage-en-aerosol-spic-and-span-945-ml\/","og_site_name":"Chemi-3 Inc.","article_publisher":"https:\/\/www.facebook.com\/chemi3inc\/","article_modified_time":"2021-11-05T17:10:02+00:00","og_image":[{"width":850,"height":850,"url":"https:\/\/chemi-3.com\/wp-content\/uploads\/2021\/11\/16900523-20210421011345-1.jpg","type":"image\/jpeg"}],"twitter_card":"summary_large_image","twitter_site":"@chemi3inc","twitter_misc":{"Estimation du temps de lecture":"1 minute"},"schema":{"@context":"https:\/\/schema.org","@graph":[{"@type":["WebPage","ItemPage"],"@id":"https:\/\/chemi-3.com\/fr\/product\/nettoyant-a-vitres-et-desinfectant-tout-usage-en-aerosol-spic-and-span-945-ml\/","url":"https:\/\/chemi-3.com\/fr\/product\/nettoyant-a-vitres-et-desinfectant-tout-usage-en-aerosol-spic-and-span-945-ml\/","name":"Nettoyant \u00e0 vitres et d\u00e9sinfectant tout usage en a\u00e9rosol spic and span\u00ae, 945 ml &#8211; Chemi-3 Inc.","isPartOf":{"@id":"https:\/\/chemi-3.com\/fr\/#website"},"primaryImageOfPage":{"@id":"https:\/\/chemi-3.com\/fr\/product\/nettoyant-a-vitres-et-desinfectant-tout-usage-en-aerosol-spic-and-span-945-ml\/#primaryimage"},"image":{"@id":"https:\/\/chemi-3.com\/fr\/product\/nettoyant-a-vitres-et-desinfectant-tout-usage-en-aerosol-spic-and-span-945-ml\/#primaryimage"},"thumbnailUrl":"https:\/\/chemi-3.com\/wp-content\/uploads\/2021\/11\/16900523-20210421011345-1.jpg","datePublished":"2021-11-05T17:09:56+00:00","dateModified":"2021-11-05T17:10:02+00:00","breadcrumb":{"@id":"https:\/\/chemi-3.com\/fr\/product\/nettoyant-a-vitres-et-desinfectant-tout-usage-en-aerosol-spic-and-span-945-ml\/#breadcrumb"},"inLanguage":"fr-CA","potentialAction":[{"@type":"ReadAction","target":["https:\/\/chemi-3.com\/fr\/product\/nettoyant-a-vitres-et-desinfectant-tout-usage-en-aerosol-spic-and-span-945-ml\/"]}]},{"@type":"ImageObject","inLanguage":"fr-CA","@id":"https:\/\/chemi-3.com\/fr\/product\/nettoyant-a-vitres-et-desinfectant-tout-usage-en-aerosol-spic-and-span-945-ml\/#primaryimage","url":"https:\/\/chemi-3.com\/wp-content\/uploads\/2021\/11\/16900523-20210421011345-1.jpg","contentUrl":"https:\/\/chemi-3.com\/wp-content\/uploads\/2021\/11\/16900523-20210421011345-1.jpg","width":850,"height":850,"caption":"Spic And Span\u00ae Glass Cleaner 945Ml"},{"@type":"BreadcrumbList","@id":"https:\/\/chemi-3.com\/fr\/product\/nettoyant-a-vitres-et-desinfectant-tout-usage-en-aerosol-spic-and-span-945-ml\/#breadcrumb","itemListElement":[{"@type":"ListItem","position":1,"name":"Home","item":"https:\/\/chemi-3.com\/fr\/"},{"@type":"ListItem","position":2,"name":"Produits","item":"https:\/\/chemi-3.com\/fr\/shop\/"},{"@type":"ListItem","position":3,"name":"Nettoyant \u00e0 vitres et d\u00e9sinfectant tout usage en a\u00e9rosol spic and span\u00ae, 945 ml"}]},{"@type":"WebSite","@id":"https:\/\/chemi-3.com\/fr\/#website","url":"https:\/\/chemi-3.com\/fr\/","name":"Chemi-3 Inc.","description":"Montreal&#039;s premier distributor of janitorial, sanitary and commercial products.","publisher":{"@id":"https:\/\/chemi-3.com\/fr\/#organization"},"potentialAction":[{"@type":"SearchAction","target":{"@type":"EntryPoint","urlTemplate":"https:\/\/chemi-3.com\/fr\/?s={search_term_string}"},"query-input":{"@type":"PropertyValueSpecification","valueRequired":true,"valueName":"search_term_string"}}],"inLanguage":"fr-CA"},{"@type":"Organization","@id":"https:\/\/chemi-3.com\/fr\/#organization","name":"Chemi-3 Industries Inc.","url":"https:\/\/chemi-3.com\/fr\/","logo":{"@type":"ImageObject","inLanguage":"fr-CA","@id":"https:\/\/chemi-3.com\/fr\/#\/schema\/logo\/image\/","url":"http:\/\/chemi-3.com\/wp-content\/uploads\/2021\/09\/Chemi3_logo_transparent_highres.png","contentUrl":"http:\/\/chemi-3.com\/wp-content\/uploads\/2021\/09\/Chemi3_logo_transparent_highres.png","width":1000,"height":387,"caption":"Chemi-3 Industries Inc."},"image":{"@id":"https:\/\/chemi-3.com\/fr\/#\/schema\/logo\/image\/"},"sameAs":["https:\/\/www.facebook.com\/chemi3inc\/","https:\/\/x.com\/chemi3inc","https:\/\/www.instagram.com\/chemi3inc\/","https:\/\/www.linkedin.com\/company\/chemi3inc"]}]}},"_links":{"self":[{"href":"https:\/\/chemi-3.com\/fr\/wp-json\/wp\/v2\/product\/28336","targetHints":{"allow":["GET"]}}],"collection":[{"href":"https:\/\/chemi-3.com\/fr\/wp-json\/wp\/v2\/product"}],"about":[{"href":"https:\/\/chemi-3.com\/fr\/wp-json\/wp\/v2\/types\/product"}],"replies":[{"embeddable":true,"href":"https:\/\/chemi-3.com\/fr\/wp-json\/wp\/v2\/comments?post=28336"}],"wp:featuredmedia":[{"embeddable":true,"href":"https:\/\/chemi-3.com\/fr\/wp-json\/wp\/v2\/media\/24975"}],"wp:attachment":[{"href":"https:\/\/chemi-3.com\/fr\/wp-json\/wp\/v2\/media?parent=28336"}],"wp:term":[{"taxonomy":"product_brand","embeddable":true,"href":"https:\/\/chemi-3.com\/fr\/wp-json\/wp\/v2\/product_brand?post=28336"},{"taxonomy":"product_cat","embeddable":true,"href":"https:\/\/chemi-3.com\/fr\/wp-json\/wp\/v2\/product_cat?post=28336"},{"taxonomy":"product_tag","embeddable":true,"href":"https:\/\/chemi-3.com\/fr\/wp-json\/wp\/v2\/product_tag?post=28336"}],"curies":[{"name":"wp","href":"https:\/\/api.w.org\/{rel}","templated":true}]}}