{"id":28338,"date":"2021-11-05T13:09:56","date_gmt":"2021-11-05T17:09:56","guid":{"rendered":"https:\/\/chemi-3.com\/product\/cartouche-pour-nettoyant-a-miroir-et-fenetre-windex-bleu-original-1-gallon\/"},"modified":"2021-11-05T13:10:03","modified_gmt":"2021-11-05T17:10:03","slug":"cartouche-pour-nettoyant-a-miroir-et-fenetre-windex-bleu-original-1-gallon","status":"publish","type":"product","link":"https:\/\/chemi-3.com\/fr\/product\/cartouche-pour-nettoyant-a-miroir-et-fenetre-windex-bleu-original-1-gallon\/","title":{"rendered":"Cartouche pour nettoyant \u00e0 miroir et fen\u00eatre windex, bleu original, 1 gallon"},"content":{"rendered":"<body><p>Cartouche commerciale, gallon, gamme Pro, bleu. Commence \u00e0 agir avant m\u00eame que vous essuyiez. Id\u00e9al pour nettoyer le verre, le chrome, les miroirs et plus. Parfait pour la cuisine ou le salon. Cartouche de nettoyant pour vitres et fen\u00eatres Windex, bleu Original, 1 gallon<br>\nUnit\u00e9 de mesure : 4\/1-GAL<\/p>\n<\/body>","protected":false},"excerpt":{"rendered":"<p>Cartouche commerciale, gallon, gamme Pro, bleu. Commence \u00e0 agir avant m\u00eame que vous essuyiez. Id\u00e9al pour nettoyer le verre, le chrome, les miroirs et plus. Parfait pour la cuisine ou le salon. Cartouche de nettoyant pour vitres et fen\u00eatres Windex, bleu Original, 1 gallon Unit\u00e9 de mesure : 4\/1-GAL<\/p>\n","protected":false},"featured_media":24978,"comment_status":"closed","ping_status":"open","template":"","meta":{"_et_pb_use_builder":"","_et_pb_old_content":"","_et_gb_content_width":""},"product_brand":[],"product_cat":[12702],"product_tag":[13695,13943,13618],"class_list":{"0":"post-28338","1":"product","2":"type-product","3":"status-publish","4":"has-post-thumbnail","6":"product_cat-nettoyants-pour-vitres","7":"product_tag-nettoyants","8":"product_tag-nettoyants-pour-vitres","9":"product_tag-produits-chimiques","10":"pa_country-of-origin-united-states","11":"pa_environmental-status-recyclable-fr","12":"pa_is-hazardous-material-non","13":"pa_product-colour-bleu","14":"pa_product-material-liquid-2","16":"first","17":"instock","18":"taxable","19":"shipping-taxable","20":"purchasable","21":"product-type-simple"},"yoast_head":"<!-- This site is optimized with the Yoast SEO plugin v27.4 - https:\/\/yoast.com\/product\/yoast-seo-wordpress\/ -->\n<title>Cartouche pour nettoyant \u00e0 miroir et fen\u00eatre windex, bleu original, 1 gallon &#8211; Chemi-3 Inc.<\/title>\n<meta name=\"robots\" content=\"index, follow, max-snippet:-1, max-image-preview:large, max-video-preview:-1\" \/>\n<link rel=\"canonical\" href=\"https:\/\/chemi-3.com\/fr\/product\/cartouche-pour-nettoyant-a-miroir-et-fenetre-windex-bleu-original-1-gallon\/\" \/>\n<meta property=\"og:locale\" content=\"fr_CA\" \/>\n<meta property=\"og:type\" content=\"article\" \/>\n<meta property=\"og:title\" content=\"Cartouche pour nettoyant \u00e0 miroir et fen\u00eatre windex, bleu original, 1 gallon &#8211; Chemi-3 Inc.\" \/>\n<meta property=\"og:description\" content=\"Cartouche commerciale, gallon, gamme Pro, bleu. Commence \u00e0 agir avant m\u00eame que vous essuyiez. Id\u00e9al pour nettoyer le verre, le chrome, les miroirs et plus. Parfait pour la cuisine ou le salon. Cartouche de nettoyant pour vitres et fen\u00eatres Windex, bleu Original, 1 gallon Unit\u00e9 de mesure : 4\/1-GAL\" \/>\n<meta property=\"og:url\" content=\"https:\/\/chemi-3.com\/fr\/product\/cartouche-pour-nettoyant-a-miroir-et-fenetre-windex-bleu-original-1-gallon\/\" \/>\n<meta property=\"og:site_name\" content=\"Chemi-3 Inc.\" \/>\n<meta property=\"article:publisher\" content=\"https:\/\/www.facebook.com\/chemi3inc\/\" \/>\n<meta property=\"article:modified_time\" content=\"2021-11-05T17:10:03+00:00\" \/>\n<meta property=\"og:image\" content=\"https:\/\/chemi-3.com\/wp-content\/uploads\/2021\/11\/31600110-1-20210507015558-1.jpg\" \/>\n\t<meta property=\"og:image:width\" content=\"900\" \/>\n\t<meta property=\"og:image:height\" content=\"900\" \/>\n\t<meta property=\"og:image:type\" content=\"image\/jpeg\" \/>\n<meta name=\"twitter:card\" content=\"summary_large_image\" \/>\n<meta name=\"twitter:site\" content=\"@chemi3inc\" \/>\n<script type=\"application\/ld+json\" class=\"yoast-schema-graph\">{\"@context\":\"https:\\\/\\\/schema.org\",\"@graph\":[{\"@type\":[\"WebPage\",\"ItemPage\"],\"@id\":\"https:\\\/\\\/chemi-3.com\\\/fr\\\/product\\\/cartouche-pour-nettoyant-a-miroir-et-fenetre-windex-bleu-original-1-gallon\\\/\",\"url\":\"https:\\\/\\\/chemi-3.com\\\/fr\\\/product\\\/cartouche-pour-nettoyant-a-miroir-et-fenetre-windex-bleu-original-1-gallon\\\/\",\"name\":\"Cartouche pour nettoyant \u00e0 miroir et fen\u00eatre windex, bleu original, 1 gallon &#8211; Chemi-3 Inc.\",\"isPartOf\":{\"@id\":\"https:\\\/\\\/chemi-3.com\\\/fr\\\/#website\"},\"primaryImageOfPage\":{\"@id\":\"https:\\\/\\\/chemi-3.com\\\/fr\\\/product\\\/cartouche-pour-nettoyant-a-miroir-et-fenetre-windex-bleu-original-1-gallon\\\/#primaryimage\"},\"image\":{\"@id\":\"https:\\\/\\\/chemi-3.com\\\/fr\\\/product\\\/cartouche-pour-nettoyant-a-miroir-et-fenetre-windex-bleu-original-1-gallon\\\/#primaryimage\"},\"thumbnailUrl\":\"https:\\\/\\\/chemi-3.com\\\/wp-content\\\/uploads\\\/2021\\\/11\\\/31600110-1-20210507015558-1.jpg\",\"datePublished\":\"2021-11-05T17:09:56+00:00\",\"dateModified\":\"2021-11-05T17:10:03+00:00\",\"breadcrumb\":{\"@id\":\"https:\\\/\\\/chemi-3.com\\\/fr\\\/product\\\/cartouche-pour-nettoyant-a-miroir-et-fenetre-windex-bleu-original-1-gallon\\\/#breadcrumb\"},\"inLanguage\":\"fr-CA\",\"potentialAction\":[{\"@type\":\"ReadAction\",\"target\":[\"https:\\\/\\\/chemi-3.com\\\/fr\\\/product\\\/cartouche-pour-nettoyant-a-miroir-et-fenetre-windex-bleu-original-1-gallon\\\/\"]}]},{\"@type\":\"ImageObject\",\"inLanguage\":\"fr-CA\",\"@id\":\"https:\\\/\\\/chemi-3.com\\\/fr\\\/product\\\/cartouche-pour-nettoyant-a-miroir-et-fenetre-windex-bleu-original-1-gallon\\\/#primaryimage\",\"url\":\"https:\\\/\\\/chemi-3.com\\\/wp-content\\\/uploads\\\/2021\\\/11\\\/31600110-1-20210507015558-1.jpg\",\"contentUrl\":\"https:\\\/\\\/chemi-3.com\\\/wp-content\\\/uploads\\\/2021\\\/11\\\/31600110-1-20210507015558-1.jpg\",\"width\":900,\"height\":900,\"caption\":\"128 Oz\"},{\"@type\":\"BreadcrumbList\",\"@id\":\"https:\\\/\\\/chemi-3.com\\\/fr\\\/product\\\/cartouche-pour-nettoyant-a-miroir-et-fenetre-windex-bleu-original-1-gallon\\\/#breadcrumb\",\"itemListElement\":[{\"@type\":\"ListItem\",\"position\":1,\"name\":\"Home\",\"item\":\"https:\\\/\\\/chemi-3.com\\\/fr\\\/\"},{\"@type\":\"ListItem\",\"position\":2,\"name\":\"Produits\",\"item\":\"https:\\\/\\\/chemi-3.com\\\/fr\\\/shop\\\/\"},{\"@type\":\"ListItem\",\"position\":3,\"name\":\"Cartouche pour nettoyant \u00e0 miroir et fen\u00eatre windex, bleu original, 1 gallon\"}]},{\"@type\":\"WebSite\",\"@id\":\"https:\\\/\\\/chemi-3.com\\\/fr\\\/#website\",\"url\":\"https:\\\/\\\/chemi-3.com\\\/fr\\\/\",\"name\":\"Chemi-3 Inc.\",\"description\":\"Montreal&#039;s premier distributor of janitorial, sanitary and commercial products.\",\"publisher\":{\"@id\":\"https:\\\/\\\/chemi-3.com\\\/fr\\\/#organization\"},\"potentialAction\":[{\"@type\":\"SearchAction\",\"target\":{\"@type\":\"EntryPoint\",\"urlTemplate\":\"https:\\\/\\\/chemi-3.com\\\/fr\\\/?s={search_term_string}\"},\"query-input\":{\"@type\":\"PropertyValueSpecification\",\"valueRequired\":true,\"valueName\":\"search_term_string\"}}],\"inLanguage\":\"fr-CA\"},{\"@type\":\"Organization\",\"@id\":\"https:\\\/\\\/chemi-3.com\\\/fr\\\/#organization\",\"name\":\"Chemi-3 Industries Inc.\",\"url\":\"https:\\\/\\\/chemi-3.com\\\/fr\\\/\",\"logo\":{\"@type\":\"ImageObject\",\"inLanguage\":\"fr-CA\",\"@id\":\"https:\\\/\\\/chemi-3.com\\\/fr\\\/#\\\/schema\\\/logo\\\/image\\\/\",\"url\":\"http:\\\/\\\/chemi-3.com\\\/wp-content\\\/uploads\\\/2021\\\/09\\\/Chemi3_logo_transparent_highres.png\",\"contentUrl\":\"http:\\\/\\\/chemi-3.com\\\/wp-content\\\/uploads\\\/2021\\\/09\\\/Chemi3_logo_transparent_highres.png\",\"width\":1000,\"height\":387,\"caption\":\"Chemi-3 Industries Inc.\"},\"image\":{\"@id\":\"https:\\\/\\\/chemi-3.com\\\/fr\\\/#\\\/schema\\\/logo\\\/image\\\/\"},\"sameAs\":[\"https:\\\/\\\/www.facebook.com\\\/chemi3inc\\\/\",\"https:\\\/\\\/x.com\\\/chemi3inc\",\"https:\\\/\\\/www.instagram.com\\\/chemi3inc\\\/\",\"https:\\\/\\\/www.linkedin.com\\\/company\\\/chemi3inc\"]}]}<\/script>\n<!-- \/ Yoast SEO plugin. -->","yoast_head_json":{"title":"Cartouche pour nettoyant \u00e0 miroir et fen\u00eatre windex, bleu original, 1 gallon &#8211; Chemi-3 Inc.","robots":{"index":"index","follow":"follow","max-snippet":"max-snippet:-1","max-image-preview":"max-image-preview:large","max-video-preview":"max-video-preview:-1"},"canonical":"https:\/\/chemi-3.com\/fr\/product\/cartouche-pour-nettoyant-a-miroir-et-fenetre-windex-bleu-original-1-gallon\/","og_locale":"fr_CA","og_type":"article","og_title":"Cartouche pour nettoyant \u00e0 miroir et fen\u00eatre windex, bleu original, 1 gallon &#8211; Chemi-3 Inc.","og_description":"Cartouche commerciale, gallon, gamme Pro, bleu. Commence \u00e0 agir avant m\u00eame que vous essuyiez. Id\u00e9al pour nettoyer le verre, le chrome, les miroirs et plus. Parfait pour la cuisine ou le salon. Cartouche de nettoyant pour vitres et fen\u00eatres Windex, bleu Original, 1 gallon Unit\u00e9 de mesure : 4\/1-GAL","og_url":"https:\/\/chemi-3.com\/fr\/product\/cartouche-pour-nettoyant-a-miroir-et-fenetre-windex-bleu-original-1-gallon\/","og_site_name":"Chemi-3 Inc.","article_publisher":"https:\/\/www.facebook.com\/chemi3inc\/","article_modified_time":"2021-11-05T17:10:03+00:00","og_image":[{"width":900,"height":900,"url":"https:\/\/chemi-3.com\/wp-content\/uploads\/2021\/11\/31600110-1-20210507015558-1.jpg","type":"image\/jpeg"}],"twitter_card":"summary_large_image","twitter_site":"@chemi3inc","schema":{"@context":"https:\/\/schema.org","@graph":[{"@type":["WebPage","ItemPage"],"@id":"https:\/\/chemi-3.com\/fr\/product\/cartouche-pour-nettoyant-a-miroir-et-fenetre-windex-bleu-original-1-gallon\/","url":"https:\/\/chemi-3.com\/fr\/product\/cartouche-pour-nettoyant-a-miroir-et-fenetre-windex-bleu-original-1-gallon\/","name":"Cartouche pour nettoyant \u00e0 miroir et fen\u00eatre windex, bleu original, 1 gallon &#8211; Chemi-3 Inc.","isPartOf":{"@id":"https:\/\/chemi-3.com\/fr\/#website"},"primaryImageOfPage":{"@id":"https:\/\/chemi-3.com\/fr\/product\/cartouche-pour-nettoyant-a-miroir-et-fenetre-windex-bleu-original-1-gallon\/#primaryimage"},"image":{"@id":"https:\/\/chemi-3.com\/fr\/product\/cartouche-pour-nettoyant-a-miroir-et-fenetre-windex-bleu-original-1-gallon\/#primaryimage"},"thumbnailUrl":"https:\/\/chemi-3.com\/wp-content\/uploads\/2021\/11\/31600110-1-20210507015558-1.jpg","datePublished":"2021-11-05T17:09:56+00:00","dateModified":"2021-11-05T17:10:03+00:00","breadcrumb":{"@id":"https:\/\/chemi-3.com\/fr\/product\/cartouche-pour-nettoyant-a-miroir-et-fenetre-windex-bleu-original-1-gallon\/#breadcrumb"},"inLanguage":"fr-CA","potentialAction":[{"@type":"ReadAction","target":["https:\/\/chemi-3.com\/fr\/product\/cartouche-pour-nettoyant-a-miroir-et-fenetre-windex-bleu-original-1-gallon\/"]}]},{"@type":"ImageObject","inLanguage":"fr-CA","@id":"https:\/\/chemi-3.com\/fr\/product\/cartouche-pour-nettoyant-a-miroir-et-fenetre-windex-bleu-original-1-gallon\/#primaryimage","url":"https:\/\/chemi-3.com\/wp-content\/uploads\/2021\/11\/31600110-1-20210507015558-1.jpg","contentUrl":"https:\/\/chemi-3.com\/wp-content\/uploads\/2021\/11\/31600110-1-20210507015558-1.jpg","width":900,"height":900,"caption":"128 Oz"},{"@type":"BreadcrumbList","@id":"https:\/\/chemi-3.com\/fr\/product\/cartouche-pour-nettoyant-a-miroir-et-fenetre-windex-bleu-original-1-gallon\/#breadcrumb","itemListElement":[{"@type":"ListItem","position":1,"name":"Home","item":"https:\/\/chemi-3.com\/fr\/"},{"@type":"ListItem","position":2,"name":"Produits","item":"https:\/\/chemi-3.com\/fr\/shop\/"},{"@type":"ListItem","position":3,"name":"Cartouche pour nettoyant \u00e0 miroir et fen\u00eatre windex, bleu original, 1 gallon"}]},{"@type":"WebSite","@id":"https:\/\/chemi-3.com\/fr\/#website","url":"https:\/\/chemi-3.com\/fr\/","name":"Chemi-3 Inc.","description":"Montreal&#039;s premier distributor of janitorial, sanitary and commercial products.","publisher":{"@id":"https:\/\/chemi-3.com\/fr\/#organization"},"potentialAction":[{"@type":"SearchAction","target":{"@type":"EntryPoint","urlTemplate":"https:\/\/chemi-3.com\/fr\/?s={search_term_string}"},"query-input":{"@type":"PropertyValueSpecification","valueRequired":true,"valueName":"search_term_string"}}],"inLanguage":"fr-CA"},{"@type":"Organization","@id":"https:\/\/chemi-3.com\/fr\/#organization","name":"Chemi-3 Industries Inc.","url":"https:\/\/chemi-3.com\/fr\/","logo":{"@type":"ImageObject","inLanguage":"fr-CA","@id":"https:\/\/chemi-3.com\/fr\/#\/schema\/logo\/image\/","url":"http:\/\/chemi-3.com\/wp-content\/uploads\/2021\/09\/Chemi3_logo_transparent_highres.png","contentUrl":"http:\/\/chemi-3.com\/wp-content\/uploads\/2021\/09\/Chemi3_logo_transparent_highres.png","width":1000,"height":387,"caption":"Chemi-3 Industries Inc."},"image":{"@id":"https:\/\/chemi-3.com\/fr\/#\/schema\/logo\/image\/"},"sameAs":["https:\/\/www.facebook.com\/chemi3inc\/","https:\/\/x.com\/chemi3inc","https:\/\/www.instagram.com\/chemi3inc\/","https:\/\/www.linkedin.com\/company\/chemi3inc"]}]}},"_links":{"self":[{"href":"https:\/\/chemi-3.com\/fr\/wp-json\/wp\/v2\/product\/28338","targetHints":{"allow":["GET"]}}],"collection":[{"href":"https:\/\/chemi-3.com\/fr\/wp-json\/wp\/v2\/product"}],"about":[{"href":"https:\/\/chemi-3.com\/fr\/wp-json\/wp\/v2\/types\/product"}],"replies":[{"embeddable":true,"href":"https:\/\/chemi-3.com\/fr\/wp-json\/wp\/v2\/comments?post=28338"}],"wp:featuredmedia":[{"embeddable":true,"href":"https:\/\/chemi-3.com\/fr\/wp-json\/wp\/v2\/media\/24978"}],"wp:attachment":[{"href":"https:\/\/chemi-3.com\/fr\/wp-json\/wp\/v2\/media?parent=28338"}],"wp:term":[{"taxonomy":"product_brand","embeddable":true,"href":"https:\/\/chemi-3.com\/fr\/wp-json\/wp\/v2\/product_brand?post=28338"},{"taxonomy":"product_cat","embeddable":true,"href":"https:\/\/chemi-3.com\/fr\/wp-json\/wp\/v2\/product_cat?post=28338"},{"taxonomy":"product_tag","embeddable":true,"href":"https:\/\/chemi-3.com\/fr\/wp-json\/wp\/v2\/product_tag?post=28338"}],"curies":[{"name":"wp","href":"https:\/\/api.w.org\/{rel}","templated":true}]}}