{"id":28343,"date":"2021-11-05T13:09:56","date_gmt":"2021-11-05T17:09:56","guid":{"rendered":"https:\/\/chemi-3.com\/product\/windex-multi-surface-nettoyant-avec-vinaigre\/"},"modified":"2021-11-05T13:10:06","modified_gmt":"2021-11-05T17:10:06","slug":"windex-multi-surface-nettoyant-avec-vinaigre","status":"publish","type":"product","link":"https:\/\/chemi-3.com\/fr\/product\/windex-multi-surface-nettoyant-avec-vinaigre\/","title":{"rendered":"Windex\u00ae multi surface nettoyant avec vinaigre"},"content":{"rendered":"<body><p>Pour un \u00e9clat sans trace! Si vous vous demandiez comment utiliser le vinaigre pour nettoyer la maison, ne cherchez plus! Windex Multi-Surface Nettoyant avec vinaigre nettoie en douceur et fait briller l\u2019acier inoxydable, le granit scell\u00e9, le marbre scell\u00e9, le lamin\u00e9, les tuiles, le chrome, le vinyle, le plastique et des dizaines d\u2019autres types de surfaces. Cette solution simple est suffisamment polyvalente pour \u00eatre utilis\u00e9e partout au bureau et sa formule sans ammoniac ne laisse pas de vilaines odeurs de vinaigre \u2013 seulement un parfum frais de propret\u00e9.<\/p>\n<p>Pour un \u00e9clat sans trace! Si vous vous demandiez comment utiliser le vinaigre pour nettoyer la maison, ne cherchez plus! Windex Multi-Surface Nettoyant avec vinaigre nettoie en douceur et fait briller l\u2019acier inoxydable, le granit scell\u00e9, le marbre scell\u00e9, le lamin\u00e9, les tuiles, le chrome, le vinyle, le plastique et des dizaines d\u2019autres types de surfaces. Cette solution simple est suffisamment polyvalente pour \u00eatre utilis\u00e9e partout au bureau et sa formule sans ammoniac ne laisse pas de vilaines odeurs de vinaigre \u2013 seulement un parfum frais de propret\u00e9.<br>\nUnit\u00e9 de mesure : 1\/CS\/12<\/p>\n<\/body>","protected":false},"excerpt":{"rendered":"<p>Pour un \u00e9clat sans trace! Si vous vous demandiez comment utiliser le vinaigre pour nettoyer la maison, ne cherchez plus! Windex Multi-Surface Nettoyant avec vinaigre nettoie en douceur et fait briller l\u2019acier inoxydable, le granit scell\u00e9, le marbre scell\u00e9, le lamin\u00e9, les tuiles, le chrome, le vinyle, le plastique et des dizaines d\u2019autres types de [&hellip;]<\/p>\n","protected":false},"featured_media":24986,"comment_status":"closed","ping_status":"open","template":"","meta":{"_et_pb_use_builder":"","_et_pb_old_content":"","_et_gb_content_width":""},"product_brand":[],"product_cat":[12702],"product_tag":[13695,13943,13618],"class_list":{"0":"post-28343","1":"product","2":"type-product","3":"status-publish","4":"has-post-thumbnail","6":"product_cat-nettoyants-pour-vitres","7":"product_tag-nettoyants","8":"product_tag-nettoyants-pour-vitres","9":"product_tag-produits-chimiques","10":"pa_country-of-origin-united-states","11":"pa_environmental-status-recyclable-fr","12":"pa_is-hazardous-material-non","14":"first","15":"instock","16":"taxable","17":"shipping-taxable","18":"purchasable","19":"product-type-simple"},"yoast_head":"<!-- This site is optimized with the Yoast SEO plugin v27.5 - https:\/\/yoast.com\/product\/yoast-seo-wordpress\/ -->\n<title>Windex\u00ae multi surface nettoyant avec vinaigre &#8211; Chemi-3 Inc.<\/title>\n<meta name=\"robots\" content=\"index, follow, max-snippet:-1, max-image-preview:large, max-video-preview:-1\" \/>\n<link rel=\"canonical\" href=\"https:\/\/chemi-3.com\/fr\/product\/windex-multi-surface-nettoyant-avec-vinaigre\/\" \/>\n<meta property=\"og:locale\" content=\"fr_CA\" \/>\n<meta property=\"og:type\" content=\"article\" \/>\n<meta property=\"og:title\" content=\"Windex\u00ae multi surface nettoyant avec vinaigre &#8211; Chemi-3 Inc.\" \/>\n<meta property=\"og:description\" content=\"Pour un \u00e9clat sans trace! Si vous vous demandiez comment utiliser le vinaigre pour nettoyer la maison, ne cherchez plus! Windex Multi-Surface Nettoyant avec vinaigre nettoie en douceur et fait briller l\u2019acier inoxydable, le granit scell\u00e9, le marbre scell\u00e9, le lamin\u00e9, les tuiles, le chrome, le vinyle, le plastique et des dizaines d\u2019autres types de [&hellip;]\" \/>\n<meta property=\"og:url\" content=\"https:\/\/chemi-3.com\/fr\/product\/windex-multi-surface-nettoyant-avec-vinaigre\/\" \/>\n<meta property=\"og:site_name\" content=\"Chemi-3 Inc.\" \/>\n<meta property=\"article:publisher\" content=\"https:\/\/www.facebook.com\/chemi3inc\/\" \/>\n<meta property=\"article:modified_time\" content=\"2021-11-05T17:10:06+00:00\" \/>\n<meta property=\"og:image\" content=\"https:\/\/chemi-3.com\/wp-content\/uploads\/2021\/11\/31600253-20200501035529-1.jpg\" \/>\n\t<meta property=\"og:image:width\" content=\"384\" \/>\n\t<meta property=\"og:image:height\" content=\"900\" \/>\n\t<meta property=\"og:image:type\" content=\"image\/jpeg\" \/>\n<meta name=\"twitter:card\" content=\"summary_large_image\" \/>\n<meta name=\"twitter:site\" content=\"@chemi3inc\" \/>\n<meta name=\"twitter:label1\" content=\"Estimation du temps de lecture\" \/>\n\t<meta name=\"twitter:data1\" content=\"1 minute\" \/>\n<script type=\"application\/ld+json\" class=\"yoast-schema-graph\">{\"@context\":\"https:\\\/\\\/schema.org\",\"@graph\":[{\"@type\":[\"WebPage\",\"ItemPage\"],\"@id\":\"https:\\\/\\\/chemi-3.com\\\/fr\\\/product\\\/windex-multi-surface-nettoyant-avec-vinaigre\\\/\",\"url\":\"https:\\\/\\\/chemi-3.com\\\/fr\\\/product\\\/windex-multi-surface-nettoyant-avec-vinaigre\\\/\",\"name\":\"Windex\u00ae multi surface nettoyant avec vinaigre &#8211; Chemi-3 Inc.\",\"isPartOf\":{\"@id\":\"https:\\\/\\\/chemi-3.com\\\/fr\\\/#website\"},\"primaryImageOfPage\":{\"@id\":\"https:\\\/\\\/chemi-3.com\\\/fr\\\/product\\\/windex-multi-surface-nettoyant-avec-vinaigre\\\/#primaryimage\"},\"image\":{\"@id\":\"https:\\\/\\\/chemi-3.com\\\/fr\\\/product\\\/windex-multi-surface-nettoyant-avec-vinaigre\\\/#primaryimage\"},\"thumbnailUrl\":\"https:\\\/\\\/chemi-3.com\\\/wp-content\\\/uploads\\\/2021\\\/11\\\/31600253-20200501035529-1.jpg\",\"datePublished\":\"2021-11-05T17:09:56+00:00\",\"dateModified\":\"2021-11-05T17:10:06+00:00\",\"breadcrumb\":{\"@id\":\"https:\\\/\\\/chemi-3.com\\\/fr\\\/product\\\/windex-multi-surface-nettoyant-avec-vinaigre\\\/#breadcrumb\"},\"inLanguage\":\"fr-CA\",\"potentialAction\":[{\"@type\":\"ReadAction\",\"target\":[\"https:\\\/\\\/chemi-3.com\\\/fr\\\/product\\\/windex-multi-surface-nettoyant-avec-vinaigre\\\/\"]}]},{\"@type\":\"ImageObject\",\"inLanguage\":\"fr-CA\",\"@id\":\"https:\\\/\\\/chemi-3.com\\\/fr\\\/product\\\/windex-multi-surface-nettoyant-avec-vinaigre\\\/#primaryimage\",\"url\":\"https:\\\/\\\/chemi-3.com\\\/wp-content\\\/uploads\\\/2021\\\/11\\\/31600253-20200501035529-1.jpg\",\"contentUrl\":\"https:\\\/\\\/chemi-3.com\\\/wp-content\\\/uploads\\\/2021\\\/11\\\/31600253-20200501035529-1.jpg\",\"width\":384,\"height\":900,\"caption\":\"Windex\u00ae Multi Surface Cleaner With Vinegar 765Ml\"},{\"@type\":\"BreadcrumbList\",\"@id\":\"https:\\\/\\\/chemi-3.com\\\/fr\\\/product\\\/windex-multi-surface-nettoyant-avec-vinaigre\\\/#breadcrumb\",\"itemListElement\":[{\"@type\":\"ListItem\",\"position\":1,\"name\":\"Home\",\"item\":\"https:\\\/\\\/chemi-3.com\\\/fr\\\/\"},{\"@type\":\"ListItem\",\"position\":2,\"name\":\"Produits\",\"item\":\"https:\\\/\\\/chemi-3.com\\\/fr\\\/shop\\\/\"},{\"@type\":\"ListItem\",\"position\":3,\"name\":\"Windex\u00ae multi surface nettoyant avec vinaigre\"}]},{\"@type\":\"WebSite\",\"@id\":\"https:\\\/\\\/chemi-3.com\\\/fr\\\/#website\",\"url\":\"https:\\\/\\\/chemi-3.com\\\/fr\\\/\",\"name\":\"Chemi-3 Inc.\",\"description\":\"Montreal&#039;s premier distributor of janitorial, sanitary and commercial products.\",\"publisher\":{\"@id\":\"https:\\\/\\\/chemi-3.com\\\/fr\\\/#organization\"},\"potentialAction\":[{\"@type\":\"SearchAction\",\"target\":{\"@type\":\"EntryPoint\",\"urlTemplate\":\"https:\\\/\\\/chemi-3.com\\\/fr\\\/?s={search_term_string}\"},\"query-input\":{\"@type\":\"PropertyValueSpecification\",\"valueRequired\":true,\"valueName\":\"search_term_string\"}}],\"inLanguage\":\"fr-CA\"},{\"@type\":\"Organization\",\"@id\":\"https:\\\/\\\/chemi-3.com\\\/fr\\\/#organization\",\"name\":\"Chemi-3 Industries Inc.\",\"url\":\"https:\\\/\\\/chemi-3.com\\\/fr\\\/\",\"logo\":{\"@type\":\"ImageObject\",\"inLanguage\":\"fr-CA\",\"@id\":\"https:\\\/\\\/chemi-3.com\\\/fr\\\/#\\\/schema\\\/logo\\\/image\\\/\",\"url\":\"http:\\\/\\\/chemi-3.com\\\/wp-content\\\/uploads\\\/2021\\\/09\\\/Chemi3_logo_transparent_highres.png\",\"contentUrl\":\"http:\\\/\\\/chemi-3.com\\\/wp-content\\\/uploads\\\/2021\\\/09\\\/Chemi3_logo_transparent_highres.png\",\"width\":1000,\"height\":387,\"caption\":\"Chemi-3 Industries Inc.\"},\"image\":{\"@id\":\"https:\\\/\\\/chemi-3.com\\\/fr\\\/#\\\/schema\\\/logo\\\/image\\\/\"},\"sameAs\":[\"https:\\\/\\\/www.facebook.com\\\/chemi3inc\\\/\",\"https:\\\/\\\/x.com\\\/chemi3inc\",\"https:\\\/\\\/www.instagram.com\\\/chemi3inc\\\/\",\"https:\\\/\\\/www.linkedin.com\\\/company\\\/chemi3inc\"]}]}<\/script>\n<!-- \/ Yoast SEO plugin. -->","yoast_head_json":{"title":"Windex\u00ae multi surface nettoyant avec vinaigre &#8211; Chemi-3 Inc.","robots":{"index":"index","follow":"follow","max-snippet":"max-snippet:-1","max-image-preview":"max-image-preview:large","max-video-preview":"max-video-preview:-1"},"canonical":"https:\/\/chemi-3.com\/fr\/product\/windex-multi-surface-nettoyant-avec-vinaigre\/","og_locale":"fr_CA","og_type":"article","og_title":"Windex\u00ae multi surface nettoyant avec vinaigre &#8211; Chemi-3 Inc.","og_description":"Pour un \u00e9clat sans trace! Si vous vous demandiez comment utiliser le vinaigre pour nettoyer la maison, ne cherchez plus! Windex Multi-Surface Nettoyant avec vinaigre nettoie en douceur et fait briller l\u2019acier inoxydable, le granit scell\u00e9, le marbre scell\u00e9, le lamin\u00e9, les tuiles, le chrome, le vinyle, le plastique et des dizaines d\u2019autres types de [&hellip;]","og_url":"https:\/\/chemi-3.com\/fr\/product\/windex-multi-surface-nettoyant-avec-vinaigre\/","og_site_name":"Chemi-3 Inc.","article_publisher":"https:\/\/www.facebook.com\/chemi3inc\/","article_modified_time":"2021-11-05T17:10:06+00:00","og_image":[{"width":384,"height":900,"url":"https:\/\/chemi-3.com\/wp-content\/uploads\/2021\/11\/31600253-20200501035529-1.jpg","type":"image\/jpeg"}],"twitter_card":"summary_large_image","twitter_site":"@chemi3inc","twitter_misc":{"Estimation du temps de lecture":"1 minute"},"schema":{"@context":"https:\/\/schema.org","@graph":[{"@type":["WebPage","ItemPage"],"@id":"https:\/\/chemi-3.com\/fr\/product\/windex-multi-surface-nettoyant-avec-vinaigre\/","url":"https:\/\/chemi-3.com\/fr\/product\/windex-multi-surface-nettoyant-avec-vinaigre\/","name":"Windex\u00ae multi surface nettoyant avec vinaigre &#8211; Chemi-3 Inc.","isPartOf":{"@id":"https:\/\/chemi-3.com\/fr\/#website"},"primaryImageOfPage":{"@id":"https:\/\/chemi-3.com\/fr\/product\/windex-multi-surface-nettoyant-avec-vinaigre\/#primaryimage"},"image":{"@id":"https:\/\/chemi-3.com\/fr\/product\/windex-multi-surface-nettoyant-avec-vinaigre\/#primaryimage"},"thumbnailUrl":"https:\/\/chemi-3.com\/wp-content\/uploads\/2021\/11\/31600253-20200501035529-1.jpg","datePublished":"2021-11-05T17:09:56+00:00","dateModified":"2021-11-05T17:10:06+00:00","breadcrumb":{"@id":"https:\/\/chemi-3.com\/fr\/product\/windex-multi-surface-nettoyant-avec-vinaigre\/#breadcrumb"},"inLanguage":"fr-CA","potentialAction":[{"@type":"ReadAction","target":["https:\/\/chemi-3.com\/fr\/product\/windex-multi-surface-nettoyant-avec-vinaigre\/"]}]},{"@type":"ImageObject","inLanguage":"fr-CA","@id":"https:\/\/chemi-3.com\/fr\/product\/windex-multi-surface-nettoyant-avec-vinaigre\/#primaryimage","url":"https:\/\/chemi-3.com\/wp-content\/uploads\/2021\/11\/31600253-20200501035529-1.jpg","contentUrl":"https:\/\/chemi-3.com\/wp-content\/uploads\/2021\/11\/31600253-20200501035529-1.jpg","width":384,"height":900,"caption":"Windex\u00ae Multi Surface Cleaner With Vinegar 765Ml"},{"@type":"BreadcrumbList","@id":"https:\/\/chemi-3.com\/fr\/product\/windex-multi-surface-nettoyant-avec-vinaigre\/#breadcrumb","itemListElement":[{"@type":"ListItem","position":1,"name":"Home","item":"https:\/\/chemi-3.com\/fr\/"},{"@type":"ListItem","position":2,"name":"Produits","item":"https:\/\/chemi-3.com\/fr\/shop\/"},{"@type":"ListItem","position":3,"name":"Windex\u00ae multi surface nettoyant avec vinaigre"}]},{"@type":"WebSite","@id":"https:\/\/chemi-3.com\/fr\/#website","url":"https:\/\/chemi-3.com\/fr\/","name":"Chemi-3 Inc.","description":"Montreal&#039;s premier distributor of janitorial, sanitary and commercial products.","publisher":{"@id":"https:\/\/chemi-3.com\/fr\/#organization"},"potentialAction":[{"@type":"SearchAction","target":{"@type":"EntryPoint","urlTemplate":"https:\/\/chemi-3.com\/fr\/?s={search_term_string}"},"query-input":{"@type":"PropertyValueSpecification","valueRequired":true,"valueName":"search_term_string"}}],"inLanguage":"fr-CA"},{"@type":"Organization","@id":"https:\/\/chemi-3.com\/fr\/#organization","name":"Chemi-3 Industries Inc.","url":"https:\/\/chemi-3.com\/fr\/","logo":{"@type":"ImageObject","inLanguage":"fr-CA","@id":"https:\/\/chemi-3.com\/fr\/#\/schema\/logo\/image\/","url":"http:\/\/chemi-3.com\/wp-content\/uploads\/2021\/09\/Chemi3_logo_transparent_highres.png","contentUrl":"http:\/\/chemi-3.com\/wp-content\/uploads\/2021\/09\/Chemi3_logo_transparent_highres.png","width":1000,"height":387,"caption":"Chemi-3 Industries Inc."},"image":{"@id":"https:\/\/chemi-3.com\/fr\/#\/schema\/logo\/image\/"},"sameAs":["https:\/\/www.facebook.com\/chemi3inc\/","https:\/\/x.com\/chemi3inc","https:\/\/www.instagram.com\/chemi3inc\/","https:\/\/www.linkedin.com\/company\/chemi3inc"]}]}},"_links":{"self":[{"href":"https:\/\/chemi-3.com\/fr\/wp-json\/wp\/v2\/product\/28343","targetHints":{"allow":["GET"]}}],"collection":[{"href":"https:\/\/chemi-3.com\/fr\/wp-json\/wp\/v2\/product"}],"about":[{"href":"https:\/\/chemi-3.com\/fr\/wp-json\/wp\/v2\/types\/product"}],"replies":[{"embeddable":true,"href":"https:\/\/chemi-3.com\/fr\/wp-json\/wp\/v2\/comments?post=28343"}],"wp:featuredmedia":[{"embeddable":true,"href":"https:\/\/chemi-3.com\/fr\/wp-json\/wp\/v2\/media\/24986"}],"wp:attachment":[{"href":"https:\/\/chemi-3.com\/fr\/wp-json\/wp\/v2\/media?parent=28343"}],"wp:term":[{"taxonomy":"product_brand","embeddable":true,"href":"https:\/\/chemi-3.com\/fr\/wp-json\/wp\/v2\/product_brand?post=28343"},{"taxonomy":"product_cat","embeddable":true,"href":"https:\/\/chemi-3.com\/fr\/wp-json\/wp\/v2\/product_cat?post=28343"},{"taxonomy":"product_tag","embeddable":true,"href":"https:\/\/chemi-3.com\/fr\/wp-json\/wp\/v2\/product_tag?post=28343"}],"curies":[{"name":"wp","href":"https:\/\/api.w.org\/{rel}","templated":true}]}}