{"id":28365,"date":"2021-11-05T13:10:20","date_gmt":"2021-11-05T17:10:20","guid":{"rendered":"https:\/\/chemi-3.com\/product\/nettoyant-desinfectant-pour-cuvettes-lysol-946-ml\/"},"modified":"2021-11-05T13:10:21","modified_gmt":"2021-11-05T17:10:21","slug":"nettoyant-desinfectant-pour-cuvettes-lysol-946-ml","status":"publish","type":"product","link":"https:\/\/chemi-3.com\/fr\/product\/nettoyant-desinfectant-pour-cuvettes-lysol-946-ml\/","title":{"rendered":"Nettoyant d\u00e9sinfectant pour cuvettes lysol\u00ae, 946 ml"},"content":{"rendered":"<body><p>Le nettoyant d\u00e9sinfectant pour cuvettes Lysol\u00ae illumine votre toilette, et ce, tout en nettoyant et d\u00e9sinfectant. La formule \u00e9paisse adh\u00e8re \u00e0 la cuvette pour un meilleur nettoyage. La bouteille en angle permet de nettoyer les endroits difficiles d\u2019acc\u00e8s, comme le dessous du rebord, laissant votre cuvette \u00e9tincelant de propret\u00e9, d\u00e9sodoris\u00e9e et d\u00e9sinfect\u00e9e.<br>\nUnit\u00e9 de mesure : 12\/946-ML<\/p>\n<\/body>","protected":false},"excerpt":{"rendered":"<p>Le nettoyant d\u00e9sinfectant pour cuvettes Lysol\u00ae illumine votre toilette, et ce, tout en nettoyant et d\u00e9sinfectant. La formule \u00e9paisse adh\u00e8re \u00e0 la cuvette pour un meilleur nettoyage. La bouteille en angle permet de nettoyer les endroits difficiles d\u2019acc\u00e8s, comme le dessous du rebord, laissant votre cuvette \u00e9tincelant de propret\u00e9, d\u00e9sodoris\u00e9e et d\u00e9sinfect\u00e9e. Unit\u00e9 de mesure [&hellip;]<\/p>\n","protected":false},"featured_media":25018,"comment_status":"closed","ping_status":"open","template":"","meta":{"_et_pb_use_builder":"","_et_pb_old_content":"","_et_gb_content_width":""},"product_brand":[],"product_cat":[12706],"product_tag":[13695,13950,13618],"class_list":{"0":"post-28365","1":"product","2":"type-product","3":"status-publish","4":"has-post-thumbnail","6":"product_cat-nettoyants-pour-toilettes","7":"product_tag-nettoyants","8":"product_tag-nettoyants-pour-toilettes","9":"product_tag-produits-chimiques","10":"pa_country-of-origin-united-states","11":"pa_is-hazardous-material-oui","13":"first","14":"instock","15":"taxable","16":"shipping-taxable","17":"purchasable","18":"product-type-simple"},"yoast_head":"<!-- This site is optimized with the Yoast SEO plugin v27.5 - https:\/\/yoast.com\/product\/yoast-seo-wordpress\/ -->\n<title>Nettoyant d\u00e9sinfectant pour cuvettes lysol\u00ae, 946 ml &#8211; Chemi-3 Inc.<\/title>\n<meta name=\"robots\" content=\"index, follow, max-snippet:-1, max-image-preview:large, max-video-preview:-1\" \/>\n<link rel=\"canonical\" href=\"https:\/\/chemi-3.com\/fr\/product\/nettoyant-desinfectant-pour-cuvettes-lysol-946-ml\/\" \/>\n<meta property=\"og:locale\" content=\"fr_CA\" \/>\n<meta property=\"og:type\" content=\"article\" \/>\n<meta property=\"og:title\" content=\"Nettoyant d\u00e9sinfectant pour cuvettes lysol\u00ae, 946 ml &#8211; Chemi-3 Inc.\" \/>\n<meta property=\"og:description\" content=\"Le nettoyant d\u00e9sinfectant pour cuvettes Lysol\u00ae illumine votre toilette, et ce, tout en nettoyant et d\u00e9sinfectant. La formule \u00e9paisse adh\u00e8re \u00e0 la cuvette pour un meilleur nettoyage. La bouteille en angle permet de nettoyer les endroits difficiles d\u2019acc\u00e8s, comme le dessous du rebord, laissant votre cuvette \u00e9tincelant de propret\u00e9, d\u00e9sodoris\u00e9e et d\u00e9sinfect\u00e9e. Unit\u00e9 de mesure [&hellip;]\" \/>\n<meta property=\"og:url\" content=\"https:\/\/chemi-3.com\/fr\/product\/nettoyant-desinfectant-pour-cuvettes-lysol-946-ml\/\" \/>\n<meta property=\"og:site_name\" content=\"Chemi-3 Inc.\" \/>\n<meta property=\"article:publisher\" content=\"https:\/\/www.facebook.com\/chemi3inc\/\" \/>\n<meta property=\"article:modified_time\" content=\"2021-11-05T17:10:21+00:00\" \/>\n<meta property=\"og:image\" content=\"https:\/\/chemi-3.com\/wp-content\/uploads\/2021\/11\/58340814-20210421011345-1.jpg\" \/>\n\t<meta property=\"og:image:width\" content=\"900\" \/>\n\t<meta property=\"og:image:height\" content=\"900\" \/>\n\t<meta property=\"og:image:type\" content=\"image\/jpeg\" \/>\n<meta name=\"twitter:card\" content=\"summary_large_image\" \/>\n<meta name=\"twitter:site\" content=\"@chemi3inc\" \/>\n<script type=\"application\/ld+json\" class=\"yoast-schema-graph\">{\"@context\":\"https:\\\/\\\/schema.org\",\"@graph\":[{\"@type\":[\"WebPage\",\"ItemPage\"],\"@id\":\"https:\\\/\\\/chemi-3.com\\\/fr\\\/product\\\/nettoyant-desinfectant-pour-cuvettes-lysol-946-ml\\\/\",\"url\":\"https:\\\/\\\/chemi-3.com\\\/fr\\\/product\\\/nettoyant-desinfectant-pour-cuvettes-lysol-946-ml\\\/\",\"name\":\"Nettoyant d\u00e9sinfectant pour cuvettes lysol\u00ae, 946 ml &#8211; Chemi-3 Inc.\",\"isPartOf\":{\"@id\":\"https:\\\/\\\/chemi-3.com\\\/fr\\\/#website\"},\"primaryImageOfPage\":{\"@id\":\"https:\\\/\\\/chemi-3.com\\\/fr\\\/product\\\/nettoyant-desinfectant-pour-cuvettes-lysol-946-ml\\\/#primaryimage\"},\"image\":{\"@id\":\"https:\\\/\\\/chemi-3.com\\\/fr\\\/product\\\/nettoyant-desinfectant-pour-cuvettes-lysol-946-ml\\\/#primaryimage\"},\"thumbnailUrl\":\"https:\\\/\\\/chemi-3.com\\\/wp-content\\\/uploads\\\/2021\\\/11\\\/58340814-20210421011345-1.jpg\",\"datePublished\":\"2021-11-05T17:10:20+00:00\",\"dateModified\":\"2021-11-05T17:10:21+00:00\",\"breadcrumb\":{\"@id\":\"https:\\\/\\\/chemi-3.com\\\/fr\\\/product\\\/nettoyant-desinfectant-pour-cuvettes-lysol-946-ml\\\/#breadcrumb\"},\"inLanguage\":\"fr-CA\",\"potentialAction\":[{\"@type\":\"ReadAction\",\"target\":[\"https:\\\/\\\/chemi-3.com\\\/fr\\\/product\\\/nettoyant-desinfectant-pour-cuvettes-lysol-946-ml\\\/\"]}]},{\"@type\":\"ImageObject\",\"inLanguage\":\"fr-CA\",\"@id\":\"https:\\\/\\\/chemi-3.com\\\/fr\\\/product\\\/nettoyant-desinfectant-pour-cuvettes-lysol-946-ml\\\/#primaryimage\",\"url\":\"https:\\\/\\\/chemi-3.com\\\/wp-content\\\/uploads\\\/2021\\\/11\\\/58340814-20210421011345-1.jpg\",\"contentUrl\":\"https:\\\/\\\/chemi-3.com\\\/wp-content\\\/uploads\\\/2021\\\/11\\\/58340814-20210421011345-1.jpg\",\"width\":900,\"height\":900,\"caption\":\"Lysol\u00ae Toilet Bowl Cleaner\"},{\"@type\":\"BreadcrumbList\",\"@id\":\"https:\\\/\\\/chemi-3.com\\\/fr\\\/product\\\/nettoyant-desinfectant-pour-cuvettes-lysol-946-ml\\\/#breadcrumb\",\"itemListElement\":[{\"@type\":\"ListItem\",\"position\":1,\"name\":\"Home\",\"item\":\"https:\\\/\\\/chemi-3.com\\\/fr\\\/\"},{\"@type\":\"ListItem\",\"position\":2,\"name\":\"Produits\",\"item\":\"https:\\\/\\\/chemi-3.com\\\/fr\\\/shop\\\/\"},{\"@type\":\"ListItem\",\"position\":3,\"name\":\"Nettoyant d\u00e9sinfectant pour cuvettes lysol\u00ae, 946 ml\"}]},{\"@type\":\"WebSite\",\"@id\":\"https:\\\/\\\/chemi-3.com\\\/fr\\\/#website\",\"url\":\"https:\\\/\\\/chemi-3.com\\\/fr\\\/\",\"name\":\"Chemi-3 Inc.\",\"description\":\"Montreal&#039;s premier distributor of janitorial, sanitary and commercial products.\",\"publisher\":{\"@id\":\"https:\\\/\\\/chemi-3.com\\\/fr\\\/#organization\"},\"potentialAction\":[{\"@type\":\"SearchAction\",\"target\":{\"@type\":\"EntryPoint\",\"urlTemplate\":\"https:\\\/\\\/chemi-3.com\\\/fr\\\/?s={search_term_string}\"},\"query-input\":{\"@type\":\"PropertyValueSpecification\",\"valueRequired\":true,\"valueName\":\"search_term_string\"}}],\"inLanguage\":\"fr-CA\"},{\"@type\":\"Organization\",\"@id\":\"https:\\\/\\\/chemi-3.com\\\/fr\\\/#organization\",\"name\":\"Chemi-3 Industries Inc.\",\"url\":\"https:\\\/\\\/chemi-3.com\\\/fr\\\/\",\"logo\":{\"@type\":\"ImageObject\",\"inLanguage\":\"fr-CA\",\"@id\":\"https:\\\/\\\/chemi-3.com\\\/fr\\\/#\\\/schema\\\/logo\\\/image\\\/\",\"url\":\"http:\\\/\\\/chemi-3.com\\\/wp-content\\\/uploads\\\/2021\\\/09\\\/Chemi3_logo_transparent_highres.png\",\"contentUrl\":\"http:\\\/\\\/chemi-3.com\\\/wp-content\\\/uploads\\\/2021\\\/09\\\/Chemi3_logo_transparent_highres.png\",\"width\":1000,\"height\":387,\"caption\":\"Chemi-3 Industries Inc.\"},\"image\":{\"@id\":\"https:\\\/\\\/chemi-3.com\\\/fr\\\/#\\\/schema\\\/logo\\\/image\\\/\"},\"sameAs\":[\"https:\\\/\\\/www.facebook.com\\\/chemi3inc\\\/\",\"https:\\\/\\\/x.com\\\/chemi3inc\",\"https:\\\/\\\/www.instagram.com\\\/chemi3inc\\\/\",\"https:\\\/\\\/www.linkedin.com\\\/company\\\/chemi3inc\"]}]}<\/script>\n<!-- \/ Yoast SEO plugin. -->","yoast_head_json":{"title":"Nettoyant d\u00e9sinfectant pour cuvettes lysol\u00ae, 946 ml &#8211; Chemi-3 Inc.","robots":{"index":"index","follow":"follow","max-snippet":"max-snippet:-1","max-image-preview":"max-image-preview:large","max-video-preview":"max-video-preview:-1"},"canonical":"https:\/\/chemi-3.com\/fr\/product\/nettoyant-desinfectant-pour-cuvettes-lysol-946-ml\/","og_locale":"fr_CA","og_type":"article","og_title":"Nettoyant d\u00e9sinfectant pour cuvettes lysol\u00ae, 946 ml &#8211; Chemi-3 Inc.","og_description":"Le nettoyant d\u00e9sinfectant pour cuvettes Lysol\u00ae illumine votre toilette, et ce, tout en nettoyant et d\u00e9sinfectant. La formule \u00e9paisse adh\u00e8re \u00e0 la cuvette pour un meilleur nettoyage. La bouteille en angle permet de nettoyer les endroits difficiles d\u2019acc\u00e8s, comme le dessous du rebord, laissant votre cuvette \u00e9tincelant de propret\u00e9, d\u00e9sodoris\u00e9e et d\u00e9sinfect\u00e9e. Unit\u00e9 de mesure [&hellip;]","og_url":"https:\/\/chemi-3.com\/fr\/product\/nettoyant-desinfectant-pour-cuvettes-lysol-946-ml\/","og_site_name":"Chemi-3 Inc.","article_publisher":"https:\/\/www.facebook.com\/chemi3inc\/","article_modified_time":"2021-11-05T17:10:21+00:00","og_image":[{"width":900,"height":900,"url":"https:\/\/chemi-3.com\/wp-content\/uploads\/2021\/11\/58340814-20210421011345-1.jpg","type":"image\/jpeg"}],"twitter_card":"summary_large_image","twitter_site":"@chemi3inc","schema":{"@context":"https:\/\/schema.org","@graph":[{"@type":["WebPage","ItemPage"],"@id":"https:\/\/chemi-3.com\/fr\/product\/nettoyant-desinfectant-pour-cuvettes-lysol-946-ml\/","url":"https:\/\/chemi-3.com\/fr\/product\/nettoyant-desinfectant-pour-cuvettes-lysol-946-ml\/","name":"Nettoyant d\u00e9sinfectant pour cuvettes lysol\u00ae, 946 ml &#8211; Chemi-3 Inc.","isPartOf":{"@id":"https:\/\/chemi-3.com\/fr\/#website"},"primaryImageOfPage":{"@id":"https:\/\/chemi-3.com\/fr\/product\/nettoyant-desinfectant-pour-cuvettes-lysol-946-ml\/#primaryimage"},"image":{"@id":"https:\/\/chemi-3.com\/fr\/product\/nettoyant-desinfectant-pour-cuvettes-lysol-946-ml\/#primaryimage"},"thumbnailUrl":"https:\/\/chemi-3.com\/wp-content\/uploads\/2021\/11\/58340814-20210421011345-1.jpg","datePublished":"2021-11-05T17:10:20+00:00","dateModified":"2021-11-05T17:10:21+00:00","breadcrumb":{"@id":"https:\/\/chemi-3.com\/fr\/product\/nettoyant-desinfectant-pour-cuvettes-lysol-946-ml\/#breadcrumb"},"inLanguage":"fr-CA","potentialAction":[{"@type":"ReadAction","target":["https:\/\/chemi-3.com\/fr\/product\/nettoyant-desinfectant-pour-cuvettes-lysol-946-ml\/"]}]},{"@type":"ImageObject","inLanguage":"fr-CA","@id":"https:\/\/chemi-3.com\/fr\/product\/nettoyant-desinfectant-pour-cuvettes-lysol-946-ml\/#primaryimage","url":"https:\/\/chemi-3.com\/wp-content\/uploads\/2021\/11\/58340814-20210421011345-1.jpg","contentUrl":"https:\/\/chemi-3.com\/wp-content\/uploads\/2021\/11\/58340814-20210421011345-1.jpg","width":900,"height":900,"caption":"Lysol\u00ae Toilet Bowl Cleaner"},{"@type":"BreadcrumbList","@id":"https:\/\/chemi-3.com\/fr\/product\/nettoyant-desinfectant-pour-cuvettes-lysol-946-ml\/#breadcrumb","itemListElement":[{"@type":"ListItem","position":1,"name":"Home","item":"https:\/\/chemi-3.com\/fr\/"},{"@type":"ListItem","position":2,"name":"Produits","item":"https:\/\/chemi-3.com\/fr\/shop\/"},{"@type":"ListItem","position":3,"name":"Nettoyant d\u00e9sinfectant pour cuvettes lysol\u00ae, 946 ml"}]},{"@type":"WebSite","@id":"https:\/\/chemi-3.com\/fr\/#website","url":"https:\/\/chemi-3.com\/fr\/","name":"Chemi-3 Inc.","description":"Montreal&#039;s premier distributor of janitorial, sanitary and commercial products.","publisher":{"@id":"https:\/\/chemi-3.com\/fr\/#organization"},"potentialAction":[{"@type":"SearchAction","target":{"@type":"EntryPoint","urlTemplate":"https:\/\/chemi-3.com\/fr\/?s={search_term_string}"},"query-input":{"@type":"PropertyValueSpecification","valueRequired":true,"valueName":"search_term_string"}}],"inLanguage":"fr-CA"},{"@type":"Organization","@id":"https:\/\/chemi-3.com\/fr\/#organization","name":"Chemi-3 Industries Inc.","url":"https:\/\/chemi-3.com\/fr\/","logo":{"@type":"ImageObject","inLanguage":"fr-CA","@id":"https:\/\/chemi-3.com\/fr\/#\/schema\/logo\/image\/","url":"http:\/\/chemi-3.com\/wp-content\/uploads\/2021\/09\/Chemi3_logo_transparent_highres.png","contentUrl":"http:\/\/chemi-3.com\/wp-content\/uploads\/2021\/09\/Chemi3_logo_transparent_highres.png","width":1000,"height":387,"caption":"Chemi-3 Industries Inc."},"image":{"@id":"https:\/\/chemi-3.com\/fr\/#\/schema\/logo\/image\/"},"sameAs":["https:\/\/www.facebook.com\/chemi3inc\/","https:\/\/x.com\/chemi3inc","https:\/\/www.instagram.com\/chemi3inc\/","https:\/\/www.linkedin.com\/company\/chemi3inc"]}]}},"_links":{"self":[{"href":"https:\/\/chemi-3.com\/fr\/wp-json\/wp\/v2\/product\/28365","targetHints":{"allow":["GET"]}}],"collection":[{"href":"https:\/\/chemi-3.com\/fr\/wp-json\/wp\/v2\/product"}],"about":[{"href":"https:\/\/chemi-3.com\/fr\/wp-json\/wp\/v2\/types\/product"}],"replies":[{"embeddable":true,"href":"https:\/\/chemi-3.com\/fr\/wp-json\/wp\/v2\/comments?post=28365"}],"wp:featuredmedia":[{"embeddable":true,"href":"https:\/\/chemi-3.com\/fr\/wp-json\/wp\/v2\/media\/25018"}],"wp:attachment":[{"href":"https:\/\/chemi-3.com\/fr\/wp-json\/wp\/v2\/media?parent=28365"}],"wp:term":[{"taxonomy":"product_brand","embeddable":true,"href":"https:\/\/chemi-3.com\/fr\/wp-json\/wp\/v2\/product_brand?post=28365"},{"taxonomy":"product_cat","embeddable":true,"href":"https:\/\/chemi-3.com\/fr\/wp-json\/wp\/v2\/product_cat?post=28365"},{"taxonomy":"product_tag","embeddable":true,"href":"https:\/\/chemi-3.com\/fr\/wp-json\/wp\/v2\/product_tag?post=28365"}],"curies":[{"name":"wp","href":"https:\/\/api.w.org\/{rel}","templated":true}]}}