{"id":28373,"date":"2021-11-05T13:10:20","date_gmt":"2021-11-05T17:10:20","guid":{"rendered":"https:\/\/chemi-3.com\/product\/tiger-nettoyant-a-fours-aerosol\/"},"modified":"2021-11-05T13:10:25","modified_gmt":"2021-11-05T17:10:25","slug":"tiger-nettoyant-a-fours-aerosol","status":"publish","type":"product","link":"https:\/\/chemi-3.com\/fr\/product\/tiger-nettoyant-a-fours-aerosol\/","title":{"rendered":"Tiger nettoyant \u00e0 fours (a\u00e9rosol)"},"content":{"rendered":"<body><p>TIGER est un m\u00e9lange d\u2019agents tensio-actifs combin\u00e9s avec des \u00e9mulsifiants alcalins qui p\u00e9n\u00e8trent les r\u00e9sidus graisseux et durcis pour faciliter le nettoyage. Agr\u00e9able \u00e0 l\u2019usage car il ne produit pas de bu\u00e9e et d\u2019odeur nocive. Parfum de citron frais.<br>\nUnit\u00e9 de mesure : 1\/510-GR<\/p>\n<\/body>","protected":false},"excerpt":{"rendered":"<p>TIGER est un m\u00e9lange d\u2019agents tensio-actifs combin\u00e9s avec des \u00e9mulsifiants alcalins qui p\u00e9n\u00e8trent les r\u00e9sidus graisseux et durcis pour faciliter le nettoyage. Agr\u00e9able \u00e0 l\u2019usage car il ne produit pas de bu\u00e9e et d\u2019odeur nocive. Parfum de citron frais. Unit\u00e9 de mesure : 1\/510-GR<\/p>\n","protected":false},"featured_media":25030,"comment_status":"closed","ping_status":"open","template":"","meta":{"_et_pb_use_builder":"","_et_pb_old_content":"","_et_gb_content_width":""},"product_brand":[],"product_cat":[12704],"product_tag":[13695,13951,13618],"class_list":{"0":"post-28373","1":"product","2":"type-product","3":"status-publish","4":"has-post-thumbnail","6":"product_cat-nettoyants-pour-gril-et-four","7":"product_tag-nettoyants","8":"product_tag-nettoyants-pour-gril-et-four","9":"product_tag-produits-chimiques","10":"pa_is-hazardous-material-oui","12":"first","13":"instock","14":"taxable","15":"shipping-taxable","16":"purchasable","17":"product-type-simple"},"yoast_head":"<!-- This site is optimized with the Yoast SEO plugin v27.5 - https:\/\/yoast.com\/product\/yoast-seo-wordpress\/ -->\n<title>Tiger nettoyant \u00e0 fours (a\u00e9rosol) &#8211; Chemi-3 Inc.<\/title>\n<meta name=\"robots\" content=\"index, follow, max-snippet:-1, max-image-preview:large, max-video-preview:-1\" \/>\n<link rel=\"canonical\" href=\"https:\/\/chemi-3.com\/fr\/product\/tiger-nettoyant-a-fours-aerosol\/\" \/>\n<meta property=\"og:locale\" content=\"fr_CA\" \/>\n<meta property=\"og:type\" content=\"article\" \/>\n<meta property=\"og:title\" content=\"Tiger nettoyant \u00e0 fours (a\u00e9rosol) &#8211; Chemi-3 Inc.\" \/>\n<meta property=\"og:description\" content=\"TIGER est un m\u00e9lange d\u2019agents tensio-actifs combin\u00e9s avec des \u00e9mulsifiants alcalins qui p\u00e9n\u00e8trent les r\u00e9sidus graisseux et durcis pour faciliter le nettoyage. Agr\u00e9able \u00e0 l\u2019usage car il ne produit pas de bu\u00e9e et d\u2019odeur nocive. Parfum de citron frais. Unit\u00e9 de mesure : 1\/510-GR\" \/>\n<meta property=\"og:url\" content=\"https:\/\/chemi-3.com\/fr\/product\/tiger-nettoyant-a-fours-aerosol\/\" \/>\n<meta property=\"og:site_name\" content=\"Chemi-3 Inc.\" \/>\n<meta property=\"article:publisher\" content=\"https:\/\/www.facebook.com\/chemi3inc\/\" \/>\n<meta property=\"article:modified_time\" content=\"2021-11-05T17:10:25+00:00\" \/>\n<meta property=\"og:image\" content=\"https:\/\/chemi-3.com\/wp-content\/uploads\/2021\/11\/609606121-20210415021726-1.jpg\" \/>\n\t<meta property=\"og:image:width\" content=\"510\" \/>\n\t<meta property=\"og:image:height\" content=\"510\" \/>\n\t<meta property=\"og:image:type\" content=\"image\/jpeg\" \/>\n<meta name=\"twitter:card\" content=\"summary_large_image\" \/>\n<meta name=\"twitter:site\" content=\"@chemi3inc\" \/>\n<script type=\"application\/ld+json\" class=\"yoast-schema-graph\">{\"@context\":\"https:\\\/\\\/schema.org\",\"@graph\":[{\"@type\":[\"WebPage\",\"ItemPage\"],\"@id\":\"https:\\\/\\\/chemi-3.com\\\/fr\\\/product\\\/tiger-nettoyant-a-fours-aerosol\\\/\",\"url\":\"https:\\\/\\\/chemi-3.com\\\/fr\\\/product\\\/tiger-nettoyant-a-fours-aerosol\\\/\",\"name\":\"Tiger nettoyant \u00e0 fours (a\u00e9rosol) &#8211; Chemi-3 Inc.\",\"isPartOf\":{\"@id\":\"https:\\\/\\\/chemi-3.com\\\/fr\\\/#website\"},\"primaryImageOfPage\":{\"@id\":\"https:\\\/\\\/chemi-3.com\\\/fr\\\/product\\\/tiger-nettoyant-a-fours-aerosol\\\/#primaryimage\"},\"image\":{\"@id\":\"https:\\\/\\\/chemi-3.com\\\/fr\\\/product\\\/tiger-nettoyant-a-fours-aerosol\\\/#primaryimage\"},\"thumbnailUrl\":\"https:\\\/\\\/chemi-3.com\\\/wp-content\\\/uploads\\\/2021\\\/11\\\/609606121-20210415021726-1.jpg\",\"datePublished\":\"2021-11-05T17:10:20+00:00\",\"dateModified\":\"2021-11-05T17:10:25+00:00\",\"breadcrumb\":{\"@id\":\"https:\\\/\\\/chemi-3.com\\\/fr\\\/product\\\/tiger-nettoyant-a-fours-aerosol\\\/#breadcrumb\"},\"inLanguage\":\"fr-CA\",\"potentialAction\":[{\"@type\":\"ReadAction\",\"target\":[\"https:\\\/\\\/chemi-3.com\\\/fr\\\/product\\\/tiger-nettoyant-a-fours-aerosol\\\/\"]}]},{\"@type\":\"ImageObject\",\"inLanguage\":\"fr-CA\",\"@id\":\"https:\\\/\\\/chemi-3.com\\\/fr\\\/product\\\/tiger-nettoyant-a-fours-aerosol\\\/#primaryimage\",\"url\":\"https:\\\/\\\/chemi-3.com\\\/wp-content\\\/uploads\\\/2021\\\/11\\\/609606121-20210415021726-1.jpg\",\"contentUrl\":\"https:\\\/\\\/chemi-3.com\\\/wp-content\\\/uploads\\\/2021\\\/11\\\/609606121-20210415021726-1.jpg\",\"width\":510,\"height\":510,\"caption\":\"Tiger Oven Cleaner Aerosol\"},{\"@type\":\"BreadcrumbList\",\"@id\":\"https:\\\/\\\/chemi-3.com\\\/fr\\\/product\\\/tiger-nettoyant-a-fours-aerosol\\\/#breadcrumb\",\"itemListElement\":[{\"@type\":\"ListItem\",\"position\":1,\"name\":\"Home\",\"item\":\"https:\\\/\\\/chemi-3.com\\\/fr\\\/\"},{\"@type\":\"ListItem\",\"position\":2,\"name\":\"Produits\",\"item\":\"https:\\\/\\\/chemi-3.com\\\/fr\\\/shop\\\/\"},{\"@type\":\"ListItem\",\"position\":3,\"name\":\"Tiger nettoyant \u00e0 fours (a\u00e9rosol)\"}]},{\"@type\":\"WebSite\",\"@id\":\"https:\\\/\\\/chemi-3.com\\\/fr\\\/#website\",\"url\":\"https:\\\/\\\/chemi-3.com\\\/fr\\\/\",\"name\":\"Chemi-3 Inc.\",\"description\":\"Montreal&#039;s premier distributor of janitorial, sanitary and commercial products.\",\"publisher\":{\"@id\":\"https:\\\/\\\/chemi-3.com\\\/fr\\\/#organization\"},\"potentialAction\":[{\"@type\":\"SearchAction\",\"target\":{\"@type\":\"EntryPoint\",\"urlTemplate\":\"https:\\\/\\\/chemi-3.com\\\/fr\\\/?s={search_term_string}\"},\"query-input\":{\"@type\":\"PropertyValueSpecification\",\"valueRequired\":true,\"valueName\":\"search_term_string\"}}],\"inLanguage\":\"fr-CA\"},{\"@type\":\"Organization\",\"@id\":\"https:\\\/\\\/chemi-3.com\\\/fr\\\/#organization\",\"name\":\"Chemi-3 Industries Inc.\",\"url\":\"https:\\\/\\\/chemi-3.com\\\/fr\\\/\",\"logo\":{\"@type\":\"ImageObject\",\"inLanguage\":\"fr-CA\",\"@id\":\"https:\\\/\\\/chemi-3.com\\\/fr\\\/#\\\/schema\\\/logo\\\/image\\\/\",\"url\":\"http:\\\/\\\/chemi-3.com\\\/wp-content\\\/uploads\\\/2021\\\/09\\\/Chemi3_logo_transparent_highres.png\",\"contentUrl\":\"http:\\\/\\\/chemi-3.com\\\/wp-content\\\/uploads\\\/2021\\\/09\\\/Chemi3_logo_transparent_highres.png\",\"width\":1000,\"height\":387,\"caption\":\"Chemi-3 Industries Inc.\"},\"image\":{\"@id\":\"https:\\\/\\\/chemi-3.com\\\/fr\\\/#\\\/schema\\\/logo\\\/image\\\/\"},\"sameAs\":[\"https:\\\/\\\/www.facebook.com\\\/chemi3inc\\\/\",\"https:\\\/\\\/x.com\\\/chemi3inc\",\"https:\\\/\\\/www.instagram.com\\\/chemi3inc\\\/\",\"https:\\\/\\\/www.linkedin.com\\\/company\\\/chemi3inc\"]}]}<\/script>\n<!-- \/ Yoast SEO plugin. -->","yoast_head_json":{"title":"Tiger nettoyant \u00e0 fours (a\u00e9rosol) &#8211; Chemi-3 Inc.","robots":{"index":"index","follow":"follow","max-snippet":"max-snippet:-1","max-image-preview":"max-image-preview:large","max-video-preview":"max-video-preview:-1"},"canonical":"https:\/\/chemi-3.com\/fr\/product\/tiger-nettoyant-a-fours-aerosol\/","og_locale":"fr_CA","og_type":"article","og_title":"Tiger nettoyant \u00e0 fours (a\u00e9rosol) &#8211; Chemi-3 Inc.","og_description":"TIGER est un m\u00e9lange d\u2019agents tensio-actifs combin\u00e9s avec des \u00e9mulsifiants alcalins qui p\u00e9n\u00e8trent les r\u00e9sidus graisseux et durcis pour faciliter le nettoyage. Agr\u00e9able \u00e0 l\u2019usage car il ne produit pas de bu\u00e9e et d\u2019odeur nocive. Parfum de citron frais. Unit\u00e9 de mesure : 1\/510-GR","og_url":"https:\/\/chemi-3.com\/fr\/product\/tiger-nettoyant-a-fours-aerosol\/","og_site_name":"Chemi-3 Inc.","article_publisher":"https:\/\/www.facebook.com\/chemi3inc\/","article_modified_time":"2021-11-05T17:10:25+00:00","og_image":[{"width":510,"height":510,"url":"https:\/\/chemi-3.com\/wp-content\/uploads\/2021\/11\/609606121-20210415021726-1.jpg","type":"image\/jpeg"}],"twitter_card":"summary_large_image","twitter_site":"@chemi3inc","schema":{"@context":"https:\/\/schema.org","@graph":[{"@type":["WebPage","ItemPage"],"@id":"https:\/\/chemi-3.com\/fr\/product\/tiger-nettoyant-a-fours-aerosol\/","url":"https:\/\/chemi-3.com\/fr\/product\/tiger-nettoyant-a-fours-aerosol\/","name":"Tiger nettoyant \u00e0 fours (a\u00e9rosol) &#8211; Chemi-3 Inc.","isPartOf":{"@id":"https:\/\/chemi-3.com\/fr\/#website"},"primaryImageOfPage":{"@id":"https:\/\/chemi-3.com\/fr\/product\/tiger-nettoyant-a-fours-aerosol\/#primaryimage"},"image":{"@id":"https:\/\/chemi-3.com\/fr\/product\/tiger-nettoyant-a-fours-aerosol\/#primaryimage"},"thumbnailUrl":"https:\/\/chemi-3.com\/wp-content\/uploads\/2021\/11\/609606121-20210415021726-1.jpg","datePublished":"2021-11-05T17:10:20+00:00","dateModified":"2021-11-05T17:10:25+00:00","breadcrumb":{"@id":"https:\/\/chemi-3.com\/fr\/product\/tiger-nettoyant-a-fours-aerosol\/#breadcrumb"},"inLanguage":"fr-CA","potentialAction":[{"@type":"ReadAction","target":["https:\/\/chemi-3.com\/fr\/product\/tiger-nettoyant-a-fours-aerosol\/"]}]},{"@type":"ImageObject","inLanguage":"fr-CA","@id":"https:\/\/chemi-3.com\/fr\/product\/tiger-nettoyant-a-fours-aerosol\/#primaryimage","url":"https:\/\/chemi-3.com\/wp-content\/uploads\/2021\/11\/609606121-20210415021726-1.jpg","contentUrl":"https:\/\/chemi-3.com\/wp-content\/uploads\/2021\/11\/609606121-20210415021726-1.jpg","width":510,"height":510,"caption":"Tiger Oven Cleaner Aerosol"},{"@type":"BreadcrumbList","@id":"https:\/\/chemi-3.com\/fr\/product\/tiger-nettoyant-a-fours-aerosol\/#breadcrumb","itemListElement":[{"@type":"ListItem","position":1,"name":"Home","item":"https:\/\/chemi-3.com\/fr\/"},{"@type":"ListItem","position":2,"name":"Produits","item":"https:\/\/chemi-3.com\/fr\/shop\/"},{"@type":"ListItem","position":3,"name":"Tiger nettoyant \u00e0 fours (a\u00e9rosol)"}]},{"@type":"WebSite","@id":"https:\/\/chemi-3.com\/fr\/#website","url":"https:\/\/chemi-3.com\/fr\/","name":"Chemi-3 Inc.","description":"Montreal&#039;s premier distributor of janitorial, sanitary and commercial products.","publisher":{"@id":"https:\/\/chemi-3.com\/fr\/#organization"},"potentialAction":[{"@type":"SearchAction","target":{"@type":"EntryPoint","urlTemplate":"https:\/\/chemi-3.com\/fr\/?s={search_term_string}"},"query-input":{"@type":"PropertyValueSpecification","valueRequired":true,"valueName":"search_term_string"}}],"inLanguage":"fr-CA"},{"@type":"Organization","@id":"https:\/\/chemi-3.com\/fr\/#organization","name":"Chemi-3 Industries Inc.","url":"https:\/\/chemi-3.com\/fr\/","logo":{"@type":"ImageObject","inLanguage":"fr-CA","@id":"https:\/\/chemi-3.com\/fr\/#\/schema\/logo\/image\/","url":"http:\/\/chemi-3.com\/wp-content\/uploads\/2021\/09\/Chemi3_logo_transparent_highres.png","contentUrl":"http:\/\/chemi-3.com\/wp-content\/uploads\/2021\/09\/Chemi3_logo_transparent_highres.png","width":1000,"height":387,"caption":"Chemi-3 Industries Inc."},"image":{"@id":"https:\/\/chemi-3.com\/fr\/#\/schema\/logo\/image\/"},"sameAs":["https:\/\/www.facebook.com\/chemi3inc\/","https:\/\/x.com\/chemi3inc","https:\/\/www.instagram.com\/chemi3inc\/","https:\/\/www.linkedin.com\/company\/chemi3inc"]}]}},"_links":{"self":[{"href":"https:\/\/chemi-3.com\/fr\/wp-json\/wp\/v2\/product\/28373","targetHints":{"allow":["GET"]}}],"collection":[{"href":"https:\/\/chemi-3.com\/fr\/wp-json\/wp\/v2\/product"}],"about":[{"href":"https:\/\/chemi-3.com\/fr\/wp-json\/wp\/v2\/types\/product"}],"replies":[{"embeddable":true,"href":"https:\/\/chemi-3.com\/fr\/wp-json\/wp\/v2\/comments?post=28373"}],"wp:featuredmedia":[{"embeddable":true,"href":"https:\/\/chemi-3.com\/fr\/wp-json\/wp\/v2\/media\/25030"}],"wp:attachment":[{"href":"https:\/\/chemi-3.com\/fr\/wp-json\/wp\/v2\/media?parent=28373"}],"wp:term":[{"taxonomy":"product_brand","embeddable":true,"href":"https:\/\/chemi-3.com\/fr\/wp-json\/wp\/v2\/product_brand?post=28373"},{"taxonomy":"product_cat","embeddable":true,"href":"https:\/\/chemi-3.com\/fr\/wp-json\/wp\/v2\/product_cat?post=28373"},{"taxonomy":"product_tag","embeddable":true,"href":"https:\/\/chemi-3.com\/fr\/wp-json\/wp\/v2\/product_tag?post=28373"}],"curies":[{"name":"wp","href":"https:\/\/api.w.org\/{rel}","templated":true}]}}