{"id":28389,"date":"2021-11-05T13:10:20","date_gmt":"2021-11-05T17:10:20","guid":{"rendered":"https:\/\/chemi-3.com\/product\/neutralisant-conditionneur-sachets-pre-mesures\/"},"modified":"2021-11-05T13:10:33","modified_gmt":"2021-11-05T17:10:33","slug":"neutralisant-conditionneur-sachets-pre-mesures","status":"publish","type":"product","link":"https:\/\/chemi-3.com\/fr\/product\/neutralisant-conditionneur-sachets-pre-mesures\/","title":{"rendered":"Neutralisant\/conditionneur &#8211; sachets pr\u00e9-mesur\u00e9s"},"content":{"rendered":"<body><p>Le Neutralisant\/Conditionneur s\u2019ajoute \u00e0 l\u2019eau de rin\u00e7age pour \u00e9liminer les r\u00e9sidus alcalins et ainsi neutraliser les surfaces suite au d\u00e9capage ou au lavage. Disponible en bo\u00eete de 72 sachets pr\u00e9-mesur\u00e9s il neutralise toute surface quelle qu\u2019elle soit. Un produit \u00e0 usages multiples tels que les accumulations alcalines, les odeurs des vadrouilles, les r\u00e9sidus de shampooing et les odeurs d\u2019urine dans les tapis. Il neutralise aussi les odeurs d\u2019urine dans les salles de toilettes et les r\u00e9sidus alcalins laiss\u00e9s par les fondants \u00e0 glace.<br>\nUnit\u00e9 de mesure : <\/p>\n<\/body>","protected":false},"excerpt":{"rendered":"<p>Le Neutralisant\/Conditionneur s\u2019ajoute \u00e0 l\u2019eau de rin\u00e7age pour \u00e9liminer les r\u00e9sidus alcalins et ainsi neutraliser les surfaces suite au d\u00e9capage ou au lavage. Disponible en bo\u00eete de 72 sachets pr\u00e9-mesur\u00e9s il neutralise toute surface quelle qu\u2019elle soit. Un produit \u00e0 usages multiples tels que les accumulations alcalines, les odeurs des vadrouilles, les r\u00e9sidus de shampooing [&hellip;]<\/p>\n","protected":false},"featured_media":25055,"comment_status":"closed","ping_status":"open","template":"","meta":{"_et_pb_use_builder":"","_et_pb_old_content":"","_et_gb_content_width":""},"product_brand":[],"product_cat":[12705],"product_tag":[13695,13956,13618],"class_list":{"0":"post-28389","1":"product","2":"type-product","3":"status-publish","4":"has-post-thumbnail","6":"product_cat-nettoyants-en-poudre","7":"product_tag-nettoyants","8":"product_tag-nettoyants-en-poudre","9":"product_tag-produits-chimiques","10":"pa_is-hazardous-material-non","12":"first","13":"instock","14":"taxable","15":"shipping-taxable","16":"purchasable","17":"product-type-simple"},"yoast_head":"<!-- This site is optimized with the Yoast SEO plugin v27.6 - https:\/\/yoast.com\/product\/yoast-seo-wordpress\/ -->\n<title>Neutralisant\/conditionneur - sachets pr\u00e9-mesur\u00e9s &#8211; Chemi-3 Inc.<\/title>\n<meta name=\"robots\" content=\"index, follow, max-snippet:-1, max-image-preview:large, max-video-preview:-1\" \/>\n<link rel=\"canonical\" href=\"https:\/\/chemi-3.com\/fr\/product\/neutralisant-conditionneur-sachets-pre-mesures\/\" \/>\n<meta property=\"og:locale\" content=\"fr_CA\" \/>\n<meta property=\"og:type\" content=\"article\" \/>\n<meta property=\"og:title\" content=\"Neutralisant\/conditionneur - sachets pr\u00e9-mesur\u00e9s &#8211; Chemi-3 Inc.\" \/>\n<meta property=\"og:description\" content=\"Le Neutralisant\/Conditionneur s\u2019ajoute \u00e0 l\u2019eau de rin\u00e7age pour \u00e9liminer les r\u00e9sidus alcalins et ainsi neutraliser les surfaces suite au d\u00e9capage ou au lavage. Disponible en bo\u00eete de 72 sachets pr\u00e9-mesur\u00e9s il neutralise toute surface quelle qu\u2019elle soit. Un produit \u00e0 usages multiples tels que les accumulations alcalines, les odeurs des vadrouilles, les r\u00e9sidus de shampooing [&hellip;]\" \/>\n<meta property=\"og:url\" content=\"https:\/\/chemi-3.com\/fr\/product\/neutralisant-conditionneur-sachets-pre-mesures\/\" \/>\n<meta property=\"og:site_name\" content=\"Chemi-3 Inc.\" \/>\n<meta property=\"article:publisher\" content=\"https:\/\/www.facebook.com\/chemi3inc\/\" \/>\n<meta property=\"article:modified_time\" content=\"2021-11-05T17:10:33+00:00\" \/>\n<meta property=\"og:image\" content=\"https:\/\/chemi-3.com\/wp-content\/uploads\/2021\/11\/60931060-20200826014627-1.jpg\" \/>\n\t<meta property=\"og:image:width\" content=\"900\" \/>\n\t<meta property=\"og:image:height\" content=\"600\" \/>\n\t<meta property=\"og:image:type\" content=\"image\/jpeg\" \/>\n<meta name=\"twitter:card\" content=\"summary_large_image\" \/>\n<meta name=\"twitter:site\" content=\"@chemi3inc\" \/>\n<script type=\"application\/ld+json\" class=\"yoast-schema-graph\">{\"@context\":\"https:\\\/\\\/schema.org\",\"@graph\":[{\"@type\":[\"WebPage\",\"ItemPage\"],\"@id\":\"https:\\\/\\\/chemi-3.com\\\/fr\\\/product\\\/neutralisant-conditionneur-sachets-pre-mesures\\\/\",\"url\":\"https:\\\/\\\/chemi-3.com\\\/fr\\\/product\\\/neutralisant-conditionneur-sachets-pre-mesures\\\/\",\"name\":\"Neutralisant\\\/conditionneur - sachets pr\u00e9-mesur\u00e9s &#8211; Chemi-3 Inc.\",\"isPartOf\":{\"@id\":\"https:\\\/\\\/chemi-3.com\\\/fr\\\/#website\"},\"primaryImageOfPage\":{\"@id\":\"https:\\\/\\\/chemi-3.com\\\/fr\\\/product\\\/neutralisant-conditionneur-sachets-pre-mesures\\\/#primaryimage\"},\"image\":{\"@id\":\"https:\\\/\\\/chemi-3.com\\\/fr\\\/product\\\/neutralisant-conditionneur-sachets-pre-mesures\\\/#primaryimage\"},\"thumbnailUrl\":\"https:\\\/\\\/chemi-3.com\\\/wp-content\\\/uploads\\\/2021\\\/11\\\/60931060-20200826014627-1.jpg\",\"datePublished\":\"2021-11-05T17:10:20+00:00\",\"dateModified\":\"2021-11-05T17:10:33+00:00\",\"breadcrumb\":{\"@id\":\"https:\\\/\\\/chemi-3.com\\\/fr\\\/product\\\/neutralisant-conditionneur-sachets-pre-mesures\\\/#breadcrumb\"},\"inLanguage\":\"fr-CA\",\"potentialAction\":[{\"@type\":\"ReadAction\",\"target\":[\"https:\\\/\\\/chemi-3.com\\\/fr\\\/product\\\/neutralisant-conditionneur-sachets-pre-mesures\\\/\"]}]},{\"@type\":\"ImageObject\",\"inLanguage\":\"fr-CA\",\"@id\":\"https:\\\/\\\/chemi-3.com\\\/fr\\\/product\\\/neutralisant-conditionneur-sachets-pre-mesures\\\/#primaryimage\",\"url\":\"https:\\\/\\\/chemi-3.com\\\/wp-content\\\/uploads\\\/2021\\\/11\\\/60931060-20200826014627-1.jpg\",\"contentUrl\":\"https:\\\/\\\/chemi-3.com\\\/wp-content\\\/uploads\\\/2021\\\/11\\\/60931060-20200826014627-1.jpg\",\"width\":900,\"height\":600,\"caption\":\"Neutralizer\\\/Conditioner\"},{\"@type\":\"BreadcrumbList\",\"@id\":\"https:\\\/\\\/chemi-3.com\\\/fr\\\/product\\\/neutralisant-conditionneur-sachets-pre-mesures\\\/#breadcrumb\",\"itemListElement\":[{\"@type\":\"ListItem\",\"position\":1,\"name\":\"Home\",\"item\":\"https:\\\/\\\/chemi-3.com\\\/fr\\\/\"},{\"@type\":\"ListItem\",\"position\":2,\"name\":\"Produits\",\"item\":\"https:\\\/\\\/chemi-3.com\\\/fr\\\/shop\\\/\"},{\"@type\":\"ListItem\",\"position\":3,\"name\":\"Neutralisant\\\/conditionneur &#8211; sachets pr\u00e9-mesur\u00e9s\"}]},{\"@type\":\"WebSite\",\"@id\":\"https:\\\/\\\/chemi-3.com\\\/fr\\\/#website\",\"url\":\"https:\\\/\\\/chemi-3.com\\\/fr\\\/\",\"name\":\"Chemi-3 Inc.\",\"description\":\"Montreal&#039;s premier distributor of janitorial, sanitary and commercial products.\",\"publisher\":{\"@id\":\"https:\\\/\\\/chemi-3.com\\\/fr\\\/#organization\"},\"potentialAction\":[{\"@type\":\"SearchAction\",\"target\":{\"@type\":\"EntryPoint\",\"urlTemplate\":\"https:\\\/\\\/chemi-3.com\\\/fr\\\/?s={search_term_string}\"},\"query-input\":{\"@type\":\"PropertyValueSpecification\",\"valueRequired\":true,\"valueName\":\"search_term_string\"}}],\"inLanguage\":\"fr-CA\"},{\"@type\":\"Organization\",\"@id\":\"https:\\\/\\\/chemi-3.com\\\/fr\\\/#organization\",\"name\":\"Chemi-3 Industries Inc.\",\"url\":\"https:\\\/\\\/chemi-3.com\\\/fr\\\/\",\"logo\":{\"@type\":\"ImageObject\",\"inLanguage\":\"fr-CA\",\"@id\":\"https:\\\/\\\/chemi-3.com\\\/fr\\\/#\\\/schema\\\/logo\\\/image\\\/\",\"url\":\"http:\\\/\\\/chemi-3.com\\\/wp-content\\\/uploads\\\/2021\\\/09\\\/Chemi3_logo_transparent_highres.png\",\"contentUrl\":\"http:\\\/\\\/chemi-3.com\\\/wp-content\\\/uploads\\\/2021\\\/09\\\/Chemi3_logo_transparent_highres.png\",\"width\":1000,\"height\":387,\"caption\":\"Chemi-3 Industries Inc.\"},\"image\":{\"@id\":\"https:\\\/\\\/chemi-3.com\\\/fr\\\/#\\\/schema\\\/logo\\\/image\\\/\"},\"sameAs\":[\"https:\\\/\\\/www.facebook.com\\\/chemi3inc\\\/\",\"https:\\\/\\\/x.com\\\/chemi3inc\",\"https:\\\/\\\/www.instagram.com\\\/chemi3inc\\\/\",\"https:\\\/\\\/www.linkedin.com\\\/company\\\/chemi3inc\"]}]}<\/script>\n<!-- \/ Yoast SEO plugin. -->","yoast_head_json":{"title":"Neutralisant\/conditionneur - sachets pr\u00e9-mesur\u00e9s &#8211; Chemi-3 Inc.","robots":{"index":"index","follow":"follow","max-snippet":"max-snippet:-1","max-image-preview":"max-image-preview:large","max-video-preview":"max-video-preview:-1"},"canonical":"https:\/\/chemi-3.com\/fr\/product\/neutralisant-conditionneur-sachets-pre-mesures\/","og_locale":"fr_CA","og_type":"article","og_title":"Neutralisant\/conditionneur - sachets pr\u00e9-mesur\u00e9s &#8211; Chemi-3 Inc.","og_description":"Le Neutralisant\/Conditionneur s\u2019ajoute \u00e0 l\u2019eau de rin\u00e7age pour \u00e9liminer les r\u00e9sidus alcalins et ainsi neutraliser les surfaces suite au d\u00e9capage ou au lavage. Disponible en bo\u00eete de 72 sachets pr\u00e9-mesur\u00e9s il neutralise toute surface quelle qu\u2019elle soit. Un produit \u00e0 usages multiples tels que les accumulations alcalines, les odeurs des vadrouilles, les r\u00e9sidus de shampooing [&hellip;]","og_url":"https:\/\/chemi-3.com\/fr\/product\/neutralisant-conditionneur-sachets-pre-mesures\/","og_site_name":"Chemi-3 Inc.","article_publisher":"https:\/\/www.facebook.com\/chemi3inc\/","article_modified_time":"2021-11-05T17:10:33+00:00","og_image":[{"width":900,"height":600,"url":"https:\/\/chemi-3.com\/wp-content\/uploads\/2021\/11\/60931060-20200826014627-1.jpg","type":"image\/jpeg"}],"twitter_card":"summary_large_image","twitter_site":"@chemi3inc","schema":{"@context":"https:\/\/schema.org","@graph":[{"@type":["WebPage","ItemPage"],"@id":"https:\/\/chemi-3.com\/fr\/product\/neutralisant-conditionneur-sachets-pre-mesures\/","url":"https:\/\/chemi-3.com\/fr\/product\/neutralisant-conditionneur-sachets-pre-mesures\/","name":"Neutralisant\/conditionneur - sachets pr\u00e9-mesur\u00e9s &#8211; Chemi-3 Inc.","isPartOf":{"@id":"https:\/\/chemi-3.com\/fr\/#website"},"primaryImageOfPage":{"@id":"https:\/\/chemi-3.com\/fr\/product\/neutralisant-conditionneur-sachets-pre-mesures\/#primaryimage"},"image":{"@id":"https:\/\/chemi-3.com\/fr\/product\/neutralisant-conditionneur-sachets-pre-mesures\/#primaryimage"},"thumbnailUrl":"https:\/\/chemi-3.com\/wp-content\/uploads\/2021\/11\/60931060-20200826014627-1.jpg","datePublished":"2021-11-05T17:10:20+00:00","dateModified":"2021-11-05T17:10:33+00:00","breadcrumb":{"@id":"https:\/\/chemi-3.com\/fr\/product\/neutralisant-conditionneur-sachets-pre-mesures\/#breadcrumb"},"inLanguage":"fr-CA","potentialAction":[{"@type":"ReadAction","target":["https:\/\/chemi-3.com\/fr\/product\/neutralisant-conditionneur-sachets-pre-mesures\/"]}]},{"@type":"ImageObject","inLanguage":"fr-CA","@id":"https:\/\/chemi-3.com\/fr\/product\/neutralisant-conditionneur-sachets-pre-mesures\/#primaryimage","url":"https:\/\/chemi-3.com\/wp-content\/uploads\/2021\/11\/60931060-20200826014627-1.jpg","contentUrl":"https:\/\/chemi-3.com\/wp-content\/uploads\/2021\/11\/60931060-20200826014627-1.jpg","width":900,"height":600,"caption":"Neutralizer\/Conditioner"},{"@type":"BreadcrumbList","@id":"https:\/\/chemi-3.com\/fr\/product\/neutralisant-conditionneur-sachets-pre-mesures\/#breadcrumb","itemListElement":[{"@type":"ListItem","position":1,"name":"Home","item":"https:\/\/chemi-3.com\/fr\/"},{"@type":"ListItem","position":2,"name":"Produits","item":"https:\/\/chemi-3.com\/fr\/shop\/"},{"@type":"ListItem","position":3,"name":"Neutralisant\/conditionneur &#8211; sachets pr\u00e9-mesur\u00e9s"}]},{"@type":"WebSite","@id":"https:\/\/chemi-3.com\/fr\/#website","url":"https:\/\/chemi-3.com\/fr\/","name":"Chemi-3 Inc.","description":"Montreal&#039;s premier distributor of janitorial, sanitary and commercial products.","publisher":{"@id":"https:\/\/chemi-3.com\/fr\/#organization"},"potentialAction":[{"@type":"SearchAction","target":{"@type":"EntryPoint","urlTemplate":"https:\/\/chemi-3.com\/fr\/?s={search_term_string}"},"query-input":{"@type":"PropertyValueSpecification","valueRequired":true,"valueName":"search_term_string"}}],"inLanguage":"fr-CA"},{"@type":"Organization","@id":"https:\/\/chemi-3.com\/fr\/#organization","name":"Chemi-3 Industries Inc.","url":"https:\/\/chemi-3.com\/fr\/","logo":{"@type":"ImageObject","inLanguage":"fr-CA","@id":"https:\/\/chemi-3.com\/fr\/#\/schema\/logo\/image\/","url":"http:\/\/chemi-3.com\/wp-content\/uploads\/2021\/09\/Chemi3_logo_transparent_highres.png","contentUrl":"http:\/\/chemi-3.com\/wp-content\/uploads\/2021\/09\/Chemi3_logo_transparent_highres.png","width":1000,"height":387,"caption":"Chemi-3 Industries Inc."},"image":{"@id":"https:\/\/chemi-3.com\/fr\/#\/schema\/logo\/image\/"},"sameAs":["https:\/\/www.facebook.com\/chemi3inc\/","https:\/\/x.com\/chemi3inc","https:\/\/www.instagram.com\/chemi3inc\/","https:\/\/www.linkedin.com\/company\/chemi3inc"]}]}},"_links":{"self":[{"href":"https:\/\/chemi-3.com\/fr\/wp-json\/wp\/v2\/product\/28389","targetHints":{"allow":["GET"]}}],"collection":[{"href":"https:\/\/chemi-3.com\/fr\/wp-json\/wp\/v2\/product"}],"about":[{"href":"https:\/\/chemi-3.com\/fr\/wp-json\/wp\/v2\/types\/product"}],"replies":[{"embeddable":true,"href":"https:\/\/chemi-3.com\/fr\/wp-json\/wp\/v2\/comments?post=28389"}],"wp:featuredmedia":[{"embeddable":true,"href":"https:\/\/chemi-3.com\/fr\/wp-json\/wp\/v2\/media\/25055"}],"wp:attachment":[{"href":"https:\/\/chemi-3.com\/fr\/wp-json\/wp\/v2\/media?parent=28389"}],"wp:term":[{"taxonomy":"product_brand","embeddable":true,"href":"https:\/\/chemi-3.com\/fr\/wp-json\/wp\/v2\/product_brand?post=28389"},{"taxonomy":"product_cat","embeddable":true,"href":"https:\/\/chemi-3.com\/fr\/wp-json\/wp\/v2\/product_cat?post=28389"},{"taxonomy":"product_tag","embeddable":true,"href":"https:\/\/chemi-3.com\/fr\/wp-json\/wp\/v2\/product_tag?post=28389"}],"curies":[{"name":"wp","href":"https:\/\/api.w.org\/{rel}","templated":true}]}}