{"id":28425,"date":"2021-11-05T13:10:44","date_gmt":"2021-11-05T17:10:44","guid":{"rendered":"https:\/\/chemi-3.com\/product\/systemes-de-controle-continu-des-odeurs-t-cellmd-recharge\/"},"modified":"2021-11-05T13:10:53","modified_gmt":"2021-11-05T17:10:53","slug":"systemes-de-controle-continu-des-odeurs-t-cellmd-recharge","status":"publish","type":"product","link":"https:\/\/chemi-3.com\/fr\/product\/systemes-de-controle-continu-des-odeurs-t-cellmd-recharge\/","title":{"rendered":"Syst\u00e8mes de contr\u00f4le continu des odeurs t-cellmd &#8211; recharge"},"content":{"rendered":"<body><p>Les recharges odeur neutralisante PureMC sont sans parfum et faites \u00e0 base d\u2019huiles essentielles naturelles et de surfactants de qualit\u00e9 alimentaire. Elles sont id\u00e9ales pour les endroits sensibles aux parfumsRecharges enti\u00e8rement recyclables<br>\nUnit\u00e9 de mesure : 6\/CS<\/p>\n<\/body>","protected":false},"excerpt":{"rendered":"<p>Les recharges odeur neutralisante PureMC sont sans parfum et faites \u00e0 base d\u2019huiles essentielles naturelles et de surfactants de qualit\u00e9 alimentaire. Elles sont id\u00e9ales pour les endroits sensibles aux parfumsRecharges enti\u00e8rement recyclables Unit\u00e9 de mesure : 6\/CS<\/p>\n","protected":false},"featured_media":25111,"comment_status":"closed","ping_status":"open","template":"","meta":{"_et_pb_use_builder":"","_et_pb_old_content":"","_et_gb_content_width":""},"product_brand":[],"product_cat":[12691],"product_tag":[13944,13618,13699],"class_list":{"0":"post-28425","1":"product","2":"type-product","3":"status-publish","4":"has-post-thumbnail","6":"product_cat-desodorisant-et-assainisseurs-dair","7":"product_tag-desodorisant-et-assainisseurs-dair","8":"product_tag-produits-chimiques","9":"product_tag-soin-de-lair-et-controle-des-odeurs","10":"pa_country-of-origin-united-states","11":"pa_is-hazardous-material-non","12":"pa_product-colour-blanc","13":"pa_product-material-eva-ethylene-vinyl-acetate","15":"first","16":"instock","17":"taxable","18":"shipping-taxable","19":"purchasable","20":"product-type-simple"},"yoast_head":"<!-- This site is optimized with the Yoast SEO plugin v27.5 - https:\/\/yoast.com\/product\/yoast-seo-wordpress\/ -->\n<title>Syst\u00e8mes de contr\u00f4le continu des odeurs t-cellmd - recharge &#8211; Chemi-3 Inc.<\/title>\n<meta name=\"robots\" content=\"index, follow, max-snippet:-1, max-image-preview:large, max-video-preview:-1\" \/>\n<link rel=\"canonical\" href=\"https:\/\/chemi-3.com\/fr\/product\/systemes-de-controle-continu-des-odeurs-t-cellmd-recharge\/\" \/>\n<meta property=\"og:locale\" content=\"fr_CA\" \/>\n<meta property=\"og:type\" content=\"article\" \/>\n<meta property=\"og:title\" content=\"Syst\u00e8mes de contr\u00f4le continu des odeurs t-cellmd - recharge &#8211; Chemi-3 Inc.\" \/>\n<meta property=\"og:description\" content=\"Les recharges odeur neutralisante PureMC sont sans parfum et faites \u00e0 base d\u2019huiles essentielles naturelles et de surfactants de qualit\u00e9 alimentaire. Elles sont id\u00e9ales pour les endroits sensibles aux parfumsRecharges enti\u00e8rement recyclables Unit\u00e9 de mesure : 6\/CS\" \/>\n<meta property=\"og:url\" content=\"https:\/\/chemi-3.com\/fr\/product\/systemes-de-controle-continu-des-odeurs-t-cellmd-recharge\/\" \/>\n<meta property=\"og:site_name\" content=\"Chemi-3 Inc.\" \/>\n<meta property=\"article:publisher\" content=\"https:\/\/www.facebook.com\/chemi3inc\/\" \/>\n<meta property=\"article:modified_time\" content=\"2021-11-05T17:10:53+00:00\" \/>\n<meta property=\"og:image\" content=\"https:\/\/chemi-3.com\/wp-content\/uploads\/2021\/11\/67422113-20210904201749-1.jpg\" \/>\n\t<meta property=\"og:image:width\" content=\"275\" \/>\n\t<meta property=\"og:image:height\" content=\"375\" \/>\n\t<meta property=\"og:image:type\" content=\"image\/jpeg\" \/>\n<meta name=\"twitter:card\" content=\"summary_large_image\" \/>\n<meta name=\"twitter:site\" content=\"@chemi3inc\" \/>\n<script type=\"application\/ld+json\" class=\"yoast-schema-graph\">{\"@context\":\"https:\\\/\\\/schema.org\",\"@graph\":[{\"@type\":[\"WebPage\",\"ItemPage\"],\"@id\":\"https:\\\/\\\/chemi-3.com\\\/fr\\\/product\\\/systemes-de-controle-continu-des-odeurs-t-cellmd-recharge\\\/\",\"url\":\"https:\\\/\\\/chemi-3.com\\\/fr\\\/product\\\/systemes-de-controle-continu-des-odeurs-t-cellmd-recharge\\\/\",\"name\":\"Syst\u00e8mes de contr\u00f4le continu des odeurs t-cellmd - recharge &#8211; Chemi-3 Inc.\",\"isPartOf\":{\"@id\":\"https:\\\/\\\/chemi-3.com\\\/fr\\\/#website\"},\"primaryImageOfPage\":{\"@id\":\"https:\\\/\\\/chemi-3.com\\\/fr\\\/product\\\/systemes-de-controle-continu-des-odeurs-t-cellmd-recharge\\\/#primaryimage\"},\"image\":{\"@id\":\"https:\\\/\\\/chemi-3.com\\\/fr\\\/product\\\/systemes-de-controle-continu-des-odeurs-t-cellmd-recharge\\\/#primaryimage\"},\"thumbnailUrl\":\"https:\\\/\\\/chemi-3.com\\\/wp-content\\\/uploads\\\/2021\\\/11\\\/67422113-20210904201749-1.jpg\",\"datePublished\":\"2021-11-05T17:10:44+00:00\",\"dateModified\":\"2021-11-05T17:10:53+00:00\",\"breadcrumb\":{\"@id\":\"https:\\\/\\\/chemi-3.com\\\/fr\\\/product\\\/systemes-de-controle-continu-des-odeurs-t-cellmd-recharge\\\/#breadcrumb\"},\"inLanguage\":\"fr-CA\",\"potentialAction\":[{\"@type\":\"ReadAction\",\"target\":[\"https:\\\/\\\/chemi-3.com\\\/fr\\\/product\\\/systemes-de-controle-continu-des-odeurs-t-cellmd-recharge\\\/\"]}]},{\"@type\":\"ImageObject\",\"inLanguage\":\"fr-CA\",\"@id\":\"https:\\\/\\\/chemi-3.com\\\/fr\\\/product\\\/systemes-de-controle-continu-des-odeurs-t-cellmd-recharge\\\/#primaryimage\",\"url\":\"https:\\\/\\\/chemi-3.com\\\/wp-content\\\/uploads\\\/2021\\\/11\\\/67422113-20210904201749-1.jpg\",\"contentUrl\":\"https:\\\/\\\/chemi-3.com\\\/wp-content\\\/uploads\\\/2021\\\/11\\\/67422113-20210904201749-1.jpg\",\"width\":275,\"height\":375,\"caption\":\"Tcell\u2122 Refill - Citrus\"},{\"@type\":\"BreadcrumbList\",\"@id\":\"https:\\\/\\\/chemi-3.com\\\/fr\\\/product\\\/systemes-de-controle-continu-des-odeurs-t-cellmd-recharge\\\/#breadcrumb\",\"itemListElement\":[{\"@type\":\"ListItem\",\"position\":1,\"name\":\"Home\",\"item\":\"https:\\\/\\\/chemi-3.com\\\/fr\\\/\"},{\"@type\":\"ListItem\",\"position\":2,\"name\":\"Produits\",\"item\":\"https:\\\/\\\/chemi-3.com\\\/fr\\\/shop\\\/\"},{\"@type\":\"ListItem\",\"position\":3,\"name\":\"Syst\u00e8mes de contr\u00f4le continu des odeurs t-cellmd &#8211; recharge\"}]},{\"@type\":\"WebSite\",\"@id\":\"https:\\\/\\\/chemi-3.com\\\/fr\\\/#website\",\"url\":\"https:\\\/\\\/chemi-3.com\\\/fr\\\/\",\"name\":\"Chemi-3 Inc.\",\"description\":\"Montreal&#039;s premier distributor of janitorial, sanitary and commercial products.\",\"publisher\":{\"@id\":\"https:\\\/\\\/chemi-3.com\\\/fr\\\/#organization\"},\"potentialAction\":[{\"@type\":\"SearchAction\",\"target\":{\"@type\":\"EntryPoint\",\"urlTemplate\":\"https:\\\/\\\/chemi-3.com\\\/fr\\\/?s={search_term_string}\"},\"query-input\":{\"@type\":\"PropertyValueSpecification\",\"valueRequired\":true,\"valueName\":\"search_term_string\"}}],\"inLanguage\":\"fr-CA\"},{\"@type\":\"Organization\",\"@id\":\"https:\\\/\\\/chemi-3.com\\\/fr\\\/#organization\",\"name\":\"Chemi-3 Industries Inc.\",\"url\":\"https:\\\/\\\/chemi-3.com\\\/fr\\\/\",\"logo\":{\"@type\":\"ImageObject\",\"inLanguage\":\"fr-CA\",\"@id\":\"https:\\\/\\\/chemi-3.com\\\/fr\\\/#\\\/schema\\\/logo\\\/image\\\/\",\"url\":\"http:\\\/\\\/chemi-3.com\\\/wp-content\\\/uploads\\\/2021\\\/09\\\/Chemi3_logo_transparent_highres.png\",\"contentUrl\":\"http:\\\/\\\/chemi-3.com\\\/wp-content\\\/uploads\\\/2021\\\/09\\\/Chemi3_logo_transparent_highres.png\",\"width\":1000,\"height\":387,\"caption\":\"Chemi-3 Industries Inc.\"},\"image\":{\"@id\":\"https:\\\/\\\/chemi-3.com\\\/fr\\\/#\\\/schema\\\/logo\\\/image\\\/\"},\"sameAs\":[\"https:\\\/\\\/www.facebook.com\\\/chemi3inc\\\/\",\"https:\\\/\\\/x.com\\\/chemi3inc\",\"https:\\\/\\\/www.instagram.com\\\/chemi3inc\\\/\",\"https:\\\/\\\/www.linkedin.com\\\/company\\\/chemi3inc\"]}]}<\/script>\n<!-- \/ Yoast SEO plugin. -->","yoast_head_json":{"title":"Syst\u00e8mes de contr\u00f4le continu des odeurs t-cellmd - recharge &#8211; Chemi-3 Inc.","robots":{"index":"index","follow":"follow","max-snippet":"max-snippet:-1","max-image-preview":"max-image-preview:large","max-video-preview":"max-video-preview:-1"},"canonical":"https:\/\/chemi-3.com\/fr\/product\/systemes-de-controle-continu-des-odeurs-t-cellmd-recharge\/","og_locale":"fr_CA","og_type":"article","og_title":"Syst\u00e8mes de contr\u00f4le continu des odeurs t-cellmd - recharge &#8211; Chemi-3 Inc.","og_description":"Les recharges odeur neutralisante PureMC sont sans parfum et faites \u00e0 base d\u2019huiles essentielles naturelles et de surfactants de qualit\u00e9 alimentaire. Elles sont id\u00e9ales pour les endroits sensibles aux parfumsRecharges enti\u00e8rement recyclables Unit\u00e9 de mesure : 6\/CS","og_url":"https:\/\/chemi-3.com\/fr\/product\/systemes-de-controle-continu-des-odeurs-t-cellmd-recharge\/","og_site_name":"Chemi-3 Inc.","article_publisher":"https:\/\/www.facebook.com\/chemi3inc\/","article_modified_time":"2021-11-05T17:10:53+00:00","og_image":[{"width":275,"height":375,"url":"https:\/\/chemi-3.com\/wp-content\/uploads\/2021\/11\/67422113-20210904201749-1.jpg","type":"image\/jpeg"}],"twitter_card":"summary_large_image","twitter_site":"@chemi3inc","schema":{"@context":"https:\/\/schema.org","@graph":[{"@type":["WebPage","ItemPage"],"@id":"https:\/\/chemi-3.com\/fr\/product\/systemes-de-controle-continu-des-odeurs-t-cellmd-recharge\/","url":"https:\/\/chemi-3.com\/fr\/product\/systemes-de-controle-continu-des-odeurs-t-cellmd-recharge\/","name":"Syst\u00e8mes de contr\u00f4le continu des odeurs t-cellmd - recharge &#8211; Chemi-3 Inc.","isPartOf":{"@id":"https:\/\/chemi-3.com\/fr\/#website"},"primaryImageOfPage":{"@id":"https:\/\/chemi-3.com\/fr\/product\/systemes-de-controle-continu-des-odeurs-t-cellmd-recharge\/#primaryimage"},"image":{"@id":"https:\/\/chemi-3.com\/fr\/product\/systemes-de-controle-continu-des-odeurs-t-cellmd-recharge\/#primaryimage"},"thumbnailUrl":"https:\/\/chemi-3.com\/wp-content\/uploads\/2021\/11\/67422113-20210904201749-1.jpg","datePublished":"2021-11-05T17:10:44+00:00","dateModified":"2021-11-05T17:10:53+00:00","breadcrumb":{"@id":"https:\/\/chemi-3.com\/fr\/product\/systemes-de-controle-continu-des-odeurs-t-cellmd-recharge\/#breadcrumb"},"inLanguage":"fr-CA","potentialAction":[{"@type":"ReadAction","target":["https:\/\/chemi-3.com\/fr\/product\/systemes-de-controle-continu-des-odeurs-t-cellmd-recharge\/"]}]},{"@type":"ImageObject","inLanguage":"fr-CA","@id":"https:\/\/chemi-3.com\/fr\/product\/systemes-de-controle-continu-des-odeurs-t-cellmd-recharge\/#primaryimage","url":"https:\/\/chemi-3.com\/wp-content\/uploads\/2021\/11\/67422113-20210904201749-1.jpg","contentUrl":"https:\/\/chemi-3.com\/wp-content\/uploads\/2021\/11\/67422113-20210904201749-1.jpg","width":275,"height":375,"caption":"Tcell\u2122 Refill - Citrus"},{"@type":"BreadcrumbList","@id":"https:\/\/chemi-3.com\/fr\/product\/systemes-de-controle-continu-des-odeurs-t-cellmd-recharge\/#breadcrumb","itemListElement":[{"@type":"ListItem","position":1,"name":"Home","item":"https:\/\/chemi-3.com\/fr\/"},{"@type":"ListItem","position":2,"name":"Produits","item":"https:\/\/chemi-3.com\/fr\/shop\/"},{"@type":"ListItem","position":3,"name":"Syst\u00e8mes de contr\u00f4le continu des odeurs t-cellmd &#8211; recharge"}]},{"@type":"WebSite","@id":"https:\/\/chemi-3.com\/fr\/#website","url":"https:\/\/chemi-3.com\/fr\/","name":"Chemi-3 Inc.","description":"Montreal&#039;s premier distributor of janitorial, sanitary and commercial products.","publisher":{"@id":"https:\/\/chemi-3.com\/fr\/#organization"},"potentialAction":[{"@type":"SearchAction","target":{"@type":"EntryPoint","urlTemplate":"https:\/\/chemi-3.com\/fr\/?s={search_term_string}"},"query-input":{"@type":"PropertyValueSpecification","valueRequired":true,"valueName":"search_term_string"}}],"inLanguage":"fr-CA"},{"@type":"Organization","@id":"https:\/\/chemi-3.com\/fr\/#organization","name":"Chemi-3 Industries Inc.","url":"https:\/\/chemi-3.com\/fr\/","logo":{"@type":"ImageObject","inLanguage":"fr-CA","@id":"https:\/\/chemi-3.com\/fr\/#\/schema\/logo\/image\/","url":"http:\/\/chemi-3.com\/wp-content\/uploads\/2021\/09\/Chemi3_logo_transparent_highres.png","contentUrl":"http:\/\/chemi-3.com\/wp-content\/uploads\/2021\/09\/Chemi3_logo_transparent_highres.png","width":1000,"height":387,"caption":"Chemi-3 Industries Inc."},"image":{"@id":"https:\/\/chemi-3.com\/fr\/#\/schema\/logo\/image\/"},"sameAs":["https:\/\/www.facebook.com\/chemi3inc\/","https:\/\/x.com\/chemi3inc","https:\/\/www.instagram.com\/chemi3inc\/","https:\/\/www.linkedin.com\/company\/chemi3inc"]}]}},"_links":{"self":[{"href":"https:\/\/chemi-3.com\/fr\/wp-json\/wp\/v2\/product\/28425","targetHints":{"allow":["GET"]}}],"collection":[{"href":"https:\/\/chemi-3.com\/fr\/wp-json\/wp\/v2\/product"}],"about":[{"href":"https:\/\/chemi-3.com\/fr\/wp-json\/wp\/v2\/types\/product"}],"replies":[{"embeddable":true,"href":"https:\/\/chemi-3.com\/fr\/wp-json\/wp\/v2\/comments?post=28425"}],"wp:featuredmedia":[{"embeddable":true,"href":"https:\/\/chemi-3.com\/fr\/wp-json\/wp\/v2\/media\/25111"}],"wp:attachment":[{"href":"https:\/\/chemi-3.com\/fr\/wp-json\/wp\/v2\/media?parent=28425"}],"wp:term":[{"taxonomy":"product_brand","embeddable":true,"href":"https:\/\/chemi-3.com\/fr\/wp-json\/wp\/v2\/product_brand?post=28425"},{"taxonomy":"product_cat","embeddable":true,"href":"https:\/\/chemi-3.com\/fr\/wp-json\/wp\/v2\/product_cat?post=28425"},{"taxonomy":"product_tag","embeddable":true,"href":"https:\/\/chemi-3.com\/fr\/wp-json\/wp\/v2\/product_tag?post=28425"}],"curies":[{"name":"wp","href":"https:\/\/api.w.org\/{rel}","templated":true}]}}