{"id":28427,"date":"2021-11-05T13:10:44","date_gmt":"2021-11-05T17:10:44","guid":{"rendered":"https:\/\/chemi-3.com\/product\/scjp-glade-purificateur-dair-en-aerosol-lessive-fraiche\/"},"modified":"2021-11-05T13:10:54","modified_gmt":"2021-11-05T17:10:54","slug":"scjp-glade-purificateur-dair-en-aerosol-lessive-fraiche","status":"publish","type":"product","link":"https:\/\/chemi-3.com\/fr\/product\/scjp-glade-purificateur-dair-en-aerosol-lessive-fraiche\/","title":{"rendered":"Scjp glade\u00ae purificateur d&#8217;air en aerosol &#8211; lessive fra\u00eeche\u00ae"},"content":{"rendered":"<body><p>\u00c9liminez les odeurs tout en rafra\u00eechissant l\u2019air. Nous avons apport\u00e9 une touche moderne au parfum classique de lessive qui s\u00e8che sur la corde en le rehaussant de notes citronn\u00e9es ensoleill\u00e9es. Gr\u00e2ce \u00e0 Glade Lessive fra\u00eeche, votre environnement sera invitant pour tous. L\u2019impression de fra\u00eecheur famili\u00e8re et r\u00e9confortante rendra votre maison encore plus douillette.<\/p>\n<p>\u00c9liminez les odeurs tout en rafra\u00eechissant l\u2019air. Nous avons apport\u00e9 une touche moderne au parfum classique de lessive qui s\u00e8che sur la corde en le rehaussant de notes citronn\u00e9es ensoleill\u00e9es. Gr\u00e2ce \u00e0 Glade Lessive fra\u00eeche, votre environnement sera invitant pour tous. L\u2019impression de fra\u00eecheur famili\u00e8re et r\u00e9confortante rendra votre maison encore plus douillette.<br>\nUnit\u00e9 de mesure : 12\/13.8-OZ<\/p>\n<\/body>","protected":false},"excerpt":{"rendered":"<p>\u00c9liminez les odeurs tout en rafra\u00eechissant l\u2019air. Nous avons apport\u00e9 une touche moderne au parfum classique de lessive qui s\u00e8che sur la corde en le rehaussant de notes citronn\u00e9es ensoleill\u00e9es. Gr\u00e2ce \u00e0 Glade Lessive fra\u00eeche, votre environnement sera invitant pour tous. L\u2019impression de fra\u00eecheur famili\u00e8re et r\u00e9confortante rendra votre maison encore plus douillette. \u00c9liminez les [&hellip;]<\/p>\n","protected":false},"featured_media":0,"comment_status":"closed","ping_status":"open","template":"","meta":{"_et_pb_use_builder":"","_et_pb_old_content":"","_et_gb_content_width":""},"product_brand":[],"product_cat":[12691],"product_tag":[13944,13618,13699],"class_list":{"0":"post-28427","1":"product","2":"type-product","3":"status-publish","5":"product_cat-desodorisant-et-assainisseurs-dair","6":"product_tag-desodorisant-et-assainisseurs-dair","7":"product_tag-produits-chimiques","8":"product_tag-soin-de-lair-et-controle-des-odeurs","9":"pa_country-of-origin-united-states","10":"pa_environmental-status-recyclable-fr","11":"pa_is-hazardous-material-oui","12":"pa_product-material-liquid-2","13":"pa_product-shape-cylindrique","15":"first","16":"instock","17":"taxable","18":"shipping-taxable","19":"purchasable","20":"product-type-simple"},"yoast_head":"<!-- This site is optimized with the Yoast SEO plugin v27.5 - https:\/\/yoast.com\/product\/yoast-seo-wordpress\/ -->\n<title>Scjp glade\u00ae purificateur d&#039;air en aerosol - lessive fra\u00eeche\u00ae &#8211; Chemi-3 Inc.<\/title>\n<meta name=\"robots\" content=\"index, follow, max-snippet:-1, max-image-preview:large, max-video-preview:-1\" \/>\n<link rel=\"canonical\" href=\"https:\/\/chemi-3.com\/fr\/product\/scjp-glade-purificateur-dair-en-aerosol-lessive-fraiche\/\" \/>\n<meta property=\"og:locale\" content=\"fr_CA\" \/>\n<meta property=\"og:type\" content=\"article\" \/>\n<meta property=\"og:title\" content=\"Scjp glade\u00ae purificateur d&#039;air en aerosol - lessive fra\u00eeche\u00ae &#8211; Chemi-3 Inc.\" \/>\n<meta property=\"og:description\" content=\"\u00c9liminez les odeurs tout en rafra\u00eechissant l\u2019air. Nous avons apport\u00e9 une touche moderne au parfum classique de lessive qui s\u00e8che sur la corde en le rehaussant de notes citronn\u00e9es ensoleill\u00e9es. Gr\u00e2ce \u00e0 Glade Lessive fra\u00eeche, votre environnement sera invitant pour tous. L\u2019impression de fra\u00eecheur famili\u00e8re et r\u00e9confortante rendra votre maison encore plus douillette. \u00c9liminez les [&hellip;]\" \/>\n<meta property=\"og:url\" content=\"https:\/\/chemi-3.com\/fr\/product\/scjp-glade-purificateur-dair-en-aerosol-lessive-fraiche\/\" \/>\n<meta property=\"og:site_name\" content=\"Chemi-3 Inc.\" \/>\n<meta property=\"article:publisher\" content=\"https:\/\/www.facebook.com\/chemi3inc\/\" \/>\n<meta property=\"article:modified_time\" content=\"2021-11-05T17:10:54+00:00\" \/>\n<meta name=\"twitter:card\" content=\"summary_large_image\" \/>\n<meta name=\"twitter:site\" content=\"@chemi3inc\" \/>\n<meta name=\"twitter:label1\" content=\"Estimation du temps de lecture\" \/>\n\t<meta name=\"twitter:data1\" content=\"1 minute\" \/>\n<script type=\"application\/ld+json\" class=\"yoast-schema-graph\">{\"@context\":\"https:\\\/\\\/schema.org\",\"@graph\":[{\"@type\":[\"WebPage\",\"ItemPage\"],\"@id\":\"https:\\\/\\\/chemi-3.com\\\/fr\\\/product\\\/scjp-glade-purificateur-dair-en-aerosol-lessive-fraiche\\\/\",\"url\":\"https:\\\/\\\/chemi-3.com\\\/fr\\\/product\\\/scjp-glade-purificateur-dair-en-aerosol-lessive-fraiche\\\/\",\"name\":\"Scjp glade\u00ae purificateur d'air en aerosol - lessive fra\u00eeche\u00ae &#8211; Chemi-3 Inc.\",\"isPartOf\":{\"@id\":\"https:\\\/\\\/chemi-3.com\\\/fr\\\/#website\"},\"datePublished\":\"2021-11-05T17:10:44+00:00\",\"dateModified\":\"2021-11-05T17:10:54+00:00\",\"breadcrumb\":{\"@id\":\"https:\\\/\\\/chemi-3.com\\\/fr\\\/product\\\/scjp-glade-purificateur-dair-en-aerosol-lessive-fraiche\\\/#breadcrumb\"},\"inLanguage\":\"fr-CA\",\"potentialAction\":[{\"@type\":\"ReadAction\",\"target\":[\"https:\\\/\\\/chemi-3.com\\\/fr\\\/product\\\/scjp-glade-purificateur-dair-en-aerosol-lessive-fraiche\\\/\"]}]},{\"@type\":\"BreadcrumbList\",\"@id\":\"https:\\\/\\\/chemi-3.com\\\/fr\\\/product\\\/scjp-glade-purificateur-dair-en-aerosol-lessive-fraiche\\\/#breadcrumb\",\"itemListElement\":[{\"@type\":\"ListItem\",\"position\":1,\"name\":\"Home\",\"item\":\"https:\\\/\\\/chemi-3.com\\\/fr\\\/\"},{\"@type\":\"ListItem\",\"position\":2,\"name\":\"Produits\",\"item\":\"https:\\\/\\\/chemi-3.com\\\/fr\\\/shop\\\/\"},{\"@type\":\"ListItem\",\"position\":3,\"name\":\"Scjp glade\u00ae purificateur d&#8217;air en aerosol &#8211; lessive fra\u00eeche\u00ae\"}]},{\"@type\":\"WebSite\",\"@id\":\"https:\\\/\\\/chemi-3.com\\\/fr\\\/#website\",\"url\":\"https:\\\/\\\/chemi-3.com\\\/fr\\\/\",\"name\":\"Chemi-3 Inc.\",\"description\":\"Montreal&#039;s premier distributor of janitorial, sanitary and commercial products.\",\"publisher\":{\"@id\":\"https:\\\/\\\/chemi-3.com\\\/fr\\\/#organization\"},\"potentialAction\":[{\"@type\":\"SearchAction\",\"target\":{\"@type\":\"EntryPoint\",\"urlTemplate\":\"https:\\\/\\\/chemi-3.com\\\/fr\\\/?s={search_term_string}\"},\"query-input\":{\"@type\":\"PropertyValueSpecification\",\"valueRequired\":true,\"valueName\":\"search_term_string\"}}],\"inLanguage\":\"fr-CA\"},{\"@type\":\"Organization\",\"@id\":\"https:\\\/\\\/chemi-3.com\\\/fr\\\/#organization\",\"name\":\"Chemi-3 Industries Inc.\",\"url\":\"https:\\\/\\\/chemi-3.com\\\/fr\\\/\",\"logo\":{\"@type\":\"ImageObject\",\"inLanguage\":\"fr-CA\",\"@id\":\"https:\\\/\\\/chemi-3.com\\\/fr\\\/#\\\/schema\\\/logo\\\/image\\\/\",\"url\":\"http:\\\/\\\/chemi-3.com\\\/wp-content\\\/uploads\\\/2021\\\/09\\\/Chemi3_logo_transparent_highres.png\",\"contentUrl\":\"http:\\\/\\\/chemi-3.com\\\/wp-content\\\/uploads\\\/2021\\\/09\\\/Chemi3_logo_transparent_highres.png\",\"width\":1000,\"height\":387,\"caption\":\"Chemi-3 Industries Inc.\"},\"image\":{\"@id\":\"https:\\\/\\\/chemi-3.com\\\/fr\\\/#\\\/schema\\\/logo\\\/image\\\/\"},\"sameAs\":[\"https:\\\/\\\/www.facebook.com\\\/chemi3inc\\\/\",\"https:\\\/\\\/x.com\\\/chemi3inc\",\"https:\\\/\\\/www.instagram.com\\\/chemi3inc\\\/\",\"https:\\\/\\\/www.linkedin.com\\\/company\\\/chemi3inc\"]}]}<\/script>\n<!-- \/ Yoast SEO plugin. -->","yoast_head_json":{"title":"Scjp glade\u00ae purificateur d'air en aerosol - lessive fra\u00eeche\u00ae &#8211; Chemi-3 Inc.","robots":{"index":"index","follow":"follow","max-snippet":"max-snippet:-1","max-image-preview":"max-image-preview:large","max-video-preview":"max-video-preview:-1"},"canonical":"https:\/\/chemi-3.com\/fr\/product\/scjp-glade-purificateur-dair-en-aerosol-lessive-fraiche\/","og_locale":"fr_CA","og_type":"article","og_title":"Scjp glade\u00ae purificateur d'air en aerosol - lessive fra\u00eeche\u00ae &#8211; Chemi-3 Inc.","og_description":"\u00c9liminez les odeurs tout en rafra\u00eechissant l\u2019air. Nous avons apport\u00e9 une touche moderne au parfum classique de lessive qui s\u00e8che sur la corde en le rehaussant de notes citronn\u00e9es ensoleill\u00e9es. Gr\u00e2ce \u00e0 Glade Lessive fra\u00eeche, votre environnement sera invitant pour tous. L\u2019impression de fra\u00eecheur famili\u00e8re et r\u00e9confortante rendra votre maison encore plus douillette. \u00c9liminez les [&hellip;]","og_url":"https:\/\/chemi-3.com\/fr\/product\/scjp-glade-purificateur-dair-en-aerosol-lessive-fraiche\/","og_site_name":"Chemi-3 Inc.","article_publisher":"https:\/\/www.facebook.com\/chemi3inc\/","article_modified_time":"2021-11-05T17:10:54+00:00","twitter_card":"summary_large_image","twitter_site":"@chemi3inc","twitter_misc":{"Estimation du temps de lecture":"1 minute"},"schema":{"@context":"https:\/\/schema.org","@graph":[{"@type":["WebPage","ItemPage"],"@id":"https:\/\/chemi-3.com\/fr\/product\/scjp-glade-purificateur-dair-en-aerosol-lessive-fraiche\/","url":"https:\/\/chemi-3.com\/fr\/product\/scjp-glade-purificateur-dair-en-aerosol-lessive-fraiche\/","name":"Scjp glade\u00ae purificateur d'air en aerosol - lessive fra\u00eeche\u00ae &#8211; Chemi-3 Inc.","isPartOf":{"@id":"https:\/\/chemi-3.com\/fr\/#website"},"datePublished":"2021-11-05T17:10:44+00:00","dateModified":"2021-11-05T17:10:54+00:00","breadcrumb":{"@id":"https:\/\/chemi-3.com\/fr\/product\/scjp-glade-purificateur-dair-en-aerosol-lessive-fraiche\/#breadcrumb"},"inLanguage":"fr-CA","potentialAction":[{"@type":"ReadAction","target":["https:\/\/chemi-3.com\/fr\/product\/scjp-glade-purificateur-dair-en-aerosol-lessive-fraiche\/"]}]},{"@type":"BreadcrumbList","@id":"https:\/\/chemi-3.com\/fr\/product\/scjp-glade-purificateur-dair-en-aerosol-lessive-fraiche\/#breadcrumb","itemListElement":[{"@type":"ListItem","position":1,"name":"Home","item":"https:\/\/chemi-3.com\/fr\/"},{"@type":"ListItem","position":2,"name":"Produits","item":"https:\/\/chemi-3.com\/fr\/shop\/"},{"@type":"ListItem","position":3,"name":"Scjp glade\u00ae purificateur d&#8217;air en aerosol &#8211; lessive fra\u00eeche\u00ae"}]},{"@type":"WebSite","@id":"https:\/\/chemi-3.com\/fr\/#website","url":"https:\/\/chemi-3.com\/fr\/","name":"Chemi-3 Inc.","description":"Montreal&#039;s premier distributor of janitorial, sanitary and commercial products.","publisher":{"@id":"https:\/\/chemi-3.com\/fr\/#organization"},"potentialAction":[{"@type":"SearchAction","target":{"@type":"EntryPoint","urlTemplate":"https:\/\/chemi-3.com\/fr\/?s={search_term_string}"},"query-input":{"@type":"PropertyValueSpecification","valueRequired":true,"valueName":"search_term_string"}}],"inLanguage":"fr-CA"},{"@type":"Organization","@id":"https:\/\/chemi-3.com\/fr\/#organization","name":"Chemi-3 Industries Inc.","url":"https:\/\/chemi-3.com\/fr\/","logo":{"@type":"ImageObject","inLanguage":"fr-CA","@id":"https:\/\/chemi-3.com\/fr\/#\/schema\/logo\/image\/","url":"http:\/\/chemi-3.com\/wp-content\/uploads\/2021\/09\/Chemi3_logo_transparent_highres.png","contentUrl":"http:\/\/chemi-3.com\/wp-content\/uploads\/2021\/09\/Chemi3_logo_transparent_highres.png","width":1000,"height":387,"caption":"Chemi-3 Industries Inc."},"image":{"@id":"https:\/\/chemi-3.com\/fr\/#\/schema\/logo\/image\/"},"sameAs":["https:\/\/www.facebook.com\/chemi3inc\/","https:\/\/x.com\/chemi3inc","https:\/\/www.instagram.com\/chemi3inc\/","https:\/\/www.linkedin.com\/company\/chemi3inc"]}]}},"_links":{"self":[{"href":"https:\/\/chemi-3.com\/fr\/wp-json\/wp\/v2\/product\/28427","targetHints":{"allow":["GET"]}}],"collection":[{"href":"https:\/\/chemi-3.com\/fr\/wp-json\/wp\/v2\/product"}],"about":[{"href":"https:\/\/chemi-3.com\/fr\/wp-json\/wp\/v2\/types\/product"}],"replies":[{"embeddable":true,"href":"https:\/\/chemi-3.com\/fr\/wp-json\/wp\/v2\/comments?post=28427"}],"wp:attachment":[{"href":"https:\/\/chemi-3.com\/fr\/wp-json\/wp\/v2\/media?parent=28427"}],"wp:term":[{"taxonomy":"product_brand","embeddable":true,"href":"https:\/\/chemi-3.com\/fr\/wp-json\/wp\/v2\/product_brand?post=28427"},{"taxonomy":"product_cat","embeddable":true,"href":"https:\/\/chemi-3.com\/fr\/wp-json\/wp\/v2\/product_cat?post=28427"},{"taxonomy":"product_tag","embeddable":true,"href":"https:\/\/chemi-3.com\/fr\/wp-json\/wp\/v2\/product_tag?post=28427"}],"curies":[{"name":"wp","href":"https:\/\/api.w.org\/{rel}","templated":true}]}}