{"id":28460,"date":"2021-11-05T13:11:09","date_gmt":"2021-11-05T17:11:09","guid":{"rendered":"https:\/\/chemi-3.com\/product\/bactol-desinfectant-et-assainisseur\/"},"modified":"2021-11-05T13:11:16","modified_gmt":"2021-11-05T17:11:16","slug":"bactol-desinfectant-et-assainisseur","status":"publish","type":"product","link":"https:\/\/chemi-3.com\/fr\/product\/bactol-desinfectant-et-assainisseur\/","title":{"rendered":"Bactol d\u00e9sinfectant et assainisseur"},"content":{"rendered":"<body><p>BACTOL D\u00e9sinfectant et assainisseur a \u00e9t\u00e9 con\u00e7u pour \u00eatre utilis\u00e9 dans les endroits o\u00f9 la d\u00e9sinfection, l\u2019assainissement et la d\u00e9sodorisation est primordial, tel que: les h\u00f4pitaux, les centres de soins prolong\u00e9s, les h\u00f4tels, les \u00e9coles, les centres d\u2019entra\u00eenement\/loisirs\/beaut\u00e9, les cr\u00e8meries, les \u00e9tablissements de service alimentaire, les restaurants, les bars, les chenils ainsi que les aires animales. Efficace sur les surfaces telles que: planchers, murs, porcelaine, acier inoxydable, tuiles de c\u00e9ramique, plastique, salles de bains, douches et cabinets, tables, chaises, lits de bronzage et t\u00e9l\u00e9phones.<\/p>\n<p>**Note: Pour \u00e9viter un moussage excessif, verser d\u2019abord l\u2019eau, puis BACTOL D\u00c9SINFECTANT ET ASSAINISSEUR. BACTOL D\u00e9sinfectant et assainisseur est destin\u00e9 sp\u00e9cifiquement pour les h\u00f4pitaux, \u00e9tablissements alimentaires, les restaurants, les \u00e9coles et les institutions dans lesquelles la d\u00e9sinfection et l\u2019assainissement sont d\u2019importance primordiale. Lorsque BACTOL D\u00e9sinfectant et assainisseur est utilis\u00e9 comme indiqu\u00e9, ce produit est formul\u00e9 pour d\u00e9sinfecter des surfaces dures pr\u00e9alablement nettoy\u00e9es, tels que murs, planchers, tables et comptoirs. Appliquer BACTOL D\u00e9sinfectant et assainisseur \u00e0 l\u2019aide d\u2019un chiffon, d\u2019une vadrouille, d\u2019une \u00e9ponge ou d\u2019un flacon pulv\u00e9risateur. Pr\u00e9parer une solution fra\u00eeche pour chaque usage. D\u00c9SINFECTION: 1) Ajouter 22 ml de BACTOL D\u00e9sinfectant et assainisseur dans 4 L d\u2019eau (1:182) en utilisant le dispositif de mesure inclus (32 ml\/4 L pour VIH-1 (virus de l\u2019immunod\u00e9ficience humaine)). 2) Les surfaces trait\u00e9es doivent rester bien mouill\u00e9es pendant 10 minutes avant de retirer l\u2019exc\u00e8s de liquide. BACTOL D\u00e9sinfectant et assainisseur losque utilis\u00e9 selon le mode d\u2019emploi, agit efficacement contre le: Staphylococcus aureus; Salmonella choleraesuis; Listeria monocytogenes; Yersinia enterocolitica; Pseudomonas aeruginosa, Escherichia coli, E.coli O157:H7, Staphylococcus aureus \u00e0 r\u00e9sistance interm\u00e9diaire \u00e0 la vancomycine (VISA); Influenza A-2\/Japon; Herpes Simplex de type 1; Adenovirus de type 5; Vaccinia virus; Influenza A aviaire\/Dindon\/Wisconsin; VIH-1 (virus de l\u2019immunod\u00e9ficience humaine de type 1); virus de la maladie de Newcastle; virus de la Laryngotrach\u00e9ite; virus du syndrome respiratoire et reproducteur porcin (SRRP). CONTRE LE VIH-1 (VIRUS DE L\u2019IMMUNOD\u00c9FICIENCE HUMAINE): Nettoyer les surfaces souill\u00e9ees de sang ou autres fluides du corps avant d\u2019appliquer BACTOL D\u00e9sinfectant et assainisseur. Porter des v\u00eatements de protection incluant: gants en latex, sarrau et lunettes de s\u00e9curit\u00e9. Le sang, les fluides du corps, les mat\u00e9riaux de nettoyage et les v\u00eatements doivent \u00eatre plac\u00e9s dans l\u2019autoclave, avant de s\u2019en d\u00e9barasser conform\u00e9ment aux r\u00e8glements municipaux. ASSAINISSEMENT: 1) Pr\u00e9parer une solution quaternaire de 200 ppm d\u2019ingr\u00e9dients actifs en diluant 8 ml de BACTOL D\u00e9sinfectant et assainisseur dans 4 L d\u2019eau en utilisant le dispositif de mesure inclus. 2) Les surfaces trait\u00e9es doivent rester bien mouill\u00e9es pendant au moins 1 minute avant de retirer l\u2019exc\u00e8s de liquide. 3) UN RIN\u00c7AGE \u00c0 L\u2019EAU POTABLE N\u2019EST PAS N\u00c9CESSAIRE. Ce produit est un assainisseur efficace lorsqu\u2019il est dilu\u00e9 dans une eau de duret\u00e9 jusqu\u2019\u00e0 650 ppm (CaCO3). Lorsque le produit est utilis\u00e9 comme indiqu\u00e9, BACTOL D\u00e9sinfectant et assainisseur est un assainisseur efficace contre: Escherichia coli; Yersinia enterocolitica; Staphylococcus aureus; E. coli O157:H7; Shigella sonnei; Vibrio cholera; Staphylococcus aureus r\u00e9sistant \u00e0 la m\u00e9thicilline (SARM); Enterococcus faecalis r\u00e9sistant \u00e0 la vancomycine (ERV); Klebsiella pneumoniae; Listeria monocytogenes; Salmonella typhi; campylobacter jejuni.<br>\nUnit\u00e9 de mesure : 1\/4-L<\/p>\n<\/body>","protected":false},"excerpt":{"rendered":"<p>BACTOL D\u00e9sinfectant et assainisseur a \u00e9t\u00e9 con\u00e7u pour \u00eatre utilis\u00e9 dans les endroits o\u00f9 la d\u00e9sinfection, l\u2019assainissement et la d\u00e9sodorisation est primordial, tel que: les h\u00f4pitaux, les centres de soins prolong\u00e9s, les h\u00f4tels, les \u00e9coles, les centres d\u2019entra\u00eenement\/loisirs\/beaut\u00e9, les cr\u00e8meries, les \u00e9tablissements de service alimentaire, les restaurants, les bars, les chenils ainsi que les aires [&hellip;]<\/p>\n","protected":false},"featured_media":0,"comment_status":"closed","ping_status":"open","template":"","meta":{"_et_pb_use_builder":"","_et_pb_old_content":"","_et_gb_content_width":""},"product_brand":[],"product_cat":[12708],"product_tag":[13960,13703,13618],"class_list":{"0":"post-28460","1":"product","2":"type-product","3":"status-publish","5":"product_cat-desinfectants","6":"product_tag-desinfectants","7":"product_tag-desinfectants-et-assainisseurs","8":"product_tag-produits-chimiques","9":"pa_is-hazardous-material-oui","11":"first","12":"instock","13":"taxable","14":"shipping-taxable","15":"purchasable","16":"product-type-simple"},"yoast_head":"<!-- This site is optimized with the Yoast SEO plugin v27.5 - https:\/\/yoast.com\/product\/yoast-seo-wordpress\/ -->\n<title>Bactol d\u00e9sinfectant et assainisseur &#8211; Chemi-3 Inc.<\/title>\n<meta name=\"robots\" content=\"index, follow, max-snippet:-1, max-image-preview:large, max-video-preview:-1\" \/>\n<link rel=\"canonical\" href=\"https:\/\/chemi-3.com\/fr\/product\/bactol-desinfectant-et-assainisseur\/\" \/>\n<meta property=\"og:locale\" content=\"fr_CA\" \/>\n<meta property=\"og:type\" content=\"article\" \/>\n<meta property=\"og:title\" content=\"Bactol d\u00e9sinfectant et assainisseur &#8211; Chemi-3 Inc.\" \/>\n<meta property=\"og:description\" content=\"BACTOL D\u00e9sinfectant et assainisseur a \u00e9t\u00e9 con\u00e7u pour \u00eatre utilis\u00e9 dans les endroits o\u00f9 la d\u00e9sinfection, l\u2019assainissement et la d\u00e9sodorisation est primordial, tel que: les h\u00f4pitaux, les centres de soins prolong\u00e9s, les h\u00f4tels, les \u00e9coles, les centres d\u2019entra\u00eenement\/loisirs\/beaut\u00e9, les cr\u00e8meries, les \u00e9tablissements de service alimentaire, les restaurants, les bars, les chenils ainsi que les aires [&hellip;]\" \/>\n<meta property=\"og:url\" content=\"https:\/\/chemi-3.com\/fr\/product\/bactol-desinfectant-et-assainisseur\/\" \/>\n<meta property=\"og:site_name\" content=\"Chemi-3 Inc.\" \/>\n<meta property=\"article:publisher\" content=\"https:\/\/www.facebook.com\/chemi3inc\/\" \/>\n<meta property=\"article:modified_time\" content=\"2021-11-05T17:11:16+00:00\" \/>\n<meta name=\"twitter:card\" content=\"summary_large_image\" \/>\n<meta name=\"twitter:site\" content=\"@chemi3inc\" \/>\n<meta name=\"twitter:label1\" content=\"Estimation du temps de lecture\" \/>\n\t<meta name=\"twitter:data1\" content=\"3 minutes\" \/>\n<script type=\"application\/ld+json\" class=\"yoast-schema-graph\">{\"@context\":\"https:\\\/\\\/schema.org\",\"@graph\":[{\"@type\":[\"WebPage\",\"ItemPage\"],\"@id\":\"https:\\\/\\\/chemi-3.com\\\/fr\\\/product\\\/bactol-desinfectant-et-assainisseur\\\/\",\"url\":\"https:\\\/\\\/chemi-3.com\\\/fr\\\/product\\\/bactol-desinfectant-et-assainisseur\\\/\",\"name\":\"Bactol d\u00e9sinfectant et assainisseur &#8211; Chemi-3 Inc.\",\"isPartOf\":{\"@id\":\"https:\\\/\\\/chemi-3.com\\\/fr\\\/#website\"},\"datePublished\":\"2021-11-05T17:11:09+00:00\",\"dateModified\":\"2021-11-05T17:11:16+00:00\",\"breadcrumb\":{\"@id\":\"https:\\\/\\\/chemi-3.com\\\/fr\\\/product\\\/bactol-desinfectant-et-assainisseur\\\/#breadcrumb\"},\"inLanguage\":\"fr-CA\",\"potentialAction\":[{\"@type\":\"ReadAction\",\"target\":[\"https:\\\/\\\/chemi-3.com\\\/fr\\\/product\\\/bactol-desinfectant-et-assainisseur\\\/\"]}]},{\"@type\":\"BreadcrumbList\",\"@id\":\"https:\\\/\\\/chemi-3.com\\\/fr\\\/product\\\/bactol-desinfectant-et-assainisseur\\\/#breadcrumb\",\"itemListElement\":[{\"@type\":\"ListItem\",\"position\":1,\"name\":\"Home\",\"item\":\"https:\\\/\\\/chemi-3.com\\\/fr\\\/\"},{\"@type\":\"ListItem\",\"position\":2,\"name\":\"Produits\",\"item\":\"https:\\\/\\\/chemi-3.com\\\/fr\\\/shop\\\/\"},{\"@type\":\"ListItem\",\"position\":3,\"name\":\"Bactol d\u00e9sinfectant et assainisseur\"}]},{\"@type\":\"WebSite\",\"@id\":\"https:\\\/\\\/chemi-3.com\\\/fr\\\/#website\",\"url\":\"https:\\\/\\\/chemi-3.com\\\/fr\\\/\",\"name\":\"Chemi-3 Inc.\",\"description\":\"Montreal&#039;s premier distributor of janitorial, sanitary and commercial products.\",\"publisher\":{\"@id\":\"https:\\\/\\\/chemi-3.com\\\/fr\\\/#organization\"},\"potentialAction\":[{\"@type\":\"SearchAction\",\"target\":{\"@type\":\"EntryPoint\",\"urlTemplate\":\"https:\\\/\\\/chemi-3.com\\\/fr\\\/?s={search_term_string}\"},\"query-input\":{\"@type\":\"PropertyValueSpecification\",\"valueRequired\":true,\"valueName\":\"search_term_string\"}}],\"inLanguage\":\"fr-CA\"},{\"@type\":\"Organization\",\"@id\":\"https:\\\/\\\/chemi-3.com\\\/fr\\\/#organization\",\"name\":\"Chemi-3 Industries Inc.\",\"url\":\"https:\\\/\\\/chemi-3.com\\\/fr\\\/\",\"logo\":{\"@type\":\"ImageObject\",\"inLanguage\":\"fr-CA\",\"@id\":\"https:\\\/\\\/chemi-3.com\\\/fr\\\/#\\\/schema\\\/logo\\\/image\\\/\",\"url\":\"http:\\\/\\\/chemi-3.com\\\/wp-content\\\/uploads\\\/2021\\\/09\\\/Chemi3_logo_transparent_highres.png\",\"contentUrl\":\"http:\\\/\\\/chemi-3.com\\\/wp-content\\\/uploads\\\/2021\\\/09\\\/Chemi3_logo_transparent_highres.png\",\"width\":1000,\"height\":387,\"caption\":\"Chemi-3 Industries Inc.\"},\"image\":{\"@id\":\"https:\\\/\\\/chemi-3.com\\\/fr\\\/#\\\/schema\\\/logo\\\/image\\\/\"},\"sameAs\":[\"https:\\\/\\\/www.facebook.com\\\/chemi3inc\\\/\",\"https:\\\/\\\/x.com\\\/chemi3inc\",\"https:\\\/\\\/www.instagram.com\\\/chemi3inc\\\/\",\"https:\\\/\\\/www.linkedin.com\\\/company\\\/chemi3inc\"]}]}<\/script>\n<!-- \/ Yoast SEO plugin. -->","yoast_head_json":{"title":"Bactol d\u00e9sinfectant et assainisseur &#8211; Chemi-3 Inc.","robots":{"index":"index","follow":"follow","max-snippet":"max-snippet:-1","max-image-preview":"max-image-preview:large","max-video-preview":"max-video-preview:-1"},"canonical":"https:\/\/chemi-3.com\/fr\/product\/bactol-desinfectant-et-assainisseur\/","og_locale":"fr_CA","og_type":"article","og_title":"Bactol d\u00e9sinfectant et assainisseur &#8211; Chemi-3 Inc.","og_description":"BACTOL D\u00e9sinfectant et assainisseur a \u00e9t\u00e9 con\u00e7u pour \u00eatre utilis\u00e9 dans les endroits o\u00f9 la d\u00e9sinfection, l\u2019assainissement et la d\u00e9sodorisation est primordial, tel que: les h\u00f4pitaux, les centres de soins prolong\u00e9s, les h\u00f4tels, les \u00e9coles, les centres d\u2019entra\u00eenement\/loisirs\/beaut\u00e9, les cr\u00e8meries, les \u00e9tablissements de service alimentaire, les restaurants, les bars, les chenils ainsi que les aires [&hellip;]","og_url":"https:\/\/chemi-3.com\/fr\/product\/bactol-desinfectant-et-assainisseur\/","og_site_name":"Chemi-3 Inc.","article_publisher":"https:\/\/www.facebook.com\/chemi3inc\/","article_modified_time":"2021-11-05T17:11:16+00:00","twitter_card":"summary_large_image","twitter_site":"@chemi3inc","twitter_misc":{"Estimation du temps de lecture":"3 minutes"},"schema":{"@context":"https:\/\/schema.org","@graph":[{"@type":["WebPage","ItemPage"],"@id":"https:\/\/chemi-3.com\/fr\/product\/bactol-desinfectant-et-assainisseur\/","url":"https:\/\/chemi-3.com\/fr\/product\/bactol-desinfectant-et-assainisseur\/","name":"Bactol d\u00e9sinfectant et assainisseur &#8211; Chemi-3 Inc.","isPartOf":{"@id":"https:\/\/chemi-3.com\/fr\/#website"},"datePublished":"2021-11-05T17:11:09+00:00","dateModified":"2021-11-05T17:11:16+00:00","breadcrumb":{"@id":"https:\/\/chemi-3.com\/fr\/product\/bactol-desinfectant-et-assainisseur\/#breadcrumb"},"inLanguage":"fr-CA","potentialAction":[{"@type":"ReadAction","target":["https:\/\/chemi-3.com\/fr\/product\/bactol-desinfectant-et-assainisseur\/"]}]},{"@type":"BreadcrumbList","@id":"https:\/\/chemi-3.com\/fr\/product\/bactol-desinfectant-et-assainisseur\/#breadcrumb","itemListElement":[{"@type":"ListItem","position":1,"name":"Home","item":"https:\/\/chemi-3.com\/fr\/"},{"@type":"ListItem","position":2,"name":"Produits","item":"https:\/\/chemi-3.com\/fr\/shop\/"},{"@type":"ListItem","position":3,"name":"Bactol d\u00e9sinfectant et assainisseur"}]},{"@type":"WebSite","@id":"https:\/\/chemi-3.com\/fr\/#website","url":"https:\/\/chemi-3.com\/fr\/","name":"Chemi-3 Inc.","description":"Montreal&#039;s premier distributor of janitorial, sanitary and commercial products.","publisher":{"@id":"https:\/\/chemi-3.com\/fr\/#organization"},"potentialAction":[{"@type":"SearchAction","target":{"@type":"EntryPoint","urlTemplate":"https:\/\/chemi-3.com\/fr\/?s={search_term_string}"},"query-input":{"@type":"PropertyValueSpecification","valueRequired":true,"valueName":"search_term_string"}}],"inLanguage":"fr-CA"},{"@type":"Organization","@id":"https:\/\/chemi-3.com\/fr\/#organization","name":"Chemi-3 Industries Inc.","url":"https:\/\/chemi-3.com\/fr\/","logo":{"@type":"ImageObject","inLanguage":"fr-CA","@id":"https:\/\/chemi-3.com\/fr\/#\/schema\/logo\/image\/","url":"http:\/\/chemi-3.com\/wp-content\/uploads\/2021\/09\/Chemi3_logo_transparent_highres.png","contentUrl":"http:\/\/chemi-3.com\/wp-content\/uploads\/2021\/09\/Chemi3_logo_transparent_highres.png","width":1000,"height":387,"caption":"Chemi-3 Industries Inc."},"image":{"@id":"https:\/\/chemi-3.com\/fr\/#\/schema\/logo\/image\/"},"sameAs":["https:\/\/www.facebook.com\/chemi3inc\/","https:\/\/x.com\/chemi3inc","https:\/\/www.instagram.com\/chemi3inc\/","https:\/\/www.linkedin.com\/company\/chemi3inc"]}]}},"_links":{"self":[{"href":"https:\/\/chemi-3.com\/fr\/wp-json\/wp\/v2\/product\/28460","targetHints":{"allow":["GET"]}}],"collection":[{"href":"https:\/\/chemi-3.com\/fr\/wp-json\/wp\/v2\/product"}],"about":[{"href":"https:\/\/chemi-3.com\/fr\/wp-json\/wp\/v2\/types\/product"}],"replies":[{"embeddable":true,"href":"https:\/\/chemi-3.com\/fr\/wp-json\/wp\/v2\/comments?post=28460"}],"wp:attachment":[{"href":"https:\/\/chemi-3.com\/fr\/wp-json\/wp\/v2\/media?parent=28460"}],"wp:term":[{"taxonomy":"product_brand","embeddable":true,"href":"https:\/\/chemi-3.com\/fr\/wp-json\/wp\/v2\/product_brand?post=28460"},{"taxonomy":"product_cat","embeddable":true,"href":"https:\/\/chemi-3.com\/fr\/wp-json\/wp\/v2\/product_cat?post=28460"},{"taxonomy":"product_tag","embeddable":true,"href":"https:\/\/chemi-3.com\/fr\/wp-json\/wp\/v2\/product_tag?post=28460"}],"curies":[{"name":"wp","href":"https:\/\/api.w.org\/{rel}","templated":true}]}}