{"id":28475,"date":"2021-11-05T13:11:09","date_gmt":"2021-11-05T17:11:09","guid":{"rendered":"https:\/\/chemi-3.com\/product\/aerosol-desinfectant-linge-frais-lysol-350-g\/"},"modified":"2021-11-05T13:11:24","modified_gmt":"2021-11-05T17:11:24","slug":"aerosol-desinfectant-linge-frais-lysol-350-g","status":"publish","type":"product","link":"https:\/\/chemi-3.com\/fr\/product\/aerosol-desinfectant-linge-frais-lysol-350-g\/","title":{"rendered":"A\u00e9rosol d\u00e9sinfectant linge frais lysol\u00ae, 350 g"},"content":{"rendered":"<body><p>D\u00e9sinfectez, assainissez et d\u00e9sodorisez avec l\u2019a\u00e9rosol d\u00e9sinfectant Lysol au parfum Linge Frais. Ce d\u00e9sinfectant tue 99,9 % des champignons, bact\u00e9ries et virus, y compris ceux du rhume et de la grippe. Il emp\u00eache \u00e9galement la formation de moisissures. En plus de d\u00e9sinfecter l\u2019air et les surfaces, ce vaporisateur \u00e9limine les odeurs d\u00e9sagr\u00e9ables \u00e0 la source et les remplace par un parfum rafra\u00eechissant. Utilisez-le \u00e0 la maison ou au bureau pour \u00e9liminer les microbes sur les surfaces dures et molles r\u00e9guli\u00e8rement touch\u00e9es. Application facile au moyen d\u2019une simple pression.<br>\nUnit\u00e9 de mesure : 12\/350-G<\/p>\n<\/body>","protected":false},"excerpt":{"rendered":"<p>D\u00e9sinfectez, assainissez et d\u00e9sodorisez avec l\u2019a\u00e9rosol d\u00e9sinfectant Lysol au parfum Linge Frais. Ce d\u00e9sinfectant tue 99,9 % des champignons, bact\u00e9ries et virus, y compris ceux du rhume et de la grippe. Il emp\u00eache \u00e9galement la formation de moisissures. En plus de d\u00e9sinfecter l\u2019air et les surfaces, ce vaporisateur \u00e9limine les odeurs d\u00e9sagr\u00e9ables \u00e0 la source [&hellip;]<\/p>\n","protected":false},"featured_media":25183,"comment_status":"closed","ping_status":"open","template":"","meta":{"_et_pb_use_builder":"","_et_pb_old_content":"","_et_gb_content_width":""},"product_brand":[],"product_cat":[12708],"product_tag":[13960,13703,13618],"class_list":{"0":"post-28475","1":"product","2":"type-product","3":"status-publish","4":"has-post-thumbnail","6":"product_cat-desinfectants","7":"product_tag-desinfectants","8":"product_tag-desinfectants-et-assainisseurs","9":"product_tag-produits-chimiques","10":"pa_country-of-origin-united-states","11":"pa_is-hazardous-material-oui","12":"pa_product-colour-clair","14":"first","15":"instock","16":"taxable","17":"shipping-taxable","18":"purchasable","19":"product-type-simple"},"yoast_head":"<!-- This site is optimized with the Yoast SEO plugin v27.5 - https:\/\/yoast.com\/product\/yoast-seo-wordpress\/ -->\n<title>A\u00e9rosol d\u00e9sinfectant linge frais lysol\u00ae, 350 g &#8211; Chemi-3 Inc.<\/title>\n<meta name=\"robots\" content=\"index, follow, max-snippet:-1, max-image-preview:large, max-video-preview:-1\" \/>\n<link rel=\"canonical\" href=\"https:\/\/chemi-3.com\/fr\/product\/aerosol-desinfectant-linge-frais-lysol-350-g\/\" \/>\n<meta property=\"og:locale\" content=\"fr_CA\" \/>\n<meta property=\"og:type\" content=\"article\" \/>\n<meta property=\"og:title\" content=\"A\u00e9rosol d\u00e9sinfectant linge frais lysol\u00ae, 350 g &#8211; Chemi-3 Inc.\" \/>\n<meta property=\"og:description\" content=\"D\u00e9sinfectez, assainissez et d\u00e9sodorisez avec l\u2019a\u00e9rosol d\u00e9sinfectant Lysol au parfum Linge Frais. Ce d\u00e9sinfectant tue 99,9 % des champignons, bact\u00e9ries et virus, y compris ceux du rhume et de la grippe. Il emp\u00eache \u00e9galement la formation de moisissures. En plus de d\u00e9sinfecter l\u2019air et les surfaces, ce vaporisateur \u00e9limine les odeurs d\u00e9sagr\u00e9ables \u00e0 la source [&hellip;]\" \/>\n<meta property=\"og:url\" content=\"https:\/\/chemi-3.com\/fr\/product\/aerosol-desinfectant-linge-frais-lysol-350-g\/\" \/>\n<meta property=\"og:site_name\" content=\"Chemi-3 Inc.\" \/>\n<meta property=\"article:publisher\" content=\"https:\/\/www.facebook.com\/chemi3inc\/\" \/>\n<meta property=\"article:modified_time\" content=\"2021-11-05T17:11:24+00:00\" \/>\n<meta property=\"og:image\" content=\"https:\/\/chemi-3.com\/wp-content\/uploads\/2021\/11\/58344052-20210421011345-1.jpg\" \/>\n\t<meta property=\"og:image:width\" content=\"900\" \/>\n\t<meta property=\"og:image:height\" content=\"900\" \/>\n\t<meta property=\"og:image:type\" content=\"image\/jpeg\" \/>\n<meta name=\"twitter:card\" content=\"summary_large_image\" \/>\n<meta name=\"twitter:site\" content=\"@chemi3inc\" \/>\n<meta name=\"twitter:label1\" content=\"Estimation du temps de lecture\" \/>\n\t<meta name=\"twitter:data1\" content=\"1 minute\" \/>\n<script type=\"application\/ld+json\" class=\"yoast-schema-graph\">{\"@context\":\"https:\\\/\\\/schema.org\",\"@graph\":[{\"@type\":[\"WebPage\",\"ItemPage\"],\"@id\":\"https:\\\/\\\/chemi-3.com\\\/fr\\\/product\\\/aerosol-desinfectant-linge-frais-lysol-350-g\\\/\",\"url\":\"https:\\\/\\\/chemi-3.com\\\/fr\\\/product\\\/aerosol-desinfectant-linge-frais-lysol-350-g\\\/\",\"name\":\"A\u00e9rosol d\u00e9sinfectant linge frais lysol\u00ae, 350 g &#8211; Chemi-3 Inc.\",\"isPartOf\":{\"@id\":\"https:\\\/\\\/chemi-3.com\\\/fr\\\/#website\"},\"primaryImageOfPage\":{\"@id\":\"https:\\\/\\\/chemi-3.com\\\/fr\\\/product\\\/aerosol-desinfectant-linge-frais-lysol-350-g\\\/#primaryimage\"},\"image\":{\"@id\":\"https:\\\/\\\/chemi-3.com\\\/fr\\\/product\\\/aerosol-desinfectant-linge-frais-lysol-350-g\\\/#primaryimage\"},\"thumbnailUrl\":\"https:\\\/\\\/chemi-3.com\\\/wp-content\\\/uploads\\\/2021\\\/11\\\/58344052-20210421011345-1.jpg\",\"datePublished\":\"2021-11-05T17:11:09+00:00\",\"dateModified\":\"2021-11-05T17:11:24+00:00\",\"breadcrumb\":{\"@id\":\"https:\\\/\\\/chemi-3.com\\\/fr\\\/product\\\/aerosol-desinfectant-linge-frais-lysol-350-g\\\/#breadcrumb\"},\"inLanguage\":\"fr-CA\",\"potentialAction\":[{\"@type\":\"ReadAction\",\"target\":[\"https:\\\/\\\/chemi-3.com\\\/fr\\\/product\\\/aerosol-desinfectant-linge-frais-lysol-350-g\\\/\"]}]},{\"@type\":\"ImageObject\",\"inLanguage\":\"fr-CA\",\"@id\":\"https:\\\/\\\/chemi-3.com\\\/fr\\\/product\\\/aerosol-desinfectant-linge-frais-lysol-350-g\\\/#primaryimage\",\"url\":\"https:\\\/\\\/chemi-3.com\\\/wp-content\\\/uploads\\\/2021\\\/11\\\/58344052-20210421011345-1.jpg\",\"contentUrl\":\"https:\\\/\\\/chemi-3.com\\\/wp-content\\\/uploads\\\/2021\\\/11\\\/58344052-20210421011345-1.jpg\",\"width\":900,\"height\":900,\"caption\":\"34052 Lysol Disenfectant Spray Crisp Linen 350-G\"},{\"@type\":\"BreadcrumbList\",\"@id\":\"https:\\\/\\\/chemi-3.com\\\/fr\\\/product\\\/aerosol-desinfectant-linge-frais-lysol-350-g\\\/#breadcrumb\",\"itemListElement\":[{\"@type\":\"ListItem\",\"position\":1,\"name\":\"Home\",\"item\":\"https:\\\/\\\/chemi-3.com\\\/fr\\\/\"},{\"@type\":\"ListItem\",\"position\":2,\"name\":\"Produits\",\"item\":\"https:\\\/\\\/chemi-3.com\\\/fr\\\/shop\\\/\"},{\"@type\":\"ListItem\",\"position\":3,\"name\":\"A\u00e9rosol d\u00e9sinfectant linge frais lysol\u00ae, 350 g\"}]},{\"@type\":\"WebSite\",\"@id\":\"https:\\\/\\\/chemi-3.com\\\/fr\\\/#website\",\"url\":\"https:\\\/\\\/chemi-3.com\\\/fr\\\/\",\"name\":\"Chemi-3 Inc.\",\"description\":\"Montreal&#039;s premier distributor of janitorial, sanitary and commercial products.\",\"publisher\":{\"@id\":\"https:\\\/\\\/chemi-3.com\\\/fr\\\/#organization\"},\"potentialAction\":[{\"@type\":\"SearchAction\",\"target\":{\"@type\":\"EntryPoint\",\"urlTemplate\":\"https:\\\/\\\/chemi-3.com\\\/fr\\\/?s={search_term_string}\"},\"query-input\":{\"@type\":\"PropertyValueSpecification\",\"valueRequired\":true,\"valueName\":\"search_term_string\"}}],\"inLanguage\":\"fr-CA\"},{\"@type\":\"Organization\",\"@id\":\"https:\\\/\\\/chemi-3.com\\\/fr\\\/#organization\",\"name\":\"Chemi-3 Industries Inc.\",\"url\":\"https:\\\/\\\/chemi-3.com\\\/fr\\\/\",\"logo\":{\"@type\":\"ImageObject\",\"inLanguage\":\"fr-CA\",\"@id\":\"https:\\\/\\\/chemi-3.com\\\/fr\\\/#\\\/schema\\\/logo\\\/image\\\/\",\"url\":\"http:\\\/\\\/chemi-3.com\\\/wp-content\\\/uploads\\\/2021\\\/09\\\/Chemi3_logo_transparent_highres.png\",\"contentUrl\":\"http:\\\/\\\/chemi-3.com\\\/wp-content\\\/uploads\\\/2021\\\/09\\\/Chemi3_logo_transparent_highres.png\",\"width\":1000,\"height\":387,\"caption\":\"Chemi-3 Industries Inc.\"},\"image\":{\"@id\":\"https:\\\/\\\/chemi-3.com\\\/fr\\\/#\\\/schema\\\/logo\\\/image\\\/\"},\"sameAs\":[\"https:\\\/\\\/www.facebook.com\\\/chemi3inc\\\/\",\"https:\\\/\\\/x.com\\\/chemi3inc\",\"https:\\\/\\\/www.instagram.com\\\/chemi3inc\\\/\",\"https:\\\/\\\/www.linkedin.com\\\/company\\\/chemi3inc\"]}]}<\/script>\n<!-- \/ Yoast SEO plugin. -->","yoast_head_json":{"title":"A\u00e9rosol d\u00e9sinfectant linge frais lysol\u00ae, 350 g &#8211; Chemi-3 Inc.","robots":{"index":"index","follow":"follow","max-snippet":"max-snippet:-1","max-image-preview":"max-image-preview:large","max-video-preview":"max-video-preview:-1"},"canonical":"https:\/\/chemi-3.com\/fr\/product\/aerosol-desinfectant-linge-frais-lysol-350-g\/","og_locale":"fr_CA","og_type":"article","og_title":"A\u00e9rosol d\u00e9sinfectant linge frais lysol\u00ae, 350 g &#8211; Chemi-3 Inc.","og_description":"D\u00e9sinfectez, assainissez et d\u00e9sodorisez avec l\u2019a\u00e9rosol d\u00e9sinfectant Lysol au parfum Linge Frais. Ce d\u00e9sinfectant tue 99,9 % des champignons, bact\u00e9ries et virus, y compris ceux du rhume et de la grippe. Il emp\u00eache \u00e9galement la formation de moisissures. En plus de d\u00e9sinfecter l\u2019air et les surfaces, ce vaporisateur \u00e9limine les odeurs d\u00e9sagr\u00e9ables \u00e0 la source [&hellip;]","og_url":"https:\/\/chemi-3.com\/fr\/product\/aerosol-desinfectant-linge-frais-lysol-350-g\/","og_site_name":"Chemi-3 Inc.","article_publisher":"https:\/\/www.facebook.com\/chemi3inc\/","article_modified_time":"2021-11-05T17:11:24+00:00","og_image":[{"width":900,"height":900,"url":"https:\/\/chemi-3.com\/wp-content\/uploads\/2021\/11\/58344052-20210421011345-1.jpg","type":"image\/jpeg"}],"twitter_card":"summary_large_image","twitter_site":"@chemi3inc","twitter_misc":{"Estimation du temps de lecture":"1 minute"},"schema":{"@context":"https:\/\/schema.org","@graph":[{"@type":["WebPage","ItemPage"],"@id":"https:\/\/chemi-3.com\/fr\/product\/aerosol-desinfectant-linge-frais-lysol-350-g\/","url":"https:\/\/chemi-3.com\/fr\/product\/aerosol-desinfectant-linge-frais-lysol-350-g\/","name":"A\u00e9rosol d\u00e9sinfectant linge frais lysol\u00ae, 350 g &#8211; Chemi-3 Inc.","isPartOf":{"@id":"https:\/\/chemi-3.com\/fr\/#website"},"primaryImageOfPage":{"@id":"https:\/\/chemi-3.com\/fr\/product\/aerosol-desinfectant-linge-frais-lysol-350-g\/#primaryimage"},"image":{"@id":"https:\/\/chemi-3.com\/fr\/product\/aerosol-desinfectant-linge-frais-lysol-350-g\/#primaryimage"},"thumbnailUrl":"https:\/\/chemi-3.com\/wp-content\/uploads\/2021\/11\/58344052-20210421011345-1.jpg","datePublished":"2021-11-05T17:11:09+00:00","dateModified":"2021-11-05T17:11:24+00:00","breadcrumb":{"@id":"https:\/\/chemi-3.com\/fr\/product\/aerosol-desinfectant-linge-frais-lysol-350-g\/#breadcrumb"},"inLanguage":"fr-CA","potentialAction":[{"@type":"ReadAction","target":["https:\/\/chemi-3.com\/fr\/product\/aerosol-desinfectant-linge-frais-lysol-350-g\/"]}]},{"@type":"ImageObject","inLanguage":"fr-CA","@id":"https:\/\/chemi-3.com\/fr\/product\/aerosol-desinfectant-linge-frais-lysol-350-g\/#primaryimage","url":"https:\/\/chemi-3.com\/wp-content\/uploads\/2021\/11\/58344052-20210421011345-1.jpg","contentUrl":"https:\/\/chemi-3.com\/wp-content\/uploads\/2021\/11\/58344052-20210421011345-1.jpg","width":900,"height":900,"caption":"34052 Lysol Disenfectant Spray Crisp Linen 350-G"},{"@type":"BreadcrumbList","@id":"https:\/\/chemi-3.com\/fr\/product\/aerosol-desinfectant-linge-frais-lysol-350-g\/#breadcrumb","itemListElement":[{"@type":"ListItem","position":1,"name":"Home","item":"https:\/\/chemi-3.com\/fr\/"},{"@type":"ListItem","position":2,"name":"Produits","item":"https:\/\/chemi-3.com\/fr\/shop\/"},{"@type":"ListItem","position":3,"name":"A\u00e9rosol d\u00e9sinfectant linge frais lysol\u00ae, 350 g"}]},{"@type":"WebSite","@id":"https:\/\/chemi-3.com\/fr\/#website","url":"https:\/\/chemi-3.com\/fr\/","name":"Chemi-3 Inc.","description":"Montreal&#039;s premier distributor of janitorial, sanitary and commercial products.","publisher":{"@id":"https:\/\/chemi-3.com\/fr\/#organization"},"potentialAction":[{"@type":"SearchAction","target":{"@type":"EntryPoint","urlTemplate":"https:\/\/chemi-3.com\/fr\/?s={search_term_string}"},"query-input":{"@type":"PropertyValueSpecification","valueRequired":true,"valueName":"search_term_string"}}],"inLanguage":"fr-CA"},{"@type":"Organization","@id":"https:\/\/chemi-3.com\/fr\/#organization","name":"Chemi-3 Industries Inc.","url":"https:\/\/chemi-3.com\/fr\/","logo":{"@type":"ImageObject","inLanguage":"fr-CA","@id":"https:\/\/chemi-3.com\/fr\/#\/schema\/logo\/image\/","url":"http:\/\/chemi-3.com\/wp-content\/uploads\/2021\/09\/Chemi3_logo_transparent_highres.png","contentUrl":"http:\/\/chemi-3.com\/wp-content\/uploads\/2021\/09\/Chemi3_logo_transparent_highres.png","width":1000,"height":387,"caption":"Chemi-3 Industries Inc."},"image":{"@id":"https:\/\/chemi-3.com\/fr\/#\/schema\/logo\/image\/"},"sameAs":["https:\/\/www.facebook.com\/chemi3inc\/","https:\/\/x.com\/chemi3inc","https:\/\/www.instagram.com\/chemi3inc\/","https:\/\/www.linkedin.com\/company\/chemi3inc"]}]}},"_links":{"self":[{"href":"https:\/\/chemi-3.com\/fr\/wp-json\/wp\/v2\/product\/28475","targetHints":{"allow":["GET"]}}],"collection":[{"href":"https:\/\/chemi-3.com\/fr\/wp-json\/wp\/v2\/product"}],"about":[{"href":"https:\/\/chemi-3.com\/fr\/wp-json\/wp\/v2\/types\/product"}],"replies":[{"embeddable":true,"href":"https:\/\/chemi-3.com\/fr\/wp-json\/wp\/v2\/comments?post=28475"}],"wp:featuredmedia":[{"embeddable":true,"href":"https:\/\/chemi-3.com\/fr\/wp-json\/wp\/v2\/media\/25183"}],"wp:attachment":[{"href":"https:\/\/chemi-3.com\/fr\/wp-json\/wp\/v2\/media?parent=28475"}],"wp:term":[{"taxonomy":"product_brand","embeddable":true,"href":"https:\/\/chemi-3.com\/fr\/wp-json\/wp\/v2\/product_brand?post=28475"},{"taxonomy":"product_cat","embeddable":true,"href":"https:\/\/chemi-3.com\/fr\/wp-json\/wp\/v2\/product_cat?post=28475"},{"taxonomy":"product_tag","embeddable":true,"href":"https:\/\/chemi-3.com\/fr\/wp-json\/wp\/v2\/product_tag?post=28475"}],"curies":[{"name":"wp","href":"https:\/\/api.w.org\/{rel}","templated":true}]}}