{"id":28477,"date":"2021-11-05T13:11:09","date_gmt":"2021-11-05T17:11:09","guid":{"rendered":"https:\/\/chemi-3.com\/product\/desinfectant-en-aerosol-lysol-cascade-de-printemps-539-g\/"},"modified":"2021-11-05T13:11:25","modified_gmt":"2021-11-05T17:11:25","slug":"desinfectant-en-aerosol-lysol-cascade-de-printemps-539-g","status":"publish","type":"product","link":"https:\/\/chemi-3.com\/fr\/product\/desinfectant-en-aerosol-lysol-cascade-de-printemps-539-g\/","title":{"rendered":"D\u00e9sinfectant en a\u00e9rosol lysol, cascade de printemps, 539 g"},"content":{"rendered":"<body><p>Le d\u00e9sinfectant en a\u00e9rosol Lysol aide \u00e0 prot\u00e9ger votre famille et \u00e0 la garder en bonne sant\u00e9. Les produits Lysol sont con\u00e7us pour offrir une protection contre les germes et peuvent tuer 99,99 % des virus et des bact\u00e9ries sur les surfaces dures, lorsqu\u2019ils sont utilis\u00e9s conform\u00e9ment aux instructions. Ils tuent les virus du rhume et de la grippe.  Les produits d\u00e9sinfectants peuvent \u00eatre utilis\u00e9s pour \u00e9liminer les germes des surfaces dures et souples fr\u00e9quemment touch\u00e9es, des comptoirs aux canap\u00e9s, vous pouvez compter sur Lysol pour tuer les bact\u00e9ries. Ce produit en a\u00e9rosol \u00e9limine les odeurs et tue 99,9 % des moisissures et des virus sur la plupart des surfaces domestiques. Assainit les surfaces souples et d\u00e9sodorise l\u2019air. \u00c9limine les odeurs \u00e0 la source. Fabriqu\u00e9 au Canada. Senteur cascade de printemps.<br>\nUnit\u00e9 de mesure : 12\/539G<\/p>\n<\/body>","protected":false},"excerpt":{"rendered":"<p>Le d\u00e9sinfectant en a\u00e9rosol Lysol aide \u00e0 prot\u00e9ger votre famille et \u00e0 la garder en bonne sant\u00e9. Les produits Lysol sont con\u00e7us pour offrir une protection contre les germes et peuvent tuer 99,99 % des virus et des bact\u00e9ries sur les surfaces dures, lorsqu\u2019ils sont utilis\u00e9s conform\u00e9ment aux instructions. Ils tuent les virus du rhume [&hellip;]<\/p>\n","protected":false},"featured_media":25186,"comment_status":"closed","ping_status":"open","template":"","meta":{"_et_pb_use_builder":"","_et_pb_old_content":"","_et_gb_content_width":""},"product_brand":[],"product_cat":[12708],"product_tag":[13960,13703,13618],"class_list":{"0":"post-28477","1":"product","2":"type-product","3":"status-publish","4":"has-post-thumbnail","6":"product_cat-desinfectants","7":"product_tag-desinfectants","8":"product_tag-desinfectants-et-assainisseurs","9":"product_tag-produits-chimiques","10":"pa_country-of-origin-united-states","11":"pa_is-hazardous-material-non","12":"pa_product-colour-bleu","14":"first","15":"instock","16":"taxable","17":"shipping-taxable","18":"purchasable","19":"product-type-simple"},"yoast_head":"<!-- This site is optimized with the Yoast SEO plugin v27.5 - https:\/\/yoast.com\/product\/yoast-seo-wordpress\/ -->\n<title>D\u00e9sinfectant en a\u00e9rosol lysol, cascade de printemps, 539 g &#8211; Chemi-3 Inc.<\/title>\n<meta name=\"robots\" content=\"index, follow, max-snippet:-1, max-image-preview:large, max-video-preview:-1\" \/>\n<link rel=\"canonical\" href=\"https:\/\/chemi-3.com\/fr\/product\/desinfectant-en-aerosol-lysol-cascade-de-printemps-539-g\/\" \/>\n<meta property=\"og:locale\" content=\"fr_CA\" \/>\n<meta property=\"og:type\" content=\"article\" \/>\n<meta property=\"og:title\" content=\"D\u00e9sinfectant en a\u00e9rosol lysol, cascade de printemps, 539 g &#8211; Chemi-3 Inc.\" \/>\n<meta property=\"og:description\" content=\"Le d\u00e9sinfectant en a\u00e9rosol Lysol aide \u00e0 prot\u00e9ger votre famille et \u00e0 la garder en bonne sant\u00e9. Les produits Lysol sont con\u00e7us pour offrir une protection contre les germes et peuvent tuer 99,99 % des virus et des bact\u00e9ries sur les surfaces dures, lorsqu\u2019ils sont utilis\u00e9s conform\u00e9ment aux instructions. Ils tuent les virus du rhume [&hellip;]\" \/>\n<meta property=\"og:url\" content=\"https:\/\/chemi-3.com\/fr\/product\/desinfectant-en-aerosol-lysol-cascade-de-printemps-539-g\/\" \/>\n<meta property=\"og:site_name\" content=\"Chemi-3 Inc.\" \/>\n<meta property=\"article:publisher\" content=\"https:\/\/www.facebook.com\/chemi3inc\/\" \/>\n<meta property=\"article:modified_time\" content=\"2021-11-05T17:11:25+00:00\" \/>\n<meta property=\"og:image\" content=\"https:\/\/chemi-3.com\/wp-content\/uploads\/2021\/11\/58340233-20210421011345-1.jpg\" \/>\n\t<meta property=\"og:image:width\" content=\"900\" \/>\n\t<meta property=\"og:image:height\" content=\"900\" \/>\n\t<meta property=\"og:image:type\" content=\"image\/jpeg\" \/>\n<meta name=\"twitter:card\" content=\"summary_large_image\" \/>\n<meta name=\"twitter:site\" content=\"@chemi3inc\" \/>\n<meta name=\"twitter:label1\" content=\"Estimation du temps de lecture\" \/>\n\t<meta name=\"twitter:data1\" content=\"1 minute\" \/>\n<script type=\"application\/ld+json\" class=\"yoast-schema-graph\">{\"@context\":\"https:\\\/\\\/schema.org\",\"@graph\":[{\"@type\":[\"WebPage\",\"ItemPage\"],\"@id\":\"https:\\\/\\\/chemi-3.com\\\/fr\\\/product\\\/desinfectant-en-aerosol-lysol-cascade-de-printemps-539-g\\\/\",\"url\":\"https:\\\/\\\/chemi-3.com\\\/fr\\\/product\\\/desinfectant-en-aerosol-lysol-cascade-de-printemps-539-g\\\/\",\"name\":\"D\u00e9sinfectant en a\u00e9rosol lysol, cascade de printemps, 539 g &#8211; Chemi-3 Inc.\",\"isPartOf\":{\"@id\":\"https:\\\/\\\/chemi-3.com\\\/fr\\\/#website\"},\"primaryImageOfPage\":{\"@id\":\"https:\\\/\\\/chemi-3.com\\\/fr\\\/product\\\/desinfectant-en-aerosol-lysol-cascade-de-printemps-539-g\\\/#primaryimage\"},\"image\":{\"@id\":\"https:\\\/\\\/chemi-3.com\\\/fr\\\/product\\\/desinfectant-en-aerosol-lysol-cascade-de-printemps-539-g\\\/#primaryimage\"},\"thumbnailUrl\":\"https:\\\/\\\/chemi-3.com\\\/wp-content\\\/uploads\\\/2021\\\/11\\\/58340233-20210421011345-1.jpg\",\"datePublished\":\"2021-11-05T17:11:09+00:00\",\"dateModified\":\"2021-11-05T17:11:25+00:00\",\"breadcrumb\":{\"@id\":\"https:\\\/\\\/chemi-3.com\\\/fr\\\/product\\\/desinfectant-en-aerosol-lysol-cascade-de-printemps-539-g\\\/#breadcrumb\"},\"inLanguage\":\"fr-CA\",\"potentialAction\":[{\"@type\":\"ReadAction\",\"target\":[\"https:\\\/\\\/chemi-3.com\\\/fr\\\/product\\\/desinfectant-en-aerosol-lysol-cascade-de-printemps-539-g\\\/\"]}]},{\"@type\":\"ImageObject\",\"inLanguage\":\"fr-CA\",\"@id\":\"https:\\\/\\\/chemi-3.com\\\/fr\\\/product\\\/desinfectant-en-aerosol-lysol-cascade-de-printemps-539-g\\\/#primaryimage\",\"url\":\"https:\\\/\\\/chemi-3.com\\\/wp-content\\\/uploads\\\/2021\\\/11\\\/58340233-20210421011345-1.jpg\",\"contentUrl\":\"https:\\\/\\\/chemi-3.com\\\/wp-content\\\/uploads\\\/2021\\\/11\\\/58340233-20210421011345-1.jpg\",\"width\":900,\"height\":900,\"caption\":\"Disinfectant Spray Spring Waterfall\"},{\"@type\":\"BreadcrumbList\",\"@id\":\"https:\\\/\\\/chemi-3.com\\\/fr\\\/product\\\/desinfectant-en-aerosol-lysol-cascade-de-printemps-539-g\\\/#breadcrumb\",\"itemListElement\":[{\"@type\":\"ListItem\",\"position\":1,\"name\":\"Home\",\"item\":\"https:\\\/\\\/chemi-3.com\\\/fr\\\/\"},{\"@type\":\"ListItem\",\"position\":2,\"name\":\"Produits\",\"item\":\"https:\\\/\\\/chemi-3.com\\\/fr\\\/shop\\\/\"},{\"@type\":\"ListItem\",\"position\":3,\"name\":\"D\u00e9sinfectant en a\u00e9rosol lysol, cascade de printemps, 539 g\"}]},{\"@type\":\"WebSite\",\"@id\":\"https:\\\/\\\/chemi-3.com\\\/fr\\\/#website\",\"url\":\"https:\\\/\\\/chemi-3.com\\\/fr\\\/\",\"name\":\"Chemi-3 Inc.\",\"description\":\"Montreal&#039;s premier distributor of janitorial, sanitary and commercial products.\",\"publisher\":{\"@id\":\"https:\\\/\\\/chemi-3.com\\\/fr\\\/#organization\"},\"potentialAction\":[{\"@type\":\"SearchAction\",\"target\":{\"@type\":\"EntryPoint\",\"urlTemplate\":\"https:\\\/\\\/chemi-3.com\\\/fr\\\/?s={search_term_string}\"},\"query-input\":{\"@type\":\"PropertyValueSpecification\",\"valueRequired\":true,\"valueName\":\"search_term_string\"}}],\"inLanguage\":\"fr-CA\"},{\"@type\":\"Organization\",\"@id\":\"https:\\\/\\\/chemi-3.com\\\/fr\\\/#organization\",\"name\":\"Chemi-3 Industries Inc.\",\"url\":\"https:\\\/\\\/chemi-3.com\\\/fr\\\/\",\"logo\":{\"@type\":\"ImageObject\",\"inLanguage\":\"fr-CA\",\"@id\":\"https:\\\/\\\/chemi-3.com\\\/fr\\\/#\\\/schema\\\/logo\\\/image\\\/\",\"url\":\"http:\\\/\\\/chemi-3.com\\\/wp-content\\\/uploads\\\/2021\\\/09\\\/Chemi3_logo_transparent_highres.png\",\"contentUrl\":\"http:\\\/\\\/chemi-3.com\\\/wp-content\\\/uploads\\\/2021\\\/09\\\/Chemi3_logo_transparent_highres.png\",\"width\":1000,\"height\":387,\"caption\":\"Chemi-3 Industries Inc.\"},\"image\":{\"@id\":\"https:\\\/\\\/chemi-3.com\\\/fr\\\/#\\\/schema\\\/logo\\\/image\\\/\"},\"sameAs\":[\"https:\\\/\\\/www.facebook.com\\\/chemi3inc\\\/\",\"https:\\\/\\\/x.com\\\/chemi3inc\",\"https:\\\/\\\/www.instagram.com\\\/chemi3inc\\\/\",\"https:\\\/\\\/www.linkedin.com\\\/company\\\/chemi3inc\"]}]}<\/script>\n<!-- \/ Yoast SEO plugin. -->","yoast_head_json":{"title":"D\u00e9sinfectant en a\u00e9rosol lysol, cascade de printemps, 539 g &#8211; Chemi-3 Inc.","robots":{"index":"index","follow":"follow","max-snippet":"max-snippet:-1","max-image-preview":"max-image-preview:large","max-video-preview":"max-video-preview:-1"},"canonical":"https:\/\/chemi-3.com\/fr\/product\/desinfectant-en-aerosol-lysol-cascade-de-printemps-539-g\/","og_locale":"fr_CA","og_type":"article","og_title":"D\u00e9sinfectant en a\u00e9rosol lysol, cascade de printemps, 539 g &#8211; Chemi-3 Inc.","og_description":"Le d\u00e9sinfectant en a\u00e9rosol Lysol aide \u00e0 prot\u00e9ger votre famille et \u00e0 la garder en bonne sant\u00e9. Les produits Lysol sont con\u00e7us pour offrir une protection contre les germes et peuvent tuer 99,99 % des virus et des bact\u00e9ries sur les surfaces dures, lorsqu\u2019ils sont utilis\u00e9s conform\u00e9ment aux instructions. Ils tuent les virus du rhume [&hellip;]","og_url":"https:\/\/chemi-3.com\/fr\/product\/desinfectant-en-aerosol-lysol-cascade-de-printemps-539-g\/","og_site_name":"Chemi-3 Inc.","article_publisher":"https:\/\/www.facebook.com\/chemi3inc\/","article_modified_time":"2021-11-05T17:11:25+00:00","og_image":[{"width":900,"height":900,"url":"https:\/\/chemi-3.com\/wp-content\/uploads\/2021\/11\/58340233-20210421011345-1.jpg","type":"image\/jpeg"}],"twitter_card":"summary_large_image","twitter_site":"@chemi3inc","twitter_misc":{"Estimation du temps de lecture":"1 minute"},"schema":{"@context":"https:\/\/schema.org","@graph":[{"@type":["WebPage","ItemPage"],"@id":"https:\/\/chemi-3.com\/fr\/product\/desinfectant-en-aerosol-lysol-cascade-de-printemps-539-g\/","url":"https:\/\/chemi-3.com\/fr\/product\/desinfectant-en-aerosol-lysol-cascade-de-printemps-539-g\/","name":"D\u00e9sinfectant en a\u00e9rosol lysol, cascade de printemps, 539 g &#8211; Chemi-3 Inc.","isPartOf":{"@id":"https:\/\/chemi-3.com\/fr\/#website"},"primaryImageOfPage":{"@id":"https:\/\/chemi-3.com\/fr\/product\/desinfectant-en-aerosol-lysol-cascade-de-printemps-539-g\/#primaryimage"},"image":{"@id":"https:\/\/chemi-3.com\/fr\/product\/desinfectant-en-aerosol-lysol-cascade-de-printemps-539-g\/#primaryimage"},"thumbnailUrl":"https:\/\/chemi-3.com\/wp-content\/uploads\/2021\/11\/58340233-20210421011345-1.jpg","datePublished":"2021-11-05T17:11:09+00:00","dateModified":"2021-11-05T17:11:25+00:00","breadcrumb":{"@id":"https:\/\/chemi-3.com\/fr\/product\/desinfectant-en-aerosol-lysol-cascade-de-printemps-539-g\/#breadcrumb"},"inLanguage":"fr-CA","potentialAction":[{"@type":"ReadAction","target":["https:\/\/chemi-3.com\/fr\/product\/desinfectant-en-aerosol-lysol-cascade-de-printemps-539-g\/"]}]},{"@type":"ImageObject","inLanguage":"fr-CA","@id":"https:\/\/chemi-3.com\/fr\/product\/desinfectant-en-aerosol-lysol-cascade-de-printemps-539-g\/#primaryimage","url":"https:\/\/chemi-3.com\/wp-content\/uploads\/2021\/11\/58340233-20210421011345-1.jpg","contentUrl":"https:\/\/chemi-3.com\/wp-content\/uploads\/2021\/11\/58340233-20210421011345-1.jpg","width":900,"height":900,"caption":"Disinfectant Spray Spring Waterfall"},{"@type":"BreadcrumbList","@id":"https:\/\/chemi-3.com\/fr\/product\/desinfectant-en-aerosol-lysol-cascade-de-printemps-539-g\/#breadcrumb","itemListElement":[{"@type":"ListItem","position":1,"name":"Home","item":"https:\/\/chemi-3.com\/fr\/"},{"@type":"ListItem","position":2,"name":"Produits","item":"https:\/\/chemi-3.com\/fr\/shop\/"},{"@type":"ListItem","position":3,"name":"D\u00e9sinfectant en a\u00e9rosol lysol, cascade de printemps, 539 g"}]},{"@type":"WebSite","@id":"https:\/\/chemi-3.com\/fr\/#website","url":"https:\/\/chemi-3.com\/fr\/","name":"Chemi-3 Inc.","description":"Montreal&#039;s premier distributor of janitorial, sanitary and commercial products.","publisher":{"@id":"https:\/\/chemi-3.com\/fr\/#organization"},"potentialAction":[{"@type":"SearchAction","target":{"@type":"EntryPoint","urlTemplate":"https:\/\/chemi-3.com\/fr\/?s={search_term_string}"},"query-input":{"@type":"PropertyValueSpecification","valueRequired":true,"valueName":"search_term_string"}}],"inLanguage":"fr-CA"},{"@type":"Organization","@id":"https:\/\/chemi-3.com\/fr\/#organization","name":"Chemi-3 Industries Inc.","url":"https:\/\/chemi-3.com\/fr\/","logo":{"@type":"ImageObject","inLanguage":"fr-CA","@id":"https:\/\/chemi-3.com\/fr\/#\/schema\/logo\/image\/","url":"http:\/\/chemi-3.com\/wp-content\/uploads\/2021\/09\/Chemi3_logo_transparent_highres.png","contentUrl":"http:\/\/chemi-3.com\/wp-content\/uploads\/2021\/09\/Chemi3_logo_transparent_highres.png","width":1000,"height":387,"caption":"Chemi-3 Industries Inc."},"image":{"@id":"https:\/\/chemi-3.com\/fr\/#\/schema\/logo\/image\/"},"sameAs":["https:\/\/www.facebook.com\/chemi3inc\/","https:\/\/x.com\/chemi3inc","https:\/\/www.instagram.com\/chemi3inc\/","https:\/\/www.linkedin.com\/company\/chemi3inc"]}]}},"_links":{"self":[{"href":"https:\/\/chemi-3.com\/fr\/wp-json\/wp\/v2\/product\/28477","targetHints":{"allow":["GET"]}}],"collection":[{"href":"https:\/\/chemi-3.com\/fr\/wp-json\/wp\/v2\/product"}],"about":[{"href":"https:\/\/chemi-3.com\/fr\/wp-json\/wp\/v2\/types\/product"}],"replies":[{"embeddable":true,"href":"https:\/\/chemi-3.com\/fr\/wp-json\/wp\/v2\/comments?post=28477"}],"wp:featuredmedia":[{"embeddable":true,"href":"https:\/\/chemi-3.com\/fr\/wp-json\/wp\/v2\/media\/25186"}],"wp:attachment":[{"href":"https:\/\/chemi-3.com\/fr\/wp-json\/wp\/v2\/media?parent=28477"}],"wp:term":[{"taxonomy":"product_brand","embeddable":true,"href":"https:\/\/chemi-3.com\/fr\/wp-json\/wp\/v2\/product_brand?post=28477"},{"taxonomy":"product_cat","embeddable":true,"href":"https:\/\/chemi-3.com\/fr\/wp-json\/wp\/v2\/product_cat?post=28477"},{"taxonomy":"product_tag","embeddable":true,"href":"https:\/\/chemi-3.com\/fr\/wp-json\/wp\/v2\/product_tag?post=28477"}],"curies":[{"name":"wp","href":"https:\/\/api.w.org\/{rel}","templated":true}]}}