{"id":28481,"date":"2021-11-05T13:11:09","date_gmt":"2021-11-05T17:11:09","guid":{"rendered":"https:\/\/chemi-3.com\/product\/nettoyantdegraissantdesinfectant-a-usage-intensif-spray-nine\/"},"modified":"2021-11-05T13:11:28","modified_gmt":"2021-11-05T17:11:28","slug":"nettoyantdegraissantdesinfectant-a-usage-intensif-spray-nine","status":"publish","type":"product","link":"https:\/\/chemi-3.com\/fr\/product\/nettoyantdegraissantdesinfectant-a-usage-intensif-spray-nine\/","title":{"rendered":"Nettoyant+d\u00e9graissant+d\u00e9sinfectant \u00e0 usage intensif spray nine\u00ae."},"content":{"rendered":"<body><p>Le nettoyant\/d\u00e9sinfectant multi-usages Spray Nine est le seul nettoyant automobile professionnel qui d\u00e9sinfecte et d\u00e9sodorise \u00e9galement. Il nettoie les pneus, les roues, les pare-chocs, les int\u00e9rieurs, les moquettes, les rembourrages, le vinyle, le caoutchouc et plus encore. Il \u00e9limine la graisse, la poussi\u00e8re de frein, le film routier, la crasse, le goudron, le crayon, l\u2019encre, la fum\u00e9e, le rouge \u00e0 l\u00e8vres et plus encore. D\u00e9sinfecte en 45 secondes, non abrasif, ininflammable. Excellent d\u00e9tachant pour le linge \u2013 nettoie \u00e9galement votre laveuse et votre s\u00e9cheuse. Nettoie les d\u00e9versements et les taches sur les tapis, \u00e9limine l\u2019accumulation normale de salet\u00e9, m\u00eame les taches d\u2019herbe. Nettoie les peintures latex et acryliques fra\u00eeches, \u00e9limine les anciennes peintures latex. Nettoie et d\u00e9sinfecte les surfaces dures et non poreuses des garages, des ateliers, des poubelles et des conteneurs \u00e0 d\u00e9chets. Nettoie les accidents d\u2019animaux domestiques, les taches d\u2019empreintes digitales ou pour enlever le papier peint. Disponible en format de recharge en vrac pour plus d\u2019\u00e9conomie et pour s\u2019attaquer aux tr\u00e8s gros travaux.<br>\nUnit\u00e9 de mesure : 12\/946ML<\/p>\n<\/body>","protected":false},"excerpt":{"rendered":"<p>Le nettoyant\/d\u00e9sinfectant multi-usages Spray Nine est le seul nettoyant automobile professionnel qui d\u00e9sinfecte et d\u00e9sodorise \u00e9galement. Il nettoie les pneus, les roues, les pare-chocs, les int\u00e9rieurs, les moquettes, les rembourrages, le vinyle, le caoutchouc et plus encore. Il \u00e9limine la graisse, la poussi\u00e8re de frein, le film routier, la crasse, le goudron, le crayon, l\u2019encre, [&hellip;]<\/p>\n","protected":false},"featured_media":25192,"comment_status":"closed","ping_status":"open","template":"","meta":{"_et_pb_use_builder":"","_et_pb_old_content":"","_et_gb_content_width":""},"product_brand":[],"product_cat":[12708],"product_tag":[13960,13703,13618],"class_list":{"0":"post-28481","1":"product","2":"type-product","3":"status-publish","4":"has-post-thumbnail","6":"product_cat-desinfectants","7":"product_tag-desinfectants","8":"product_tag-desinfectants-et-assainisseurs","9":"product_tag-produits-chimiques","10":"pa_country-of-origin-united-states","11":"pa_is-hazardous-material-non","12":"pa_product-colour-clair","14":"first","15":"instock","16":"taxable","17":"shipping-taxable","18":"purchasable","19":"product-type-simple"},"yoast_head":"<!-- This site is optimized with the Yoast SEO plugin v27.5 - https:\/\/yoast.com\/product\/yoast-seo-wordpress\/ -->\n<title>Nettoyant+d\u00e9graissant+d\u00e9sinfectant \u00e0 usage intensif spray nine\u00ae. &#8211; Chemi-3 Inc.<\/title>\n<meta name=\"robots\" content=\"index, follow, max-snippet:-1, max-image-preview:large, max-video-preview:-1\" \/>\n<link rel=\"canonical\" href=\"https:\/\/chemi-3.com\/fr\/product\/nettoyantdegraissantdesinfectant-a-usage-intensif-spray-nine\/\" \/>\n<meta property=\"og:locale\" content=\"fr_CA\" \/>\n<meta property=\"og:type\" content=\"article\" \/>\n<meta property=\"og:title\" content=\"Nettoyant+d\u00e9graissant+d\u00e9sinfectant \u00e0 usage intensif spray nine\u00ae. &#8211; Chemi-3 Inc.\" \/>\n<meta property=\"og:description\" content=\"Le nettoyant\/d\u00e9sinfectant multi-usages Spray Nine est le seul nettoyant automobile professionnel qui d\u00e9sinfecte et d\u00e9sodorise \u00e9galement. Il nettoie les pneus, les roues, les pare-chocs, les int\u00e9rieurs, les moquettes, les rembourrages, le vinyle, le caoutchouc et plus encore. Il \u00e9limine la graisse, la poussi\u00e8re de frein, le film routier, la crasse, le goudron, le crayon, l\u2019encre, [&hellip;]\" \/>\n<meta property=\"og:url\" content=\"https:\/\/chemi-3.com\/fr\/product\/nettoyantdegraissantdesinfectant-a-usage-intensif-spray-nine\/\" \/>\n<meta property=\"og:site_name\" content=\"Chemi-3 Inc.\" \/>\n<meta property=\"article:publisher\" content=\"https:\/\/www.facebook.com\/chemi3inc\/\" \/>\n<meta property=\"article:modified_time\" content=\"2021-11-05T17:11:28+00:00\" \/>\n<meta property=\"og:image\" content=\"https:\/\/chemi-3.com\/wp-content\/uploads\/2021\/11\/a3446832-20210421011345-1.jpg\" \/>\n\t<meta property=\"og:image:width\" content=\"205\" \/>\n\t<meta property=\"og:image:height\" content=\"459\" \/>\n\t<meta property=\"og:image:type\" content=\"image\/jpeg\" \/>\n<meta name=\"twitter:card\" content=\"summary_large_image\" \/>\n<meta name=\"twitter:site\" content=\"@chemi3inc\" \/>\n<meta name=\"twitter:label1\" content=\"Estimation du temps de lecture\" \/>\n\t<meta name=\"twitter:data1\" content=\"1 minute\" \/>\n<script type=\"application\/ld+json\" class=\"yoast-schema-graph\">{\"@context\":\"https:\\\/\\\/schema.org\",\"@graph\":[{\"@type\":[\"WebPage\",\"ItemPage\"],\"@id\":\"https:\\\/\\\/chemi-3.com\\\/fr\\\/product\\\/nettoyantdegraissantdesinfectant-a-usage-intensif-spray-nine\\\/\",\"url\":\"https:\\\/\\\/chemi-3.com\\\/fr\\\/product\\\/nettoyantdegraissantdesinfectant-a-usage-intensif-spray-nine\\\/\",\"name\":\"Nettoyant+d\u00e9graissant+d\u00e9sinfectant \u00e0 usage intensif spray nine\u00ae. &#8211; Chemi-3 Inc.\",\"isPartOf\":{\"@id\":\"https:\\\/\\\/chemi-3.com\\\/fr\\\/#website\"},\"primaryImageOfPage\":{\"@id\":\"https:\\\/\\\/chemi-3.com\\\/fr\\\/product\\\/nettoyantdegraissantdesinfectant-a-usage-intensif-spray-nine\\\/#primaryimage\"},\"image\":{\"@id\":\"https:\\\/\\\/chemi-3.com\\\/fr\\\/product\\\/nettoyantdegraissantdesinfectant-a-usage-intensif-spray-nine\\\/#primaryimage\"},\"thumbnailUrl\":\"https:\\\/\\\/chemi-3.com\\\/wp-content\\\/uploads\\\/2021\\\/11\\\/a3446832-20210421011345-1.jpg\",\"datePublished\":\"2021-11-05T17:11:09+00:00\",\"dateModified\":\"2021-11-05T17:11:28+00:00\",\"breadcrumb\":{\"@id\":\"https:\\\/\\\/chemi-3.com\\\/fr\\\/product\\\/nettoyantdegraissantdesinfectant-a-usage-intensif-spray-nine\\\/#breadcrumb\"},\"inLanguage\":\"fr-CA\",\"potentialAction\":[{\"@type\":\"ReadAction\",\"target\":[\"https:\\\/\\\/chemi-3.com\\\/fr\\\/product\\\/nettoyantdegraissantdesinfectant-a-usage-intensif-spray-nine\\\/\"]}]},{\"@type\":\"ImageObject\",\"inLanguage\":\"fr-CA\",\"@id\":\"https:\\\/\\\/chemi-3.com\\\/fr\\\/product\\\/nettoyantdegraissantdesinfectant-a-usage-intensif-spray-nine\\\/#primaryimage\",\"url\":\"https:\\\/\\\/chemi-3.com\\\/wp-content\\\/uploads\\\/2021\\\/11\\\/a3446832-20210421011345-1.jpg\",\"contentUrl\":\"https:\\\/\\\/chemi-3.com\\\/wp-content\\\/uploads\\\/2021\\\/11\\\/a3446832-20210421011345-1.jpg\",\"width\":205,\"height\":459,\"caption\":\"Spray Nine\u00ae Multi-Purpose Cleaner\\\/Disinfectant\"},{\"@type\":\"BreadcrumbList\",\"@id\":\"https:\\\/\\\/chemi-3.com\\\/fr\\\/product\\\/nettoyantdegraissantdesinfectant-a-usage-intensif-spray-nine\\\/#breadcrumb\",\"itemListElement\":[{\"@type\":\"ListItem\",\"position\":1,\"name\":\"Home\",\"item\":\"https:\\\/\\\/chemi-3.com\\\/fr\\\/\"},{\"@type\":\"ListItem\",\"position\":2,\"name\":\"Produits\",\"item\":\"https:\\\/\\\/chemi-3.com\\\/fr\\\/shop\\\/\"},{\"@type\":\"ListItem\",\"position\":3,\"name\":\"Nettoyant+d\u00e9graissant+d\u00e9sinfectant \u00e0 usage intensif spray nine\u00ae.\"}]},{\"@type\":\"WebSite\",\"@id\":\"https:\\\/\\\/chemi-3.com\\\/fr\\\/#website\",\"url\":\"https:\\\/\\\/chemi-3.com\\\/fr\\\/\",\"name\":\"Chemi-3 Inc.\",\"description\":\"Montreal&#039;s premier distributor of janitorial, sanitary and commercial products.\",\"publisher\":{\"@id\":\"https:\\\/\\\/chemi-3.com\\\/fr\\\/#organization\"},\"potentialAction\":[{\"@type\":\"SearchAction\",\"target\":{\"@type\":\"EntryPoint\",\"urlTemplate\":\"https:\\\/\\\/chemi-3.com\\\/fr\\\/?s={search_term_string}\"},\"query-input\":{\"@type\":\"PropertyValueSpecification\",\"valueRequired\":true,\"valueName\":\"search_term_string\"}}],\"inLanguage\":\"fr-CA\"},{\"@type\":\"Organization\",\"@id\":\"https:\\\/\\\/chemi-3.com\\\/fr\\\/#organization\",\"name\":\"Chemi-3 Industries Inc.\",\"url\":\"https:\\\/\\\/chemi-3.com\\\/fr\\\/\",\"logo\":{\"@type\":\"ImageObject\",\"inLanguage\":\"fr-CA\",\"@id\":\"https:\\\/\\\/chemi-3.com\\\/fr\\\/#\\\/schema\\\/logo\\\/image\\\/\",\"url\":\"http:\\\/\\\/chemi-3.com\\\/wp-content\\\/uploads\\\/2021\\\/09\\\/Chemi3_logo_transparent_highres.png\",\"contentUrl\":\"http:\\\/\\\/chemi-3.com\\\/wp-content\\\/uploads\\\/2021\\\/09\\\/Chemi3_logo_transparent_highres.png\",\"width\":1000,\"height\":387,\"caption\":\"Chemi-3 Industries Inc.\"},\"image\":{\"@id\":\"https:\\\/\\\/chemi-3.com\\\/fr\\\/#\\\/schema\\\/logo\\\/image\\\/\"},\"sameAs\":[\"https:\\\/\\\/www.facebook.com\\\/chemi3inc\\\/\",\"https:\\\/\\\/x.com\\\/chemi3inc\",\"https:\\\/\\\/www.instagram.com\\\/chemi3inc\\\/\",\"https:\\\/\\\/www.linkedin.com\\\/company\\\/chemi3inc\"]}]}<\/script>\n<!-- \/ Yoast SEO plugin. -->","yoast_head_json":{"title":"Nettoyant+d\u00e9graissant+d\u00e9sinfectant \u00e0 usage intensif spray nine\u00ae. &#8211; Chemi-3 Inc.","robots":{"index":"index","follow":"follow","max-snippet":"max-snippet:-1","max-image-preview":"max-image-preview:large","max-video-preview":"max-video-preview:-1"},"canonical":"https:\/\/chemi-3.com\/fr\/product\/nettoyantdegraissantdesinfectant-a-usage-intensif-spray-nine\/","og_locale":"fr_CA","og_type":"article","og_title":"Nettoyant+d\u00e9graissant+d\u00e9sinfectant \u00e0 usage intensif spray nine\u00ae. &#8211; Chemi-3 Inc.","og_description":"Le nettoyant\/d\u00e9sinfectant multi-usages Spray Nine est le seul nettoyant automobile professionnel qui d\u00e9sinfecte et d\u00e9sodorise \u00e9galement. Il nettoie les pneus, les roues, les pare-chocs, les int\u00e9rieurs, les moquettes, les rembourrages, le vinyle, le caoutchouc et plus encore. Il \u00e9limine la graisse, la poussi\u00e8re de frein, le film routier, la crasse, le goudron, le crayon, l\u2019encre, [&hellip;]","og_url":"https:\/\/chemi-3.com\/fr\/product\/nettoyantdegraissantdesinfectant-a-usage-intensif-spray-nine\/","og_site_name":"Chemi-3 Inc.","article_publisher":"https:\/\/www.facebook.com\/chemi3inc\/","article_modified_time":"2021-11-05T17:11:28+00:00","og_image":[{"width":205,"height":459,"url":"https:\/\/chemi-3.com\/wp-content\/uploads\/2021\/11\/a3446832-20210421011345-1.jpg","type":"image\/jpeg"}],"twitter_card":"summary_large_image","twitter_site":"@chemi3inc","twitter_misc":{"Estimation du temps de lecture":"1 minute"},"schema":{"@context":"https:\/\/schema.org","@graph":[{"@type":["WebPage","ItemPage"],"@id":"https:\/\/chemi-3.com\/fr\/product\/nettoyantdegraissantdesinfectant-a-usage-intensif-spray-nine\/","url":"https:\/\/chemi-3.com\/fr\/product\/nettoyantdegraissantdesinfectant-a-usage-intensif-spray-nine\/","name":"Nettoyant+d\u00e9graissant+d\u00e9sinfectant \u00e0 usage intensif spray nine\u00ae. &#8211; Chemi-3 Inc.","isPartOf":{"@id":"https:\/\/chemi-3.com\/fr\/#website"},"primaryImageOfPage":{"@id":"https:\/\/chemi-3.com\/fr\/product\/nettoyantdegraissantdesinfectant-a-usage-intensif-spray-nine\/#primaryimage"},"image":{"@id":"https:\/\/chemi-3.com\/fr\/product\/nettoyantdegraissantdesinfectant-a-usage-intensif-spray-nine\/#primaryimage"},"thumbnailUrl":"https:\/\/chemi-3.com\/wp-content\/uploads\/2021\/11\/a3446832-20210421011345-1.jpg","datePublished":"2021-11-05T17:11:09+00:00","dateModified":"2021-11-05T17:11:28+00:00","breadcrumb":{"@id":"https:\/\/chemi-3.com\/fr\/product\/nettoyantdegraissantdesinfectant-a-usage-intensif-spray-nine\/#breadcrumb"},"inLanguage":"fr-CA","potentialAction":[{"@type":"ReadAction","target":["https:\/\/chemi-3.com\/fr\/product\/nettoyantdegraissantdesinfectant-a-usage-intensif-spray-nine\/"]}]},{"@type":"ImageObject","inLanguage":"fr-CA","@id":"https:\/\/chemi-3.com\/fr\/product\/nettoyantdegraissantdesinfectant-a-usage-intensif-spray-nine\/#primaryimage","url":"https:\/\/chemi-3.com\/wp-content\/uploads\/2021\/11\/a3446832-20210421011345-1.jpg","contentUrl":"https:\/\/chemi-3.com\/wp-content\/uploads\/2021\/11\/a3446832-20210421011345-1.jpg","width":205,"height":459,"caption":"Spray Nine\u00ae Multi-Purpose Cleaner\/Disinfectant"},{"@type":"BreadcrumbList","@id":"https:\/\/chemi-3.com\/fr\/product\/nettoyantdegraissantdesinfectant-a-usage-intensif-spray-nine\/#breadcrumb","itemListElement":[{"@type":"ListItem","position":1,"name":"Home","item":"https:\/\/chemi-3.com\/fr\/"},{"@type":"ListItem","position":2,"name":"Produits","item":"https:\/\/chemi-3.com\/fr\/shop\/"},{"@type":"ListItem","position":3,"name":"Nettoyant+d\u00e9graissant+d\u00e9sinfectant \u00e0 usage intensif spray nine\u00ae."}]},{"@type":"WebSite","@id":"https:\/\/chemi-3.com\/fr\/#website","url":"https:\/\/chemi-3.com\/fr\/","name":"Chemi-3 Inc.","description":"Montreal&#039;s premier distributor of janitorial, sanitary and commercial products.","publisher":{"@id":"https:\/\/chemi-3.com\/fr\/#organization"},"potentialAction":[{"@type":"SearchAction","target":{"@type":"EntryPoint","urlTemplate":"https:\/\/chemi-3.com\/fr\/?s={search_term_string}"},"query-input":{"@type":"PropertyValueSpecification","valueRequired":true,"valueName":"search_term_string"}}],"inLanguage":"fr-CA"},{"@type":"Organization","@id":"https:\/\/chemi-3.com\/fr\/#organization","name":"Chemi-3 Industries Inc.","url":"https:\/\/chemi-3.com\/fr\/","logo":{"@type":"ImageObject","inLanguage":"fr-CA","@id":"https:\/\/chemi-3.com\/fr\/#\/schema\/logo\/image\/","url":"http:\/\/chemi-3.com\/wp-content\/uploads\/2021\/09\/Chemi3_logo_transparent_highres.png","contentUrl":"http:\/\/chemi-3.com\/wp-content\/uploads\/2021\/09\/Chemi3_logo_transparent_highres.png","width":1000,"height":387,"caption":"Chemi-3 Industries Inc."},"image":{"@id":"https:\/\/chemi-3.com\/fr\/#\/schema\/logo\/image\/"},"sameAs":["https:\/\/www.facebook.com\/chemi3inc\/","https:\/\/x.com\/chemi3inc","https:\/\/www.instagram.com\/chemi3inc\/","https:\/\/www.linkedin.com\/company\/chemi3inc"]}]}},"_links":{"self":[{"href":"https:\/\/chemi-3.com\/fr\/wp-json\/wp\/v2\/product\/28481","targetHints":{"allow":["GET"]}}],"collection":[{"href":"https:\/\/chemi-3.com\/fr\/wp-json\/wp\/v2\/product"}],"about":[{"href":"https:\/\/chemi-3.com\/fr\/wp-json\/wp\/v2\/types\/product"}],"replies":[{"embeddable":true,"href":"https:\/\/chemi-3.com\/fr\/wp-json\/wp\/v2\/comments?post=28481"}],"wp:featuredmedia":[{"embeddable":true,"href":"https:\/\/chemi-3.com\/fr\/wp-json\/wp\/v2\/media\/25192"}],"wp:attachment":[{"href":"https:\/\/chemi-3.com\/fr\/wp-json\/wp\/v2\/media?parent=28481"}],"wp:term":[{"taxonomy":"product_brand","embeddable":true,"href":"https:\/\/chemi-3.com\/fr\/wp-json\/wp\/v2\/product_brand?post=28481"},{"taxonomy":"product_cat","embeddable":true,"href":"https:\/\/chemi-3.com\/fr\/wp-json\/wp\/v2\/product_cat?post=28481"},{"taxonomy":"product_tag","embeddable":true,"href":"https:\/\/chemi-3.com\/fr\/wp-json\/wp\/v2\/product_tag?post=28481"}],"curies":[{"name":"wp","href":"https:\/\/api.w.org\/{rel}","templated":true}]}}