{"id":28522,"date":"2021-11-05T13:11:56","date_gmt":"2021-11-05T17:11:56","guid":{"rendered":"https:\/\/chemi-3.com\/product\/detergent-liquide-a-vaisselle-antibacterien-dawn-fleurs-de-pommier-532-ml\/"},"modified":"2021-11-05T13:11:57","modified_gmt":"2021-11-05T17:11:57","slug":"detergent-liquide-a-vaisselle-antibacterien-dawn-fleurs-de-pommier-532-ml","status":"publish","type":"product","link":"https:\/\/chemi-3.com\/fr\/product\/detergent-liquide-a-vaisselle-antibacterien-dawn-fleurs-de-pommier-532-ml\/","title":{"rendered":"D\u00e9tergent liquide \u00e0 vaisselle antibact\u00e9rien dawn, fleurs de pommier, 532 ml"},"content":{"rendered":"<body><p>Vous pensez que tous les d\u00e9tergents \u00e0 vaisselle sont les m\u00eames ? D\u00e9trompez-vous. Dawn Ultra a un pouvoir d\u00e9graissant 2X plus puissant*, ce qui vous permet de faire plus de vaisselle avec moins de produit. Peu importe ce que vous avez \u00e0 cuisiner, le liquide \u00e0 vaisselle Dawn laissera votre vaisselle impeccablement propre \u00e0 chaque fois (*ingr\u00e9dients nettoyants par goutte par rapport \u00e0 Dawn non concentr\u00e9). Contient 2X PLUS de pouvoir d\u00e9graissant (ingr\u00e9dients nettoyants par goutte par rapport \u00e0 la marque la plus vendue). La NOUVELLE formule plus puissante vous permet de laver plus de vaisselle avec moins de d\u00e9tergent \u00e0 vaisselle. Contient 2X PLUS de pouvoir d\u00e9graissant (ingr\u00e9dients nettoyants par goutte par rapport \u00e0 la marque la plus vendue). Inspirez l\u2019ar\u00f4me irr\u00e9sistiblement parfum\u00e9 des fleurs de pommier.<br>\nUnit\u00e9 de mesure : 10\/532-ML<\/p>\n<\/body>","protected":false},"excerpt":{"rendered":"<p>Vous pensez que tous les d\u00e9tergents \u00e0 vaisselle sont les m\u00eames ? D\u00e9trompez-vous. Dawn Ultra a un pouvoir d\u00e9graissant 2X plus puissant*, ce qui vous permet de faire plus de vaisselle avec moins de produit. Peu importe ce que vous avez \u00e0 cuisiner, le liquide \u00e0 vaisselle Dawn laissera votre vaisselle impeccablement propre \u00e0 chaque [&hellip;]<\/p>\n","protected":false},"featured_media":25252,"comment_status":"closed","ping_status":"open","template":"","meta":{"_et_pb_use_builder":"","_et_pb_old_content":"","_et_gb_content_width":""},"product_brand":[],"product_cat":[12715],"product_tag":[13701,13963,13618],"class_list":{"0":"post-28522","1":"product","2":"type-product","3":"status-publish","4":"has-post-thumbnail","6":"product_cat-lave-vaisselle-manuel","7":"product_tag-detergents-a-lessive-et-a-vaisselle","8":"product_tag-lave-vaisselle-manuel","9":"product_tag-produits-chimiques","10":"pa_country-of-origin-united-states","11":"pa_is-hazardous-material-non","12":"pa_product-colour-vert","13":"pa_product-material-liquid-2","15":"first","16":"instock","17":"taxable","18":"shipping-taxable","19":"purchasable","20":"product-type-simple"},"yoast_head":"<!-- This site is optimized with the Yoast SEO plugin v27.4 - https:\/\/yoast.com\/product\/yoast-seo-wordpress\/ -->\n<title>D\u00e9tergent liquide \u00e0 vaisselle antibact\u00e9rien dawn, fleurs de pommier, 532 ml &#8211; Chemi-3 Inc.<\/title>\n<meta name=\"robots\" content=\"index, follow, max-snippet:-1, max-image-preview:large, max-video-preview:-1\" \/>\n<link rel=\"canonical\" href=\"https:\/\/chemi-3.com\/fr\/product\/detergent-liquide-a-vaisselle-antibacterien-dawn-fleurs-de-pommier-532-ml\/\" \/>\n<meta property=\"og:locale\" content=\"fr_CA\" \/>\n<meta property=\"og:type\" content=\"article\" \/>\n<meta property=\"og:title\" content=\"D\u00e9tergent liquide \u00e0 vaisselle antibact\u00e9rien dawn, fleurs de pommier, 532 ml &#8211; Chemi-3 Inc.\" \/>\n<meta property=\"og:description\" content=\"Vous pensez que tous les d\u00e9tergents \u00e0 vaisselle sont les m\u00eames ? D\u00e9trompez-vous. Dawn Ultra a un pouvoir d\u00e9graissant 2X plus puissant*, ce qui vous permet de faire plus de vaisselle avec moins de produit. Peu importe ce que vous avez \u00e0 cuisiner, le liquide \u00e0 vaisselle Dawn laissera votre vaisselle impeccablement propre \u00e0 chaque [&hellip;]\" \/>\n<meta property=\"og:url\" content=\"https:\/\/chemi-3.com\/fr\/product\/detergent-liquide-a-vaisselle-antibacterien-dawn-fleurs-de-pommier-532-ml\/\" \/>\n<meta property=\"og:site_name\" content=\"Chemi-3 Inc.\" \/>\n<meta property=\"article:publisher\" content=\"https:\/\/www.facebook.com\/chemi3inc\/\" \/>\n<meta property=\"article:modified_time\" content=\"2021-11-05T17:11:57+00:00\" \/>\n<meta property=\"og:image\" content=\"https:\/\/chemi-3.com\/wp-content\/uploads\/2021\/11\/16900726-20210421011345-1.jpg\" \/>\n\t<meta property=\"og:image:width\" content=\"900\" \/>\n\t<meta property=\"og:image:height\" content=\"900\" \/>\n\t<meta property=\"og:image:type\" content=\"image\/jpeg\" \/>\n<meta name=\"twitter:card\" content=\"summary_large_image\" \/>\n<meta name=\"twitter:site\" content=\"@chemi3inc\" \/>\n<meta name=\"twitter:label1\" content=\"Estimation du temps de lecture\" \/>\n\t<meta name=\"twitter:data1\" content=\"1 minute\" \/>\n<script type=\"application\/ld+json\" class=\"yoast-schema-graph\">{\"@context\":\"https:\\\/\\\/schema.org\",\"@graph\":[{\"@type\":[\"WebPage\",\"ItemPage\"],\"@id\":\"https:\\\/\\\/chemi-3.com\\\/fr\\\/product\\\/detergent-liquide-a-vaisselle-antibacterien-dawn-fleurs-de-pommier-532-ml\\\/\",\"url\":\"https:\\\/\\\/chemi-3.com\\\/fr\\\/product\\\/detergent-liquide-a-vaisselle-antibacterien-dawn-fleurs-de-pommier-532-ml\\\/\",\"name\":\"D\u00e9tergent liquide \u00e0 vaisselle antibact\u00e9rien dawn, fleurs de pommier, 532 ml &#8211; Chemi-3 Inc.\",\"isPartOf\":{\"@id\":\"https:\\\/\\\/chemi-3.com\\\/fr\\\/#website\"},\"primaryImageOfPage\":{\"@id\":\"https:\\\/\\\/chemi-3.com\\\/fr\\\/product\\\/detergent-liquide-a-vaisselle-antibacterien-dawn-fleurs-de-pommier-532-ml\\\/#primaryimage\"},\"image\":{\"@id\":\"https:\\\/\\\/chemi-3.com\\\/fr\\\/product\\\/detergent-liquide-a-vaisselle-antibacterien-dawn-fleurs-de-pommier-532-ml\\\/#primaryimage\"},\"thumbnailUrl\":\"https:\\\/\\\/chemi-3.com\\\/wp-content\\\/uploads\\\/2021\\\/11\\\/16900726-20210421011345-1.jpg\",\"datePublished\":\"2021-11-05T17:11:56+00:00\",\"dateModified\":\"2021-11-05T17:11:57+00:00\",\"breadcrumb\":{\"@id\":\"https:\\\/\\\/chemi-3.com\\\/fr\\\/product\\\/detergent-liquide-a-vaisselle-antibacterien-dawn-fleurs-de-pommier-532-ml\\\/#breadcrumb\"},\"inLanguage\":\"fr-CA\",\"potentialAction\":[{\"@type\":\"ReadAction\",\"target\":[\"https:\\\/\\\/chemi-3.com\\\/fr\\\/product\\\/detergent-liquide-a-vaisselle-antibacterien-dawn-fleurs-de-pommier-532-ml\\\/\"]}]},{\"@type\":\"ImageObject\",\"inLanguage\":\"fr-CA\",\"@id\":\"https:\\\/\\\/chemi-3.com\\\/fr\\\/product\\\/detergent-liquide-a-vaisselle-antibacterien-dawn-fleurs-de-pommier-532-ml\\\/#primaryimage\",\"url\":\"https:\\\/\\\/chemi-3.com\\\/wp-content\\\/uploads\\\/2021\\\/11\\\/16900726-20210421011345-1.jpg\",\"contentUrl\":\"https:\\\/\\\/chemi-3.com\\\/wp-content\\\/uploads\\\/2021\\\/11\\\/16900726-20210421011345-1.jpg\",\"width\":900,\"height\":900,\"caption\":\"Dawn\u00ae Ultra Dishwashing Liquid\"},{\"@type\":\"BreadcrumbList\",\"@id\":\"https:\\\/\\\/chemi-3.com\\\/fr\\\/product\\\/detergent-liquide-a-vaisselle-antibacterien-dawn-fleurs-de-pommier-532-ml\\\/#breadcrumb\",\"itemListElement\":[{\"@type\":\"ListItem\",\"position\":1,\"name\":\"Home\",\"item\":\"https:\\\/\\\/chemi-3.com\\\/fr\\\/\"},{\"@type\":\"ListItem\",\"position\":2,\"name\":\"Produits\",\"item\":\"https:\\\/\\\/chemi-3.com\\\/fr\\\/shop\\\/\"},{\"@type\":\"ListItem\",\"position\":3,\"name\":\"D\u00e9tergent liquide \u00e0 vaisselle antibact\u00e9rien dawn, fleurs de pommier, 532 ml\"}]},{\"@type\":\"WebSite\",\"@id\":\"https:\\\/\\\/chemi-3.com\\\/fr\\\/#website\",\"url\":\"https:\\\/\\\/chemi-3.com\\\/fr\\\/\",\"name\":\"Chemi-3 Inc.\",\"description\":\"Montreal&#039;s premier distributor of janitorial, sanitary and commercial products.\",\"publisher\":{\"@id\":\"https:\\\/\\\/chemi-3.com\\\/fr\\\/#organization\"},\"potentialAction\":[{\"@type\":\"SearchAction\",\"target\":{\"@type\":\"EntryPoint\",\"urlTemplate\":\"https:\\\/\\\/chemi-3.com\\\/fr\\\/?s={search_term_string}\"},\"query-input\":{\"@type\":\"PropertyValueSpecification\",\"valueRequired\":true,\"valueName\":\"search_term_string\"}}],\"inLanguage\":\"fr-CA\"},{\"@type\":\"Organization\",\"@id\":\"https:\\\/\\\/chemi-3.com\\\/fr\\\/#organization\",\"name\":\"Chemi-3 Industries Inc.\",\"url\":\"https:\\\/\\\/chemi-3.com\\\/fr\\\/\",\"logo\":{\"@type\":\"ImageObject\",\"inLanguage\":\"fr-CA\",\"@id\":\"https:\\\/\\\/chemi-3.com\\\/fr\\\/#\\\/schema\\\/logo\\\/image\\\/\",\"url\":\"http:\\\/\\\/chemi-3.com\\\/wp-content\\\/uploads\\\/2021\\\/09\\\/Chemi3_logo_transparent_highres.png\",\"contentUrl\":\"http:\\\/\\\/chemi-3.com\\\/wp-content\\\/uploads\\\/2021\\\/09\\\/Chemi3_logo_transparent_highres.png\",\"width\":1000,\"height\":387,\"caption\":\"Chemi-3 Industries Inc.\"},\"image\":{\"@id\":\"https:\\\/\\\/chemi-3.com\\\/fr\\\/#\\\/schema\\\/logo\\\/image\\\/\"},\"sameAs\":[\"https:\\\/\\\/www.facebook.com\\\/chemi3inc\\\/\",\"https:\\\/\\\/x.com\\\/chemi3inc\",\"https:\\\/\\\/www.instagram.com\\\/chemi3inc\\\/\",\"https:\\\/\\\/www.linkedin.com\\\/company\\\/chemi3inc\"]}]}<\/script>\n<!-- \/ Yoast SEO plugin. -->","yoast_head_json":{"title":"D\u00e9tergent liquide \u00e0 vaisselle antibact\u00e9rien dawn, fleurs de pommier, 532 ml &#8211; Chemi-3 Inc.","robots":{"index":"index","follow":"follow","max-snippet":"max-snippet:-1","max-image-preview":"max-image-preview:large","max-video-preview":"max-video-preview:-1"},"canonical":"https:\/\/chemi-3.com\/fr\/product\/detergent-liquide-a-vaisselle-antibacterien-dawn-fleurs-de-pommier-532-ml\/","og_locale":"fr_CA","og_type":"article","og_title":"D\u00e9tergent liquide \u00e0 vaisselle antibact\u00e9rien dawn, fleurs de pommier, 532 ml &#8211; Chemi-3 Inc.","og_description":"Vous pensez que tous les d\u00e9tergents \u00e0 vaisselle sont les m\u00eames ? D\u00e9trompez-vous. Dawn Ultra a un pouvoir d\u00e9graissant 2X plus puissant*, ce qui vous permet de faire plus de vaisselle avec moins de produit. Peu importe ce que vous avez \u00e0 cuisiner, le liquide \u00e0 vaisselle Dawn laissera votre vaisselle impeccablement propre \u00e0 chaque [&hellip;]","og_url":"https:\/\/chemi-3.com\/fr\/product\/detergent-liquide-a-vaisselle-antibacterien-dawn-fleurs-de-pommier-532-ml\/","og_site_name":"Chemi-3 Inc.","article_publisher":"https:\/\/www.facebook.com\/chemi3inc\/","article_modified_time":"2021-11-05T17:11:57+00:00","og_image":[{"width":900,"height":900,"url":"https:\/\/chemi-3.com\/wp-content\/uploads\/2021\/11\/16900726-20210421011345-1.jpg","type":"image\/jpeg"}],"twitter_card":"summary_large_image","twitter_site":"@chemi3inc","twitter_misc":{"Estimation du temps de lecture":"1 minute"},"schema":{"@context":"https:\/\/schema.org","@graph":[{"@type":["WebPage","ItemPage"],"@id":"https:\/\/chemi-3.com\/fr\/product\/detergent-liquide-a-vaisselle-antibacterien-dawn-fleurs-de-pommier-532-ml\/","url":"https:\/\/chemi-3.com\/fr\/product\/detergent-liquide-a-vaisselle-antibacterien-dawn-fleurs-de-pommier-532-ml\/","name":"D\u00e9tergent liquide \u00e0 vaisselle antibact\u00e9rien dawn, fleurs de pommier, 532 ml &#8211; Chemi-3 Inc.","isPartOf":{"@id":"https:\/\/chemi-3.com\/fr\/#website"},"primaryImageOfPage":{"@id":"https:\/\/chemi-3.com\/fr\/product\/detergent-liquide-a-vaisselle-antibacterien-dawn-fleurs-de-pommier-532-ml\/#primaryimage"},"image":{"@id":"https:\/\/chemi-3.com\/fr\/product\/detergent-liquide-a-vaisselle-antibacterien-dawn-fleurs-de-pommier-532-ml\/#primaryimage"},"thumbnailUrl":"https:\/\/chemi-3.com\/wp-content\/uploads\/2021\/11\/16900726-20210421011345-1.jpg","datePublished":"2021-11-05T17:11:56+00:00","dateModified":"2021-11-05T17:11:57+00:00","breadcrumb":{"@id":"https:\/\/chemi-3.com\/fr\/product\/detergent-liquide-a-vaisselle-antibacterien-dawn-fleurs-de-pommier-532-ml\/#breadcrumb"},"inLanguage":"fr-CA","potentialAction":[{"@type":"ReadAction","target":["https:\/\/chemi-3.com\/fr\/product\/detergent-liquide-a-vaisselle-antibacterien-dawn-fleurs-de-pommier-532-ml\/"]}]},{"@type":"ImageObject","inLanguage":"fr-CA","@id":"https:\/\/chemi-3.com\/fr\/product\/detergent-liquide-a-vaisselle-antibacterien-dawn-fleurs-de-pommier-532-ml\/#primaryimage","url":"https:\/\/chemi-3.com\/wp-content\/uploads\/2021\/11\/16900726-20210421011345-1.jpg","contentUrl":"https:\/\/chemi-3.com\/wp-content\/uploads\/2021\/11\/16900726-20210421011345-1.jpg","width":900,"height":900,"caption":"Dawn\u00ae Ultra Dishwashing Liquid"},{"@type":"BreadcrumbList","@id":"https:\/\/chemi-3.com\/fr\/product\/detergent-liquide-a-vaisselle-antibacterien-dawn-fleurs-de-pommier-532-ml\/#breadcrumb","itemListElement":[{"@type":"ListItem","position":1,"name":"Home","item":"https:\/\/chemi-3.com\/fr\/"},{"@type":"ListItem","position":2,"name":"Produits","item":"https:\/\/chemi-3.com\/fr\/shop\/"},{"@type":"ListItem","position":3,"name":"D\u00e9tergent liquide \u00e0 vaisselle antibact\u00e9rien dawn, fleurs de pommier, 532 ml"}]},{"@type":"WebSite","@id":"https:\/\/chemi-3.com\/fr\/#website","url":"https:\/\/chemi-3.com\/fr\/","name":"Chemi-3 Inc.","description":"Montreal&#039;s premier distributor of janitorial, sanitary and commercial products.","publisher":{"@id":"https:\/\/chemi-3.com\/fr\/#organization"},"potentialAction":[{"@type":"SearchAction","target":{"@type":"EntryPoint","urlTemplate":"https:\/\/chemi-3.com\/fr\/?s={search_term_string}"},"query-input":{"@type":"PropertyValueSpecification","valueRequired":true,"valueName":"search_term_string"}}],"inLanguage":"fr-CA"},{"@type":"Organization","@id":"https:\/\/chemi-3.com\/fr\/#organization","name":"Chemi-3 Industries Inc.","url":"https:\/\/chemi-3.com\/fr\/","logo":{"@type":"ImageObject","inLanguage":"fr-CA","@id":"https:\/\/chemi-3.com\/fr\/#\/schema\/logo\/image\/","url":"http:\/\/chemi-3.com\/wp-content\/uploads\/2021\/09\/Chemi3_logo_transparent_highres.png","contentUrl":"http:\/\/chemi-3.com\/wp-content\/uploads\/2021\/09\/Chemi3_logo_transparent_highres.png","width":1000,"height":387,"caption":"Chemi-3 Industries Inc."},"image":{"@id":"https:\/\/chemi-3.com\/fr\/#\/schema\/logo\/image\/"},"sameAs":["https:\/\/www.facebook.com\/chemi3inc\/","https:\/\/x.com\/chemi3inc","https:\/\/www.instagram.com\/chemi3inc\/","https:\/\/www.linkedin.com\/company\/chemi3inc"]}]}},"_links":{"self":[{"href":"https:\/\/chemi-3.com\/fr\/wp-json\/wp\/v2\/product\/28522","targetHints":{"allow":["GET"]}}],"collection":[{"href":"https:\/\/chemi-3.com\/fr\/wp-json\/wp\/v2\/product"}],"about":[{"href":"https:\/\/chemi-3.com\/fr\/wp-json\/wp\/v2\/types\/product"}],"replies":[{"embeddable":true,"href":"https:\/\/chemi-3.com\/fr\/wp-json\/wp\/v2\/comments?post=28522"}],"wp:featuredmedia":[{"embeddable":true,"href":"https:\/\/chemi-3.com\/fr\/wp-json\/wp\/v2\/media\/25252"}],"wp:attachment":[{"href":"https:\/\/chemi-3.com\/fr\/wp-json\/wp\/v2\/media?parent=28522"}],"wp:term":[{"taxonomy":"product_brand","embeddable":true,"href":"https:\/\/chemi-3.com\/fr\/wp-json\/wp\/v2\/product_brand?post=28522"},{"taxonomy":"product_cat","embeddable":true,"href":"https:\/\/chemi-3.com\/fr\/wp-json\/wp\/v2\/product_cat?post=28522"},{"taxonomy":"product_tag","embeddable":true,"href":"https:\/\/chemi-3.com\/fr\/wp-json\/wp\/v2\/product_tag?post=28522"}],"curies":[{"name":"wp","href":"https:\/\/api.w.org\/{rel}","templated":true}]}}