{"id":28547,"date":"2021-11-05T13:11:56","date_gmt":"2021-11-05T17:11:56","guid":{"rendered":"https:\/\/chemi-3.com\/product\/nettoyant-tout-usage-et-pour-planchers-tide-36-lb-par-boite\/"},"modified":"2021-11-05T13:12:10","modified_gmt":"2021-11-05T17:12:10","slug":"nettoyant-tout-usage-et-pour-planchers-tide-36-lb-par-boite","status":"publish","type":"product","link":"https:\/\/chemi-3.com\/fr\/product\/nettoyant-tout-usage-et-pour-planchers-tide-36-lb-par-boite\/","title":{"rendered":"Nettoyant tout usage et pour planchers tide, 36 lb par bo\u00eete"},"content":{"rendered":"<body><p>Les taux \u00e9lev\u00e9s de surfactants et d\u2019adjuvants font de ce nettoyant un produit puissant pour dissoudre la graisse et les taches tenaces. La formule en poudre facile \u00e0 rincer est id\u00e9ale pour les carreaux de carri\u00e8re, mais peut \u00e9galement \u00eatre employ\u00e9 sur les murs et dans les casseroles. Utilisation : planchers; tout usage; Mat\u00e9riel applicable : fibre de verre, linol\u00e9um, plastique, acier inoxydable, bois; Types de salet\u00e9 : graisse; Parfum : non parfum\u00e9.<br>\nUnit\u00e9 de mesure : 1\/36-LB<\/p>\n<\/body>","protected":false},"excerpt":{"rendered":"<p>Les taux \u00e9lev\u00e9s de surfactants et d\u2019adjuvants font de ce nettoyant un produit puissant pour dissoudre la graisse et les taches tenaces. La formule en poudre facile \u00e0 rincer est id\u00e9ale pour les carreaux de carri\u00e8re, mais peut \u00e9galement \u00eatre employ\u00e9 sur les murs et dans les casseroles. Utilisation : planchers; tout usage; Mat\u00e9riel applicable [&hellip;]<\/p>\n","protected":false},"featured_media":25291,"comment_status":"closed","ping_status":"open","template":"","meta":{"_et_pb_use_builder":"","_et_pb_old_content":"","_et_gb_content_width":""},"product_brand":[],"product_cat":[12711],"product_tag":[13704,13964,13618],"class_list":{"0":"post-28547","1":"product","2":"type-product","3":"status-publish","4":"has-post-thumbnail","6":"product_cat-nettoyants-pour-plancher","7":"product_tag-entretien-des-planchers-et-des-tapis","8":"product_tag-nettoyants-pour-plancher","9":"product_tag-produits-chimiques","10":"pa_country-of-origin-canada-fr","11":"pa_is-hazardous-material-non","12":"pa_product-colour-blanc","14":"first","15":"instock","16":"taxable","17":"shipping-taxable","18":"purchasable","19":"product-type-simple"},"yoast_head":"<!-- This site is optimized with the Yoast SEO plugin v27.5 - https:\/\/yoast.com\/product\/yoast-seo-wordpress\/ -->\n<title>Nettoyant tout usage et pour planchers tide, 36 lb par bo\u00eete &#8211; Chemi-3 Inc.<\/title>\n<meta name=\"robots\" content=\"index, follow, max-snippet:-1, max-image-preview:large, max-video-preview:-1\" \/>\n<link rel=\"canonical\" href=\"https:\/\/chemi-3.com\/fr\/product\/nettoyant-tout-usage-et-pour-planchers-tide-36-lb-par-boite\/\" \/>\n<meta property=\"og:locale\" content=\"fr_CA\" \/>\n<meta property=\"og:type\" content=\"article\" \/>\n<meta property=\"og:title\" content=\"Nettoyant tout usage et pour planchers tide, 36 lb par bo\u00eete &#8211; Chemi-3 Inc.\" \/>\n<meta property=\"og:description\" content=\"Les taux \u00e9lev\u00e9s de surfactants et d\u2019adjuvants font de ce nettoyant un produit puissant pour dissoudre la graisse et les taches tenaces. La formule en poudre facile \u00e0 rincer est id\u00e9ale pour les carreaux de carri\u00e8re, mais peut \u00e9galement \u00eatre employ\u00e9 sur les murs et dans les casseroles. Utilisation : planchers; tout usage; Mat\u00e9riel applicable [&hellip;]\" \/>\n<meta property=\"og:url\" content=\"https:\/\/chemi-3.com\/fr\/product\/nettoyant-tout-usage-et-pour-planchers-tide-36-lb-par-boite\/\" \/>\n<meta property=\"og:site_name\" content=\"Chemi-3 Inc.\" \/>\n<meta property=\"article:publisher\" content=\"https:\/\/www.facebook.com\/chemi3inc\/\" \/>\n<meta property=\"article:modified_time\" content=\"2021-11-05T17:12:10+00:00\" \/>\n<meta property=\"og:image\" content=\"https:\/\/chemi-3.com\/wp-content\/uploads\/2021\/11\/16902364-20210904201749-1.jpg\" \/>\n\t<meta property=\"og:image:width\" content=\"900\" \/>\n\t<meta property=\"og:image:height\" content=\"900\" \/>\n\t<meta property=\"og:image:type\" content=\"image\/jpeg\" \/>\n<meta name=\"twitter:card\" content=\"summary_large_image\" \/>\n<meta name=\"twitter:site\" content=\"@chemi3inc\" \/>\n<script type=\"application\/ld+json\" class=\"yoast-schema-graph\">{\"@context\":\"https:\\\/\\\/schema.org\",\"@graph\":[{\"@type\":[\"WebPage\",\"ItemPage\"],\"@id\":\"https:\\\/\\\/chemi-3.com\\\/fr\\\/product\\\/nettoyant-tout-usage-et-pour-planchers-tide-36-lb-par-boite\\\/\",\"url\":\"https:\\\/\\\/chemi-3.com\\\/fr\\\/product\\\/nettoyant-tout-usage-et-pour-planchers-tide-36-lb-par-boite\\\/\",\"name\":\"Nettoyant tout usage et pour planchers tide, 36 lb par bo\u00eete &#8211; Chemi-3 Inc.\",\"isPartOf\":{\"@id\":\"https:\\\/\\\/chemi-3.com\\\/fr\\\/#website\"},\"primaryImageOfPage\":{\"@id\":\"https:\\\/\\\/chemi-3.com\\\/fr\\\/product\\\/nettoyant-tout-usage-et-pour-planchers-tide-36-lb-par-boite\\\/#primaryimage\"},\"image\":{\"@id\":\"https:\\\/\\\/chemi-3.com\\\/fr\\\/product\\\/nettoyant-tout-usage-et-pour-planchers-tide-36-lb-par-boite\\\/#primaryimage\"},\"thumbnailUrl\":\"https:\\\/\\\/chemi-3.com\\\/wp-content\\\/uploads\\\/2021\\\/11\\\/16902364-20210904201749-1.jpg\",\"datePublished\":\"2021-11-05T17:11:56+00:00\",\"dateModified\":\"2021-11-05T17:12:10+00:00\",\"breadcrumb\":{\"@id\":\"https:\\\/\\\/chemi-3.com\\\/fr\\\/product\\\/nettoyant-tout-usage-et-pour-planchers-tide-36-lb-par-boite\\\/#breadcrumb\"},\"inLanguage\":\"fr-CA\",\"potentialAction\":[{\"@type\":\"ReadAction\",\"target\":[\"https:\\\/\\\/chemi-3.com\\\/fr\\\/product\\\/nettoyant-tout-usage-et-pour-planchers-tide-36-lb-par-boite\\\/\"]}]},{\"@type\":\"ImageObject\",\"inLanguage\":\"fr-CA\",\"@id\":\"https:\\\/\\\/chemi-3.com\\\/fr\\\/product\\\/nettoyant-tout-usage-et-pour-planchers-tide-36-lb-par-boite\\\/#primaryimage\",\"url\":\"https:\\\/\\\/chemi-3.com\\\/wp-content\\\/uploads\\\/2021\\\/11\\\/16902364-20210904201749-1.jpg\",\"contentUrl\":\"https:\\\/\\\/chemi-3.com\\\/wp-content\\\/uploads\\\/2021\\\/11\\\/16902364-20210904201749-1.jpg\",\"width\":900,\"height\":900,\"caption\":\"Tide Floor & All Purpose Cleaner\"},{\"@type\":\"BreadcrumbList\",\"@id\":\"https:\\\/\\\/chemi-3.com\\\/fr\\\/product\\\/nettoyant-tout-usage-et-pour-planchers-tide-36-lb-par-boite\\\/#breadcrumb\",\"itemListElement\":[{\"@type\":\"ListItem\",\"position\":1,\"name\":\"Home\",\"item\":\"https:\\\/\\\/chemi-3.com\\\/fr\\\/\"},{\"@type\":\"ListItem\",\"position\":2,\"name\":\"Produits\",\"item\":\"https:\\\/\\\/chemi-3.com\\\/fr\\\/shop\\\/\"},{\"@type\":\"ListItem\",\"position\":3,\"name\":\"Nettoyant tout usage et pour planchers tide, 36 lb par bo\u00eete\"}]},{\"@type\":\"WebSite\",\"@id\":\"https:\\\/\\\/chemi-3.com\\\/fr\\\/#website\",\"url\":\"https:\\\/\\\/chemi-3.com\\\/fr\\\/\",\"name\":\"Chemi-3 Inc.\",\"description\":\"Montreal&#039;s premier distributor of janitorial, sanitary and commercial products.\",\"publisher\":{\"@id\":\"https:\\\/\\\/chemi-3.com\\\/fr\\\/#organization\"},\"potentialAction\":[{\"@type\":\"SearchAction\",\"target\":{\"@type\":\"EntryPoint\",\"urlTemplate\":\"https:\\\/\\\/chemi-3.com\\\/fr\\\/?s={search_term_string}\"},\"query-input\":{\"@type\":\"PropertyValueSpecification\",\"valueRequired\":true,\"valueName\":\"search_term_string\"}}],\"inLanguage\":\"fr-CA\"},{\"@type\":\"Organization\",\"@id\":\"https:\\\/\\\/chemi-3.com\\\/fr\\\/#organization\",\"name\":\"Chemi-3 Industries Inc.\",\"url\":\"https:\\\/\\\/chemi-3.com\\\/fr\\\/\",\"logo\":{\"@type\":\"ImageObject\",\"inLanguage\":\"fr-CA\",\"@id\":\"https:\\\/\\\/chemi-3.com\\\/fr\\\/#\\\/schema\\\/logo\\\/image\\\/\",\"url\":\"http:\\\/\\\/chemi-3.com\\\/wp-content\\\/uploads\\\/2021\\\/09\\\/Chemi3_logo_transparent_highres.png\",\"contentUrl\":\"http:\\\/\\\/chemi-3.com\\\/wp-content\\\/uploads\\\/2021\\\/09\\\/Chemi3_logo_transparent_highres.png\",\"width\":1000,\"height\":387,\"caption\":\"Chemi-3 Industries Inc.\"},\"image\":{\"@id\":\"https:\\\/\\\/chemi-3.com\\\/fr\\\/#\\\/schema\\\/logo\\\/image\\\/\"},\"sameAs\":[\"https:\\\/\\\/www.facebook.com\\\/chemi3inc\\\/\",\"https:\\\/\\\/x.com\\\/chemi3inc\",\"https:\\\/\\\/www.instagram.com\\\/chemi3inc\\\/\",\"https:\\\/\\\/www.linkedin.com\\\/company\\\/chemi3inc\"]}]}<\/script>\n<!-- \/ Yoast SEO plugin. -->","yoast_head_json":{"title":"Nettoyant tout usage et pour planchers tide, 36 lb par bo\u00eete &#8211; Chemi-3 Inc.","robots":{"index":"index","follow":"follow","max-snippet":"max-snippet:-1","max-image-preview":"max-image-preview:large","max-video-preview":"max-video-preview:-1"},"canonical":"https:\/\/chemi-3.com\/fr\/product\/nettoyant-tout-usage-et-pour-planchers-tide-36-lb-par-boite\/","og_locale":"fr_CA","og_type":"article","og_title":"Nettoyant tout usage et pour planchers tide, 36 lb par bo\u00eete &#8211; Chemi-3 Inc.","og_description":"Les taux \u00e9lev\u00e9s de surfactants et d\u2019adjuvants font de ce nettoyant un produit puissant pour dissoudre la graisse et les taches tenaces. La formule en poudre facile \u00e0 rincer est id\u00e9ale pour les carreaux de carri\u00e8re, mais peut \u00e9galement \u00eatre employ\u00e9 sur les murs et dans les casseroles. Utilisation : planchers; tout usage; Mat\u00e9riel applicable [&hellip;]","og_url":"https:\/\/chemi-3.com\/fr\/product\/nettoyant-tout-usage-et-pour-planchers-tide-36-lb-par-boite\/","og_site_name":"Chemi-3 Inc.","article_publisher":"https:\/\/www.facebook.com\/chemi3inc\/","article_modified_time":"2021-11-05T17:12:10+00:00","og_image":[{"width":900,"height":900,"url":"https:\/\/chemi-3.com\/wp-content\/uploads\/2021\/11\/16902364-20210904201749-1.jpg","type":"image\/jpeg"}],"twitter_card":"summary_large_image","twitter_site":"@chemi3inc","schema":{"@context":"https:\/\/schema.org","@graph":[{"@type":["WebPage","ItemPage"],"@id":"https:\/\/chemi-3.com\/fr\/product\/nettoyant-tout-usage-et-pour-planchers-tide-36-lb-par-boite\/","url":"https:\/\/chemi-3.com\/fr\/product\/nettoyant-tout-usage-et-pour-planchers-tide-36-lb-par-boite\/","name":"Nettoyant tout usage et pour planchers tide, 36 lb par bo\u00eete &#8211; Chemi-3 Inc.","isPartOf":{"@id":"https:\/\/chemi-3.com\/fr\/#website"},"primaryImageOfPage":{"@id":"https:\/\/chemi-3.com\/fr\/product\/nettoyant-tout-usage-et-pour-planchers-tide-36-lb-par-boite\/#primaryimage"},"image":{"@id":"https:\/\/chemi-3.com\/fr\/product\/nettoyant-tout-usage-et-pour-planchers-tide-36-lb-par-boite\/#primaryimage"},"thumbnailUrl":"https:\/\/chemi-3.com\/wp-content\/uploads\/2021\/11\/16902364-20210904201749-1.jpg","datePublished":"2021-11-05T17:11:56+00:00","dateModified":"2021-11-05T17:12:10+00:00","breadcrumb":{"@id":"https:\/\/chemi-3.com\/fr\/product\/nettoyant-tout-usage-et-pour-planchers-tide-36-lb-par-boite\/#breadcrumb"},"inLanguage":"fr-CA","potentialAction":[{"@type":"ReadAction","target":["https:\/\/chemi-3.com\/fr\/product\/nettoyant-tout-usage-et-pour-planchers-tide-36-lb-par-boite\/"]}]},{"@type":"ImageObject","inLanguage":"fr-CA","@id":"https:\/\/chemi-3.com\/fr\/product\/nettoyant-tout-usage-et-pour-planchers-tide-36-lb-par-boite\/#primaryimage","url":"https:\/\/chemi-3.com\/wp-content\/uploads\/2021\/11\/16902364-20210904201749-1.jpg","contentUrl":"https:\/\/chemi-3.com\/wp-content\/uploads\/2021\/11\/16902364-20210904201749-1.jpg","width":900,"height":900,"caption":"Tide Floor & All Purpose Cleaner"},{"@type":"BreadcrumbList","@id":"https:\/\/chemi-3.com\/fr\/product\/nettoyant-tout-usage-et-pour-planchers-tide-36-lb-par-boite\/#breadcrumb","itemListElement":[{"@type":"ListItem","position":1,"name":"Home","item":"https:\/\/chemi-3.com\/fr\/"},{"@type":"ListItem","position":2,"name":"Produits","item":"https:\/\/chemi-3.com\/fr\/shop\/"},{"@type":"ListItem","position":3,"name":"Nettoyant tout usage et pour planchers tide, 36 lb par bo\u00eete"}]},{"@type":"WebSite","@id":"https:\/\/chemi-3.com\/fr\/#website","url":"https:\/\/chemi-3.com\/fr\/","name":"Chemi-3 Inc.","description":"Montreal&#039;s premier distributor of janitorial, sanitary and commercial products.","publisher":{"@id":"https:\/\/chemi-3.com\/fr\/#organization"},"potentialAction":[{"@type":"SearchAction","target":{"@type":"EntryPoint","urlTemplate":"https:\/\/chemi-3.com\/fr\/?s={search_term_string}"},"query-input":{"@type":"PropertyValueSpecification","valueRequired":true,"valueName":"search_term_string"}}],"inLanguage":"fr-CA"},{"@type":"Organization","@id":"https:\/\/chemi-3.com\/fr\/#organization","name":"Chemi-3 Industries Inc.","url":"https:\/\/chemi-3.com\/fr\/","logo":{"@type":"ImageObject","inLanguage":"fr-CA","@id":"https:\/\/chemi-3.com\/fr\/#\/schema\/logo\/image\/","url":"http:\/\/chemi-3.com\/wp-content\/uploads\/2021\/09\/Chemi3_logo_transparent_highres.png","contentUrl":"http:\/\/chemi-3.com\/wp-content\/uploads\/2021\/09\/Chemi3_logo_transparent_highres.png","width":1000,"height":387,"caption":"Chemi-3 Industries Inc."},"image":{"@id":"https:\/\/chemi-3.com\/fr\/#\/schema\/logo\/image\/"},"sameAs":["https:\/\/www.facebook.com\/chemi3inc\/","https:\/\/x.com\/chemi3inc","https:\/\/www.instagram.com\/chemi3inc\/","https:\/\/www.linkedin.com\/company\/chemi3inc"]}]}},"_links":{"self":[{"href":"https:\/\/chemi-3.com\/fr\/wp-json\/wp\/v2\/product\/28547","targetHints":{"allow":["GET"]}}],"collection":[{"href":"https:\/\/chemi-3.com\/fr\/wp-json\/wp\/v2\/product"}],"about":[{"href":"https:\/\/chemi-3.com\/fr\/wp-json\/wp\/v2\/types\/product"}],"replies":[{"embeddable":true,"href":"https:\/\/chemi-3.com\/fr\/wp-json\/wp\/v2\/comments?post=28547"}],"wp:featuredmedia":[{"embeddable":true,"href":"https:\/\/chemi-3.com\/fr\/wp-json\/wp\/v2\/media\/25291"}],"wp:attachment":[{"href":"https:\/\/chemi-3.com\/fr\/wp-json\/wp\/v2\/media?parent=28547"}],"wp:term":[{"taxonomy":"product_brand","embeddable":true,"href":"https:\/\/chemi-3.com\/fr\/wp-json\/wp\/v2\/product_brand?post=28547"},{"taxonomy":"product_cat","embeddable":true,"href":"https:\/\/chemi-3.com\/fr\/wp-json\/wp\/v2\/product_cat?post=28547"},{"taxonomy":"product_tag","embeddable":true,"href":"https:\/\/chemi-3.com\/fr\/wp-json\/wp\/v2\/product_tag?post=28547"}],"curies":[{"name":"wp","href":"https:\/\/api.w.org\/{rel}","templated":true}]}}