{"id":28563,"date":"2021-11-05T13:12:21","date_gmt":"2021-11-05T17:12:21","guid":{"rendered":"https:\/\/chemi-3.com\/product\/gants-en-nitrile-jetables-duraplus-sans-poudre-bleus-grands\/"},"modified":"2021-11-05T13:12:23","modified_gmt":"2021-11-05T17:12:23","slug":"gants-en-nitrile-jetables-duraplus-sans-poudre-bleus-grands","status":"publish","type":"product","link":"https:\/\/chemi-3.com\/fr\/product\/gants-en-nitrile-jetables-duraplus-sans-poudre-bleus-grands\/","title":{"rendered":"Gants en nitrile jetables duraplus\u00ae sans poudre, bleus, grands"},"content":{"rendered":"<body><p>Dura Plus conjugue durabilit\u00e9 et rendement \u00e0 un prix exceptionnel. Ces gants sont offerts en nitrile et en vinyle de qualit\u00e9 sup\u00e9rieure, et ce, dans une gamme de tailles confortables et souples, assurant un ajustement ad\u00e9quat. Essayez les gants Dura Plus. Qualit\u00e9 et rendement \u00e0 un prix exceptionnel.<br>\nUnit\u00e9 de mesure : 10\/BX\/100<\/p>\n<\/body>","protected":false},"excerpt":{"rendered":"<p>Dura Plus conjugue durabilit\u00e9 et rendement \u00e0 un prix exceptionnel. Ces gants sont offerts en nitrile et en vinyle de qualit\u00e9 sup\u00e9rieure, et ce, dans une gamme de tailles confortables et souples, assurant un ajustement ad\u00e9quat. Essayez les gants Dura Plus. Qualit\u00e9 et rendement \u00e0 un prix exceptionnel. Unit\u00e9 de mesure : 10\/BX\/100<\/p>\n","protected":false},"featured_media":25313,"comment_status":"closed","ping_status":"open","template":"","meta":{"_et_pb_use_builder":"","_et_pb_old_content":"","_et_gb_content_width":""},"product_brand":[],"product_cat":[12774],"product_tag":[13968,13702,13619],"class_list":{"0":"post-28563","1":"product","2":"type-product","3":"status-publish","4":"has-post-thumbnail","6":"product_cat-gants-en-nitrile","7":"product_tag-gants-en-nitrile","8":"product_tag-gants-jetables","9":"product_tag-gants-equipement-de-protection-individuel-et-premiers-soins","10":"pa_country-of-origin-canada-fr","11":"pa_is-hazardous-material-non","12":"pa_product-colour-bleu","13":"pa_product-material-nitrile-2","15":"first","16":"instock","17":"taxable","18":"shipping-taxable","19":"purchasable","20":"product-type-simple"},"yoast_head":"<!-- This site is optimized with the Yoast SEO plugin v27.4 - https:\/\/yoast.com\/product\/yoast-seo-wordpress\/ -->\n<title>Gants en nitrile jetables duraplus\u00ae sans poudre, bleus, grands &#8211; Chemi-3 Inc.<\/title>\n<meta name=\"robots\" content=\"index, follow, max-snippet:-1, max-image-preview:large, max-video-preview:-1\" \/>\n<link rel=\"canonical\" href=\"https:\/\/chemi-3.com\/fr\/product\/gants-en-nitrile-jetables-duraplus-sans-poudre-bleus-grands\/\" \/>\n<meta property=\"og:locale\" content=\"fr_CA\" \/>\n<meta property=\"og:type\" content=\"article\" \/>\n<meta property=\"og:title\" content=\"Gants en nitrile jetables duraplus\u00ae sans poudre, bleus, grands &#8211; Chemi-3 Inc.\" \/>\n<meta property=\"og:description\" content=\"Dura Plus conjugue durabilit\u00e9 et rendement \u00e0 un prix exceptionnel. Ces gants sont offerts en nitrile et en vinyle de qualit\u00e9 sup\u00e9rieure, et ce, dans une gamme de tailles confortables et souples, assurant un ajustement ad\u00e9quat. Essayez les gants Dura Plus. Qualit\u00e9 et rendement \u00e0 un prix exceptionnel. Unit\u00e9 de mesure : 10\/BX\/100\" \/>\n<meta property=\"og:url\" content=\"https:\/\/chemi-3.com\/fr\/product\/gants-en-nitrile-jetables-duraplus-sans-poudre-bleus-grands\/\" \/>\n<meta property=\"og:site_name\" content=\"Chemi-3 Inc.\" \/>\n<meta property=\"article:publisher\" content=\"https:\/\/www.facebook.com\/chemi3inc\/\" \/>\n<meta property=\"article:modified_time\" content=\"2021-11-05T17:12:23+00:00\" \/>\n<meta property=\"og:image\" content=\"https:\/\/chemi-3.com\/wp-content\/uploads\/2021\/11\/57760289-20210421011345-1.jpg\" \/>\n\t<meta property=\"og:image:width\" content=\"601\" \/>\n\t<meta property=\"og:image:height\" content=\"1280\" \/>\n\t<meta property=\"og:image:type\" content=\"image\/jpeg\" \/>\n<meta name=\"twitter:card\" content=\"summary_large_image\" \/>\n<meta name=\"twitter:site\" content=\"@chemi3inc\" \/>\n<script type=\"application\/ld+json\" class=\"yoast-schema-graph\">{\"@context\":\"https:\\\/\\\/schema.org\",\"@graph\":[{\"@type\":[\"WebPage\",\"ItemPage\"],\"@id\":\"https:\\\/\\\/chemi-3.com\\\/fr\\\/product\\\/gants-en-nitrile-jetables-duraplus-sans-poudre-bleus-grands\\\/\",\"url\":\"https:\\\/\\\/chemi-3.com\\\/fr\\\/product\\\/gants-en-nitrile-jetables-duraplus-sans-poudre-bleus-grands\\\/\",\"name\":\"Gants en nitrile jetables duraplus\u00ae sans poudre, bleus, grands &#8211; Chemi-3 Inc.\",\"isPartOf\":{\"@id\":\"https:\\\/\\\/chemi-3.com\\\/fr\\\/#website\"},\"primaryImageOfPage\":{\"@id\":\"https:\\\/\\\/chemi-3.com\\\/fr\\\/product\\\/gants-en-nitrile-jetables-duraplus-sans-poudre-bleus-grands\\\/#primaryimage\"},\"image\":{\"@id\":\"https:\\\/\\\/chemi-3.com\\\/fr\\\/product\\\/gants-en-nitrile-jetables-duraplus-sans-poudre-bleus-grands\\\/#primaryimage\"},\"thumbnailUrl\":\"https:\\\/\\\/chemi-3.com\\\/wp-content\\\/uploads\\\/2021\\\/11\\\/57760289-20210421011345-1.jpg\",\"datePublished\":\"2021-11-05T17:12:21+00:00\",\"dateModified\":\"2021-11-05T17:12:23+00:00\",\"breadcrumb\":{\"@id\":\"https:\\\/\\\/chemi-3.com\\\/fr\\\/product\\\/gants-en-nitrile-jetables-duraplus-sans-poudre-bleus-grands\\\/#breadcrumb\"},\"inLanguage\":\"fr-CA\",\"potentialAction\":[{\"@type\":\"ReadAction\",\"target\":[\"https:\\\/\\\/chemi-3.com\\\/fr\\\/product\\\/gants-en-nitrile-jetables-duraplus-sans-poudre-bleus-grands\\\/\"]}]},{\"@type\":\"ImageObject\",\"inLanguage\":\"fr-CA\",\"@id\":\"https:\\\/\\\/chemi-3.com\\\/fr\\\/product\\\/gants-en-nitrile-jetables-duraplus-sans-poudre-bleus-grands\\\/#primaryimage\",\"url\":\"https:\\\/\\\/chemi-3.com\\\/wp-content\\\/uploads\\\/2021\\\/11\\\/57760289-20210421011345-1.jpg\",\"contentUrl\":\"https:\\\/\\\/chemi-3.com\\\/wp-content\\\/uploads\\\/2021\\\/11\\\/57760289-20210421011345-1.jpg\",\"width\":601,\"height\":1280,\"caption\":\"Dp3013Pfl Dura Plus Glove\"},{\"@type\":\"BreadcrumbList\",\"@id\":\"https:\\\/\\\/chemi-3.com\\\/fr\\\/product\\\/gants-en-nitrile-jetables-duraplus-sans-poudre-bleus-grands\\\/#breadcrumb\",\"itemListElement\":[{\"@type\":\"ListItem\",\"position\":1,\"name\":\"Home\",\"item\":\"https:\\\/\\\/chemi-3.com\\\/fr\\\/\"},{\"@type\":\"ListItem\",\"position\":2,\"name\":\"Produits\",\"item\":\"https:\\\/\\\/chemi-3.com\\\/fr\\\/shop\\\/\"},{\"@type\":\"ListItem\",\"position\":3,\"name\":\"Gants en nitrile jetables duraplus\u00ae sans poudre, bleus, grands\"}]},{\"@type\":\"WebSite\",\"@id\":\"https:\\\/\\\/chemi-3.com\\\/fr\\\/#website\",\"url\":\"https:\\\/\\\/chemi-3.com\\\/fr\\\/\",\"name\":\"Chemi-3 Inc.\",\"description\":\"Montreal&#039;s premier distributor of janitorial, sanitary and commercial products.\",\"publisher\":{\"@id\":\"https:\\\/\\\/chemi-3.com\\\/fr\\\/#organization\"},\"potentialAction\":[{\"@type\":\"SearchAction\",\"target\":{\"@type\":\"EntryPoint\",\"urlTemplate\":\"https:\\\/\\\/chemi-3.com\\\/fr\\\/?s={search_term_string}\"},\"query-input\":{\"@type\":\"PropertyValueSpecification\",\"valueRequired\":true,\"valueName\":\"search_term_string\"}}],\"inLanguage\":\"fr-CA\"},{\"@type\":\"Organization\",\"@id\":\"https:\\\/\\\/chemi-3.com\\\/fr\\\/#organization\",\"name\":\"Chemi-3 Industries Inc.\",\"url\":\"https:\\\/\\\/chemi-3.com\\\/fr\\\/\",\"logo\":{\"@type\":\"ImageObject\",\"inLanguage\":\"fr-CA\",\"@id\":\"https:\\\/\\\/chemi-3.com\\\/fr\\\/#\\\/schema\\\/logo\\\/image\\\/\",\"url\":\"http:\\\/\\\/chemi-3.com\\\/wp-content\\\/uploads\\\/2021\\\/09\\\/Chemi3_logo_transparent_highres.png\",\"contentUrl\":\"http:\\\/\\\/chemi-3.com\\\/wp-content\\\/uploads\\\/2021\\\/09\\\/Chemi3_logo_transparent_highres.png\",\"width\":1000,\"height\":387,\"caption\":\"Chemi-3 Industries Inc.\"},\"image\":{\"@id\":\"https:\\\/\\\/chemi-3.com\\\/fr\\\/#\\\/schema\\\/logo\\\/image\\\/\"},\"sameAs\":[\"https:\\\/\\\/www.facebook.com\\\/chemi3inc\\\/\",\"https:\\\/\\\/x.com\\\/chemi3inc\",\"https:\\\/\\\/www.instagram.com\\\/chemi3inc\\\/\",\"https:\\\/\\\/www.linkedin.com\\\/company\\\/chemi3inc\"]}]}<\/script>\n<!-- \/ Yoast SEO plugin. -->","yoast_head_json":{"title":"Gants en nitrile jetables duraplus\u00ae sans poudre, bleus, grands &#8211; Chemi-3 Inc.","robots":{"index":"index","follow":"follow","max-snippet":"max-snippet:-1","max-image-preview":"max-image-preview:large","max-video-preview":"max-video-preview:-1"},"canonical":"https:\/\/chemi-3.com\/fr\/product\/gants-en-nitrile-jetables-duraplus-sans-poudre-bleus-grands\/","og_locale":"fr_CA","og_type":"article","og_title":"Gants en nitrile jetables duraplus\u00ae sans poudre, bleus, grands &#8211; Chemi-3 Inc.","og_description":"Dura Plus conjugue durabilit\u00e9 et rendement \u00e0 un prix exceptionnel. Ces gants sont offerts en nitrile et en vinyle de qualit\u00e9 sup\u00e9rieure, et ce, dans une gamme de tailles confortables et souples, assurant un ajustement ad\u00e9quat. Essayez les gants Dura Plus. Qualit\u00e9 et rendement \u00e0 un prix exceptionnel. Unit\u00e9 de mesure : 10\/BX\/100","og_url":"https:\/\/chemi-3.com\/fr\/product\/gants-en-nitrile-jetables-duraplus-sans-poudre-bleus-grands\/","og_site_name":"Chemi-3 Inc.","article_publisher":"https:\/\/www.facebook.com\/chemi3inc\/","article_modified_time":"2021-11-05T17:12:23+00:00","og_image":[{"width":601,"height":1280,"url":"https:\/\/chemi-3.com\/wp-content\/uploads\/2021\/11\/57760289-20210421011345-1.jpg","type":"image\/jpeg"}],"twitter_card":"summary_large_image","twitter_site":"@chemi3inc","schema":{"@context":"https:\/\/schema.org","@graph":[{"@type":["WebPage","ItemPage"],"@id":"https:\/\/chemi-3.com\/fr\/product\/gants-en-nitrile-jetables-duraplus-sans-poudre-bleus-grands\/","url":"https:\/\/chemi-3.com\/fr\/product\/gants-en-nitrile-jetables-duraplus-sans-poudre-bleus-grands\/","name":"Gants en nitrile jetables duraplus\u00ae sans poudre, bleus, grands &#8211; Chemi-3 Inc.","isPartOf":{"@id":"https:\/\/chemi-3.com\/fr\/#website"},"primaryImageOfPage":{"@id":"https:\/\/chemi-3.com\/fr\/product\/gants-en-nitrile-jetables-duraplus-sans-poudre-bleus-grands\/#primaryimage"},"image":{"@id":"https:\/\/chemi-3.com\/fr\/product\/gants-en-nitrile-jetables-duraplus-sans-poudre-bleus-grands\/#primaryimage"},"thumbnailUrl":"https:\/\/chemi-3.com\/wp-content\/uploads\/2021\/11\/57760289-20210421011345-1.jpg","datePublished":"2021-11-05T17:12:21+00:00","dateModified":"2021-11-05T17:12:23+00:00","breadcrumb":{"@id":"https:\/\/chemi-3.com\/fr\/product\/gants-en-nitrile-jetables-duraplus-sans-poudre-bleus-grands\/#breadcrumb"},"inLanguage":"fr-CA","potentialAction":[{"@type":"ReadAction","target":["https:\/\/chemi-3.com\/fr\/product\/gants-en-nitrile-jetables-duraplus-sans-poudre-bleus-grands\/"]}]},{"@type":"ImageObject","inLanguage":"fr-CA","@id":"https:\/\/chemi-3.com\/fr\/product\/gants-en-nitrile-jetables-duraplus-sans-poudre-bleus-grands\/#primaryimage","url":"https:\/\/chemi-3.com\/wp-content\/uploads\/2021\/11\/57760289-20210421011345-1.jpg","contentUrl":"https:\/\/chemi-3.com\/wp-content\/uploads\/2021\/11\/57760289-20210421011345-1.jpg","width":601,"height":1280,"caption":"Dp3013Pfl Dura Plus Glove"},{"@type":"BreadcrumbList","@id":"https:\/\/chemi-3.com\/fr\/product\/gants-en-nitrile-jetables-duraplus-sans-poudre-bleus-grands\/#breadcrumb","itemListElement":[{"@type":"ListItem","position":1,"name":"Home","item":"https:\/\/chemi-3.com\/fr\/"},{"@type":"ListItem","position":2,"name":"Produits","item":"https:\/\/chemi-3.com\/fr\/shop\/"},{"@type":"ListItem","position":3,"name":"Gants en nitrile jetables duraplus\u00ae sans poudre, bleus, grands"}]},{"@type":"WebSite","@id":"https:\/\/chemi-3.com\/fr\/#website","url":"https:\/\/chemi-3.com\/fr\/","name":"Chemi-3 Inc.","description":"Montreal&#039;s premier distributor of janitorial, sanitary and commercial products.","publisher":{"@id":"https:\/\/chemi-3.com\/fr\/#organization"},"potentialAction":[{"@type":"SearchAction","target":{"@type":"EntryPoint","urlTemplate":"https:\/\/chemi-3.com\/fr\/?s={search_term_string}"},"query-input":{"@type":"PropertyValueSpecification","valueRequired":true,"valueName":"search_term_string"}}],"inLanguage":"fr-CA"},{"@type":"Organization","@id":"https:\/\/chemi-3.com\/fr\/#organization","name":"Chemi-3 Industries Inc.","url":"https:\/\/chemi-3.com\/fr\/","logo":{"@type":"ImageObject","inLanguage":"fr-CA","@id":"https:\/\/chemi-3.com\/fr\/#\/schema\/logo\/image\/","url":"http:\/\/chemi-3.com\/wp-content\/uploads\/2021\/09\/Chemi3_logo_transparent_highres.png","contentUrl":"http:\/\/chemi-3.com\/wp-content\/uploads\/2021\/09\/Chemi3_logo_transparent_highres.png","width":1000,"height":387,"caption":"Chemi-3 Industries Inc."},"image":{"@id":"https:\/\/chemi-3.com\/fr\/#\/schema\/logo\/image\/"},"sameAs":["https:\/\/www.facebook.com\/chemi3inc\/","https:\/\/x.com\/chemi3inc","https:\/\/www.instagram.com\/chemi3inc\/","https:\/\/www.linkedin.com\/company\/chemi3inc"]}]}},"_links":{"self":[{"href":"https:\/\/chemi-3.com\/fr\/wp-json\/wp\/v2\/product\/28563","targetHints":{"allow":["GET"]}}],"collection":[{"href":"https:\/\/chemi-3.com\/fr\/wp-json\/wp\/v2\/product"}],"about":[{"href":"https:\/\/chemi-3.com\/fr\/wp-json\/wp\/v2\/types\/product"}],"replies":[{"embeddable":true,"href":"https:\/\/chemi-3.com\/fr\/wp-json\/wp\/v2\/comments?post=28563"}],"wp:featuredmedia":[{"embeddable":true,"href":"https:\/\/chemi-3.com\/fr\/wp-json\/wp\/v2\/media\/25313"}],"wp:attachment":[{"href":"https:\/\/chemi-3.com\/fr\/wp-json\/wp\/v2\/media?parent=28563"}],"wp:term":[{"taxonomy":"product_brand","embeddable":true,"href":"https:\/\/chemi-3.com\/fr\/wp-json\/wp\/v2\/product_brand?post=28563"},{"taxonomy":"product_cat","embeddable":true,"href":"https:\/\/chemi-3.com\/fr\/wp-json\/wp\/v2\/product_cat?post=28563"},{"taxonomy":"product_tag","embeddable":true,"href":"https:\/\/chemi-3.com\/fr\/wp-json\/wp\/v2\/product_tag?post=28563"}],"curies":[{"name":"wp","href":"https:\/\/api.w.org\/{rel}","templated":true}]}}