{"id":28609,"date":"2021-11-05T13:12:45","date_gmt":"2021-11-05T17:12:45","guid":{"rendered":"https:\/\/chemi-3.com\/product\/gants-de-vinyle-sans-poudre-4-a-49-g-p-transp-100-gants-bte-10-bte-caisse\/"},"modified":"2021-11-05T13:12:50","modified_gmt":"2021-11-05T17:12:50","slug":"gants-de-vinyle-sans-poudre-4-a-49-g-p-transp-100-gants-bte-10-bte-caisse","status":"publish","type":"product","link":"https:\/\/chemi-3.com\/fr\/product\/gants-de-vinyle-sans-poudre-4-a-49-g-p-transp-100-gants-bte-10-bte-caisse\/","title":{"rendered":"Gants de vinyle, sans poudre, 4 \u00e0 4,9\u00a0g, p, transp., 100 gants\/bte, 10 bte\/caisse"},"content":{"rendered":"<body><p>Les gants de vinyle sont durables et confortables et offrent une bonne sensibilit\u00e9 du bout des doigts, ce qui les rend id\u00e9aux pour une foule de travaux l\u00e9gers, dont les services alimentaires et le nettoyage. Les gants sont exempts de poudre.<br>\nUnit\u00e9 de mesure : 1\/CS\/1000<\/p>\n<\/body>","protected":false},"excerpt":{"rendered":"<p>Les gants de vinyle sont durables et confortables et offrent une bonne sensibilit\u00e9 du bout des doigts, ce qui les rend id\u00e9aux pour une foule de travaux l\u00e9gers, dont les services alimentaires et le nettoyage. Les gants sont exempts de poudre. Unit\u00e9 de mesure : 1\/CS\/1000<\/p>\n","protected":false},"featured_media":25380,"comment_status":"closed","ping_status":"open","template":"","meta":{"_et_pb_use_builder":"","_et_pb_old_content":"","_et_gb_content_width":""},"product_brand":[],"product_cat":[12776],"product_tag":[13946,13702,13619],"class_list":{"0":"post-28609","1":"product","2":"type-product","3":"status-publish","4":"has-post-thumbnail","6":"product_cat-gants-en-vinyle","7":"product_tag-gants-en-vinyle","8":"product_tag-gants-jetables","9":"product_tag-gants-equipement-de-protection-individuel-et-premiers-soins","10":"pa_country-of-origin-canada-fr","11":"pa_is-hazardous-material-non","12":"pa_product-colour-clair","13":"pa_product-material-vinyl-2","15":"first","16":"instock","17":"taxable","18":"shipping-taxable","19":"purchasable","20":"product-type-simple"},"yoast_head":"<!-- This site is optimized with the Yoast SEO plugin v27.4 - https:\/\/yoast.com\/product\/yoast-seo-wordpress\/ -->\n<title>Gants de vinyle, sans poudre, 4 \u00e0 4,9\u00a0g, p, transp., 100 gants\/bte, 10 bte\/caisse &#8211; Chemi-3 Inc.<\/title>\n<meta name=\"robots\" content=\"index, follow, max-snippet:-1, max-image-preview:large, max-video-preview:-1\" \/>\n<link rel=\"canonical\" href=\"https:\/\/chemi-3.com\/fr\/product\/gants-de-vinyle-sans-poudre-4-a-49-g-p-transp-100-gants-bte-10-bte-caisse\/\" \/>\n<meta property=\"og:locale\" content=\"fr_CA\" \/>\n<meta property=\"og:type\" content=\"article\" \/>\n<meta property=\"og:title\" content=\"Gants de vinyle, sans poudre, 4 \u00e0 4,9\u00a0g, p, transp., 100 gants\/bte, 10 bte\/caisse &#8211; Chemi-3 Inc.\" \/>\n<meta property=\"og:description\" content=\"Les gants de vinyle sont durables et confortables et offrent une bonne sensibilit\u00e9 du bout des doigts, ce qui les rend id\u00e9aux pour une foule de travaux l\u00e9gers, dont les services alimentaires et le nettoyage. Les gants sont exempts de poudre. Unit\u00e9 de mesure : 1\/CS\/1000\" \/>\n<meta property=\"og:url\" content=\"https:\/\/chemi-3.com\/fr\/product\/gants-de-vinyle-sans-poudre-4-a-49-g-p-transp-100-gants-bte-10-bte-caisse\/\" \/>\n<meta property=\"og:site_name\" content=\"Chemi-3 Inc.\" \/>\n<meta property=\"article:publisher\" content=\"https:\/\/www.facebook.com\/chemi3inc\/\" \/>\n<meta property=\"article:modified_time\" content=\"2021-11-05T17:12:50+00:00\" \/>\n<meta property=\"og:image\" content=\"https:\/\/chemi-3.com\/wp-content\/uploads\/2021\/11\/23630054-20210810032525-1.jpg\" \/>\n\t<meta property=\"og:image:width\" content=\"900\" \/>\n\t<meta property=\"og:image:height\" content=\"900\" \/>\n\t<meta property=\"og:image:type\" content=\"image\/jpeg\" \/>\n<meta name=\"twitter:card\" content=\"summary_large_image\" \/>\n<meta name=\"twitter:site\" content=\"@chemi3inc\" \/>\n<script type=\"application\/ld+json\" class=\"yoast-schema-graph\">{\"@context\":\"https:\\\/\\\/schema.org\",\"@graph\":[{\"@type\":[\"WebPage\",\"ItemPage\"],\"@id\":\"https:\\\/\\\/chemi-3.com\\\/fr\\\/product\\\/gants-de-vinyle-sans-poudre-4-a-49-g-p-transp-100-gants-bte-10-bte-caisse\\\/\",\"url\":\"https:\\\/\\\/chemi-3.com\\\/fr\\\/product\\\/gants-de-vinyle-sans-poudre-4-a-49-g-p-transp-100-gants-bte-10-bte-caisse\\\/\",\"name\":\"Gants de vinyle, sans poudre, 4 \u00e0 4,9\u00a0g, p, transp., 100 gants\\\/bte, 10 bte\\\/caisse &#8211; Chemi-3 Inc.\",\"isPartOf\":{\"@id\":\"https:\\\/\\\/chemi-3.com\\\/fr\\\/#website\"},\"primaryImageOfPage\":{\"@id\":\"https:\\\/\\\/chemi-3.com\\\/fr\\\/product\\\/gants-de-vinyle-sans-poudre-4-a-49-g-p-transp-100-gants-bte-10-bte-caisse\\\/#primaryimage\"},\"image\":{\"@id\":\"https:\\\/\\\/chemi-3.com\\\/fr\\\/product\\\/gants-de-vinyle-sans-poudre-4-a-49-g-p-transp-100-gants-bte-10-bte-caisse\\\/#primaryimage\"},\"thumbnailUrl\":\"https:\\\/\\\/chemi-3.com\\\/wp-content\\\/uploads\\\/2021\\\/11\\\/23630054-20210810032525-1.jpg\",\"datePublished\":\"2021-11-05T17:12:45+00:00\",\"dateModified\":\"2021-11-05T17:12:50+00:00\",\"breadcrumb\":{\"@id\":\"https:\\\/\\\/chemi-3.com\\\/fr\\\/product\\\/gants-de-vinyle-sans-poudre-4-a-49-g-p-transp-100-gants-bte-10-bte-caisse\\\/#breadcrumb\"},\"inLanguage\":\"fr-CA\",\"potentialAction\":[{\"@type\":\"ReadAction\",\"target\":[\"https:\\\/\\\/chemi-3.com\\\/fr\\\/product\\\/gants-de-vinyle-sans-poudre-4-a-49-g-p-transp-100-gants-bte-10-bte-caisse\\\/\"]}]},{\"@type\":\"ImageObject\",\"inLanguage\":\"fr-CA\",\"@id\":\"https:\\\/\\\/chemi-3.com\\\/fr\\\/product\\\/gants-de-vinyle-sans-poudre-4-a-49-g-p-transp-100-gants-bte-10-bte-caisse\\\/#primaryimage\",\"url\":\"https:\\\/\\\/chemi-3.com\\\/wp-content\\\/uploads\\\/2021\\\/11\\\/23630054-20210810032525-1.jpg\",\"contentUrl\":\"https:\\\/\\\/chemi-3.com\\\/wp-content\\\/uploads\\\/2021\\\/11\\\/23630054-20210810032525-1.jpg\",\"width\":900,\"height\":900,\"caption\":\"Osvpfclr40S Glove Vinyl P\\\/F 4-4.9 Gram Sml Clear\"},{\"@type\":\"BreadcrumbList\",\"@id\":\"https:\\\/\\\/chemi-3.com\\\/fr\\\/product\\\/gants-de-vinyle-sans-poudre-4-a-49-g-p-transp-100-gants-bte-10-bte-caisse\\\/#breadcrumb\",\"itemListElement\":[{\"@type\":\"ListItem\",\"position\":1,\"name\":\"Home\",\"item\":\"https:\\\/\\\/chemi-3.com\\\/fr\\\/\"},{\"@type\":\"ListItem\",\"position\":2,\"name\":\"Produits\",\"item\":\"https:\\\/\\\/chemi-3.com\\\/fr\\\/shop\\\/\"},{\"@type\":\"ListItem\",\"position\":3,\"name\":\"Gants de vinyle, sans poudre, 4 \u00e0 4,9\u00a0g, p, transp., 100 gants\\\/bte, 10 bte\\\/caisse\"}]},{\"@type\":\"WebSite\",\"@id\":\"https:\\\/\\\/chemi-3.com\\\/fr\\\/#website\",\"url\":\"https:\\\/\\\/chemi-3.com\\\/fr\\\/\",\"name\":\"Chemi-3 Inc.\",\"description\":\"Montreal&#039;s premier distributor of janitorial, sanitary and commercial products.\",\"publisher\":{\"@id\":\"https:\\\/\\\/chemi-3.com\\\/fr\\\/#organization\"},\"potentialAction\":[{\"@type\":\"SearchAction\",\"target\":{\"@type\":\"EntryPoint\",\"urlTemplate\":\"https:\\\/\\\/chemi-3.com\\\/fr\\\/?s={search_term_string}\"},\"query-input\":{\"@type\":\"PropertyValueSpecification\",\"valueRequired\":true,\"valueName\":\"search_term_string\"}}],\"inLanguage\":\"fr-CA\"},{\"@type\":\"Organization\",\"@id\":\"https:\\\/\\\/chemi-3.com\\\/fr\\\/#organization\",\"name\":\"Chemi-3 Industries Inc.\",\"url\":\"https:\\\/\\\/chemi-3.com\\\/fr\\\/\",\"logo\":{\"@type\":\"ImageObject\",\"inLanguage\":\"fr-CA\",\"@id\":\"https:\\\/\\\/chemi-3.com\\\/fr\\\/#\\\/schema\\\/logo\\\/image\\\/\",\"url\":\"http:\\\/\\\/chemi-3.com\\\/wp-content\\\/uploads\\\/2021\\\/09\\\/Chemi3_logo_transparent_highres.png\",\"contentUrl\":\"http:\\\/\\\/chemi-3.com\\\/wp-content\\\/uploads\\\/2021\\\/09\\\/Chemi3_logo_transparent_highres.png\",\"width\":1000,\"height\":387,\"caption\":\"Chemi-3 Industries Inc.\"},\"image\":{\"@id\":\"https:\\\/\\\/chemi-3.com\\\/fr\\\/#\\\/schema\\\/logo\\\/image\\\/\"},\"sameAs\":[\"https:\\\/\\\/www.facebook.com\\\/chemi3inc\\\/\",\"https:\\\/\\\/x.com\\\/chemi3inc\",\"https:\\\/\\\/www.instagram.com\\\/chemi3inc\\\/\",\"https:\\\/\\\/www.linkedin.com\\\/company\\\/chemi3inc\"]}]}<\/script>\n<!-- \/ Yoast SEO plugin. -->","yoast_head_json":{"title":"Gants de vinyle, sans poudre, 4 \u00e0 4,9\u00a0g, p, transp., 100 gants\/bte, 10 bte\/caisse &#8211; Chemi-3 Inc.","robots":{"index":"index","follow":"follow","max-snippet":"max-snippet:-1","max-image-preview":"max-image-preview:large","max-video-preview":"max-video-preview:-1"},"canonical":"https:\/\/chemi-3.com\/fr\/product\/gants-de-vinyle-sans-poudre-4-a-49-g-p-transp-100-gants-bte-10-bte-caisse\/","og_locale":"fr_CA","og_type":"article","og_title":"Gants de vinyle, sans poudre, 4 \u00e0 4,9\u00a0g, p, transp., 100 gants\/bte, 10 bte\/caisse &#8211; Chemi-3 Inc.","og_description":"Les gants de vinyle sont durables et confortables et offrent une bonne sensibilit\u00e9 du bout des doigts, ce qui les rend id\u00e9aux pour une foule de travaux l\u00e9gers, dont les services alimentaires et le nettoyage. Les gants sont exempts de poudre. Unit\u00e9 de mesure : 1\/CS\/1000","og_url":"https:\/\/chemi-3.com\/fr\/product\/gants-de-vinyle-sans-poudre-4-a-49-g-p-transp-100-gants-bte-10-bte-caisse\/","og_site_name":"Chemi-3 Inc.","article_publisher":"https:\/\/www.facebook.com\/chemi3inc\/","article_modified_time":"2021-11-05T17:12:50+00:00","og_image":[{"width":900,"height":900,"url":"https:\/\/chemi-3.com\/wp-content\/uploads\/2021\/11\/23630054-20210810032525-1.jpg","type":"image\/jpeg"}],"twitter_card":"summary_large_image","twitter_site":"@chemi3inc","schema":{"@context":"https:\/\/schema.org","@graph":[{"@type":["WebPage","ItemPage"],"@id":"https:\/\/chemi-3.com\/fr\/product\/gants-de-vinyle-sans-poudre-4-a-49-g-p-transp-100-gants-bte-10-bte-caisse\/","url":"https:\/\/chemi-3.com\/fr\/product\/gants-de-vinyle-sans-poudre-4-a-49-g-p-transp-100-gants-bte-10-bte-caisse\/","name":"Gants de vinyle, sans poudre, 4 \u00e0 4,9\u00a0g, p, transp., 100 gants\/bte, 10 bte\/caisse &#8211; Chemi-3 Inc.","isPartOf":{"@id":"https:\/\/chemi-3.com\/fr\/#website"},"primaryImageOfPage":{"@id":"https:\/\/chemi-3.com\/fr\/product\/gants-de-vinyle-sans-poudre-4-a-49-g-p-transp-100-gants-bte-10-bte-caisse\/#primaryimage"},"image":{"@id":"https:\/\/chemi-3.com\/fr\/product\/gants-de-vinyle-sans-poudre-4-a-49-g-p-transp-100-gants-bte-10-bte-caisse\/#primaryimage"},"thumbnailUrl":"https:\/\/chemi-3.com\/wp-content\/uploads\/2021\/11\/23630054-20210810032525-1.jpg","datePublished":"2021-11-05T17:12:45+00:00","dateModified":"2021-11-05T17:12:50+00:00","breadcrumb":{"@id":"https:\/\/chemi-3.com\/fr\/product\/gants-de-vinyle-sans-poudre-4-a-49-g-p-transp-100-gants-bte-10-bte-caisse\/#breadcrumb"},"inLanguage":"fr-CA","potentialAction":[{"@type":"ReadAction","target":["https:\/\/chemi-3.com\/fr\/product\/gants-de-vinyle-sans-poudre-4-a-49-g-p-transp-100-gants-bte-10-bte-caisse\/"]}]},{"@type":"ImageObject","inLanguage":"fr-CA","@id":"https:\/\/chemi-3.com\/fr\/product\/gants-de-vinyle-sans-poudre-4-a-49-g-p-transp-100-gants-bte-10-bte-caisse\/#primaryimage","url":"https:\/\/chemi-3.com\/wp-content\/uploads\/2021\/11\/23630054-20210810032525-1.jpg","contentUrl":"https:\/\/chemi-3.com\/wp-content\/uploads\/2021\/11\/23630054-20210810032525-1.jpg","width":900,"height":900,"caption":"Osvpfclr40S Glove Vinyl P\/F 4-4.9 Gram Sml Clear"},{"@type":"BreadcrumbList","@id":"https:\/\/chemi-3.com\/fr\/product\/gants-de-vinyle-sans-poudre-4-a-49-g-p-transp-100-gants-bte-10-bte-caisse\/#breadcrumb","itemListElement":[{"@type":"ListItem","position":1,"name":"Home","item":"https:\/\/chemi-3.com\/fr\/"},{"@type":"ListItem","position":2,"name":"Produits","item":"https:\/\/chemi-3.com\/fr\/shop\/"},{"@type":"ListItem","position":3,"name":"Gants de vinyle, sans poudre, 4 \u00e0 4,9\u00a0g, p, transp., 100 gants\/bte, 10 bte\/caisse"}]},{"@type":"WebSite","@id":"https:\/\/chemi-3.com\/fr\/#website","url":"https:\/\/chemi-3.com\/fr\/","name":"Chemi-3 Inc.","description":"Montreal&#039;s premier distributor of janitorial, sanitary and commercial products.","publisher":{"@id":"https:\/\/chemi-3.com\/fr\/#organization"},"potentialAction":[{"@type":"SearchAction","target":{"@type":"EntryPoint","urlTemplate":"https:\/\/chemi-3.com\/fr\/?s={search_term_string}"},"query-input":{"@type":"PropertyValueSpecification","valueRequired":true,"valueName":"search_term_string"}}],"inLanguage":"fr-CA"},{"@type":"Organization","@id":"https:\/\/chemi-3.com\/fr\/#organization","name":"Chemi-3 Industries Inc.","url":"https:\/\/chemi-3.com\/fr\/","logo":{"@type":"ImageObject","inLanguage":"fr-CA","@id":"https:\/\/chemi-3.com\/fr\/#\/schema\/logo\/image\/","url":"http:\/\/chemi-3.com\/wp-content\/uploads\/2021\/09\/Chemi3_logo_transparent_highres.png","contentUrl":"http:\/\/chemi-3.com\/wp-content\/uploads\/2021\/09\/Chemi3_logo_transparent_highres.png","width":1000,"height":387,"caption":"Chemi-3 Industries Inc."},"image":{"@id":"https:\/\/chemi-3.com\/fr\/#\/schema\/logo\/image\/"},"sameAs":["https:\/\/www.facebook.com\/chemi3inc\/","https:\/\/x.com\/chemi3inc","https:\/\/www.instagram.com\/chemi3inc\/","https:\/\/www.linkedin.com\/company\/chemi3inc"]}]}},"_links":{"self":[{"href":"https:\/\/chemi-3.com\/fr\/wp-json\/wp\/v2\/product\/28609","targetHints":{"allow":["GET"]}}],"collection":[{"href":"https:\/\/chemi-3.com\/fr\/wp-json\/wp\/v2\/product"}],"about":[{"href":"https:\/\/chemi-3.com\/fr\/wp-json\/wp\/v2\/types\/product"}],"replies":[{"embeddable":true,"href":"https:\/\/chemi-3.com\/fr\/wp-json\/wp\/v2\/comments?post=28609"}],"wp:featuredmedia":[{"embeddable":true,"href":"https:\/\/chemi-3.com\/fr\/wp-json\/wp\/v2\/media\/25380"}],"wp:attachment":[{"href":"https:\/\/chemi-3.com\/fr\/wp-json\/wp\/v2\/media?parent=28609"}],"wp:term":[{"taxonomy":"product_brand","embeddable":true,"href":"https:\/\/chemi-3.com\/fr\/wp-json\/wp\/v2\/product_brand?post=28609"},{"taxonomy":"product_cat","embeddable":true,"href":"https:\/\/chemi-3.com\/fr\/wp-json\/wp\/v2\/product_cat?post=28609"},{"taxonomy":"product_tag","embeddable":true,"href":"https:\/\/chemi-3.com\/fr\/wp-json\/wp\/v2\/product_tag?post=28609"}],"curies":[{"name":"wp","href":"https:\/\/api.w.org\/{rel}","templated":true}]}}