{"id":28704,"date":"2021-11-05T13:13:36","date_gmt":"2021-11-05T17:13:36","guid":{"rendered":"https:\/\/chemi-3.com\/product\/gobelet-en-mousse-genpak-de-700-m-7-oz-1-000-caisse\/"},"modified":"2021-11-05T13:13:46","modified_gmt":"2021-11-05T17:13:46","slug":"gobelet-en-mousse-genpak-de-700-m-7-oz-1-000-caisse","status":"publish","type":"product","link":"https:\/\/chemi-3.com\/fr\/product\/gobelet-en-mousse-genpak-de-700-m-7-oz-1-000-caisse\/","title":{"rendered":"Gobelet en mousse genpak de 700 m \u2013 7 oz 1 000\/caisse"},"content":{"rendered":"<body><p>Le gobelet en mousse blanche Genpak 700M \u2013 de 7oz comporte a un fini d\u2019un moule simple. Fait de mousse isolante pour maintenir vos boissons \u00e0 la bonne temp\u00e9rature \u00e0 l\u2019int\u00e9rieur comme \u00e0 l\u2019ext\u00e9rieur; procure confort \u00e0 votre main. Que ce soit du th\u00e9, du caf\u00e9 ou simplement de l\u2019eau glac\u00e9e, la mousse isolante permet de garder vos boissons \u00e0 leur temp\u00e9rature id\u00e9ale. \u2013 Se vend 1 000 par caisse \u2013 gobelet en mousse GENPAK 700M de 7 onces 20 x 50 = 1 000\/caisse<br>\nUnit\u00e9 de mesure : <\/p>\n<\/body>","protected":false},"excerpt":{"rendered":"<p>Le gobelet en mousse blanche Genpak 700M \u2013 de 7oz comporte a un fini d\u2019un moule simple. Fait de mousse isolante pour maintenir vos boissons \u00e0 la bonne temp\u00e9rature \u00e0 l\u2019int\u00e9rieur comme \u00e0 l\u2019ext\u00e9rieur; procure confort \u00e0 votre main. Que ce soit du th\u00e9, du caf\u00e9 ou simplement de l\u2019eau glac\u00e9e, la mousse isolante permet [&hellip;]<\/p>\n","protected":false},"featured_media":25517,"comment_status":"closed","ping_status":"open","template":"","meta":{"_et_pb_use_builder":"","_et_pb_old_content":"","_et_gb_content_width":""},"product_brand":[],"product_cat":[12743],"product_tag":[13984,13713,13620],"class_list":{"0":"post-28704","1":"product","2":"type-product","3":"status-publish","4":"has-post-thumbnail","6":"product_cat-gobelets-en-mousse-et-couvercles","7":"product_tag-gobelets-en-mousse-et-couvercles","8":"product_tag-gobelets-et-couvercles-pour-boissons","9":"product_tag-service-alimentaire","10":"pa_country-of-origin-united-states","11":"pa_environmental-status-recyclable-fr","12":"pa_is-hazardous-material-non","13":"pa_product-colour-blanc","14":"pa_product-material-eps-expanded-polystyrene-foam-2","15":"pa_product-shape-cylindrique","17":"first","18":"instock","19":"taxable","20":"shipping-taxable","21":"purchasable","22":"product-type-simple"},"yoast_head":"<!-- This site is optimized with the Yoast SEO plugin v27.4 - https:\/\/yoast.com\/product\/yoast-seo-wordpress\/ -->\n<title>Gobelet en mousse genpak de 700 m \u2013 7 oz 1 000\/caisse &#8211; Chemi-3 Inc.<\/title>\n<meta name=\"robots\" content=\"index, follow, max-snippet:-1, max-image-preview:large, max-video-preview:-1\" \/>\n<link rel=\"canonical\" href=\"https:\/\/chemi-3.com\/fr\/product\/gobelet-en-mousse-genpak-de-700-m-7-oz-1-000-caisse\/\" \/>\n<meta property=\"og:locale\" content=\"fr_CA\" \/>\n<meta property=\"og:type\" content=\"article\" \/>\n<meta property=\"og:title\" content=\"Gobelet en mousse genpak de 700 m \u2013 7 oz 1 000\/caisse &#8211; Chemi-3 Inc.\" \/>\n<meta property=\"og:description\" content=\"Le gobelet en mousse blanche Genpak 700M \u2013 de 7oz comporte a un fini d\u2019un moule simple. Fait de mousse isolante pour maintenir vos boissons \u00e0 la bonne temp\u00e9rature \u00e0 l\u2019int\u00e9rieur comme \u00e0 l\u2019ext\u00e9rieur; procure confort \u00e0 votre main. Que ce soit du th\u00e9, du caf\u00e9 ou simplement de l\u2019eau glac\u00e9e, la mousse isolante permet [&hellip;]\" \/>\n<meta property=\"og:url\" content=\"https:\/\/chemi-3.com\/fr\/product\/gobelet-en-mousse-genpak-de-700-m-7-oz-1-000-caisse\/\" \/>\n<meta property=\"og:site_name\" content=\"Chemi-3 Inc.\" \/>\n<meta property=\"article:publisher\" content=\"https:\/\/www.facebook.com\/chemi3inc\/\" \/>\n<meta property=\"article:modified_time\" content=\"2021-11-05T17:13:46+00:00\" \/>\n<meta property=\"og:image\" content=\"https:\/\/chemi-3.com\/wp-content\/uploads\/2021\/11\/34783124-1.jpg\" \/>\n\t<meta property=\"og:image:width\" content=\"300\" \/>\n\t<meta property=\"og:image:height\" content=\"363\" \/>\n\t<meta property=\"og:image:type\" content=\"image\/jpeg\" \/>\n<meta name=\"twitter:card\" content=\"summary_large_image\" \/>\n<meta name=\"twitter:site\" content=\"@chemi3inc\" \/>\n<script type=\"application\/ld+json\" class=\"yoast-schema-graph\">{\"@context\":\"https:\\\/\\\/schema.org\",\"@graph\":[{\"@type\":[\"WebPage\",\"ItemPage\"],\"@id\":\"https:\\\/\\\/chemi-3.com\\\/fr\\\/product\\\/gobelet-en-mousse-genpak-de-700-m-7-oz-1-000-caisse\\\/\",\"url\":\"https:\\\/\\\/chemi-3.com\\\/fr\\\/product\\\/gobelet-en-mousse-genpak-de-700-m-7-oz-1-000-caisse\\\/\",\"name\":\"Gobelet en mousse genpak de 700 m \u2013 7 oz 1 000\\\/caisse &#8211; Chemi-3 Inc.\",\"isPartOf\":{\"@id\":\"https:\\\/\\\/chemi-3.com\\\/fr\\\/#website\"},\"primaryImageOfPage\":{\"@id\":\"https:\\\/\\\/chemi-3.com\\\/fr\\\/product\\\/gobelet-en-mousse-genpak-de-700-m-7-oz-1-000-caisse\\\/#primaryimage\"},\"image\":{\"@id\":\"https:\\\/\\\/chemi-3.com\\\/fr\\\/product\\\/gobelet-en-mousse-genpak-de-700-m-7-oz-1-000-caisse\\\/#primaryimage\"},\"thumbnailUrl\":\"https:\\\/\\\/chemi-3.com\\\/wp-content\\\/uploads\\\/2021\\\/11\\\/34783124-1.jpg\",\"datePublished\":\"2021-11-05T17:13:36+00:00\",\"dateModified\":\"2021-11-05T17:13:46+00:00\",\"breadcrumb\":{\"@id\":\"https:\\\/\\\/chemi-3.com\\\/fr\\\/product\\\/gobelet-en-mousse-genpak-de-700-m-7-oz-1-000-caisse\\\/#breadcrumb\"},\"inLanguage\":\"fr-CA\",\"potentialAction\":[{\"@type\":\"ReadAction\",\"target\":[\"https:\\\/\\\/chemi-3.com\\\/fr\\\/product\\\/gobelet-en-mousse-genpak-de-700-m-7-oz-1-000-caisse\\\/\"]}]},{\"@type\":\"ImageObject\",\"inLanguage\":\"fr-CA\",\"@id\":\"https:\\\/\\\/chemi-3.com\\\/fr\\\/product\\\/gobelet-en-mousse-genpak-de-700-m-7-oz-1-000-caisse\\\/#primaryimage\",\"url\":\"https:\\\/\\\/chemi-3.com\\\/wp-content\\\/uploads\\\/2021\\\/11\\\/34783124-1.jpg\",\"contentUrl\":\"https:\\\/\\\/chemi-3.com\\\/wp-content\\\/uploads\\\/2021\\\/11\\\/34783124-1.jpg\",\"width\":300,\"height\":363,\"caption\":\"7 Oz. Foam Drinking Cup\"},{\"@type\":\"BreadcrumbList\",\"@id\":\"https:\\\/\\\/chemi-3.com\\\/fr\\\/product\\\/gobelet-en-mousse-genpak-de-700-m-7-oz-1-000-caisse\\\/#breadcrumb\",\"itemListElement\":[{\"@type\":\"ListItem\",\"position\":1,\"name\":\"Home\",\"item\":\"https:\\\/\\\/chemi-3.com\\\/fr\\\/\"},{\"@type\":\"ListItem\",\"position\":2,\"name\":\"Produits\",\"item\":\"https:\\\/\\\/chemi-3.com\\\/fr\\\/shop\\\/\"},{\"@type\":\"ListItem\",\"position\":3,\"name\":\"Gobelet en mousse genpak de 700 m \u2013 7 oz 1 000\\\/caisse\"}]},{\"@type\":\"WebSite\",\"@id\":\"https:\\\/\\\/chemi-3.com\\\/fr\\\/#website\",\"url\":\"https:\\\/\\\/chemi-3.com\\\/fr\\\/\",\"name\":\"Chemi-3 Inc.\",\"description\":\"Montreal&#039;s premier distributor of janitorial, sanitary and commercial products.\",\"publisher\":{\"@id\":\"https:\\\/\\\/chemi-3.com\\\/fr\\\/#organization\"},\"potentialAction\":[{\"@type\":\"SearchAction\",\"target\":{\"@type\":\"EntryPoint\",\"urlTemplate\":\"https:\\\/\\\/chemi-3.com\\\/fr\\\/?s={search_term_string}\"},\"query-input\":{\"@type\":\"PropertyValueSpecification\",\"valueRequired\":true,\"valueName\":\"search_term_string\"}}],\"inLanguage\":\"fr-CA\"},{\"@type\":\"Organization\",\"@id\":\"https:\\\/\\\/chemi-3.com\\\/fr\\\/#organization\",\"name\":\"Chemi-3 Industries Inc.\",\"url\":\"https:\\\/\\\/chemi-3.com\\\/fr\\\/\",\"logo\":{\"@type\":\"ImageObject\",\"inLanguage\":\"fr-CA\",\"@id\":\"https:\\\/\\\/chemi-3.com\\\/fr\\\/#\\\/schema\\\/logo\\\/image\\\/\",\"url\":\"http:\\\/\\\/chemi-3.com\\\/wp-content\\\/uploads\\\/2021\\\/09\\\/Chemi3_logo_transparent_highres.png\",\"contentUrl\":\"http:\\\/\\\/chemi-3.com\\\/wp-content\\\/uploads\\\/2021\\\/09\\\/Chemi3_logo_transparent_highres.png\",\"width\":1000,\"height\":387,\"caption\":\"Chemi-3 Industries Inc.\"},\"image\":{\"@id\":\"https:\\\/\\\/chemi-3.com\\\/fr\\\/#\\\/schema\\\/logo\\\/image\\\/\"},\"sameAs\":[\"https:\\\/\\\/www.facebook.com\\\/chemi3inc\\\/\",\"https:\\\/\\\/x.com\\\/chemi3inc\",\"https:\\\/\\\/www.instagram.com\\\/chemi3inc\\\/\",\"https:\\\/\\\/www.linkedin.com\\\/company\\\/chemi3inc\"]}]}<\/script>\n<!-- \/ Yoast SEO plugin. -->","yoast_head_json":{"title":"Gobelet en mousse genpak de 700 m \u2013 7 oz 1 000\/caisse &#8211; Chemi-3 Inc.","robots":{"index":"index","follow":"follow","max-snippet":"max-snippet:-1","max-image-preview":"max-image-preview:large","max-video-preview":"max-video-preview:-1"},"canonical":"https:\/\/chemi-3.com\/fr\/product\/gobelet-en-mousse-genpak-de-700-m-7-oz-1-000-caisse\/","og_locale":"fr_CA","og_type":"article","og_title":"Gobelet en mousse genpak de 700 m \u2013 7 oz 1 000\/caisse &#8211; Chemi-3 Inc.","og_description":"Le gobelet en mousse blanche Genpak 700M \u2013 de 7oz comporte a un fini d\u2019un moule simple. Fait de mousse isolante pour maintenir vos boissons \u00e0 la bonne temp\u00e9rature \u00e0 l\u2019int\u00e9rieur comme \u00e0 l\u2019ext\u00e9rieur; procure confort \u00e0 votre main. Que ce soit du th\u00e9, du caf\u00e9 ou simplement de l\u2019eau glac\u00e9e, la mousse isolante permet [&hellip;]","og_url":"https:\/\/chemi-3.com\/fr\/product\/gobelet-en-mousse-genpak-de-700-m-7-oz-1-000-caisse\/","og_site_name":"Chemi-3 Inc.","article_publisher":"https:\/\/www.facebook.com\/chemi3inc\/","article_modified_time":"2021-11-05T17:13:46+00:00","og_image":[{"width":300,"height":363,"url":"https:\/\/chemi-3.com\/wp-content\/uploads\/2021\/11\/34783124-1.jpg","type":"image\/jpeg"}],"twitter_card":"summary_large_image","twitter_site":"@chemi3inc","schema":{"@context":"https:\/\/schema.org","@graph":[{"@type":["WebPage","ItemPage"],"@id":"https:\/\/chemi-3.com\/fr\/product\/gobelet-en-mousse-genpak-de-700-m-7-oz-1-000-caisse\/","url":"https:\/\/chemi-3.com\/fr\/product\/gobelet-en-mousse-genpak-de-700-m-7-oz-1-000-caisse\/","name":"Gobelet en mousse genpak de 700 m \u2013 7 oz 1 000\/caisse &#8211; Chemi-3 Inc.","isPartOf":{"@id":"https:\/\/chemi-3.com\/fr\/#website"},"primaryImageOfPage":{"@id":"https:\/\/chemi-3.com\/fr\/product\/gobelet-en-mousse-genpak-de-700-m-7-oz-1-000-caisse\/#primaryimage"},"image":{"@id":"https:\/\/chemi-3.com\/fr\/product\/gobelet-en-mousse-genpak-de-700-m-7-oz-1-000-caisse\/#primaryimage"},"thumbnailUrl":"https:\/\/chemi-3.com\/wp-content\/uploads\/2021\/11\/34783124-1.jpg","datePublished":"2021-11-05T17:13:36+00:00","dateModified":"2021-11-05T17:13:46+00:00","breadcrumb":{"@id":"https:\/\/chemi-3.com\/fr\/product\/gobelet-en-mousse-genpak-de-700-m-7-oz-1-000-caisse\/#breadcrumb"},"inLanguage":"fr-CA","potentialAction":[{"@type":"ReadAction","target":["https:\/\/chemi-3.com\/fr\/product\/gobelet-en-mousse-genpak-de-700-m-7-oz-1-000-caisse\/"]}]},{"@type":"ImageObject","inLanguage":"fr-CA","@id":"https:\/\/chemi-3.com\/fr\/product\/gobelet-en-mousse-genpak-de-700-m-7-oz-1-000-caisse\/#primaryimage","url":"https:\/\/chemi-3.com\/wp-content\/uploads\/2021\/11\/34783124-1.jpg","contentUrl":"https:\/\/chemi-3.com\/wp-content\/uploads\/2021\/11\/34783124-1.jpg","width":300,"height":363,"caption":"7 Oz. Foam Drinking Cup"},{"@type":"BreadcrumbList","@id":"https:\/\/chemi-3.com\/fr\/product\/gobelet-en-mousse-genpak-de-700-m-7-oz-1-000-caisse\/#breadcrumb","itemListElement":[{"@type":"ListItem","position":1,"name":"Home","item":"https:\/\/chemi-3.com\/fr\/"},{"@type":"ListItem","position":2,"name":"Produits","item":"https:\/\/chemi-3.com\/fr\/shop\/"},{"@type":"ListItem","position":3,"name":"Gobelet en mousse genpak de 700 m \u2013 7 oz 1 000\/caisse"}]},{"@type":"WebSite","@id":"https:\/\/chemi-3.com\/fr\/#website","url":"https:\/\/chemi-3.com\/fr\/","name":"Chemi-3 Inc.","description":"Montreal&#039;s premier distributor of janitorial, sanitary and commercial products.","publisher":{"@id":"https:\/\/chemi-3.com\/fr\/#organization"},"potentialAction":[{"@type":"SearchAction","target":{"@type":"EntryPoint","urlTemplate":"https:\/\/chemi-3.com\/fr\/?s={search_term_string}"},"query-input":{"@type":"PropertyValueSpecification","valueRequired":true,"valueName":"search_term_string"}}],"inLanguage":"fr-CA"},{"@type":"Organization","@id":"https:\/\/chemi-3.com\/fr\/#organization","name":"Chemi-3 Industries Inc.","url":"https:\/\/chemi-3.com\/fr\/","logo":{"@type":"ImageObject","inLanguage":"fr-CA","@id":"https:\/\/chemi-3.com\/fr\/#\/schema\/logo\/image\/","url":"http:\/\/chemi-3.com\/wp-content\/uploads\/2021\/09\/Chemi3_logo_transparent_highres.png","contentUrl":"http:\/\/chemi-3.com\/wp-content\/uploads\/2021\/09\/Chemi3_logo_transparent_highres.png","width":1000,"height":387,"caption":"Chemi-3 Industries Inc."},"image":{"@id":"https:\/\/chemi-3.com\/fr\/#\/schema\/logo\/image\/"},"sameAs":["https:\/\/www.facebook.com\/chemi3inc\/","https:\/\/x.com\/chemi3inc","https:\/\/www.instagram.com\/chemi3inc\/","https:\/\/www.linkedin.com\/company\/chemi3inc"]}]}},"_links":{"self":[{"href":"https:\/\/chemi-3.com\/fr\/wp-json\/wp\/v2\/product\/28704","targetHints":{"allow":["GET"]}}],"collection":[{"href":"https:\/\/chemi-3.com\/fr\/wp-json\/wp\/v2\/product"}],"about":[{"href":"https:\/\/chemi-3.com\/fr\/wp-json\/wp\/v2\/types\/product"}],"replies":[{"embeddable":true,"href":"https:\/\/chemi-3.com\/fr\/wp-json\/wp\/v2\/comments?post=28704"}],"wp:featuredmedia":[{"embeddable":true,"href":"https:\/\/chemi-3.com\/fr\/wp-json\/wp\/v2\/media\/25517"}],"wp:attachment":[{"href":"https:\/\/chemi-3.com\/fr\/wp-json\/wp\/v2\/media?parent=28704"}],"wp:term":[{"taxonomy":"product_brand","embeddable":true,"href":"https:\/\/chemi-3.com\/fr\/wp-json\/wp\/v2\/product_brand?post=28704"},{"taxonomy":"product_cat","embeddable":true,"href":"https:\/\/chemi-3.com\/fr\/wp-json\/wp\/v2\/product_cat?post=28704"},{"taxonomy":"product_tag","embeddable":true,"href":"https:\/\/chemi-3.com\/fr\/wp-json\/wp\/v2\/product_tag?post=28704"}],"curies":[{"name":"wp","href":"https:\/\/api.w.org\/{rel}","templated":true}]}}