{"id":28824,"date":"2021-11-05T13:14:49","date_gmt":"2021-11-05T17:14:49","guid":{"rendered":"https:\/\/chemi-3.com\/product\/distributeurs-de-serviettes-tork-universal-xpressnap-neutres-12-500\/"},"modified":"2021-11-05T13:14:59","modified_gmt":"2021-11-05T17:14:59","slug":"distributeurs-de-serviettes-tork-universal-xpressnap-neutres-12-500","status":"publish","type":"product","link":"https:\/\/chemi-3.com\/fr\/product\/distributeurs-de-serviettes-tork-universal-xpressnap-neutres-12-500\/","title":{"rendered":"Distributeurs de serviettes tork universal xpressnap, neutres, 12\/500"},"content":{"rendered":"<body><p>Les distributeurs de serviettes Tork Universal Xpressnap\u00ae sont parfaits pour les restaurants \u00e0 service rapide. Ce syst\u00e8me vous aidera \u00e0 r\u00e9duire votre consommation de serviettes de 25 % par rapport aux distributeurs de serviettes traditionnels. Les distributeurs de serviettes Tork Xpressnap\u00ae 1 pli, neutres, sont id\u00e9aux pour les \u00e9tablissements \u00e0 forte fr\u00e9quentation qui se soucient du co\u00fbt d\u2019utilisation.<br>\nUnit\u00e9 de mesure : 12\/500<\/p>\n<\/body>","protected":false},"excerpt":{"rendered":"<p>Les distributeurs de serviettes Tork Universal Xpressnap\u00ae sont parfaits pour les restaurants \u00e0 service rapide. Ce syst\u00e8me vous aidera \u00e0 r\u00e9duire votre consommation de serviettes de 25 % par rapport aux distributeurs de serviettes traditionnels. Les distributeurs de serviettes Tork Xpressnap\u00ae 1 pli, neutres, sont id\u00e9aux pour les \u00e9tablissements \u00e0 forte fr\u00e9quentation qui se soucient [&hellip;]<\/p>\n","protected":false},"featured_media":25670,"comment_status":"closed","ping_status":"open","template":"","meta":{"_et_pb_use_builder":"","_et_pb_old_content":"","_et_gb_content_width":""},"product_brand":[],"product_cat":[12758],"product_tag":[13620,13714,14000],"class_list":{"0":"post-28824","1":"product","2":"type-product","3":"status-publish","4":"has-post-thumbnail","6":"product_cat-serviettes-pour-distributeurs","7":"product_tag-service-alimentaire","8":"product_tag-serviettes-et-dessus-de-table","9":"product_tag-serviettes-pour-distributeurs","10":"pa_country-of-origin-united-states","11":"pa_environmental-status-recyclable-fr","12":"pa_is-hazardous-material-non","13":"pa_product-colour-naturelle","14":"pa_product-material-recycled-fibers-2","16":"first","17":"instock","18":"taxable","19":"shipping-taxable","20":"purchasable","21":"product-type-simple"},"yoast_head":"<!-- This site is optimized with the Yoast SEO plugin v27.6 - https:\/\/yoast.com\/product\/yoast-seo-wordpress\/ -->\n<title>Distributeurs de serviettes tork universal xpressnap, neutres, 12\/500 &#8211; Chemi-3 Inc.<\/title>\n<meta name=\"robots\" content=\"index, follow, max-snippet:-1, max-image-preview:large, max-video-preview:-1\" \/>\n<link rel=\"canonical\" href=\"https:\/\/chemi-3.com\/fr\/product\/distributeurs-de-serviettes-tork-universal-xpressnap-neutres-12-500\/\" \/>\n<meta property=\"og:locale\" content=\"fr_CA\" \/>\n<meta property=\"og:type\" content=\"article\" \/>\n<meta property=\"og:title\" content=\"Distributeurs de serviettes tork universal xpressnap, neutres, 12\/500 &#8211; Chemi-3 Inc.\" \/>\n<meta property=\"og:description\" content=\"Les distributeurs de serviettes Tork Universal Xpressnap\u00ae sont parfaits pour les restaurants \u00e0 service rapide. Ce syst\u00e8me vous aidera \u00e0 r\u00e9duire votre consommation de serviettes de 25 % par rapport aux distributeurs de serviettes traditionnels. Les distributeurs de serviettes Tork Xpressnap\u00ae 1 pli, neutres, sont id\u00e9aux pour les \u00e9tablissements \u00e0 forte fr\u00e9quentation qui se soucient [&hellip;]\" \/>\n<meta property=\"og:url\" content=\"https:\/\/chemi-3.com\/fr\/product\/distributeurs-de-serviettes-tork-universal-xpressnap-neutres-12-500\/\" \/>\n<meta property=\"og:site_name\" content=\"Chemi-3 Inc.\" \/>\n<meta property=\"article:publisher\" content=\"https:\/\/www.facebook.com\/chemi3inc\/\" \/>\n<meta property=\"article:modified_time\" content=\"2021-11-05T17:14:59+00:00\" \/>\n<meta property=\"og:image\" content=\"https:\/\/chemi-3.com\/wp-content\/uploads\/2021\/11\/14100901-20210904201749-1.jpg\" \/>\n\t<meta property=\"og:image:width\" content=\"900\" \/>\n\t<meta property=\"og:image:height\" content=\"900\" \/>\n\t<meta property=\"og:image:type\" content=\"image\/jpeg\" \/>\n<meta name=\"twitter:card\" content=\"summary_large_image\" \/>\n<meta name=\"twitter:site\" content=\"@chemi3inc\" \/>\n<script type=\"application\/ld+json\" class=\"yoast-schema-graph\">{\"@context\":\"https:\\\/\\\/schema.org\",\"@graph\":[{\"@type\":[\"WebPage\",\"ItemPage\"],\"@id\":\"https:\\\/\\\/chemi-3.com\\\/fr\\\/product\\\/distributeurs-de-serviettes-tork-universal-xpressnap-neutres-12-500\\\/\",\"url\":\"https:\\\/\\\/chemi-3.com\\\/fr\\\/product\\\/distributeurs-de-serviettes-tork-universal-xpressnap-neutres-12-500\\\/\",\"name\":\"Distributeurs de serviettes tork universal xpressnap, neutres, 12\\\/500 &#8211; Chemi-3 Inc.\",\"isPartOf\":{\"@id\":\"https:\\\/\\\/chemi-3.com\\\/fr\\\/#website\"},\"primaryImageOfPage\":{\"@id\":\"https:\\\/\\\/chemi-3.com\\\/fr\\\/product\\\/distributeurs-de-serviettes-tork-universal-xpressnap-neutres-12-500\\\/#primaryimage\"},\"image\":{\"@id\":\"https:\\\/\\\/chemi-3.com\\\/fr\\\/product\\\/distributeurs-de-serviettes-tork-universal-xpressnap-neutres-12-500\\\/#primaryimage\"},\"thumbnailUrl\":\"https:\\\/\\\/chemi-3.com\\\/wp-content\\\/uploads\\\/2021\\\/11\\\/14100901-20210904201749-1.jpg\",\"datePublished\":\"2021-11-05T17:14:49+00:00\",\"dateModified\":\"2021-11-05T17:14:59+00:00\",\"breadcrumb\":{\"@id\":\"https:\\\/\\\/chemi-3.com\\\/fr\\\/product\\\/distributeurs-de-serviettes-tork-universal-xpressnap-neutres-12-500\\\/#breadcrumb\"},\"inLanguage\":\"fr-CA\",\"potentialAction\":[{\"@type\":\"ReadAction\",\"target\":[\"https:\\\/\\\/chemi-3.com\\\/fr\\\/product\\\/distributeurs-de-serviettes-tork-universal-xpressnap-neutres-12-500\\\/\"]}]},{\"@type\":\"ImageObject\",\"inLanguage\":\"fr-CA\",\"@id\":\"https:\\\/\\\/chemi-3.com\\\/fr\\\/product\\\/distributeurs-de-serviettes-tork-universal-xpressnap-neutres-12-500\\\/#primaryimage\",\"url\":\"https:\\\/\\\/chemi-3.com\\\/wp-content\\\/uploads\\\/2021\\\/11\\\/14100901-20210904201749-1.jpg\",\"contentUrl\":\"https:\\\/\\\/chemi-3.com\\\/wp-content\\\/uploads\\\/2021\\\/11\\\/14100901-20210904201749-1.jpg\",\"width\":900,\"height\":900,\"caption\":\"Tork\u00ae Universal Xpressnap\u00ae Dispenser Napkins\"},{\"@type\":\"BreadcrumbList\",\"@id\":\"https:\\\/\\\/chemi-3.com\\\/fr\\\/product\\\/distributeurs-de-serviettes-tork-universal-xpressnap-neutres-12-500\\\/#breadcrumb\",\"itemListElement\":[{\"@type\":\"ListItem\",\"position\":1,\"name\":\"Home\",\"item\":\"https:\\\/\\\/chemi-3.com\\\/fr\\\/\"},{\"@type\":\"ListItem\",\"position\":2,\"name\":\"Produits\",\"item\":\"https:\\\/\\\/chemi-3.com\\\/fr\\\/shop\\\/\"},{\"@type\":\"ListItem\",\"position\":3,\"name\":\"Distributeurs de serviettes tork universal xpressnap, neutres, 12\\\/500\"}]},{\"@type\":\"WebSite\",\"@id\":\"https:\\\/\\\/chemi-3.com\\\/fr\\\/#website\",\"url\":\"https:\\\/\\\/chemi-3.com\\\/fr\\\/\",\"name\":\"Chemi-3 Inc.\",\"description\":\"Montreal&#039;s premier distributor of janitorial, sanitary and commercial products.\",\"publisher\":{\"@id\":\"https:\\\/\\\/chemi-3.com\\\/fr\\\/#organization\"},\"potentialAction\":[{\"@type\":\"SearchAction\",\"target\":{\"@type\":\"EntryPoint\",\"urlTemplate\":\"https:\\\/\\\/chemi-3.com\\\/fr\\\/?s={search_term_string}\"},\"query-input\":{\"@type\":\"PropertyValueSpecification\",\"valueRequired\":true,\"valueName\":\"search_term_string\"}}],\"inLanguage\":\"fr-CA\"},{\"@type\":\"Organization\",\"@id\":\"https:\\\/\\\/chemi-3.com\\\/fr\\\/#organization\",\"name\":\"Chemi-3 Industries Inc.\",\"url\":\"https:\\\/\\\/chemi-3.com\\\/fr\\\/\",\"logo\":{\"@type\":\"ImageObject\",\"inLanguage\":\"fr-CA\",\"@id\":\"https:\\\/\\\/chemi-3.com\\\/fr\\\/#\\\/schema\\\/logo\\\/image\\\/\",\"url\":\"http:\\\/\\\/chemi-3.com\\\/wp-content\\\/uploads\\\/2021\\\/09\\\/Chemi3_logo_transparent_highres.png\",\"contentUrl\":\"http:\\\/\\\/chemi-3.com\\\/wp-content\\\/uploads\\\/2021\\\/09\\\/Chemi3_logo_transparent_highres.png\",\"width\":1000,\"height\":387,\"caption\":\"Chemi-3 Industries Inc.\"},\"image\":{\"@id\":\"https:\\\/\\\/chemi-3.com\\\/fr\\\/#\\\/schema\\\/logo\\\/image\\\/\"},\"sameAs\":[\"https:\\\/\\\/www.facebook.com\\\/chemi3inc\\\/\",\"https:\\\/\\\/x.com\\\/chemi3inc\",\"https:\\\/\\\/www.instagram.com\\\/chemi3inc\\\/\",\"https:\\\/\\\/www.linkedin.com\\\/company\\\/chemi3inc\"]}]}<\/script>\n<!-- \/ Yoast SEO plugin. -->","yoast_head_json":{"title":"Distributeurs de serviettes tork universal xpressnap, neutres, 12\/500 &#8211; Chemi-3 Inc.","robots":{"index":"index","follow":"follow","max-snippet":"max-snippet:-1","max-image-preview":"max-image-preview:large","max-video-preview":"max-video-preview:-1"},"canonical":"https:\/\/chemi-3.com\/fr\/product\/distributeurs-de-serviettes-tork-universal-xpressnap-neutres-12-500\/","og_locale":"fr_CA","og_type":"article","og_title":"Distributeurs de serviettes tork universal xpressnap, neutres, 12\/500 &#8211; Chemi-3 Inc.","og_description":"Les distributeurs de serviettes Tork Universal Xpressnap\u00ae sont parfaits pour les restaurants \u00e0 service rapide. Ce syst\u00e8me vous aidera \u00e0 r\u00e9duire votre consommation de serviettes de 25 % par rapport aux distributeurs de serviettes traditionnels. Les distributeurs de serviettes Tork Xpressnap\u00ae 1 pli, neutres, sont id\u00e9aux pour les \u00e9tablissements \u00e0 forte fr\u00e9quentation qui se soucient [&hellip;]","og_url":"https:\/\/chemi-3.com\/fr\/product\/distributeurs-de-serviettes-tork-universal-xpressnap-neutres-12-500\/","og_site_name":"Chemi-3 Inc.","article_publisher":"https:\/\/www.facebook.com\/chemi3inc\/","article_modified_time":"2021-11-05T17:14:59+00:00","og_image":[{"width":900,"height":900,"url":"https:\/\/chemi-3.com\/wp-content\/uploads\/2021\/11\/14100901-20210904201749-1.jpg","type":"image\/jpeg"}],"twitter_card":"summary_large_image","twitter_site":"@chemi3inc","schema":{"@context":"https:\/\/schema.org","@graph":[{"@type":["WebPage","ItemPage"],"@id":"https:\/\/chemi-3.com\/fr\/product\/distributeurs-de-serviettes-tork-universal-xpressnap-neutres-12-500\/","url":"https:\/\/chemi-3.com\/fr\/product\/distributeurs-de-serviettes-tork-universal-xpressnap-neutres-12-500\/","name":"Distributeurs de serviettes tork universal xpressnap, neutres, 12\/500 &#8211; Chemi-3 Inc.","isPartOf":{"@id":"https:\/\/chemi-3.com\/fr\/#website"},"primaryImageOfPage":{"@id":"https:\/\/chemi-3.com\/fr\/product\/distributeurs-de-serviettes-tork-universal-xpressnap-neutres-12-500\/#primaryimage"},"image":{"@id":"https:\/\/chemi-3.com\/fr\/product\/distributeurs-de-serviettes-tork-universal-xpressnap-neutres-12-500\/#primaryimage"},"thumbnailUrl":"https:\/\/chemi-3.com\/wp-content\/uploads\/2021\/11\/14100901-20210904201749-1.jpg","datePublished":"2021-11-05T17:14:49+00:00","dateModified":"2021-11-05T17:14:59+00:00","breadcrumb":{"@id":"https:\/\/chemi-3.com\/fr\/product\/distributeurs-de-serviettes-tork-universal-xpressnap-neutres-12-500\/#breadcrumb"},"inLanguage":"fr-CA","potentialAction":[{"@type":"ReadAction","target":["https:\/\/chemi-3.com\/fr\/product\/distributeurs-de-serviettes-tork-universal-xpressnap-neutres-12-500\/"]}]},{"@type":"ImageObject","inLanguage":"fr-CA","@id":"https:\/\/chemi-3.com\/fr\/product\/distributeurs-de-serviettes-tork-universal-xpressnap-neutres-12-500\/#primaryimage","url":"https:\/\/chemi-3.com\/wp-content\/uploads\/2021\/11\/14100901-20210904201749-1.jpg","contentUrl":"https:\/\/chemi-3.com\/wp-content\/uploads\/2021\/11\/14100901-20210904201749-1.jpg","width":900,"height":900,"caption":"Tork\u00ae Universal Xpressnap\u00ae Dispenser Napkins"},{"@type":"BreadcrumbList","@id":"https:\/\/chemi-3.com\/fr\/product\/distributeurs-de-serviettes-tork-universal-xpressnap-neutres-12-500\/#breadcrumb","itemListElement":[{"@type":"ListItem","position":1,"name":"Home","item":"https:\/\/chemi-3.com\/fr\/"},{"@type":"ListItem","position":2,"name":"Produits","item":"https:\/\/chemi-3.com\/fr\/shop\/"},{"@type":"ListItem","position":3,"name":"Distributeurs de serviettes tork universal xpressnap, neutres, 12\/500"}]},{"@type":"WebSite","@id":"https:\/\/chemi-3.com\/fr\/#website","url":"https:\/\/chemi-3.com\/fr\/","name":"Chemi-3 Inc.","description":"Montreal&#039;s premier distributor of janitorial, sanitary and commercial products.","publisher":{"@id":"https:\/\/chemi-3.com\/fr\/#organization"},"potentialAction":[{"@type":"SearchAction","target":{"@type":"EntryPoint","urlTemplate":"https:\/\/chemi-3.com\/fr\/?s={search_term_string}"},"query-input":{"@type":"PropertyValueSpecification","valueRequired":true,"valueName":"search_term_string"}}],"inLanguage":"fr-CA"},{"@type":"Organization","@id":"https:\/\/chemi-3.com\/fr\/#organization","name":"Chemi-3 Industries Inc.","url":"https:\/\/chemi-3.com\/fr\/","logo":{"@type":"ImageObject","inLanguage":"fr-CA","@id":"https:\/\/chemi-3.com\/fr\/#\/schema\/logo\/image\/","url":"http:\/\/chemi-3.com\/wp-content\/uploads\/2021\/09\/Chemi3_logo_transparent_highres.png","contentUrl":"http:\/\/chemi-3.com\/wp-content\/uploads\/2021\/09\/Chemi3_logo_transparent_highres.png","width":1000,"height":387,"caption":"Chemi-3 Industries Inc."},"image":{"@id":"https:\/\/chemi-3.com\/fr\/#\/schema\/logo\/image\/"},"sameAs":["https:\/\/www.facebook.com\/chemi3inc\/","https:\/\/x.com\/chemi3inc","https:\/\/www.instagram.com\/chemi3inc\/","https:\/\/www.linkedin.com\/company\/chemi3inc"]}]}},"_links":{"self":[{"href":"https:\/\/chemi-3.com\/fr\/wp-json\/wp\/v2\/product\/28824","targetHints":{"allow":["GET"]}}],"collection":[{"href":"https:\/\/chemi-3.com\/fr\/wp-json\/wp\/v2\/product"}],"about":[{"href":"https:\/\/chemi-3.com\/fr\/wp-json\/wp\/v2\/types\/product"}],"replies":[{"embeddable":true,"href":"https:\/\/chemi-3.com\/fr\/wp-json\/wp\/v2\/comments?post=28824"}],"wp:featuredmedia":[{"embeddable":true,"href":"https:\/\/chemi-3.com\/fr\/wp-json\/wp\/v2\/media\/25670"}],"wp:attachment":[{"href":"https:\/\/chemi-3.com\/fr\/wp-json\/wp\/v2\/media?parent=28824"}],"wp:term":[{"taxonomy":"product_brand","embeddable":true,"href":"https:\/\/chemi-3.com\/fr\/wp-json\/wp\/v2\/product_brand?post=28824"},{"taxonomy":"product_cat","embeddable":true,"href":"https:\/\/chemi-3.com\/fr\/wp-json\/wp\/v2\/product_cat?post=28824"},{"taxonomy":"product_tag","embeddable":true,"href":"https:\/\/chemi-3.com\/fr\/wp-json\/wp\/v2\/product_tag?post=28824"}],"curies":[{"name":"wp","href":"https:\/\/api.w.org\/{rel}","templated":true}]}}