{"id":28834,"date":"2021-11-05T13:14:49","date_gmt":"2021-11-05T17:14:49","guid":{"rendered":"https:\/\/chemi-3.com\/product\/serviettes-de-table-white-swan-a-2-epaisseurs-pliees-1-8\/"},"modified":"2021-11-05T13:15:06","modified_gmt":"2021-11-05T17:15:06","slug":"serviettes-de-table-white-swan-a-2-epaisseurs-pliees-1-8","status":"publish","type":"product","link":"https:\/\/chemi-3.com\/fr\/product\/serviettes-de-table-white-swan-a-2-epaisseurs-pliees-1-8\/","title":{"rendered":"Serviettes de table white swan\u00ae \u00e0 2 \u00e9paisseurs, pli\u00e9es 1\/8"},"content":{"rendered":"<body><p>Serviette de table de qualit\u00e9 sup\u00e9rieure \u00e0 2 \u00e9paisseurs. Sa r\u00e9sistance \u00e0 l\u2019humidit\u00e9 est sup\u00e9rieure \u00e0 celle de nombreux concurrents et contribue \u00e0 r\u00e9duire la consommation. Serviettes pli\u00e9es 1\/8 pour bien enrouler les ustensiles. Les grandes dimensions de cette serviette pli\u00e9e procurent une allure chic lorsque tout est dans la pr\u00e9sentation. Comme les ustensiles d\u00e9passent moins aux extr\u00e9mit\u00e9s, c\u2019est plus hygi\u00e9nique. La grande dimension de la serviette ouverte couvre plus de pouces carr\u00e9s que la plupart de ses concurrentes, optimise la couverture des genoux et augmente l\u2019absorption totale. La consommation s\u2019en trouve alors r\u00e9duite. Moins de salet\u00e9s pour une image de qualit\u00e9. La bordure gaufr\u00e9e et le centre uni pr\u00e9sentent une allure haut de gamme. 12 emballages par caisse, 200 par emballage.<br>\nUnit\u00e9 de mesure : <\/p>\n<\/body>","protected":false},"excerpt":{"rendered":"<p>Serviette de table de qualit\u00e9 sup\u00e9rieure \u00e0 2 \u00e9paisseurs. Sa r\u00e9sistance \u00e0 l\u2019humidit\u00e9 est sup\u00e9rieure \u00e0 celle de nombreux concurrents et contribue \u00e0 r\u00e9duire la consommation. Serviettes pli\u00e9es 1\/8 pour bien enrouler les ustensiles. Les grandes dimensions de cette serviette pli\u00e9e procurent une allure chic lorsque tout est dans la pr\u00e9sentation. Comme les ustensiles d\u00e9passent [&hellip;]<\/p>\n","protected":false},"featured_media":25684,"comment_status":"closed","ping_status":"open","template":"","meta":{"_et_pb_use_builder":"","_et_pb_old_content":"","_et_gb_content_width":""},"product_brand":[],"product_cat":[12757],"product_tag":[13620,14001,13714],"class_list":{"0":"post-28834","1":"product","2":"type-product","3":"status-publish","4":"has-post-thumbnail","6":"product_cat-serviettes-de-table","7":"product_tag-service-alimentaire","8":"product_tag-serviettes-de-table","9":"product_tag-serviettes-et-dessus-de-table","10":"pa_country-of-origin-canada-fr","11":"pa_environmental-status-recyclable-fr","12":"pa_is-hazardous-material-non","13":"pa_product-colour-blanc","14":"pa_product-material-recycled-fiber-2","16":"first","17":"instock","18":"taxable","19":"shipping-taxable","20":"purchasable","21":"product-type-simple"},"yoast_head":"<!-- This site is optimized with the Yoast SEO plugin v27.5 - https:\/\/yoast.com\/product\/yoast-seo-wordpress\/ -->\n<title>Serviettes de table white swan\u00ae \u00e0 2 \u00e9paisseurs, pli\u00e9es 1\/8 &#8211; Chemi-3 Inc.<\/title>\n<meta name=\"robots\" content=\"index, follow, max-snippet:-1, max-image-preview:large, max-video-preview:-1\" \/>\n<link rel=\"canonical\" href=\"https:\/\/chemi-3.com\/fr\/product\/serviettes-de-table-white-swan-a-2-epaisseurs-pliees-1-8\/\" \/>\n<meta property=\"og:locale\" content=\"fr_CA\" \/>\n<meta property=\"og:type\" content=\"article\" \/>\n<meta property=\"og:title\" content=\"Serviettes de table white swan\u00ae \u00e0 2 \u00e9paisseurs, pli\u00e9es 1\/8 &#8211; Chemi-3 Inc.\" \/>\n<meta property=\"og:description\" content=\"Serviette de table de qualit\u00e9 sup\u00e9rieure \u00e0 2 \u00e9paisseurs. Sa r\u00e9sistance \u00e0 l\u2019humidit\u00e9 est sup\u00e9rieure \u00e0 celle de nombreux concurrents et contribue \u00e0 r\u00e9duire la consommation. Serviettes pli\u00e9es 1\/8 pour bien enrouler les ustensiles. Les grandes dimensions de cette serviette pli\u00e9e procurent une allure chic lorsque tout est dans la pr\u00e9sentation. Comme les ustensiles d\u00e9passent [&hellip;]\" \/>\n<meta property=\"og:url\" content=\"https:\/\/chemi-3.com\/fr\/product\/serviettes-de-table-white-swan-a-2-epaisseurs-pliees-1-8\/\" \/>\n<meta property=\"og:site_name\" content=\"Chemi-3 Inc.\" \/>\n<meta property=\"article:publisher\" content=\"https:\/\/www.facebook.com\/chemi3inc\/\" \/>\n<meta property=\"article:modified_time\" content=\"2021-11-05T17:15:06+00:00\" \/>\n<meta property=\"og:image\" content=\"https:\/\/chemi-3.com\/wp-content\/uploads\/2021\/11\/17903343-20210811023451-1.jpg\" \/>\n\t<meta property=\"og:image:width\" content=\"900\" \/>\n\t<meta property=\"og:image:height\" content=\"900\" \/>\n\t<meta property=\"og:image:type\" content=\"image\/jpeg\" \/>\n<meta name=\"twitter:card\" content=\"summary_large_image\" \/>\n<meta name=\"twitter:site\" content=\"@chemi3inc\" \/>\n<meta name=\"twitter:label1\" content=\"Estimation du temps de lecture\" \/>\n\t<meta name=\"twitter:data1\" content=\"1 minute\" \/>\n<script type=\"application\/ld+json\" class=\"yoast-schema-graph\">{\"@context\":\"https:\\\/\\\/schema.org\",\"@graph\":[{\"@type\":[\"WebPage\",\"ItemPage\"],\"@id\":\"https:\\\/\\\/chemi-3.com\\\/fr\\\/product\\\/serviettes-de-table-white-swan-a-2-epaisseurs-pliees-1-8\\\/\",\"url\":\"https:\\\/\\\/chemi-3.com\\\/fr\\\/product\\\/serviettes-de-table-white-swan-a-2-epaisseurs-pliees-1-8\\\/\",\"name\":\"Serviettes de table white swan\u00ae \u00e0 2 \u00e9paisseurs, pli\u00e9es 1\\\/8 &#8211; Chemi-3 Inc.\",\"isPartOf\":{\"@id\":\"https:\\\/\\\/chemi-3.com\\\/fr\\\/#website\"},\"primaryImageOfPage\":{\"@id\":\"https:\\\/\\\/chemi-3.com\\\/fr\\\/product\\\/serviettes-de-table-white-swan-a-2-epaisseurs-pliees-1-8\\\/#primaryimage\"},\"image\":{\"@id\":\"https:\\\/\\\/chemi-3.com\\\/fr\\\/product\\\/serviettes-de-table-white-swan-a-2-epaisseurs-pliees-1-8\\\/#primaryimage\"},\"thumbnailUrl\":\"https:\\\/\\\/chemi-3.com\\\/wp-content\\\/uploads\\\/2021\\\/11\\\/17903343-20210811023451-1.jpg\",\"datePublished\":\"2021-11-05T17:14:49+00:00\",\"dateModified\":\"2021-11-05T17:15:06+00:00\",\"breadcrumb\":{\"@id\":\"https:\\\/\\\/chemi-3.com\\\/fr\\\/product\\\/serviettes-de-table-white-swan-a-2-epaisseurs-pliees-1-8\\\/#breadcrumb\"},\"inLanguage\":\"fr-CA\",\"potentialAction\":[{\"@type\":\"ReadAction\",\"target\":[\"https:\\\/\\\/chemi-3.com\\\/fr\\\/product\\\/serviettes-de-table-white-swan-a-2-epaisseurs-pliees-1-8\\\/\"]}]},{\"@type\":\"ImageObject\",\"inLanguage\":\"fr-CA\",\"@id\":\"https:\\\/\\\/chemi-3.com\\\/fr\\\/product\\\/serviettes-de-table-white-swan-a-2-epaisseurs-pliees-1-8\\\/#primaryimage\",\"url\":\"https:\\\/\\\/chemi-3.com\\\/wp-content\\\/uploads\\\/2021\\\/11\\\/17903343-20210811023451-1.jpg\",\"contentUrl\":\"https:\\\/\\\/chemi-3.com\\\/wp-content\\\/uploads\\\/2021\\\/11\\\/17903343-20210811023451-1.jpg\",\"width\":900,\"height\":900,\"caption\":\"2-Ply\"},{\"@type\":\"BreadcrumbList\",\"@id\":\"https:\\\/\\\/chemi-3.com\\\/fr\\\/product\\\/serviettes-de-table-white-swan-a-2-epaisseurs-pliees-1-8\\\/#breadcrumb\",\"itemListElement\":[{\"@type\":\"ListItem\",\"position\":1,\"name\":\"Home\",\"item\":\"https:\\\/\\\/chemi-3.com\\\/fr\\\/\"},{\"@type\":\"ListItem\",\"position\":2,\"name\":\"Produits\",\"item\":\"https:\\\/\\\/chemi-3.com\\\/fr\\\/shop\\\/\"},{\"@type\":\"ListItem\",\"position\":3,\"name\":\"Serviettes de table white swan\u00ae \u00e0 2 \u00e9paisseurs, pli\u00e9es 1\\\/8\"}]},{\"@type\":\"WebSite\",\"@id\":\"https:\\\/\\\/chemi-3.com\\\/fr\\\/#website\",\"url\":\"https:\\\/\\\/chemi-3.com\\\/fr\\\/\",\"name\":\"Chemi-3 Inc.\",\"description\":\"Montreal&#039;s premier distributor of janitorial, sanitary and commercial products.\",\"publisher\":{\"@id\":\"https:\\\/\\\/chemi-3.com\\\/fr\\\/#organization\"},\"potentialAction\":[{\"@type\":\"SearchAction\",\"target\":{\"@type\":\"EntryPoint\",\"urlTemplate\":\"https:\\\/\\\/chemi-3.com\\\/fr\\\/?s={search_term_string}\"},\"query-input\":{\"@type\":\"PropertyValueSpecification\",\"valueRequired\":true,\"valueName\":\"search_term_string\"}}],\"inLanguage\":\"fr-CA\"},{\"@type\":\"Organization\",\"@id\":\"https:\\\/\\\/chemi-3.com\\\/fr\\\/#organization\",\"name\":\"Chemi-3 Industries Inc.\",\"url\":\"https:\\\/\\\/chemi-3.com\\\/fr\\\/\",\"logo\":{\"@type\":\"ImageObject\",\"inLanguage\":\"fr-CA\",\"@id\":\"https:\\\/\\\/chemi-3.com\\\/fr\\\/#\\\/schema\\\/logo\\\/image\\\/\",\"url\":\"http:\\\/\\\/chemi-3.com\\\/wp-content\\\/uploads\\\/2021\\\/09\\\/Chemi3_logo_transparent_highres.png\",\"contentUrl\":\"http:\\\/\\\/chemi-3.com\\\/wp-content\\\/uploads\\\/2021\\\/09\\\/Chemi3_logo_transparent_highres.png\",\"width\":1000,\"height\":387,\"caption\":\"Chemi-3 Industries Inc.\"},\"image\":{\"@id\":\"https:\\\/\\\/chemi-3.com\\\/fr\\\/#\\\/schema\\\/logo\\\/image\\\/\"},\"sameAs\":[\"https:\\\/\\\/www.facebook.com\\\/chemi3inc\\\/\",\"https:\\\/\\\/x.com\\\/chemi3inc\",\"https:\\\/\\\/www.instagram.com\\\/chemi3inc\\\/\",\"https:\\\/\\\/www.linkedin.com\\\/company\\\/chemi3inc\"]}]}<\/script>\n<!-- \/ Yoast SEO plugin. -->","yoast_head_json":{"title":"Serviettes de table white swan\u00ae \u00e0 2 \u00e9paisseurs, pli\u00e9es 1\/8 &#8211; Chemi-3 Inc.","robots":{"index":"index","follow":"follow","max-snippet":"max-snippet:-1","max-image-preview":"max-image-preview:large","max-video-preview":"max-video-preview:-1"},"canonical":"https:\/\/chemi-3.com\/fr\/product\/serviettes-de-table-white-swan-a-2-epaisseurs-pliees-1-8\/","og_locale":"fr_CA","og_type":"article","og_title":"Serviettes de table white swan\u00ae \u00e0 2 \u00e9paisseurs, pli\u00e9es 1\/8 &#8211; Chemi-3 Inc.","og_description":"Serviette de table de qualit\u00e9 sup\u00e9rieure \u00e0 2 \u00e9paisseurs. Sa r\u00e9sistance \u00e0 l\u2019humidit\u00e9 est sup\u00e9rieure \u00e0 celle de nombreux concurrents et contribue \u00e0 r\u00e9duire la consommation. Serviettes pli\u00e9es 1\/8 pour bien enrouler les ustensiles. Les grandes dimensions de cette serviette pli\u00e9e procurent une allure chic lorsque tout est dans la pr\u00e9sentation. Comme les ustensiles d\u00e9passent [&hellip;]","og_url":"https:\/\/chemi-3.com\/fr\/product\/serviettes-de-table-white-swan-a-2-epaisseurs-pliees-1-8\/","og_site_name":"Chemi-3 Inc.","article_publisher":"https:\/\/www.facebook.com\/chemi3inc\/","article_modified_time":"2021-11-05T17:15:06+00:00","og_image":[{"width":900,"height":900,"url":"https:\/\/chemi-3.com\/wp-content\/uploads\/2021\/11\/17903343-20210811023451-1.jpg","type":"image\/jpeg"}],"twitter_card":"summary_large_image","twitter_site":"@chemi3inc","twitter_misc":{"Estimation du temps de lecture":"1 minute"},"schema":{"@context":"https:\/\/schema.org","@graph":[{"@type":["WebPage","ItemPage"],"@id":"https:\/\/chemi-3.com\/fr\/product\/serviettes-de-table-white-swan-a-2-epaisseurs-pliees-1-8\/","url":"https:\/\/chemi-3.com\/fr\/product\/serviettes-de-table-white-swan-a-2-epaisseurs-pliees-1-8\/","name":"Serviettes de table white swan\u00ae \u00e0 2 \u00e9paisseurs, pli\u00e9es 1\/8 &#8211; Chemi-3 Inc.","isPartOf":{"@id":"https:\/\/chemi-3.com\/fr\/#website"},"primaryImageOfPage":{"@id":"https:\/\/chemi-3.com\/fr\/product\/serviettes-de-table-white-swan-a-2-epaisseurs-pliees-1-8\/#primaryimage"},"image":{"@id":"https:\/\/chemi-3.com\/fr\/product\/serviettes-de-table-white-swan-a-2-epaisseurs-pliees-1-8\/#primaryimage"},"thumbnailUrl":"https:\/\/chemi-3.com\/wp-content\/uploads\/2021\/11\/17903343-20210811023451-1.jpg","datePublished":"2021-11-05T17:14:49+00:00","dateModified":"2021-11-05T17:15:06+00:00","breadcrumb":{"@id":"https:\/\/chemi-3.com\/fr\/product\/serviettes-de-table-white-swan-a-2-epaisseurs-pliees-1-8\/#breadcrumb"},"inLanguage":"fr-CA","potentialAction":[{"@type":"ReadAction","target":["https:\/\/chemi-3.com\/fr\/product\/serviettes-de-table-white-swan-a-2-epaisseurs-pliees-1-8\/"]}]},{"@type":"ImageObject","inLanguage":"fr-CA","@id":"https:\/\/chemi-3.com\/fr\/product\/serviettes-de-table-white-swan-a-2-epaisseurs-pliees-1-8\/#primaryimage","url":"https:\/\/chemi-3.com\/wp-content\/uploads\/2021\/11\/17903343-20210811023451-1.jpg","contentUrl":"https:\/\/chemi-3.com\/wp-content\/uploads\/2021\/11\/17903343-20210811023451-1.jpg","width":900,"height":900,"caption":"2-Ply"},{"@type":"BreadcrumbList","@id":"https:\/\/chemi-3.com\/fr\/product\/serviettes-de-table-white-swan-a-2-epaisseurs-pliees-1-8\/#breadcrumb","itemListElement":[{"@type":"ListItem","position":1,"name":"Home","item":"https:\/\/chemi-3.com\/fr\/"},{"@type":"ListItem","position":2,"name":"Produits","item":"https:\/\/chemi-3.com\/fr\/shop\/"},{"@type":"ListItem","position":3,"name":"Serviettes de table white swan\u00ae \u00e0 2 \u00e9paisseurs, pli\u00e9es 1\/8"}]},{"@type":"WebSite","@id":"https:\/\/chemi-3.com\/fr\/#website","url":"https:\/\/chemi-3.com\/fr\/","name":"Chemi-3 Inc.","description":"Montreal&#039;s premier distributor of janitorial, sanitary and commercial products.","publisher":{"@id":"https:\/\/chemi-3.com\/fr\/#organization"},"potentialAction":[{"@type":"SearchAction","target":{"@type":"EntryPoint","urlTemplate":"https:\/\/chemi-3.com\/fr\/?s={search_term_string}"},"query-input":{"@type":"PropertyValueSpecification","valueRequired":true,"valueName":"search_term_string"}}],"inLanguage":"fr-CA"},{"@type":"Organization","@id":"https:\/\/chemi-3.com\/fr\/#organization","name":"Chemi-3 Industries Inc.","url":"https:\/\/chemi-3.com\/fr\/","logo":{"@type":"ImageObject","inLanguage":"fr-CA","@id":"https:\/\/chemi-3.com\/fr\/#\/schema\/logo\/image\/","url":"http:\/\/chemi-3.com\/wp-content\/uploads\/2021\/09\/Chemi3_logo_transparent_highres.png","contentUrl":"http:\/\/chemi-3.com\/wp-content\/uploads\/2021\/09\/Chemi3_logo_transparent_highres.png","width":1000,"height":387,"caption":"Chemi-3 Industries Inc."},"image":{"@id":"https:\/\/chemi-3.com\/fr\/#\/schema\/logo\/image\/"},"sameAs":["https:\/\/www.facebook.com\/chemi3inc\/","https:\/\/x.com\/chemi3inc","https:\/\/www.instagram.com\/chemi3inc\/","https:\/\/www.linkedin.com\/company\/chemi3inc"]}]}},"_links":{"self":[{"href":"https:\/\/chemi-3.com\/fr\/wp-json\/wp\/v2\/product\/28834","targetHints":{"allow":["GET"]}}],"collection":[{"href":"https:\/\/chemi-3.com\/fr\/wp-json\/wp\/v2\/product"}],"about":[{"href":"https:\/\/chemi-3.com\/fr\/wp-json\/wp\/v2\/types\/product"}],"replies":[{"embeddable":true,"href":"https:\/\/chemi-3.com\/fr\/wp-json\/wp\/v2\/comments?post=28834"}],"wp:featuredmedia":[{"embeddable":true,"href":"https:\/\/chemi-3.com\/fr\/wp-json\/wp\/v2\/media\/25684"}],"wp:attachment":[{"href":"https:\/\/chemi-3.com\/fr\/wp-json\/wp\/v2\/media?parent=28834"}],"wp:term":[{"taxonomy":"product_brand","embeddable":true,"href":"https:\/\/chemi-3.com\/fr\/wp-json\/wp\/v2\/product_brand?post=28834"},{"taxonomy":"product_cat","embeddable":true,"href":"https:\/\/chemi-3.com\/fr\/wp-json\/wp\/v2\/product_cat?post=28834"},{"taxonomy":"product_tag","embeddable":true,"href":"https:\/\/chemi-3.com\/fr\/wp-json\/wp\/v2\/product_tag?post=28834"}],"curies":[{"name":"wp","href":"https:\/\/api.w.org\/{rel}","templated":true}]}}