{"id":28838,"date":"2021-11-05T13:14:49","date_gmt":"2021-11-05T17:14:49","guid":{"rendered":"https:\/\/chemi-3.com\/product\/serviette-de-table-pour-souper-tork-universal-n5183a-dinner-pli-1-8-simple-epaisseur-largeur-381-cm-15-po-x-longueur-413-cm-1625-po-blanc-carton-de-4-paquets-500-par-paquet-2\/"},"modified":"2021-11-05T13:15:08","modified_gmt":"2021-11-05T17:15:08","slug":"serviette-de-table-pour-souper-tork-universal-n5183a-dinner-pli-1-8-simple-epaisseur-largeur-381-cm-15-po-x-longueur-413-cm-1625-po-blanc-carton-de-4-paquets-500-par-paquet-2","status":"publish","type":"product","link":"https:\/\/chemi-3.com\/fr\/product\/serviette-de-table-pour-souper-tork-universal-n5183a-dinner-pli-1-8-simple-epaisseur-largeur-381-cm-15-po-x-longueur-413-cm-1625-po-blanc-carton-de-4-paquets-500-par-paquet-2\/","title":{"rendered":"Serviette de table pour souper tork\u00ae universal n5183a dinner, pli 1\/8, simple \u00e9paisseur, largeur 38,1 cm (15 po) x longueur 41,3 cm (16,25 po), blanc (carton de 4 paquets, 500 par paquet, 2\u00a0000 serviettes de table)"},"content":{"rendered":"<body><p>La texture gaufr\u00e9e simple \u00e9paisseur de la serviette de table pour souper Tork\u00ae Universal Dinner offre un toucher de qualit\u00e9 sup\u00e9rieure et une meilleure absorption. Alternative \u00e9conomique aux mouchoirs papier \u00e0 plis multiples, ces serviettes de table sont toujours fra\u00eeches et hygi\u00e9niques. Solution parfaite pour des applications impliquant des volumes importants. Composition 100\u00a0% fibres recycl\u00e9es, dont 20\u00a0% de fibres recycl\u00e9es post-consommation, offrant ainsi des bienfaits environnementaux et une image positive. \u00c9galement compostable. Certification ECOLOGO\u00ae. Certifi\u00e9e compostable par l\u2019institut BPI et un organisme de v\u00e9rification ind\u00e9pendant.<br>\nUnit\u00e9 de mesure : 4\/500<\/p>\n<\/body>","protected":false},"excerpt":{"rendered":"<p>La texture gaufr\u00e9e simple \u00e9paisseur de la serviette de table pour souper Tork\u00ae Universal Dinner offre un toucher de qualit\u00e9 sup\u00e9rieure et une meilleure absorption. Alternative \u00e9conomique aux mouchoirs papier \u00e0 plis multiples, ces serviettes de table sont toujours fra\u00eeches et hygi\u00e9niques. Solution parfaite pour des applications impliquant des volumes importants. Composition 100\u00a0% fibres recycl\u00e9es, [&hellip;]<\/p>\n","protected":false},"featured_media":25690,"comment_status":"closed","ping_status":"open","template":"","meta":{"_et_pb_use_builder":"","_et_pb_old_content":"","_et_gb_content_width":""},"product_brand":[],"product_cat":[12757],"product_tag":[13620,14001,13714],"class_list":{"0":"post-28838","1":"product","2":"type-product","3":"status-publish","4":"has-post-thumbnail","6":"product_cat-serviettes-de-table","7":"product_tag-service-alimentaire","8":"product_tag-serviettes-de-table","9":"product_tag-serviettes-et-dessus-de-table","10":"pa_country-of-origin-united-states","11":"pa_environmental-status-ecologo-fr","12":"pa_is-hazardous-material-non","13":"pa_product-colour-blanc","14":"pa_product-material-kraft-paper","16":"first","17":"instock","18":"taxable","19":"shipping-taxable","20":"purchasable","21":"product-type-simple"},"yoast_head":"<!-- This site is optimized with the Yoast SEO plugin v27.5 - https:\/\/yoast.com\/product\/yoast-seo-wordpress\/ -->\n<title>Serviette de table pour souper tork\u00ae universal n5183a dinner, pli 1\/8, simple \u00e9paisseur, largeur 38,1 cm (15 po) x longueur 41,3 cm (16,25 po), blanc (carton de 4 paquets, 500 par paquet, 2\u00a0000 serviettes de table) &#8211; Chemi-3 Inc.<\/title>\n<meta name=\"robots\" content=\"index, follow, max-snippet:-1, max-image-preview:large, max-video-preview:-1\" \/>\n<link rel=\"canonical\" href=\"https:\/\/chemi-3.com\/fr\/product\/serviette-de-table-pour-souper-tork-universal-n5183a-dinner-pli-1-8-simple-epaisseur-largeur-381-cm-15-po-x-longueur-413-cm-1625-po-blanc-carton-de-4-paquets-500-par-paquet-2\/\" \/>\n<meta property=\"og:locale\" content=\"fr_CA\" \/>\n<meta property=\"og:type\" content=\"article\" \/>\n<meta property=\"og:title\" content=\"Serviette de table pour souper tork\u00ae universal n5183a dinner, pli 1\/8, simple \u00e9paisseur, largeur 38,1 cm (15 po) x longueur 41,3 cm (16,25 po), blanc (carton de 4 paquets, 500 par paquet, 2\u00a0000 serviettes de table) &#8211; Chemi-3 Inc.\" \/>\n<meta property=\"og:description\" content=\"La texture gaufr\u00e9e simple \u00e9paisseur de la serviette de table pour souper Tork\u00ae Universal Dinner offre un toucher de qualit\u00e9 sup\u00e9rieure et une meilleure absorption. Alternative \u00e9conomique aux mouchoirs papier \u00e0 plis multiples, ces serviettes de table sont toujours fra\u00eeches et hygi\u00e9niques. Solution parfaite pour des applications impliquant des volumes importants. Composition 100\u00a0% fibres recycl\u00e9es, [&hellip;]\" \/>\n<meta property=\"og:url\" content=\"https:\/\/chemi-3.com\/fr\/product\/serviette-de-table-pour-souper-tork-universal-n5183a-dinner-pli-1-8-simple-epaisseur-largeur-381-cm-15-po-x-longueur-413-cm-1625-po-blanc-carton-de-4-paquets-500-par-paquet-2\/\" \/>\n<meta property=\"og:site_name\" content=\"Chemi-3 Inc.\" \/>\n<meta property=\"article:publisher\" content=\"https:\/\/www.facebook.com\/chemi3inc\/\" \/>\n<meta property=\"article:modified_time\" content=\"2021-11-05T17:15:08+00:00\" \/>\n<meta property=\"og:image\" content=\"https:\/\/chemi-3.com\/wp-content\/uploads\/2021\/11\/14102003-20210811023451-1.jpg\" \/>\n\t<meta property=\"og:image:width\" content=\"900\" \/>\n\t<meta property=\"og:image:height\" content=\"900\" \/>\n\t<meta property=\"og:image:type\" content=\"image\/jpeg\" \/>\n<meta name=\"twitter:card\" content=\"summary_large_image\" \/>\n<meta name=\"twitter:site\" content=\"@chemi3inc\" \/>\n<script type=\"application\/ld+json\" class=\"yoast-schema-graph\">{\"@context\":\"https:\\\/\\\/schema.org\",\"@graph\":[{\"@type\":[\"WebPage\",\"ItemPage\"],\"@id\":\"https:\\\/\\\/chemi-3.com\\\/fr\\\/product\\\/serviette-de-table-pour-souper-tork-universal-n5183a-dinner-pli-1-8-simple-epaisseur-largeur-381-cm-15-po-x-longueur-413-cm-1625-po-blanc-carton-de-4-paquets-500-par-paquet-2\\\/\",\"url\":\"https:\\\/\\\/chemi-3.com\\\/fr\\\/product\\\/serviette-de-table-pour-souper-tork-universal-n5183a-dinner-pli-1-8-simple-epaisseur-largeur-381-cm-15-po-x-longueur-413-cm-1625-po-blanc-carton-de-4-paquets-500-par-paquet-2\\\/\",\"name\":\"Serviette de table pour souper tork\u00ae universal n5183a dinner, pli 1\\\/8, simple \u00e9paisseur, largeur 38,1 cm (15 po) x longueur 41,3 cm (16,25 po), blanc (carton de 4 paquets, 500 par paquet, 2\u00a0000 serviettes de table) &#8211; Chemi-3 Inc.\",\"isPartOf\":{\"@id\":\"https:\\\/\\\/chemi-3.com\\\/fr\\\/#website\"},\"primaryImageOfPage\":{\"@id\":\"https:\\\/\\\/chemi-3.com\\\/fr\\\/product\\\/serviette-de-table-pour-souper-tork-universal-n5183a-dinner-pli-1-8-simple-epaisseur-largeur-381-cm-15-po-x-longueur-413-cm-1625-po-blanc-carton-de-4-paquets-500-par-paquet-2\\\/#primaryimage\"},\"image\":{\"@id\":\"https:\\\/\\\/chemi-3.com\\\/fr\\\/product\\\/serviette-de-table-pour-souper-tork-universal-n5183a-dinner-pli-1-8-simple-epaisseur-largeur-381-cm-15-po-x-longueur-413-cm-1625-po-blanc-carton-de-4-paquets-500-par-paquet-2\\\/#primaryimage\"},\"thumbnailUrl\":\"https:\\\/\\\/chemi-3.com\\\/wp-content\\\/uploads\\\/2021\\\/11\\\/14102003-20210811023451-1.jpg\",\"datePublished\":\"2021-11-05T17:14:49+00:00\",\"dateModified\":\"2021-11-05T17:15:08+00:00\",\"breadcrumb\":{\"@id\":\"https:\\\/\\\/chemi-3.com\\\/fr\\\/product\\\/serviette-de-table-pour-souper-tork-universal-n5183a-dinner-pli-1-8-simple-epaisseur-largeur-381-cm-15-po-x-longueur-413-cm-1625-po-blanc-carton-de-4-paquets-500-par-paquet-2\\\/#breadcrumb\"},\"inLanguage\":\"fr-CA\",\"potentialAction\":[{\"@type\":\"ReadAction\",\"target\":[\"https:\\\/\\\/chemi-3.com\\\/fr\\\/product\\\/serviette-de-table-pour-souper-tork-universal-n5183a-dinner-pli-1-8-simple-epaisseur-largeur-381-cm-15-po-x-longueur-413-cm-1625-po-blanc-carton-de-4-paquets-500-par-paquet-2\\\/\"]}]},{\"@type\":\"ImageObject\",\"inLanguage\":\"fr-CA\",\"@id\":\"https:\\\/\\\/chemi-3.com\\\/fr\\\/product\\\/serviette-de-table-pour-souper-tork-universal-n5183a-dinner-pli-1-8-simple-epaisseur-largeur-381-cm-15-po-x-longueur-413-cm-1625-po-blanc-carton-de-4-paquets-500-par-paquet-2\\\/#primaryimage\",\"url\":\"https:\\\/\\\/chemi-3.com\\\/wp-content\\\/uploads\\\/2021\\\/11\\\/14102003-20210811023451-1.jpg\",\"contentUrl\":\"https:\\\/\\\/chemi-3.com\\\/wp-content\\\/uploads\\\/2021\\\/11\\\/14102003-20210811023451-1.jpg\",\"width\":900,\"height\":900,\"caption\":\"Tork\u00ae Advanced Soft Dinner Napkin\"},{\"@type\":\"BreadcrumbList\",\"@id\":\"https:\\\/\\\/chemi-3.com\\\/fr\\\/product\\\/serviette-de-table-pour-souper-tork-universal-n5183a-dinner-pli-1-8-simple-epaisseur-largeur-381-cm-15-po-x-longueur-413-cm-1625-po-blanc-carton-de-4-paquets-500-par-paquet-2\\\/#breadcrumb\",\"itemListElement\":[{\"@type\":\"ListItem\",\"position\":1,\"name\":\"Home\",\"item\":\"https:\\\/\\\/chemi-3.com\\\/fr\\\/\"},{\"@type\":\"ListItem\",\"position\":2,\"name\":\"Produits\",\"item\":\"https:\\\/\\\/chemi-3.com\\\/fr\\\/shop\\\/\"},{\"@type\":\"ListItem\",\"position\":3,\"name\":\"Serviette de table pour souper tork\u00ae universal n5183a dinner, pli 1\\\/8, simple \u00e9paisseur, largeur 38,1 cm (15 po) x longueur 41,3 cm (16,25 po), blanc (carton de 4 paquets, 500 par paquet, 2\u00a0000 serviettes de table)\"}]},{\"@type\":\"WebSite\",\"@id\":\"https:\\\/\\\/chemi-3.com\\\/fr\\\/#website\",\"url\":\"https:\\\/\\\/chemi-3.com\\\/fr\\\/\",\"name\":\"Chemi-3 Inc.\",\"description\":\"Montreal&#039;s premier distributor of janitorial, sanitary and commercial products.\",\"publisher\":{\"@id\":\"https:\\\/\\\/chemi-3.com\\\/fr\\\/#organization\"},\"potentialAction\":[{\"@type\":\"SearchAction\",\"target\":{\"@type\":\"EntryPoint\",\"urlTemplate\":\"https:\\\/\\\/chemi-3.com\\\/fr\\\/?s={search_term_string}\"},\"query-input\":{\"@type\":\"PropertyValueSpecification\",\"valueRequired\":true,\"valueName\":\"search_term_string\"}}],\"inLanguage\":\"fr-CA\"},{\"@type\":\"Organization\",\"@id\":\"https:\\\/\\\/chemi-3.com\\\/fr\\\/#organization\",\"name\":\"Chemi-3 Industries Inc.\",\"url\":\"https:\\\/\\\/chemi-3.com\\\/fr\\\/\",\"logo\":{\"@type\":\"ImageObject\",\"inLanguage\":\"fr-CA\",\"@id\":\"https:\\\/\\\/chemi-3.com\\\/fr\\\/#\\\/schema\\\/logo\\\/image\\\/\",\"url\":\"http:\\\/\\\/chemi-3.com\\\/wp-content\\\/uploads\\\/2021\\\/09\\\/Chemi3_logo_transparent_highres.png\",\"contentUrl\":\"http:\\\/\\\/chemi-3.com\\\/wp-content\\\/uploads\\\/2021\\\/09\\\/Chemi3_logo_transparent_highres.png\",\"width\":1000,\"height\":387,\"caption\":\"Chemi-3 Industries Inc.\"},\"image\":{\"@id\":\"https:\\\/\\\/chemi-3.com\\\/fr\\\/#\\\/schema\\\/logo\\\/image\\\/\"},\"sameAs\":[\"https:\\\/\\\/www.facebook.com\\\/chemi3inc\\\/\",\"https:\\\/\\\/x.com\\\/chemi3inc\",\"https:\\\/\\\/www.instagram.com\\\/chemi3inc\\\/\",\"https:\\\/\\\/www.linkedin.com\\\/company\\\/chemi3inc\"]}]}<\/script>\n<!-- \/ Yoast SEO plugin. -->","yoast_head_json":{"title":"Serviette de table pour souper tork\u00ae universal n5183a dinner, pli 1\/8, simple \u00e9paisseur, largeur 38,1 cm (15 po) x longueur 41,3 cm (16,25 po), blanc (carton de 4 paquets, 500 par paquet, 2\u00a0000 serviettes de table) &#8211; Chemi-3 Inc.","robots":{"index":"index","follow":"follow","max-snippet":"max-snippet:-1","max-image-preview":"max-image-preview:large","max-video-preview":"max-video-preview:-1"},"canonical":"https:\/\/chemi-3.com\/fr\/product\/serviette-de-table-pour-souper-tork-universal-n5183a-dinner-pli-1-8-simple-epaisseur-largeur-381-cm-15-po-x-longueur-413-cm-1625-po-blanc-carton-de-4-paquets-500-par-paquet-2\/","og_locale":"fr_CA","og_type":"article","og_title":"Serviette de table pour souper tork\u00ae universal n5183a dinner, pli 1\/8, simple \u00e9paisseur, largeur 38,1 cm (15 po) x longueur 41,3 cm (16,25 po), blanc (carton de 4 paquets, 500 par paquet, 2\u00a0000 serviettes de table) &#8211; Chemi-3 Inc.","og_description":"La texture gaufr\u00e9e simple \u00e9paisseur de la serviette de table pour souper Tork\u00ae Universal Dinner offre un toucher de qualit\u00e9 sup\u00e9rieure et une meilleure absorption. Alternative \u00e9conomique aux mouchoirs papier \u00e0 plis multiples, ces serviettes de table sont toujours fra\u00eeches et hygi\u00e9niques. Solution parfaite pour des applications impliquant des volumes importants. Composition 100\u00a0% fibres recycl\u00e9es, [&hellip;]","og_url":"https:\/\/chemi-3.com\/fr\/product\/serviette-de-table-pour-souper-tork-universal-n5183a-dinner-pli-1-8-simple-epaisseur-largeur-381-cm-15-po-x-longueur-413-cm-1625-po-blanc-carton-de-4-paquets-500-par-paquet-2\/","og_site_name":"Chemi-3 Inc.","article_publisher":"https:\/\/www.facebook.com\/chemi3inc\/","article_modified_time":"2021-11-05T17:15:08+00:00","og_image":[{"width":900,"height":900,"url":"https:\/\/chemi-3.com\/wp-content\/uploads\/2021\/11\/14102003-20210811023451-1.jpg","type":"image\/jpeg"}],"twitter_card":"summary_large_image","twitter_site":"@chemi3inc","schema":{"@context":"https:\/\/schema.org","@graph":[{"@type":["WebPage","ItemPage"],"@id":"https:\/\/chemi-3.com\/fr\/product\/serviette-de-table-pour-souper-tork-universal-n5183a-dinner-pli-1-8-simple-epaisseur-largeur-381-cm-15-po-x-longueur-413-cm-1625-po-blanc-carton-de-4-paquets-500-par-paquet-2\/","url":"https:\/\/chemi-3.com\/fr\/product\/serviette-de-table-pour-souper-tork-universal-n5183a-dinner-pli-1-8-simple-epaisseur-largeur-381-cm-15-po-x-longueur-413-cm-1625-po-blanc-carton-de-4-paquets-500-par-paquet-2\/","name":"Serviette de table pour souper tork\u00ae universal n5183a dinner, pli 1\/8, simple \u00e9paisseur, largeur 38,1 cm (15 po) x longueur 41,3 cm (16,25 po), blanc (carton de 4 paquets, 500 par paquet, 2\u00a0000 serviettes de table) &#8211; Chemi-3 Inc.","isPartOf":{"@id":"https:\/\/chemi-3.com\/fr\/#website"},"primaryImageOfPage":{"@id":"https:\/\/chemi-3.com\/fr\/product\/serviette-de-table-pour-souper-tork-universal-n5183a-dinner-pli-1-8-simple-epaisseur-largeur-381-cm-15-po-x-longueur-413-cm-1625-po-blanc-carton-de-4-paquets-500-par-paquet-2\/#primaryimage"},"image":{"@id":"https:\/\/chemi-3.com\/fr\/product\/serviette-de-table-pour-souper-tork-universal-n5183a-dinner-pli-1-8-simple-epaisseur-largeur-381-cm-15-po-x-longueur-413-cm-1625-po-blanc-carton-de-4-paquets-500-par-paquet-2\/#primaryimage"},"thumbnailUrl":"https:\/\/chemi-3.com\/wp-content\/uploads\/2021\/11\/14102003-20210811023451-1.jpg","datePublished":"2021-11-05T17:14:49+00:00","dateModified":"2021-11-05T17:15:08+00:00","breadcrumb":{"@id":"https:\/\/chemi-3.com\/fr\/product\/serviette-de-table-pour-souper-tork-universal-n5183a-dinner-pli-1-8-simple-epaisseur-largeur-381-cm-15-po-x-longueur-413-cm-1625-po-blanc-carton-de-4-paquets-500-par-paquet-2\/#breadcrumb"},"inLanguage":"fr-CA","potentialAction":[{"@type":"ReadAction","target":["https:\/\/chemi-3.com\/fr\/product\/serviette-de-table-pour-souper-tork-universal-n5183a-dinner-pli-1-8-simple-epaisseur-largeur-381-cm-15-po-x-longueur-413-cm-1625-po-blanc-carton-de-4-paquets-500-par-paquet-2\/"]}]},{"@type":"ImageObject","inLanguage":"fr-CA","@id":"https:\/\/chemi-3.com\/fr\/product\/serviette-de-table-pour-souper-tork-universal-n5183a-dinner-pli-1-8-simple-epaisseur-largeur-381-cm-15-po-x-longueur-413-cm-1625-po-blanc-carton-de-4-paquets-500-par-paquet-2\/#primaryimage","url":"https:\/\/chemi-3.com\/wp-content\/uploads\/2021\/11\/14102003-20210811023451-1.jpg","contentUrl":"https:\/\/chemi-3.com\/wp-content\/uploads\/2021\/11\/14102003-20210811023451-1.jpg","width":900,"height":900,"caption":"Tork\u00ae Advanced Soft Dinner Napkin"},{"@type":"BreadcrumbList","@id":"https:\/\/chemi-3.com\/fr\/product\/serviette-de-table-pour-souper-tork-universal-n5183a-dinner-pli-1-8-simple-epaisseur-largeur-381-cm-15-po-x-longueur-413-cm-1625-po-blanc-carton-de-4-paquets-500-par-paquet-2\/#breadcrumb","itemListElement":[{"@type":"ListItem","position":1,"name":"Home","item":"https:\/\/chemi-3.com\/fr\/"},{"@type":"ListItem","position":2,"name":"Produits","item":"https:\/\/chemi-3.com\/fr\/shop\/"},{"@type":"ListItem","position":3,"name":"Serviette de table pour souper tork\u00ae universal n5183a dinner, pli 1\/8, simple \u00e9paisseur, largeur 38,1 cm (15 po) x longueur 41,3 cm (16,25 po), blanc (carton de 4 paquets, 500 par paquet, 2\u00a0000 serviettes de table)"}]},{"@type":"WebSite","@id":"https:\/\/chemi-3.com\/fr\/#website","url":"https:\/\/chemi-3.com\/fr\/","name":"Chemi-3 Inc.","description":"Montreal&#039;s premier distributor of janitorial, sanitary and commercial products.","publisher":{"@id":"https:\/\/chemi-3.com\/fr\/#organization"},"potentialAction":[{"@type":"SearchAction","target":{"@type":"EntryPoint","urlTemplate":"https:\/\/chemi-3.com\/fr\/?s={search_term_string}"},"query-input":{"@type":"PropertyValueSpecification","valueRequired":true,"valueName":"search_term_string"}}],"inLanguage":"fr-CA"},{"@type":"Organization","@id":"https:\/\/chemi-3.com\/fr\/#organization","name":"Chemi-3 Industries Inc.","url":"https:\/\/chemi-3.com\/fr\/","logo":{"@type":"ImageObject","inLanguage":"fr-CA","@id":"https:\/\/chemi-3.com\/fr\/#\/schema\/logo\/image\/","url":"http:\/\/chemi-3.com\/wp-content\/uploads\/2021\/09\/Chemi3_logo_transparent_highres.png","contentUrl":"http:\/\/chemi-3.com\/wp-content\/uploads\/2021\/09\/Chemi3_logo_transparent_highres.png","width":1000,"height":387,"caption":"Chemi-3 Industries Inc."},"image":{"@id":"https:\/\/chemi-3.com\/fr\/#\/schema\/logo\/image\/"},"sameAs":["https:\/\/www.facebook.com\/chemi3inc\/","https:\/\/x.com\/chemi3inc","https:\/\/www.instagram.com\/chemi3inc\/","https:\/\/www.linkedin.com\/company\/chemi3inc"]}]}},"_links":{"self":[{"href":"https:\/\/chemi-3.com\/fr\/wp-json\/wp\/v2\/product\/28838","targetHints":{"allow":["GET"]}}],"collection":[{"href":"https:\/\/chemi-3.com\/fr\/wp-json\/wp\/v2\/product"}],"about":[{"href":"https:\/\/chemi-3.com\/fr\/wp-json\/wp\/v2\/types\/product"}],"replies":[{"embeddable":true,"href":"https:\/\/chemi-3.com\/fr\/wp-json\/wp\/v2\/comments?post=28838"}],"wp:featuredmedia":[{"embeddable":true,"href":"https:\/\/chemi-3.com\/fr\/wp-json\/wp\/v2\/media\/25690"}],"wp:attachment":[{"href":"https:\/\/chemi-3.com\/fr\/wp-json\/wp\/v2\/media?parent=28838"}],"wp:term":[{"taxonomy":"product_brand","embeddable":true,"href":"https:\/\/chemi-3.com\/fr\/wp-json\/wp\/v2\/product_brand?post=28838"},{"taxonomy":"product_cat","embeddable":true,"href":"https:\/\/chemi-3.com\/fr\/wp-json\/wp\/v2\/product_cat?post=28838"},{"taxonomy":"product_tag","embeddable":true,"href":"https:\/\/chemi-3.com\/fr\/wp-json\/wp\/v2\/product_tag?post=28838"}],"curies":[{"name":"wp","href":"https:\/\/api.w.org\/{rel}","templated":true}]}}