{"id":28848,"date":"2021-11-05T13:15:16","date_gmt":"2021-11-05T17:15:16","guid":{"rendered":"https:\/\/chemi-3.com\/product\/sous-verres-en-papier-tork-advanced-2-epaisseurs-pli-4-150-pqt-40-pqt-cs\/"},"modified":"2021-11-05T13:15:18","modified_gmt":"2021-11-05T17:15:18","slug":"sous-verres-en-papier-tork-advanced-2-epaisseurs-pli-4-150-pqt-40-pqt-cs","status":"publish","type":"product","link":"https:\/\/chemi-3.com\/fr\/product\/sous-verres-en-papier-tork-advanced-2-epaisseurs-pli-4-150-pqt-40-pqt-cs\/","title":{"rendered":"Sous verres en papier tork\u00ae advanced, 2\u00a0\u00e9paisseurs, pli \/\/4, 150\/pqt, 40\u00a0pqt\/cs"},"content":{"rendered":"<body><p>Les sous-verres Tork\u00ae Advanced ont une apparence plus brillante et plus blanche pour donner une image plus prestigieuse \u00e0 n\u2019importe quel restaurant, bar ou caf\u00e9. Ces serviettes de papier \u00e0 2\u00a0\u00e9paisseurs de qualit\u00e9 faciale assurent une apparence et un toucher sup\u00e9rieurs \u00e0 ceux d\u2019autres sous-verres. L\u2019emballage poly donne au produit une qualit\u00e9 et une protection parfaites. Fabriqu\u00e9s de fibres recycl\u00e9es \u00e0 100\u00a0%, ils offrent des avantages environnementaux et une image positive. Certifi\u00e9 ECOLOGO\u00ae, v\u00e9rifi\u00e9 ind\u00e9pendamment et certifi\u00e9 compostable par le BPI.<br>\nUnit\u00e9 de mesure : <\/p>\n<\/body>","protected":false},"excerpt":{"rendered":"<p>Les sous-verres Tork\u00ae Advanced ont une apparence plus brillante et plus blanche pour donner une image plus prestigieuse \u00e0 n\u2019importe quel restaurant, bar ou caf\u00e9. Ces serviettes de papier \u00e0 2\u00a0\u00e9paisseurs de qualit\u00e9 faciale assurent une apparence et un toucher sup\u00e9rieurs \u00e0 ceux d\u2019autres sous-verres. L\u2019emballage poly donne au produit une qualit\u00e9 et une protection [&hellip;]<\/p>\n","protected":false},"featured_media":25705,"comment_status":"closed","ping_status":"open","template":"","meta":{"_et_pb_use_builder":"","_et_pb_old_content":"","_et_gb_content_width":""},"product_brand":[],"product_cat":[12756],"product_tag":[13620,13714,14002],"class_list":{"0":"post-28848","1":"product","2":"type-product","3":"status-publish","4":"has-post-thumbnail","6":"product_cat-serviettes-pour-boissons","7":"product_tag-service-alimentaire","8":"product_tag-serviettes-et-dessus-de-table","9":"product_tag-serviettes-pour-boissons","10":"pa_country-of-origin-united-states","11":"pa_environmental-status-recyclable-fr","12":"pa_is-hazardous-material-non","13":"pa_product-colour-blanc","14":"pa_product-material-kraft-paper","15":"pa_product-shape-carre","17":"first","18":"instock","19":"taxable","20":"shipping-taxable","21":"purchasable","22":"product-type-simple"},"yoast_head":"<!-- This site is optimized with the Yoast SEO plugin v27.5 - https:\/\/yoast.com\/product\/yoast-seo-wordpress\/ -->\n<title>Sous verres en papier tork\u00ae advanced, 2\u00a0\u00e9paisseurs, pli \/\/4, 150\/pqt, 40\u00a0pqt\/cs &#8211; Chemi-3 Inc.<\/title>\n<meta name=\"robots\" content=\"index, follow, max-snippet:-1, max-image-preview:large, max-video-preview:-1\" \/>\n<link rel=\"canonical\" href=\"https:\/\/chemi-3.com\/fr\/product\/sous-verres-en-papier-tork-advanced-2-epaisseurs-pli-4-150-pqt-40-pqt-cs\/\" \/>\n<meta property=\"og:locale\" content=\"fr_CA\" \/>\n<meta property=\"og:type\" content=\"article\" \/>\n<meta property=\"og:title\" content=\"Sous verres en papier tork\u00ae advanced, 2\u00a0\u00e9paisseurs, pli \/\/4, 150\/pqt, 40\u00a0pqt\/cs &#8211; Chemi-3 Inc.\" \/>\n<meta property=\"og:description\" content=\"Les sous-verres Tork\u00ae Advanced ont une apparence plus brillante et plus blanche pour donner une image plus prestigieuse \u00e0 n\u2019importe quel restaurant, bar ou caf\u00e9. Ces serviettes de papier \u00e0 2\u00a0\u00e9paisseurs de qualit\u00e9 faciale assurent une apparence et un toucher sup\u00e9rieurs \u00e0 ceux d\u2019autres sous-verres. L\u2019emballage poly donne au produit une qualit\u00e9 et une protection [&hellip;]\" \/>\n<meta property=\"og:url\" content=\"https:\/\/chemi-3.com\/fr\/product\/sous-verres-en-papier-tork-advanced-2-epaisseurs-pli-4-150-pqt-40-pqt-cs\/\" \/>\n<meta property=\"og:site_name\" content=\"Chemi-3 Inc.\" \/>\n<meta property=\"article:publisher\" content=\"https:\/\/www.facebook.com\/chemi3inc\/\" \/>\n<meta property=\"article:modified_time\" content=\"2021-11-05T17:15:18+00:00\" \/>\n<meta property=\"og:image\" content=\"https:\/\/chemi-3.com\/wp-content\/uploads\/2021\/11\/14101242-20210904201749-1.jpg\" \/>\n\t<meta property=\"og:image:width\" content=\"1500\" \/>\n\t<meta property=\"og:image:height\" content=\"767\" \/>\n\t<meta property=\"og:image:type\" content=\"image\/jpeg\" \/>\n<meta name=\"twitter:card\" content=\"summary_large_image\" \/>\n<meta name=\"twitter:site\" content=\"@chemi3inc\" \/>\n<script type=\"application\/ld+json\" class=\"yoast-schema-graph\">{\"@context\":\"https:\\\/\\\/schema.org\",\"@graph\":[{\"@type\":[\"WebPage\",\"ItemPage\"],\"@id\":\"https:\\\/\\\/chemi-3.com\\\/fr\\\/product\\\/sous-verres-en-papier-tork-advanced-2-epaisseurs-pli-4-150-pqt-40-pqt-cs\\\/\",\"url\":\"https:\\\/\\\/chemi-3.com\\\/fr\\\/product\\\/sous-verres-en-papier-tork-advanced-2-epaisseurs-pli-4-150-pqt-40-pqt-cs\\\/\",\"name\":\"Sous verres en papier tork\u00ae advanced, 2\u00a0\u00e9paisseurs, pli \\\/\\\/4, 150\\\/pqt, 40\u00a0pqt\\\/cs &#8211; Chemi-3 Inc.\",\"isPartOf\":{\"@id\":\"https:\\\/\\\/chemi-3.com\\\/fr\\\/#website\"},\"primaryImageOfPage\":{\"@id\":\"https:\\\/\\\/chemi-3.com\\\/fr\\\/product\\\/sous-verres-en-papier-tork-advanced-2-epaisseurs-pli-4-150-pqt-40-pqt-cs\\\/#primaryimage\"},\"image\":{\"@id\":\"https:\\\/\\\/chemi-3.com\\\/fr\\\/product\\\/sous-verres-en-papier-tork-advanced-2-epaisseurs-pli-4-150-pqt-40-pqt-cs\\\/#primaryimage\"},\"thumbnailUrl\":\"https:\\\/\\\/chemi-3.com\\\/wp-content\\\/uploads\\\/2021\\\/11\\\/14101242-20210904201749-1.jpg\",\"datePublished\":\"2021-11-05T17:15:16+00:00\",\"dateModified\":\"2021-11-05T17:15:18+00:00\",\"breadcrumb\":{\"@id\":\"https:\\\/\\\/chemi-3.com\\\/fr\\\/product\\\/sous-verres-en-papier-tork-advanced-2-epaisseurs-pli-4-150-pqt-40-pqt-cs\\\/#breadcrumb\"},\"inLanguage\":\"fr-CA\",\"potentialAction\":[{\"@type\":\"ReadAction\",\"target\":[\"https:\\\/\\\/chemi-3.com\\\/fr\\\/product\\\/sous-verres-en-papier-tork-advanced-2-epaisseurs-pli-4-150-pqt-40-pqt-cs\\\/\"]}]},{\"@type\":\"ImageObject\",\"inLanguage\":\"fr-CA\",\"@id\":\"https:\\\/\\\/chemi-3.com\\\/fr\\\/product\\\/sous-verres-en-papier-tork-advanced-2-epaisseurs-pli-4-150-pqt-40-pqt-cs\\\/#primaryimage\",\"url\":\"https:\\\/\\\/chemi-3.com\\\/wp-content\\\/uploads\\\/2021\\\/11\\\/14101242-20210904201749-1.jpg\",\"contentUrl\":\"https:\\\/\\\/chemi-3.com\\\/wp-content\\\/uploads\\\/2021\\\/11\\\/14101242-20210904201749-1.jpg\",\"width\":1500,\"height\":767,\"caption\":\"Tork\u00ae Advanced Soft Beverage Napkin\"},{\"@type\":\"BreadcrumbList\",\"@id\":\"https:\\\/\\\/chemi-3.com\\\/fr\\\/product\\\/sous-verres-en-papier-tork-advanced-2-epaisseurs-pli-4-150-pqt-40-pqt-cs\\\/#breadcrumb\",\"itemListElement\":[{\"@type\":\"ListItem\",\"position\":1,\"name\":\"Home\",\"item\":\"https:\\\/\\\/chemi-3.com\\\/fr\\\/\"},{\"@type\":\"ListItem\",\"position\":2,\"name\":\"Produits\",\"item\":\"https:\\\/\\\/chemi-3.com\\\/fr\\\/shop\\\/\"},{\"@type\":\"ListItem\",\"position\":3,\"name\":\"Sous verres en papier tork\u00ae advanced, 2\u00a0\u00e9paisseurs, pli \\\/\\\/4, 150\\\/pqt, 40\u00a0pqt\\\/cs\"}]},{\"@type\":\"WebSite\",\"@id\":\"https:\\\/\\\/chemi-3.com\\\/fr\\\/#website\",\"url\":\"https:\\\/\\\/chemi-3.com\\\/fr\\\/\",\"name\":\"Chemi-3 Inc.\",\"description\":\"Montreal&#039;s premier distributor of janitorial, sanitary and commercial products.\",\"publisher\":{\"@id\":\"https:\\\/\\\/chemi-3.com\\\/fr\\\/#organization\"},\"potentialAction\":[{\"@type\":\"SearchAction\",\"target\":{\"@type\":\"EntryPoint\",\"urlTemplate\":\"https:\\\/\\\/chemi-3.com\\\/fr\\\/?s={search_term_string}\"},\"query-input\":{\"@type\":\"PropertyValueSpecification\",\"valueRequired\":true,\"valueName\":\"search_term_string\"}}],\"inLanguage\":\"fr-CA\"},{\"@type\":\"Organization\",\"@id\":\"https:\\\/\\\/chemi-3.com\\\/fr\\\/#organization\",\"name\":\"Chemi-3 Industries Inc.\",\"url\":\"https:\\\/\\\/chemi-3.com\\\/fr\\\/\",\"logo\":{\"@type\":\"ImageObject\",\"inLanguage\":\"fr-CA\",\"@id\":\"https:\\\/\\\/chemi-3.com\\\/fr\\\/#\\\/schema\\\/logo\\\/image\\\/\",\"url\":\"http:\\\/\\\/chemi-3.com\\\/wp-content\\\/uploads\\\/2021\\\/09\\\/Chemi3_logo_transparent_highres.png\",\"contentUrl\":\"http:\\\/\\\/chemi-3.com\\\/wp-content\\\/uploads\\\/2021\\\/09\\\/Chemi3_logo_transparent_highres.png\",\"width\":1000,\"height\":387,\"caption\":\"Chemi-3 Industries Inc.\"},\"image\":{\"@id\":\"https:\\\/\\\/chemi-3.com\\\/fr\\\/#\\\/schema\\\/logo\\\/image\\\/\"},\"sameAs\":[\"https:\\\/\\\/www.facebook.com\\\/chemi3inc\\\/\",\"https:\\\/\\\/x.com\\\/chemi3inc\",\"https:\\\/\\\/www.instagram.com\\\/chemi3inc\\\/\",\"https:\\\/\\\/www.linkedin.com\\\/company\\\/chemi3inc\"]}]}<\/script>\n<!-- \/ Yoast SEO plugin. -->","yoast_head_json":{"title":"Sous verres en papier tork\u00ae advanced, 2\u00a0\u00e9paisseurs, pli \/\/4, 150\/pqt, 40\u00a0pqt\/cs &#8211; Chemi-3 Inc.","robots":{"index":"index","follow":"follow","max-snippet":"max-snippet:-1","max-image-preview":"max-image-preview:large","max-video-preview":"max-video-preview:-1"},"canonical":"https:\/\/chemi-3.com\/fr\/product\/sous-verres-en-papier-tork-advanced-2-epaisseurs-pli-4-150-pqt-40-pqt-cs\/","og_locale":"fr_CA","og_type":"article","og_title":"Sous verres en papier tork\u00ae advanced, 2\u00a0\u00e9paisseurs, pli \/\/4, 150\/pqt, 40\u00a0pqt\/cs &#8211; Chemi-3 Inc.","og_description":"Les sous-verres Tork\u00ae Advanced ont une apparence plus brillante et plus blanche pour donner une image plus prestigieuse \u00e0 n\u2019importe quel restaurant, bar ou caf\u00e9. Ces serviettes de papier \u00e0 2\u00a0\u00e9paisseurs de qualit\u00e9 faciale assurent une apparence et un toucher sup\u00e9rieurs \u00e0 ceux d\u2019autres sous-verres. L\u2019emballage poly donne au produit une qualit\u00e9 et une protection [&hellip;]","og_url":"https:\/\/chemi-3.com\/fr\/product\/sous-verres-en-papier-tork-advanced-2-epaisseurs-pli-4-150-pqt-40-pqt-cs\/","og_site_name":"Chemi-3 Inc.","article_publisher":"https:\/\/www.facebook.com\/chemi3inc\/","article_modified_time":"2021-11-05T17:15:18+00:00","og_image":[{"width":1500,"height":767,"url":"https:\/\/chemi-3.com\/wp-content\/uploads\/2021\/11\/14101242-20210904201749-1.jpg","type":"image\/jpeg"}],"twitter_card":"summary_large_image","twitter_site":"@chemi3inc","schema":{"@context":"https:\/\/schema.org","@graph":[{"@type":["WebPage","ItemPage"],"@id":"https:\/\/chemi-3.com\/fr\/product\/sous-verres-en-papier-tork-advanced-2-epaisseurs-pli-4-150-pqt-40-pqt-cs\/","url":"https:\/\/chemi-3.com\/fr\/product\/sous-verres-en-papier-tork-advanced-2-epaisseurs-pli-4-150-pqt-40-pqt-cs\/","name":"Sous verres en papier tork\u00ae advanced, 2\u00a0\u00e9paisseurs, pli \/\/4, 150\/pqt, 40\u00a0pqt\/cs &#8211; Chemi-3 Inc.","isPartOf":{"@id":"https:\/\/chemi-3.com\/fr\/#website"},"primaryImageOfPage":{"@id":"https:\/\/chemi-3.com\/fr\/product\/sous-verres-en-papier-tork-advanced-2-epaisseurs-pli-4-150-pqt-40-pqt-cs\/#primaryimage"},"image":{"@id":"https:\/\/chemi-3.com\/fr\/product\/sous-verres-en-papier-tork-advanced-2-epaisseurs-pli-4-150-pqt-40-pqt-cs\/#primaryimage"},"thumbnailUrl":"https:\/\/chemi-3.com\/wp-content\/uploads\/2021\/11\/14101242-20210904201749-1.jpg","datePublished":"2021-11-05T17:15:16+00:00","dateModified":"2021-11-05T17:15:18+00:00","breadcrumb":{"@id":"https:\/\/chemi-3.com\/fr\/product\/sous-verres-en-papier-tork-advanced-2-epaisseurs-pli-4-150-pqt-40-pqt-cs\/#breadcrumb"},"inLanguage":"fr-CA","potentialAction":[{"@type":"ReadAction","target":["https:\/\/chemi-3.com\/fr\/product\/sous-verres-en-papier-tork-advanced-2-epaisseurs-pli-4-150-pqt-40-pqt-cs\/"]}]},{"@type":"ImageObject","inLanguage":"fr-CA","@id":"https:\/\/chemi-3.com\/fr\/product\/sous-verres-en-papier-tork-advanced-2-epaisseurs-pli-4-150-pqt-40-pqt-cs\/#primaryimage","url":"https:\/\/chemi-3.com\/wp-content\/uploads\/2021\/11\/14101242-20210904201749-1.jpg","contentUrl":"https:\/\/chemi-3.com\/wp-content\/uploads\/2021\/11\/14101242-20210904201749-1.jpg","width":1500,"height":767,"caption":"Tork\u00ae Advanced Soft Beverage Napkin"},{"@type":"BreadcrumbList","@id":"https:\/\/chemi-3.com\/fr\/product\/sous-verres-en-papier-tork-advanced-2-epaisseurs-pli-4-150-pqt-40-pqt-cs\/#breadcrumb","itemListElement":[{"@type":"ListItem","position":1,"name":"Home","item":"https:\/\/chemi-3.com\/fr\/"},{"@type":"ListItem","position":2,"name":"Produits","item":"https:\/\/chemi-3.com\/fr\/shop\/"},{"@type":"ListItem","position":3,"name":"Sous verres en papier tork\u00ae advanced, 2\u00a0\u00e9paisseurs, pli \/\/4, 150\/pqt, 40\u00a0pqt\/cs"}]},{"@type":"WebSite","@id":"https:\/\/chemi-3.com\/fr\/#website","url":"https:\/\/chemi-3.com\/fr\/","name":"Chemi-3 Inc.","description":"Montreal&#039;s premier distributor of janitorial, sanitary and commercial products.","publisher":{"@id":"https:\/\/chemi-3.com\/fr\/#organization"},"potentialAction":[{"@type":"SearchAction","target":{"@type":"EntryPoint","urlTemplate":"https:\/\/chemi-3.com\/fr\/?s={search_term_string}"},"query-input":{"@type":"PropertyValueSpecification","valueRequired":true,"valueName":"search_term_string"}}],"inLanguage":"fr-CA"},{"@type":"Organization","@id":"https:\/\/chemi-3.com\/fr\/#organization","name":"Chemi-3 Industries Inc.","url":"https:\/\/chemi-3.com\/fr\/","logo":{"@type":"ImageObject","inLanguage":"fr-CA","@id":"https:\/\/chemi-3.com\/fr\/#\/schema\/logo\/image\/","url":"http:\/\/chemi-3.com\/wp-content\/uploads\/2021\/09\/Chemi3_logo_transparent_highres.png","contentUrl":"http:\/\/chemi-3.com\/wp-content\/uploads\/2021\/09\/Chemi3_logo_transparent_highres.png","width":1000,"height":387,"caption":"Chemi-3 Industries Inc."},"image":{"@id":"https:\/\/chemi-3.com\/fr\/#\/schema\/logo\/image\/"},"sameAs":["https:\/\/www.facebook.com\/chemi3inc\/","https:\/\/x.com\/chemi3inc","https:\/\/www.instagram.com\/chemi3inc\/","https:\/\/www.linkedin.com\/company\/chemi3inc"]}]}},"_links":{"self":[{"href":"https:\/\/chemi-3.com\/fr\/wp-json\/wp\/v2\/product\/28848","targetHints":{"allow":["GET"]}}],"collection":[{"href":"https:\/\/chemi-3.com\/fr\/wp-json\/wp\/v2\/product"}],"about":[{"href":"https:\/\/chemi-3.com\/fr\/wp-json\/wp\/v2\/types\/product"}],"replies":[{"embeddable":true,"href":"https:\/\/chemi-3.com\/fr\/wp-json\/wp\/v2\/comments?post=28848"}],"wp:featuredmedia":[{"embeddable":true,"href":"https:\/\/chemi-3.com\/fr\/wp-json\/wp\/v2\/media\/25705"}],"wp:attachment":[{"href":"https:\/\/chemi-3.com\/fr\/wp-json\/wp\/v2\/media?parent=28848"}],"wp:term":[{"taxonomy":"product_brand","embeddable":true,"href":"https:\/\/chemi-3.com\/fr\/wp-json\/wp\/v2\/product_brand?post=28848"},{"taxonomy":"product_cat","embeddable":true,"href":"https:\/\/chemi-3.com\/fr\/wp-json\/wp\/v2\/product_cat?post=28848"},{"taxonomy":"product_tag","embeddable":true,"href":"https:\/\/chemi-3.com\/fr\/wp-json\/wp\/v2\/product_tag?post=28848"}],"curies":[{"name":"wp","href":"https:\/\/api.w.org\/{rel}","templated":true}]}}