{"id":28862,"date":"2021-11-05T13:15:16","date_gmt":"2021-11-05T17:15:16","guid":{"rendered":"https:\/\/chemi-3.com\/product\/908-bac-a-cendres-exterieur-robuste-petit\/"},"modified":"2021-11-05T13:15:24","modified_gmt":"2021-11-05T17:15:24","slug":"908-bac-a-cendres-exterieur-robuste-petit","status":"publish","type":"product","link":"https:\/\/chemi-3.com\/fr\/product\/908-bac-a-cendres-exterieur-robuste-petit\/","title":{"rendered":"908 \u2013 bac \u00e0 cendres ext\u00e9rieur robuste, petit"},"content":{"rendered":"<body><p>Le mod\u00e8le 908 est pr\u00e9vu pour une utilisation dans les zones peu fr\u00e9quent\u00e9es.Caract\u00e9ristiques: La construction robuste en acier inoxydable est id\u00e9ale pour les zones p\u00e9destres communes. Acier inoxydable 304 no 18, avec fini no 4 bross\u00e9 (nos 18 et 20 sur le mod\u00e8le 908 ). \u00c9quip\u00e9 d\u2019une serrure \u00e0 gorges. Porte munie d\u2019une charni\u00e8re \u00e0 piano en acier inoxydable sur toute sa longueur. Le support de fixation d\u00e9cal\u00e9 permet d\u2019\u00e9loigner l\u2019unit\u00e9 de 5\/8\u2033 par rapport au mur, ce qui procure une protection suppl\u00e9mentaire contre le feu. Bac interne en acier galvanis\u00e9 (no 22) r\u00e9sistant \u00e0 la corrosion avec ouverture d\u00e9flectrice. Capacit\u00e9: 0,25 gal (1 litre)<\/p>\n<p>Le mod\u00e8le 908 est pr\u00e9vu pour une utilisation dans les zones peu fr\u00e9quent\u00e9es.Caract\u00e9ristiques: La construction robuste en acier inoxydable est id\u00e9ale pour les zones p\u00e9destres communes. Acier inoxydable 304 no 18, avec fini no 4 bross\u00e9 (nos 18 et 20 sur le mod\u00e8le 908 ). \u00c9quip\u00e9 d\u2019une serrure \u00e0 gorges. Porte munie d\u2019une charni\u00e8re \u00e0 piano en acier inoxydable sur toute sa longueur. Le support de fixation d\u00e9cal\u00e9 permet d\u2019\u00e9loigner l\u2019unit\u00e9 de 5\/8\u2033 par rapport au mur, ce qui procure une protection suppl\u00e9mentaire contre le feu. Bac interne en acier galvanis\u00e9 (no 22) r\u00e9sistant \u00e0 la corrosion avec ouverture d\u00e9flectrice. Capacit\u00e9: 0,25 gal (1 litre)<br>\nUnit\u00e9 de mesure : 1\/EA<\/p>\n<\/body>","protected":false},"excerpt":{"rendered":"<p>Le mod\u00e8le 908 est pr\u00e9vu pour une utilisation dans les zones peu fr\u00e9quent\u00e9es.Caract\u00e9ristiques: La construction robuste en acier inoxydable est id\u00e9ale pour les zones p\u00e9destres communes. Acier inoxydable 304 no 18, avec fini no 4 bross\u00e9 (nos 18 et 20 sur le mod\u00e8le 908 ). \u00c9quip\u00e9 d\u2019une serrure \u00e0 gorges. Porte munie d\u2019une charni\u00e8re \u00e0 [&hellip;]<\/p>\n","protected":false},"featured_media":25727,"comment_status":"closed","ping_status":"open","template":"","meta":{"_et_pb_use_builder":"","_et_pb_old_content":"","_et_gb_content_width":""},"product_brand":[],"product_cat":[12765],"product_tag":[13990,13715,13620],"class_list":{"0":"post-28862","1":"product","2":"type-product","3":"status-publish","4":"has-post-thumbnail","6":"product_cat-accessoires-de-dessus-de-table","7":"product_tag-accessoires-de-dessus-de-table","8":"product_tag-menus-objets-et-equipement","9":"product_tag-service-alimentaire","10":"pa_country-of-origin-canada-fr","11":"pa_environmental-status-recyclable-fr","12":"pa_is-hazardous-material-non","13":"pa_product-colour-inoxydable","14":"pa_product-material-stainless-steel-2","16":"first","17":"instock","18":"taxable","19":"shipping-taxable","20":"purchasable","21":"product-type-simple"},"yoast_head":"<!-- This site is optimized with the Yoast SEO plugin v27.4 - https:\/\/yoast.com\/product\/yoast-seo-wordpress\/ -->\n<title>908 \u2013 bac \u00e0 cendres ext\u00e9rieur robuste, petit &#8211; Chemi-3 Inc.<\/title>\n<meta name=\"robots\" content=\"index, follow, max-snippet:-1, max-image-preview:large, max-video-preview:-1\" \/>\n<link rel=\"canonical\" href=\"https:\/\/chemi-3.com\/fr\/product\/908-bac-a-cendres-exterieur-robuste-petit\/\" \/>\n<meta property=\"og:locale\" content=\"fr_CA\" \/>\n<meta property=\"og:type\" content=\"article\" \/>\n<meta property=\"og:title\" content=\"908 \u2013 bac \u00e0 cendres ext\u00e9rieur robuste, petit &#8211; Chemi-3 Inc.\" \/>\n<meta property=\"og:description\" content=\"Le mod\u00e8le 908 est pr\u00e9vu pour une utilisation dans les zones peu fr\u00e9quent\u00e9es.Caract\u00e9ristiques: La construction robuste en acier inoxydable est id\u00e9ale pour les zones p\u00e9destres communes. Acier inoxydable 304 no 18, avec fini no 4 bross\u00e9 (nos 18 et 20 sur le mod\u00e8le 908 ). \u00c9quip\u00e9 d\u2019une serrure \u00e0 gorges. Porte munie d\u2019une charni\u00e8re \u00e0 [&hellip;]\" \/>\n<meta property=\"og:url\" content=\"https:\/\/chemi-3.com\/fr\/product\/908-bac-a-cendres-exterieur-robuste-petit\/\" \/>\n<meta property=\"og:site_name\" content=\"Chemi-3 Inc.\" \/>\n<meta property=\"article:publisher\" content=\"https:\/\/www.facebook.com\/chemi3inc\/\" \/>\n<meta property=\"article:modified_time\" content=\"2021-11-05T17:15:24+00:00\" \/>\n<meta property=\"og:image\" content=\"https:\/\/chemi-3.com\/wp-content\/uploads\/2021\/11\/61731908-1.jpg\" \/>\n\t<meta property=\"og:image:width\" content=\"776\" \/>\n\t<meta property=\"og:image:height\" content=\"900\" \/>\n\t<meta property=\"og:image:type\" content=\"image\/jpeg\" \/>\n<meta name=\"twitter:card\" content=\"summary_large_image\" \/>\n<meta name=\"twitter:site\" content=\"@chemi3inc\" \/>\n<meta name=\"twitter:label1\" content=\"Estimation du temps de lecture\" \/>\n\t<meta name=\"twitter:data1\" content=\"1 minute\" \/>\n<script type=\"application\/ld+json\" class=\"yoast-schema-graph\">{\"@context\":\"https:\\\/\\\/schema.org\",\"@graph\":[{\"@type\":[\"WebPage\",\"ItemPage\"],\"@id\":\"https:\\\/\\\/chemi-3.com\\\/fr\\\/product\\\/908-bac-a-cendres-exterieur-robuste-petit\\\/\",\"url\":\"https:\\\/\\\/chemi-3.com\\\/fr\\\/product\\\/908-bac-a-cendres-exterieur-robuste-petit\\\/\",\"name\":\"908 \u2013 bac \u00e0 cendres ext\u00e9rieur robuste, petit &#8211; Chemi-3 Inc.\",\"isPartOf\":{\"@id\":\"https:\\\/\\\/chemi-3.com\\\/fr\\\/#website\"},\"primaryImageOfPage\":{\"@id\":\"https:\\\/\\\/chemi-3.com\\\/fr\\\/product\\\/908-bac-a-cendres-exterieur-robuste-petit\\\/#primaryimage\"},\"image\":{\"@id\":\"https:\\\/\\\/chemi-3.com\\\/fr\\\/product\\\/908-bac-a-cendres-exterieur-robuste-petit\\\/#primaryimage\"},\"thumbnailUrl\":\"https:\\\/\\\/chemi-3.com\\\/wp-content\\\/uploads\\\/2021\\\/11\\\/61731908-1.jpg\",\"datePublished\":\"2021-11-05T17:15:16+00:00\",\"dateModified\":\"2021-11-05T17:15:24+00:00\",\"breadcrumb\":{\"@id\":\"https:\\\/\\\/chemi-3.com\\\/fr\\\/product\\\/908-bac-a-cendres-exterieur-robuste-petit\\\/#breadcrumb\"},\"inLanguage\":\"fr-CA\",\"potentialAction\":[{\"@type\":\"ReadAction\",\"target\":[\"https:\\\/\\\/chemi-3.com\\\/fr\\\/product\\\/908-bac-a-cendres-exterieur-robuste-petit\\\/\"]}]},{\"@type\":\"ImageObject\",\"inLanguage\":\"fr-CA\",\"@id\":\"https:\\\/\\\/chemi-3.com\\\/fr\\\/product\\\/908-bac-a-cendres-exterieur-robuste-petit\\\/#primaryimage\",\"url\":\"https:\\\/\\\/chemi-3.com\\\/wp-content\\\/uploads\\\/2021\\\/11\\\/61731908-1.jpg\",\"contentUrl\":\"https:\\\/\\\/chemi-3.com\\\/wp-content\\\/uploads\\\/2021\\\/11\\\/61731908-1.jpg\",\"width\":776,\"height\":900,\"caption\":\"Frost 908 Compact Heavy Duty Ashtray\"},{\"@type\":\"BreadcrumbList\",\"@id\":\"https:\\\/\\\/chemi-3.com\\\/fr\\\/product\\\/908-bac-a-cendres-exterieur-robuste-petit\\\/#breadcrumb\",\"itemListElement\":[{\"@type\":\"ListItem\",\"position\":1,\"name\":\"Home\",\"item\":\"https:\\\/\\\/chemi-3.com\\\/fr\\\/\"},{\"@type\":\"ListItem\",\"position\":2,\"name\":\"Produits\",\"item\":\"https:\\\/\\\/chemi-3.com\\\/fr\\\/shop\\\/\"},{\"@type\":\"ListItem\",\"position\":3,\"name\":\"908 \u2013 bac \u00e0 cendres ext\u00e9rieur robuste, petit\"}]},{\"@type\":\"WebSite\",\"@id\":\"https:\\\/\\\/chemi-3.com\\\/fr\\\/#website\",\"url\":\"https:\\\/\\\/chemi-3.com\\\/fr\\\/\",\"name\":\"Chemi-3 Inc.\",\"description\":\"Montreal&#039;s premier distributor of janitorial, sanitary and commercial products.\",\"publisher\":{\"@id\":\"https:\\\/\\\/chemi-3.com\\\/fr\\\/#organization\"},\"potentialAction\":[{\"@type\":\"SearchAction\",\"target\":{\"@type\":\"EntryPoint\",\"urlTemplate\":\"https:\\\/\\\/chemi-3.com\\\/fr\\\/?s={search_term_string}\"},\"query-input\":{\"@type\":\"PropertyValueSpecification\",\"valueRequired\":true,\"valueName\":\"search_term_string\"}}],\"inLanguage\":\"fr-CA\"},{\"@type\":\"Organization\",\"@id\":\"https:\\\/\\\/chemi-3.com\\\/fr\\\/#organization\",\"name\":\"Chemi-3 Industries Inc.\",\"url\":\"https:\\\/\\\/chemi-3.com\\\/fr\\\/\",\"logo\":{\"@type\":\"ImageObject\",\"inLanguage\":\"fr-CA\",\"@id\":\"https:\\\/\\\/chemi-3.com\\\/fr\\\/#\\\/schema\\\/logo\\\/image\\\/\",\"url\":\"http:\\\/\\\/chemi-3.com\\\/wp-content\\\/uploads\\\/2021\\\/09\\\/Chemi3_logo_transparent_highres.png\",\"contentUrl\":\"http:\\\/\\\/chemi-3.com\\\/wp-content\\\/uploads\\\/2021\\\/09\\\/Chemi3_logo_transparent_highres.png\",\"width\":1000,\"height\":387,\"caption\":\"Chemi-3 Industries Inc.\"},\"image\":{\"@id\":\"https:\\\/\\\/chemi-3.com\\\/fr\\\/#\\\/schema\\\/logo\\\/image\\\/\"},\"sameAs\":[\"https:\\\/\\\/www.facebook.com\\\/chemi3inc\\\/\",\"https:\\\/\\\/x.com\\\/chemi3inc\",\"https:\\\/\\\/www.instagram.com\\\/chemi3inc\\\/\",\"https:\\\/\\\/www.linkedin.com\\\/company\\\/chemi3inc\"]}]}<\/script>\n<!-- \/ Yoast SEO plugin. -->","yoast_head_json":{"title":"908 \u2013 bac \u00e0 cendres ext\u00e9rieur robuste, petit &#8211; Chemi-3 Inc.","robots":{"index":"index","follow":"follow","max-snippet":"max-snippet:-1","max-image-preview":"max-image-preview:large","max-video-preview":"max-video-preview:-1"},"canonical":"https:\/\/chemi-3.com\/fr\/product\/908-bac-a-cendres-exterieur-robuste-petit\/","og_locale":"fr_CA","og_type":"article","og_title":"908 \u2013 bac \u00e0 cendres ext\u00e9rieur robuste, petit &#8211; Chemi-3 Inc.","og_description":"Le mod\u00e8le 908 est pr\u00e9vu pour une utilisation dans les zones peu fr\u00e9quent\u00e9es.Caract\u00e9ristiques: La construction robuste en acier inoxydable est id\u00e9ale pour les zones p\u00e9destres communes. Acier inoxydable 304 no 18, avec fini no 4 bross\u00e9 (nos 18 et 20 sur le mod\u00e8le 908 ). \u00c9quip\u00e9 d\u2019une serrure \u00e0 gorges. Porte munie d\u2019une charni\u00e8re \u00e0 [&hellip;]","og_url":"https:\/\/chemi-3.com\/fr\/product\/908-bac-a-cendres-exterieur-robuste-petit\/","og_site_name":"Chemi-3 Inc.","article_publisher":"https:\/\/www.facebook.com\/chemi3inc\/","article_modified_time":"2021-11-05T17:15:24+00:00","og_image":[{"width":776,"height":900,"url":"https:\/\/chemi-3.com\/wp-content\/uploads\/2021\/11\/61731908-1.jpg","type":"image\/jpeg"}],"twitter_card":"summary_large_image","twitter_site":"@chemi3inc","twitter_misc":{"Estimation du temps de lecture":"1 minute"},"schema":{"@context":"https:\/\/schema.org","@graph":[{"@type":["WebPage","ItemPage"],"@id":"https:\/\/chemi-3.com\/fr\/product\/908-bac-a-cendres-exterieur-robuste-petit\/","url":"https:\/\/chemi-3.com\/fr\/product\/908-bac-a-cendres-exterieur-robuste-petit\/","name":"908 \u2013 bac \u00e0 cendres ext\u00e9rieur robuste, petit &#8211; Chemi-3 Inc.","isPartOf":{"@id":"https:\/\/chemi-3.com\/fr\/#website"},"primaryImageOfPage":{"@id":"https:\/\/chemi-3.com\/fr\/product\/908-bac-a-cendres-exterieur-robuste-petit\/#primaryimage"},"image":{"@id":"https:\/\/chemi-3.com\/fr\/product\/908-bac-a-cendres-exterieur-robuste-petit\/#primaryimage"},"thumbnailUrl":"https:\/\/chemi-3.com\/wp-content\/uploads\/2021\/11\/61731908-1.jpg","datePublished":"2021-11-05T17:15:16+00:00","dateModified":"2021-11-05T17:15:24+00:00","breadcrumb":{"@id":"https:\/\/chemi-3.com\/fr\/product\/908-bac-a-cendres-exterieur-robuste-petit\/#breadcrumb"},"inLanguage":"fr-CA","potentialAction":[{"@type":"ReadAction","target":["https:\/\/chemi-3.com\/fr\/product\/908-bac-a-cendres-exterieur-robuste-petit\/"]}]},{"@type":"ImageObject","inLanguage":"fr-CA","@id":"https:\/\/chemi-3.com\/fr\/product\/908-bac-a-cendres-exterieur-robuste-petit\/#primaryimage","url":"https:\/\/chemi-3.com\/wp-content\/uploads\/2021\/11\/61731908-1.jpg","contentUrl":"https:\/\/chemi-3.com\/wp-content\/uploads\/2021\/11\/61731908-1.jpg","width":776,"height":900,"caption":"Frost 908 Compact Heavy Duty Ashtray"},{"@type":"BreadcrumbList","@id":"https:\/\/chemi-3.com\/fr\/product\/908-bac-a-cendres-exterieur-robuste-petit\/#breadcrumb","itemListElement":[{"@type":"ListItem","position":1,"name":"Home","item":"https:\/\/chemi-3.com\/fr\/"},{"@type":"ListItem","position":2,"name":"Produits","item":"https:\/\/chemi-3.com\/fr\/shop\/"},{"@type":"ListItem","position":3,"name":"908 \u2013 bac \u00e0 cendres ext\u00e9rieur robuste, petit"}]},{"@type":"WebSite","@id":"https:\/\/chemi-3.com\/fr\/#website","url":"https:\/\/chemi-3.com\/fr\/","name":"Chemi-3 Inc.","description":"Montreal&#039;s premier distributor of janitorial, sanitary and commercial products.","publisher":{"@id":"https:\/\/chemi-3.com\/fr\/#organization"},"potentialAction":[{"@type":"SearchAction","target":{"@type":"EntryPoint","urlTemplate":"https:\/\/chemi-3.com\/fr\/?s={search_term_string}"},"query-input":{"@type":"PropertyValueSpecification","valueRequired":true,"valueName":"search_term_string"}}],"inLanguage":"fr-CA"},{"@type":"Organization","@id":"https:\/\/chemi-3.com\/fr\/#organization","name":"Chemi-3 Industries Inc.","url":"https:\/\/chemi-3.com\/fr\/","logo":{"@type":"ImageObject","inLanguage":"fr-CA","@id":"https:\/\/chemi-3.com\/fr\/#\/schema\/logo\/image\/","url":"http:\/\/chemi-3.com\/wp-content\/uploads\/2021\/09\/Chemi3_logo_transparent_highres.png","contentUrl":"http:\/\/chemi-3.com\/wp-content\/uploads\/2021\/09\/Chemi3_logo_transparent_highres.png","width":1000,"height":387,"caption":"Chemi-3 Industries Inc."},"image":{"@id":"https:\/\/chemi-3.com\/fr\/#\/schema\/logo\/image\/"},"sameAs":["https:\/\/www.facebook.com\/chemi3inc\/","https:\/\/x.com\/chemi3inc","https:\/\/www.instagram.com\/chemi3inc\/","https:\/\/www.linkedin.com\/company\/chemi3inc"]}]}},"_links":{"self":[{"href":"https:\/\/chemi-3.com\/fr\/wp-json\/wp\/v2\/product\/28862","targetHints":{"allow":["GET"]}}],"collection":[{"href":"https:\/\/chemi-3.com\/fr\/wp-json\/wp\/v2\/product"}],"about":[{"href":"https:\/\/chemi-3.com\/fr\/wp-json\/wp\/v2\/types\/product"}],"replies":[{"embeddable":true,"href":"https:\/\/chemi-3.com\/fr\/wp-json\/wp\/v2\/comments?post=28862"}],"wp:featuredmedia":[{"embeddable":true,"href":"https:\/\/chemi-3.com\/fr\/wp-json\/wp\/v2\/media\/25727"}],"wp:attachment":[{"href":"https:\/\/chemi-3.com\/fr\/wp-json\/wp\/v2\/media?parent=28862"}],"wp:term":[{"taxonomy":"product_brand","embeddable":true,"href":"https:\/\/chemi-3.com\/fr\/wp-json\/wp\/v2\/product_brand?post=28862"},{"taxonomy":"product_cat","embeddable":true,"href":"https:\/\/chemi-3.com\/fr\/wp-json\/wp\/v2\/product_cat?post=28862"},{"taxonomy":"product_tag","embeddable":true,"href":"https:\/\/chemi-3.com\/fr\/wp-json\/wp\/v2\/product_tag?post=28862"}],"curies":[{"name":"wp","href":"https:\/\/api.w.org\/{rel}","templated":true}]}}