{"id":28956,"date":"2021-11-05T13:16:05","date_gmt":"2021-11-05T17:16:05","guid":{"rendered":"https:\/\/chemi-3.com\/product\/8oz-compostable-paper-soup-cup\/"},"modified":"2021-11-05T13:16:14","modified_gmt":"2021-11-05T17:16:14","slug":"8oz-compostable-paper-soup-cup","status":"publish","type":"product","link":"https:\/\/chemi-3.com\/fr\/product\/8oz-compostable-paper-soup-cup\/","title":{"rendered":"8oz compostable paper soup cup"},"content":{"rendered":"<body><p>Bol en papier compostable certifi\u00e9 BPI. Convient pour les applications chaudes et froides. Servir comme un r\u00e9cipient parfait pour la soupe chaude, la vinaigrette, la cr\u00e8me glac\u00e9e et plus encore! Assortissez avec des couvercles herm\u00e9tiques pour \u00e9viter les d\u00e9versements ou les fuites. Un bol pour servir de nombreux plats !<br>\nUnit\u00e9 de mesure : 1000\/CS<\/p>\n<\/body>","protected":false},"excerpt":{"rendered":"<p>Bol en papier compostable certifi\u00e9 BPI. Convient pour les applications chaudes et froides. Servir comme un r\u00e9cipient parfait pour la soupe chaude, la vinaigrette, la cr\u00e8me glac\u00e9e et plus encore! Assortissez avec des couvercles herm\u00e9tiques pour \u00e9viter les d\u00e9versements ou les fuites. Un bol pour servir de nombreux plats ! Unit\u00e9 de mesure : 1000\/CS<\/p>\n","protected":false},"featured_media":25838,"comment_status":"closed","ping_status":"open","template":"","meta":{"_et_pb_use_builder":"","_et_pb_old_content":"","_et_gb_content_width":""},"product_brand":[],"product_cat":[12734],"product_tag":[13724,14018,13622],"class_list":{"0":"post-28956","1":"product","2":"type-product","3":"status-publish","4":"has-post-thumbnail","6":"product_cat-contenants-pour-aliments-et-couvercles-en-papier","7":"product_tag-contenants-pour-aliments-et-couvercles","8":"product_tag-contenants-pour-aliments-et-couvercles-en-papier","9":"product_tag-emballage-alimentaire","10":"pa_approval-compliant-bpi-fr","11":"pa_country-of-origin-canada-fr","12":"pa_environmental-status-biodegradable-fr","13":"pa_is-hazardous-material-non","14":"pa_product-shape-rond","16":"first","17":"instock","18":"taxable","19":"shipping-taxable","20":"purchasable","21":"product-type-simple"},"yoast_head":"<!-- This site is optimized with the Yoast SEO plugin v27.5 - https:\/\/yoast.com\/product\/yoast-seo-wordpress\/ -->\n<title>8oz compostable paper soup cup &#8211; Chemi-3 Inc.<\/title>\n<meta name=\"robots\" content=\"index, follow, max-snippet:-1, max-image-preview:large, max-video-preview:-1\" \/>\n<link rel=\"canonical\" href=\"https:\/\/chemi-3.com\/fr\/product\/8oz-compostable-paper-soup-cup\/\" \/>\n<meta property=\"og:locale\" content=\"fr_CA\" \/>\n<meta property=\"og:type\" content=\"article\" \/>\n<meta property=\"og:title\" content=\"8oz compostable paper soup cup &#8211; Chemi-3 Inc.\" \/>\n<meta property=\"og:description\" content=\"Bol en papier compostable certifi\u00e9 BPI. Convient pour les applications chaudes et froides. Servir comme un r\u00e9cipient parfait pour la soupe chaude, la vinaigrette, la cr\u00e8me glac\u00e9e et plus encore! Assortissez avec des couvercles herm\u00e9tiques pour \u00e9viter les d\u00e9versements ou les fuites. Un bol pour servir de nombreux plats ! Unit\u00e9 de mesure : 1000\/CS\" \/>\n<meta property=\"og:url\" content=\"https:\/\/chemi-3.com\/fr\/product\/8oz-compostable-paper-soup-cup\/\" \/>\n<meta property=\"og:site_name\" content=\"Chemi-3 Inc.\" \/>\n<meta property=\"article:publisher\" content=\"https:\/\/www.facebook.com\/chemi3inc\/\" \/>\n<meta property=\"article:modified_time\" content=\"2021-11-05T17:16:14+00:00\" \/>\n<meta property=\"og:image\" content=\"https:\/\/chemi-3.com\/wp-content\/uploads\/2021\/11\/k7170035-1-20210819014754-1.jpg\" \/>\n\t<meta property=\"og:image:width\" content=\"800\" \/>\n\t<meta property=\"og:image:height\" content=\"800\" \/>\n\t<meta property=\"og:image:type\" content=\"image\/jpeg\" \/>\n<meta name=\"twitter:card\" content=\"summary_large_image\" \/>\n<meta name=\"twitter:site\" content=\"@chemi3inc\" \/>\n<script type=\"application\/ld+json\" class=\"yoast-schema-graph\">{\"@context\":\"https:\\\/\\\/schema.org\",\"@graph\":[{\"@type\":[\"WebPage\",\"ItemPage\"],\"@id\":\"https:\\\/\\\/chemi-3.com\\\/fr\\\/product\\\/8oz-compostable-paper-soup-cup\\\/\",\"url\":\"https:\\\/\\\/chemi-3.com\\\/fr\\\/product\\\/8oz-compostable-paper-soup-cup\\\/\",\"name\":\"8oz compostable paper soup cup &#8211; Chemi-3 Inc.\",\"isPartOf\":{\"@id\":\"https:\\\/\\\/chemi-3.com\\\/fr\\\/#website\"},\"primaryImageOfPage\":{\"@id\":\"https:\\\/\\\/chemi-3.com\\\/fr\\\/product\\\/8oz-compostable-paper-soup-cup\\\/#primaryimage\"},\"image\":{\"@id\":\"https:\\\/\\\/chemi-3.com\\\/fr\\\/product\\\/8oz-compostable-paper-soup-cup\\\/#primaryimage\"},\"thumbnailUrl\":\"https:\\\/\\\/chemi-3.com\\\/wp-content\\\/uploads\\\/2021\\\/11\\\/k7170035-1-20210819014754-1.jpg\",\"datePublished\":\"2021-11-05T17:16:05+00:00\",\"dateModified\":\"2021-11-05T17:16:14+00:00\",\"breadcrumb\":{\"@id\":\"https:\\\/\\\/chemi-3.com\\\/fr\\\/product\\\/8oz-compostable-paper-soup-cup\\\/#breadcrumb\"},\"inLanguage\":\"fr-CA\",\"potentialAction\":[{\"@type\":\"ReadAction\",\"target\":[\"https:\\\/\\\/chemi-3.com\\\/fr\\\/product\\\/8oz-compostable-paper-soup-cup\\\/\"]}]},{\"@type\":\"ImageObject\",\"inLanguage\":\"fr-CA\",\"@id\":\"https:\\\/\\\/chemi-3.com\\\/fr\\\/product\\\/8oz-compostable-paper-soup-cup\\\/#primaryimage\",\"url\":\"https:\\\/\\\/chemi-3.com\\\/wp-content\\\/uploads\\\/2021\\\/11\\\/k7170035-1-20210819014754-1.jpg\",\"contentUrl\":\"https:\\\/\\\/chemi-3.com\\\/wp-content\\\/uploads\\\/2021\\\/11\\\/k7170035-1-20210819014754-1.jpg\",\"width\":800,\"height\":800},{\"@type\":\"BreadcrumbList\",\"@id\":\"https:\\\/\\\/chemi-3.com\\\/fr\\\/product\\\/8oz-compostable-paper-soup-cup\\\/#breadcrumb\",\"itemListElement\":[{\"@type\":\"ListItem\",\"position\":1,\"name\":\"Home\",\"item\":\"https:\\\/\\\/chemi-3.com\\\/fr\\\/\"},{\"@type\":\"ListItem\",\"position\":2,\"name\":\"Produits\",\"item\":\"https:\\\/\\\/chemi-3.com\\\/fr\\\/shop\\\/\"},{\"@type\":\"ListItem\",\"position\":3,\"name\":\"8oz compostable paper soup cup\"}]},{\"@type\":\"WebSite\",\"@id\":\"https:\\\/\\\/chemi-3.com\\\/fr\\\/#website\",\"url\":\"https:\\\/\\\/chemi-3.com\\\/fr\\\/\",\"name\":\"Chemi-3 Inc.\",\"description\":\"Montreal&#039;s premier distributor of janitorial, sanitary and commercial products.\",\"publisher\":{\"@id\":\"https:\\\/\\\/chemi-3.com\\\/fr\\\/#organization\"},\"potentialAction\":[{\"@type\":\"SearchAction\",\"target\":{\"@type\":\"EntryPoint\",\"urlTemplate\":\"https:\\\/\\\/chemi-3.com\\\/fr\\\/?s={search_term_string}\"},\"query-input\":{\"@type\":\"PropertyValueSpecification\",\"valueRequired\":true,\"valueName\":\"search_term_string\"}}],\"inLanguage\":\"fr-CA\"},{\"@type\":\"Organization\",\"@id\":\"https:\\\/\\\/chemi-3.com\\\/fr\\\/#organization\",\"name\":\"Chemi-3 Industries Inc.\",\"url\":\"https:\\\/\\\/chemi-3.com\\\/fr\\\/\",\"logo\":{\"@type\":\"ImageObject\",\"inLanguage\":\"fr-CA\",\"@id\":\"https:\\\/\\\/chemi-3.com\\\/fr\\\/#\\\/schema\\\/logo\\\/image\\\/\",\"url\":\"http:\\\/\\\/chemi-3.com\\\/wp-content\\\/uploads\\\/2021\\\/09\\\/Chemi3_logo_transparent_highres.png\",\"contentUrl\":\"http:\\\/\\\/chemi-3.com\\\/wp-content\\\/uploads\\\/2021\\\/09\\\/Chemi3_logo_transparent_highres.png\",\"width\":1000,\"height\":387,\"caption\":\"Chemi-3 Industries Inc.\"},\"image\":{\"@id\":\"https:\\\/\\\/chemi-3.com\\\/fr\\\/#\\\/schema\\\/logo\\\/image\\\/\"},\"sameAs\":[\"https:\\\/\\\/www.facebook.com\\\/chemi3inc\\\/\",\"https:\\\/\\\/x.com\\\/chemi3inc\",\"https:\\\/\\\/www.instagram.com\\\/chemi3inc\\\/\",\"https:\\\/\\\/www.linkedin.com\\\/company\\\/chemi3inc\"]}]}<\/script>\n<!-- \/ Yoast SEO plugin. -->","yoast_head_json":{"title":"8oz compostable paper soup cup &#8211; Chemi-3 Inc.","robots":{"index":"index","follow":"follow","max-snippet":"max-snippet:-1","max-image-preview":"max-image-preview:large","max-video-preview":"max-video-preview:-1"},"canonical":"https:\/\/chemi-3.com\/fr\/product\/8oz-compostable-paper-soup-cup\/","og_locale":"fr_CA","og_type":"article","og_title":"8oz compostable paper soup cup &#8211; Chemi-3 Inc.","og_description":"Bol en papier compostable certifi\u00e9 BPI. Convient pour les applications chaudes et froides. Servir comme un r\u00e9cipient parfait pour la soupe chaude, la vinaigrette, la cr\u00e8me glac\u00e9e et plus encore! Assortissez avec des couvercles herm\u00e9tiques pour \u00e9viter les d\u00e9versements ou les fuites. Un bol pour servir de nombreux plats ! Unit\u00e9 de mesure : 1000\/CS","og_url":"https:\/\/chemi-3.com\/fr\/product\/8oz-compostable-paper-soup-cup\/","og_site_name":"Chemi-3 Inc.","article_publisher":"https:\/\/www.facebook.com\/chemi3inc\/","article_modified_time":"2021-11-05T17:16:14+00:00","og_image":[{"width":800,"height":800,"url":"https:\/\/chemi-3.com\/wp-content\/uploads\/2021\/11\/k7170035-1-20210819014754-1.jpg","type":"image\/jpeg"}],"twitter_card":"summary_large_image","twitter_site":"@chemi3inc","schema":{"@context":"https:\/\/schema.org","@graph":[{"@type":["WebPage","ItemPage"],"@id":"https:\/\/chemi-3.com\/fr\/product\/8oz-compostable-paper-soup-cup\/","url":"https:\/\/chemi-3.com\/fr\/product\/8oz-compostable-paper-soup-cup\/","name":"8oz compostable paper soup cup &#8211; Chemi-3 Inc.","isPartOf":{"@id":"https:\/\/chemi-3.com\/fr\/#website"},"primaryImageOfPage":{"@id":"https:\/\/chemi-3.com\/fr\/product\/8oz-compostable-paper-soup-cup\/#primaryimage"},"image":{"@id":"https:\/\/chemi-3.com\/fr\/product\/8oz-compostable-paper-soup-cup\/#primaryimage"},"thumbnailUrl":"https:\/\/chemi-3.com\/wp-content\/uploads\/2021\/11\/k7170035-1-20210819014754-1.jpg","datePublished":"2021-11-05T17:16:05+00:00","dateModified":"2021-11-05T17:16:14+00:00","breadcrumb":{"@id":"https:\/\/chemi-3.com\/fr\/product\/8oz-compostable-paper-soup-cup\/#breadcrumb"},"inLanguage":"fr-CA","potentialAction":[{"@type":"ReadAction","target":["https:\/\/chemi-3.com\/fr\/product\/8oz-compostable-paper-soup-cup\/"]}]},{"@type":"ImageObject","inLanguage":"fr-CA","@id":"https:\/\/chemi-3.com\/fr\/product\/8oz-compostable-paper-soup-cup\/#primaryimage","url":"https:\/\/chemi-3.com\/wp-content\/uploads\/2021\/11\/k7170035-1-20210819014754-1.jpg","contentUrl":"https:\/\/chemi-3.com\/wp-content\/uploads\/2021\/11\/k7170035-1-20210819014754-1.jpg","width":800,"height":800},{"@type":"BreadcrumbList","@id":"https:\/\/chemi-3.com\/fr\/product\/8oz-compostable-paper-soup-cup\/#breadcrumb","itemListElement":[{"@type":"ListItem","position":1,"name":"Home","item":"https:\/\/chemi-3.com\/fr\/"},{"@type":"ListItem","position":2,"name":"Produits","item":"https:\/\/chemi-3.com\/fr\/shop\/"},{"@type":"ListItem","position":3,"name":"8oz compostable paper soup cup"}]},{"@type":"WebSite","@id":"https:\/\/chemi-3.com\/fr\/#website","url":"https:\/\/chemi-3.com\/fr\/","name":"Chemi-3 Inc.","description":"Montreal&#039;s premier distributor of janitorial, sanitary and commercial products.","publisher":{"@id":"https:\/\/chemi-3.com\/fr\/#organization"},"potentialAction":[{"@type":"SearchAction","target":{"@type":"EntryPoint","urlTemplate":"https:\/\/chemi-3.com\/fr\/?s={search_term_string}"},"query-input":{"@type":"PropertyValueSpecification","valueRequired":true,"valueName":"search_term_string"}}],"inLanguage":"fr-CA"},{"@type":"Organization","@id":"https:\/\/chemi-3.com\/fr\/#organization","name":"Chemi-3 Industries Inc.","url":"https:\/\/chemi-3.com\/fr\/","logo":{"@type":"ImageObject","inLanguage":"fr-CA","@id":"https:\/\/chemi-3.com\/fr\/#\/schema\/logo\/image\/","url":"http:\/\/chemi-3.com\/wp-content\/uploads\/2021\/09\/Chemi3_logo_transparent_highres.png","contentUrl":"http:\/\/chemi-3.com\/wp-content\/uploads\/2021\/09\/Chemi3_logo_transparent_highres.png","width":1000,"height":387,"caption":"Chemi-3 Industries Inc."},"image":{"@id":"https:\/\/chemi-3.com\/fr\/#\/schema\/logo\/image\/"},"sameAs":["https:\/\/www.facebook.com\/chemi3inc\/","https:\/\/x.com\/chemi3inc","https:\/\/www.instagram.com\/chemi3inc\/","https:\/\/www.linkedin.com\/company\/chemi3inc"]}]}},"_links":{"self":[{"href":"https:\/\/chemi-3.com\/fr\/wp-json\/wp\/v2\/product\/28956","targetHints":{"allow":["GET"]}}],"collection":[{"href":"https:\/\/chemi-3.com\/fr\/wp-json\/wp\/v2\/product"}],"about":[{"href":"https:\/\/chemi-3.com\/fr\/wp-json\/wp\/v2\/types\/product"}],"replies":[{"embeddable":true,"href":"https:\/\/chemi-3.com\/fr\/wp-json\/wp\/v2\/comments?post=28956"}],"wp:featuredmedia":[{"embeddable":true,"href":"https:\/\/chemi-3.com\/fr\/wp-json\/wp\/v2\/media\/25838"}],"wp:attachment":[{"href":"https:\/\/chemi-3.com\/fr\/wp-json\/wp\/v2\/media?parent=28956"}],"wp:term":[{"taxonomy":"product_brand","embeddable":true,"href":"https:\/\/chemi-3.com\/fr\/wp-json\/wp\/v2\/product_brand?post=28956"},{"taxonomy":"product_cat","embeddable":true,"href":"https:\/\/chemi-3.com\/fr\/wp-json\/wp\/v2\/product_cat?post=28956"},{"taxonomy":"product_tag","embeddable":true,"href":"https:\/\/chemi-3.com\/fr\/wp-json\/wp\/v2\/product_tag?post=28956"}],"curies":[{"name":"wp","href":"https:\/\/api.w.org\/{rel}","templated":true}]}}