{"id":28968,"date":"2021-11-05T13:16:05","date_gmt":"2021-11-05T17:16:05","guid":{"rendered":"https:\/\/chemi-3.com\/product\/contenant-a-soupe-en-mousse-genpak-12c-12-oz\/"},"modified":"2021-11-05T13:16:19","modified_gmt":"2021-11-05T17:16:19","slug":"contenant-a-soupe-en-mousse-genpak-12c-12-oz","status":"publish","type":"product","link":"https:\/\/chemi-3.com\/fr\/product\/contenant-a-soupe-en-mousse-genpak-12c-12-oz\/","title":{"rendered":"Contenant \u00e0 soupe en mousse genpak &#8211; 12c &#8211; 12 oz"},"content":{"rendered":"<body><p>Si vous voulez que votre soupe reste chaude ou que votre cr\u00e8me glac\u00e9e reste froide, utilisez un contenant en mousse Genpak 12C pour soupe et aliments. Lorsqu\u2019il s\u2019agit de l\u2019industrie de la restauration, rien ne se compare \u00e0 la commodit\u00e9, \u00e0 la durabilit\u00e9 et \u00e0 la rentabilit\u00e9 des produits en mousse. Que vous pr\u00e9f\u00e9riez vos aliments chauds ou froids, le contenant \u00e0 soupe en mousse Genpak 12C de 12oz offre la solution parfaite. Il conserve et maintient la temp\u00e9rature de vos aliments plus longtemps que la moyenne. Vendu en caisses de 500. Con\u00e7u pour une s\u00e9paration facile avec une l\u00e8vre profil\u00e9e pour un meilleur ajustement du couvercle. Les couvercles sont disponibles en mousse plate, en plastique plat et en plastique bomb\u00e9.<br>\nUnit\u00e9 de mesure : 20\/25<\/p>\n<\/body>","protected":false},"excerpt":{"rendered":"<p>Si vous voulez que votre soupe reste chaude ou que votre cr\u00e8me glac\u00e9e reste froide, utilisez un contenant en mousse Genpak 12C pour soupe et aliments. Lorsqu\u2019il s\u2019agit de l\u2019industrie de la restauration, rien ne se compare \u00e0 la commodit\u00e9, \u00e0 la durabilit\u00e9 et \u00e0 la rentabilit\u00e9 des produits en mousse. Que vous pr\u00e9f\u00e9riez vos [&hellip;]<\/p>\n","protected":false},"featured_media":25851,"comment_status":"closed","ping_status":"open","template":"","meta":{"_et_pb_use_builder":"","_et_pb_old_content":"","_et_gb_content_width":""},"product_brand":[],"product_cat":[12733],"product_tag":[13724,14020,13622],"class_list":{"0":"post-28968","1":"product","2":"type-product","3":"status-publish","4":"has-post-thumbnail","6":"product_cat-contenants-pour-aliments-et-couvercles-en-mousse","7":"product_tag-contenants-pour-aliments-et-couvercles","8":"product_tag-contenants-pour-aliments-et-couvercles-en-mousse","9":"product_tag-emballage-alimentaire","10":"pa_country-of-origin-united-states","11":"pa_environmental-status-recyclable-fr","12":"pa_is-hazardous-material-non","13":"pa_product-colour-blanc","14":"pa_product-material-eps-expanded-polystyrene-foam-2","15":"pa_product-shape-rond","17":"first","18":"instock","19":"taxable","20":"shipping-taxable","21":"purchasable","22":"product-type-simple"},"yoast_head":"<!-- This site is optimized with the Yoast SEO plugin v27.4 - https:\/\/yoast.com\/product\/yoast-seo-wordpress\/ -->\n<title>Contenant \u00e0 soupe en mousse genpak - 12c - 12 oz &#8211; Chemi-3 Inc.<\/title>\n<meta name=\"robots\" content=\"index, follow, max-snippet:-1, max-image-preview:large, max-video-preview:-1\" \/>\n<link rel=\"canonical\" href=\"https:\/\/chemi-3.com\/fr\/product\/contenant-a-soupe-en-mousse-genpak-12c-12-oz\/\" \/>\n<meta property=\"og:locale\" content=\"fr_CA\" \/>\n<meta property=\"og:type\" content=\"article\" \/>\n<meta property=\"og:title\" content=\"Contenant \u00e0 soupe en mousse genpak - 12c - 12 oz &#8211; Chemi-3 Inc.\" \/>\n<meta property=\"og:description\" content=\"Si vous voulez que votre soupe reste chaude ou que votre cr\u00e8me glac\u00e9e reste froide, utilisez un contenant en mousse Genpak 12C pour soupe et aliments. Lorsqu\u2019il s\u2019agit de l\u2019industrie de la restauration, rien ne se compare \u00e0 la commodit\u00e9, \u00e0 la durabilit\u00e9 et \u00e0 la rentabilit\u00e9 des produits en mousse. Que vous pr\u00e9f\u00e9riez vos [&hellip;]\" \/>\n<meta property=\"og:url\" content=\"https:\/\/chemi-3.com\/fr\/product\/contenant-a-soupe-en-mousse-genpak-12c-12-oz\/\" \/>\n<meta property=\"og:site_name\" content=\"Chemi-3 Inc.\" \/>\n<meta property=\"article:publisher\" content=\"https:\/\/www.facebook.com\/chemi3inc\/\" \/>\n<meta property=\"article:modified_time\" content=\"2021-11-05T17:16:19+00:00\" \/>\n<meta property=\"og:image\" content=\"https:\/\/chemi-3.com\/wp-content\/uploads\/2021\/11\/34789227-20210421011345-1.jpg\" \/>\n\t<meta property=\"og:image:width\" content=\"300\" \/>\n\t<meta property=\"og:image:height\" content=\"231\" \/>\n\t<meta property=\"og:image:type\" content=\"image\/jpeg\" \/>\n<meta name=\"twitter:card\" content=\"summary_large_image\" \/>\n<meta name=\"twitter:site\" content=\"@chemi3inc\" \/>\n<meta name=\"twitter:label1\" content=\"Estimation du temps de lecture\" \/>\n\t<meta name=\"twitter:data1\" content=\"1 minute\" \/>\n<script type=\"application\/ld+json\" class=\"yoast-schema-graph\">{\"@context\":\"https:\\\/\\\/schema.org\",\"@graph\":[{\"@type\":[\"WebPage\",\"ItemPage\"],\"@id\":\"https:\\\/\\\/chemi-3.com\\\/fr\\\/product\\\/contenant-a-soupe-en-mousse-genpak-12c-12-oz\\\/\",\"url\":\"https:\\\/\\\/chemi-3.com\\\/fr\\\/product\\\/contenant-a-soupe-en-mousse-genpak-12c-12-oz\\\/\",\"name\":\"Contenant \u00e0 soupe en mousse genpak - 12c - 12 oz &#8211; Chemi-3 Inc.\",\"isPartOf\":{\"@id\":\"https:\\\/\\\/chemi-3.com\\\/fr\\\/#website\"},\"primaryImageOfPage\":{\"@id\":\"https:\\\/\\\/chemi-3.com\\\/fr\\\/product\\\/contenant-a-soupe-en-mousse-genpak-12c-12-oz\\\/#primaryimage\"},\"image\":{\"@id\":\"https:\\\/\\\/chemi-3.com\\\/fr\\\/product\\\/contenant-a-soupe-en-mousse-genpak-12c-12-oz\\\/#primaryimage\"},\"thumbnailUrl\":\"https:\\\/\\\/chemi-3.com\\\/wp-content\\\/uploads\\\/2021\\\/11\\\/34789227-20210421011345-1.jpg\",\"datePublished\":\"2021-11-05T17:16:05+00:00\",\"dateModified\":\"2021-11-05T17:16:19+00:00\",\"breadcrumb\":{\"@id\":\"https:\\\/\\\/chemi-3.com\\\/fr\\\/product\\\/contenant-a-soupe-en-mousse-genpak-12c-12-oz\\\/#breadcrumb\"},\"inLanguage\":\"fr-CA\",\"potentialAction\":[{\"@type\":\"ReadAction\",\"target\":[\"https:\\\/\\\/chemi-3.com\\\/fr\\\/product\\\/contenant-a-soupe-en-mousse-genpak-12c-12-oz\\\/\"]}]},{\"@type\":\"ImageObject\",\"inLanguage\":\"fr-CA\",\"@id\":\"https:\\\/\\\/chemi-3.com\\\/fr\\\/product\\\/contenant-a-soupe-en-mousse-genpak-12c-12-oz\\\/#primaryimage\",\"url\":\"https:\\\/\\\/chemi-3.com\\\/wp-content\\\/uploads\\\/2021\\\/11\\\/34789227-20210421011345-1.jpg\",\"contentUrl\":\"https:\\\/\\\/chemi-3.com\\\/wp-content\\\/uploads\\\/2021\\\/11\\\/34789227-20210421011345-1.jpg\",\"width\":300,\"height\":231,\"caption\":\"12 Oz. Foam Container\"},{\"@type\":\"BreadcrumbList\",\"@id\":\"https:\\\/\\\/chemi-3.com\\\/fr\\\/product\\\/contenant-a-soupe-en-mousse-genpak-12c-12-oz\\\/#breadcrumb\",\"itemListElement\":[{\"@type\":\"ListItem\",\"position\":1,\"name\":\"Home\",\"item\":\"https:\\\/\\\/chemi-3.com\\\/fr\\\/\"},{\"@type\":\"ListItem\",\"position\":2,\"name\":\"Produits\",\"item\":\"https:\\\/\\\/chemi-3.com\\\/fr\\\/shop\\\/\"},{\"@type\":\"ListItem\",\"position\":3,\"name\":\"Contenant \u00e0 soupe en mousse genpak &#8211; 12c &#8211; 12 oz\"}]},{\"@type\":\"WebSite\",\"@id\":\"https:\\\/\\\/chemi-3.com\\\/fr\\\/#website\",\"url\":\"https:\\\/\\\/chemi-3.com\\\/fr\\\/\",\"name\":\"Chemi-3 Inc.\",\"description\":\"Montreal&#039;s premier distributor of janitorial, sanitary and commercial products.\",\"publisher\":{\"@id\":\"https:\\\/\\\/chemi-3.com\\\/fr\\\/#organization\"},\"potentialAction\":[{\"@type\":\"SearchAction\",\"target\":{\"@type\":\"EntryPoint\",\"urlTemplate\":\"https:\\\/\\\/chemi-3.com\\\/fr\\\/?s={search_term_string}\"},\"query-input\":{\"@type\":\"PropertyValueSpecification\",\"valueRequired\":true,\"valueName\":\"search_term_string\"}}],\"inLanguage\":\"fr-CA\"},{\"@type\":\"Organization\",\"@id\":\"https:\\\/\\\/chemi-3.com\\\/fr\\\/#organization\",\"name\":\"Chemi-3 Industries Inc.\",\"url\":\"https:\\\/\\\/chemi-3.com\\\/fr\\\/\",\"logo\":{\"@type\":\"ImageObject\",\"inLanguage\":\"fr-CA\",\"@id\":\"https:\\\/\\\/chemi-3.com\\\/fr\\\/#\\\/schema\\\/logo\\\/image\\\/\",\"url\":\"http:\\\/\\\/chemi-3.com\\\/wp-content\\\/uploads\\\/2021\\\/09\\\/Chemi3_logo_transparent_highres.png\",\"contentUrl\":\"http:\\\/\\\/chemi-3.com\\\/wp-content\\\/uploads\\\/2021\\\/09\\\/Chemi3_logo_transparent_highres.png\",\"width\":1000,\"height\":387,\"caption\":\"Chemi-3 Industries Inc.\"},\"image\":{\"@id\":\"https:\\\/\\\/chemi-3.com\\\/fr\\\/#\\\/schema\\\/logo\\\/image\\\/\"},\"sameAs\":[\"https:\\\/\\\/www.facebook.com\\\/chemi3inc\\\/\",\"https:\\\/\\\/x.com\\\/chemi3inc\",\"https:\\\/\\\/www.instagram.com\\\/chemi3inc\\\/\",\"https:\\\/\\\/www.linkedin.com\\\/company\\\/chemi3inc\"]}]}<\/script>\n<!-- \/ Yoast SEO plugin. -->","yoast_head_json":{"title":"Contenant \u00e0 soupe en mousse genpak - 12c - 12 oz &#8211; Chemi-3 Inc.","robots":{"index":"index","follow":"follow","max-snippet":"max-snippet:-1","max-image-preview":"max-image-preview:large","max-video-preview":"max-video-preview:-1"},"canonical":"https:\/\/chemi-3.com\/fr\/product\/contenant-a-soupe-en-mousse-genpak-12c-12-oz\/","og_locale":"fr_CA","og_type":"article","og_title":"Contenant \u00e0 soupe en mousse genpak - 12c - 12 oz &#8211; Chemi-3 Inc.","og_description":"Si vous voulez que votre soupe reste chaude ou que votre cr\u00e8me glac\u00e9e reste froide, utilisez un contenant en mousse Genpak 12C pour soupe et aliments. Lorsqu\u2019il s\u2019agit de l\u2019industrie de la restauration, rien ne se compare \u00e0 la commodit\u00e9, \u00e0 la durabilit\u00e9 et \u00e0 la rentabilit\u00e9 des produits en mousse. Que vous pr\u00e9f\u00e9riez vos [&hellip;]","og_url":"https:\/\/chemi-3.com\/fr\/product\/contenant-a-soupe-en-mousse-genpak-12c-12-oz\/","og_site_name":"Chemi-3 Inc.","article_publisher":"https:\/\/www.facebook.com\/chemi3inc\/","article_modified_time":"2021-11-05T17:16:19+00:00","og_image":[{"width":300,"height":231,"url":"https:\/\/chemi-3.com\/wp-content\/uploads\/2021\/11\/34789227-20210421011345-1.jpg","type":"image\/jpeg"}],"twitter_card":"summary_large_image","twitter_site":"@chemi3inc","twitter_misc":{"Estimation du temps de lecture":"1 minute"},"schema":{"@context":"https:\/\/schema.org","@graph":[{"@type":["WebPage","ItemPage"],"@id":"https:\/\/chemi-3.com\/fr\/product\/contenant-a-soupe-en-mousse-genpak-12c-12-oz\/","url":"https:\/\/chemi-3.com\/fr\/product\/contenant-a-soupe-en-mousse-genpak-12c-12-oz\/","name":"Contenant \u00e0 soupe en mousse genpak - 12c - 12 oz &#8211; Chemi-3 Inc.","isPartOf":{"@id":"https:\/\/chemi-3.com\/fr\/#website"},"primaryImageOfPage":{"@id":"https:\/\/chemi-3.com\/fr\/product\/contenant-a-soupe-en-mousse-genpak-12c-12-oz\/#primaryimage"},"image":{"@id":"https:\/\/chemi-3.com\/fr\/product\/contenant-a-soupe-en-mousse-genpak-12c-12-oz\/#primaryimage"},"thumbnailUrl":"https:\/\/chemi-3.com\/wp-content\/uploads\/2021\/11\/34789227-20210421011345-1.jpg","datePublished":"2021-11-05T17:16:05+00:00","dateModified":"2021-11-05T17:16:19+00:00","breadcrumb":{"@id":"https:\/\/chemi-3.com\/fr\/product\/contenant-a-soupe-en-mousse-genpak-12c-12-oz\/#breadcrumb"},"inLanguage":"fr-CA","potentialAction":[{"@type":"ReadAction","target":["https:\/\/chemi-3.com\/fr\/product\/contenant-a-soupe-en-mousse-genpak-12c-12-oz\/"]}]},{"@type":"ImageObject","inLanguage":"fr-CA","@id":"https:\/\/chemi-3.com\/fr\/product\/contenant-a-soupe-en-mousse-genpak-12c-12-oz\/#primaryimage","url":"https:\/\/chemi-3.com\/wp-content\/uploads\/2021\/11\/34789227-20210421011345-1.jpg","contentUrl":"https:\/\/chemi-3.com\/wp-content\/uploads\/2021\/11\/34789227-20210421011345-1.jpg","width":300,"height":231,"caption":"12 Oz. Foam Container"},{"@type":"BreadcrumbList","@id":"https:\/\/chemi-3.com\/fr\/product\/contenant-a-soupe-en-mousse-genpak-12c-12-oz\/#breadcrumb","itemListElement":[{"@type":"ListItem","position":1,"name":"Home","item":"https:\/\/chemi-3.com\/fr\/"},{"@type":"ListItem","position":2,"name":"Produits","item":"https:\/\/chemi-3.com\/fr\/shop\/"},{"@type":"ListItem","position":3,"name":"Contenant \u00e0 soupe en mousse genpak &#8211; 12c &#8211; 12 oz"}]},{"@type":"WebSite","@id":"https:\/\/chemi-3.com\/fr\/#website","url":"https:\/\/chemi-3.com\/fr\/","name":"Chemi-3 Inc.","description":"Montreal&#039;s premier distributor of janitorial, sanitary and commercial products.","publisher":{"@id":"https:\/\/chemi-3.com\/fr\/#organization"},"potentialAction":[{"@type":"SearchAction","target":{"@type":"EntryPoint","urlTemplate":"https:\/\/chemi-3.com\/fr\/?s={search_term_string}"},"query-input":{"@type":"PropertyValueSpecification","valueRequired":true,"valueName":"search_term_string"}}],"inLanguage":"fr-CA"},{"@type":"Organization","@id":"https:\/\/chemi-3.com\/fr\/#organization","name":"Chemi-3 Industries Inc.","url":"https:\/\/chemi-3.com\/fr\/","logo":{"@type":"ImageObject","inLanguage":"fr-CA","@id":"https:\/\/chemi-3.com\/fr\/#\/schema\/logo\/image\/","url":"http:\/\/chemi-3.com\/wp-content\/uploads\/2021\/09\/Chemi3_logo_transparent_highres.png","contentUrl":"http:\/\/chemi-3.com\/wp-content\/uploads\/2021\/09\/Chemi3_logo_transparent_highres.png","width":1000,"height":387,"caption":"Chemi-3 Industries Inc."},"image":{"@id":"https:\/\/chemi-3.com\/fr\/#\/schema\/logo\/image\/"},"sameAs":["https:\/\/www.facebook.com\/chemi3inc\/","https:\/\/x.com\/chemi3inc","https:\/\/www.instagram.com\/chemi3inc\/","https:\/\/www.linkedin.com\/company\/chemi3inc"]}]}},"_links":{"self":[{"href":"https:\/\/chemi-3.com\/fr\/wp-json\/wp\/v2\/product\/28968","targetHints":{"allow":["GET"]}}],"collection":[{"href":"https:\/\/chemi-3.com\/fr\/wp-json\/wp\/v2\/product"}],"about":[{"href":"https:\/\/chemi-3.com\/fr\/wp-json\/wp\/v2\/types\/product"}],"replies":[{"embeddable":true,"href":"https:\/\/chemi-3.com\/fr\/wp-json\/wp\/v2\/comments?post=28968"}],"wp:featuredmedia":[{"embeddable":true,"href":"https:\/\/chemi-3.com\/fr\/wp-json\/wp\/v2\/media\/25851"}],"wp:attachment":[{"href":"https:\/\/chemi-3.com\/fr\/wp-json\/wp\/v2\/media?parent=28968"}],"wp:term":[{"taxonomy":"product_brand","embeddable":true,"href":"https:\/\/chemi-3.com\/fr\/wp-json\/wp\/v2\/product_brand?post=28968"},{"taxonomy":"product_cat","embeddable":true,"href":"https:\/\/chemi-3.com\/fr\/wp-json\/wp\/v2\/product_cat?post=28968"},{"taxonomy":"product_tag","embeddable":true,"href":"https:\/\/chemi-3.com\/fr\/wp-json\/wp\/v2\/product_tag?post=28968"}],"curies":[{"name":"wp","href":"https:\/\/api.w.org\/{rel}","templated":true}]}}