{"id":28996,"date":"2021-11-05T13:16:29","date_gmt":"2021-11-05T17:16:29","guid":{"rendered":"https:\/\/chemi-3.com\/product\/sacs-en-rouleaux-pour-fruits-et-legumes\/"},"modified":"2021-11-05T13:16:39","modified_gmt":"2021-11-05T17:16:39","slug":"sacs-en-rouleaux-pour-fruits-et-legumes","status":"publish","type":"product","link":"https:\/\/chemi-3.com\/fr\/product\/sacs-en-rouleaux-pour-fruits-et-legumes\/","title":{"rendered":"Sacs en rouleaux pour fruits et l\u00e9gumes"},"content":{"rendered":"<body><p>CES SACS EN ROULEAUX POUR FRUITS ET L\u00c9GUMES SONT FABRIQU\u00c9S \u00c0 PARTIR DE POLY\u00c9THYL\u00c8NE BASSE DENSIT\u00c9 LIN\u00c9AIRE PUR ET TRANSPARENT. ILS SONT SI R\u00c9SISTANTS QU\u2019ILS PEUVENT CONTENIR UNE CHARGE POUVANT ALLER JUSQU\u2019\u00c0 10 LB<br>\nUnit\u00e9 de mesure : 2\/PK\/2000<\/p>\n<\/body>","protected":false},"excerpt":{"rendered":"<p>CES SACS EN ROULEAUX POUR FRUITS ET L\u00c9GUMES SONT FABRIQU\u00c9S \u00c0 PARTIR DE POLY\u00c9THYL\u00c8NE BASSE DENSIT\u00c9 LIN\u00c9AIRE PUR ET TRANSPARENT. ILS SONT SI R\u00c9SISTANTS QU\u2019ILS PEUVENT CONTENIR UNE CHARGE POUVANT ALLER JUSQU\u2019\u00c0 10 LB Unit\u00e9 de mesure : 2\/PK\/2000<\/p>\n","protected":false},"featured_media":25890,"comment_status":"closed","ping_status":"open","template":"","meta":{"_et_pb_use_builder":"","_et_pb_old_content":"","_et_gb_content_width":""},"product_brand":[],"product_cat":[12723],"product_tag":[14030,13621,13730],"class_list":{"0":"post-28996","1":"product","2":"type-product","3":"status-publish","4":"has-post-thumbnail","6":"product_cat-sacs-a-fruits-et-legumes","7":"product_tag-sacs-a-fruits-et-legumes","8":"product_tag-sacs-et-emballages-alimentaires","9":"product_tag-sacs-pour-aliments","10":"pa_country-of-origin-canada-fr","11":"pa_environmental-status-recyclable-fr","12":"pa_is-hazardous-material-non","13":"pa_product-colour-clair","14":"pa_product-material-ldpe-low-density-polyethylene","16":"first","17":"instock","18":"taxable","19":"shipping-taxable","20":"purchasable","21":"product-type-simple"},"yoast_head":"<!-- This site is optimized with the Yoast SEO plugin v27.5 - https:\/\/yoast.com\/product\/yoast-seo-wordpress\/ -->\n<title>Sacs en rouleaux pour fruits et l\u00e9gumes &#8211; Chemi-3 Inc.<\/title>\n<meta name=\"robots\" content=\"index, follow, max-snippet:-1, max-image-preview:large, max-video-preview:-1\" \/>\n<link rel=\"canonical\" href=\"https:\/\/chemi-3.com\/fr\/product\/sacs-en-rouleaux-pour-fruits-et-legumes\/\" \/>\n<meta property=\"og:locale\" content=\"fr_CA\" \/>\n<meta property=\"og:type\" content=\"article\" \/>\n<meta property=\"og:title\" content=\"Sacs en rouleaux pour fruits et l\u00e9gumes &#8211; Chemi-3 Inc.\" \/>\n<meta property=\"og:description\" content=\"CES SACS EN ROULEAUX POUR FRUITS ET L\u00c9GUMES SONT FABRIQU\u00c9S \u00c0 PARTIR DE POLY\u00c9THYL\u00c8NE BASSE DENSIT\u00c9 LIN\u00c9AIRE PUR ET TRANSPARENT. ILS SONT SI R\u00c9SISTANTS QU\u2019ILS PEUVENT CONTENIR UNE CHARGE POUVANT ALLER JUSQU\u2019\u00c0 10 LB Unit\u00e9 de mesure : 2\/PK\/2000\" \/>\n<meta property=\"og:url\" content=\"https:\/\/chemi-3.com\/fr\/product\/sacs-en-rouleaux-pour-fruits-et-legumes\/\" \/>\n<meta property=\"og:site_name\" content=\"Chemi-3 Inc.\" \/>\n<meta property=\"article:publisher\" content=\"https:\/\/www.facebook.com\/chemi3inc\/\" \/>\n<meta property=\"article:modified_time\" content=\"2021-11-05T17:16:39+00:00\" \/>\n<meta property=\"og:image\" content=\"https:\/\/chemi-3.com\/wp-content\/uploads\/2021\/11\/j2260001-1.jpg\" \/>\n\t<meta property=\"og:image:width\" content=\"425\" \/>\n\t<meta property=\"og:image:height\" content=\"425\" \/>\n\t<meta property=\"og:image:type\" content=\"image\/jpeg\" \/>\n<meta name=\"twitter:card\" content=\"summary_large_image\" \/>\n<meta name=\"twitter:site\" content=\"@chemi3inc\" \/>\n<script type=\"application\/ld+json\" class=\"yoast-schema-graph\">{\"@context\":\"https:\\\/\\\/schema.org\",\"@graph\":[{\"@type\":[\"WebPage\",\"ItemPage\"],\"@id\":\"https:\\\/\\\/chemi-3.com\\\/fr\\\/product\\\/sacs-en-rouleaux-pour-fruits-et-legumes\\\/\",\"url\":\"https:\\\/\\\/chemi-3.com\\\/fr\\\/product\\\/sacs-en-rouleaux-pour-fruits-et-legumes\\\/\",\"name\":\"Sacs en rouleaux pour fruits et l\u00e9gumes &#8211; Chemi-3 Inc.\",\"isPartOf\":{\"@id\":\"https:\\\/\\\/chemi-3.com\\\/fr\\\/#website\"},\"primaryImageOfPage\":{\"@id\":\"https:\\\/\\\/chemi-3.com\\\/fr\\\/product\\\/sacs-en-rouleaux-pour-fruits-et-legumes\\\/#primaryimage\"},\"image\":{\"@id\":\"https:\\\/\\\/chemi-3.com\\\/fr\\\/product\\\/sacs-en-rouleaux-pour-fruits-et-legumes\\\/#primaryimage\"},\"thumbnailUrl\":\"https:\\\/\\\/chemi-3.com\\\/wp-content\\\/uploads\\\/2021\\\/11\\\/j2260001-1.jpg\",\"datePublished\":\"2021-11-05T17:16:29+00:00\",\"dateModified\":\"2021-11-05T17:16:39+00:00\",\"breadcrumb\":{\"@id\":\"https:\\\/\\\/chemi-3.com\\\/fr\\\/product\\\/sacs-en-rouleaux-pour-fruits-et-legumes\\\/#breadcrumb\"},\"inLanguage\":\"fr-CA\",\"potentialAction\":[{\"@type\":\"ReadAction\",\"target\":[\"https:\\\/\\\/chemi-3.com\\\/fr\\\/product\\\/sacs-en-rouleaux-pour-fruits-et-legumes\\\/\"]}]},{\"@type\":\"ImageObject\",\"inLanguage\":\"fr-CA\",\"@id\":\"https:\\\/\\\/chemi-3.com\\\/fr\\\/product\\\/sacs-en-rouleaux-pour-fruits-et-legumes\\\/#primaryimage\",\"url\":\"https:\\\/\\\/chemi-3.com\\\/wp-content\\\/uploads\\\/2021\\\/11\\\/j2260001-1.jpg\",\"contentUrl\":\"https:\\\/\\\/chemi-3.com\\\/wp-content\\\/uploads\\\/2021\\\/11\\\/j2260001-1.jpg\",\"width\":425,\"height\":425,\"caption\":\"Fruite\\\/Veggi Rolls\"},{\"@type\":\"BreadcrumbList\",\"@id\":\"https:\\\/\\\/chemi-3.com\\\/fr\\\/product\\\/sacs-en-rouleaux-pour-fruits-et-legumes\\\/#breadcrumb\",\"itemListElement\":[{\"@type\":\"ListItem\",\"position\":1,\"name\":\"Home\",\"item\":\"https:\\\/\\\/chemi-3.com\\\/fr\\\/\"},{\"@type\":\"ListItem\",\"position\":2,\"name\":\"Produits\",\"item\":\"https:\\\/\\\/chemi-3.com\\\/fr\\\/shop\\\/\"},{\"@type\":\"ListItem\",\"position\":3,\"name\":\"Sacs en rouleaux pour fruits et l\u00e9gumes\"}]},{\"@type\":\"WebSite\",\"@id\":\"https:\\\/\\\/chemi-3.com\\\/fr\\\/#website\",\"url\":\"https:\\\/\\\/chemi-3.com\\\/fr\\\/\",\"name\":\"Chemi-3 Inc.\",\"description\":\"Montreal&#039;s premier distributor of janitorial, sanitary and commercial products.\",\"publisher\":{\"@id\":\"https:\\\/\\\/chemi-3.com\\\/fr\\\/#organization\"},\"potentialAction\":[{\"@type\":\"SearchAction\",\"target\":{\"@type\":\"EntryPoint\",\"urlTemplate\":\"https:\\\/\\\/chemi-3.com\\\/fr\\\/?s={search_term_string}\"},\"query-input\":{\"@type\":\"PropertyValueSpecification\",\"valueRequired\":true,\"valueName\":\"search_term_string\"}}],\"inLanguage\":\"fr-CA\"},{\"@type\":\"Organization\",\"@id\":\"https:\\\/\\\/chemi-3.com\\\/fr\\\/#organization\",\"name\":\"Chemi-3 Industries Inc.\",\"url\":\"https:\\\/\\\/chemi-3.com\\\/fr\\\/\",\"logo\":{\"@type\":\"ImageObject\",\"inLanguage\":\"fr-CA\",\"@id\":\"https:\\\/\\\/chemi-3.com\\\/fr\\\/#\\\/schema\\\/logo\\\/image\\\/\",\"url\":\"http:\\\/\\\/chemi-3.com\\\/wp-content\\\/uploads\\\/2021\\\/09\\\/Chemi3_logo_transparent_highres.png\",\"contentUrl\":\"http:\\\/\\\/chemi-3.com\\\/wp-content\\\/uploads\\\/2021\\\/09\\\/Chemi3_logo_transparent_highres.png\",\"width\":1000,\"height\":387,\"caption\":\"Chemi-3 Industries Inc.\"},\"image\":{\"@id\":\"https:\\\/\\\/chemi-3.com\\\/fr\\\/#\\\/schema\\\/logo\\\/image\\\/\"},\"sameAs\":[\"https:\\\/\\\/www.facebook.com\\\/chemi3inc\\\/\",\"https:\\\/\\\/x.com\\\/chemi3inc\",\"https:\\\/\\\/www.instagram.com\\\/chemi3inc\\\/\",\"https:\\\/\\\/www.linkedin.com\\\/company\\\/chemi3inc\"]}]}<\/script>\n<!-- \/ Yoast SEO plugin. -->","yoast_head_json":{"title":"Sacs en rouleaux pour fruits et l\u00e9gumes &#8211; Chemi-3 Inc.","robots":{"index":"index","follow":"follow","max-snippet":"max-snippet:-1","max-image-preview":"max-image-preview:large","max-video-preview":"max-video-preview:-1"},"canonical":"https:\/\/chemi-3.com\/fr\/product\/sacs-en-rouleaux-pour-fruits-et-legumes\/","og_locale":"fr_CA","og_type":"article","og_title":"Sacs en rouleaux pour fruits et l\u00e9gumes &#8211; Chemi-3 Inc.","og_description":"CES SACS EN ROULEAUX POUR FRUITS ET L\u00c9GUMES SONT FABRIQU\u00c9S \u00c0 PARTIR DE POLY\u00c9THYL\u00c8NE BASSE DENSIT\u00c9 LIN\u00c9AIRE PUR ET TRANSPARENT. ILS SONT SI R\u00c9SISTANTS QU\u2019ILS PEUVENT CONTENIR UNE CHARGE POUVANT ALLER JUSQU\u2019\u00c0 10 LB Unit\u00e9 de mesure : 2\/PK\/2000","og_url":"https:\/\/chemi-3.com\/fr\/product\/sacs-en-rouleaux-pour-fruits-et-legumes\/","og_site_name":"Chemi-3 Inc.","article_publisher":"https:\/\/www.facebook.com\/chemi3inc\/","article_modified_time":"2021-11-05T17:16:39+00:00","og_image":[{"width":425,"height":425,"url":"https:\/\/chemi-3.com\/wp-content\/uploads\/2021\/11\/j2260001-1.jpg","type":"image\/jpeg"}],"twitter_card":"summary_large_image","twitter_site":"@chemi3inc","schema":{"@context":"https:\/\/schema.org","@graph":[{"@type":["WebPage","ItemPage"],"@id":"https:\/\/chemi-3.com\/fr\/product\/sacs-en-rouleaux-pour-fruits-et-legumes\/","url":"https:\/\/chemi-3.com\/fr\/product\/sacs-en-rouleaux-pour-fruits-et-legumes\/","name":"Sacs en rouleaux pour fruits et l\u00e9gumes &#8211; Chemi-3 Inc.","isPartOf":{"@id":"https:\/\/chemi-3.com\/fr\/#website"},"primaryImageOfPage":{"@id":"https:\/\/chemi-3.com\/fr\/product\/sacs-en-rouleaux-pour-fruits-et-legumes\/#primaryimage"},"image":{"@id":"https:\/\/chemi-3.com\/fr\/product\/sacs-en-rouleaux-pour-fruits-et-legumes\/#primaryimage"},"thumbnailUrl":"https:\/\/chemi-3.com\/wp-content\/uploads\/2021\/11\/j2260001-1.jpg","datePublished":"2021-11-05T17:16:29+00:00","dateModified":"2021-11-05T17:16:39+00:00","breadcrumb":{"@id":"https:\/\/chemi-3.com\/fr\/product\/sacs-en-rouleaux-pour-fruits-et-legumes\/#breadcrumb"},"inLanguage":"fr-CA","potentialAction":[{"@type":"ReadAction","target":["https:\/\/chemi-3.com\/fr\/product\/sacs-en-rouleaux-pour-fruits-et-legumes\/"]}]},{"@type":"ImageObject","inLanguage":"fr-CA","@id":"https:\/\/chemi-3.com\/fr\/product\/sacs-en-rouleaux-pour-fruits-et-legumes\/#primaryimage","url":"https:\/\/chemi-3.com\/wp-content\/uploads\/2021\/11\/j2260001-1.jpg","contentUrl":"https:\/\/chemi-3.com\/wp-content\/uploads\/2021\/11\/j2260001-1.jpg","width":425,"height":425,"caption":"Fruite\/Veggi Rolls"},{"@type":"BreadcrumbList","@id":"https:\/\/chemi-3.com\/fr\/product\/sacs-en-rouleaux-pour-fruits-et-legumes\/#breadcrumb","itemListElement":[{"@type":"ListItem","position":1,"name":"Home","item":"https:\/\/chemi-3.com\/fr\/"},{"@type":"ListItem","position":2,"name":"Produits","item":"https:\/\/chemi-3.com\/fr\/shop\/"},{"@type":"ListItem","position":3,"name":"Sacs en rouleaux pour fruits et l\u00e9gumes"}]},{"@type":"WebSite","@id":"https:\/\/chemi-3.com\/fr\/#website","url":"https:\/\/chemi-3.com\/fr\/","name":"Chemi-3 Inc.","description":"Montreal&#039;s premier distributor of janitorial, sanitary and commercial products.","publisher":{"@id":"https:\/\/chemi-3.com\/fr\/#organization"},"potentialAction":[{"@type":"SearchAction","target":{"@type":"EntryPoint","urlTemplate":"https:\/\/chemi-3.com\/fr\/?s={search_term_string}"},"query-input":{"@type":"PropertyValueSpecification","valueRequired":true,"valueName":"search_term_string"}}],"inLanguage":"fr-CA"},{"@type":"Organization","@id":"https:\/\/chemi-3.com\/fr\/#organization","name":"Chemi-3 Industries Inc.","url":"https:\/\/chemi-3.com\/fr\/","logo":{"@type":"ImageObject","inLanguage":"fr-CA","@id":"https:\/\/chemi-3.com\/fr\/#\/schema\/logo\/image\/","url":"http:\/\/chemi-3.com\/wp-content\/uploads\/2021\/09\/Chemi3_logo_transparent_highres.png","contentUrl":"http:\/\/chemi-3.com\/wp-content\/uploads\/2021\/09\/Chemi3_logo_transparent_highres.png","width":1000,"height":387,"caption":"Chemi-3 Industries Inc."},"image":{"@id":"https:\/\/chemi-3.com\/fr\/#\/schema\/logo\/image\/"},"sameAs":["https:\/\/www.facebook.com\/chemi3inc\/","https:\/\/x.com\/chemi3inc","https:\/\/www.instagram.com\/chemi3inc\/","https:\/\/www.linkedin.com\/company\/chemi3inc"]}]}},"_links":{"self":[{"href":"https:\/\/chemi-3.com\/fr\/wp-json\/wp\/v2\/product\/28996","targetHints":{"allow":["GET"]}}],"collection":[{"href":"https:\/\/chemi-3.com\/fr\/wp-json\/wp\/v2\/product"}],"about":[{"href":"https:\/\/chemi-3.com\/fr\/wp-json\/wp\/v2\/types\/product"}],"replies":[{"embeddable":true,"href":"https:\/\/chemi-3.com\/fr\/wp-json\/wp\/v2\/comments?post=28996"}],"wp:featuredmedia":[{"embeddable":true,"href":"https:\/\/chemi-3.com\/fr\/wp-json\/wp\/v2\/media\/25890"}],"wp:attachment":[{"href":"https:\/\/chemi-3.com\/fr\/wp-json\/wp\/v2\/media?parent=28996"}],"wp:term":[{"taxonomy":"product_brand","embeddable":true,"href":"https:\/\/chemi-3.com\/fr\/wp-json\/wp\/v2\/product_brand?post=28996"},{"taxonomy":"product_cat","embeddable":true,"href":"https:\/\/chemi-3.com\/fr\/wp-json\/wp\/v2\/product_cat?post=28996"},{"taxonomy":"product_tag","embeddable":true,"href":"https:\/\/chemi-3.com\/fr\/wp-json\/wp\/v2\/product_tag?post=28996"}],"curies":[{"name":"wp","href":"https:\/\/api.w.org\/{rel}","templated":true}]}}