{"id":30702,"date":"2022-10-13T12:19:07","date_gmt":"2022-10-13T16:20:52","guid":{"rendered":"https:\/\/chemi-3.com\/?post_type=product&#038;p=30702"},"modified":"2022-10-13T12:20:52","modified_gmt":"2022-10-13T16:20:52","slug":"ice-cutter-fondant-a-glace-50lbs","status":"publish","type":"product","link":"https:\/\/chemi-3.com\/fr\/product\/ice-cutter-fondant-a-glace-50lbs\/","title":{"rendered":"Ice Cutter\u2122 Fondant \u00e0 glace 50lbs"},"content":{"rendered":"<body><p>Ice Cutter\u2122 est une combinaison d\u2019ingr\u00e9dients fondants les plus efficaces pour cr\u00e9er la r\u00e9action souhait\u00e9e qui amorce le d\u00e9gla\u00e7age et la fonte. En pr\u00e9 appliquant le Ice Cutter\u2122, il emp\u00eache la neige et la glace d\u2019adh\u00e9rer aux surfaces. Quand le Ice Cutter\u2122 agit, sa formulation \u00e0 retardement demeure sur la surface plus longtemps pour aider \u00e0 contr\u00f4ler le cycle g\u00e8le\/d\u00e9g\u00e8le. Le Ice Cutter\u2122 s\u2019attaque \u00e0 la glace et la neige pour d\u00e9gager la voie \u00e0 la s\u00e9curit\u00e9. Il fournit une protection s\u00e9curitaire sans glissement sur les marches, les trottoirs et les entr\u00e9es.<\/p>\n<\/body>","protected":false},"excerpt":{"rendered":"<p>Ice Cutter\u2122 est une combinaison d\u2019ingr\u00e9dients fondants les plus efficaces pour cr\u00e9er la r\u00e9action souhait\u00e9e qui amorce le d\u00e9gla\u00e7age et la fonte.<\/p>\n","protected":false},"featured_media":30699,"comment_status":"open","ping_status":"closed","template":"","meta":{"_et_pb_use_builder":"","_et_pb_old_content":"","_et_gb_content_width":""},"product_brand":[],"product_cat":[12477,12712],"product_tag":[],"class_list":{"0":"post-30702","1":"product","2":"type-product","3":"status-publish","4":"has-post-thumbnail","6":"product_cat-fondant-a-glace","7":"product_cat-fondant-a-glace-fr","9":"first","10":"instock","11":"taxable","12":"shipping-taxable","13":"product-type-simple"},"yoast_head":"<!-- This site is optimized with the Yoast SEO plugin v27.5 - https:\/\/yoast.com\/product\/yoast-seo-wordpress\/ -->\n<title>Ice Cutter\u2122 Fondant \u00e0 glace 50lbs &#8211; Chemi-3 Inc.<\/title>\n<meta name=\"description\" content=\"Ice Cutter\u2122 est une combinaison d\u2019ingr\u00e9dients fondants les plus efficaces pour cr\u00e9er la r\u00e9action souhait\u00e9e qui amorce le d\u00e9gla\u00e7age et la fonte.\" \/>\n<meta name=\"robots\" content=\"index, follow, max-snippet:-1, max-image-preview:large, max-video-preview:-1\" \/>\n<link rel=\"canonical\" href=\"https:\/\/chemi-3.com\/fr\/product\/ice-cutter-fondant-a-glace-50lbs\/\" \/>\n<meta property=\"og:locale\" content=\"fr_CA\" \/>\n<meta property=\"og:type\" content=\"article\" \/>\n<meta property=\"og:title\" content=\"Ice Cutter\u2122 Fondant \u00e0 glace 50lbs &#8211; Chemi-3 Inc.\" \/>\n<meta property=\"og:description\" content=\"Ice Cutter\u2122 est une combinaison d\u2019ingr\u00e9dients fondants les plus efficaces pour cr\u00e9er la r\u00e9action souhait\u00e9e qui amorce le d\u00e9gla\u00e7age et la fonte.\" \/>\n<meta property=\"og:url\" content=\"https:\/\/chemi-3.com\/fr\/product\/ice-cutter-fondant-a-glace-50lbs\/\" \/>\n<meta property=\"og:site_name\" content=\"Chemi-3 Inc.\" \/>\n<meta property=\"article:publisher\" content=\"https:\/\/www.facebook.com\/chemi3inc\/\" \/>\n<meta property=\"og:image\" content=\"https:\/\/chemi-3.com\/wp-content\/uploads\/2022\/10\/Ice-Cutter-50lb-USA.png\" \/>\n\t<meta property=\"og:image:width\" content=\"380\" \/>\n\t<meta property=\"og:image:height\" content=\"561\" \/>\n\t<meta property=\"og:image:type\" content=\"image\/png\" \/>\n<meta name=\"twitter:card\" content=\"summary_large_image\" \/>\n<meta name=\"twitter:site\" content=\"@chemi3inc\" \/>\n<meta name=\"twitter:label1\" content=\"Estimation du temps de lecture\" \/>\n\t<meta name=\"twitter:data1\" content=\"1 minute\" \/>\n<script type=\"application\/ld+json\" class=\"yoast-schema-graph\">{\"@context\":\"https:\\\/\\\/schema.org\",\"@graph\":[{\"@type\":[\"WebPage\",\"ItemPage\"],\"@id\":\"https:\\\/\\\/chemi-3.com\\\/fr\\\/product\\\/ice-cutter-fondant-a-glace-50lbs\\\/\",\"url\":\"https:\\\/\\\/chemi-3.com\\\/fr\\\/product\\\/ice-cutter-fondant-a-glace-50lbs\\\/\",\"name\":\"Ice Cutter\u2122 Fondant \u00e0 glace 50lbs &#8211; Chemi-3 Inc.\",\"isPartOf\":{\"@id\":\"https:\\\/\\\/chemi-3.com\\\/fr\\\/#website\"},\"primaryImageOfPage\":{\"@id\":\"https:\\\/\\\/chemi-3.com\\\/fr\\\/product\\\/ice-cutter-fondant-a-glace-50lbs\\\/#primaryimage\"},\"image\":{\"@id\":\"https:\\\/\\\/chemi-3.com\\\/fr\\\/product\\\/ice-cutter-fondant-a-glace-50lbs\\\/#primaryimage\"},\"thumbnailUrl\":\"https:\\\/\\\/chemi-3.com\\\/wp-content\\\/uploads\\\/2022\\\/10\\\/Ice-Cutter-50lb-USA.png\",\"datePublished\":\"2022-10-13T16:20:52+00:00\",\"description\":\"Ice Cutter\u2122 est une combinaison d\u2019ingr\u00e9dients fondants les plus efficaces pour cr\u00e9er la r\u00e9action souhait\u00e9e qui amorce le d\u00e9gla\u00e7age et la fonte.\",\"breadcrumb\":{\"@id\":\"https:\\\/\\\/chemi-3.com\\\/fr\\\/product\\\/ice-cutter-fondant-a-glace-50lbs\\\/#breadcrumb\"},\"inLanguage\":\"fr-CA\",\"potentialAction\":[{\"@type\":\"ReadAction\",\"target\":[\"https:\\\/\\\/chemi-3.com\\\/fr\\\/product\\\/ice-cutter-fondant-a-glace-50lbs\\\/\"]}]},{\"@type\":\"ImageObject\",\"inLanguage\":\"fr-CA\",\"@id\":\"https:\\\/\\\/chemi-3.com\\\/fr\\\/product\\\/ice-cutter-fondant-a-glace-50lbs\\\/#primaryimage\",\"url\":\"https:\\\/\\\/chemi-3.com\\\/wp-content\\\/uploads\\\/2022\\\/10\\\/Ice-Cutter-50lb-USA.png\",\"contentUrl\":\"https:\\\/\\\/chemi-3.com\\\/wp-content\\\/uploads\\\/2022\\\/10\\\/Ice-Cutter-50lb-USA.png\",\"width\":380,\"height\":561},{\"@type\":\"BreadcrumbList\",\"@id\":\"https:\\\/\\\/chemi-3.com\\\/fr\\\/product\\\/ice-cutter-fondant-a-glace-50lbs\\\/#breadcrumb\",\"itemListElement\":[{\"@type\":\"ListItem\",\"position\":1,\"name\":\"Home\",\"item\":\"https:\\\/\\\/chemi-3.com\\\/fr\\\/\"},{\"@type\":\"ListItem\",\"position\":2,\"name\":\"Produits\",\"item\":\"https:\\\/\\\/chemi-3.com\\\/fr\\\/shop\\\/\"},{\"@type\":\"ListItem\",\"position\":3,\"name\":\"Ice Cutter\u2122 Fondant \u00e0 glace 50lbs\"}]},{\"@type\":\"WebSite\",\"@id\":\"https:\\\/\\\/chemi-3.com\\\/fr\\\/#website\",\"url\":\"https:\\\/\\\/chemi-3.com\\\/fr\\\/\",\"name\":\"Chemi-3 Inc.\",\"description\":\"Montreal&#039;s premier distributor of janitorial, sanitary and commercial products.\",\"publisher\":{\"@id\":\"https:\\\/\\\/chemi-3.com\\\/fr\\\/#organization\"},\"potentialAction\":[{\"@type\":\"SearchAction\",\"target\":{\"@type\":\"EntryPoint\",\"urlTemplate\":\"https:\\\/\\\/chemi-3.com\\\/fr\\\/?s={search_term_string}\"},\"query-input\":{\"@type\":\"PropertyValueSpecification\",\"valueRequired\":true,\"valueName\":\"search_term_string\"}}],\"inLanguage\":\"fr-CA\"},{\"@type\":\"Organization\",\"@id\":\"https:\\\/\\\/chemi-3.com\\\/fr\\\/#organization\",\"name\":\"Chemi-3 Industries Inc.\",\"url\":\"https:\\\/\\\/chemi-3.com\\\/fr\\\/\",\"logo\":{\"@type\":\"ImageObject\",\"inLanguage\":\"fr-CA\",\"@id\":\"https:\\\/\\\/chemi-3.com\\\/fr\\\/#\\\/schema\\\/logo\\\/image\\\/\",\"url\":\"http:\\\/\\\/chemi-3.com\\\/wp-content\\\/uploads\\\/2021\\\/09\\\/Chemi3_logo_transparent_highres.png\",\"contentUrl\":\"http:\\\/\\\/chemi-3.com\\\/wp-content\\\/uploads\\\/2021\\\/09\\\/Chemi3_logo_transparent_highres.png\",\"width\":1000,\"height\":387,\"caption\":\"Chemi-3 Industries Inc.\"},\"image\":{\"@id\":\"https:\\\/\\\/chemi-3.com\\\/fr\\\/#\\\/schema\\\/logo\\\/image\\\/\"},\"sameAs\":[\"https:\\\/\\\/www.facebook.com\\\/chemi3inc\\\/\",\"https:\\\/\\\/x.com\\\/chemi3inc\",\"https:\\\/\\\/www.instagram.com\\\/chemi3inc\\\/\",\"https:\\\/\\\/www.linkedin.com\\\/company\\\/chemi3inc\"]}]}<\/script>\n<!-- \/ Yoast SEO plugin. -->","yoast_head_json":{"title":"Ice Cutter\u2122 Fondant \u00e0 glace 50lbs &#8211; Chemi-3 Inc.","description":"Ice Cutter\u2122 est une combinaison d\u2019ingr\u00e9dients fondants les plus efficaces pour cr\u00e9er la r\u00e9action souhait\u00e9e qui amorce le d\u00e9gla\u00e7age et la fonte.","robots":{"index":"index","follow":"follow","max-snippet":"max-snippet:-1","max-image-preview":"max-image-preview:large","max-video-preview":"max-video-preview:-1"},"canonical":"https:\/\/chemi-3.com\/fr\/product\/ice-cutter-fondant-a-glace-50lbs\/","og_locale":"fr_CA","og_type":"article","og_title":"Ice Cutter\u2122 Fondant \u00e0 glace 50lbs &#8211; Chemi-3 Inc.","og_description":"Ice Cutter\u2122 est une combinaison d\u2019ingr\u00e9dients fondants les plus efficaces pour cr\u00e9er la r\u00e9action souhait\u00e9e qui amorce le d\u00e9gla\u00e7age et la fonte.","og_url":"https:\/\/chemi-3.com\/fr\/product\/ice-cutter-fondant-a-glace-50lbs\/","og_site_name":"Chemi-3 Inc.","article_publisher":"https:\/\/www.facebook.com\/chemi3inc\/","og_image":[{"width":380,"height":561,"url":"https:\/\/chemi-3.com\/wp-content\/uploads\/2022\/10\/Ice-Cutter-50lb-USA.png","type":"image\/png"}],"twitter_card":"summary_large_image","twitter_site":"@chemi3inc","twitter_misc":{"Estimation du temps de lecture":"1 minute"},"schema":{"@context":"https:\/\/schema.org","@graph":[{"@type":["WebPage","ItemPage"],"@id":"https:\/\/chemi-3.com\/fr\/product\/ice-cutter-fondant-a-glace-50lbs\/","url":"https:\/\/chemi-3.com\/fr\/product\/ice-cutter-fondant-a-glace-50lbs\/","name":"Ice Cutter\u2122 Fondant \u00e0 glace 50lbs &#8211; Chemi-3 Inc.","isPartOf":{"@id":"https:\/\/chemi-3.com\/fr\/#website"},"primaryImageOfPage":{"@id":"https:\/\/chemi-3.com\/fr\/product\/ice-cutter-fondant-a-glace-50lbs\/#primaryimage"},"image":{"@id":"https:\/\/chemi-3.com\/fr\/product\/ice-cutter-fondant-a-glace-50lbs\/#primaryimage"},"thumbnailUrl":"https:\/\/chemi-3.com\/wp-content\/uploads\/2022\/10\/Ice-Cutter-50lb-USA.png","datePublished":"2022-10-13T16:20:52+00:00","description":"Ice Cutter\u2122 est une combinaison d\u2019ingr\u00e9dients fondants les plus efficaces pour cr\u00e9er la r\u00e9action souhait\u00e9e qui amorce le d\u00e9gla\u00e7age et la fonte.","breadcrumb":{"@id":"https:\/\/chemi-3.com\/fr\/product\/ice-cutter-fondant-a-glace-50lbs\/#breadcrumb"},"inLanguage":"fr-CA","potentialAction":[{"@type":"ReadAction","target":["https:\/\/chemi-3.com\/fr\/product\/ice-cutter-fondant-a-glace-50lbs\/"]}]},{"@type":"ImageObject","inLanguage":"fr-CA","@id":"https:\/\/chemi-3.com\/fr\/product\/ice-cutter-fondant-a-glace-50lbs\/#primaryimage","url":"https:\/\/chemi-3.com\/wp-content\/uploads\/2022\/10\/Ice-Cutter-50lb-USA.png","contentUrl":"https:\/\/chemi-3.com\/wp-content\/uploads\/2022\/10\/Ice-Cutter-50lb-USA.png","width":380,"height":561},{"@type":"BreadcrumbList","@id":"https:\/\/chemi-3.com\/fr\/product\/ice-cutter-fondant-a-glace-50lbs\/#breadcrumb","itemListElement":[{"@type":"ListItem","position":1,"name":"Home","item":"https:\/\/chemi-3.com\/fr\/"},{"@type":"ListItem","position":2,"name":"Produits","item":"https:\/\/chemi-3.com\/fr\/shop\/"},{"@type":"ListItem","position":3,"name":"Ice Cutter\u2122 Fondant \u00e0 glace 50lbs"}]},{"@type":"WebSite","@id":"https:\/\/chemi-3.com\/fr\/#website","url":"https:\/\/chemi-3.com\/fr\/","name":"Chemi-3 Inc.","description":"Montreal&#039;s premier distributor of janitorial, sanitary and commercial products.","publisher":{"@id":"https:\/\/chemi-3.com\/fr\/#organization"},"potentialAction":[{"@type":"SearchAction","target":{"@type":"EntryPoint","urlTemplate":"https:\/\/chemi-3.com\/fr\/?s={search_term_string}"},"query-input":{"@type":"PropertyValueSpecification","valueRequired":true,"valueName":"search_term_string"}}],"inLanguage":"fr-CA"},{"@type":"Organization","@id":"https:\/\/chemi-3.com\/fr\/#organization","name":"Chemi-3 Industries Inc.","url":"https:\/\/chemi-3.com\/fr\/","logo":{"@type":"ImageObject","inLanguage":"fr-CA","@id":"https:\/\/chemi-3.com\/fr\/#\/schema\/logo\/image\/","url":"http:\/\/chemi-3.com\/wp-content\/uploads\/2021\/09\/Chemi3_logo_transparent_highres.png","contentUrl":"http:\/\/chemi-3.com\/wp-content\/uploads\/2021\/09\/Chemi3_logo_transparent_highres.png","width":1000,"height":387,"caption":"Chemi-3 Industries Inc."},"image":{"@id":"https:\/\/chemi-3.com\/fr\/#\/schema\/logo\/image\/"},"sameAs":["https:\/\/www.facebook.com\/chemi3inc\/","https:\/\/x.com\/chemi3inc","https:\/\/www.instagram.com\/chemi3inc\/","https:\/\/www.linkedin.com\/company\/chemi3inc"]}]}},"_links":{"self":[{"href":"https:\/\/chemi-3.com\/fr\/wp-json\/wp\/v2\/product\/30702","targetHints":{"allow":["GET"]}}],"collection":[{"href":"https:\/\/chemi-3.com\/fr\/wp-json\/wp\/v2\/product"}],"about":[{"href":"https:\/\/chemi-3.com\/fr\/wp-json\/wp\/v2\/types\/product"}],"replies":[{"embeddable":true,"href":"https:\/\/chemi-3.com\/fr\/wp-json\/wp\/v2\/comments?post=30702"}],"wp:featuredmedia":[{"embeddable":true,"href":"https:\/\/chemi-3.com\/fr\/wp-json\/wp\/v2\/media\/30699"}],"wp:attachment":[{"href":"https:\/\/chemi-3.com\/fr\/wp-json\/wp\/v2\/media?parent=30702"}],"wp:term":[{"taxonomy":"product_brand","embeddable":true,"href":"https:\/\/chemi-3.com\/fr\/wp-json\/wp\/v2\/product_brand?post=30702"},{"taxonomy":"product_cat","embeddable":true,"href":"https:\/\/chemi-3.com\/fr\/wp-json\/wp\/v2\/product_cat?post=30702"},{"taxonomy":"product_tag","embeddable":true,"href":"https:\/\/chemi-3.com\/fr\/wp-json\/wp\/v2\/product_tag?post=30702"}],"curies":[{"name":"wp","href":"https:\/\/api.w.org\/{rel}","templated":true}]}}